{"id":15166,"date":"2025-07-01T10:32:20","date_gmt":"2025-07-01T13:32:20","guid":{"rendered":"https:\/\/www.lojamelhordosul.com.br\/site\/?post_type=product&#038;p=15166"},"modified":"2026-03-13T13:37:03","modified_gmt":"2026-03-13T16:37:03","slug":"cabo-multi-cam-cftv-4px24-awg-300m-mc8caz","status":"publish","type":"product","link":"https:\/\/www.lojamelhordosul.com.br\/site\/produto\/cabo-multi-cam-cftv-4px24-awg-300m-mc8caz\/","title":{"rendered":"Cabo Multi CAM CFTV 4PX24 AWG 300M MC8CAZ"},"content":{"rendered":"<div class=\"mt2 mb2 \">\n<h2 class=\"weight--small-300 weight--large-200 block-mini-banner__title h3\">Conex\u00e3o de m\u00faltiplas c\u00e2meras em um mesmo cabo<\/h2>\n<\/div>\n<div class=\"text text--300\">\n<div class=\"block-template overflow-hidden\">\n<p>Um \u00fanico cabo faz a conex\u00e3o da alimenta\u00e7\u00e3o e de diversas c\u00e2meras, reduzindo custos com mais cabos.<\/p>\n<p><img decoding=\"async\" src=\"https:\/\/backend.intelbras.com\/sites\/default\/files\/styles\/large\/public\/2019-05\/MC8CBR-FLYER-01.png\" alt=\"MC8CBR-FLYER-01\" \/><\/p>\n<\/div>\n<\/div>\n<p>&nbsp;<\/p>\n<div class=\"mt2 mb2 \">\n<h2 class=\"weight--small-300 weight--large-200 block-mini-banner__title h3\">Sistema mais seguro e confi\u00e1vel<\/h2>\n<\/div>\n<div class=\"text text--300\">\n<div class=\"block-template overflow-hidden\">\n<p>Possui capa de isola\u00e7\u00e3o externa em PVC que garante maior prote\u00e7\u00e3o e seguran\u00e7a.<\/p>\n<p><strong><img decoding=\"async\" src=\"https:\/\/backend.intelbras.com\/sites\/default\/files\/styles\/large\/public\/2019-05\/MC8CBR-FLYER-02.png\" alt=\"MC8CBR-FLYER-02\" \/><\/strong><\/p>\n<\/div>\n<\/div>\n<p>&nbsp;<\/p>\n<div class=\"mt2 mb2 \">\n<h2 class=\"weight--small-300 weight--large-200 block-mini-banner__title h3\">Solu\u00e7\u00e3o completa com produtos Intelbras<\/h2>\n<\/div>\n<div class=\"text text--300\">\n<div class=\"block-template overflow-hidden\">\n<p>Os cabos da fam\u00edlia Multi Cam t\u00eam total integra\u00e7\u00e3o com os produtos de seguran\u00e7a eletr\u00f4nica da Intelbras (c\u00e2meras, DVRs, baluns e power baluns).<\/p>\n<p><img decoding=\"async\" src=\"https:\/\/backend.intelbras.com\/sites\/default\/files\/styles\/large\/public\/2019-05\/MC8CBR-FLYER-03.png\" alt=\"MC8CBR-FLYER-03\" \/><\/p>\n<\/div>\n<\/div>\n<p>Modelo &#8211; Cabo CFTV 4PX24 AWG 300M Multi CAM<br \/>\nAplica\u00e7\u00e3o &#8211; Sistemas de CFTV anal\u00f3gico<br \/>\nIsolamento do condutor &#8211; PVC com di\u00e2metro nominal de 0,90mm<br \/>\nCondutores &#8211; Alum\u00ednio cobreado 24 AWG<br \/>\nCapa &#8211; PVC<br \/>\nResist\u00eancia el\u00e9trica (20\u00baC) &#8211; 260,6 \u2126\/km<br \/>\nImped\u00e2ncia caracter\u00edstica &#8211; 100\u00b115\u2126<br \/>\nPara tens\u00f5es de trabalho &#8211; &lt;57 Vcc (Nominal 48 Vcc)<\/p>\n","protected":false},"excerpt":{"rendered":"<p>\u00bb 8 vias de alum\u00ednio cobreado 24 AWG;<br \/>\n\u00bb Imped\u00e2ncia 100 Ohms;<br \/>\n\u00bb Capa isolante em PVC;<br \/>\n\u00bb Sem blindagem;<br \/>\n\u00bb Uso interno;<\/p>\n","protected":false},"featured_media":15167,"comment_status":"closed","ping_status":"closed","template":"","meta":[],"product_brand":[],"product_cat":[2727,2729,2726],"product_tag":[],"class_list":{"0":"post-15166","1":"product","2":"type-product","3":"status-publish","4":"has-post-thumbnail","6":"product_cat-cabos-e-conectores-cabos","7":"product_cat-cabos-de-rede","8":"product_cat-cabos-conectores","10":"first","11":"instock","12":"shipping-taxable","13":"purchasable","14":"product-type-simple"},"yoast_head":"<!-- This site is optimized with the Yoast SEO plugin v27.4 - https:\/\/yoast.com\/product\/yoast-seo-wordpress\/ -->\n<title>Cabo Multi CAM CFTV 4PX24 AWG 300M MC8CAZ - Loja Melhor do Sul Sistemas de Seguran\u00e7a<\/title>\n<meta name=\"robots\" content=\"index, follow, max-snippet:-1, max-image-preview:large, max-video-preview:-1\" \/>\n<link rel=\"canonical\" href=\"https:\/\/www.lojamelhordosul.com.br\/site\/produto\/cabo-multi-cam-cftv-4px24-awg-300m-mc8caz\/\" \/>\n<meta property=\"og:locale\" content=\"pt_BR\" \/>\n<meta property=\"og:type\" content=\"article\" \/>\n<meta property=\"og:title\" content=\"Cabo Multi CAM CFTV 4PX24 AWG 300M MC8CAZ - Loja Melhor do Sul Sistemas de Seguran\u00e7a\" \/>\n<meta property=\"og:description\" content=\"\u00bb 8 vias de alum\u00ednio cobreado 24 AWG; \u00bb Imped\u00e2ncia 100 Ohms; \u00bb Capa isolante em PVC; \u00bb Sem blindagem; \u00bb Uso interno;\" \/>\n<meta property=\"og:url\" content=\"https:\/\/www.lojamelhordosul.com.br\/site\/produto\/cabo-multi-cam-cftv-4px24-awg-300m-mc8caz\/\" \/>\n<meta property=\"og:site_name\" content=\"Loja Melhor do Sul Sistemas de Seguran\u00e7a\" \/>\n<meta property=\"article:modified_time\" content=\"2026-03-13T16:37:03+00:00\" \/>\n<meta property=\"og:image\" content=\"https:\/\/www.lojamelhordosul.com.br\/site\/wp-content\/uploads\/2025\/07\/MC8CAZ.png\" \/>\n\t<meta property=\"og:image:width\" content=\"500\" \/>\n\t<meta property=\"og:image:height\" content=\"406\" \/>\n\t<meta property=\"og:image:type\" content=\"image\/png\" \/>\n<meta name=\"twitter:card\" content=\"summary_large_image\" \/>\n<meta name=\"twitter:label1\" content=\"Est. tempo de leitura\" \/>\n\t<meta name=\"twitter:data1\" content=\"2 minutos\" \/>\n<script type=\"application\/ld+json\" class=\"yoast-schema-graph\">{\"@context\":\"https:\\\/\\\/schema.org\",\"@graph\":[{\"@type\":\"WebPage\",\"@id\":\"https:\\\/\\\/www.lojamelhordosul.com.br\\\/site\\\/produto\\\/cabo-multi-cam-cftv-4px24-awg-300m-mc8caz\\\/\",\"url\":\"https:\\\/\\\/www.lojamelhordosul.com.br\\\/site\\\/produto\\\/cabo-multi-cam-cftv-4px24-awg-300m-mc8caz\\\/\",\"name\":\"Cabo Multi CAM CFTV 4PX24 AWG 300M MC8CAZ - Loja Melhor do Sul Sistemas de Seguran\u00e7a\",\"isPartOf\":{\"@id\":\"https:\\\/\\\/www.lojamelhordosul.com.br\\\/site\\\/#website\"},\"primaryImageOfPage\":{\"@id\":\"https:\\\/\\\/www.lojamelhordosul.com.br\\\/site\\\/produto\\\/cabo-multi-cam-cftv-4px24-awg-300m-mc8caz\\\/#primaryimage\"},\"image\":{\"@id\":\"https:\\\/\\\/www.lojamelhordosul.com.br\\\/site\\\/produto\\\/cabo-multi-cam-cftv-4px24-awg-300m-mc8caz\\\/#primaryimage\"},\"thumbnailUrl\":\"https:\\\/\\\/www.lojamelhordosul.com.br\\\/site\\\/wp-content\\\/uploads\\\/2025\\\/07\\\/MC8CAZ.png\",\"datePublished\":\"2025-07-01T13:32:20+00:00\",\"dateModified\":\"2026-03-13T16:37:03+00:00\",\"breadcrumb\":{\"@id\":\"https:\\\/\\\/www.lojamelhordosul.com.br\\\/site\\\/produto\\\/cabo-multi-cam-cftv-4px24-awg-300m-mc8caz\\\/#breadcrumb\"},\"inLanguage\":\"pt-BR\",\"potentialAction\":[{\"@type\":\"ReadAction\",\"target\":[\"https:\\\/\\\/www.lojamelhordosul.com.br\\\/site\\\/produto\\\/cabo-multi-cam-cftv-4px24-awg-300m-mc8caz\\\/\"]}]},{\"@type\":\"ImageObject\",\"inLanguage\":\"pt-BR\",\"@id\":\"https:\\\/\\\/www.lojamelhordosul.com.br\\\/site\\\/produto\\\/cabo-multi-cam-cftv-4px24-awg-300m-mc8caz\\\/#primaryimage\",\"url\":\"https:\\\/\\\/www.lojamelhordosul.com.br\\\/site\\\/wp-content\\\/uploads\\\/2025\\\/07\\\/MC8CAZ.png\",\"contentUrl\":\"https:\\\/\\\/www.lojamelhordosul.com.br\\\/site\\\/wp-content\\\/uploads\\\/2025\\\/07\\\/MC8CAZ.png\",\"width\":500,\"height\":406},{\"@type\":\"BreadcrumbList\",\"@id\":\"https:\\\/\\\/www.lojamelhordosul.com.br\\\/site\\\/produto\\\/cabo-multi-cam-cftv-4px24-awg-300m-mc8caz\\\/#breadcrumb\",\"itemListElement\":[{\"@type\":\"ListItem\",\"position\":1,\"name\":\"In\u00edcio\",\"item\":\"https:\\\/\\\/www.lojamelhordosul.com.br\\\/site\\\/\"},{\"@type\":\"ListItem\",\"position\":2,\"name\":\"Loja\",\"item\":\"https:\\\/\\\/www.lojamelhordosul.com.br\\\/site\\\/loja\\\/\"},{\"@type\":\"ListItem\",\"position\":3,\"name\":\"Cabo Multi CAM CFTV 4PX24 AWG 300M MC8CAZ\"}]},{\"@type\":\"WebSite\",\"@id\":\"https:\\\/\\\/www.lojamelhordosul.com.br\\\/site\\\/#website\",\"url\":\"https:\\\/\\\/www.lojamelhordosul.com.br\\\/site\\\/\",\"name\":\"Loja Melhor do Sul Sistemas de Seguran\u00e7a\",\"description\":\"Loja Melhor do Sul - Revenda Ouro Intelbras em Porto Alegre\",\"publisher\":{\"@id\":\"https:\\\/\\\/www.lojamelhordosul.com.br\\\/site\\\/#organization\"},\"potentialAction\":[{\"@type\":\"SearchAction\",\"target\":{\"@type\":\"EntryPoint\",\"urlTemplate\":\"https:\\\/\\\/www.lojamelhordosul.com.br\\\/site\\\/?s={search_term_string}\"},\"query-input\":{\"@type\":\"PropertyValueSpecification\",\"valueRequired\":true,\"valueName\":\"search_term_string\"}}],\"inLanguage\":\"pt-BR\"},{\"@type\":\"Organization\",\"@id\":\"https:\\\/\\\/www.lojamelhordosul.com.br\\\/site\\\/#organization\",\"name\":\"Loja Melhor do Sul\",\"url\":\"https:\\\/\\\/www.lojamelhordosul.com.br\\\/site\\\/\",\"logo\":{\"@type\":\"ImageObject\",\"inLanguage\":\"pt-BR\",\"@id\":\"https:\\\/\\\/www.lojamelhordosul.com.br\\\/site\\\/#\\\/schema\\\/logo\\\/image\\\/\",\"url\":\"https:\\\/\\\/www.lojamelhordosul.com.br\\\/site\\\/wp-content\\\/uploads\\\/2019\\\/10\\\/logo-longo-da-loja.png\",\"contentUrl\":\"https:\\\/\\\/www.lojamelhordosul.com.br\\\/site\\\/wp-content\\\/uploads\\\/2019\\\/10\\\/logo-longo-da-loja.png\",\"width\":597,\"height\":114,\"caption\":\"Loja Melhor do Sul\"},\"image\":{\"@id\":\"https:\\\/\\\/www.lojamelhordosul.com.br\\\/site\\\/#\\\/schema\\\/logo\\\/image\\\/\"}}]}<\/script>\n<!-- \/ Yoast SEO plugin. -->","yoast_head_json":{"title":"Cabo Multi CAM CFTV 4PX24 AWG 300M MC8CAZ - Loja Melhor do Sul Sistemas de Seguran\u00e7a","robots":{"index":"index","follow":"follow","max-snippet":"max-snippet:-1","max-image-preview":"max-image-preview:large","max-video-preview":"max-video-preview:-1"},"canonical":"https:\/\/www.lojamelhordosul.com.br\/site\/produto\/cabo-multi-cam-cftv-4px24-awg-300m-mc8caz\/","og_locale":"pt_BR","og_type":"article","og_title":"Cabo Multi CAM CFTV 4PX24 AWG 300M MC8CAZ - Loja Melhor do Sul Sistemas de Seguran\u00e7a","og_description":"\u00bb 8 vias de alum\u00ednio cobreado 24 AWG; \u00bb Imped\u00e2ncia 100 Ohms; \u00bb Capa isolante em PVC; \u00bb Sem blindagem; \u00bb Uso interno;","og_url":"https:\/\/www.lojamelhordosul.com.br\/site\/produto\/cabo-multi-cam-cftv-4px24-awg-300m-mc8caz\/","og_site_name":"Loja Melhor do Sul Sistemas de Seguran\u00e7a","article_modified_time":"2026-03-13T16:37:03+00:00","og_image":[{"width":500,"height":406,"url":"https:\/\/www.lojamelhordosul.com.br\/site\/wp-content\/uploads\/2025\/07\/MC8CAZ.png","type":"image\/png"}],"twitter_card":"summary_large_image","twitter_misc":{"Est. tempo de leitura":"2 minutos"},"schema":{"@context":"https:\/\/schema.org","@graph":[{"@type":"WebPage","@id":"https:\/\/www.lojamelhordosul.com.br\/site\/produto\/cabo-multi-cam-cftv-4px24-awg-300m-mc8caz\/","url":"https:\/\/www.lojamelhordosul.com.br\/site\/produto\/cabo-multi-cam-cftv-4px24-awg-300m-mc8caz\/","name":"Cabo Multi CAM CFTV 4PX24 AWG 300M MC8CAZ - Loja Melhor do Sul Sistemas de Seguran\u00e7a","isPartOf":{"@id":"https:\/\/www.lojamelhordosul.com.br\/site\/#website"},"primaryImageOfPage":{"@id":"https:\/\/www.lojamelhordosul.com.br\/site\/produto\/cabo-multi-cam-cftv-4px24-awg-300m-mc8caz\/#primaryimage"},"image":{"@id":"https:\/\/www.lojamelhordosul.com.br\/site\/produto\/cabo-multi-cam-cftv-4px24-awg-300m-mc8caz\/#primaryimage"},"thumbnailUrl":"https:\/\/www.lojamelhordosul.com.br\/site\/wp-content\/uploads\/2025\/07\/MC8CAZ.png","datePublished":"2025-07-01T13:32:20+00:00","dateModified":"2026-03-13T16:37:03+00:00","breadcrumb":{"@id":"https:\/\/www.lojamelhordosul.com.br\/site\/produto\/cabo-multi-cam-cftv-4px24-awg-300m-mc8caz\/#breadcrumb"},"inLanguage":"pt-BR","potentialAction":[{"@type":"ReadAction","target":["https:\/\/www.lojamelhordosul.com.br\/site\/produto\/cabo-multi-cam-cftv-4px24-awg-300m-mc8caz\/"]}]},{"@type":"ImageObject","inLanguage":"pt-BR","@id":"https:\/\/www.lojamelhordosul.com.br\/site\/produto\/cabo-multi-cam-cftv-4px24-awg-300m-mc8caz\/#primaryimage","url":"https:\/\/www.lojamelhordosul.com.br\/site\/wp-content\/uploads\/2025\/07\/MC8CAZ.png","contentUrl":"https:\/\/www.lojamelhordosul.com.br\/site\/wp-content\/uploads\/2025\/07\/MC8CAZ.png","width":500,"height":406},{"@type":"BreadcrumbList","@id":"https:\/\/www.lojamelhordosul.com.br\/site\/produto\/cabo-multi-cam-cftv-4px24-awg-300m-mc8caz\/#breadcrumb","itemListElement":[{"@type":"ListItem","position":1,"name":"In\u00edcio","item":"https:\/\/www.lojamelhordosul.com.br\/site\/"},{"@type":"ListItem","position":2,"name":"Loja","item":"https:\/\/www.lojamelhordosul.com.br\/site\/loja\/"},{"@type":"ListItem","position":3,"name":"Cabo Multi CAM CFTV 4PX24 AWG 300M MC8CAZ"}]},{"@type":"WebSite","@id":"https:\/\/www.lojamelhordosul.com.br\/site\/#website","url":"https:\/\/www.lojamelhordosul.com.br\/site\/","name":"Loja Melhor do Sul Sistemas de Seguran\u00e7a","description":"Loja Melhor do Sul - Revenda Ouro Intelbras em Porto Alegre","publisher":{"@id":"https:\/\/www.lojamelhordosul.com.br\/site\/#organization"},"potentialAction":[{"@type":"SearchAction","target":{"@type":"EntryPoint","urlTemplate":"https:\/\/www.lojamelhordosul.com.br\/site\/?s={search_term_string}"},"query-input":{"@type":"PropertyValueSpecification","valueRequired":true,"valueName":"search_term_string"}}],"inLanguage":"pt-BR"},{"@type":"Organization","@id":"https:\/\/www.lojamelhordosul.com.br\/site\/#organization","name":"Loja Melhor do Sul","url":"https:\/\/www.lojamelhordosul.com.br\/site\/","logo":{"@type":"ImageObject","inLanguage":"pt-BR","@id":"https:\/\/www.lojamelhordosul.com.br\/site\/#\/schema\/logo\/image\/","url":"https:\/\/www.lojamelhordosul.com.br\/site\/wp-content\/uploads\/2019\/10\/logo-longo-da-loja.png","contentUrl":"https:\/\/www.lojamelhordosul.com.br\/site\/wp-content\/uploads\/2019\/10\/logo-longo-da-loja.png","width":597,"height":114,"caption":"Loja Melhor do Sul"},"image":{"@id":"https:\/\/www.lojamelhordosul.com.br\/site\/#\/schema\/logo\/image\/"}}]}},"_links":{"self":[{"href":"https:\/\/www.lojamelhordosul.com.br\/site\/wp-json\/wp\/v2\/product\/15166","targetHints":{"allow":["GET"]}}],"collection":[{"href":"https:\/\/www.lojamelhordosul.com.br\/site\/wp-json\/wp\/v2\/product"}],"about":[{"href":"https:\/\/www.lojamelhordosul.com.br\/site\/wp-json\/wp\/v2\/types\/product"}],"replies":[{"embeddable":true,"href":"https:\/\/www.lojamelhordosul.com.br\/site\/wp-json\/wp\/v2\/comments?post=15166"}],"wp:featuredmedia":[{"embeddable":true,"href":"https:\/\/www.lojamelhordosul.com.br\/site\/wp-json\/wp\/v2\/media\/15167"}],"wp:attachment":[{"href":"https:\/\/www.lojamelhordosul.com.br\/site\/wp-json\/wp\/v2\/media?parent=15166"}],"wp:term":[{"taxonomy":"product_brand","embeddable":true,"href":"https:\/\/www.lojamelhordosul.com.br\/site\/wp-json\/wp\/v2\/product_brand?post=15166"},{"taxonomy":"product_cat","embeddable":true,"href":"https:\/\/www.lojamelhordosul.com.br\/site\/wp-json\/wp\/v2\/product_cat?post=15166"},{"taxonomy":"product_tag","embeddable":true,"href":"https:\/\/www.lojamelhordosul.com.br\/site\/wp-json\/wp\/v2\/product_tag?post=15166"}],"curies":[{"name":"wp","href":"https:\/\/api.w.org\/{rel}","templated":true}]}}