{"id":15912,"date":"2025-07-15T14:18:29","date_gmt":"2025-07-15T17:18:29","guid":{"rendered":"https:\/\/www.lojamelhordosul.com.br\/site\/?post_type=product&#038;p=15912"},"modified":"2026-03-13T13:34:56","modified_gmt":"2026-03-13T16:34:56","slug":"gravador-de-video-ip-da-serie-3000-com-16-canais-invd-3016","status":"publish","type":"product","link":"https:\/\/www.lojamelhordosul.com.br\/site\/produto\/gravador-de-video-ip-da-serie-3000-com-16-canais-invd-3016\/","title":{"rendered":"Gravador de v\u00eddeo IP da s\u00e9rie 3000 com 16 canais iNVD 3016"},"content":{"rendered":"<p><img decoding=\"async\" src=\"https:\/\/backend.intelbras.com\/sites\/default\/files\/styles\/large\/public\/2024-09\/funcionalidades-multiplas-invd-3016.jpg\" alt=\"funcionalidades-multiplas-invd-3016.jpg\" \/><\/p>\n<div class=\"mt2 mb2  \">\n<div class=\"grid-container  \">\n<div class=\"block-mini-banner is-product-page\" data-ga-name=\"section-mini-banner\">\n<div class=\"grid-x grid-container align-middle\">\n<div class=\"cell medium-auto medium-order-1\">\n<div class=\"block-mini-banner__content\">\n<div class=\"mt2 mb2 \">\n<h2 class=\"weight--small-300 weight--large-200 block-mini-banner__title h3\">Funcionalidades m\u00faltiplas<\/h2>\n<\/div>\n<div class=\"text text--300\">\n<div class=\"block-template overflow-hidden\">\n<p>Altamente vers\u00e1til, o iNVD 3016 gerencia at\u00e9 4 entradas e 2 sa\u00eddas de alarme, al\u00e9m de agregar uma porta de rede e compatibilidade com o eSATA.<\/p>\n<p>&nbsp;<\/p>\n<\/div>\n<\/div>\n<\/div>\n<\/div>\n<\/div>\n<\/div>\n<\/div>\n<\/div>\n<div class=\"mt2 mb2  \">\n<div class=\"grid-container  \">\n<div class=\"block-mini-banner is-product-page\" data-ga-name=\"section-mini-banner\">\n<div class=\"grid-x grid-container align-middle\">\n<div class=\"cell media-cell medium-6\">\n<div class=\"block-mini-banner__media\">\n<figure class=\"text-center  object-fit--contain\"><img decoding=\"async\" src=\"https:\/\/backend.intelbras.com\/sites\/default\/files\/styles\/large\/public\/2024-09\/reconhecimento-facial-embarcado-em-tempo-real-invd-3016.jpg\" alt=\"reconhecimento-facial-embarcado-em-tempo-real-invd-3016.jpg\" \/><\/figure>\n<p><span class=\"text text--300\"><em>* Imagem ilustrativa<\/em><\/span><\/div>\n<\/div>\n<div class=\"cell medium-auto\">\n<div class=\"block-mini-banner__content\">\n<div class=\"mt2 mb2 \">\n<h2 class=\"weight--small-300 weight--large-200 block-mini-banner__title h3\">Reconhecimento facial embarcado em tempo real<\/h2>\n<\/div>\n<div class=\"text text--300\">\n<div class=\"block-template overflow-hidden\">\n<p>Amplie a quantidade de canais utilizando c\u00e2meras com Detec\u00e7\u00e3o de face\u00b9 e fa\u00e7a a compara\u00e7\u00e3o instant\u00e2nea com as imagens salvas no banco de dados.<\/p>\n<p>\u00b9 Consulte o manual e os modelos de c\u00e2meras com a fun\u00e7\u00e3o Detec\u00e7\u00e3o de face dispon\u00edvel.<\/p>\n<p>&nbsp;<\/p>\n<\/div>\n<\/div>\n<\/div>\n<\/div>\n<\/div>\n<\/div>\n<\/div>\n<\/div>\n<div class=\"mt2 mb2  \">\n<div class=\"grid-container  \">\n<div class=\"block-mini-banner is-product-page\" data-ga-name=\"section-mini-banner\">\n<div class=\"grid-x grid-container align-middle\">\n<div class=\"cell media-cell medium-6 medium-order-2 large-offset-1\">\n<div class=\"block-mini-banner__media\">\n<figure class=\"text-center  object-fit--contain\"><img decoding=\"async\" src=\"https:\/\/backend.intelbras.com\/sites\/default\/files\/styles\/large\/public\/2024-09\/analiticos-de-video-inteligentes-invd-3016.jpg\" alt=\"analiticos-de-video-inteligentes-invd-3016.jpg\" \/><\/figure>\n<p><span class=\"text text--300\"><em>* Imagem ilustrativa<\/em><\/span><\/div>\n<\/div>\n<div class=\"cell medium-auto medium-order-1\">\n<div class=\"block-mini-banner__content\">\n<div class=\"mt2 mb2 \">\n<h2 class=\"weight--small-300 weight--large-200 block-mini-banner__title h3\">Anal\u00edticos de v\u00eddeo inteligentes<\/h2>\n<\/div>\n<div class=\"text text--300\">\n<div class=\"block-template overflow-hidden\">\n<p>An\u00e1lise de v\u00eddeo pelo NVR, compatibilidade com reconhecimento de face, leitura de placa, contagem de pessoas e mapa de calor\u00b2 com a tecnologia IP.<\/p>\n<p>\u00b2 Consulte no manual os modelos de c\u00e2meras compat\u00edveis.<\/p>\n<p>&nbsp;<\/p>\n<\/div>\n<\/div>\n<\/div>\n<\/div>\n<\/div>\n<\/div>\n<\/div>\n<\/div>\n<div class=\"mt2 mb2  \">\n<div class=\"grid-container  \">\n<div class=\"block-mini-banner is-product-page\" data-ga-name=\"section-mini-banner\">\n<div class=\"grid-x grid-container align-middle\">\n<div class=\"cell media-cell medium-6\">\n<div class=\"block-mini-banner__media\">\n<figure class=\"text-center  object-fit--contain\"><img decoding=\"async\" src=\"https:\/\/backend.intelbras.com\/sites\/default\/files\/styles\/large\/public\/2024-09\/alta-resolucao-para-projetos-de-cftv-ip-invd-3016.jpg\" alt=\"alta-resolucao-para-projetos-de-cftv-ip-invd-3016.jpg\" \/><\/figure>\n<p><span class=\"text text--300\"><em>* Imagem ilustrativa<\/em><\/span><\/div>\n<\/div>\n<div class=\"cell medium-auto\">\n<div class=\"block-mini-banner__content\">\n<div class=\"mt2 mb2 \">\n<h2 class=\"weight--small-300 weight--large-200 block-mini-banner__title h3\">Alta resolu\u00e7\u00e3o para projetos de CFTV IP<\/h2>\n<\/div>\n<div class=\"text text--300\">\n<div class=\"block-template overflow-hidden\">\n<p>Visualize, grave e veja todos os detalhes da cena com at\u00e9 16 MP de resolu\u00e7\u00e3o de imagem.<\/p>\n<\/div>\n<\/div>\n<\/div>\n<\/div>\n<\/div>\n<\/div>\n<\/div>\n<\/div>\n","protected":false},"excerpt":{"rendered":"<p>Desenvolvido especialmente para projetos de seguran\u00e7a IP, oferece alta qualidade e f\u00e1cil gerenciamento de imagens.<\/p>\n<p>\u00bb IA pela c\u00e2mera: Detec\u00e7\u00e3o de face, Reconhecimento facial,<br \/>\nIntelig\u00eancias de v\u00eddeo, An\u00e1lise comportamental, Aglomera\u00e7\u00e3o,<br \/>\nContagem de pessoas, Mapa de calor, Leitura de placas (LPR)<br \/>\nDetec\u00e7\u00e3o Inteligente de pessoas e ve\u00edculos;<br \/>\n\u00bb IA pelo gravador: Detec\u00e7\u00e3o e reconhecimento facial, Intelig\u00eancia<br \/>\nde v\u00eddeo e Detec\u00e7\u00e3o Inteligente de pessoas e ve\u00edculos;<br \/>\n\u00bb Suporta 2 HDs SATA;<br \/>\n\u00bb Compress\u00e3o de v\u00eddeo H.265 \/ H.265+ \/ H.264 \/ H.264+ \/ MJPEG;<br \/>\n\u00bb Throughput de 165 Mbps;<br \/>\n\u00bb Resolu\u00e7\u00e3o at\u00e9 16MP;<br \/>\n\u00bb Compatibilidade com protocolo Onvif;<br \/>\n\u00bb 10 bancos de faces com at\u00e9 20 mil faces cadastradas;<\/p>\n","protected":false},"featured_media":15913,"comment_status":"closed","ping_status":"closed","template":"","meta":[],"product_brand":[],"product_cat":[2664],"product_tag":[],"class_list":{"0":"post-15912","1":"product","2":"type-product","3":"status-publish","4":"has-post-thumbnail","6":"product_cat-nvr-gravador-seguranca","8":"first","9":"instock","10":"shipping-taxable","11":"purchasable","12":"product-type-simple"},"yoast_head":"<!-- This site is optimized with the Yoast SEO plugin v27.5 - https:\/\/yoast.com\/product\/yoast-seo-wordpress\/ -->\n<title>Gravador de v\u00eddeo IP da s\u00e9rie 3000 com 16 canais iNVD 3016 - Loja Melhor do Sul Sistemas de Seguran\u00e7a<\/title>\n<meta name=\"robots\" content=\"index, follow, max-snippet:-1, max-image-preview:large, max-video-preview:-1\" \/>\n<link rel=\"canonical\" href=\"https:\/\/www.lojamelhordosul.com.br\/site\/produto\/gravador-de-video-ip-da-serie-3000-com-16-canais-invd-3016\/\" \/>\n<meta property=\"og:locale\" content=\"pt_BR\" \/>\n<meta property=\"og:type\" content=\"article\" \/>\n<meta property=\"og:title\" content=\"Gravador de v\u00eddeo IP da s\u00e9rie 3000 com 16 canais iNVD 3016 - Loja Melhor do Sul Sistemas de Seguran\u00e7a\" \/>\n<meta property=\"og:description\" content=\"Desenvolvido especialmente para projetos de seguran\u00e7a IP, oferece alta qualidade e f\u00e1cil gerenciamento de imagens.  \u00bb IA pela c\u00e2mera: Detec\u00e7\u00e3o de face, Reconhecimento facial, Intelig\u00eancias de v\u00eddeo, An\u00e1lise comportamental, Aglomera\u00e7\u00e3o, Contagem de pessoas, Mapa de calor, Leitura de placas (LPR) Detec\u00e7\u00e3o Inteligente de pessoas e ve\u00edculos; \u00bb IA pelo gravador: Detec\u00e7\u00e3o e reconhecimento facial, Intelig\u00eancia de v\u00eddeo e Detec\u00e7\u00e3o Inteligente de pessoas e ve\u00edculos; \u00bb Suporta 2 HDs SATA; \u00bb Compress\u00e3o de v\u00eddeo H.265 \/ H.265+ \/ H.264 \/ H.264+ \/ MJPEG; \u00bb Throughput de 165 Mbps; \u00bb Resolu\u00e7\u00e3o at\u00e9 16MP; \u00bb Compatibilidade com protocolo Onvif; \u00bb 10 bancos de faces com at\u00e9 20 mil faces cadastradas;\" \/>\n<meta property=\"og:url\" content=\"https:\/\/www.lojamelhordosul.com.br\/site\/produto\/gravador-de-video-ip-da-serie-3000-com-16-canais-invd-3016\/\" \/>\n<meta property=\"og:site_name\" content=\"Loja Melhor do Sul Sistemas de Seguran\u00e7a\" \/>\n<meta property=\"article:modified_time\" content=\"2026-03-13T16:34:56+00:00\" \/>\n<meta property=\"og:image\" content=\"https:\/\/www.lojamelhordosul.com.br\/site\/wp-content\/uploads\/2025\/07\/INVD-3016.png\" \/>\n\t<meta property=\"og:image:width\" content=\"674\" \/>\n\t<meta property=\"og:image:height\" content=\"395\" \/>\n\t<meta property=\"og:image:type\" content=\"image\/png\" \/>\n<meta name=\"twitter:card\" content=\"summary_large_image\" \/>\n<meta name=\"twitter:label1\" content=\"Est. tempo de leitura\" \/>\n\t<meta name=\"twitter:data1\" content=\"2 minutos\" \/>\n<script type=\"application\/ld+json\" class=\"yoast-schema-graph\">{\"@context\":\"https:\\\/\\\/schema.org\",\"@graph\":[{\"@type\":\"WebPage\",\"@id\":\"https:\\\/\\\/www.lojamelhordosul.com.br\\\/site\\\/produto\\\/gravador-de-video-ip-da-serie-3000-com-16-canais-invd-3016\\\/\",\"url\":\"https:\\\/\\\/www.lojamelhordosul.com.br\\\/site\\\/produto\\\/gravador-de-video-ip-da-serie-3000-com-16-canais-invd-3016\\\/\",\"name\":\"Gravador de v\u00eddeo IP da s\u00e9rie 3000 com 16 canais iNVD 3016 - Loja Melhor do Sul Sistemas de Seguran\u00e7a\",\"isPartOf\":{\"@id\":\"https:\\\/\\\/www.lojamelhordosul.com.br\\\/site\\\/#website\"},\"primaryImageOfPage\":{\"@id\":\"https:\\\/\\\/www.lojamelhordosul.com.br\\\/site\\\/produto\\\/gravador-de-video-ip-da-serie-3000-com-16-canais-invd-3016\\\/#primaryimage\"},\"image\":{\"@id\":\"https:\\\/\\\/www.lojamelhordosul.com.br\\\/site\\\/produto\\\/gravador-de-video-ip-da-serie-3000-com-16-canais-invd-3016\\\/#primaryimage\"},\"thumbnailUrl\":\"https:\\\/\\\/www.lojamelhordosul.com.br\\\/site\\\/wp-content\\\/uploads\\\/2025\\\/07\\\/INVD-3016.png\",\"datePublished\":\"2025-07-15T17:18:29+00:00\",\"dateModified\":\"2026-03-13T16:34:56+00:00\",\"breadcrumb\":{\"@id\":\"https:\\\/\\\/www.lojamelhordosul.com.br\\\/site\\\/produto\\\/gravador-de-video-ip-da-serie-3000-com-16-canais-invd-3016\\\/#breadcrumb\"},\"inLanguage\":\"pt-BR\",\"potentialAction\":[{\"@type\":\"ReadAction\",\"target\":[\"https:\\\/\\\/www.lojamelhordosul.com.br\\\/site\\\/produto\\\/gravador-de-video-ip-da-serie-3000-com-16-canais-invd-3016\\\/\"]}]},{\"@type\":\"ImageObject\",\"inLanguage\":\"pt-BR\",\"@id\":\"https:\\\/\\\/www.lojamelhordosul.com.br\\\/site\\\/produto\\\/gravador-de-video-ip-da-serie-3000-com-16-canais-invd-3016\\\/#primaryimage\",\"url\":\"https:\\\/\\\/www.lojamelhordosul.com.br\\\/site\\\/wp-content\\\/uploads\\\/2025\\\/07\\\/INVD-3016.png\",\"contentUrl\":\"https:\\\/\\\/www.lojamelhordosul.com.br\\\/site\\\/wp-content\\\/uploads\\\/2025\\\/07\\\/INVD-3016.png\",\"width\":674,\"height\":395},{\"@type\":\"BreadcrumbList\",\"@id\":\"https:\\\/\\\/www.lojamelhordosul.com.br\\\/site\\\/produto\\\/gravador-de-video-ip-da-serie-3000-com-16-canais-invd-3016\\\/#breadcrumb\",\"itemListElement\":[{\"@type\":\"ListItem\",\"position\":1,\"name\":\"In\u00edcio\",\"item\":\"https:\\\/\\\/www.lojamelhordosul.com.br\\\/site\\\/\"},{\"@type\":\"ListItem\",\"position\":2,\"name\":\"Loja\",\"item\":\"https:\\\/\\\/www.lojamelhordosul.com.br\\\/site\\\/loja\\\/\"},{\"@type\":\"ListItem\",\"position\":3,\"name\":\"Gravador de v\u00eddeo IP da s\u00e9rie 3000 com 16 canais iNVD 3016\"}]},{\"@type\":\"WebSite\",\"@id\":\"https:\\\/\\\/www.lojamelhordosul.com.br\\\/site\\\/#website\",\"url\":\"https:\\\/\\\/www.lojamelhordosul.com.br\\\/site\\\/\",\"name\":\"Loja Melhor do Sul Sistemas de Seguran\u00e7a\",\"description\":\"Loja Melhor do Sul - Revenda Ouro Intelbras em Porto Alegre\",\"publisher\":{\"@id\":\"https:\\\/\\\/www.lojamelhordosul.com.br\\\/site\\\/#organization\"},\"potentialAction\":[{\"@type\":\"SearchAction\",\"target\":{\"@type\":\"EntryPoint\",\"urlTemplate\":\"https:\\\/\\\/www.lojamelhordosul.com.br\\\/site\\\/?s={search_term_string}\"},\"query-input\":{\"@type\":\"PropertyValueSpecification\",\"valueRequired\":true,\"valueName\":\"search_term_string\"}}],\"inLanguage\":\"pt-BR\"},{\"@type\":\"Organization\",\"@id\":\"https:\\\/\\\/www.lojamelhordosul.com.br\\\/site\\\/#organization\",\"name\":\"Loja Melhor do Sul\",\"url\":\"https:\\\/\\\/www.lojamelhordosul.com.br\\\/site\\\/\",\"logo\":{\"@type\":\"ImageObject\",\"inLanguage\":\"pt-BR\",\"@id\":\"https:\\\/\\\/www.lojamelhordosul.com.br\\\/site\\\/#\\\/schema\\\/logo\\\/image\\\/\",\"url\":\"https:\\\/\\\/www.lojamelhordosul.com.br\\\/site\\\/wp-content\\\/uploads\\\/2019\\\/10\\\/logo-longo-da-loja.png\",\"contentUrl\":\"https:\\\/\\\/www.lojamelhordosul.com.br\\\/site\\\/wp-content\\\/uploads\\\/2019\\\/10\\\/logo-longo-da-loja.png\",\"width\":597,\"height\":114,\"caption\":\"Loja Melhor do Sul\"},\"image\":{\"@id\":\"https:\\\/\\\/www.lojamelhordosul.com.br\\\/site\\\/#\\\/schema\\\/logo\\\/image\\\/\"}}]}<\/script>\n<!-- \/ Yoast SEO plugin. -->","yoast_head_json":{"title":"Gravador de v\u00eddeo IP da s\u00e9rie 3000 com 16 canais iNVD 3016 - Loja Melhor do Sul Sistemas de Seguran\u00e7a","robots":{"index":"index","follow":"follow","max-snippet":"max-snippet:-1","max-image-preview":"max-image-preview:large","max-video-preview":"max-video-preview:-1"},"canonical":"https:\/\/www.lojamelhordosul.com.br\/site\/produto\/gravador-de-video-ip-da-serie-3000-com-16-canais-invd-3016\/","og_locale":"pt_BR","og_type":"article","og_title":"Gravador de v\u00eddeo IP da s\u00e9rie 3000 com 16 canais iNVD 3016 - Loja Melhor do Sul Sistemas de Seguran\u00e7a","og_description":"Desenvolvido especialmente para projetos de seguran\u00e7a IP, oferece alta qualidade e f\u00e1cil gerenciamento de imagens.  \u00bb IA pela c\u00e2mera: Detec\u00e7\u00e3o de face, Reconhecimento facial, Intelig\u00eancias de v\u00eddeo, An\u00e1lise comportamental, Aglomera\u00e7\u00e3o, Contagem de pessoas, Mapa de calor, Leitura de placas (LPR) Detec\u00e7\u00e3o Inteligente de pessoas e ve\u00edculos; \u00bb IA pelo gravador: Detec\u00e7\u00e3o e reconhecimento facial, Intelig\u00eancia de v\u00eddeo e Detec\u00e7\u00e3o Inteligente de pessoas e ve\u00edculos; \u00bb Suporta 2 HDs SATA; \u00bb Compress\u00e3o de v\u00eddeo H.265 \/ H.265+ \/ H.264 \/ H.264+ \/ MJPEG; \u00bb Throughput de 165 Mbps; \u00bb Resolu\u00e7\u00e3o at\u00e9 16MP; \u00bb Compatibilidade com protocolo Onvif; \u00bb 10 bancos de faces com at\u00e9 20 mil faces cadastradas;","og_url":"https:\/\/www.lojamelhordosul.com.br\/site\/produto\/gravador-de-video-ip-da-serie-3000-com-16-canais-invd-3016\/","og_site_name":"Loja Melhor do Sul Sistemas de Seguran\u00e7a","article_modified_time":"2026-03-13T16:34:56+00:00","og_image":[{"width":674,"height":395,"url":"https:\/\/www.lojamelhordosul.com.br\/site\/wp-content\/uploads\/2025\/07\/INVD-3016.png","type":"image\/png"}],"twitter_card":"summary_large_image","twitter_misc":{"Est. tempo de leitura":"2 minutos"},"schema":{"@context":"https:\/\/schema.org","@graph":[{"@type":"WebPage","@id":"https:\/\/www.lojamelhordosul.com.br\/site\/produto\/gravador-de-video-ip-da-serie-3000-com-16-canais-invd-3016\/","url":"https:\/\/www.lojamelhordosul.com.br\/site\/produto\/gravador-de-video-ip-da-serie-3000-com-16-canais-invd-3016\/","name":"Gravador de v\u00eddeo IP da s\u00e9rie 3000 com 16 canais iNVD 3016 - Loja Melhor do Sul Sistemas de Seguran\u00e7a","isPartOf":{"@id":"https:\/\/www.lojamelhordosul.com.br\/site\/#website"},"primaryImageOfPage":{"@id":"https:\/\/www.lojamelhordosul.com.br\/site\/produto\/gravador-de-video-ip-da-serie-3000-com-16-canais-invd-3016\/#primaryimage"},"image":{"@id":"https:\/\/www.lojamelhordosul.com.br\/site\/produto\/gravador-de-video-ip-da-serie-3000-com-16-canais-invd-3016\/#primaryimage"},"thumbnailUrl":"https:\/\/www.lojamelhordosul.com.br\/site\/wp-content\/uploads\/2025\/07\/INVD-3016.png","datePublished":"2025-07-15T17:18:29+00:00","dateModified":"2026-03-13T16:34:56+00:00","breadcrumb":{"@id":"https:\/\/www.lojamelhordosul.com.br\/site\/produto\/gravador-de-video-ip-da-serie-3000-com-16-canais-invd-3016\/#breadcrumb"},"inLanguage":"pt-BR","potentialAction":[{"@type":"ReadAction","target":["https:\/\/www.lojamelhordosul.com.br\/site\/produto\/gravador-de-video-ip-da-serie-3000-com-16-canais-invd-3016\/"]}]},{"@type":"ImageObject","inLanguage":"pt-BR","@id":"https:\/\/www.lojamelhordosul.com.br\/site\/produto\/gravador-de-video-ip-da-serie-3000-com-16-canais-invd-3016\/#primaryimage","url":"https:\/\/www.lojamelhordosul.com.br\/site\/wp-content\/uploads\/2025\/07\/INVD-3016.png","contentUrl":"https:\/\/www.lojamelhordosul.com.br\/site\/wp-content\/uploads\/2025\/07\/INVD-3016.png","width":674,"height":395},{"@type":"BreadcrumbList","@id":"https:\/\/www.lojamelhordosul.com.br\/site\/produto\/gravador-de-video-ip-da-serie-3000-com-16-canais-invd-3016\/#breadcrumb","itemListElement":[{"@type":"ListItem","position":1,"name":"In\u00edcio","item":"https:\/\/www.lojamelhordosul.com.br\/site\/"},{"@type":"ListItem","position":2,"name":"Loja","item":"https:\/\/www.lojamelhordosul.com.br\/site\/loja\/"},{"@type":"ListItem","position":3,"name":"Gravador de v\u00eddeo IP da s\u00e9rie 3000 com 16 canais iNVD 3016"}]},{"@type":"WebSite","@id":"https:\/\/www.lojamelhordosul.com.br\/site\/#website","url":"https:\/\/www.lojamelhordosul.com.br\/site\/","name":"Loja Melhor do Sul Sistemas de Seguran\u00e7a","description":"Loja Melhor do Sul - Revenda Ouro Intelbras em Porto Alegre","publisher":{"@id":"https:\/\/www.lojamelhordosul.com.br\/site\/#organization"},"potentialAction":[{"@type":"SearchAction","target":{"@type":"EntryPoint","urlTemplate":"https:\/\/www.lojamelhordosul.com.br\/site\/?s={search_term_string}"},"query-input":{"@type":"PropertyValueSpecification","valueRequired":true,"valueName":"search_term_string"}}],"inLanguage":"pt-BR"},{"@type":"Organization","@id":"https:\/\/www.lojamelhordosul.com.br\/site\/#organization","name":"Loja Melhor do Sul","url":"https:\/\/www.lojamelhordosul.com.br\/site\/","logo":{"@type":"ImageObject","inLanguage":"pt-BR","@id":"https:\/\/www.lojamelhordosul.com.br\/site\/#\/schema\/logo\/image\/","url":"https:\/\/www.lojamelhordosul.com.br\/site\/wp-content\/uploads\/2019\/10\/logo-longo-da-loja.png","contentUrl":"https:\/\/www.lojamelhordosul.com.br\/site\/wp-content\/uploads\/2019\/10\/logo-longo-da-loja.png","width":597,"height":114,"caption":"Loja Melhor do Sul"},"image":{"@id":"https:\/\/www.lojamelhordosul.com.br\/site\/#\/schema\/logo\/image\/"}}]}},"_links":{"self":[{"href":"https:\/\/www.lojamelhordosul.com.br\/site\/wp-json\/wp\/v2\/product\/15912","targetHints":{"allow":["GET"]}}],"collection":[{"href":"https:\/\/www.lojamelhordosul.com.br\/site\/wp-json\/wp\/v2\/product"}],"about":[{"href":"https:\/\/www.lojamelhordosul.com.br\/site\/wp-json\/wp\/v2\/types\/product"}],"replies":[{"embeddable":true,"href":"https:\/\/www.lojamelhordosul.com.br\/site\/wp-json\/wp\/v2\/comments?post=15912"}],"wp:featuredmedia":[{"embeddable":true,"href":"https:\/\/www.lojamelhordosul.com.br\/site\/wp-json\/wp\/v2\/media\/15913"}],"wp:attachment":[{"href":"https:\/\/www.lojamelhordosul.com.br\/site\/wp-json\/wp\/v2\/media?parent=15912"}],"wp:term":[{"taxonomy":"product_brand","embeddable":true,"href":"https:\/\/www.lojamelhordosul.com.br\/site\/wp-json\/wp\/v2\/product_brand?post=15912"},{"taxonomy":"product_cat","embeddable":true,"href":"https:\/\/www.lojamelhordosul.com.br\/site\/wp-json\/wp\/v2\/product_cat?post=15912"},{"taxonomy":"product_tag","embeddable":true,"href":"https:\/\/www.lojamelhordosul.com.br\/site\/wp-json\/wp\/v2\/product_tag?post=15912"}],"curies":[{"name":"wp","href":"https:\/\/api.w.org\/{rel}","templated":true}]}}