{"id":15916,"date":"2025-07-15T14:51:52","date_gmt":"2025-07-15T17:51:52","guid":{"rendered":"https:\/\/www.lojamelhordosul.com.br\/site\/?post_type=product&#038;p=15916"},"modified":"2025-12-15T15:29:45","modified_gmt":"2025-12-15T18:29:45","slug":"controlador-de-acesso-facial-ss-1530-mf-w","status":"publish","type":"product","link":"https:\/\/www.lojamelhordosul.com.br\/site\/produto\/controlador-de-acesso-facial-ss-1530-mf-w\/","title":{"rendered":"Controlador de acesso facial SS 1530 MF W"},"content":{"rendered":"<p>O SS 1530 MF W \u00e9 um controlador de acesso da linha Bio-T com autentica\u00e7\u00e3o por reconhecimento facial, cart\u00e3o RFID MF 13,56 MHz, QR Code (criptografado e n\u00e3o criptografado) e senha. Pode ser utilizado de tr\u00eas modos: Stand-Alone, controlado por software (InControl Web, Defense IA ou softwares terceiros) ou em conjunto com o m\u00f3dulo inteligente de portaria MIP 1000 IP. \u00c9 indicado para controle de acesso em ambientes internos e pode ser integrado a portas em geral atrav\u00e9s do acionamento de fechaduras el\u00e9tricas, eletro\u00edm\u00e3s ou solenoides.<\/p>\n<p>&nbsp;<\/p>\n<p><img decoding=\"async\" src=\"https:\/\/backend.intelbras.com\/sites\/default\/files\/styles\/large\/public\/2023-06\/SS-1530-MF-W-Tecnologia-SIP.png\" alt=\"SS-1530-MF-W-Tecnologia-SIP\" \/><\/p>\n<div class=\"mt2 mb2  \">\n<div class=\"grid-container  \">\n<div class=\"block-mini-banner is-product-page\" data-ga-name=\"section-mini-banner\">\n<div class=\"grid-x grid-container align-middle\">\n<div class=\"cell medium-auto medium-order-1\">\n<div class=\"block-mini-banner__content\">\n<div class=\"mt2 mb2 \">\n<h2 class=\"weight--small-300 weight--large-200 block-mini-banner__title h3\">Tecnologia SIP<\/h2>\n<\/div>\n<div class=\"text text--300\">\n<div class=\"block-template overflow-hidden\">\n<p>Atrav\u00e9s do protocolo SIP, facilite a comunica\u00e7\u00e3o da portaria por v\u00eddeo e \u00e1udio, utilizando o controlador como um v\u00eddeo porteiro com reconhecimento facial.<\/p>\n<p>&nbsp;<\/p>\n<\/div>\n<\/div>\n<\/div>\n<\/div>\n<\/div>\n<\/div>\n<\/div>\n<\/div>\n<div class=\"mt2 mb2  \">\n<div class=\"grid-container  \">\n<div class=\"block-mini-banner is-product-page\" data-ga-name=\"section-mini-banner\">\n<div class=\"grid-x grid-container align-middle\">\n<div class=\"cell media-cell medium-6\">\n<div class=\"block-mini-banner__media\">\n<figure class=\"text-center  object-fit--contain\"><img decoding=\"async\" src=\"https:\/\/backend.intelbras.com\/sites\/default\/files\/styles\/large\/public\/2023-06\/SS-1530-MF-W-Prote%C3%A7%C3%A3o-anti-fake.png\" alt=\"SS-1530-MF-W-Prote\u00e7\u00e3o-anti-fake\" \/><\/figure>\n<\/div>\n<\/div>\n<div class=\"cell medium-auto\">\n<div class=\"block-mini-banner__content\">\n<div class=\"mt2 mb2 \">\n<h2 class=\"weight--small-300 weight--large-200 block-mini-banner__title h3\">Prote\u00e7\u00e3o anti fake<\/h2>\n<\/div>\n<div class=\"text text--300\">\n<div class=\"block-template overflow-hidden\">\n<p>O SS 1530 MF W possui tecnologia que compara a profundidade da face, impossibilitando o uso de fotos e v\u00eddeos, por exemplo, para enganar o sistema.<\/p>\n<p>&nbsp;<\/p>\n<\/div>\n<\/div>\n<\/div>\n<\/div>\n<\/div>\n<\/div>\n<\/div>\n<\/div>\n<div class=\"mt2 mb2  \">\n<div class=\"grid-container  \">\n<div class=\"block-mini-banner is-product-page\" data-ga-name=\"section-mini-banner\">\n<div class=\"grid-x grid-container align-middle\">\n<div class=\"cell media-cell medium-6 medium-order-2 large-offset-1\">\n<div class=\"block-mini-banner__media\">\n<figure class=\"text-center  object-fit--contain\"><img decoding=\"async\" src=\"https:\/\/backend.intelbras.com\/sites\/default\/files\/styles\/large\/public\/2023-06\/SS-1530-MF-W-R%C3%A1pida-leitura.png\" alt=\"SS-1530-MF-W-R\u00e1pida-leitura\" \/><\/figure>\n<\/div>\n<\/div>\n<div class=\"cell medium-auto medium-order-1\">\n<div class=\"block-mini-banner__content\">\n<div class=\"mt2 mb2 \">\n<h2 class=\"weight--small-300 weight--large-200 block-mini-banner__title h3\">R\u00e1pida leitura<\/h2>\n<\/div>\n<div class=\"text text--300\">\n<div class=\"block-template overflow-hidden\">\n<p>Oferece alto desempenho em velocidade de leitura com o melhor custo-benef\u00edcio para gest\u00e3o de acesso.<\/p>\n<p>&nbsp;<\/p>\n<\/div>\n<\/div>\n<\/div>\n<\/div>\n<\/div>\n<\/div>\n<\/div>\n<\/div>\n<div class=\"mt2 mb2  \">\n<div class=\"grid-container  \">\n<div class=\"block-mini-banner is-product-page\" data-ga-name=\"section-mini-banner\">\n<div class=\"grid-x grid-container align-middle\">\n<div class=\"cell media-cell medium-6\">\n<div class=\"block-mini-banner__media\">\n<figure class=\"text-center  object-fit--contain\"><img decoding=\"async\" src=\"https:\/\/backend.intelbras.com\/sites\/default\/files\/styles\/large\/public\/2023-06\/SS-1530-MF-W-Opera%C3%A7%C3%A3o-via-Wi-Fi.png\" alt=\"SS-1530-MF-W-Opera\u00e7\u00e3o-via-Wi-Fi\" \/><\/figure>\n<\/div>\n<\/div>\n<div class=\"cell medium-auto\">\n<div class=\"block-mini-banner__content\">\n<div class=\"mt2 mb2 \">\n<h2 class=\"weight--small-300 weight--large-200 block-mini-banner__title h3\">Opera\u00e7\u00e3o via Wi-Fi<\/h2>\n<\/div>\n<div class=\"text text--300\">\n<div class=\"block-template overflow-hidden\">\n<p>Maior flexibilidade, possibilitando realizar opera\u00e7\u00f5es sem fio, como gerenciamento, cadastro de pessoas e manuten\u00e7\u00e3o.<\/p>\n<\/div>\n<\/div>\n<\/div>\n<\/div>\n<\/div>\n<\/div>\n<\/div>\n<\/div>\n","protected":false},"excerpt":{"rendered":"<p>\u00bb Detec\u00e7\u00e3o facial com sistema anti-fake, que impossibilita<br \/>\nacesso por foto ou v\u00eddeo em meio f\u00edsico ou digital;<br \/>\n\u00bb Alerta e\/ou bloqueio por utiliza\u00e7\u00e3o de m\u00e1scara;<br \/>\n\u00bb Tela LCD sens\u00edvel ao toque (capacitiva);<br \/>\n\u00bb Indicado a ambientes internos;<br \/>\n\u00bb Capacidade para 3.000 usu\u00e1rios;<br \/>\n\u00bb Capacidade para 5.000 cart\u00f5es\/QR Codes (at\u00e9 5 por usu\u00e1rio);<br \/>\n\u00bb Capacidade para 3.000 senhas (1 por usu\u00e1rio);<br \/>\n\u00bb Dados de usu\u00e1rios salvos diretamente no controlador de<br \/>\nacesso;<br \/>\n\u00bb Conex\u00e3o via Wi-Fi ou Ethernet;<br \/>\n\u00bb Precis\u00e3o de verifica\u00e7\u00e3o de face &gt; 99,5%;<br \/>\n\u00bb Baixo \u00edndice de falsa rejei\u00e7\u00e3o;<br \/>\n\u00bb Tempo de reconhecimento facial: 0,2 s;<br \/>\n\u00bb Suporta atualiza\u00e7\u00e3o de firmware via DEFENSE IA;<\/p>\n","protected":false},"featured_media":15920,"comment_status":"closed","ping_status":"closed","template":"","meta":[],"product_brand":[],"product_cat":[2758,2756,2759],"product_tag":[],"class_list":{"0":"post-15916","1":"product","2":"type-product","3":"status-publish","4":"has-post-thumbnail","6":"product_cat-controladores-de-acessso","7":"product_cat-controle-acesso","8":"product_cat-controladores-acesso-rec-facial","10":"first","11":"outofstock","12":"shipping-taxable","13":"purchasable","14":"product-type-simple"},"yoast_head":"<!-- This site is optimized with the Yoast SEO plugin v27.5 - https:\/\/yoast.com\/product\/yoast-seo-wordpress\/ -->\n<title>Controlador de acesso facial SS 1530 MF W - Loja Melhor do Sul Sistemas de Seguran\u00e7a<\/title>\n<meta name=\"robots\" content=\"index, follow, max-snippet:-1, max-image-preview:large, max-video-preview:-1\" \/>\n<link rel=\"canonical\" href=\"https:\/\/www.lojamelhordosul.com.br\/site\/produto\/controlador-de-acesso-facial-ss-1530-mf-w\/\" \/>\n<meta property=\"og:locale\" content=\"pt_BR\" \/>\n<meta property=\"og:type\" content=\"article\" \/>\n<meta property=\"og:title\" content=\"Controlador de acesso facial SS 1530 MF W - Loja Melhor do Sul Sistemas de Seguran\u00e7a\" \/>\n<meta property=\"og:description\" content=\"\u00bb Detec\u00e7\u00e3o facial com sistema anti-fake, que impossibilita acesso por foto ou v\u00eddeo em meio f\u00edsico ou digital; \u00bb Alerta e\/ou bloqueio por utiliza\u00e7\u00e3o de m\u00e1scara; \u00bb Tela LCD sens\u00edvel ao toque (capacitiva); \u00bb Indicado a ambientes internos; \u00bb Capacidade para 3.000 usu\u00e1rios; \u00bb Capacidade para 5.000 cart\u00f5es\/QR Codes (at\u00e9 5 por usu\u00e1rio); \u00bb Capacidade para 3.000 senhas (1 por usu\u00e1rio); \u00bb Dados de usu\u00e1rios salvos diretamente no controlador de acesso; \u00bb Conex\u00e3o via Wi-Fi ou Ethernet; \u00bb Precis\u00e3o de verifica\u00e7\u00e3o de face &gt; 99,5%; \u00bb Baixo \u00edndice de falsa rejei\u00e7\u00e3o; \u00bb Tempo de reconhecimento facial: 0,2 s; \u00bb Suporta atualiza\u00e7\u00e3o de firmware via DEFENSE IA;\" \/>\n<meta property=\"og:url\" content=\"https:\/\/www.lojamelhordosul.com.br\/site\/produto\/controlador-de-acesso-facial-ss-1530-mf-w\/\" \/>\n<meta property=\"og:site_name\" content=\"Loja Melhor do Sul Sistemas de Seguran\u00e7a\" \/>\n<meta property=\"article:modified_time\" content=\"2025-12-15T18:29:45+00:00\" \/>\n<meta property=\"og:image\" content=\"https:\/\/www.lojamelhordosul.com.br\/site\/wp-content\/uploads\/2025\/07\/ss-1530-mf-w.png\" \/>\n\t<meta property=\"og:image:width\" content=\"468\" \/>\n\t<meta property=\"og:image:height\" content=\"416\" \/>\n\t<meta property=\"og:image:type\" content=\"image\/png\" \/>\n<meta name=\"twitter:card\" content=\"summary_large_image\" \/>\n<meta name=\"twitter:label1\" content=\"Est. tempo de leitura\" \/>\n\t<meta name=\"twitter:data1\" content=\"2 minutos\" \/>\n<script type=\"application\/ld+json\" class=\"yoast-schema-graph\">{\"@context\":\"https:\\\/\\\/schema.org\",\"@graph\":[{\"@type\":\"WebPage\",\"@id\":\"https:\\\/\\\/www.lojamelhordosul.com.br\\\/site\\\/produto\\\/controlador-de-acesso-facial-ss-1530-mf-w\\\/\",\"url\":\"https:\\\/\\\/www.lojamelhordosul.com.br\\\/site\\\/produto\\\/controlador-de-acesso-facial-ss-1530-mf-w\\\/\",\"name\":\"Controlador de acesso facial SS 1530 MF W - Loja Melhor do Sul Sistemas de Seguran\u00e7a\",\"isPartOf\":{\"@id\":\"https:\\\/\\\/www.lojamelhordosul.com.br\\\/site\\\/#website\"},\"primaryImageOfPage\":{\"@id\":\"https:\\\/\\\/www.lojamelhordosul.com.br\\\/site\\\/produto\\\/controlador-de-acesso-facial-ss-1530-mf-w\\\/#primaryimage\"},\"image\":{\"@id\":\"https:\\\/\\\/www.lojamelhordosul.com.br\\\/site\\\/produto\\\/controlador-de-acesso-facial-ss-1530-mf-w\\\/#primaryimage\"},\"thumbnailUrl\":\"https:\\\/\\\/www.lojamelhordosul.com.br\\\/site\\\/wp-content\\\/uploads\\\/2025\\\/07\\\/ss-1530-mf-w.png\",\"datePublished\":\"2025-07-15T17:51:52+00:00\",\"dateModified\":\"2025-12-15T18:29:45+00:00\",\"breadcrumb\":{\"@id\":\"https:\\\/\\\/www.lojamelhordosul.com.br\\\/site\\\/produto\\\/controlador-de-acesso-facial-ss-1530-mf-w\\\/#breadcrumb\"},\"inLanguage\":\"pt-BR\",\"potentialAction\":[{\"@type\":\"ReadAction\",\"target\":[\"https:\\\/\\\/www.lojamelhordosul.com.br\\\/site\\\/produto\\\/controlador-de-acesso-facial-ss-1530-mf-w\\\/\"]}]},{\"@type\":\"ImageObject\",\"inLanguage\":\"pt-BR\",\"@id\":\"https:\\\/\\\/www.lojamelhordosul.com.br\\\/site\\\/produto\\\/controlador-de-acesso-facial-ss-1530-mf-w\\\/#primaryimage\",\"url\":\"https:\\\/\\\/www.lojamelhordosul.com.br\\\/site\\\/wp-content\\\/uploads\\\/2025\\\/07\\\/ss-1530-mf-w.png\",\"contentUrl\":\"https:\\\/\\\/www.lojamelhordosul.com.br\\\/site\\\/wp-content\\\/uploads\\\/2025\\\/07\\\/ss-1530-mf-w.png\",\"width\":468,\"height\":416},{\"@type\":\"BreadcrumbList\",\"@id\":\"https:\\\/\\\/www.lojamelhordosul.com.br\\\/site\\\/produto\\\/controlador-de-acesso-facial-ss-1530-mf-w\\\/#breadcrumb\",\"itemListElement\":[{\"@type\":\"ListItem\",\"position\":1,\"name\":\"In\u00edcio\",\"item\":\"https:\\\/\\\/www.lojamelhordosul.com.br\\\/site\\\/\"},{\"@type\":\"ListItem\",\"position\":2,\"name\":\"Loja\",\"item\":\"https:\\\/\\\/www.lojamelhordosul.com.br\\\/site\\\/loja\\\/\"},{\"@type\":\"ListItem\",\"position\":3,\"name\":\"Controlador de acesso facial SS 1530 MF W\"}]},{\"@type\":\"WebSite\",\"@id\":\"https:\\\/\\\/www.lojamelhordosul.com.br\\\/site\\\/#website\",\"url\":\"https:\\\/\\\/www.lojamelhordosul.com.br\\\/site\\\/\",\"name\":\"Loja Melhor do Sul Sistemas de Seguran\u00e7a\",\"description\":\"Loja Melhor do Sul - Revenda Ouro Intelbras em Porto Alegre\",\"publisher\":{\"@id\":\"https:\\\/\\\/www.lojamelhordosul.com.br\\\/site\\\/#organization\"},\"potentialAction\":[{\"@type\":\"SearchAction\",\"target\":{\"@type\":\"EntryPoint\",\"urlTemplate\":\"https:\\\/\\\/www.lojamelhordosul.com.br\\\/site\\\/?s={search_term_string}\"},\"query-input\":{\"@type\":\"PropertyValueSpecification\",\"valueRequired\":true,\"valueName\":\"search_term_string\"}}],\"inLanguage\":\"pt-BR\"},{\"@type\":\"Organization\",\"@id\":\"https:\\\/\\\/www.lojamelhordosul.com.br\\\/site\\\/#organization\",\"name\":\"Loja Melhor do Sul\",\"url\":\"https:\\\/\\\/www.lojamelhordosul.com.br\\\/site\\\/\",\"logo\":{\"@type\":\"ImageObject\",\"inLanguage\":\"pt-BR\",\"@id\":\"https:\\\/\\\/www.lojamelhordosul.com.br\\\/site\\\/#\\\/schema\\\/logo\\\/image\\\/\",\"url\":\"https:\\\/\\\/www.lojamelhordosul.com.br\\\/site\\\/wp-content\\\/uploads\\\/2019\\\/10\\\/logo-longo-da-loja.png\",\"contentUrl\":\"https:\\\/\\\/www.lojamelhordosul.com.br\\\/site\\\/wp-content\\\/uploads\\\/2019\\\/10\\\/logo-longo-da-loja.png\",\"width\":597,\"height\":114,\"caption\":\"Loja Melhor do Sul\"},\"image\":{\"@id\":\"https:\\\/\\\/www.lojamelhordosul.com.br\\\/site\\\/#\\\/schema\\\/logo\\\/image\\\/\"}}]}<\/script>\n<!-- \/ Yoast SEO plugin. -->","yoast_head_json":{"title":"Controlador de acesso facial SS 1530 MF W - Loja Melhor do Sul Sistemas de Seguran\u00e7a","robots":{"index":"index","follow":"follow","max-snippet":"max-snippet:-1","max-image-preview":"max-image-preview:large","max-video-preview":"max-video-preview:-1"},"canonical":"https:\/\/www.lojamelhordosul.com.br\/site\/produto\/controlador-de-acesso-facial-ss-1530-mf-w\/","og_locale":"pt_BR","og_type":"article","og_title":"Controlador de acesso facial SS 1530 MF W - Loja Melhor do Sul Sistemas de Seguran\u00e7a","og_description":"\u00bb Detec\u00e7\u00e3o facial com sistema anti-fake, que impossibilita acesso por foto ou v\u00eddeo em meio f\u00edsico ou digital; \u00bb Alerta e\/ou bloqueio por utiliza\u00e7\u00e3o de m\u00e1scara; \u00bb Tela LCD sens\u00edvel ao toque (capacitiva); \u00bb Indicado a ambientes internos; \u00bb Capacidade para 3.000 usu\u00e1rios; \u00bb Capacidade para 5.000 cart\u00f5es\/QR Codes (at\u00e9 5 por usu\u00e1rio); \u00bb Capacidade para 3.000 senhas (1 por usu\u00e1rio); \u00bb Dados de usu\u00e1rios salvos diretamente no controlador de acesso; \u00bb Conex\u00e3o via Wi-Fi ou Ethernet; \u00bb Precis\u00e3o de verifica\u00e7\u00e3o de face &gt; 99,5%; \u00bb Baixo \u00edndice de falsa rejei\u00e7\u00e3o; \u00bb Tempo de reconhecimento facial: 0,2 s; \u00bb Suporta atualiza\u00e7\u00e3o de firmware via DEFENSE IA;","og_url":"https:\/\/www.lojamelhordosul.com.br\/site\/produto\/controlador-de-acesso-facial-ss-1530-mf-w\/","og_site_name":"Loja Melhor do Sul Sistemas de Seguran\u00e7a","article_modified_time":"2025-12-15T18:29:45+00:00","og_image":[{"width":468,"height":416,"url":"https:\/\/www.lojamelhordosul.com.br\/site\/wp-content\/uploads\/2025\/07\/ss-1530-mf-w.png","type":"image\/png"}],"twitter_card":"summary_large_image","twitter_misc":{"Est. tempo de leitura":"2 minutos"},"schema":{"@context":"https:\/\/schema.org","@graph":[{"@type":"WebPage","@id":"https:\/\/www.lojamelhordosul.com.br\/site\/produto\/controlador-de-acesso-facial-ss-1530-mf-w\/","url":"https:\/\/www.lojamelhordosul.com.br\/site\/produto\/controlador-de-acesso-facial-ss-1530-mf-w\/","name":"Controlador de acesso facial SS 1530 MF W - Loja Melhor do Sul Sistemas de Seguran\u00e7a","isPartOf":{"@id":"https:\/\/www.lojamelhordosul.com.br\/site\/#website"},"primaryImageOfPage":{"@id":"https:\/\/www.lojamelhordosul.com.br\/site\/produto\/controlador-de-acesso-facial-ss-1530-mf-w\/#primaryimage"},"image":{"@id":"https:\/\/www.lojamelhordosul.com.br\/site\/produto\/controlador-de-acesso-facial-ss-1530-mf-w\/#primaryimage"},"thumbnailUrl":"https:\/\/www.lojamelhordosul.com.br\/site\/wp-content\/uploads\/2025\/07\/ss-1530-mf-w.png","datePublished":"2025-07-15T17:51:52+00:00","dateModified":"2025-12-15T18:29:45+00:00","breadcrumb":{"@id":"https:\/\/www.lojamelhordosul.com.br\/site\/produto\/controlador-de-acesso-facial-ss-1530-mf-w\/#breadcrumb"},"inLanguage":"pt-BR","potentialAction":[{"@type":"ReadAction","target":["https:\/\/www.lojamelhordosul.com.br\/site\/produto\/controlador-de-acesso-facial-ss-1530-mf-w\/"]}]},{"@type":"ImageObject","inLanguage":"pt-BR","@id":"https:\/\/www.lojamelhordosul.com.br\/site\/produto\/controlador-de-acesso-facial-ss-1530-mf-w\/#primaryimage","url":"https:\/\/www.lojamelhordosul.com.br\/site\/wp-content\/uploads\/2025\/07\/ss-1530-mf-w.png","contentUrl":"https:\/\/www.lojamelhordosul.com.br\/site\/wp-content\/uploads\/2025\/07\/ss-1530-mf-w.png","width":468,"height":416},{"@type":"BreadcrumbList","@id":"https:\/\/www.lojamelhordosul.com.br\/site\/produto\/controlador-de-acesso-facial-ss-1530-mf-w\/#breadcrumb","itemListElement":[{"@type":"ListItem","position":1,"name":"In\u00edcio","item":"https:\/\/www.lojamelhordosul.com.br\/site\/"},{"@type":"ListItem","position":2,"name":"Loja","item":"https:\/\/www.lojamelhordosul.com.br\/site\/loja\/"},{"@type":"ListItem","position":3,"name":"Controlador de acesso facial SS 1530 MF W"}]},{"@type":"WebSite","@id":"https:\/\/www.lojamelhordosul.com.br\/site\/#website","url":"https:\/\/www.lojamelhordosul.com.br\/site\/","name":"Loja Melhor do Sul Sistemas de Seguran\u00e7a","description":"Loja Melhor do Sul - Revenda Ouro Intelbras em Porto Alegre","publisher":{"@id":"https:\/\/www.lojamelhordosul.com.br\/site\/#organization"},"potentialAction":[{"@type":"SearchAction","target":{"@type":"EntryPoint","urlTemplate":"https:\/\/www.lojamelhordosul.com.br\/site\/?s={search_term_string}"},"query-input":{"@type":"PropertyValueSpecification","valueRequired":true,"valueName":"search_term_string"}}],"inLanguage":"pt-BR"},{"@type":"Organization","@id":"https:\/\/www.lojamelhordosul.com.br\/site\/#organization","name":"Loja Melhor do Sul","url":"https:\/\/www.lojamelhordosul.com.br\/site\/","logo":{"@type":"ImageObject","inLanguage":"pt-BR","@id":"https:\/\/www.lojamelhordosul.com.br\/site\/#\/schema\/logo\/image\/","url":"https:\/\/www.lojamelhordosul.com.br\/site\/wp-content\/uploads\/2019\/10\/logo-longo-da-loja.png","contentUrl":"https:\/\/www.lojamelhordosul.com.br\/site\/wp-content\/uploads\/2019\/10\/logo-longo-da-loja.png","width":597,"height":114,"caption":"Loja Melhor do Sul"},"image":{"@id":"https:\/\/www.lojamelhordosul.com.br\/site\/#\/schema\/logo\/image\/"}}]}},"_links":{"self":[{"href":"https:\/\/www.lojamelhordosul.com.br\/site\/wp-json\/wp\/v2\/product\/15916","targetHints":{"allow":["GET"]}}],"collection":[{"href":"https:\/\/www.lojamelhordosul.com.br\/site\/wp-json\/wp\/v2\/product"}],"about":[{"href":"https:\/\/www.lojamelhordosul.com.br\/site\/wp-json\/wp\/v2\/types\/product"}],"replies":[{"embeddable":true,"href":"https:\/\/www.lojamelhordosul.com.br\/site\/wp-json\/wp\/v2\/comments?post=15916"}],"wp:featuredmedia":[{"embeddable":true,"href":"https:\/\/www.lojamelhordosul.com.br\/site\/wp-json\/wp\/v2\/media\/15920"}],"wp:attachment":[{"href":"https:\/\/www.lojamelhordosul.com.br\/site\/wp-json\/wp\/v2\/media?parent=15916"}],"wp:term":[{"taxonomy":"product_brand","embeddable":true,"href":"https:\/\/www.lojamelhordosul.com.br\/site\/wp-json\/wp\/v2\/product_brand?post=15916"},{"taxonomy":"product_cat","embeddable":true,"href":"https:\/\/www.lojamelhordosul.com.br\/site\/wp-json\/wp\/v2\/product_cat?post=15916"},{"taxonomy":"product_tag","embeddable":true,"href":"https:\/\/www.lojamelhordosul.com.br\/site\/wp-json\/wp\/v2\/product_tag?post=15916"}],"curies":[{"name":"wp","href":"https:\/\/api.w.org\/{rel}","templated":true}]}}