{"id":15994,"date":"2025-08-12T17:53:36","date_gmt":"2025-08-12T20:53:36","guid":{"rendered":"https:\/\/www.lojamelhordosul.com.br\/site\/?post_type=product&#038;p=15994"},"modified":"2026-03-13T11:24:05","modified_gmt":"2026-03-13T14:24:05","slug":"rack-piso-desmontavel-porta-perfurada-44u-570mm-rpd-4457-pp","status":"publish","type":"product","link":"https:\/\/www.lojamelhordosul.com.br\/site\/produto\/rack-piso-desmontavel-porta-perfurada-44u-570mm-rpd-4457-pp\/","title":{"rendered":"Rack Piso Desmont\u00e1vel Porta Perfurada 44U 570MM &#8211; RPD 4457 PP"},"content":{"rendered":"<p><img decoding=\"async\" src=\"https:\/\/backend.intelbras.com\/sites\/default\/files\/styles\/large\/public\/2024-08\/Banner1_Flyer_Digital_553x383px_PT.png\" alt=\"facil-de-montar-e-pr\u00e1tico-de-instalar-rpd-4457-pp\" \/><\/p>\n<div class=\"mt2 mb2  \">\n<div class=\"grid-container  \">\n<div class=\"block-mini-banner is-product-page\" data-ga-name=\"section-mini-banner\">\n<div class=\"grid-x grid-container align-middle\">\n<div class=\"cell medium-auto medium-order-1\">\n<div class=\"block-mini-banner__content\">\n<div class=\"mt2 mb2 \">\n<h2 class=\"weight--small-300 weight--large-200 block-mini-banner__title h3\">F\u00e1cil de montar e pr\u00e1tico de instalar<\/h2>\n<\/div>\n<div class=\"text text--300\">\n<div class=\"block-template overflow-hidden\">\n<p>Pe\u00e7as padronizadas que garantem melhor encaixe e mais facilidade de instala\u00e7\u00e3o, organiza\u00e7\u00e3o, prote\u00e7\u00e3o e armazenamento dos equipamentos eletr\u00f4nicos.<\/p>\n<p>&nbsp;<\/p>\n<p>&nbsp;<\/p>\n<\/div>\n<\/div>\n<\/div>\n<\/div>\n<\/div>\n<\/div>\n<\/div>\n<\/div>\n<div class=\"mt2 mb2  \">\n<div class=\"grid-container  \">\n<div class=\"block-mini-banner is-product-page\" data-ga-name=\"section-mini-banner\">\n<div class=\"grid-x grid-container align-middle\">\n<div class=\"cell media-cell medium-6\">\n<div class=\"block-mini-banner__media\">\n<figure class=\"text-center  object-fit--contain\"><img decoding=\"async\" src=\"https:\/\/backend.intelbras.com\/sites\/default\/files\/styles\/large\/public\/2024-08\/Banner2_Flyer_Digital_553x383px_PT.png\" alt=\"sob-medida-para-a-necessidade-de-cada-cliente-rpd-4457-pp\" \/><\/figure>\n<p><span class=\"text text--300\"><em>* Imagem ilustrativa<\/em><\/span><\/div>\n<\/div>\n<div class=\"cell medium-auto\">\n<div class=\"block-mini-banner__content\">\n<div class=\"mt2 mb2 \">\n<h2 class=\"weight--small-300 weight--large-200 block-mini-banner__title h3\">Sob medida para a necessidade de cada cliente<\/h2>\n<\/div>\n<div class=\"text text--300\">\n<div class=\"block-template overflow-hidden\">\n<p>Rack 100% aprovado nos testes de qualidade, pensado e desenvolvido junto ao cliente, para atender sua demanda de acordo com a necessidade. Dispon\u00edvel nos tamanhos 16U, 20U, 24U, 28U, 32U, 36U, 40U e 44U.<\/p>\n<p>&nbsp;<\/p>\n<p>&nbsp;<\/p>\n<\/div>\n<\/div>\n<\/div>\n<\/div>\n<\/div>\n<\/div>\n<\/div>\n<\/div>\n<div class=\"mt2 mb2  \">\n<div class=\"grid-container  \">\n<div class=\"block-mini-banner is-product-page\" data-ga-name=\"section-mini-banner\">\n<div class=\"grid-x grid-container align-middle\">\n<div class=\"cell media-cell medium-6 medium-order-2 large-offset-1\">\n<div class=\"block-mini-banner__media\">\n<figure class=\"text-center  object-fit--contain\"><img decoding=\"async\" src=\"https:\/\/backend.intelbras.com\/sites\/default\/files\/styles\/large\/public\/2024-08\/Banner3_Flyer_Digital_553x383px_PT.png\" alt=\"robusto-e-resistente-rpd-4457-pp\" \/><\/figure>\n<p><span class=\"text text--300\"><em>* Imagem ilustrativa<\/em><\/span><\/div>\n<\/div>\n<div class=\"cell medium-auto medium-order-1\">\n<div class=\"block-mini-banner__content\">\n<div class=\"mt2 mb2 \">\n<h2 class=\"weight--small-300 weight--large-200 block-mini-banner__title h3\">Robusto e resistente<\/h2>\n<\/div>\n<div class=\"text text--300\">\n<div class=\"block-template overflow-hidden\">\n<p>Robustez, praticidade e durabilidade. Produzido com materiais de alta qualidade e com pe\u00e7as que facilitam seu manuseio.<\/p>\n<p>&nbsp;<\/p>\n<p>&nbsp;<\/p>\n<\/div>\n<\/div>\n<\/div>\n<\/div>\n<\/div>\n<\/div>\n<\/div>\n<\/div>\n<div class=\"mt2 mb2  \">\n<div class=\"grid-container  \">\n<div class=\"block-mini-banner is-product-page\" data-ga-name=\"section-mini-banner\">\n<div class=\"grid-x grid-container align-middle\">\n<div class=\"cell media-cell medium-6\">\n<div class=\"block-mini-banner__media\">\n<figure class=\"text-center  object-fit--contain\"><img decoding=\"async\" src=\"https:\/\/backend.intelbras.com\/sites\/default\/files\/styles\/large\/public\/2024-08\/Banner4_Flyer_Digital_553x383px_PT.png\" alt=\"estrutura-desmont\u00e1vel-e-disponibilidade-imediata-rpd-4457-pp\" \/><\/figure>\n<p><span class=\"text text--300\"><em>* Imagem ilustrativa<\/em><\/span><\/div>\n<\/div>\n<div class=\"cell medium-auto\">\n<div class=\"block-mini-banner__content\">\n<div class=\"mt2 mb2 \">\n<h2 class=\"weight--small-300 weight--large-200 block-mini-banner__title h3\">Estrutura desmont\u00e1vel e disponibilidade imediata<\/h2>\n<\/div>\n<div class=\"text text--300\">\n<div class=\"block-template overflow-hidden\">\n<p>Com estrutura desmont\u00e1vel, os racks Intelbras proporcionam ganhos log\u00edsticos e facilidade no armazenamento. Produto com disponibilidade imediata.<\/p>\n<\/div>\n<\/div>\n<\/div>\n<\/div>\n<\/div>\n<\/div>\n<\/div>\n<\/div>\n","protected":false},"excerpt":{"rendered":"<p>\u00bb Ideal para projetos e instala\u00e7\u00f5es de switches, OLTS, sistemas de Telecom e CFTV;<br \/>\n\u00bb Sistema Easy Mounting: Pe\u00e7as e parafusos padronizados para f\u00e1cil instala\u00e7\u00e3o e montagem;<br \/>\n\u00bb Robusto e Resistente: Projetado com mat\u00e9rias de alta qualidade para garantir a robustez e durabilidade que um Rack precisa;<br \/>\n\u00bb Profundidade total de 570mm oferecendo um melhor espa\u00e7o para manuseio dos equipamentos;<br \/>\n\u00bb Abertura para instala\u00e7\u00e3o de sistema de ventila\u00e7\u00e3o no teto;<br \/>\n\u00bb Estrutura com ponto de aterramento;<br \/>\n\u00bb Fechamento lateral com venezianas e fecho para abertura;<br \/>\n\u00bb Compat\u00edvel com a norma IEC 60297;<\/p>\n","protected":false},"featured_media":15995,"comment_status":"closed","ping_status":"closed","template":"","meta":[],"product_brand":[],"product_cat":[2719,2724],"product_tag":[],"class_list":{"0":"post-15994","1":"product","2":"type-product","3":"status-publish","4":"has-post-thumbnail","6":"product_cat-acessorios-cftv","7":"product_cat-acessorios-racks-organizadores","9":"first","10":"outofstock","11":"shipping-taxable","12":"purchasable","13":"product-type-simple"},"yoast_head":"<!-- This site is optimized with the Yoast SEO plugin v27.4 - https:\/\/yoast.com\/product\/yoast-seo-wordpress\/ -->\n<title>Rack Piso Desmont\u00e1vel Porta Perfurada 44U 570MM - RPD 4457 PP - Loja Melhor do Sul Sistemas de Seguran\u00e7a<\/title>\n<meta name=\"robots\" content=\"index, follow, max-snippet:-1, max-image-preview:large, max-video-preview:-1\" \/>\n<link rel=\"canonical\" href=\"https:\/\/www.lojamelhordosul.com.br\/site\/produto\/rack-piso-desmontavel-porta-perfurada-44u-570mm-rpd-4457-pp\/\" \/>\n<meta property=\"og:locale\" content=\"pt_BR\" \/>\n<meta property=\"og:type\" content=\"article\" \/>\n<meta property=\"og:title\" content=\"Rack Piso Desmont\u00e1vel Porta Perfurada 44U 570MM - RPD 4457 PP - Loja Melhor do Sul Sistemas de Seguran\u00e7a\" \/>\n<meta property=\"og:description\" content=\"\u00bb Ideal para projetos e instala\u00e7\u00f5es de switches, OLTS, sistemas de Telecom e CFTV; \u00bb Sistema Easy Mounting: Pe\u00e7as e parafusos padronizados para f\u00e1cil instala\u00e7\u00e3o e montagem; \u00bb Robusto e Resistente: Projetado com mat\u00e9rias de alta qualidade para garantir a robustez e durabilidade que um Rack precisa; \u00bb Profundidade total de 570mm oferecendo um melhor espa\u00e7o para manuseio dos equipamentos; \u00bb Abertura para instala\u00e7\u00e3o de sistema de ventila\u00e7\u00e3o no teto; \u00bb Estrutura com ponto de aterramento; \u00bb Fechamento lateral com venezianas e fecho para abertura; \u00bb Compat\u00edvel com a norma IEC 60297;\" \/>\n<meta property=\"og:url\" content=\"https:\/\/www.lojamelhordosul.com.br\/site\/produto\/rack-piso-desmontavel-porta-perfurada-44u-570mm-rpd-4457-pp\/\" \/>\n<meta property=\"og:site_name\" content=\"Loja Melhor do Sul Sistemas de Seguran\u00e7a\" \/>\n<meta property=\"article:modified_time\" content=\"2026-03-13T14:24:05+00:00\" \/>\n<meta property=\"og:image\" content=\"https:\/\/www.lojamelhordosul.com.br\/site\/wp-content\/uploads\/2025\/08\/rpd-4457-1.png\" \/>\n\t<meta property=\"og:image:width\" content=\"628\" \/>\n\t<meta property=\"og:image:height\" content=\"496\" \/>\n\t<meta property=\"og:image:type\" content=\"image\/png\" \/>\n<meta name=\"twitter:card\" content=\"summary_large_image\" \/>\n<meta name=\"twitter:label1\" content=\"Est. tempo de leitura\" \/>\n\t<meta name=\"twitter:data1\" content=\"2 minutos\" \/>\n<script type=\"application\/ld+json\" class=\"yoast-schema-graph\">{\"@context\":\"https:\\\/\\\/schema.org\",\"@graph\":[{\"@type\":\"WebPage\",\"@id\":\"https:\\\/\\\/www.lojamelhordosul.com.br\\\/site\\\/produto\\\/rack-piso-desmontavel-porta-perfurada-44u-570mm-rpd-4457-pp\\\/\",\"url\":\"https:\\\/\\\/www.lojamelhordosul.com.br\\\/site\\\/produto\\\/rack-piso-desmontavel-porta-perfurada-44u-570mm-rpd-4457-pp\\\/\",\"name\":\"Rack Piso Desmont\u00e1vel Porta Perfurada 44U 570MM - RPD 4457 PP - Loja Melhor do Sul Sistemas de Seguran\u00e7a\",\"isPartOf\":{\"@id\":\"https:\\\/\\\/www.lojamelhordosul.com.br\\\/site\\\/#website\"},\"primaryImageOfPage\":{\"@id\":\"https:\\\/\\\/www.lojamelhordosul.com.br\\\/site\\\/produto\\\/rack-piso-desmontavel-porta-perfurada-44u-570mm-rpd-4457-pp\\\/#primaryimage\"},\"image\":{\"@id\":\"https:\\\/\\\/www.lojamelhordosul.com.br\\\/site\\\/produto\\\/rack-piso-desmontavel-porta-perfurada-44u-570mm-rpd-4457-pp\\\/#primaryimage\"},\"thumbnailUrl\":\"https:\\\/\\\/www.lojamelhordosul.com.br\\\/site\\\/wp-content\\\/uploads\\\/2025\\\/08\\\/rpd-4457-1.png\",\"datePublished\":\"2025-08-12T20:53:36+00:00\",\"dateModified\":\"2026-03-13T14:24:05+00:00\",\"breadcrumb\":{\"@id\":\"https:\\\/\\\/www.lojamelhordosul.com.br\\\/site\\\/produto\\\/rack-piso-desmontavel-porta-perfurada-44u-570mm-rpd-4457-pp\\\/#breadcrumb\"},\"inLanguage\":\"pt-BR\",\"potentialAction\":[{\"@type\":\"ReadAction\",\"target\":[\"https:\\\/\\\/www.lojamelhordosul.com.br\\\/site\\\/produto\\\/rack-piso-desmontavel-porta-perfurada-44u-570mm-rpd-4457-pp\\\/\"]}]},{\"@type\":\"ImageObject\",\"inLanguage\":\"pt-BR\",\"@id\":\"https:\\\/\\\/www.lojamelhordosul.com.br\\\/site\\\/produto\\\/rack-piso-desmontavel-porta-perfurada-44u-570mm-rpd-4457-pp\\\/#primaryimage\",\"url\":\"https:\\\/\\\/www.lojamelhordosul.com.br\\\/site\\\/wp-content\\\/uploads\\\/2025\\\/08\\\/rpd-4457-1.png\",\"contentUrl\":\"https:\\\/\\\/www.lojamelhordosul.com.br\\\/site\\\/wp-content\\\/uploads\\\/2025\\\/08\\\/rpd-4457-1.png\",\"width\":628,\"height\":496},{\"@type\":\"BreadcrumbList\",\"@id\":\"https:\\\/\\\/www.lojamelhordosul.com.br\\\/site\\\/produto\\\/rack-piso-desmontavel-porta-perfurada-44u-570mm-rpd-4457-pp\\\/#breadcrumb\",\"itemListElement\":[{\"@type\":\"ListItem\",\"position\":1,\"name\":\"In\u00edcio\",\"item\":\"https:\\\/\\\/www.lojamelhordosul.com.br\\\/site\\\/\"},{\"@type\":\"ListItem\",\"position\":2,\"name\":\"Loja\",\"item\":\"https:\\\/\\\/www.lojamelhordosul.com.br\\\/site\\\/loja\\\/\"},{\"@type\":\"ListItem\",\"position\":3,\"name\":\"Rack Piso Desmont\u00e1vel Porta Perfurada 44U 570MM &#8211; RPD 4457 PP\"}]},{\"@type\":\"WebSite\",\"@id\":\"https:\\\/\\\/www.lojamelhordosul.com.br\\\/site\\\/#website\",\"url\":\"https:\\\/\\\/www.lojamelhordosul.com.br\\\/site\\\/\",\"name\":\"Loja Melhor do Sul Sistemas de Seguran\u00e7a\",\"description\":\"Loja Melhor do Sul - Revenda Ouro Intelbras em Porto Alegre\",\"publisher\":{\"@id\":\"https:\\\/\\\/www.lojamelhordosul.com.br\\\/site\\\/#organization\"},\"potentialAction\":[{\"@type\":\"SearchAction\",\"target\":{\"@type\":\"EntryPoint\",\"urlTemplate\":\"https:\\\/\\\/www.lojamelhordosul.com.br\\\/site\\\/?s={search_term_string}\"},\"query-input\":{\"@type\":\"PropertyValueSpecification\",\"valueRequired\":true,\"valueName\":\"search_term_string\"}}],\"inLanguage\":\"pt-BR\"},{\"@type\":\"Organization\",\"@id\":\"https:\\\/\\\/www.lojamelhordosul.com.br\\\/site\\\/#organization\",\"name\":\"Loja Melhor do Sul\",\"url\":\"https:\\\/\\\/www.lojamelhordosul.com.br\\\/site\\\/\",\"logo\":{\"@type\":\"ImageObject\",\"inLanguage\":\"pt-BR\",\"@id\":\"https:\\\/\\\/www.lojamelhordosul.com.br\\\/site\\\/#\\\/schema\\\/logo\\\/image\\\/\",\"url\":\"https:\\\/\\\/www.lojamelhordosul.com.br\\\/site\\\/wp-content\\\/uploads\\\/2019\\\/10\\\/logo-longo-da-loja.png\",\"contentUrl\":\"https:\\\/\\\/www.lojamelhordosul.com.br\\\/site\\\/wp-content\\\/uploads\\\/2019\\\/10\\\/logo-longo-da-loja.png\",\"width\":597,\"height\":114,\"caption\":\"Loja Melhor do Sul\"},\"image\":{\"@id\":\"https:\\\/\\\/www.lojamelhordosul.com.br\\\/site\\\/#\\\/schema\\\/logo\\\/image\\\/\"}}]}<\/script>\n<!-- \/ Yoast SEO plugin. -->","yoast_head_json":{"title":"Rack Piso Desmont\u00e1vel Porta Perfurada 44U 570MM - RPD 4457 PP - Loja Melhor do Sul Sistemas de Seguran\u00e7a","robots":{"index":"index","follow":"follow","max-snippet":"max-snippet:-1","max-image-preview":"max-image-preview:large","max-video-preview":"max-video-preview:-1"},"canonical":"https:\/\/www.lojamelhordosul.com.br\/site\/produto\/rack-piso-desmontavel-porta-perfurada-44u-570mm-rpd-4457-pp\/","og_locale":"pt_BR","og_type":"article","og_title":"Rack Piso Desmont\u00e1vel Porta Perfurada 44U 570MM - RPD 4457 PP - Loja Melhor do Sul Sistemas de Seguran\u00e7a","og_description":"\u00bb Ideal para projetos e instala\u00e7\u00f5es de switches, OLTS, sistemas de Telecom e CFTV; \u00bb Sistema Easy Mounting: Pe\u00e7as e parafusos padronizados para f\u00e1cil instala\u00e7\u00e3o e montagem; \u00bb Robusto e Resistente: Projetado com mat\u00e9rias de alta qualidade para garantir a robustez e durabilidade que um Rack precisa; \u00bb Profundidade total de 570mm oferecendo um melhor espa\u00e7o para manuseio dos equipamentos; \u00bb Abertura para instala\u00e7\u00e3o de sistema de ventila\u00e7\u00e3o no teto; \u00bb Estrutura com ponto de aterramento; \u00bb Fechamento lateral com venezianas e fecho para abertura; \u00bb Compat\u00edvel com a norma IEC 60297;","og_url":"https:\/\/www.lojamelhordosul.com.br\/site\/produto\/rack-piso-desmontavel-porta-perfurada-44u-570mm-rpd-4457-pp\/","og_site_name":"Loja Melhor do Sul Sistemas de Seguran\u00e7a","article_modified_time":"2026-03-13T14:24:05+00:00","og_image":[{"width":628,"height":496,"url":"https:\/\/www.lojamelhordosul.com.br\/site\/wp-content\/uploads\/2025\/08\/rpd-4457-1.png","type":"image\/png"}],"twitter_card":"summary_large_image","twitter_misc":{"Est. tempo de leitura":"2 minutos"},"schema":{"@context":"https:\/\/schema.org","@graph":[{"@type":"WebPage","@id":"https:\/\/www.lojamelhordosul.com.br\/site\/produto\/rack-piso-desmontavel-porta-perfurada-44u-570mm-rpd-4457-pp\/","url":"https:\/\/www.lojamelhordosul.com.br\/site\/produto\/rack-piso-desmontavel-porta-perfurada-44u-570mm-rpd-4457-pp\/","name":"Rack Piso Desmont\u00e1vel Porta Perfurada 44U 570MM - RPD 4457 PP - Loja Melhor do Sul Sistemas de Seguran\u00e7a","isPartOf":{"@id":"https:\/\/www.lojamelhordosul.com.br\/site\/#website"},"primaryImageOfPage":{"@id":"https:\/\/www.lojamelhordosul.com.br\/site\/produto\/rack-piso-desmontavel-porta-perfurada-44u-570mm-rpd-4457-pp\/#primaryimage"},"image":{"@id":"https:\/\/www.lojamelhordosul.com.br\/site\/produto\/rack-piso-desmontavel-porta-perfurada-44u-570mm-rpd-4457-pp\/#primaryimage"},"thumbnailUrl":"https:\/\/www.lojamelhordosul.com.br\/site\/wp-content\/uploads\/2025\/08\/rpd-4457-1.png","datePublished":"2025-08-12T20:53:36+00:00","dateModified":"2026-03-13T14:24:05+00:00","breadcrumb":{"@id":"https:\/\/www.lojamelhordosul.com.br\/site\/produto\/rack-piso-desmontavel-porta-perfurada-44u-570mm-rpd-4457-pp\/#breadcrumb"},"inLanguage":"pt-BR","potentialAction":[{"@type":"ReadAction","target":["https:\/\/www.lojamelhordosul.com.br\/site\/produto\/rack-piso-desmontavel-porta-perfurada-44u-570mm-rpd-4457-pp\/"]}]},{"@type":"ImageObject","inLanguage":"pt-BR","@id":"https:\/\/www.lojamelhordosul.com.br\/site\/produto\/rack-piso-desmontavel-porta-perfurada-44u-570mm-rpd-4457-pp\/#primaryimage","url":"https:\/\/www.lojamelhordosul.com.br\/site\/wp-content\/uploads\/2025\/08\/rpd-4457-1.png","contentUrl":"https:\/\/www.lojamelhordosul.com.br\/site\/wp-content\/uploads\/2025\/08\/rpd-4457-1.png","width":628,"height":496},{"@type":"BreadcrumbList","@id":"https:\/\/www.lojamelhordosul.com.br\/site\/produto\/rack-piso-desmontavel-porta-perfurada-44u-570mm-rpd-4457-pp\/#breadcrumb","itemListElement":[{"@type":"ListItem","position":1,"name":"In\u00edcio","item":"https:\/\/www.lojamelhordosul.com.br\/site\/"},{"@type":"ListItem","position":2,"name":"Loja","item":"https:\/\/www.lojamelhordosul.com.br\/site\/loja\/"},{"@type":"ListItem","position":3,"name":"Rack Piso Desmont\u00e1vel Porta Perfurada 44U 570MM &#8211; RPD 4457 PP"}]},{"@type":"WebSite","@id":"https:\/\/www.lojamelhordosul.com.br\/site\/#website","url":"https:\/\/www.lojamelhordosul.com.br\/site\/","name":"Loja Melhor do Sul Sistemas de Seguran\u00e7a","description":"Loja Melhor do Sul - Revenda Ouro Intelbras em Porto Alegre","publisher":{"@id":"https:\/\/www.lojamelhordosul.com.br\/site\/#organization"},"potentialAction":[{"@type":"SearchAction","target":{"@type":"EntryPoint","urlTemplate":"https:\/\/www.lojamelhordosul.com.br\/site\/?s={search_term_string}"},"query-input":{"@type":"PropertyValueSpecification","valueRequired":true,"valueName":"search_term_string"}}],"inLanguage":"pt-BR"},{"@type":"Organization","@id":"https:\/\/www.lojamelhordosul.com.br\/site\/#organization","name":"Loja Melhor do Sul","url":"https:\/\/www.lojamelhordosul.com.br\/site\/","logo":{"@type":"ImageObject","inLanguage":"pt-BR","@id":"https:\/\/www.lojamelhordosul.com.br\/site\/#\/schema\/logo\/image\/","url":"https:\/\/www.lojamelhordosul.com.br\/site\/wp-content\/uploads\/2019\/10\/logo-longo-da-loja.png","contentUrl":"https:\/\/www.lojamelhordosul.com.br\/site\/wp-content\/uploads\/2019\/10\/logo-longo-da-loja.png","width":597,"height":114,"caption":"Loja Melhor do Sul"},"image":{"@id":"https:\/\/www.lojamelhordosul.com.br\/site\/#\/schema\/logo\/image\/"}}]}},"_links":{"self":[{"href":"https:\/\/www.lojamelhordosul.com.br\/site\/wp-json\/wp\/v2\/product\/15994","targetHints":{"allow":["GET"]}}],"collection":[{"href":"https:\/\/www.lojamelhordosul.com.br\/site\/wp-json\/wp\/v2\/product"}],"about":[{"href":"https:\/\/www.lojamelhordosul.com.br\/site\/wp-json\/wp\/v2\/types\/product"}],"replies":[{"embeddable":true,"href":"https:\/\/www.lojamelhordosul.com.br\/site\/wp-json\/wp\/v2\/comments?post=15994"}],"wp:featuredmedia":[{"embeddable":true,"href":"https:\/\/www.lojamelhordosul.com.br\/site\/wp-json\/wp\/v2\/media\/15995"}],"wp:attachment":[{"href":"https:\/\/www.lojamelhordosul.com.br\/site\/wp-json\/wp\/v2\/media?parent=15994"}],"wp:term":[{"taxonomy":"product_brand","embeddable":true,"href":"https:\/\/www.lojamelhordosul.com.br\/site\/wp-json\/wp\/v2\/product_brand?post=15994"},{"taxonomy":"product_cat","embeddable":true,"href":"https:\/\/www.lojamelhordosul.com.br\/site\/wp-json\/wp\/v2\/product_cat?post=15994"},{"taxonomy":"product_tag","embeddable":true,"href":"https:\/\/www.lojamelhordosul.com.br\/site\/wp-json\/wp\/v2\/product_tag?post=15994"}],"curies":[{"name":"wp","href":"https:\/\/api.w.org\/{rel}","templated":true}]}}