{"id":16005,"date":"2025-08-29T14:02:45","date_gmt":"2025-08-29T17:02:45","guid":{"rendered":"https:\/\/www.lojamelhordosul.com.br\/site\/?post_type=product&#038;p=16005"},"modified":"2025-12-26T15:22:32","modified_gmt":"2025-12-26T18:22:32","slug":"cabo-de-rede-utp-cat6-23awg-x-4p-azul-mpt-cable-305m","status":"publish","type":"product","link":"https:\/\/www.lojamelhordosul.com.br\/site\/produto\/cabo-de-rede-utp-cat6-23awg-x-4p-azul-mpt-cable-305m\/","title":{"rendered":"Cabo De Rede Utp Cat6 23awg X 4p Azul &#8211; Mpt Cable 305m"},"content":{"rendered":"","protected":false},"excerpt":{"rendered":"<p>Caixa de Cabo da Marca MPT Cable de Rede Cat6 23AWG x 4P Azul &#8211; 305 metros<\/p>\n<p>Cabo constitu\u00eddo por condutores de cobre maci\u00e7o, com isola\u00e7\u00e3o em termopl\u00e1stico, torcidos em pares e n\u00facleo protegido por um revestimento externo de material n\u00e3o propaga a chama.<\/p>\n<p>Aplica\u00e7\u00f5es e uso:<br \/>\n&#8211; Este cabo foi desenvolvido para Instala\u00e7\u00e3o interna horizontal, 10 GIGABIT Ethernet Bit, GIGABIT ETHERNET, 100 BASE TX \/ T4, 100 vg, ATM 155 e outros padr\u00f5es compat\u00edveis com o Cabo CAT 6, RoHS. Os cabos CM s\u00e3o indicados para aplica\u00e7\u00e3o em tubula\u00e7\u00f5es com muita ocupa\u00e7\u00e3o, em locais sem fluxo de ar for\u00e7ado, em instala\u00e7\u00f5es em um mesmo ambiente ou em locais com condi\u00e7\u00f5es de propaga\u00e7\u00e3o de fogo similares a estas.<\/p>\n<p>Constru\u00e7\u00e3o:<br \/>\n&#8211; Conjunto constitu\u00eddo por condutores de cobre maci\u00e7o de alta pureza di\u00e2metro 23AWG<br \/>\n&#8211; Os condutores de cobre s\u00e3o isolados individualmente por material termopl\u00e1stico com caracter\u00edsticas el\u00e9tricas especiais e cores distintas para sua identifica\u00e7\u00e3o<br \/>\n&#8211; Os condutores isolados s\u00e3o torcidos em pares com passos de binagem calculados para o correto desacoplamento e melhoria da transmiss\u00e3o, sendo reunidos ao redor de um elemento pl\u00e1stico separador formando o n\u00facleo do cabo<br \/>\n&#8211; Revestimento externo em material n\u00e3o propagante a chama, com aditivos adequados, classifica\u00e7\u00e3o frente a chama tipo CM, em conformidade com a diretiva RoHS, em cores distintas<\/p>\n<p>Capacidade:<br \/>\n&#8211; Os cabos possuem 4 pares<\/p>\n<p>Categoria de transmiss\u00e3o:<br \/>\n&#8211; Os cabos UTP Cat 6 possuem caracter\u00edsticas de transmiss\u00e3o verificadas at\u00e9 250MHz<\/p>\n<p>Normas, Especifica\u00e7\u00f5es e Performance<br \/>\n&#8211; ANSI\/TIA-568.2-D<br \/>\n&#8211; ANATEL Requisitos t\u00e9cnicos Categoria I &#8211; Cabo sem blindagem categoria 6 condutor s\u00f3lido para uso interno par tran\u00e7ado de 100 ohms<br \/>\n&#8211; ABNT NBR 14703, ABNT NBR 14705<\/p>\n<p>Garantia do vendedor: 90 dias<\/p>\n","protected":false},"featured_media":16006,"comment_status":"closed","ping_status":"closed","template":"","meta":[],"product_brand":[],"product_cat":[2727,2729,2726],"product_tag":[],"class_list":{"0":"post-16005","1":"product","2":"type-product","3":"status-publish","4":"has-post-thumbnail","6":"product_cat-cabos-e-conectores-cabos","7":"product_cat-cabos-de-rede","8":"product_cat-cabos-conectores","10":"first","11":"outofstock","12":"shipping-taxable","13":"purchasable","14":"product-type-simple"},"yoast_head":"<!-- This site is optimized with the Yoast SEO plugin v27.4 - https:\/\/yoast.com\/product\/yoast-seo-wordpress\/ -->\n<title>Cabo De Rede Utp Cat6 23awg X 4p Azul - Mpt Cable 305m - Loja Melhor do Sul Sistemas de Seguran\u00e7a<\/title>\n<meta name=\"robots\" content=\"index, follow, max-snippet:-1, max-image-preview:large, max-video-preview:-1\" \/>\n<link rel=\"canonical\" href=\"https:\/\/www.lojamelhordosul.com.br\/site\/produto\/cabo-de-rede-utp-cat6-23awg-x-4p-azul-mpt-cable-305m\/\" \/>\n<meta property=\"og:locale\" content=\"pt_BR\" \/>\n<meta property=\"og:type\" content=\"article\" \/>\n<meta property=\"og:title\" content=\"Cabo De Rede Utp Cat6 23awg X 4p Azul - Mpt Cable 305m - Loja Melhor do Sul Sistemas de Seguran\u00e7a\" \/>\n<meta property=\"og:description\" content=\"Caixa de Cabo da Marca MPT Cable de Rede Cat6 23AWG x 4P Azul - 305 metros  Cabo constitu\u00eddo por condutores de cobre maci\u00e7o, com isola\u00e7\u00e3o em termopl\u00e1stico, torcidos em pares e n\u00facleo protegido por um revestimento externo de material n\u00e3o propaga a chama.  Aplica\u00e7\u00f5es e uso: - Este cabo foi desenvolvido para Instala\u00e7\u00e3o interna horizontal, 10 GIGABIT Ethernet Bit, GIGABIT ETHERNET, 100 BASE TX \/ T4, 100 vg, ATM 155 e outros padr\u00f5es compat\u00edveis com o Cabo CAT 6, RoHS. Os cabos CM s\u00e3o indicados para aplica\u00e7\u00e3o em tubula\u00e7\u00f5es com muita ocupa\u00e7\u00e3o, em locais sem fluxo de ar for\u00e7ado, em instala\u00e7\u00f5es em um mesmo ambiente ou em locais com condi\u00e7\u00f5es de propaga\u00e7\u00e3o de fogo similares a estas.  Constru\u00e7\u00e3o: - Conjunto constitu\u00eddo por condutores de cobre maci\u00e7o de alta pureza di\u00e2metro 23AWG - Os condutores de cobre s\u00e3o isolados individualmente por material termopl\u00e1stico com caracter\u00edsticas el\u00e9tricas especiais e cores distintas para sua identifica\u00e7\u00e3o - Os condutores isolados s\u00e3o torcidos em pares com passos de binagem calculados para o correto desacoplamento e melhoria da transmiss\u00e3o, sendo reunidos ao redor de um elemento pl\u00e1stico separador formando o n\u00facleo do cabo - Revestimento externo em material n\u00e3o propagante a chama, com aditivos adequados, classifica\u00e7\u00e3o frente a chama tipo CM, em conformidade com a diretiva RoHS, em cores distintas  Capacidade: - Os cabos possuem 4 pares  Categoria de transmiss\u00e3o: - Os cabos UTP Cat 6 possuem caracter\u00edsticas de transmiss\u00e3o verificadas at\u00e9 250MHz  Normas, Especifica\u00e7\u00f5es e Performance - ANSI\/TIA-568.2-D - ANATEL Requisitos t\u00e9cnicos Categoria I - Cabo sem blindagem categoria 6 condutor s\u00f3lido para uso interno par tran\u00e7ado de 100 ohms - ABNT NBR 14703, ABNT NBR 14705  Garantia do vendedor: 90 dias\" \/>\n<meta property=\"og:url\" content=\"https:\/\/www.lojamelhordosul.com.br\/site\/produto\/cabo-de-rede-utp-cat6-23awg-x-4p-azul-mpt-cable-305m\/\" \/>\n<meta property=\"og:site_name\" content=\"Loja Melhor do Sul Sistemas de Seguran\u00e7a\" \/>\n<meta property=\"article:modified_time\" content=\"2025-12-26T18:22:32+00:00\" \/>\n<meta property=\"og:image\" content=\"https:\/\/www.lojamelhordosul.com.br\/site\/wp-content\/uploads\/2025\/08\/ml-cabo.png\" \/>\n\t<meta property=\"og:image:width\" content=\"886\" \/>\n\t<meta property=\"og:image:height\" content=\"735\" \/>\n\t<meta property=\"og:image:type\" content=\"image\/png\" \/>\n<meta name=\"twitter:card\" content=\"summary_large_image\" \/>\n<meta name=\"twitter:label1\" content=\"Est. tempo de leitura\" \/>\n\t<meta name=\"twitter:data1\" content=\"1 minuto\" \/>\n<script type=\"application\/ld+json\" class=\"yoast-schema-graph\">{\"@context\":\"https:\\\/\\\/schema.org\",\"@graph\":[{\"@type\":\"WebPage\",\"@id\":\"https:\\\/\\\/www.lojamelhordosul.com.br\\\/site\\\/produto\\\/cabo-de-rede-utp-cat6-23awg-x-4p-azul-mpt-cable-305m\\\/\",\"url\":\"https:\\\/\\\/www.lojamelhordosul.com.br\\\/site\\\/produto\\\/cabo-de-rede-utp-cat6-23awg-x-4p-azul-mpt-cable-305m\\\/\",\"name\":\"Cabo De Rede Utp Cat6 23awg X 4p Azul - Mpt Cable 305m - Loja Melhor do Sul Sistemas de Seguran\u00e7a\",\"isPartOf\":{\"@id\":\"https:\\\/\\\/www.lojamelhordosul.com.br\\\/site\\\/#website\"},\"primaryImageOfPage\":{\"@id\":\"https:\\\/\\\/www.lojamelhordosul.com.br\\\/site\\\/produto\\\/cabo-de-rede-utp-cat6-23awg-x-4p-azul-mpt-cable-305m\\\/#primaryimage\"},\"image\":{\"@id\":\"https:\\\/\\\/www.lojamelhordosul.com.br\\\/site\\\/produto\\\/cabo-de-rede-utp-cat6-23awg-x-4p-azul-mpt-cable-305m\\\/#primaryimage\"},\"thumbnailUrl\":\"https:\\\/\\\/www.lojamelhordosul.com.br\\\/site\\\/wp-content\\\/uploads\\\/2025\\\/08\\\/ml-cabo.png\",\"datePublished\":\"2025-08-29T17:02:45+00:00\",\"dateModified\":\"2025-12-26T18:22:32+00:00\",\"breadcrumb\":{\"@id\":\"https:\\\/\\\/www.lojamelhordosul.com.br\\\/site\\\/produto\\\/cabo-de-rede-utp-cat6-23awg-x-4p-azul-mpt-cable-305m\\\/#breadcrumb\"},\"inLanguage\":\"pt-BR\",\"potentialAction\":[{\"@type\":\"ReadAction\",\"target\":[\"https:\\\/\\\/www.lojamelhordosul.com.br\\\/site\\\/produto\\\/cabo-de-rede-utp-cat6-23awg-x-4p-azul-mpt-cable-305m\\\/\"]}]},{\"@type\":\"ImageObject\",\"inLanguage\":\"pt-BR\",\"@id\":\"https:\\\/\\\/www.lojamelhordosul.com.br\\\/site\\\/produto\\\/cabo-de-rede-utp-cat6-23awg-x-4p-azul-mpt-cable-305m\\\/#primaryimage\",\"url\":\"https:\\\/\\\/www.lojamelhordosul.com.br\\\/site\\\/wp-content\\\/uploads\\\/2025\\\/08\\\/ml-cabo.png\",\"contentUrl\":\"https:\\\/\\\/www.lojamelhordosul.com.br\\\/site\\\/wp-content\\\/uploads\\\/2025\\\/08\\\/ml-cabo.png\",\"width\":886,\"height\":735},{\"@type\":\"BreadcrumbList\",\"@id\":\"https:\\\/\\\/www.lojamelhordosul.com.br\\\/site\\\/produto\\\/cabo-de-rede-utp-cat6-23awg-x-4p-azul-mpt-cable-305m\\\/#breadcrumb\",\"itemListElement\":[{\"@type\":\"ListItem\",\"position\":1,\"name\":\"In\u00edcio\",\"item\":\"https:\\\/\\\/www.lojamelhordosul.com.br\\\/site\\\/\"},{\"@type\":\"ListItem\",\"position\":2,\"name\":\"Loja\",\"item\":\"https:\\\/\\\/www.lojamelhordosul.com.br\\\/site\\\/loja\\\/\"},{\"@type\":\"ListItem\",\"position\":3,\"name\":\"Cabo De Rede Utp Cat6 23awg X 4p Azul &#8211; Mpt Cable 305m\"}]},{\"@type\":\"WebSite\",\"@id\":\"https:\\\/\\\/www.lojamelhordosul.com.br\\\/site\\\/#website\",\"url\":\"https:\\\/\\\/www.lojamelhordosul.com.br\\\/site\\\/\",\"name\":\"Loja Melhor do Sul Sistemas de Seguran\u00e7a\",\"description\":\"Loja Melhor do Sul - Revenda Ouro Intelbras em Porto Alegre\",\"publisher\":{\"@id\":\"https:\\\/\\\/www.lojamelhordosul.com.br\\\/site\\\/#organization\"},\"potentialAction\":[{\"@type\":\"SearchAction\",\"target\":{\"@type\":\"EntryPoint\",\"urlTemplate\":\"https:\\\/\\\/www.lojamelhordosul.com.br\\\/site\\\/?s={search_term_string}\"},\"query-input\":{\"@type\":\"PropertyValueSpecification\",\"valueRequired\":true,\"valueName\":\"search_term_string\"}}],\"inLanguage\":\"pt-BR\"},{\"@type\":\"Organization\",\"@id\":\"https:\\\/\\\/www.lojamelhordosul.com.br\\\/site\\\/#organization\",\"name\":\"Loja Melhor do Sul\",\"url\":\"https:\\\/\\\/www.lojamelhordosul.com.br\\\/site\\\/\",\"logo\":{\"@type\":\"ImageObject\",\"inLanguage\":\"pt-BR\",\"@id\":\"https:\\\/\\\/www.lojamelhordosul.com.br\\\/site\\\/#\\\/schema\\\/logo\\\/image\\\/\",\"url\":\"https:\\\/\\\/www.lojamelhordosul.com.br\\\/site\\\/wp-content\\\/uploads\\\/2019\\\/10\\\/logo-longo-da-loja.png\",\"contentUrl\":\"https:\\\/\\\/www.lojamelhordosul.com.br\\\/site\\\/wp-content\\\/uploads\\\/2019\\\/10\\\/logo-longo-da-loja.png\",\"width\":597,\"height\":114,\"caption\":\"Loja Melhor do Sul\"},\"image\":{\"@id\":\"https:\\\/\\\/www.lojamelhordosul.com.br\\\/site\\\/#\\\/schema\\\/logo\\\/image\\\/\"}}]}<\/script>\n<!-- \/ Yoast SEO plugin. -->","yoast_head_json":{"title":"Cabo De Rede Utp Cat6 23awg X 4p Azul - Mpt Cable 305m - Loja Melhor do Sul Sistemas de Seguran\u00e7a","robots":{"index":"index","follow":"follow","max-snippet":"max-snippet:-1","max-image-preview":"max-image-preview:large","max-video-preview":"max-video-preview:-1"},"canonical":"https:\/\/www.lojamelhordosul.com.br\/site\/produto\/cabo-de-rede-utp-cat6-23awg-x-4p-azul-mpt-cable-305m\/","og_locale":"pt_BR","og_type":"article","og_title":"Cabo De Rede Utp Cat6 23awg X 4p Azul - Mpt Cable 305m - Loja Melhor do Sul Sistemas de Seguran\u00e7a","og_description":"Caixa de Cabo da Marca MPT Cable de Rede Cat6 23AWG x 4P Azul - 305 metros  Cabo constitu\u00eddo por condutores de cobre maci\u00e7o, com isola\u00e7\u00e3o em termopl\u00e1stico, torcidos em pares e n\u00facleo protegido por um revestimento externo de material n\u00e3o propaga a chama.  Aplica\u00e7\u00f5es e uso: - Este cabo foi desenvolvido para Instala\u00e7\u00e3o interna horizontal, 10 GIGABIT Ethernet Bit, GIGABIT ETHERNET, 100 BASE TX \/ T4, 100 vg, ATM 155 e outros padr\u00f5es compat\u00edveis com o Cabo CAT 6, RoHS. Os cabos CM s\u00e3o indicados para aplica\u00e7\u00e3o em tubula\u00e7\u00f5es com muita ocupa\u00e7\u00e3o, em locais sem fluxo de ar for\u00e7ado, em instala\u00e7\u00f5es em um mesmo ambiente ou em locais com condi\u00e7\u00f5es de propaga\u00e7\u00e3o de fogo similares a estas.  Constru\u00e7\u00e3o: - Conjunto constitu\u00eddo por condutores de cobre maci\u00e7o de alta pureza di\u00e2metro 23AWG - Os condutores de cobre s\u00e3o isolados individualmente por material termopl\u00e1stico com caracter\u00edsticas el\u00e9tricas especiais e cores distintas para sua identifica\u00e7\u00e3o - Os condutores isolados s\u00e3o torcidos em pares com passos de binagem calculados para o correto desacoplamento e melhoria da transmiss\u00e3o, sendo reunidos ao redor de um elemento pl\u00e1stico separador formando o n\u00facleo do cabo - Revestimento externo em material n\u00e3o propagante a chama, com aditivos adequados, classifica\u00e7\u00e3o frente a chama tipo CM, em conformidade com a diretiva RoHS, em cores distintas  Capacidade: - Os cabos possuem 4 pares  Categoria de transmiss\u00e3o: - Os cabos UTP Cat 6 possuem caracter\u00edsticas de transmiss\u00e3o verificadas at\u00e9 250MHz  Normas, Especifica\u00e7\u00f5es e Performance - ANSI\/TIA-568.2-D - ANATEL Requisitos t\u00e9cnicos Categoria I - Cabo sem blindagem categoria 6 condutor s\u00f3lido para uso interno par tran\u00e7ado de 100 ohms - ABNT NBR 14703, ABNT NBR 14705  Garantia do vendedor: 90 dias","og_url":"https:\/\/www.lojamelhordosul.com.br\/site\/produto\/cabo-de-rede-utp-cat6-23awg-x-4p-azul-mpt-cable-305m\/","og_site_name":"Loja Melhor do Sul Sistemas de Seguran\u00e7a","article_modified_time":"2025-12-26T18:22:32+00:00","og_image":[{"width":886,"height":735,"url":"https:\/\/www.lojamelhordosul.com.br\/site\/wp-content\/uploads\/2025\/08\/ml-cabo.png","type":"image\/png"}],"twitter_card":"summary_large_image","twitter_misc":{"Est. tempo de leitura":"1 minuto"},"schema":{"@context":"https:\/\/schema.org","@graph":[{"@type":"WebPage","@id":"https:\/\/www.lojamelhordosul.com.br\/site\/produto\/cabo-de-rede-utp-cat6-23awg-x-4p-azul-mpt-cable-305m\/","url":"https:\/\/www.lojamelhordosul.com.br\/site\/produto\/cabo-de-rede-utp-cat6-23awg-x-4p-azul-mpt-cable-305m\/","name":"Cabo De Rede Utp Cat6 23awg X 4p Azul - Mpt Cable 305m - Loja Melhor do Sul Sistemas de Seguran\u00e7a","isPartOf":{"@id":"https:\/\/www.lojamelhordosul.com.br\/site\/#website"},"primaryImageOfPage":{"@id":"https:\/\/www.lojamelhordosul.com.br\/site\/produto\/cabo-de-rede-utp-cat6-23awg-x-4p-azul-mpt-cable-305m\/#primaryimage"},"image":{"@id":"https:\/\/www.lojamelhordosul.com.br\/site\/produto\/cabo-de-rede-utp-cat6-23awg-x-4p-azul-mpt-cable-305m\/#primaryimage"},"thumbnailUrl":"https:\/\/www.lojamelhordosul.com.br\/site\/wp-content\/uploads\/2025\/08\/ml-cabo.png","datePublished":"2025-08-29T17:02:45+00:00","dateModified":"2025-12-26T18:22:32+00:00","breadcrumb":{"@id":"https:\/\/www.lojamelhordosul.com.br\/site\/produto\/cabo-de-rede-utp-cat6-23awg-x-4p-azul-mpt-cable-305m\/#breadcrumb"},"inLanguage":"pt-BR","potentialAction":[{"@type":"ReadAction","target":["https:\/\/www.lojamelhordosul.com.br\/site\/produto\/cabo-de-rede-utp-cat6-23awg-x-4p-azul-mpt-cable-305m\/"]}]},{"@type":"ImageObject","inLanguage":"pt-BR","@id":"https:\/\/www.lojamelhordosul.com.br\/site\/produto\/cabo-de-rede-utp-cat6-23awg-x-4p-azul-mpt-cable-305m\/#primaryimage","url":"https:\/\/www.lojamelhordosul.com.br\/site\/wp-content\/uploads\/2025\/08\/ml-cabo.png","contentUrl":"https:\/\/www.lojamelhordosul.com.br\/site\/wp-content\/uploads\/2025\/08\/ml-cabo.png","width":886,"height":735},{"@type":"BreadcrumbList","@id":"https:\/\/www.lojamelhordosul.com.br\/site\/produto\/cabo-de-rede-utp-cat6-23awg-x-4p-azul-mpt-cable-305m\/#breadcrumb","itemListElement":[{"@type":"ListItem","position":1,"name":"In\u00edcio","item":"https:\/\/www.lojamelhordosul.com.br\/site\/"},{"@type":"ListItem","position":2,"name":"Loja","item":"https:\/\/www.lojamelhordosul.com.br\/site\/loja\/"},{"@type":"ListItem","position":3,"name":"Cabo De Rede Utp Cat6 23awg X 4p Azul &#8211; Mpt Cable 305m"}]},{"@type":"WebSite","@id":"https:\/\/www.lojamelhordosul.com.br\/site\/#website","url":"https:\/\/www.lojamelhordosul.com.br\/site\/","name":"Loja Melhor do Sul Sistemas de Seguran\u00e7a","description":"Loja Melhor do Sul - Revenda Ouro Intelbras em Porto Alegre","publisher":{"@id":"https:\/\/www.lojamelhordosul.com.br\/site\/#organization"},"potentialAction":[{"@type":"SearchAction","target":{"@type":"EntryPoint","urlTemplate":"https:\/\/www.lojamelhordosul.com.br\/site\/?s={search_term_string}"},"query-input":{"@type":"PropertyValueSpecification","valueRequired":true,"valueName":"search_term_string"}}],"inLanguage":"pt-BR"},{"@type":"Organization","@id":"https:\/\/www.lojamelhordosul.com.br\/site\/#organization","name":"Loja Melhor do Sul","url":"https:\/\/www.lojamelhordosul.com.br\/site\/","logo":{"@type":"ImageObject","inLanguage":"pt-BR","@id":"https:\/\/www.lojamelhordosul.com.br\/site\/#\/schema\/logo\/image\/","url":"https:\/\/www.lojamelhordosul.com.br\/site\/wp-content\/uploads\/2019\/10\/logo-longo-da-loja.png","contentUrl":"https:\/\/www.lojamelhordosul.com.br\/site\/wp-content\/uploads\/2019\/10\/logo-longo-da-loja.png","width":597,"height":114,"caption":"Loja Melhor do Sul"},"image":{"@id":"https:\/\/www.lojamelhordosul.com.br\/site\/#\/schema\/logo\/image\/"}}]}},"_links":{"self":[{"href":"https:\/\/www.lojamelhordosul.com.br\/site\/wp-json\/wp\/v2\/product\/16005","targetHints":{"allow":["GET"]}}],"collection":[{"href":"https:\/\/www.lojamelhordosul.com.br\/site\/wp-json\/wp\/v2\/product"}],"about":[{"href":"https:\/\/www.lojamelhordosul.com.br\/site\/wp-json\/wp\/v2\/types\/product"}],"replies":[{"embeddable":true,"href":"https:\/\/www.lojamelhordosul.com.br\/site\/wp-json\/wp\/v2\/comments?post=16005"}],"wp:featuredmedia":[{"embeddable":true,"href":"https:\/\/www.lojamelhordosul.com.br\/site\/wp-json\/wp\/v2\/media\/16006"}],"wp:attachment":[{"href":"https:\/\/www.lojamelhordosul.com.br\/site\/wp-json\/wp\/v2\/media?parent=16005"}],"wp:term":[{"taxonomy":"product_brand","embeddable":true,"href":"https:\/\/www.lojamelhordosul.com.br\/site\/wp-json\/wp\/v2\/product_brand?post=16005"},{"taxonomy":"product_cat","embeddable":true,"href":"https:\/\/www.lojamelhordosul.com.br\/site\/wp-json\/wp\/v2\/product_cat?post=16005"},{"taxonomy":"product_tag","embeddable":true,"href":"https:\/\/www.lojamelhordosul.com.br\/site\/wp-json\/wp\/v2\/product_tag?post=16005"}],"curies":[{"name":"wp","href":"https:\/\/api.w.org\/{rel}","templated":true}]}}