{"id":16049,"date":"2025-09-17T10:09:36","date_gmt":"2025-09-17T13:09:36","guid":{"rendered":"https:\/\/www.lojamelhordosul.com.br\/site\/?post_type=product&#038;p=16049"},"modified":"2026-03-10T15:25:54","modified_gmt":"2026-03-10T18:25:54","slug":"radio-comunicador-a-prova-dagua-rc-4102-waterproof-intelbras","status":"publish","type":"product","link":"https:\/\/www.lojamelhordosul.com.br\/site\/produto\/radio-comunicador-a-prova-dagua-rc-4102-waterproof-intelbras\/","title":{"rendered":"R\u00e1dio Comunicador \u00e0 prova d\u2019\u00e1gua &#8211; RC 4102 WaterProof Intelbras"},"content":{"rendered":"","protected":false},"excerpt":{"rendered":"<p>Um aliado para comunica\u00e7\u00e3o objetiva, \u00e1gil e sem fios. Com display luminoso, lanterna, prote\u00e7\u00e3o IP67 \u00e0 prova d\u2019\u00e1gua e poeira.<\/p>\n<div class=\"mt2 mb2 \">\n<h2 class=\"weight--small-300 weight--large-200 block-mini-banner__title h3\">Comunica\u00e7\u00e3o eficaz e segura<\/h2>\n<\/div>\n<div class=\"text text--300\">\n<div class=\"block-template overflow-hidden\">\n<p>Comunica\u00e7\u00e3o clara \u00e0 prova de \u00e1gua e poeira. Flutua\u00e7\u00e3o e sensor de imers\u00e3o, que aciona seu led imediatamente em contato com a \u00e1gua para mais seguran\u00e7a.<\/p>\n<div class=\"mt2 mb2 \">\n<h2 class=\"weight--small-300 weight--large-200 block-mini-banner__title h3\">Praticidade e efici\u00eancia na rotina<\/h2>\n<\/div>\n<div class=\"text text--300\">\n<div class=\"block-template overflow-hidden\">\n<p>Compat\u00edvel com r\u00e1dios anal\u00f3gicos de mesma frequ\u00eancia. Fun\u00e7\u00e3o VOX para uso com fones de ouvidos da linha HC 20\u00b9 (P1).<\/p>\n<p>*Acess\u00f3rio vendido separadamente.<\/p>\n<div class=\"mt2 mb2 \">\n<h2 class=\"weight--small-300 weight--large-200 block-mini-banner__title h3\">Recarga f\u00e1cil<\/h2>\n<\/div>\n<div class=\"text text--300\">\n<div class=\"block-template overflow-hidden\">\n<p>Autonomia de at\u00e9 10 horas, compat\u00edvel com carregadores port\u00e1teis Micro USB (Tipo B). Acompanha 06 pilhas recarreg\u00e1veis AA e 01 base carregadora dupla.<\/p>\n<div class=\"mt2 mb2 \">\n<h2 class=\"weight--small-300 weight--large-200 block-mini-banner__title h3\">Comunica\u00e7\u00e3o de longo alcance<\/h2>\n<\/div>\n<div class=\"text text--300\">\n<div class=\"block-template overflow-hidden\">\n<p>Atende a diversas necessidades, em diferentes cen\u00e1rios.<\/p>\n<p>*Clima e terreno influenciam alcance. Consulte o manual para mais esclarecimentos.<\/p>\n<div class=\"mt2 mb2 \">\n<h2 class=\"weight--small-300 weight--large-200 block-mini-banner__title h3\">Indispens\u00e1vel para a aventura<\/h2>\n<\/div>\n<div class=\"text text--300\">\n<div class=\"block-template overflow-hidden\">\n<p>&#8211; Visor com alto brilho;<\/p>\n<p>&#8211; ClipBelt;<\/p>\n<p>&#8211; Suporta carregadores port\u00e1teis;<\/p>\n<p>&#8211; Bateria com dura\u00e7\u00e3o de at\u00e9 10h\u00b9;<\/p>\n<\/div>\n<\/div>\n<\/div>\n<\/div>\n<\/div>\n<\/div>\n<\/div>\n<\/div>\n<\/div>\n<\/div>\n","protected":false},"featured_media":16050,"comment_status":"closed","ping_status":"closed","template":"","meta":[],"product_brand":[],"product_cat":[2784,2797],"product_tag":[],"class_list":{"0":"post-16049","1":"product","2":"type-product","3":"status-publish","4":"has-post-thumbnail","6":"product_cat-area-comunicacao","7":"product_cat-comunicacao-radiocomunicadores","9":"first","10":"instock","11":"shipping-taxable","12":"purchasable","13":"product-type-simple"},"yoast_head":"<!-- This site is optimized with the Yoast SEO plugin v27.5 - https:\/\/yoast.com\/product\/yoast-seo-wordpress\/ -->\n<title>R\u00e1dio Comunicador \u00e0 prova d\u2019\u00e1gua - RC 4102 WaterProof Intelbras - Loja Melhor do Sul Sistemas de Seguran\u00e7a<\/title>\n<meta name=\"robots\" content=\"index, follow, max-snippet:-1, max-image-preview:large, max-video-preview:-1\" \/>\n<link rel=\"canonical\" href=\"https:\/\/www.lojamelhordosul.com.br\/site\/produto\/radio-comunicador-a-prova-dagua-rc-4102-waterproof-intelbras\/\" \/>\n<meta property=\"og:locale\" content=\"pt_BR\" \/>\n<meta property=\"og:type\" content=\"article\" \/>\n<meta property=\"og:title\" content=\"R\u00e1dio Comunicador \u00e0 prova d\u2019\u00e1gua - RC 4102 WaterProof Intelbras - Loja Melhor do Sul Sistemas de Seguran\u00e7a\" \/>\n<meta property=\"og:description\" content=\"Um aliado para comunica\u00e7\u00e3o objetiva, \u00e1gil e sem fios. Com display luminoso, lanterna, prote\u00e7\u00e3o IP67 \u00e0 prova d\u2019\u00e1gua e poeira.  Comunica\u00e7\u00e3o eficaz e segura     Comunica\u00e7\u00e3o clara \u00e0 prova de \u00e1gua e poeira. Flutua\u00e7\u00e3o e sensor de imers\u00e3o, que aciona seu led imediatamente em contato com a \u00e1gua para mais seguran\u00e7a.  Praticidade e efici\u00eancia na rotina     Compat\u00edvel com r\u00e1dios anal\u00f3gicos de mesma frequ\u00eancia. Fun\u00e7\u00e3o VOX para uso com fones de ouvidos da linha HC 20\u00b9 (P1).  *Acess\u00f3rio vendido separadamente.  Recarga f\u00e1cil     Autonomia de at\u00e9 10 horas, compat\u00edvel com carregadores port\u00e1teis Micro USB (Tipo B). Acompanha 06 pilhas recarreg\u00e1veis AA e 01 base carregadora dupla.  Comunica\u00e7\u00e3o de longo alcance     Atende a diversas necessidades, em diferentes cen\u00e1rios.  *Clima e terreno influenciam alcance. Consulte o manual para mais esclarecimentos.  Indispens\u00e1vel para a aventura     - Visor com alto brilho;  - ClipBelt;  - Suporta carregadores port\u00e1teis;  - Bateria com dura\u00e7\u00e3o de at\u00e9 10h\u00b9;\" \/>\n<meta property=\"og:url\" content=\"https:\/\/www.lojamelhordosul.com.br\/site\/produto\/radio-comunicador-a-prova-dagua-rc-4102-waterproof-intelbras\/\" \/>\n<meta property=\"og:site_name\" content=\"Loja Melhor do Sul Sistemas de Seguran\u00e7a\" \/>\n<meta property=\"article:modified_time\" content=\"2026-03-10T18:25:54+00:00\" \/>\n<meta property=\"og:image\" content=\"https:\/\/www.lojamelhordosul.com.br\/site\/wp-content\/uploads\/2025\/09\/Captura-de-tela-2025-09-17-101103.png\" \/>\n\t<meta property=\"og:image:width\" content=\"536\" \/>\n\t<meta property=\"og:image:height\" content=\"366\" \/>\n\t<meta property=\"og:image:type\" content=\"image\/png\" \/>\n<meta name=\"twitter:card\" content=\"summary_large_image\" \/>\n<meta name=\"twitter:label1\" content=\"Est. tempo de leitura\" \/>\n\t<meta name=\"twitter:data1\" content=\"1 minuto\" \/>\n<script type=\"application\/ld+json\" class=\"yoast-schema-graph\">{\"@context\":\"https:\\\/\\\/schema.org\",\"@graph\":[{\"@type\":\"WebPage\",\"@id\":\"https:\\\/\\\/www.lojamelhordosul.com.br\\\/site\\\/produto\\\/radio-comunicador-a-prova-dagua-rc-4102-waterproof-intelbras\\\/\",\"url\":\"https:\\\/\\\/www.lojamelhordosul.com.br\\\/site\\\/produto\\\/radio-comunicador-a-prova-dagua-rc-4102-waterproof-intelbras\\\/\",\"name\":\"R\u00e1dio Comunicador \u00e0 prova d\u2019\u00e1gua - RC 4102 WaterProof Intelbras - Loja Melhor do Sul Sistemas de Seguran\u00e7a\",\"isPartOf\":{\"@id\":\"https:\\\/\\\/www.lojamelhordosul.com.br\\\/site\\\/#website\"},\"primaryImageOfPage\":{\"@id\":\"https:\\\/\\\/www.lojamelhordosul.com.br\\\/site\\\/produto\\\/radio-comunicador-a-prova-dagua-rc-4102-waterproof-intelbras\\\/#primaryimage\"},\"image\":{\"@id\":\"https:\\\/\\\/www.lojamelhordosul.com.br\\\/site\\\/produto\\\/radio-comunicador-a-prova-dagua-rc-4102-waterproof-intelbras\\\/#primaryimage\"},\"thumbnailUrl\":\"https:\\\/\\\/www.lojamelhordosul.com.br\\\/site\\\/wp-content\\\/uploads\\\/2025\\\/09\\\/Captura-de-tela-2025-09-17-101103.png\",\"datePublished\":\"2025-09-17T13:09:36+00:00\",\"dateModified\":\"2026-03-10T18:25:54+00:00\",\"breadcrumb\":{\"@id\":\"https:\\\/\\\/www.lojamelhordosul.com.br\\\/site\\\/produto\\\/radio-comunicador-a-prova-dagua-rc-4102-waterproof-intelbras\\\/#breadcrumb\"},\"inLanguage\":\"pt-BR\",\"potentialAction\":[{\"@type\":\"ReadAction\",\"target\":[\"https:\\\/\\\/www.lojamelhordosul.com.br\\\/site\\\/produto\\\/radio-comunicador-a-prova-dagua-rc-4102-waterproof-intelbras\\\/\"]}]},{\"@type\":\"ImageObject\",\"inLanguage\":\"pt-BR\",\"@id\":\"https:\\\/\\\/www.lojamelhordosul.com.br\\\/site\\\/produto\\\/radio-comunicador-a-prova-dagua-rc-4102-waterproof-intelbras\\\/#primaryimage\",\"url\":\"https:\\\/\\\/www.lojamelhordosul.com.br\\\/site\\\/wp-content\\\/uploads\\\/2025\\\/09\\\/Captura-de-tela-2025-09-17-101103.png\",\"contentUrl\":\"https:\\\/\\\/www.lojamelhordosul.com.br\\\/site\\\/wp-content\\\/uploads\\\/2025\\\/09\\\/Captura-de-tela-2025-09-17-101103.png\",\"width\":536,\"height\":366},{\"@type\":\"BreadcrumbList\",\"@id\":\"https:\\\/\\\/www.lojamelhordosul.com.br\\\/site\\\/produto\\\/radio-comunicador-a-prova-dagua-rc-4102-waterproof-intelbras\\\/#breadcrumb\",\"itemListElement\":[{\"@type\":\"ListItem\",\"position\":1,\"name\":\"In\u00edcio\",\"item\":\"https:\\\/\\\/www.lojamelhordosul.com.br\\\/site\\\/\"},{\"@type\":\"ListItem\",\"position\":2,\"name\":\"Loja\",\"item\":\"https:\\\/\\\/www.lojamelhordosul.com.br\\\/site\\\/loja\\\/\"},{\"@type\":\"ListItem\",\"position\":3,\"name\":\"R\u00e1dio Comunicador \u00e0 prova d\u2019\u00e1gua &#8211; RC 4102 WaterProof Intelbras\"}]},{\"@type\":\"WebSite\",\"@id\":\"https:\\\/\\\/www.lojamelhordosul.com.br\\\/site\\\/#website\",\"url\":\"https:\\\/\\\/www.lojamelhordosul.com.br\\\/site\\\/\",\"name\":\"Loja Melhor do Sul Sistemas de Seguran\u00e7a\",\"description\":\"Loja Melhor do Sul - Revenda Ouro Intelbras em Porto Alegre\",\"publisher\":{\"@id\":\"https:\\\/\\\/www.lojamelhordosul.com.br\\\/site\\\/#organization\"},\"potentialAction\":[{\"@type\":\"SearchAction\",\"target\":{\"@type\":\"EntryPoint\",\"urlTemplate\":\"https:\\\/\\\/www.lojamelhordosul.com.br\\\/site\\\/?s={search_term_string}\"},\"query-input\":{\"@type\":\"PropertyValueSpecification\",\"valueRequired\":true,\"valueName\":\"search_term_string\"}}],\"inLanguage\":\"pt-BR\"},{\"@type\":\"Organization\",\"@id\":\"https:\\\/\\\/www.lojamelhordosul.com.br\\\/site\\\/#organization\",\"name\":\"Loja Melhor do Sul\",\"url\":\"https:\\\/\\\/www.lojamelhordosul.com.br\\\/site\\\/\",\"logo\":{\"@type\":\"ImageObject\",\"inLanguage\":\"pt-BR\",\"@id\":\"https:\\\/\\\/www.lojamelhordosul.com.br\\\/site\\\/#\\\/schema\\\/logo\\\/image\\\/\",\"url\":\"https:\\\/\\\/www.lojamelhordosul.com.br\\\/site\\\/wp-content\\\/uploads\\\/2019\\\/10\\\/logo-longo-da-loja.png\",\"contentUrl\":\"https:\\\/\\\/www.lojamelhordosul.com.br\\\/site\\\/wp-content\\\/uploads\\\/2019\\\/10\\\/logo-longo-da-loja.png\",\"width\":597,\"height\":114,\"caption\":\"Loja Melhor do Sul\"},\"image\":{\"@id\":\"https:\\\/\\\/www.lojamelhordosul.com.br\\\/site\\\/#\\\/schema\\\/logo\\\/image\\\/\"}}]}<\/script>\n<!-- \/ Yoast SEO plugin. -->","yoast_head_json":{"title":"R\u00e1dio Comunicador \u00e0 prova d\u2019\u00e1gua - RC 4102 WaterProof Intelbras - Loja Melhor do Sul Sistemas de Seguran\u00e7a","robots":{"index":"index","follow":"follow","max-snippet":"max-snippet:-1","max-image-preview":"max-image-preview:large","max-video-preview":"max-video-preview:-1"},"canonical":"https:\/\/www.lojamelhordosul.com.br\/site\/produto\/radio-comunicador-a-prova-dagua-rc-4102-waterproof-intelbras\/","og_locale":"pt_BR","og_type":"article","og_title":"R\u00e1dio Comunicador \u00e0 prova d\u2019\u00e1gua - RC 4102 WaterProof Intelbras - Loja Melhor do Sul Sistemas de Seguran\u00e7a","og_description":"Um aliado para comunica\u00e7\u00e3o objetiva, \u00e1gil e sem fios. Com display luminoso, lanterna, prote\u00e7\u00e3o IP67 \u00e0 prova d\u2019\u00e1gua e poeira.  Comunica\u00e7\u00e3o eficaz e segura     Comunica\u00e7\u00e3o clara \u00e0 prova de \u00e1gua e poeira. Flutua\u00e7\u00e3o e sensor de imers\u00e3o, que aciona seu led imediatamente em contato com a \u00e1gua para mais seguran\u00e7a.  Praticidade e efici\u00eancia na rotina     Compat\u00edvel com r\u00e1dios anal\u00f3gicos de mesma frequ\u00eancia. Fun\u00e7\u00e3o VOX para uso com fones de ouvidos da linha HC 20\u00b9 (P1).  *Acess\u00f3rio vendido separadamente.  Recarga f\u00e1cil     Autonomia de at\u00e9 10 horas, compat\u00edvel com carregadores port\u00e1teis Micro USB (Tipo B). Acompanha 06 pilhas recarreg\u00e1veis AA e 01 base carregadora dupla.  Comunica\u00e7\u00e3o de longo alcance     Atende a diversas necessidades, em diferentes cen\u00e1rios.  *Clima e terreno influenciam alcance. Consulte o manual para mais esclarecimentos.  Indispens\u00e1vel para a aventura     - Visor com alto brilho;  - ClipBelt;  - Suporta carregadores port\u00e1teis;  - Bateria com dura\u00e7\u00e3o de at\u00e9 10h\u00b9;","og_url":"https:\/\/www.lojamelhordosul.com.br\/site\/produto\/radio-comunicador-a-prova-dagua-rc-4102-waterproof-intelbras\/","og_site_name":"Loja Melhor do Sul Sistemas de Seguran\u00e7a","article_modified_time":"2026-03-10T18:25:54+00:00","og_image":[{"width":536,"height":366,"url":"https:\/\/www.lojamelhordosul.com.br\/site\/wp-content\/uploads\/2025\/09\/Captura-de-tela-2025-09-17-101103.png","type":"image\/png"}],"twitter_card":"summary_large_image","twitter_misc":{"Est. tempo de leitura":"1 minuto"},"schema":{"@context":"https:\/\/schema.org","@graph":[{"@type":"WebPage","@id":"https:\/\/www.lojamelhordosul.com.br\/site\/produto\/radio-comunicador-a-prova-dagua-rc-4102-waterproof-intelbras\/","url":"https:\/\/www.lojamelhordosul.com.br\/site\/produto\/radio-comunicador-a-prova-dagua-rc-4102-waterproof-intelbras\/","name":"R\u00e1dio Comunicador \u00e0 prova d\u2019\u00e1gua - RC 4102 WaterProof Intelbras - Loja Melhor do Sul Sistemas de Seguran\u00e7a","isPartOf":{"@id":"https:\/\/www.lojamelhordosul.com.br\/site\/#website"},"primaryImageOfPage":{"@id":"https:\/\/www.lojamelhordosul.com.br\/site\/produto\/radio-comunicador-a-prova-dagua-rc-4102-waterproof-intelbras\/#primaryimage"},"image":{"@id":"https:\/\/www.lojamelhordosul.com.br\/site\/produto\/radio-comunicador-a-prova-dagua-rc-4102-waterproof-intelbras\/#primaryimage"},"thumbnailUrl":"https:\/\/www.lojamelhordosul.com.br\/site\/wp-content\/uploads\/2025\/09\/Captura-de-tela-2025-09-17-101103.png","datePublished":"2025-09-17T13:09:36+00:00","dateModified":"2026-03-10T18:25:54+00:00","breadcrumb":{"@id":"https:\/\/www.lojamelhordosul.com.br\/site\/produto\/radio-comunicador-a-prova-dagua-rc-4102-waterproof-intelbras\/#breadcrumb"},"inLanguage":"pt-BR","potentialAction":[{"@type":"ReadAction","target":["https:\/\/www.lojamelhordosul.com.br\/site\/produto\/radio-comunicador-a-prova-dagua-rc-4102-waterproof-intelbras\/"]}]},{"@type":"ImageObject","inLanguage":"pt-BR","@id":"https:\/\/www.lojamelhordosul.com.br\/site\/produto\/radio-comunicador-a-prova-dagua-rc-4102-waterproof-intelbras\/#primaryimage","url":"https:\/\/www.lojamelhordosul.com.br\/site\/wp-content\/uploads\/2025\/09\/Captura-de-tela-2025-09-17-101103.png","contentUrl":"https:\/\/www.lojamelhordosul.com.br\/site\/wp-content\/uploads\/2025\/09\/Captura-de-tela-2025-09-17-101103.png","width":536,"height":366},{"@type":"BreadcrumbList","@id":"https:\/\/www.lojamelhordosul.com.br\/site\/produto\/radio-comunicador-a-prova-dagua-rc-4102-waterproof-intelbras\/#breadcrumb","itemListElement":[{"@type":"ListItem","position":1,"name":"In\u00edcio","item":"https:\/\/www.lojamelhordosul.com.br\/site\/"},{"@type":"ListItem","position":2,"name":"Loja","item":"https:\/\/www.lojamelhordosul.com.br\/site\/loja\/"},{"@type":"ListItem","position":3,"name":"R\u00e1dio Comunicador \u00e0 prova d\u2019\u00e1gua &#8211; RC 4102 WaterProof Intelbras"}]},{"@type":"WebSite","@id":"https:\/\/www.lojamelhordosul.com.br\/site\/#website","url":"https:\/\/www.lojamelhordosul.com.br\/site\/","name":"Loja Melhor do Sul Sistemas de Seguran\u00e7a","description":"Loja Melhor do Sul - Revenda Ouro Intelbras em Porto Alegre","publisher":{"@id":"https:\/\/www.lojamelhordosul.com.br\/site\/#organization"},"potentialAction":[{"@type":"SearchAction","target":{"@type":"EntryPoint","urlTemplate":"https:\/\/www.lojamelhordosul.com.br\/site\/?s={search_term_string}"},"query-input":{"@type":"PropertyValueSpecification","valueRequired":true,"valueName":"search_term_string"}}],"inLanguage":"pt-BR"},{"@type":"Organization","@id":"https:\/\/www.lojamelhordosul.com.br\/site\/#organization","name":"Loja Melhor do Sul","url":"https:\/\/www.lojamelhordosul.com.br\/site\/","logo":{"@type":"ImageObject","inLanguage":"pt-BR","@id":"https:\/\/www.lojamelhordosul.com.br\/site\/#\/schema\/logo\/image\/","url":"https:\/\/www.lojamelhordosul.com.br\/site\/wp-content\/uploads\/2019\/10\/logo-longo-da-loja.png","contentUrl":"https:\/\/www.lojamelhordosul.com.br\/site\/wp-content\/uploads\/2019\/10\/logo-longo-da-loja.png","width":597,"height":114,"caption":"Loja Melhor do Sul"},"image":{"@id":"https:\/\/www.lojamelhordosul.com.br\/site\/#\/schema\/logo\/image\/"}}]}},"_links":{"self":[{"href":"https:\/\/www.lojamelhordosul.com.br\/site\/wp-json\/wp\/v2\/product\/16049","targetHints":{"allow":["GET"]}}],"collection":[{"href":"https:\/\/www.lojamelhordosul.com.br\/site\/wp-json\/wp\/v2\/product"}],"about":[{"href":"https:\/\/www.lojamelhordosul.com.br\/site\/wp-json\/wp\/v2\/types\/product"}],"replies":[{"embeddable":true,"href":"https:\/\/www.lojamelhordosul.com.br\/site\/wp-json\/wp\/v2\/comments?post=16049"}],"wp:featuredmedia":[{"embeddable":true,"href":"https:\/\/www.lojamelhordosul.com.br\/site\/wp-json\/wp\/v2\/media\/16050"}],"wp:attachment":[{"href":"https:\/\/www.lojamelhordosul.com.br\/site\/wp-json\/wp\/v2\/media?parent=16049"}],"wp:term":[{"taxonomy":"product_brand","embeddable":true,"href":"https:\/\/www.lojamelhordosul.com.br\/site\/wp-json\/wp\/v2\/product_brand?post=16049"},{"taxonomy":"product_cat","embeddable":true,"href":"https:\/\/www.lojamelhordosul.com.br\/site\/wp-json\/wp\/v2\/product_cat?post=16049"},{"taxonomy":"product_tag","embeddable":true,"href":"https:\/\/www.lojamelhordosul.com.br\/site\/wp-json\/wp\/v2\/product_tag?post=16049"}],"curies":[{"name":"wp","href":"https:\/\/api.w.org\/{rel}","templated":true}]}}