{"id":16055,"date":"2025-09-24T15:13:08","date_gmt":"2025-09-24T18:13:08","guid":{"rendered":"https:\/\/www.lojamelhordosul.com.br\/site\/?post_type=product&#038;p=16055"},"modified":"2026-03-10T15:18:37","modified_gmt":"2026-03-10T18:18:37","slug":"nobreak-senoidal-bivolt-attiv-seno-1800va-bi-bi","status":"publish","type":"product","link":"https:\/\/www.lojamelhordosul.com.br\/site\/produto\/nobreak-senoidal-bivolt-attiv-seno-1800va-bi-bi\/","title":{"rendered":"Nobreak senoidal bivolt ATTIV SENO 1800VA-BI\/BI+"},"content":{"rendered":"<p><img decoding=\"async\" src=\"https:\/\/backend.intelbras.com\/sites\/default\/files\/styles\/large\/public\/2025-06\/bivolt-na-entrada-e-na-saida-attiv-seno-1800va-bibi%2B.png\" alt=\"bivolt-na-entrada-e-na-saida-attiv-seno-1800va-bibi+.png\" \/><\/p>\n<div class=\"mt2 mb2  \">\n<div class=\"grid-container  \">\n<div class=\"block-mini-banner is-product-page\" data-ga-name=\"section-mini-banner\">\n<div class=\"grid-x grid-container align-middle\">\n<div class=\"cell medium-auto medium-order-1\">\n<div class=\"block-mini-banner__content\">\n<div class=\"mt2 mb2 \">\n<h2 class=\"weight--small-300 weight--large-200 block-mini-banner__title h3\">Bivolt na entrada e na sa\u00edda<\/h2>\n<\/div>\n<div class=\"text text--300\">\n<div class=\"block-template overflow-hidden\">\n<p>Conta com entrada bivolt autom\u00e1tica e sa\u00edda selecion\u00e1vel em 120V ou 220V, configur\u00e1vel por uma chave HH localizada na traseira do produto.<\/p>\n<p>&nbsp;<\/p>\n<p>&nbsp;<\/p>\n<\/div>\n<\/div>\n<\/div>\n<\/div>\n<\/div>\n<\/div>\n<\/div>\n<\/div>\n<div class=\"mt2 mb2  \">\n<div class=\"grid-container  \">\n<div class=\"block-mini-banner is-product-page\" data-ga-name=\"section-mini-banner\">\n<div class=\"grid-x grid-container align-middle\">\n<div class=\"cell media-cell medium-6\">\n<div class=\"block-mini-banner__media\">\n<figure class=\"text-center  object-fit--contain\"><img decoding=\"async\" src=\"https:\/\/backend.intelbras.com\/sites\/default\/files\/styles\/large\/public\/2025-06\/ideal-para-sistemas-que-demandam-grande-autonomia-attiv-seno-1800va-bibi%2B.png\" alt=\"ideal-para-sistemas-que-demandam-grande-autonomia-attiv-seno-1800va-bibi+.png\" \/><\/figure>\n<p><span class=\"text text--300\"><em>* Imagem ilustrativa<\/em><\/span><\/div>\n<\/div>\n<div class=\"cell medium-auto\">\n<div class=\"block-mini-banner__content\">\n<div class=\"mt2 mb2 \">\n<h2 class=\"weight--small-300 weight--large-200 block-mini-banner__title h3\">Ideal para sistemas que demandam grande autonomia<\/h2>\n<\/div>\n<div class=\"text text--300\">\n<div class=\"block-template overflow-hidden\">\n<p>Possui conector de engate r\u00e1pido SB 50 para conex\u00e3o de m\u00f3dulo de bateria 24V ou duas baterias externas ligadas em s\u00e9rie (24V).<\/p>\n<p>&nbsp;<\/p>\n<p>&nbsp;<\/p>\n<\/div>\n<\/div>\n<\/div>\n<\/div>\n<\/div>\n<\/div>\n<\/div>\n<\/div>\n<div class=\"mt2 mb2  \">\n<div class=\"grid-container  \">\n<div class=\"block-mini-banner is-product-page\" data-ga-name=\"section-mini-banner\">\n<div class=\"grid-x grid-container align-middle\">\n<div class=\"cell media-cell medium-6 medium-order-2 large-offset-1\">\n<div class=\"block-mini-banner__media\">\n<figure class=\"text-center  object-fit--contain\"><img decoding=\"async\" src=\"https:\/\/backend.intelbras.com\/sites\/default\/files\/styles\/large\/public\/2025-06\/mais-autonomia-quando-combinado-com-modulo-de-bateria-attiv-seno-1800va-bibi%2B.png\" alt=\"mais-autonomia-quando-combinado-com-modulo-de-bateria-attiv-seno-1800va-bibi+.png\" \/><\/figure>\n<\/div>\n<\/div>\n<div class=\"cell medium-auto medium-order-1\">\n<div class=\"block-mini-banner__content\">\n<div class=\"mt2 mb2 \">\n<h2 class=\"weight--small-300 weight--large-200 block-mini-banner__title h3\">Mais autonomia quando combinado com m\u00f3dulo de bateria<\/h2>\n<\/div>\n<div class=\"text text--300\">\n<div class=\"block-template overflow-hidden\">\n<p>Pode ser combinado com o m\u00f3dulo de bateria MB 0245 24V, ideal para aumentar a autonomia do nobreak.<\/p>\n<p>&nbsp;<\/p>\n<p>&nbsp;<\/p>\n<\/div>\n<\/div>\n<\/div>\n<\/div>\n<\/div>\n<\/div>\n<\/div>\n<\/div>\n<div class=\"mt2 mb2  \">\n<div class=\"grid-container  \">\n<div class=\"block-mini-banner is-product-page\" data-ga-name=\"section-mini-banner\">\n<div class=\"grid-x grid-container align-middle\">\n<div class=\"cell media-cell medium-6\">\n<div class=\"block-mini-banner__media\">\n<figure class=\"text-center  object-fit--contain\"><img decoding=\"async\" src=\"https:\/\/backend.intelbras.com\/sites\/default\/files\/styles\/large\/public\/2025-06\/onda-senoidal-pura-attiv-seno-1800va-bibi%2B.png\" alt=\"onda-senoidal-pura-attiv-seno-1800va-bibi+.png\" \/><\/figure>\n<\/div>\n<\/div>\n<div class=\"cell medium-auto\">\n<div class=\"block-mini-banner__content\">\n<div class=\"mt2 mb2 \">\n<h2 class=\"weight--small-300 weight--large-200 block-mini-banner__title h3\">Onda senoidal pura<\/h2>\n<\/div>\n<div class=\"text text--300\">\n<div class=\"block-template overflow-hidden\">\n<p>Com formato de onda senoidal id\u00eantico ao da rede el\u00e9trica, o ATTIV SENO 1800VA-BI\/BI+ \u00e9 ideal para equipamentos de alto desempenho dotados de fonte com PFC Ativo.<\/p>\n<p>&nbsp;<\/p>\n<p>&nbsp;<\/p>\n<\/div>\n<\/div>\n<\/div>\n<\/div>\n<\/div>\n<\/div>\n<\/div>\n<\/div>\n<div class=\"mt2 mb2  \">\n<div class=\"grid-container  \">\n<div class=\"block-mini-banner is-product-page\" data-ga-name=\"section-mini-banner\">\n<div class=\"grid-x grid-container align-middle\">\n<div class=\"cell media-cell medium-6 medium-order-2 large-offset-1\">\n<div class=\"block-mini-banner__media\">\n<figure class=\"text-center  object-fit--contain\"><img decoding=\"async\" src=\"https:\/\/backend.intelbras.com\/sites\/default\/files\/styles\/large\/public\/2025-06\/gerenciamento-local-attiv-seno-1800va-bibi%2B.png\" alt=\"gerenciamento-local-attiv-seno-1800va-bibi+.png\" \/><\/figure>\n<\/div>\n<\/div>\n<div class=\"cell medium-auto medium-order-1\">\n<div class=\"block-mini-banner__content\">\n<div class=\"mt2 mb2 \">\n<h2 class=\"weight--small-300 weight--large-200 block-mini-banner__title h3\">Gerenciamento local<\/h2>\n<\/div>\n<div class=\"text text--300\">\n<div class=\"block-template overflow-hidden\">\n<p>Gerencie o nobreak localmente pela porta serial USB com software desenvolvido integralmente pela Intelbras. \u00c9 poss\u00edvel monitorar falhas na rede el\u00e9trica, gerar relat\u00f3rios, enviar alertas diretamente para o e-mail ou Telegram, consultar o percentual de bateria e muito mais. Tudo isso em um menu simples e intuitivo.<\/p>\n<\/div>\n<\/div>\n<\/div>\n<\/div>\n<\/div>\n<\/div>\n<\/div>\n<\/div>\n","protected":false},"excerpt":{"rendered":"<p>\u00bb 1800 VA \/ 1260 W<br \/>\n\u00bb Tens\u00e3o de entrada: bivolt autom\u00e1tico<br \/>\n\u00bb Tens\u00e3o de sa\u00edda: 120 V ou 220V (selecion\u00e1vel)<br \/>\n\u00bb 8 tomadas de sa\u00edda 10 A<br \/>\n\u00bb 2 baterias de 12 V 9 Ah<br \/>\n\u00bb Gerenciamento local (USB)<br \/>\n\u00bb Gabinete met\u00e1lico<br \/>\n\u00bb Conector de engate r\u00e1pido para conex\u00e3o de 2 baterias externas em s\u00e9rie (24 V)<\/p>\n","protected":false},"featured_media":16056,"comment_status":"closed","ping_status":"closed","template":"","meta":[],"product_brand":[],"product_cat":[2799,2801],"product_tag":[],"class_list":{"0":"post-16055","1":"product","2":"type-product","3":"status-publish","4":"has-post-thumbnail","6":"product_cat-linha-de-energia","7":"product_cat-enrgia-nobreaks","9":"first","10":"instock","11":"shipping-taxable","12":"purchasable","13":"product-type-simple"},"yoast_head":"<!-- This site is optimized with the Yoast SEO plugin v27.4 - https:\/\/yoast.com\/product\/yoast-seo-wordpress\/ -->\n<title>Nobreak senoidal bivolt ATTIV SENO 1800VA-BI\/BI+ - Loja Melhor do Sul Sistemas de Seguran\u00e7a<\/title>\n<meta name=\"robots\" content=\"index, follow, max-snippet:-1, max-image-preview:large, max-video-preview:-1\" \/>\n<link rel=\"canonical\" href=\"https:\/\/www.lojamelhordosul.com.br\/site\/produto\/nobreak-senoidal-bivolt-attiv-seno-1800va-bi-bi\/\" \/>\n<meta property=\"og:locale\" content=\"pt_BR\" \/>\n<meta property=\"og:type\" content=\"article\" \/>\n<meta property=\"og:title\" content=\"Nobreak senoidal bivolt ATTIV SENO 1800VA-BI\/BI+ - Loja Melhor do Sul Sistemas de Seguran\u00e7a\" \/>\n<meta property=\"og:description\" content=\"\u00bb 1800 VA \/ 1260 W \u00bb Tens\u00e3o de entrada: bivolt autom\u00e1tico \u00bb Tens\u00e3o de sa\u00edda: 120 V ou 220V (selecion\u00e1vel) \u00bb 8 tomadas de sa\u00edda 10 A \u00bb 2 baterias de 12 V 9 Ah \u00bb Gerenciamento local (USB) \u00bb Gabinete met\u00e1lico \u00bb Conector de engate r\u00e1pido para conex\u00e3o de 2 baterias externas em s\u00e9rie (24 V)\" \/>\n<meta property=\"og:url\" content=\"https:\/\/www.lojamelhordosul.com.br\/site\/produto\/nobreak-senoidal-bivolt-attiv-seno-1800va-bi-bi\/\" \/>\n<meta property=\"og:site_name\" content=\"Loja Melhor do Sul Sistemas de Seguran\u00e7a\" \/>\n<meta property=\"article:modified_time\" content=\"2026-03-10T18:18:37+00:00\" \/>\n<meta property=\"og:image\" content=\"https:\/\/www.lojamelhordosul.com.br\/site\/wp-content\/uploads\/2025\/09\/attiv-1800va-bi-1.png\" \/>\n\t<meta property=\"og:image:width\" content=\"709\" \/>\n\t<meta property=\"og:image:height\" content=\"507\" \/>\n\t<meta property=\"og:image:type\" content=\"image\/png\" \/>\n<meta name=\"twitter:card\" content=\"summary_large_image\" \/>\n<meta name=\"twitter:label1\" content=\"Est. tempo de leitura\" \/>\n\t<meta name=\"twitter:data1\" content=\"3 minutos\" \/>\n<script type=\"application\/ld+json\" class=\"yoast-schema-graph\">{\"@context\":\"https:\\\/\\\/schema.org\",\"@graph\":[{\"@type\":\"WebPage\",\"@id\":\"https:\\\/\\\/www.lojamelhordosul.com.br\\\/site\\\/produto\\\/nobreak-senoidal-bivolt-attiv-seno-1800va-bi-bi\\\/\",\"url\":\"https:\\\/\\\/www.lojamelhordosul.com.br\\\/site\\\/produto\\\/nobreak-senoidal-bivolt-attiv-seno-1800va-bi-bi\\\/\",\"name\":\"Nobreak senoidal bivolt ATTIV SENO 1800VA-BI\\\/BI+ - Loja Melhor do Sul Sistemas de Seguran\u00e7a\",\"isPartOf\":{\"@id\":\"https:\\\/\\\/www.lojamelhordosul.com.br\\\/site\\\/#website\"},\"primaryImageOfPage\":{\"@id\":\"https:\\\/\\\/www.lojamelhordosul.com.br\\\/site\\\/produto\\\/nobreak-senoidal-bivolt-attiv-seno-1800va-bi-bi\\\/#primaryimage\"},\"image\":{\"@id\":\"https:\\\/\\\/www.lojamelhordosul.com.br\\\/site\\\/produto\\\/nobreak-senoidal-bivolt-attiv-seno-1800va-bi-bi\\\/#primaryimage\"},\"thumbnailUrl\":\"https:\\\/\\\/www.lojamelhordosul.com.br\\\/site\\\/wp-content\\\/uploads\\\/2025\\\/09\\\/attiv-1800va-bi-1.png\",\"datePublished\":\"2025-09-24T18:13:08+00:00\",\"dateModified\":\"2026-03-10T18:18:37+00:00\",\"breadcrumb\":{\"@id\":\"https:\\\/\\\/www.lojamelhordosul.com.br\\\/site\\\/produto\\\/nobreak-senoidal-bivolt-attiv-seno-1800va-bi-bi\\\/#breadcrumb\"},\"inLanguage\":\"pt-BR\",\"potentialAction\":[{\"@type\":\"ReadAction\",\"target\":[\"https:\\\/\\\/www.lojamelhordosul.com.br\\\/site\\\/produto\\\/nobreak-senoidal-bivolt-attiv-seno-1800va-bi-bi\\\/\"]}]},{\"@type\":\"ImageObject\",\"inLanguage\":\"pt-BR\",\"@id\":\"https:\\\/\\\/www.lojamelhordosul.com.br\\\/site\\\/produto\\\/nobreak-senoidal-bivolt-attiv-seno-1800va-bi-bi\\\/#primaryimage\",\"url\":\"https:\\\/\\\/www.lojamelhordosul.com.br\\\/site\\\/wp-content\\\/uploads\\\/2025\\\/09\\\/attiv-1800va-bi-1.png\",\"contentUrl\":\"https:\\\/\\\/www.lojamelhordosul.com.br\\\/site\\\/wp-content\\\/uploads\\\/2025\\\/09\\\/attiv-1800va-bi-1.png\",\"width\":709,\"height\":507},{\"@type\":\"BreadcrumbList\",\"@id\":\"https:\\\/\\\/www.lojamelhordosul.com.br\\\/site\\\/produto\\\/nobreak-senoidal-bivolt-attiv-seno-1800va-bi-bi\\\/#breadcrumb\",\"itemListElement\":[{\"@type\":\"ListItem\",\"position\":1,\"name\":\"In\u00edcio\",\"item\":\"https:\\\/\\\/www.lojamelhordosul.com.br\\\/site\\\/\"},{\"@type\":\"ListItem\",\"position\":2,\"name\":\"Loja\",\"item\":\"https:\\\/\\\/www.lojamelhordosul.com.br\\\/site\\\/loja\\\/\"},{\"@type\":\"ListItem\",\"position\":3,\"name\":\"Nobreak senoidal bivolt ATTIV SENO 1800VA-BI\\\/BI+\"}]},{\"@type\":\"WebSite\",\"@id\":\"https:\\\/\\\/www.lojamelhordosul.com.br\\\/site\\\/#website\",\"url\":\"https:\\\/\\\/www.lojamelhordosul.com.br\\\/site\\\/\",\"name\":\"Loja Melhor do Sul Sistemas de Seguran\u00e7a\",\"description\":\"Loja Melhor do Sul - Revenda Ouro Intelbras em Porto Alegre\",\"publisher\":{\"@id\":\"https:\\\/\\\/www.lojamelhordosul.com.br\\\/site\\\/#organization\"},\"potentialAction\":[{\"@type\":\"SearchAction\",\"target\":{\"@type\":\"EntryPoint\",\"urlTemplate\":\"https:\\\/\\\/www.lojamelhordosul.com.br\\\/site\\\/?s={search_term_string}\"},\"query-input\":{\"@type\":\"PropertyValueSpecification\",\"valueRequired\":true,\"valueName\":\"search_term_string\"}}],\"inLanguage\":\"pt-BR\"},{\"@type\":\"Organization\",\"@id\":\"https:\\\/\\\/www.lojamelhordosul.com.br\\\/site\\\/#organization\",\"name\":\"Loja Melhor do Sul\",\"url\":\"https:\\\/\\\/www.lojamelhordosul.com.br\\\/site\\\/\",\"logo\":{\"@type\":\"ImageObject\",\"inLanguage\":\"pt-BR\",\"@id\":\"https:\\\/\\\/www.lojamelhordosul.com.br\\\/site\\\/#\\\/schema\\\/logo\\\/image\\\/\",\"url\":\"https:\\\/\\\/www.lojamelhordosul.com.br\\\/site\\\/wp-content\\\/uploads\\\/2019\\\/10\\\/logo-longo-da-loja.png\",\"contentUrl\":\"https:\\\/\\\/www.lojamelhordosul.com.br\\\/site\\\/wp-content\\\/uploads\\\/2019\\\/10\\\/logo-longo-da-loja.png\",\"width\":597,\"height\":114,\"caption\":\"Loja Melhor do Sul\"},\"image\":{\"@id\":\"https:\\\/\\\/www.lojamelhordosul.com.br\\\/site\\\/#\\\/schema\\\/logo\\\/image\\\/\"}}]}<\/script>\n<!-- \/ Yoast SEO plugin. -->","yoast_head_json":{"title":"Nobreak senoidal bivolt ATTIV SENO 1800VA-BI\/BI+ - Loja Melhor do Sul Sistemas de Seguran\u00e7a","robots":{"index":"index","follow":"follow","max-snippet":"max-snippet:-1","max-image-preview":"max-image-preview:large","max-video-preview":"max-video-preview:-1"},"canonical":"https:\/\/www.lojamelhordosul.com.br\/site\/produto\/nobreak-senoidal-bivolt-attiv-seno-1800va-bi-bi\/","og_locale":"pt_BR","og_type":"article","og_title":"Nobreak senoidal bivolt ATTIV SENO 1800VA-BI\/BI+ - Loja Melhor do Sul Sistemas de Seguran\u00e7a","og_description":"\u00bb 1800 VA \/ 1260 W \u00bb Tens\u00e3o de entrada: bivolt autom\u00e1tico \u00bb Tens\u00e3o de sa\u00edda: 120 V ou 220V (selecion\u00e1vel) \u00bb 8 tomadas de sa\u00edda 10 A \u00bb 2 baterias de 12 V 9 Ah \u00bb Gerenciamento local (USB) \u00bb Gabinete met\u00e1lico \u00bb Conector de engate r\u00e1pido para conex\u00e3o de 2 baterias externas em s\u00e9rie (24 V)","og_url":"https:\/\/www.lojamelhordosul.com.br\/site\/produto\/nobreak-senoidal-bivolt-attiv-seno-1800va-bi-bi\/","og_site_name":"Loja Melhor do Sul Sistemas de Seguran\u00e7a","article_modified_time":"2026-03-10T18:18:37+00:00","og_image":[{"width":709,"height":507,"url":"https:\/\/www.lojamelhordosul.com.br\/site\/wp-content\/uploads\/2025\/09\/attiv-1800va-bi-1.png","type":"image\/png"}],"twitter_card":"summary_large_image","twitter_misc":{"Est. tempo de leitura":"3 minutos"},"schema":{"@context":"https:\/\/schema.org","@graph":[{"@type":"WebPage","@id":"https:\/\/www.lojamelhordosul.com.br\/site\/produto\/nobreak-senoidal-bivolt-attiv-seno-1800va-bi-bi\/","url":"https:\/\/www.lojamelhordosul.com.br\/site\/produto\/nobreak-senoidal-bivolt-attiv-seno-1800va-bi-bi\/","name":"Nobreak senoidal bivolt ATTIV SENO 1800VA-BI\/BI+ - Loja Melhor do Sul Sistemas de Seguran\u00e7a","isPartOf":{"@id":"https:\/\/www.lojamelhordosul.com.br\/site\/#website"},"primaryImageOfPage":{"@id":"https:\/\/www.lojamelhordosul.com.br\/site\/produto\/nobreak-senoidal-bivolt-attiv-seno-1800va-bi-bi\/#primaryimage"},"image":{"@id":"https:\/\/www.lojamelhordosul.com.br\/site\/produto\/nobreak-senoidal-bivolt-attiv-seno-1800va-bi-bi\/#primaryimage"},"thumbnailUrl":"https:\/\/www.lojamelhordosul.com.br\/site\/wp-content\/uploads\/2025\/09\/attiv-1800va-bi-1.png","datePublished":"2025-09-24T18:13:08+00:00","dateModified":"2026-03-10T18:18:37+00:00","breadcrumb":{"@id":"https:\/\/www.lojamelhordosul.com.br\/site\/produto\/nobreak-senoidal-bivolt-attiv-seno-1800va-bi-bi\/#breadcrumb"},"inLanguage":"pt-BR","potentialAction":[{"@type":"ReadAction","target":["https:\/\/www.lojamelhordosul.com.br\/site\/produto\/nobreak-senoidal-bivolt-attiv-seno-1800va-bi-bi\/"]}]},{"@type":"ImageObject","inLanguage":"pt-BR","@id":"https:\/\/www.lojamelhordosul.com.br\/site\/produto\/nobreak-senoidal-bivolt-attiv-seno-1800va-bi-bi\/#primaryimage","url":"https:\/\/www.lojamelhordosul.com.br\/site\/wp-content\/uploads\/2025\/09\/attiv-1800va-bi-1.png","contentUrl":"https:\/\/www.lojamelhordosul.com.br\/site\/wp-content\/uploads\/2025\/09\/attiv-1800va-bi-1.png","width":709,"height":507},{"@type":"BreadcrumbList","@id":"https:\/\/www.lojamelhordosul.com.br\/site\/produto\/nobreak-senoidal-bivolt-attiv-seno-1800va-bi-bi\/#breadcrumb","itemListElement":[{"@type":"ListItem","position":1,"name":"In\u00edcio","item":"https:\/\/www.lojamelhordosul.com.br\/site\/"},{"@type":"ListItem","position":2,"name":"Loja","item":"https:\/\/www.lojamelhordosul.com.br\/site\/loja\/"},{"@type":"ListItem","position":3,"name":"Nobreak senoidal bivolt ATTIV SENO 1800VA-BI\/BI+"}]},{"@type":"WebSite","@id":"https:\/\/www.lojamelhordosul.com.br\/site\/#website","url":"https:\/\/www.lojamelhordosul.com.br\/site\/","name":"Loja Melhor do Sul Sistemas de Seguran\u00e7a","description":"Loja Melhor do Sul - Revenda Ouro Intelbras em Porto Alegre","publisher":{"@id":"https:\/\/www.lojamelhordosul.com.br\/site\/#organization"},"potentialAction":[{"@type":"SearchAction","target":{"@type":"EntryPoint","urlTemplate":"https:\/\/www.lojamelhordosul.com.br\/site\/?s={search_term_string}"},"query-input":{"@type":"PropertyValueSpecification","valueRequired":true,"valueName":"search_term_string"}}],"inLanguage":"pt-BR"},{"@type":"Organization","@id":"https:\/\/www.lojamelhordosul.com.br\/site\/#organization","name":"Loja Melhor do Sul","url":"https:\/\/www.lojamelhordosul.com.br\/site\/","logo":{"@type":"ImageObject","inLanguage":"pt-BR","@id":"https:\/\/www.lojamelhordosul.com.br\/site\/#\/schema\/logo\/image\/","url":"https:\/\/www.lojamelhordosul.com.br\/site\/wp-content\/uploads\/2019\/10\/logo-longo-da-loja.png","contentUrl":"https:\/\/www.lojamelhordosul.com.br\/site\/wp-content\/uploads\/2019\/10\/logo-longo-da-loja.png","width":597,"height":114,"caption":"Loja Melhor do Sul"},"image":{"@id":"https:\/\/www.lojamelhordosul.com.br\/site\/#\/schema\/logo\/image\/"}}]}},"_links":{"self":[{"href":"https:\/\/www.lojamelhordosul.com.br\/site\/wp-json\/wp\/v2\/product\/16055","targetHints":{"allow":["GET"]}}],"collection":[{"href":"https:\/\/www.lojamelhordosul.com.br\/site\/wp-json\/wp\/v2\/product"}],"about":[{"href":"https:\/\/www.lojamelhordosul.com.br\/site\/wp-json\/wp\/v2\/types\/product"}],"replies":[{"embeddable":true,"href":"https:\/\/www.lojamelhordosul.com.br\/site\/wp-json\/wp\/v2\/comments?post=16055"}],"wp:featuredmedia":[{"embeddable":true,"href":"https:\/\/www.lojamelhordosul.com.br\/site\/wp-json\/wp\/v2\/media\/16056"}],"wp:attachment":[{"href":"https:\/\/www.lojamelhordosul.com.br\/site\/wp-json\/wp\/v2\/media?parent=16055"}],"wp:term":[{"taxonomy":"product_brand","embeddable":true,"href":"https:\/\/www.lojamelhordosul.com.br\/site\/wp-json\/wp\/v2\/product_brand?post=16055"},{"taxonomy":"product_cat","embeddable":true,"href":"https:\/\/www.lojamelhordosul.com.br\/site\/wp-json\/wp\/v2\/product_cat?post=16055"},{"taxonomy":"product_tag","embeddable":true,"href":"https:\/\/www.lojamelhordosul.com.br\/site\/wp-json\/wp\/v2\/product_tag?post=16055"}],"curies":[{"name":"wp","href":"https:\/\/api.w.org\/{rel}","templated":true}]}}