{"id":16068,"date":"2025-10-02T13:06:02","date_gmt":"2025-10-02T16:06:02","guid":{"rendered":"https:\/\/www.lojamelhordosul.com.br\/site\/?post_type=product&#038;p=16068"},"modified":"2026-04-30T10:55:08","modified_gmt":"2026-04-30T13:55:08","slug":"fonte-12v-50a-chaveada-estabilizada-bivolt-c-cooler","status":"publish","type":"product","link":"https:\/\/www.lojamelhordosul.com.br\/site\/produto\/fonte-12v-50a-chaveada-estabilizada-bivolt-c-cooler\/","title":{"rendered":"Fonte 12v 50a Chaveada Estabilizada Bivolt C\/ Cooler"},"content":{"rendered":"","protected":false},"excerpt":{"rendered":"<p>FONTE CHAVEADA ESTABILIZADA 12V 50 AMPERES PERFEITA PARA CFTV<\/p>\n<p>Recomendada para c\u00e2meras de seguran\u00e7a (CFTV), Fita led ou qualquer outro dispositivo que utilize 12V at\u00e9 50A.<\/p>\n<p>&#8211; Fonte de 12v 50A 600W<br \/>\n&#8211; Entrada: AC 110-220v 50\/60Hz<br \/>\n&#8211; Sa\u00edda: DC 12v \/ 50A<br \/>\n&#8211; Ajuste de tens\u00e3o: At\u00e9 13,8v por trimpot<br \/>\n&#8211; Modelo Bi-volt (127-220v)<br \/>\n&#8211; Perfeita para alimenta\u00e7\u00e3o de C\u00e2meras CFTV, Fitas Led, Som Automotivo, etc.<br \/>\n&#8211; Alimenta at\u00e9 80 C\u00e2meras de 600mA<br \/>\n&#8211; Dimens\u00f5es: 21.6 x 11.5 x 5 cm<\/p>\n<p>ITENS INCLUSOS:<br \/>\n01 &#8211; Fonte 12v 50A.<\/p>\n","protected":false},"featured_media":16374,"comment_status":"closed","ping_status":"closed","template":"","meta":[],"product_brand":[],"product_cat":[2719,2799,2802,2721],"product_tag":[],"class_list":{"0":"post-16068","1":"product","2":"type-product","3":"status-publish","4":"has-post-thumbnail","6":"product_cat-acessorios-cftv","7":"product_cat-linha-de-energia","8":"product_cat-energia-fontes","9":"product_cat-acessorios-fontes","11":"first","12":"instock","13":"sale","14":"shipping-taxable","15":"purchasable","16":"product-type-simple"},"yoast_head":"<!-- This site is optimized with the Yoast SEO plugin v27.5 - https:\/\/yoast.com\/product\/yoast-seo-wordpress\/ -->\n<title>Fonte 12v 50a Chaveada Estabilizada Bivolt C\/ Cooler - Loja Melhor do Sul Sistemas de Seguran\u00e7a<\/title>\n<meta name=\"robots\" content=\"index, follow, max-snippet:-1, max-image-preview:large, max-video-preview:-1\" \/>\n<link rel=\"canonical\" href=\"https:\/\/www.lojamelhordosul.com.br\/site\/produto\/fonte-12v-50a-chaveada-estabilizada-bivolt-c-cooler\/\" \/>\n<meta property=\"og:locale\" content=\"pt_BR\" \/>\n<meta property=\"og:type\" content=\"article\" \/>\n<meta property=\"og:title\" content=\"Fonte 12v 50a Chaveada Estabilizada Bivolt C\/ Cooler - Loja Melhor do Sul Sistemas de Seguran\u00e7a\" \/>\n<meta property=\"og:description\" content=\"FONTE CHAVEADA ESTABILIZADA 12V 50 AMPERES PERFEITA PARA CFTV  Recomendada para c\u00e2meras de seguran\u00e7a (CFTV), Fita led ou qualquer outro dispositivo que utilize 12V at\u00e9 50A.  - Fonte de 12v 50A 600W - Entrada: AC 110-220v 50\/60Hz - Sa\u00edda: DC 12v \/ 50A - Ajuste de tens\u00e3o: At\u00e9 13,8v por trimpot - Modelo Bi-volt (127-220v) - Perfeita para alimenta\u00e7\u00e3o de C\u00e2meras CFTV, Fitas Led, Som Automotivo, etc. - Alimenta at\u00e9 80 C\u00e2meras de 600mA - Dimens\u00f5es: 21.6 x 11.5 x 5 cm  ITENS INCLUSOS: 01 - Fonte 12v 50A.\" \/>\n<meta property=\"og:url\" content=\"https:\/\/www.lojamelhordosul.com.br\/site\/produto\/fonte-12v-50a-chaveada-estabilizada-bivolt-c-cooler\/\" \/>\n<meta property=\"og:site_name\" content=\"Loja Melhor do Sul Sistemas de Seguran\u00e7a\" \/>\n<meta property=\"article:modified_time\" content=\"2026-04-30T13:55:08+00:00\" \/>\n<meta property=\"og:image\" content=\"https:\/\/www.lojamelhordosul.com.br\/site\/wp-content\/uploads\/2025\/10\/50a.jpg\" \/>\n\t<meta property=\"og:image:width\" content=\"320\" \/>\n\t<meta property=\"og:image:height\" content=\"214\" \/>\n\t<meta property=\"og:image:type\" content=\"image\/jpeg\" \/>\n<meta name=\"twitter:card\" content=\"summary_large_image\" \/>\n<meta name=\"twitter:label1\" content=\"Est. tempo de leitura\" \/>\n\t<meta name=\"twitter:data1\" content=\"1 minuto\" \/>\n<script type=\"application\/ld+json\" class=\"yoast-schema-graph\">{\"@context\":\"https:\\\/\\\/schema.org\",\"@graph\":[{\"@type\":\"WebPage\",\"@id\":\"https:\\\/\\\/www.lojamelhordosul.com.br\\\/site\\\/produto\\\/fonte-12v-50a-chaveada-estabilizada-bivolt-c-cooler\\\/\",\"url\":\"https:\\\/\\\/www.lojamelhordosul.com.br\\\/site\\\/produto\\\/fonte-12v-50a-chaveada-estabilizada-bivolt-c-cooler\\\/\",\"name\":\"Fonte 12v 50a Chaveada Estabilizada Bivolt C\\\/ Cooler - Loja Melhor do Sul Sistemas de Seguran\u00e7a\",\"isPartOf\":{\"@id\":\"https:\\\/\\\/www.lojamelhordosul.com.br\\\/site\\\/#website\"},\"primaryImageOfPage\":{\"@id\":\"https:\\\/\\\/www.lojamelhordosul.com.br\\\/site\\\/produto\\\/fonte-12v-50a-chaveada-estabilizada-bivolt-c-cooler\\\/#primaryimage\"},\"image\":{\"@id\":\"https:\\\/\\\/www.lojamelhordosul.com.br\\\/site\\\/produto\\\/fonte-12v-50a-chaveada-estabilizada-bivolt-c-cooler\\\/#primaryimage\"},\"thumbnailUrl\":\"https:\\\/\\\/www.lojamelhordosul.com.br\\\/site\\\/wp-content\\\/uploads\\\/2025\\\/10\\\/50a.jpg\",\"datePublished\":\"2025-10-02T16:06:02+00:00\",\"dateModified\":\"2026-04-30T13:55:08+00:00\",\"breadcrumb\":{\"@id\":\"https:\\\/\\\/www.lojamelhordosul.com.br\\\/site\\\/produto\\\/fonte-12v-50a-chaveada-estabilizada-bivolt-c-cooler\\\/#breadcrumb\"},\"inLanguage\":\"pt-BR\",\"potentialAction\":[{\"@type\":\"ReadAction\",\"target\":[\"https:\\\/\\\/www.lojamelhordosul.com.br\\\/site\\\/produto\\\/fonte-12v-50a-chaveada-estabilizada-bivolt-c-cooler\\\/\"]}]},{\"@type\":\"ImageObject\",\"inLanguage\":\"pt-BR\",\"@id\":\"https:\\\/\\\/www.lojamelhordosul.com.br\\\/site\\\/produto\\\/fonte-12v-50a-chaveada-estabilizada-bivolt-c-cooler\\\/#primaryimage\",\"url\":\"https:\\\/\\\/www.lojamelhordosul.com.br\\\/site\\\/wp-content\\\/uploads\\\/2025\\\/10\\\/50a.jpg\",\"contentUrl\":\"https:\\\/\\\/www.lojamelhordosul.com.br\\\/site\\\/wp-content\\\/uploads\\\/2025\\\/10\\\/50a.jpg\",\"width\":320,\"height\":214},{\"@type\":\"BreadcrumbList\",\"@id\":\"https:\\\/\\\/www.lojamelhordosul.com.br\\\/site\\\/produto\\\/fonte-12v-50a-chaveada-estabilizada-bivolt-c-cooler\\\/#breadcrumb\",\"itemListElement\":[{\"@type\":\"ListItem\",\"position\":1,\"name\":\"In\u00edcio\",\"item\":\"https:\\\/\\\/www.lojamelhordosul.com.br\\\/site\\\/\"},{\"@type\":\"ListItem\",\"position\":2,\"name\":\"Loja\",\"item\":\"https:\\\/\\\/www.lojamelhordosul.com.br\\\/site\\\/loja\\\/\"},{\"@type\":\"ListItem\",\"position\":3,\"name\":\"Fonte 12v 50a Chaveada Estabilizada Bivolt C\\\/ Cooler\"}]},{\"@type\":\"WebSite\",\"@id\":\"https:\\\/\\\/www.lojamelhordosul.com.br\\\/site\\\/#website\",\"url\":\"https:\\\/\\\/www.lojamelhordosul.com.br\\\/site\\\/\",\"name\":\"Loja Melhor do Sul Sistemas de Seguran\u00e7a\",\"description\":\"Loja Melhor do Sul - Revenda Ouro Intelbras em Porto Alegre\",\"publisher\":{\"@id\":\"https:\\\/\\\/www.lojamelhordosul.com.br\\\/site\\\/#organization\"},\"potentialAction\":[{\"@type\":\"SearchAction\",\"target\":{\"@type\":\"EntryPoint\",\"urlTemplate\":\"https:\\\/\\\/www.lojamelhordosul.com.br\\\/site\\\/?s={search_term_string}\"},\"query-input\":{\"@type\":\"PropertyValueSpecification\",\"valueRequired\":true,\"valueName\":\"search_term_string\"}}],\"inLanguage\":\"pt-BR\"},{\"@type\":\"Organization\",\"@id\":\"https:\\\/\\\/www.lojamelhordosul.com.br\\\/site\\\/#organization\",\"name\":\"Loja Melhor do Sul\",\"url\":\"https:\\\/\\\/www.lojamelhordosul.com.br\\\/site\\\/\",\"logo\":{\"@type\":\"ImageObject\",\"inLanguage\":\"pt-BR\",\"@id\":\"https:\\\/\\\/www.lojamelhordosul.com.br\\\/site\\\/#\\\/schema\\\/logo\\\/image\\\/\",\"url\":\"https:\\\/\\\/www.lojamelhordosul.com.br\\\/site\\\/wp-content\\\/uploads\\\/2019\\\/10\\\/logo-longo-da-loja.png\",\"contentUrl\":\"https:\\\/\\\/www.lojamelhordosul.com.br\\\/site\\\/wp-content\\\/uploads\\\/2019\\\/10\\\/logo-longo-da-loja.png\",\"width\":597,\"height\":114,\"caption\":\"Loja Melhor do Sul\"},\"image\":{\"@id\":\"https:\\\/\\\/www.lojamelhordosul.com.br\\\/site\\\/#\\\/schema\\\/logo\\\/image\\\/\"}}]}<\/script>\n<!-- \/ Yoast SEO plugin. -->","yoast_head_json":{"title":"Fonte 12v 50a Chaveada Estabilizada Bivolt C\/ Cooler - Loja Melhor do Sul Sistemas de Seguran\u00e7a","robots":{"index":"index","follow":"follow","max-snippet":"max-snippet:-1","max-image-preview":"max-image-preview:large","max-video-preview":"max-video-preview:-1"},"canonical":"https:\/\/www.lojamelhordosul.com.br\/site\/produto\/fonte-12v-50a-chaveada-estabilizada-bivolt-c-cooler\/","og_locale":"pt_BR","og_type":"article","og_title":"Fonte 12v 50a Chaveada Estabilizada Bivolt C\/ Cooler - Loja Melhor do Sul Sistemas de Seguran\u00e7a","og_description":"FONTE CHAVEADA ESTABILIZADA 12V 50 AMPERES PERFEITA PARA CFTV  Recomendada para c\u00e2meras de seguran\u00e7a (CFTV), Fita led ou qualquer outro dispositivo que utilize 12V at\u00e9 50A.  - Fonte de 12v 50A 600W - Entrada: AC 110-220v 50\/60Hz - Sa\u00edda: DC 12v \/ 50A - Ajuste de tens\u00e3o: At\u00e9 13,8v por trimpot - Modelo Bi-volt (127-220v) - Perfeita para alimenta\u00e7\u00e3o de C\u00e2meras CFTV, Fitas Led, Som Automotivo, etc. - Alimenta at\u00e9 80 C\u00e2meras de 600mA - Dimens\u00f5es: 21.6 x 11.5 x 5 cm  ITENS INCLUSOS: 01 - Fonte 12v 50A.","og_url":"https:\/\/www.lojamelhordosul.com.br\/site\/produto\/fonte-12v-50a-chaveada-estabilizada-bivolt-c-cooler\/","og_site_name":"Loja Melhor do Sul Sistemas de Seguran\u00e7a","article_modified_time":"2026-04-30T13:55:08+00:00","og_image":[{"width":320,"height":214,"url":"https:\/\/www.lojamelhordosul.com.br\/site\/wp-content\/uploads\/2025\/10\/50a.jpg","type":"image\/jpeg"}],"twitter_card":"summary_large_image","twitter_misc":{"Est. tempo de leitura":"1 minuto"},"schema":{"@context":"https:\/\/schema.org","@graph":[{"@type":"WebPage","@id":"https:\/\/www.lojamelhordosul.com.br\/site\/produto\/fonte-12v-50a-chaveada-estabilizada-bivolt-c-cooler\/","url":"https:\/\/www.lojamelhordosul.com.br\/site\/produto\/fonte-12v-50a-chaveada-estabilizada-bivolt-c-cooler\/","name":"Fonte 12v 50a Chaveada Estabilizada Bivolt C\/ Cooler - Loja Melhor do Sul Sistemas de Seguran\u00e7a","isPartOf":{"@id":"https:\/\/www.lojamelhordosul.com.br\/site\/#website"},"primaryImageOfPage":{"@id":"https:\/\/www.lojamelhordosul.com.br\/site\/produto\/fonte-12v-50a-chaveada-estabilizada-bivolt-c-cooler\/#primaryimage"},"image":{"@id":"https:\/\/www.lojamelhordosul.com.br\/site\/produto\/fonte-12v-50a-chaveada-estabilizada-bivolt-c-cooler\/#primaryimage"},"thumbnailUrl":"https:\/\/www.lojamelhordosul.com.br\/site\/wp-content\/uploads\/2025\/10\/50a.jpg","datePublished":"2025-10-02T16:06:02+00:00","dateModified":"2026-04-30T13:55:08+00:00","breadcrumb":{"@id":"https:\/\/www.lojamelhordosul.com.br\/site\/produto\/fonte-12v-50a-chaveada-estabilizada-bivolt-c-cooler\/#breadcrumb"},"inLanguage":"pt-BR","potentialAction":[{"@type":"ReadAction","target":["https:\/\/www.lojamelhordosul.com.br\/site\/produto\/fonte-12v-50a-chaveada-estabilizada-bivolt-c-cooler\/"]}]},{"@type":"ImageObject","inLanguage":"pt-BR","@id":"https:\/\/www.lojamelhordosul.com.br\/site\/produto\/fonte-12v-50a-chaveada-estabilizada-bivolt-c-cooler\/#primaryimage","url":"https:\/\/www.lojamelhordosul.com.br\/site\/wp-content\/uploads\/2025\/10\/50a.jpg","contentUrl":"https:\/\/www.lojamelhordosul.com.br\/site\/wp-content\/uploads\/2025\/10\/50a.jpg","width":320,"height":214},{"@type":"BreadcrumbList","@id":"https:\/\/www.lojamelhordosul.com.br\/site\/produto\/fonte-12v-50a-chaveada-estabilizada-bivolt-c-cooler\/#breadcrumb","itemListElement":[{"@type":"ListItem","position":1,"name":"In\u00edcio","item":"https:\/\/www.lojamelhordosul.com.br\/site\/"},{"@type":"ListItem","position":2,"name":"Loja","item":"https:\/\/www.lojamelhordosul.com.br\/site\/loja\/"},{"@type":"ListItem","position":3,"name":"Fonte 12v 50a Chaveada Estabilizada Bivolt C\/ Cooler"}]},{"@type":"WebSite","@id":"https:\/\/www.lojamelhordosul.com.br\/site\/#website","url":"https:\/\/www.lojamelhordosul.com.br\/site\/","name":"Loja Melhor do Sul Sistemas de Seguran\u00e7a","description":"Loja Melhor do Sul - Revenda Ouro Intelbras em Porto Alegre","publisher":{"@id":"https:\/\/www.lojamelhordosul.com.br\/site\/#organization"},"potentialAction":[{"@type":"SearchAction","target":{"@type":"EntryPoint","urlTemplate":"https:\/\/www.lojamelhordosul.com.br\/site\/?s={search_term_string}"},"query-input":{"@type":"PropertyValueSpecification","valueRequired":true,"valueName":"search_term_string"}}],"inLanguage":"pt-BR"},{"@type":"Organization","@id":"https:\/\/www.lojamelhordosul.com.br\/site\/#organization","name":"Loja Melhor do Sul","url":"https:\/\/www.lojamelhordosul.com.br\/site\/","logo":{"@type":"ImageObject","inLanguage":"pt-BR","@id":"https:\/\/www.lojamelhordosul.com.br\/site\/#\/schema\/logo\/image\/","url":"https:\/\/www.lojamelhordosul.com.br\/site\/wp-content\/uploads\/2019\/10\/logo-longo-da-loja.png","contentUrl":"https:\/\/www.lojamelhordosul.com.br\/site\/wp-content\/uploads\/2019\/10\/logo-longo-da-loja.png","width":597,"height":114,"caption":"Loja Melhor do Sul"},"image":{"@id":"https:\/\/www.lojamelhordosul.com.br\/site\/#\/schema\/logo\/image\/"}}]}},"_links":{"self":[{"href":"https:\/\/www.lojamelhordosul.com.br\/site\/wp-json\/wp\/v2\/product\/16068","targetHints":{"allow":["GET"]}}],"collection":[{"href":"https:\/\/www.lojamelhordosul.com.br\/site\/wp-json\/wp\/v2\/product"}],"about":[{"href":"https:\/\/www.lojamelhordosul.com.br\/site\/wp-json\/wp\/v2\/types\/product"}],"replies":[{"embeddable":true,"href":"https:\/\/www.lojamelhordosul.com.br\/site\/wp-json\/wp\/v2\/comments?post=16068"}],"wp:featuredmedia":[{"embeddable":true,"href":"https:\/\/www.lojamelhordosul.com.br\/site\/wp-json\/wp\/v2\/media\/16374"}],"wp:attachment":[{"href":"https:\/\/www.lojamelhordosul.com.br\/site\/wp-json\/wp\/v2\/media?parent=16068"}],"wp:term":[{"taxonomy":"product_brand","embeddable":true,"href":"https:\/\/www.lojamelhordosul.com.br\/site\/wp-json\/wp\/v2\/product_brand?post=16068"},{"taxonomy":"product_cat","embeddable":true,"href":"https:\/\/www.lojamelhordosul.com.br\/site\/wp-json\/wp\/v2\/product_cat?post=16068"},{"taxonomy":"product_tag","embeddable":true,"href":"https:\/\/www.lojamelhordosul.com.br\/site\/wp-json\/wp\/v2\/product_tag?post=16068"}],"curies":[{"name":"wp","href":"https:\/\/api.w.org\/{rel}","templated":true}]}}