{"id":16097,"date":"2025-10-29T11:22:42","date_gmt":"2025-10-29T14:22:42","guid":{"rendered":"https:\/\/www.lojamelhordosul.com.br\/site\/?post_type=product&#038;p=16097"},"modified":"2025-12-16T09:24:26","modified_gmt":"2025-12-16T12:24:26","slug":"fone-de-ouvido-para-radio-comunicadores-rc-4002-4102-intelbras-hc-20","status":"publish","type":"product","link":"https:\/\/www.lojamelhordosul.com.br\/site\/produto\/fone-de-ouvido-para-radio-comunicadores-rc-4002-4102-intelbras-hc-20\/","title":{"rendered":"Fone de ouvido para r\u00e1dio comunicadores RC 4002\/4102 &#8211; Intelbras HC 20"},"content":{"rendered":"<p><img decoding=\"async\" src=\"https:\/\/backend.intelbras.com\/sites\/default\/files\/styles\/large\/public\/2022-01\/Otimize_sua_experiencia_com_os_radios_RC_4002_4102-HC-20.jpg\" alt=\"Otimize_sua_experiencia_com_os_radios_RC_4002_4102-HC-20\" \/><\/p>\n<div class=\"mt2 mb2  \">\n<div class=\"grid-container  \">\n<div class=\"block-mini-banner is-product-page\" data-ga-name=\"section-mini-banner\">\n<div class=\"grid-x grid-container align-middle\">\n<div class=\"cell medium-auto medium-order-1\">\n<div class=\"block-mini-banner__content\">\n<div class=\"text text--300\">\n<div class=\"block-template overflow-hidden\">\n<p>\u200b \u200b O fone de ouvido HC 20 possibilita a utiliza\u00e7\u00e3o da fun\u00e7\u00e3o VOX, que lhe permite abrir sua comunica\u00e7\u00e3o pelo timbre da voz, sem a necessidade de apertar o bot\u00e3o de PTT do seu r\u00e1dio. *\u200b \u200b *Sensibilidade da fun\u00e7\u00e3o \u00e9 ajust\u00e1vel no r\u00e1dio comunicador.<\/p>\n<p>&nbsp;<\/p>\n<p>&nbsp;<\/p>\n<\/div>\n<\/div>\n<\/div>\n<\/div>\n<\/div>\n<\/div>\n<\/div>\n<\/div>\n<div class=\"mt2 mb2  \">\n<div class=\"grid-container  \">\n<div class=\"block-mini-banner is-product-page\" data-ga-name=\"section-mini-banner\">\n<div class=\"grid-x grid-container align-middle\">\n<div class=\"cell media-cell medium-6\">\n<div class=\"block-mini-banner__media\">\n<figure class=\"text-center  object-fit--contain\"><img decoding=\"async\" src=\"https:\/\/backend.intelbras.com\/sites\/default\/files\/styles\/large\/public\/2022-01\/Encaixes_precisos_e_ergonomicos-HC-20.jpg\" alt=\"Encaixes_precisos_e_ergonomicos-HC-20\" \/><\/figure>\n<\/div>\n<\/div>\n<div class=\"cell medium-auto\">\n<div class=\"block-mini-banner__content\">\n<div class=\"mt2 mb2 \">\n<h2 class=\"weight--small-300 weight--large-200 block-mini-banner__title h3\">Encaixes precisos e ergon\u00f4micos<\/h2>\n<\/div>\n<div class=\"text text--300\">\n<div class=\"block-template overflow-hidden\">\n<p>Conector vertical acompanhando o movimento do fio da cintura at\u00e9 o ouvido. *\u200b \u200b *Antes de expor o r\u00e1dio RC 4102 \u00e0 agua, garanta que sua tampa superior est\u00e1 corretamente vedada.<\/p>\n<p>&nbsp;<\/p>\n<p>&nbsp;<\/p>\n<\/div>\n<\/div>\n<\/div>\n<\/div>\n<\/div>\n<\/div>\n<\/div>\n<\/div>\n<div class=\"mt2 mb2  \">\n<div class=\"grid-container  \">\n<div class=\"block-mini-banner is-product-page\" data-ga-name=\"section-mini-banner\">\n<div class=\"grid-x grid-container align-middle\">\n<div class=\"cell media-cell medium-6 medium-order-2 large-offset-1\">\n<div class=\"block-mini-banner__media\">\n<figure class=\"text-center  object-fit--contain\"><img decoding=\"async\" src=\"https:\/\/backend.intelbras.com\/sites\/default\/files\/styles\/large\/public\/2022-01\/Confortavel_e_ergonomico-HC-20.jpg\" alt=\"Confortavel_e_ergonomico-HC-20\" \/><\/figure>\n<\/div>\n<\/div>\n<div class=\"cell medium-auto medium-order-1\">\n<div class=\"block-mini-banner__content\">\n<div class=\"mt2 mb2 \">\n<h2 class=\"weight--small-300 weight--large-200 block-mini-banner__title h3\">Confort\u00e1vel e ergon\u00f4mico<\/h2>\n<\/div>\n<div class=\"text text--300\">\n<div class=\"block-template overflow-hidden\">\n<p>Possui suporte confort\u00e1vel para a orelha, cabo com 105\u00a0cm de comprimento que proporciona o tamanho ideal para o uso na cintura e encaixes refor\u00e7ados para uso di\u00e1rio.\u200b \u200b<\/p>\n<p>&nbsp;<\/p>\n<p>&nbsp;<\/p>\n<\/div>\n<\/div>\n<\/div>\n<\/div>\n<\/div>\n<\/div>\n<\/div>\n<\/div>\n<div class=\"mt2 mb2  \">\n<div class=\"grid-container  \">\n<div class=\"block-mini-banner is-product-page\" data-ga-name=\"section-mini-banner\">\n<div class=\"grid-x grid-container align-middle\">\n<div class=\"cell media-cell medium-6\">\n<div class=\"block-mini-banner__media\">\n<figure class=\"text-center  object-fit--contain\"><img decoding=\"async\" src=\"https:\/\/backend.intelbras.com\/sites\/default\/files\/styles\/large\/public\/2022-01\/Ligacoes_mais_praticas-HC-20.jpg\" alt=\"Ligacoes_mais_praticas-HC-20\" \/><\/figure>\n<\/div>\n<\/div>\n<div class=\"cell medium-auto\">\n<div class=\"block-mini-banner__content\">\n<div class=\"mt2 mb2 \">\n<h2 class=\"weight--small-300 weight--large-200 block-mini-banner__title h3\">Liga\u00e7\u00f5es mais pr\u00e1ticas<\/h2>\n<\/div>\n<div class=\"text text--300\">\n<div class=\"block-template overflow-hidden\">\n<p>\u200b O HC 20 aplicado em conjunto com o telefones da fam\u00edlia TS 51 garantem liga\u00e7\u00f5es mais confort\u00e1veis e de qualidade<\/p>\n<\/div>\n<\/div>\n<\/div>\n<\/div>\n<\/div>\n<\/div>\n<\/div>\n<\/div>\n","protected":false},"excerpt":{"rendered":"<div class=\"text text--300\">\n<div class=\"block-template overflow-hidden\">Fone de ouvido padr\u00e3o P1 (2,5mm). Tenha mais comodidade em suas comunica\u00e7\u00f5es e melhore sua experi\u00eancia com os r\u00e1dios RC 4002\/4102 e telefones da fam\u00edlia TS 51.<\/div>\n<\/div>\n<div class=\"element-color-selector\"><\/div>\n<div>\u00bb Fone de ouvido de encaixe \u201cC\u201d<br \/>\n\u00bb Microfone direcion\u00e1vel e male\u00e1vel<br \/>\n\u00bb Design anat\u00f4mico e confort\u00e1vel<br \/>\n\u00bb Comprimento de 105 cm<br \/>\n\u00bb Engates resistentes<br \/>\n\u00bb Pr\u00f3prio para r\u00e1dios RC 4002\/4102<br \/>\n\u00bb Pr\u00f3prio para os telefones da fam\u00edlia TS 51<br \/>\n\u00bb Trabalhe com as m\u00e3os livres (Hands-free)<\/div>\n","protected":false},"featured_media":16098,"comment_status":"closed","ping_status":"closed","template":"","meta":[],"product_brand":[],"product_cat":[2784,2797],"product_tag":[],"class_list":{"0":"post-16097","1":"product","2":"type-product","3":"status-publish","4":"has-post-thumbnail","6":"product_cat-area-comunicacao","7":"product_cat-comunicacao-radiocomunicadores","9":"first","10":"instock","11":"shipping-taxable","12":"purchasable","13":"product-type-simple"},"yoast_head":"<!-- This site is optimized with the Yoast SEO plugin v27.5 - https:\/\/yoast.com\/product\/yoast-seo-wordpress\/ -->\n<title>Fone de ouvido para r\u00e1dio comunicadores RC 4002\/4102 - Intelbras HC 20 - Loja Melhor do Sul Sistemas de Seguran\u00e7a<\/title>\n<meta name=\"robots\" content=\"index, follow, max-snippet:-1, max-image-preview:large, max-video-preview:-1\" \/>\n<link rel=\"canonical\" href=\"https:\/\/www.lojamelhordosul.com.br\/site\/produto\/fone-de-ouvido-para-radio-comunicadores-rc-4002-4102-intelbras-hc-20\/\" \/>\n<meta property=\"og:locale\" content=\"pt_BR\" \/>\n<meta property=\"og:type\" content=\"article\" \/>\n<meta property=\"og:title\" content=\"Fone de ouvido para r\u00e1dio comunicadores RC 4002\/4102 - Intelbras HC 20 - Loja Melhor do Sul Sistemas de Seguran\u00e7a\" \/>\n<meta property=\"og:description\" content=\"Fone de ouvido padr\u00e3o P1 (2,5mm). Tenha mais comodidade em suas comunica\u00e7\u00f5es e melhore sua experi\u00eancia com os r\u00e1dios RC 4002\/4102 e telefones da fam\u00edlia TS 51.   \u00bb Fone de ouvido de encaixe \u201cC\u201d \u00bb Microfone direcion\u00e1vel e male\u00e1vel \u00bb Design anat\u00f4mico e confort\u00e1vel \u00bb Comprimento de 105 cm \u00bb Engates resistentes \u00bb Pr\u00f3prio para r\u00e1dios RC 4002\/4102 \u00bb Pr\u00f3prio para os telefones da fam\u00edlia TS 51 \u00bb Trabalhe com as m\u00e3os livres (Hands-free)\" \/>\n<meta property=\"og:url\" content=\"https:\/\/www.lojamelhordosul.com.br\/site\/produto\/fone-de-ouvido-para-radio-comunicadores-rc-4002-4102-intelbras-hc-20\/\" \/>\n<meta property=\"og:site_name\" content=\"Loja Melhor do Sul Sistemas de Seguran\u00e7a\" \/>\n<meta property=\"article:modified_time\" content=\"2025-12-16T12:24:26+00:00\" \/>\n<meta property=\"og:image\" content=\"https:\/\/www.lojamelhordosul.com.br\/site\/wp-content\/uploads\/2025\/10\/hc-20-1.png\" \/>\n\t<meta property=\"og:image:width\" content=\"705\" \/>\n\t<meta property=\"og:image:height\" content=\"507\" \/>\n\t<meta property=\"og:image:type\" content=\"image\/png\" \/>\n<meta name=\"twitter:card\" content=\"summary_large_image\" \/>\n<meta name=\"twitter:label1\" content=\"Est. tempo de leitura\" \/>\n\t<meta name=\"twitter:data1\" content=\"2 minutos\" \/>\n<script type=\"application\/ld+json\" class=\"yoast-schema-graph\">{\"@context\":\"https:\\\/\\\/schema.org\",\"@graph\":[{\"@type\":\"WebPage\",\"@id\":\"https:\\\/\\\/www.lojamelhordosul.com.br\\\/site\\\/produto\\\/fone-de-ouvido-para-radio-comunicadores-rc-4002-4102-intelbras-hc-20\\\/\",\"url\":\"https:\\\/\\\/www.lojamelhordosul.com.br\\\/site\\\/produto\\\/fone-de-ouvido-para-radio-comunicadores-rc-4002-4102-intelbras-hc-20\\\/\",\"name\":\"Fone de ouvido para r\u00e1dio comunicadores RC 4002\\\/4102 - Intelbras HC 20 - Loja Melhor do Sul Sistemas de Seguran\u00e7a\",\"isPartOf\":{\"@id\":\"https:\\\/\\\/www.lojamelhordosul.com.br\\\/site\\\/#website\"},\"primaryImageOfPage\":{\"@id\":\"https:\\\/\\\/www.lojamelhordosul.com.br\\\/site\\\/produto\\\/fone-de-ouvido-para-radio-comunicadores-rc-4002-4102-intelbras-hc-20\\\/#primaryimage\"},\"image\":{\"@id\":\"https:\\\/\\\/www.lojamelhordosul.com.br\\\/site\\\/produto\\\/fone-de-ouvido-para-radio-comunicadores-rc-4002-4102-intelbras-hc-20\\\/#primaryimage\"},\"thumbnailUrl\":\"https:\\\/\\\/www.lojamelhordosul.com.br\\\/site\\\/wp-content\\\/uploads\\\/2025\\\/10\\\/hc-20-1.png\",\"datePublished\":\"2025-10-29T14:22:42+00:00\",\"dateModified\":\"2025-12-16T12:24:26+00:00\",\"breadcrumb\":{\"@id\":\"https:\\\/\\\/www.lojamelhordosul.com.br\\\/site\\\/produto\\\/fone-de-ouvido-para-radio-comunicadores-rc-4002-4102-intelbras-hc-20\\\/#breadcrumb\"},\"inLanguage\":\"pt-BR\",\"potentialAction\":[{\"@type\":\"ReadAction\",\"target\":[\"https:\\\/\\\/www.lojamelhordosul.com.br\\\/site\\\/produto\\\/fone-de-ouvido-para-radio-comunicadores-rc-4002-4102-intelbras-hc-20\\\/\"]}]},{\"@type\":\"ImageObject\",\"inLanguage\":\"pt-BR\",\"@id\":\"https:\\\/\\\/www.lojamelhordosul.com.br\\\/site\\\/produto\\\/fone-de-ouvido-para-radio-comunicadores-rc-4002-4102-intelbras-hc-20\\\/#primaryimage\",\"url\":\"https:\\\/\\\/www.lojamelhordosul.com.br\\\/site\\\/wp-content\\\/uploads\\\/2025\\\/10\\\/hc-20-1.png\",\"contentUrl\":\"https:\\\/\\\/www.lojamelhordosul.com.br\\\/site\\\/wp-content\\\/uploads\\\/2025\\\/10\\\/hc-20-1.png\",\"width\":705,\"height\":507},{\"@type\":\"BreadcrumbList\",\"@id\":\"https:\\\/\\\/www.lojamelhordosul.com.br\\\/site\\\/produto\\\/fone-de-ouvido-para-radio-comunicadores-rc-4002-4102-intelbras-hc-20\\\/#breadcrumb\",\"itemListElement\":[{\"@type\":\"ListItem\",\"position\":1,\"name\":\"In\u00edcio\",\"item\":\"https:\\\/\\\/www.lojamelhordosul.com.br\\\/site\\\/\"},{\"@type\":\"ListItem\",\"position\":2,\"name\":\"Loja\",\"item\":\"https:\\\/\\\/www.lojamelhordosul.com.br\\\/site\\\/loja\\\/\"},{\"@type\":\"ListItem\",\"position\":3,\"name\":\"Fone de ouvido para r\u00e1dio comunicadores RC 4002\\\/4102 &#8211; Intelbras HC 20\"}]},{\"@type\":\"WebSite\",\"@id\":\"https:\\\/\\\/www.lojamelhordosul.com.br\\\/site\\\/#website\",\"url\":\"https:\\\/\\\/www.lojamelhordosul.com.br\\\/site\\\/\",\"name\":\"Loja Melhor do Sul Sistemas de Seguran\u00e7a\",\"description\":\"Loja Melhor do Sul - Revenda Ouro Intelbras em Porto Alegre\",\"publisher\":{\"@id\":\"https:\\\/\\\/www.lojamelhordosul.com.br\\\/site\\\/#organization\"},\"potentialAction\":[{\"@type\":\"SearchAction\",\"target\":{\"@type\":\"EntryPoint\",\"urlTemplate\":\"https:\\\/\\\/www.lojamelhordosul.com.br\\\/site\\\/?s={search_term_string}\"},\"query-input\":{\"@type\":\"PropertyValueSpecification\",\"valueRequired\":true,\"valueName\":\"search_term_string\"}}],\"inLanguage\":\"pt-BR\"},{\"@type\":\"Organization\",\"@id\":\"https:\\\/\\\/www.lojamelhordosul.com.br\\\/site\\\/#organization\",\"name\":\"Loja Melhor do Sul\",\"url\":\"https:\\\/\\\/www.lojamelhordosul.com.br\\\/site\\\/\",\"logo\":{\"@type\":\"ImageObject\",\"inLanguage\":\"pt-BR\",\"@id\":\"https:\\\/\\\/www.lojamelhordosul.com.br\\\/site\\\/#\\\/schema\\\/logo\\\/image\\\/\",\"url\":\"https:\\\/\\\/www.lojamelhordosul.com.br\\\/site\\\/wp-content\\\/uploads\\\/2019\\\/10\\\/logo-longo-da-loja.png\",\"contentUrl\":\"https:\\\/\\\/www.lojamelhordosul.com.br\\\/site\\\/wp-content\\\/uploads\\\/2019\\\/10\\\/logo-longo-da-loja.png\",\"width\":597,\"height\":114,\"caption\":\"Loja Melhor do Sul\"},\"image\":{\"@id\":\"https:\\\/\\\/www.lojamelhordosul.com.br\\\/site\\\/#\\\/schema\\\/logo\\\/image\\\/\"}}]}<\/script>\n<!-- \/ Yoast SEO plugin. -->","yoast_head_json":{"title":"Fone de ouvido para r\u00e1dio comunicadores RC 4002\/4102 - Intelbras HC 20 - Loja Melhor do Sul Sistemas de Seguran\u00e7a","robots":{"index":"index","follow":"follow","max-snippet":"max-snippet:-1","max-image-preview":"max-image-preview:large","max-video-preview":"max-video-preview:-1"},"canonical":"https:\/\/www.lojamelhordosul.com.br\/site\/produto\/fone-de-ouvido-para-radio-comunicadores-rc-4002-4102-intelbras-hc-20\/","og_locale":"pt_BR","og_type":"article","og_title":"Fone de ouvido para r\u00e1dio comunicadores RC 4002\/4102 - Intelbras HC 20 - Loja Melhor do Sul Sistemas de Seguran\u00e7a","og_description":"Fone de ouvido padr\u00e3o P1 (2,5mm). Tenha mais comodidade em suas comunica\u00e7\u00f5es e melhore sua experi\u00eancia com os r\u00e1dios RC 4002\/4102 e telefones da fam\u00edlia TS 51.   \u00bb Fone de ouvido de encaixe \u201cC\u201d \u00bb Microfone direcion\u00e1vel e male\u00e1vel \u00bb Design anat\u00f4mico e confort\u00e1vel \u00bb Comprimento de 105 cm \u00bb Engates resistentes \u00bb Pr\u00f3prio para r\u00e1dios RC 4002\/4102 \u00bb Pr\u00f3prio para os telefones da fam\u00edlia TS 51 \u00bb Trabalhe com as m\u00e3os livres (Hands-free)","og_url":"https:\/\/www.lojamelhordosul.com.br\/site\/produto\/fone-de-ouvido-para-radio-comunicadores-rc-4002-4102-intelbras-hc-20\/","og_site_name":"Loja Melhor do Sul Sistemas de Seguran\u00e7a","article_modified_time":"2025-12-16T12:24:26+00:00","og_image":[{"width":705,"height":507,"url":"https:\/\/www.lojamelhordosul.com.br\/site\/wp-content\/uploads\/2025\/10\/hc-20-1.png","type":"image\/png"}],"twitter_card":"summary_large_image","twitter_misc":{"Est. tempo de leitura":"2 minutos"},"schema":{"@context":"https:\/\/schema.org","@graph":[{"@type":"WebPage","@id":"https:\/\/www.lojamelhordosul.com.br\/site\/produto\/fone-de-ouvido-para-radio-comunicadores-rc-4002-4102-intelbras-hc-20\/","url":"https:\/\/www.lojamelhordosul.com.br\/site\/produto\/fone-de-ouvido-para-radio-comunicadores-rc-4002-4102-intelbras-hc-20\/","name":"Fone de ouvido para r\u00e1dio comunicadores RC 4002\/4102 - Intelbras HC 20 - Loja Melhor do Sul Sistemas de Seguran\u00e7a","isPartOf":{"@id":"https:\/\/www.lojamelhordosul.com.br\/site\/#website"},"primaryImageOfPage":{"@id":"https:\/\/www.lojamelhordosul.com.br\/site\/produto\/fone-de-ouvido-para-radio-comunicadores-rc-4002-4102-intelbras-hc-20\/#primaryimage"},"image":{"@id":"https:\/\/www.lojamelhordosul.com.br\/site\/produto\/fone-de-ouvido-para-radio-comunicadores-rc-4002-4102-intelbras-hc-20\/#primaryimage"},"thumbnailUrl":"https:\/\/www.lojamelhordosul.com.br\/site\/wp-content\/uploads\/2025\/10\/hc-20-1.png","datePublished":"2025-10-29T14:22:42+00:00","dateModified":"2025-12-16T12:24:26+00:00","breadcrumb":{"@id":"https:\/\/www.lojamelhordosul.com.br\/site\/produto\/fone-de-ouvido-para-radio-comunicadores-rc-4002-4102-intelbras-hc-20\/#breadcrumb"},"inLanguage":"pt-BR","potentialAction":[{"@type":"ReadAction","target":["https:\/\/www.lojamelhordosul.com.br\/site\/produto\/fone-de-ouvido-para-radio-comunicadores-rc-4002-4102-intelbras-hc-20\/"]}]},{"@type":"ImageObject","inLanguage":"pt-BR","@id":"https:\/\/www.lojamelhordosul.com.br\/site\/produto\/fone-de-ouvido-para-radio-comunicadores-rc-4002-4102-intelbras-hc-20\/#primaryimage","url":"https:\/\/www.lojamelhordosul.com.br\/site\/wp-content\/uploads\/2025\/10\/hc-20-1.png","contentUrl":"https:\/\/www.lojamelhordosul.com.br\/site\/wp-content\/uploads\/2025\/10\/hc-20-1.png","width":705,"height":507},{"@type":"BreadcrumbList","@id":"https:\/\/www.lojamelhordosul.com.br\/site\/produto\/fone-de-ouvido-para-radio-comunicadores-rc-4002-4102-intelbras-hc-20\/#breadcrumb","itemListElement":[{"@type":"ListItem","position":1,"name":"In\u00edcio","item":"https:\/\/www.lojamelhordosul.com.br\/site\/"},{"@type":"ListItem","position":2,"name":"Loja","item":"https:\/\/www.lojamelhordosul.com.br\/site\/loja\/"},{"@type":"ListItem","position":3,"name":"Fone de ouvido para r\u00e1dio comunicadores RC 4002\/4102 &#8211; Intelbras HC 20"}]},{"@type":"WebSite","@id":"https:\/\/www.lojamelhordosul.com.br\/site\/#website","url":"https:\/\/www.lojamelhordosul.com.br\/site\/","name":"Loja Melhor do Sul Sistemas de Seguran\u00e7a","description":"Loja Melhor do Sul - Revenda Ouro Intelbras em Porto Alegre","publisher":{"@id":"https:\/\/www.lojamelhordosul.com.br\/site\/#organization"},"potentialAction":[{"@type":"SearchAction","target":{"@type":"EntryPoint","urlTemplate":"https:\/\/www.lojamelhordosul.com.br\/site\/?s={search_term_string}"},"query-input":{"@type":"PropertyValueSpecification","valueRequired":true,"valueName":"search_term_string"}}],"inLanguage":"pt-BR"},{"@type":"Organization","@id":"https:\/\/www.lojamelhordosul.com.br\/site\/#organization","name":"Loja Melhor do Sul","url":"https:\/\/www.lojamelhordosul.com.br\/site\/","logo":{"@type":"ImageObject","inLanguage":"pt-BR","@id":"https:\/\/www.lojamelhordosul.com.br\/site\/#\/schema\/logo\/image\/","url":"https:\/\/www.lojamelhordosul.com.br\/site\/wp-content\/uploads\/2019\/10\/logo-longo-da-loja.png","contentUrl":"https:\/\/www.lojamelhordosul.com.br\/site\/wp-content\/uploads\/2019\/10\/logo-longo-da-loja.png","width":597,"height":114,"caption":"Loja Melhor do Sul"},"image":{"@id":"https:\/\/www.lojamelhordosul.com.br\/site\/#\/schema\/logo\/image\/"}}]}},"_links":{"self":[{"href":"https:\/\/www.lojamelhordosul.com.br\/site\/wp-json\/wp\/v2\/product\/16097","targetHints":{"allow":["GET"]}}],"collection":[{"href":"https:\/\/www.lojamelhordosul.com.br\/site\/wp-json\/wp\/v2\/product"}],"about":[{"href":"https:\/\/www.lojamelhordosul.com.br\/site\/wp-json\/wp\/v2\/types\/product"}],"replies":[{"embeddable":true,"href":"https:\/\/www.lojamelhordosul.com.br\/site\/wp-json\/wp\/v2\/comments?post=16097"}],"wp:featuredmedia":[{"embeddable":true,"href":"https:\/\/www.lojamelhordosul.com.br\/site\/wp-json\/wp\/v2\/media\/16098"}],"wp:attachment":[{"href":"https:\/\/www.lojamelhordosul.com.br\/site\/wp-json\/wp\/v2\/media?parent=16097"}],"wp:term":[{"taxonomy":"product_brand","embeddable":true,"href":"https:\/\/www.lojamelhordosul.com.br\/site\/wp-json\/wp\/v2\/product_brand?post=16097"},{"taxonomy":"product_cat","embeddable":true,"href":"https:\/\/www.lojamelhordosul.com.br\/site\/wp-json\/wp\/v2\/product_cat?post=16097"},{"taxonomy":"product_tag","embeddable":true,"href":"https:\/\/www.lojamelhordosul.com.br\/site\/wp-json\/wp\/v2\/product_tag?post=16097"}],"curies":[{"name":"wp","href":"https:\/\/api.w.org\/{rel}","templated":true}]}}