{"id":16159,"date":"2025-11-18T11:43:49","date_gmt":"2025-11-18T14:43:49","guid":{"rendered":"https:\/\/www.lojamelhordosul.com.br\/site\/?post_type=product&#038;p=16159"},"modified":"2025-12-16T10:46:59","modified_gmt":"2025-12-16T13:46:59","slug":"mini-camera-espiao-wi-fi-bocal-de-lampada-e27-branco","status":"publish","type":"product","link":"https:\/\/www.lojamelhordosul.com.br\/site\/produto\/mini-camera-espiao-wi-fi-bocal-de-lampada-e27-branco\/","title":{"rendered":"Mini C\u00e2mera Espi\u00e3o Wi-fi Bocal De L\u00e2mpada E27 Branco"},"content":{"rendered":"<p><img decoding=\"async\" src=\"https:\/\/ae03.alicdn.com\/kf\/S57875e5ef53e4749a0c40a01d48429d3g.jpg\" \/><\/p>\n<p><img decoding=\"async\" src=\"https:\/\/ae03.alicdn.com\/kf\/Se5323bc9a9a14b2cb2dd6e7d9e3a19831.jpg\" \/><\/p>\n<p><img decoding=\"async\" src=\"https:\/\/ae03.alicdn.com\/kf\/Saccbe1fa44c743e4b45addeb773e1358d.jpg\" \/><\/p>\n<p><img decoding=\"async\" src=\"https:\/\/ae03.alicdn.com\/kf\/Sc3cd118bcdf24b7b83b90cdf3777def8o.jpg\" \/><\/p>\n<p><img decoding=\"async\" src=\"https:\/\/ae03.alicdn.com\/kf\/S6bf29a069c8340e8b75f2196c74b9468u.jpg\" \/><\/p>\n<p>&nbsp;<\/p>\n","protected":false},"excerpt":{"rendered":"<p>Ligada diretamente na rede 110\/220v e funciona normalmente l\u00e2mpada E27 (l\u00e2mpada convencional)<br \/>\nEntrada para cart\u00e3o de mem\u00f3ria de at\u00e9 256GB<br \/>\nSensor de movimento<\/p>\n<p>A c\u00e2mera tem uma instala\u00e7\u00e3o f\u00e1cil e pr\u00e1tica, ideal para quem busca conveni\u00eancia. Ela armazena imagens em cart\u00e3o de mem\u00f3ria (vendido Separadamente), permitindo grava\u00e7\u00e3o eficiente.<\/p>\n","protected":false},"featured_media":16160,"comment_status":"closed","ping_status":"closed","template":"","meta":[],"product_brand":[],"product_cat":[2735],"product_tag":[],"class_list":{"0":"post-16159","1":"product","2":"type-product","3":"status-publish","4":"has-post-thumbnail","6":"product_cat-linha-espia","8":"first","9":"onbackorder","10":"shipping-taxable","11":"purchasable","12":"product-type-simple"},"yoast_head":"<!-- This site is optimized with the Yoast SEO plugin v27.4 - https:\/\/yoast.com\/product\/yoast-seo-wordpress\/ -->\n<title>Mini C\u00e2mera Espi\u00e3o Wi-fi Bocal De L\u00e2mpada E27 Branco - Loja Melhor do Sul Sistemas de Seguran\u00e7a<\/title>\n<meta name=\"robots\" content=\"index, follow, max-snippet:-1, max-image-preview:large, max-video-preview:-1\" \/>\n<link rel=\"canonical\" href=\"https:\/\/www.lojamelhordosul.com.br\/site\/produto\/mini-camera-espiao-wi-fi-bocal-de-lampada-e27-branco\/\" \/>\n<meta property=\"og:locale\" content=\"pt_BR\" \/>\n<meta property=\"og:type\" content=\"article\" \/>\n<meta property=\"og:title\" content=\"Mini C\u00e2mera Espi\u00e3o Wi-fi Bocal De L\u00e2mpada E27 Branco - Loja Melhor do Sul Sistemas de Seguran\u00e7a\" \/>\n<meta property=\"og:description\" content=\"Ligada diretamente na rede 110\/220v e funciona normalmente l\u00e2mpada E27 (l\u00e2mpada convencional) Entrada para cart\u00e3o de mem\u00f3ria de at\u00e9 256GB Sensor de movimento  A c\u00e2mera tem uma instala\u00e7\u00e3o f\u00e1cil e pr\u00e1tica, ideal para quem busca conveni\u00eancia. Ela armazena imagens em cart\u00e3o de mem\u00f3ria (vendido Separadamente), permitindo grava\u00e7\u00e3o eficiente.\" \/>\n<meta property=\"og:url\" content=\"https:\/\/www.lojamelhordosul.com.br\/site\/produto\/mini-camera-espiao-wi-fi-bocal-de-lampada-e27-branco\/\" \/>\n<meta property=\"og:site_name\" content=\"Loja Melhor do Sul Sistemas de Seguran\u00e7a\" \/>\n<meta property=\"article:modified_time\" content=\"2025-12-16T13:46:59+00:00\" \/>\n<meta property=\"og:image\" content=\"https:\/\/www.lojamelhordosul.com.br\/site\/wp-content\/uploads\/2025\/11\/bocal-espiao-e27.png\" \/>\n\t<meta property=\"og:image:width\" content=\"891\" \/>\n\t<meta property=\"og:image:height\" content=\"884\" \/>\n\t<meta property=\"og:image:type\" content=\"image\/png\" \/>\n<meta name=\"twitter:card\" content=\"summary_large_image\" \/>\n<meta name=\"twitter:label1\" content=\"Est. tempo de leitura\" \/>\n\t<meta name=\"twitter:data1\" content=\"2 minutos\" \/>\n<script type=\"application\/ld+json\" class=\"yoast-schema-graph\">{\"@context\":\"https:\\\/\\\/schema.org\",\"@graph\":[{\"@type\":\"WebPage\",\"@id\":\"https:\\\/\\\/www.lojamelhordosul.com.br\\\/site\\\/produto\\\/mini-camera-espiao-wi-fi-bocal-de-lampada-e27-branco\\\/\",\"url\":\"https:\\\/\\\/www.lojamelhordosul.com.br\\\/site\\\/produto\\\/mini-camera-espiao-wi-fi-bocal-de-lampada-e27-branco\\\/\",\"name\":\"Mini C\u00e2mera Espi\u00e3o Wi-fi Bocal De L\u00e2mpada E27 Branco - Loja Melhor do Sul Sistemas de Seguran\u00e7a\",\"isPartOf\":{\"@id\":\"https:\\\/\\\/www.lojamelhordosul.com.br\\\/site\\\/#website\"},\"primaryImageOfPage\":{\"@id\":\"https:\\\/\\\/www.lojamelhordosul.com.br\\\/site\\\/produto\\\/mini-camera-espiao-wi-fi-bocal-de-lampada-e27-branco\\\/#primaryimage\"},\"image\":{\"@id\":\"https:\\\/\\\/www.lojamelhordosul.com.br\\\/site\\\/produto\\\/mini-camera-espiao-wi-fi-bocal-de-lampada-e27-branco\\\/#primaryimage\"},\"thumbnailUrl\":\"https:\\\/\\\/www.lojamelhordosul.com.br\\\/site\\\/wp-content\\\/uploads\\\/2025\\\/11\\\/bocal-espiao-e27.png\",\"datePublished\":\"2025-11-18T14:43:49+00:00\",\"dateModified\":\"2025-12-16T13:46:59+00:00\",\"breadcrumb\":{\"@id\":\"https:\\\/\\\/www.lojamelhordosul.com.br\\\/site\\\/produto\\\/mini-camera-espiao-wi-fi-bocal-de-lampada-e27-branco\\\/#breadcrumb\"},\"inLanguage\":\"pt-BR\",\"potentialAction\":[{\"@type\":\"ReadAction\",\"target\":[\"https:\\\/\\\/www.lojamelhordosul.com.br\\\/site\\\/produto\\\/mini-camera-espiao-wi-fi-bocal-de-lampada-e27-branco\\\/\"]}]},{\"@type\":\"ImageObject\",\"inLanguage\":\"pt-BR\",\"@id\":\"https:\\\/\\\/www.lojamelhordosul.com.br\\\/site\\\/produto\\\/mini-camera-espiao-wi-fi-bocal-de-lampada-e27-branco\\\/#primaryimage\",\"url\":\"https:\\\/\\\/www.lojamelhordosul.com.br\\\/site\\\/wp-content\\\/uploads\\\/2025\\\/11\\\/bocal-espiao-e27.png\",\"contentUrl\":\"https:\\\/\\\/www.lojamelhordosul.com.br\\\/site\\\/wp-content\\\/uploads\\\/2025\\\/11\\\/bocal-espiao-e27.png\",\"width\":891,\"height\":884},{\"@type\":\"BreadcrumbList\",\"@id\":\"https:\\\/\\\/www.lojamelhordosul.com.br\\\/site\\\/produto\\\/mini-camera-espiao-wi-fi-bocal-de-lampada-e27-branco\\\/#breadcrumb\",\"itemListElement\":[{\"@type\":\"ListItem\",\"position\":1,\"name\":\"In\u00edcio\",\"item\":\"https:\\\/\\\/www.lojamelhordosul.com.br\\\/site\\\/\"},{\"@type\":\"ListItem\",\"position\":2,\"name\":\"Loja\",\"item\":\"https:\\\/\\\/www.lojamelhordosul.com.br\\\/site\\\/loja\\\/\"},{\"@type\":\"ListItem\",\"position\":3,\"name\":\"Mini C\u00e2mera Espi\u00e3o Wi-fi Bocal De L\u00e2mpada E27 Branco\"}]},{\"@type\":\"WebSite\",\"@id\":\"https:\\\/\\\/www.lojamelhordosul.com.br\\\/site\\\/#website\",\"url\":\"https:\\\/\\\/www.lojamelhordosul.com.br\\\/site\\\/\",\"name\":\"Loja Melhor do Sul Sistemas de Seguran\u00e7a\",\"description\":\"Loja Melhor do Sul - Revenda Ouro Intelbras em Porto Alegre\",\"publisher\":{\"@id\":\"https:\\\/\\\/www.lojamelhordosul.com.br\\\/site\\\/#organization\"},\"potentialAction\":[{\"@type\":\"SearchAction\",\"target\":{\"@type\":\"EntryPoint\",\"urlTemplate\":\"https:\\\/\\\/www.lojamelhordosul.com.br\\\/site\\\/?s={search_term_string}\"},\"query-input\":{\"@type\":\"PropertyValueSpecification\",\"valueRequired\":true,\"valueName\":\"search_term_string\"}}],\"inLanguage\":\"pt-BR\"},{\"@type\":\"Organization\",\"@id\":\"https:\\\/\\\/www.lojamelhordosul.com.br\\\/site\\\/#organization\",\"name\":\"Loja Melhor do Sul\",\"url\":\"https:\\\/\\\/www.lojamelhordosul.com.br\\\/site\\\/\",\"logo\":{\"@type\":\"ImageObject\",\"inLanguage\":\"pt-BR\",\"@id\":\"https:\\\/\\\/www.lojamelhordosul.com.br\\\/site\\\/#\\\/schema\\\/logo\\\/image\\\/\",\"url\":\"https:\\\/\\\/www.lojamelhordosul.com.br\\\/site\\\/wp-content\\\/uploads\\\/2019\\\/10\\\/logo-longo-da-loja.png\",\"contentUrl\":\"https:\\\/\\\/www.lojamelhordosul.com.br\\\/site\\\/wp-content\\\/uploads\\\/2019\\\/10\\\/logo-longo-da-loja.png\",\"width\":597,\"height\":114,\"caption\":\"Loja Melhor do Sul\"},\"image\":{\"@id\":\"https:\\\/\\\/www.lojamelhordosul.com.br\\\/site\\\/#\\\/schema\\\/logo\\\/image\\\/\"}}]}<\/script>\n<!-- \/ Yoast SEO plugin. -->","yoast_head_json":{"title":"Mini C\u00e2mera Espi\u00e3o Wi-fi Bocal De L\u00e2mpada E27 Branco - Loja Melhor do Sul Sistemas de Seguran\u00e7a","robots":{"index":"index","follow":"follow","max-snippet":"max-snippet:-1","max-image-preview":"max-image-preview:large","max-video-preview":"max-video-preview:-1"},"canonical":"https:\/\/www.lojamelhordosul.com.br\/site\/produto\/mini-camera-espiao-wi-fi-bocal-de-lampada-e27-branco\/","og_locale":"pt_BR","og_type":"article","og_title":"Mini C\u00e2mera Espi\u00e3o Wi-fi Bocal De L\u00e2mpada E27 Branco - Loja Melhor do Sul Sistemas de Seguran\u00e7a","og_description":"Ligada diretamente na rede 110\/220v e funciona normalmente l\u00e2mpada E27 (l\u00e2mpada convencional) Entrada para cart\u00e3o de mem\u00f3ria de at\u00e9 256GB Sensor de movimento  A c\u00e2mera tem uma instala\u00e7\u00e3o f\u00e1cil e pr\u00e1tica, ideal para quem busca conveni\u00eancia. Ela armazena imagens em cart\u00e3o de mem\u00f3ria (vendido Separadamente), permitindo grava\u00e7\u00e3o eficiente.","og_url":"https:\/\/www.lojamelhordosul.com.br\/site\/produto\/mini-camera-espiao-wi-fi-bocal-de-lampada-e27-branco\/","og_site_name":"Loja Melhor do Sul Sistemas de Seguran\u00e7a","article_modified_time":"2025-12-16T13:46:59+00:00","og_image":[{"width":891,"height":884,"url":"https:\/\/www.lojamelhordosul.com.br\/site\/wp-content\/uploads\/2025\/11\/bocal-espiao-e27.png","type":"image\/png"}],"twitter_card":"summary_large_image","twitter_misc":{"Est. tempo de leitura":"2 minutos"},"schema":{"@context":"https:\/\/schema.org","@graph":[{"@type":"WebPage","@id":"https:\/\/www.lojamelhordosul.com.br\/site\/produto\/mini-camera-espiao-wi-fi-bocal-de-lampada-e27-branco\/","url":"https:\/\/www.lojamelhordosul.com.br\/site\/produto\/mini-camera-espiao-wi-fi-bocal-de-lampada-e27-branco\/","name":"Mini C\u00e2mera Espi\u00e3o Wi-fi Bocal De L\u00e2mpada E27 Branco - Loja Melhor do Sul Sistemas de Seguran\u00e7a","isPartOf":{"@id":"https:\/\/www.lojamelhordosul.com.br\/site\/#website"},"primaryImageOfPage":{"@id":"https:\/\/www.lojamelhordosul.com.br\/site\/produto\/mini-camera-espiao-wi-fi-bocal-de-lampada-e27-branco\/#primaryimage"},"image":{"@id":"https:\/\/www.lojamelhordosul.com.br\/site\/produto\/mini-camera-espiao-wi-fi-bocal-de-lampada-e27-branco\/#primaryimage"},"thumbnailUrl":"https:\/\/www.lojamelhordosul.com.br\/site\/wp-content\/uploads\/2025\/11\/bocal-espiao-e27.png","datePublished":"2025-11-18T14:43:49+00:00","dateModified":"2025-12-16T13:46:59+00:00","breadcrumb":{"@id":"https:\/\/www.lojamelhordosul.com.br\/site\/produto\/mini-camera-espiao-wi-fi-bocal-de-lampada-e27-branco\/#breadcrumb"},"inLanguage":"pt-BR","potentialAction":[{"@type":"ReadAction","target":["https:\/\/www.lojamelhordosul.com.br\/site\/produto\/mini-camera-espiao-wi-fi-bocal-de-lampada-e27-branco\/"]}]},{"@type":"ImageObject","inLanguage":"pt-BR","@id":"https:\/\/www.lojamelhordosul.com.br\/site\/produto\/mini-camera-espiao-wi-fi-bocal-de-lampada-e27-branco\/#primaryimage","url":"https:\/\/www.lojamelhordosul.com.br\/site\/wp-content\/uploads\/2025\/11\/bocal-espiao-e27.png","contentUrl":"https:\/\/www.lojamelhordosul.com.br\/site\/wp-content\/uploads\/2025\/11\/bocal-espiao-e27.png","width":891,"height":884},{"@type":"BreadcrumbList","@id":"https:\/\/www.lojamelhordosul.com.br\/site\/produto\/mini-camera-espiao-wi-fi-bocal-de-lampada-e27-branco\/#breadcrumb","itemListElement":[{"@type":"ListItem","position":1,"name":"In\u00edcio","item":"https:\/\/www.lojamelhordosul.com.br\/site\/"},{"@type":"ListItem","position":2,"name":"Loja","item":"https:\/\/www.lojamelhordosul.com.br\/site\/loja\/"},{"@type":"ListItem","position":3,"name":"Mini C\u00e2mera Espi\u00e3o Wi-fi Bocal De L\u00e2mpada E27 Branco"}]},{"@type":"WebSite","@id":"https:\/\/www.lojamelhordosul.com.br\/site\/#website","url":"https:\/\/www.lojamelhordosul.com.br\/site\/","name":"Loja Melhor do Sul Sistemas de Seguran\u00e7a","description":"Loja Melhor do Sul - Revenda Ouro Intelbras em Porto Alegre","publisher":{"@id":"https:\/\/www.lojamelhordosul.com.br\/site\/#organization"},"potentialAction":[{"@type":"SearchAction","target":{"@type":"EntryPoint","urlTemplate":"https:\/\/www.lojamelhordosul.com.br\/site\/?s={search_term_string}"},"query-input":{"@type":"PropertyValueSpecification","valueRequired":true,"valueName":"search_term_string"}}],"inLanguage":"pt-BR"},{"@type":"Organization","@id":"https:\/\/www.lojamelhordosul.com.br\/site\/#organization","name":"Loja Melhor do Sul","url":"https:\/\/www.lojamelhordosul.com.br\/site\/","logo":{"@type":"ImageObject","inLanguage":"pt-BR","@id":"https:\/\/www.lojamelhordosul.com.br\/site\/#\/schema\/logo\/image\/","url":"https:\/\/www.lojamelhordosul.com.br\/site\/wp-content\/uploads\/2019\/10\/logo-longo-da-loja.png","contentUrl":"https:\/\/www.lojamelhordosul.com.br\/site\/wp-content\/uploads\/2019\/10\/logo-longo-da-loja.png","width":597,"height":114,"caption":"Loja Melhor do Sul"},"image":{"@id":"https:\/\/www.lojamelhordosul.com.br\/site\/#\/schema\/logo\/image\/"}}]}},"_links":{"self":[{"href":"https:\/\/www.lojamelhordosul.com.br\/site\/wp-json\/wp\/v2\/product\/16159","targetHints":{"allow":["GET"]}}],"collection":[{"href":"https:\/\/www.lojamelhordosul.com.br\/site\/wp-json\/wp\/v2\/product"}],"about":[{"href":"https:\/\/www.lojamelhordosul.com.br\/site\/wp-json\/wp\/v2\/types\/product"}],"replies":[{"embeddable":true,"href":"https:\/\/www.lojamelhordosul.com.br\/site\/wp-json\/wp\/v2\/comments?post=16159"}],"wp:featuredmedia":[{"embeddable":true,"href":"https:\/\/www.lojamelhordosul.com.br\/site\/wp-json\/wp\/v2\/media\/16160"}],"wp:attachment":[{"href":"https:\/\/www.lojamelhordosul.com.br\/site\/wp-json\/wp\/v2\/media?parent=16159"}],"wp:term":[{"taxonomy":"product_brand","embeddable":true,"href":"https:\/\/www.lojamelhordosul.com.br\/site\/wp-json\/wp\/v2\/product_brand?post=16159"},{"taxonomy":"product_cat","embeddable":true,"href":"https:\/\/www.lojamelhordosul.com.br\/site\/wp-json\/wp\/v2\/product_cat?post=16159"},{"taxonomy":"product_tag","embeddable":true,"href":"https:\/\/www.lojamelhordosul.com.br\/site\/wp-json\/wp\/v2\/product_tag?post=16159"}],"curies":[{"name":"wp","href":"https:\/\/api.w.org\/{rel}","templated":true}]}}