{"id":16173,"date":"2025-11-26T10:03:14","date_gmt":"2025-11-26T13:03:14","guid":{"rendered":"https:\/\/www.lojamelhordosul.com.br\/site\/?post_type=product&#038;p=16173"},"modified":"2025-12-10T13:35:14","modified_gmt":"2025-12-10T16:35:14","slug":"kit-dvr-4-canais-mhdx-1104-c-ssd-512gb-2-cameras-vhl-1220-b","status":"publish","type":"product","link":"https:\/\/www.lojamelhordosul.com.br\/site\/produto\/kit-dvr-4-canais-mhdx-1104-c-ssd-512gb-2-cameras-vhl-1220-b\/","title":{"rendered":"Kit DVR 4 canais MHDX 1104 C\/ SSD 512GB + 2 C\u00e2meras VHL 1220 B"},"content":{"rendered":"<p><img decoding=\"async\" src=\"https:\/\/backend.intelbras.com\/sites\/default\/files\/styles\/large\/public\/2024-03\/gabinete-compacto-com-excelente-custo-beneficio-mhdx-1104-c.jpg\" alt=\"gabinete-compacto-com-excelente-custo-beneficio-mhdx-1104-c.jpg\" \/><\/p>\n<p>Gravador Digital de V\u00eddeo MHDX 1104-C<\/p>\n<p>\u00bb Compat\u00edvel com 4 tecnologias: HDCVI + AHD + HDTVI + IP<br \/>\n\u00bb Visualiza\u00e7\u00e3o em 1080p<br \/>\n\u00bb Sa\u00eddas de v\u00eddeo VGA e HDMI<br \/>\n\u00bb Compress\u00e3o de v\u00eddeo H.265 e H.265+<br \/>\n\u00bb Suporta 1 HD SATA ou 1 SSD Intelbras<br \/>\n\u00bb Anal\u00edtico de v\u00eddeo: Detec\u00e7\u00e3o inteligente de pessoas e ve\u00edculos<br \/>\n\u00bb Compatibilidade com protocolo Onvif<br \/>\n\u00bb Modo NVR \u2013 Transforma todos os canais BNC em IP<\/p>\n<p>&nbsp;<\/p>\n<p><img decoding=\"async\" src=\"https:\/\/backend.intelbras.com\/sites\/default\/files\/styles\/large\/public\/2024-03\/ssd-intelbras-mhdx-1104-c.jpg\" alt=\"ssd-intelbras-mhdx-1104-c.jpg\" \/><\/p>\n<p>Intelbras Surveillance SSD 512GB<\/p>\n<p>\u00bb SSD especial para seguran\u00e7a eletr\u00f4nica<br \/>\n\u00bb Opera\u00e7\u00e3o 24 horas por dia, 7 dias por semana com performance de leitura e escrita est\u00e1vel e sem perda de frames<br \/>\n\u00bb Estabilidade na grava\u00e7\u00e3o de dados<br \/>\n\u00bb Baixo consumo de energia<br \/>\n\u00bb Suporte ao protocolo SATA lll com velocidade de transmiss\u00e3o de at\u00e9 550 MB\/s<br \/>\n\u00bb 3 anos de garantia<\/p>\n<p>&nbsp;<\/p>\n<p><img decoding=\"async\" class=\"\" src=\"https:\/\/www.lojamelhordosul.com.br\/site\/wp-content\/uploads\/2018\/03\/VHD-1010-B-G5-1536x1040.png\" width=\"589\" height=\"399\" \/><\/p>\n<h2><strong>C\u00e2mera VHL 1220 B<\/strong><\/h2>\n<p>Caracter\u00edsticas:<\/p>\n<ul>\n<li>Alta defini\u00e7\u00e3o de Imagens Resolu\u00e7\u00e3o full Hd (1080p)<\/li>\n<li>Novo protocolo HDCVI LITE<\/li>\n<li>Sensor megapixel \u00bc\u201d<\/li>\n<li>Lente 3.6 mm<\/li>\n<li>Alcance IR de 20 metros<\/li>\n<li>Case pl\u00e1stico<\/li>\n<li>Menu OSD\u00b3<\/li>\n<li>Prote\u00e7\u00e3o anti-UV<\/li>\n<li>IR inteligente<\/li>\n<li>IP66<\/li>\n<li>Cores por mais tempo<\/li>\n<li>Mais prote\u00e7\u00e3o, mais durabilidade<\/li>\n<li>Prote\u00e7\u00e3o contra surtos de tens\u00e3o<\/li>\n<\/ul>\n<p>&nbsp;<\/p>\n<p><img decoding=\"async\" class=\"\" src=\"https:\/\/static3.tcdn.com.br\/img\/img_prod\/603604\/cabo_coaxial_4mm_flexivel_bipolar_80_malha_cobre_branco_metro_2719_1_20200323144250.jpg\" alt=\"Cabo Coaxial Telecam 4mm Flex\u00edvel Bipolar 80% Malha Cobre - Metro\" width=\"528\" height=\"528\" \/><\/p>\n<h2><strong>Cabo Coaxial 67% Malha Bipolar 100m\u00a0<\/strong><\/h2>\n<p>Caracter\u00edsticas:<\/p>\n<ul>\n<li>Modelo: Coaxial<\/li>\n<li>Cor: Branco<\/li>\n<li>Bipolar<\/li>\n<li>Isola\u00e7\u00e3o Interna:Dupla blindagem<\/li>\n<li>Isola\u00e7\u00e3o Externa: PVC 70%<\/li>\n<li>Blindagem: 67%<\/li>\n<li>Flex\u00edvel \u00e9 mais f\u00e1cil de ser instalado em locais de dif\u00edcil acesso, principalmente na instala\u00e7\u00e3o de micro c\u00e2meras de elevadores.<\/li>\n<\/ul>\n<p>&nbsp;<\/p>\n<p><img decoding=\"async\" class=\"\" src=\"https:\/\/www.lojamelhordosul.com.br\/site\/wp-content\/uploads\/2018\/03\/Fonte-5a.jpg\" width=\"480\" height=\"480\" \/><\/p>\n<h2><strong>Fonte Chaveada 12V 5A:<\/strong><\/h2>\n<ul>\n<li>Ideal para c\u00e2meras de seguran\u00e7a<\/li>\n<li>Fonte CA-CC para alimenta\u00e7\u00e3o de c\u00e2meras<\/li>\n<li>Filtro especial contra interfer\u00eancia na imagem<\/li>\n<\/ul>\n<p>&nbsp;<\/p>\n<p><img decoding=\"async\" class=\"\" src=\"https:\/\/www.lojamelhordosul.com.br\/site\/wp-content\/uploads\/2018\/03\/Bnc-Mola-e-Parafuso.jpg\" width=\"504\" height=\"504\" \/><\/p>\n<h2><strong>Conector BNC Mola:<\/strong><\/h2>\n<ul>\n<li>Modelo: BNC Mola<\/li>\n<li>Tipo de Uso: Acess\u00f3rio para Instala\u00e7\u00e3o de DVR (Gravador Digital de V\u00eddeo)<\/li>\n<li>Melhor fixa\u00e7\u00e3o ao cabo, garantindo seu conforto e sua seguran\u00e7a<\/li>\n<li>Acabamento profissional para seu sistema<\/li>\n<li>Material de alta qualidade<\/li>\n<li>Evita uso de adaptadores<\/li>\n<li>Pr\u00f3prio para alimenta\u00e7\u00e3o de c\u00e2meras de CFTV<\/li>\n<li>Medida: 5mm externo (Negativo) 2mm interno (Positivo)<\/li>\n<li>Bornes com parafuso para\u00a0conex\u00e3o de fios<\/li>\n<\/ul>\n<p>&nbsp;<\/p>\n<p><img decoding=\"async\" class=\"\" src=\"https:\/\/www.lojamelhordosul.com.br\/site\/wp-content\/uploads\/2018\/03\/P4-Macho-B.jpg\" width=\"449\" height=\"449\" \/><\/p>\n<h2><strong>Conector P4 Borne Macho<\/strong><\/h2>\n<ul>\n<li>Modelo: P4<\/li>\n<li>Tipo de Uso: Acess\u00f3rio para Instala\u00e7\u00e3o de DVR (Gravador Digital de V\u00eddeo)<\/li>\n<li>Evite problemas em suas instala\u00e7\u00f5es.<\/li>\n<li>Com este Conector de alta qualidade\u00a0n\u00e3o necessita de solda<\/li>\n<li>Melhor fixa\u00e7\u00e3o ao cabo,\u00a0garantindo seu conforto e sua seguran\u00e7a.<\/li>\n<li>Acabamento profissional para seu sistema<\/li>\n<li>Material de alta qualidade<\/li>\n<li>Evita uso de adaptadores<\/li>\n<li>Pr\u00f3prio para alimenta\u00e7\u00e3o de c\u00e2meras de CFTV<\/li>\n<li>Medida: 5mm externo (Negativo) 2mm interno (Positivo)<\/li>\n<li>Bornes com parafuso para conex\u00e3o de fios<\/li>\n<\/ul>\n<p>&nbsp;<\/p>\n","protected":false},"excerpt":{"rendered":"<h2><strong>Conte\u00fado do kit:<\/strong><\/h2>\n<p>01 &#8211; Gravador MHDX 1104-C<\/p>\n<p>01 &#8211; SSD 512GB Intelbras<\/p>\n<p>02 &#8211; C\u00e2meras VHL 1220 B<\/p>\n<p>01 &#8211; Cabo Coaxial 67% Malha 100M FC67CBR<\/p>\n<p>01 &#8211; Fonte Colmeia 12V 5A EFM 1205<\/p>\n<p>04 &#8211; Conector BNC MOLA<\/p>\n<p>02 &#8211; Conector P4 MACHO<\/p>\n","protected":false},"featured_media":16174,"comment_status":"closed","ping_status":"closed","template":"","meta":[],"product_brand":[],"product_cat":[2676,2677,2683,2666],"product_tag":[],"class_list":{"0":"post-16173","1":"product","2":"type-product","3":"status-publish","4":"has-post-thumbnail","6":"product_cat-kit-cftv-4cam-4can","7":"product_cat-externas-4cam-4can","8":"product_cat-full-hd-externa","9":"product_cat-kits-cftv","11":"first","12":"instock","13":"shipping-taxable","14":"purchasable","15":"product-type-simple"},"yoast_head":"<!-- This site is optimized with the Yoast SEO plugin v27.4 - https:\/\/yoast.com\/product\/yoast-seo-wordpress\/ -->\n<title>Kit DVR 4 canais MHDX 1104 C\/ SSD 512GB + 2 C\u00e2meras VHL 1220 B - Loja Melhor do Sul Sistemas de Seguran\u00e7a<\/title>\n<meta name=\"robots\" content=\"index, follow, max-snippet:-1, max-image-preview:large, max-video-preview:-1\" \/>\n<link rel=\"canonical\" href=\"https:\/\/www.lojamelhordosul.com.br\/site\/produto\/kit-dvr-4-canais-mhdx-1104-c-ssd-512gb-2-cameras-vhl-1220-b\/\" \/>\n<meta property=\"og:locale\" content=\"pt_BR\" \/>\n<meta property=\"og:type\" content=\"article\" \/>\n<meta property=\"og:title\" content=\"Kit DVR 4 canais MHDX 1104 C\/ SSD 512GB + 2 C\u00e2meras VHL 1220 B - Loja Melhor do Sul Sistemas de Seguran\u00e7a\" \/>\n<meta property=\"og:description\" content=\"Conte\u00fado do kit: 01 - Gravador MHDX 1104-C  01 - SSD 512GB Intelbras  02 - C\u00e2meras VHL 1220 B  01 - Cabo Coaxial 67% Malha 100M FC67CBR  01 - Fonte Colmeia 12V 5A EFM 1205  04 - Conector BNC MOLA  02 - Conector P4 MACHO\" \/>\n<meta property=\"og:url\" content=\"https:\/\/www.lojamelhordosul.com.br\/site\/produto\/kit-dvr-4-canais-mhdx-1104-c-ssd-512gb-2-cameras-vhl-1220-b\/\" \/>\n<meta property=\"og:site_name\" content=\"Loja Melhor do Sul Sistemas de Seguran\u00e7a\" \/>\n<meta property=\"article:modified_time\" content=\"2025-12-10T16:35:14+00:00\" \/>\n<meta property=\"og:image\" content=\"https:\/\/www.lojamelhordosul.com.br\/site\/wp-content\/uploads\/2025\/11\/Kit-DVR-C-SSD-512GB-2-VHL-1220-B-FC67CBR-EFM-1205-4-BNC-MOLA-2-P4-MACHO-Photoroom.png\" \/>\n\t<meta property=\"og:image:width\" content=\"1200\" \/>\n\t<meta property=\"og:image:height\" content=\"1200\" \/>\n\t<meta property=\"og:image:type\" content=\"image\/png\" \/>\n<meta name=\"twitter:card\" content=\"summary_large_image\" \/>\n<meta name=\"twitter:label1\" content=\"Est. tempo de leitura\" \/>\n\t<meta name=\"twitter:data1\" content=\"4 minutos\" \/>\n<script type=\"application\/ld+json\" class=\"yoast-schema-graph\">{\"@context\":\"https:\\\/\\\/schema.org\",\"@graph\":[{\"@type\":\"WebPage\",\"@id\":\"https:\\\/\\\/www.lojamelhordosul.com.br\\\/site\\\/produto\\\/kit-dvr-4-canais-mhdx-1104-c-ssd-512gb-2-cameras-vhl-1220-b\\\/\",\"url\":\"https:\\\/\\\/www.lojamelhordosul.com.br\\\/site\\\/produto\\\/kit-dvr-4-canais-mhdx-1104-c-ssd-512gb-2-cameras-vhl-1220-b\\\/\",\"name\":\"Kit DVR 4 canais MHDX 1104 C\\\/ SSD 512GB + 2 C\u00e2meras VHL 1220 B - Loja Melhor do Sul Sistemas de Seguran\u00e7a\",\"isPartOf\":{\"@id\":\"https:\\\/\\\/www.lojamelhordosul.com.br\\\/site\\\/#website\"},\"primaryImageOfPage\":{\"@id\":\"https:\\\/\\\/www.lojamelhordosul.com.br\\\/site\\\/produto\\\/kit-dvr-4-canais-mhdx-1104-c-ssd-512gb-2-cameras-vhl-1220-b\\\/#primaryimage\"},\"image\":{\"@id\":\"https:\\\/\\\/www.lojamelhordosul.com.br\\\/site\\\/produto\\\/kit-dvr-4-canais-mhdx-1104-c-ssd-512gb-2-cameras-vhl-1220-b\\\/#primaryimage\"},\"thumbnailUrl\":\"https:\\\/\\\/www.lojamelhordosul.com.br\\\/site\\\/wp-content\\\/uploads\\\/2025\\\/11\\\/Kit-DVR-C-SSD-512GB-2-VHL-1220-B-FC67CBR-EFM-1205-4-BNC-MOLA-2-P4-MACHO-Photoroom.png\",\"datePublished\":\"2025-11-26T13:03:14+00:00\",\"dateModified\":\"2025-12-10T16:35:14+00:00\",\"breadcrumb\":{\"@id\":\"https:\\\/\\\/www.lojamelhordosul.com.br\\\/site\\\/produto\\\/kit-dvr-4-canais-mhdx-1104-c-ssd-512gb-2-cameras-vhl-1220-b\\\/#breadcrumb\"},\"inLanguage\":\"pt-BR\",\"potentialAction\":[{\"@type\":\"ReadAction\",\"target\":[\"https:\\\/\\\/www.lojamelhordosul.com.br\\\/site\\\/produto\\\/kit-dvr-4-canais-mhdx-1104-c-ssd-512gb-2-cameras-vhl-1220-b\\\/\"]}]},{\"@type\":\"ImageObject\",\"inLanguage\":\"pt-BR\",\"@id\":\"https:\\\/\\\/www.lojamelhordosul.com.br\\\/site\\\/produto\\\/kit-dvr-4-canais-mhdx-1104-c-ssd-512gb-2-cameras-vhl-1220-b\\\/#primaryimage\",\"url\":\"https:\\\/\\\/www.lojamelhordosul.com.br\\\/site\\\/wp-content\\\/uploads\\\/2025\\\/11\\\/Kit-DVR-C-SSD-512GB-2-VHL-1220-B-FC67CBR-EFM-1205-4-BNC-MOLA-2-P4-MACHO-Photoroom.png\",\"contentUrl\":\"https:\\\/\\\/www.lojamelhordosul.com.br\\\/site\\\/wp-content\\\/uploads\\\/2025\\\/11\\\/Kit-DVR-C-SSD-512GB-2-VHL-1220-B-FC67CBR-EFM-1205-4-BNC-MOLA-2-P4-MACHO-Photoroom.png\",\"width\":1200,\"height\":1200},{\"@type\":\"BreadcrumbList\",\"@id\":\"https:\\\/\\\/www.lojamelhordosul.com.br\\\/site\\\/produto\\\/kit-dvr-4-canais-mhdx-1104-c-ssd-512gb-2-cameras-vhl-1220-b\\\/#breadcrumb\",\"itemListElement\":[{\"@type\":\"ListItem\",\"position\":1,\"name\":\"In\u00edcio\",\"item\":\"https:\\\/\\\/www.lojamelhordosul.com.br\\\/site\\\/\"},{\"@type\":\"ListItem\",\"position\":2,\"name\":\"Loja\",\"item\":\"https:\\\/\\\/www.lojamelhordosul.com.br\\\/site\\\/loja\\\/\"},{\"@type\":\"ListItem\",\"position\":3,\"name\":\"Kit DVR 4 canais MHDX 1104 C\\\/ SSD 512GB + 2 C\u00e2meras VHL 1220 B\"}]},{\"@type\":\"WebSite\",\"@id\":\"https:\\\/\\\/www.lojamelhordosul.com.br\\\/site\\\/#website\",\"url\":\"https:\\\/\\\/www.lojamelhordosul.com.br\\\/site\\\/\",\"name\":\"Loja Melhor do Sul Sistemas de Seguran\u00e7a\",\"description\":\"Loja Melhor do Sul - Revenda Ouro Intelbras em Porto Alegre\",\"publisher\":{\"@id\":\"https:\\\/\\\/www.lojamelhordosul.com.br\\\/site\\\/#organization\"},\"potentialAction\":[{\"@type\":\"SearchAction\",\"target\":{\"@type\":\"EntryPoint\",\"urlTemplate\":\"https:\\\/\\\/www.lojamelhordosul.com.br\\\/site\\\/?s={search_term_string}\"},\"query-input\":{\"@type\":\"PropertyValueSpecification\",\"valueRequired\":true,\"valueName\":\"search_term_string\"}}],\"inLanguage\":\"pt-BR\"},{\"@type\":\"Organization\",\"@id\":\"https:\\\/\\\/www.lojamelhordosul.com.br\\\/site\\\/#organization\",\"name\":\"Loja Melhor do Sul\",\"url\":\"https:\\\/\\\/www.lojamelhordosul.com.br\\\/site\\\/\",\"logo\":{\"@type\":\"ImageObject\",\"inLanguage\":\"pt-BR\",\"@id\":\"https:\\\/\\\/www.lojamelhordosul.com.br\\\/site\\\/#\\\/schema\\\/logo\\\/image\\\/\",\"url\":\"https:\\\/\\\/www.lojamelhordosul.com.br\\\/site\\\/wp-content\\\/uploads\\\/2019\\\/10\\\/logo-longo-da-loja.png\",\"contentUrl\":\"https:\\\/\\\/www.lojamelhordosul.com.br\\\/site\\\/wp-content\\\/uploads\\\/2019\\\/10\\\/logo-longo-da-loja.png\",\"width\":597,\"height\":114,\"caption\":\"Loja Melhor do Sul\"},\"image\":{\"@id\":\"https:\\\/\\\/www.lojamelhordosul.com.br\\\/site\\\/#\\\/schema\\\/logo\\\/image\\\/\"}}]}<\/script>\n<!-- \/ Yoast SEO plugin. -->","yoast_head_json":{"title":"Kit DVR 4 canais MHDX 1104 C\/ SSD 512GB + 2 C\u00e2meras VHL 1220 B - Loja Melhor do Sul Sistemas de Seguran\u00e7a","robots":{"index":"index","follow":"follow","max-snippet":"max-snippet:-1","max-image-preview":"max-image-preview:large","max-video-preview":"max-video-preview:-1"},"canonical":"https:\/\/www.lojamelhordosul.com.br\/site\/produto\/kit-dvr-4-canais-mhdx-1104-c-ssd-512gb-2-cameras-vhl-1220-b\/","og_locale":"pt_BR","og_type":"article","og_title":"Kit DVR 4 canais MHDX 1104 C\/ SSD 512GB + 2 C\u00e2meras VHL 1220 B - Loja Melhor do Sul Sistemas de Seguran\u00e7a","og_description":"Conte\u00fado do kit: 01 - Gravador MHDX 1104-C  01 - SSD 512GB Intelbras  02 - C\u00e2meras VHL 1220 B  01 - Cabo Coaxial 67% Malha 100M FC67CBR  01 - Fonte Colmeia 12V 5A EFM 1205  04 - Conector BNC MOLA  02 - Conector P4 MACHO","og_url":"https:\/\/www.lojamelhordosul.com.br\/site\/produto\/kit-dvr-4-canais-mhdx-1104-c-ssd-512gb-2-cameras-vhl-1220-b\/","og_site_name":"Loja Melhor do Sul Sistemas de Seguran\u00e7a","article_modified_time":"2025-12-10T16:35:14+00:00","og_image":[{"width":1200,"height":1200,"url":"https:\/\/www.lojamelhordosul.com.br\/site\/wp-content\/uploads\/2025\/11\/Kit-DVR-C-SSD-512GB-2-VHL-1220-B-FC67CBR-EFM-1205-4-BNC-MOLA-2-P4-MACHO-Photoroom.png","type":"image\/png"}],"twitter_card":"summary_large_image","twitter_misc":{"Est. tempo de leitura":"4 minutos"},"schema":{"@context":"https:\/\/schema.org","@graph":[{"@type":"WebPage","@id":"https:\/\/www.lojamelhordosul.com.br\/site\/produto\/kit-dvr-4-canais-mhdx-1104-c-ssd-512gb-2-cameras-vhl-1220-b\/","url":"https:\/\/www.lojamelhordosul.com.br\/site\/produto\/kit-dvr-4-canais-mhdx-1104-c-ssd-512gb-2-cameras-vhl-1220-b\/","name":"Kit DVR 4 canais MHDX 1104 C\/ SSD 512GB + 2 C\u00e2meras VHL 1220 B - Loja Melhor do Sul Sistemas de Seguran\u00e7a","isPartOf":{"@id":"https:\/\/www.lojamelhordosul.com.br\/site\/#website"},"primaryImageOfPage":{"@id":"https:\/\/www.lojamelhordosul.com.br\/site\/produto\/kit-dvr-4-canais-mhdx-1104-c-ssd-512gb-2-cameras-vhl-1220-b\/#primaryimage"},"image":{"@id":"https:\/\/www.lojamelhordosul.com.br\/site\/produto\/kit-dvr-4-canais-mhdx-1104-c-ssd-512gb-2-cameras-vhl-1220-b\/#primaryimage"},"thumbnailUrl":"https:\/\/www.lojamelhordosul.com.br\/site\/wp-content\/uploads\/2025\/11\/Kit-DVR-C-SSD-512GB-2-VHL-1220-B-FC67CBR-EFM-1205-4-BNC-MOLA-2-P4-MACHO-Photoroom.png","datePublished":"2025-11-26T13:03:14+00:00","dateModified":"2025-12-10T16:35:14+00:00","breadcrumb":{"@id":"https:\/\/www.lojamelhordosul.com.br\/site\/produto\/kit-dvr-4-canais-mhdx-1104-c-ssd-512gb-2-cameras-vhl-1220-b\/#breadcrumb"},"inLanguage":"pt-BR","potentialAction":[{"@type":"ReadAction","target":["https:\/\/www.lojamelhordosul.com.br\/site\/produto\/kit-dvr-4-canais-mhdx-1104-c-ssd-512gb-2-cameras-vhl-1220-b\/"]}]},{"@type":"ImageObject","inLanguage":"pt-BR","@id":"https:\/\/www.lojamelhordosul.com.br\/site\/produto\/kit-dvr-4-canais-mhdx-1104-c-ssd-512gb-2-cameras-vhl-1220-b\/#primaryimage","url":"https:\/\/www.lojamelhordosul.com.br\/site\/wp-content\/uploads\/2025\/11\/Kit-DVR-C-SSD-512GB-2-VHL-1220-B-FC67CBR-EFM-1205-4-BNC-MOLA-2-P4-MACHO-Photoroom.png","contentUrl":"https:\/\/www.lojamelhordosul.com.br\/site\/wp-content\/uploads\/2025\/11\/Kit-DVR-C-SSD-512GB-2-VHL-1220-B-FC67CBR-EFM-1205-4-BNC-MOLA-2-P4-MACHO-Photoroom.png","width":1200,"height":1200},{"@type":"BreadcrumbList","@id":"https:\/\/www.lojamelhordosul.com.br\/site\/produto\/kit-dvr-4-canais-mhdx-1104-c-ssd-512gb-2-cameras-vhl-1220-b\/#breadcrumb","itemListElement":[{"@type":"ListItem","position":1,"name":"In\u00edcio","item":"https:\/\/www.lojamelhordosul.com.br\/site\/"},{"@type":"ListItem","position":2,"name":"Loja","item":"https:\/\/www.lojamelhordosul.com.br\/site\/loja\/"},{"@type":"ListItem","position":3,"name":"Kit DVR 4 canais MHDX 1104 C\/ SSD 512GB + 2 C\u00e2meras VHL 1220 B"}]},{"@type":"WebSite","@id":"https:\/\/www.lojamelhordosul.com.br\/site\/#website","url":"https:\/\/www.lojamelhordosul.com.br\/site\/","name":"Loja Melhor do Sul Sistemas de Seguran\u00e7a","description":"Loja Melhor do Sul - Revenda Ouro Intelbras em Porto Alegre","publisher":{"@id":"https:\/\/www.lojamelhordosul.com.br\/site\/#organization"},"potentialAction":[{"@type":"SearchAction","target":{"@type":"EntryPoint","urlTemplate":"https:\/\/www.lojamelhordosul.com.br\/site\/?s={search_term_string}"},"query-input":{"@type":"PropertyValueSpecification","valueRequired":true,"valueName":"search_term_string"}}],"inLanguage":"pt-BR"},{"@type":"Organization","@id":"https:\/\/www.lojamelhordosul.com.br\/site\/#organization","name":"Loja Melhor do Sul","url":"https:\/\/www.lojamelhordosul.com.br\/site\/","logo":{"@type":"ImageObject","inLanguage":"pt-BR","@id":"https:\/\/www.lojamelhordosul.com.br\/site\/#\/schema\/logo\/image\/","url":"https:\/\/www.lojamelhordosul.com.br\/site\/wp-content\/uploads\/2019\/10\/logo-longo-da-loja.png","contentUrl":"https:\/\/www.lojamelhordosul.com.br\/site\/wp-content\/uploads\/2019\/10\/logo-longo-da-loja.png","width":597,"height":114,"caption":"Loja Melhor do Sul"},"image":{"@id":"https:\/\/www.lojamelhordosul.com.br\/site\/#\/schema\/logo\/image\/"}}]}},"_links":{"self":[{"href":"https:\/\/www.lojamelhordosul.com.br\/site\/wp-json\/wp\/v2\/product\/16173","targetHints":{"allow":["GET"]}}],"collection":[{"href":"https:\/\/www.lojamelhordosul.com.br\/site\/wp-json\/wp\/v2\/product"}],"about":[{"href":"https:\/\/www.lojamelhordosul.com.br\/site\/wp-json\/wp\/v2\/types\/product"}],"replies":[{"embeddable":true,"href":"https:\/\/www.lojamelhordosul.com.br\/site\/wp-json\/wp\/v2\/comments?post=16173"}],"wp:featuredmedia":[{"embeddable":true,"href":"https:\/\/www.lojamelhordosul.com.br\/site\/wp-json\/wp\/v2\/media\/16174"}],"wp:attachment":[{"href":"https:\/\/www.lojamelhordosul.com.br\/site\/wp-json\/wp\/v2\/media?parent=16173"}],"wp:term":[{"taxonomy":"product_brand","embeddable":true,"href":"https:\/\/www.lojamelhordosul.com.br\/site\/wp-json\/wp\/v2\/product_brand?post=16173"},{"taxonomy":"product_cat","embeddable":true,"href":"https:\/\/www.lojamelhordosul.com.br\/site\/wp-json\/wp\/v2\/product_cat?post=16173"},{"taxonomy":"product_tag","embeddable":true,"href":"https:\/\/www.lojamelhordosul.com.br\/site\/wp-json\/wp\/v2\/product_tag?post=16173"}],"curies":[{"name":"wp","href":"https:\/\/api.w.org\/{rel}","templated":true}]}}