{"id":1618,"date":"2018-04-24T14:35:24","date_gmt":"2018-04-24T17:35:24","guid":{"rendered":"https:\/\/www.lojamelhordosul.com.br\/site\/?post_type=product&#038;p=1618"},"modified":"2025-12-19T11:57:14","modified_gmt":"2025-12-19T14:57:14","slug":"grade-protetora-camera-dome-infravermelho-anti-roubo-e-vandalismo","status":"publish","type":"product","link":"https:\/\/www.lojamelhordosul.com.br\/site\/produto\/grade-protetora-camera-dome-infravermelho-anti-roubo-e-vandalismo\/","title":{"rendered":"Grade Protetora C\u00e2mera Dome Infravermelho"},"content":{"rendered":"<p>&nbsp;<\/p>\n<p>&nbsp;<\/p>\n<p><a href=\"https:\/\/www.lojamelhordosul.com.br\/site\/wp-content\/uploads\/2018\/05\/logo-longo-da-loja.png\"><img decoding=\"async\" class=\" wp-image-2041 aligncenter\" src=\"https:\/\/www.lojamelhordosul.com.br\/site\/wp-content\/uploads\/2018\/05\/logo-longo-da-loja-300x57.png\" alt=\"\" width=\"980\" height=\"186\" \/><\/a><\/p>\n<p>Caracter\u00edstica:<\/p>\n<p>Utilizado para proteger c\u00e2mera dome contra roubo e vandalismo.<br \/>\nDispon\u00edvel nas cor cinza.<br \/>\nPe\u00e7as fabricadas com mat\u00e9ria-prima de alt\u00edssima qualidade.<br \/>\nPe\u00e7as com rigorosos controle de fabrica\u00e7\u00e3o, no mesmo formato das pe\u00e7as<br \/>\noriginais, n\u00e3o exigindo quaisquer adapta\u00e7\u00e3o na instala\u00e7\u00e3o, com encaixes<br \/>\nperfeitos.<br \/>\nProduzido em: Alum\u00ednio fundido<br \/>\nPintura: Eletrost\u00e1tica<\/p>\n<p>&nbsp;<\/p>\n<p><a href=\"https:\/\/www.lojamelhordosul.com.br\/site\/wp-content\/uploads\/2018\/05\/logo-do-fim.jpg\"><img decoding=\"async\" class=\" wp-image-2034 aligncenter\" src=\"https:\/\/www.lojamelhordosul.com.br\/site\/wp-content\/uploads\/2018\/05\/logo-do-fim-300x217.jpg\" alt=\"\" width=\"463\" height=\"335\" \/><\/a><\/p>\n","protected":false},"excerpt":{"rendered":"<p>&nbsp; &nbsp; Caracter\u00edstica: Utilizado para proteger c\u00e2mera dome contra roubo e vandalismo. Dispon\u00edvel nas cor cinza. Pe\u00e7as fabricadas com mat\u00e9ria-prima de alt\u00edssima qualidade. Pe\u00e7as com rigorosos controle de fabrica\u00e7\u00e3o, no mesmo formato das pe\u00e7as originais, n\u00e3o exigindo quaisquer adapta\u00e7\u00e3o na instala\u00e7\u00e3o, com encaixes perfeitos. Produzido em: Alum\u00ednio fundido Pintura: Eletrost\u00e1tica &nbsp;<\/p>\n","protected":false},"featured_media":7769,"comment_status":"open","ping_status":"closed","template":"","meta":[],"product_brand":[],"product_cat":[2719,2723],"product_tag":[1652,1659,1658,1660,1650,1651],"class_list":{"0":"post-1618","1":"product","2":"type-product","3":"status-publish","4":"has-post-thumbnail","6":"product_cat-acessorios-cftv","7":"product_cat-acessorios-suportes","8":"product_tag-gaiola-de-protecao-para-camera-de-seguranca","9":"product_tag-grade-de-protecao-para-camera-bolinha","10":"product_tag-grade-de-protecao-para-camera-dome","11":"product_tag-grade-de-protecao-para-camera-dome-infravermelho","12":"product_tag-grade-para-camera-de-seguranca","13":"product_tag-grade-para-camera-de-seguranca-em-porto-alegre","15":"first","16":"instock","17":"shipping-taxable","18":"purchasable","19":"product-type-simple"},"yoast_head":"<!-- This site is optimized with the Yoast SEO plugin v27.3 - https:\/\/yoast.com\/product\/yoast-seo-wordpress\/ -->\n<title>Grade Protetora C\u00e2mera Dome Infravermelho - Loja Melhor do Sul Sistemas de Seguran\u00e7a<\/title>\n<meta name=\"robots\" content=\"index, follow, max-snippet:-1, max-image-preview:large, max-video-preview:-1\" \/>\n<link rel=\"canonical\" href=\"https:\/\/www.lojamelhordosul.com.br\/site\/produto\/grade-protetora-camera-dome-infravermelho-anti-roubo-e-vandalismo\/\" \/>\n<meta property=\"og:locale\" content=\"pt_BR\" \/>\n<meta property=\"og:type\" content=\"article\" \/>\n<meta property=\"og:title\" content=\"Grade Protetora C\u00e2mera Dome Infravermelho - Loja Melhor do Sul Sistemas de Seguran\u00e7a\" \/>\n<meta property=\"og:description\" content=\"&nbsp; &nbsp; Caracter\u00edstica: Utilizado para proteger c\u00e2mera dome contra roubo e vandalismo. Dispon\u00edvel nas cor cinza. Pe\u00e7as fabricadas com mat\u00e9ria-prima de alt\u00edssima qualidade. Pe\u00e7as com rigorosos controle de fabrica\u00e7\u00e3o, no mesmo formato das pe\u00e7as originais, n\u00e3o exigindo quaisquer adapta\u00e7\u00e3o na instala\u00e7\u00e3o, com encaixes perfeitos. Produzido em: Alum\u00ednio fundido Pintura: Eletrost\u00e1tica &nbsp;\" \/>\n<meta property=\"og:url\" content=\"https:\/\/www.lojamelhordosul.com.br\/site\/produto\/grade-protetora-camera-dome-infravermelho-anti-roubo-e-vandalismo\/\" \/>\n<meta property=\"og:site_name\" content=\"Loja Melhor do Sul Sistemas de Seguran\u00e7a\" \/>\n<meta property=\"article:modified_time\" content=\"2025-12-19T14:57:14+00:00\" \/>\n<meta property=\"og:image\" content=\"https:\/\/www.lojamelhordosul.com.br\/site\/wp-content\/uploads\/2018\/04\/grade-anti-roubo-e-vandalismo.jpg\" \/>\n\t<meta property=\"og:image:width\" content=\"1450\" \/>\n\t<meta property=\"og:image:height\" content=\"1450\" \/>\n\t<meta property=\"og:image:type\" content=\"image\/jpeg\" \/>\n<meta name=\"twitter:card\" content=\"summary_large_image\" \/>\n<script type=\"application\/ld+json\" class=\"yoast-schema-graph\">{\"@context\":\"https:\\\/\\\/schema.org\",\"@graph\":[{\"@type\":\"WebPage\",\"@id\":\"https:\\\/\\\/www.lojamelhordosul.com.br\\\/site\\\/produto\\\/grade-protetora-camera-dome-infravermelho-anti-roubo-e-vandalismo\\\/\",\"url\":\"https:\\\/\\\/www.lojamelhordosul.com.br\\\/site\\\/produto\\\/grade-protetora-camera-dome-infravermelho-anti-roubo-e-vandalismo\\\/\",\"name\":\"Grade Protetora C\u00e2mera Dome Infravermelho - Loja Melhor do Sul Sistemas de Seguran\u00e7a\",\"isPartOf\":{\"@id\":\"https:\\\/\\\/www.lojamelhordosul.com.br\\\/site\\\/#website\"},\"primaryImageOfPage\":{\"@id\":\"https:\\\/\\\/www.lojamelhordosul.com.br\\\/site\\\/produto\\\/grade-protetora-camera-dome-infravermelho-anti-roubo-e-vandalismo\\\/#primaryimage\"},\"image\":{\"@id\":\"https:\\\/\\\/www.lojamelhordosul.com.br\\\/site\\\/produto\\\/grade-protetora-camera-dome-infravermelho-anti-roubo-e-vandalismo\\\/#primaryimage\"},\"thumbnailUrl\":\"https:\\\/\\\/www.lojamelhordosul.com.br\\\/site\\\/wp-content\\\/uploads\\\/2018\\\/04\\\/grade-anti-roubo-e-vandalismo.jpg\",\"datePublished\":\"2018-04-24T17:35:24+00:00\",\"dateModified\":\"2025-12-19T14:57:14+00:00\",\"breadcrumb\":{\"@id\":\"https:\\\/\\\/www.lojamelhordosul.com.br\\\/site\\\/produto\\\/grade-protetora-camera-dome-infravermelho-anti-roubo-e-vandalismo\\\/#breadcrumb\"},\"inLanguage\":\"pt-BR\",\"potentialAction\":[{\"@type\":\"ReadAction\",\"target\":[\"https:\\\/\\\/www.lojamelhordosul.com.br\\\/site\\\/produto\\\/grade-protetora-camera-dome-infravermelho-anti-roubo-e-vandalismo\\\/\"]}]},{\"@type\":\"ImageObject\",\"inLanguage\":\"pt-BR\",\"@id\":\"https:\\\/\\\/www.lojamelhordosul.com.br\\\/site\\\/produto\\\/grade-protetora-camera-dome-infravermelho-anti-roubo-e-vandalismo\\\/#primaryimage\",\"url\":\"https:\\\/\\\/www.lojamelhordosul.com.br\\\/site\\\/wp-content\\\/uploads\\\/2018\\\/04\\\/grade-anti-roubo-e-vandalismo.jpg\",\"contentUrl\":\"https:\\\/\\\/www.lojamelhordosul.com.br\\\/site\\\/wp-content\\\/uploads\\\/2018\\\/04\\\/grade-anti-roubo-e-vandalismo.jpg\",\"width\":1450,\"height\":1450},{\"@type\":\"BreadcrumbList\",\"@id\":\"https:\\\/\\\/www.lojamelhordosul.com.br\\\/site\\\/produto\\\/grade-protetora-camera-dome-infravermelho-anti-roubo-e-vandalismo\\\/#breadcrumb\",\"itemListElement\":[{\"@type\":\"ListItem\",\"position\":1,\"name\":\"In\u00edcio\",\"item\":\"https:\\\/\\\/www.lojamelhordosul.com.br\\\/site\\\/\"},{\"@type\":\"ListItem\",\"position\":2,\"name\":\"Loja\",\"item\":\"https:\\\/\\\/www.lojamelhordosul.com.br\\\/site\\\/loja\\\/\"},{\"@type\":\"ListItem\",\"position\":3,\"name\":\"Grade Protetora C\u00e2mera Dome Infravermelho\"}]},{\"@type\":\"WebSite\",\"@id\":\"https:\\\/\\\/www.lojamelhordosul.com.br\\\/site\\\/#website\",\"url\":\"https:\\\/\\\/www.lojamelhordosul.com.br\\\/site\\\/\",\"name\":\"Loja Melhor do Sul Sistemas de Seguran\u00e7a\",\"description\":\"Loja Melhor do Sul - Revenda Ouro Intelbras em Porto Alegre\",\"publisher\":{\"@id\":\"https:\\\/\\\/www.lojamelhordosul.com.br\\\/site\\\/#organization\"},\"potentialAction\":[{\"@type\":\"SearchAction\",\"target\":{\"@type\":\"EntryPoint\",\"urlTemplate\":\"https:\\\/\\\/www.lojamelhordosul.com.br\\\/site\\\/?s={search_term_string}\"},\"query-input\":{\"@type\":\"PropertyValueSpecification\",\"valueRequired\":true,\"valueName\":\"search_term_string\"}}],\"inLanguage\":\"pt-BR\"},{\"@type\":\"Organization\",\"@id\":\"https:\\\/\\\/www.lojamelhordosul.com.br\\\/site\\\/#organization\",\"name\":\"Loja Melhor do Sul\",\"url\":\"https:\\\/\\\/www.lojamelhordosul.com.br\\\/site\\\/\",\"logo\":{\"@type\":\"ImageObject\",\"inLanguage\":\"pt-BR\",\"@id\":\"https:\\\/\\\/www.lojamelhordosul.com.br\\\/site\\\/#\\\/schema\\\/logo\\\/image\\\/\",\"url\":\"https:\\\/\\\/www.lojamelhordosul.com.br\\\/site\\\/wp-content\\\/uploads\\\/2019\\\/10\\\/logo-longo-da-loja.png\",\"contentUrl\":\"https:\\\/\\\/www.lojamelhordosul.com.br\\\/site\\\/wp-content\\\/uploads\\\/2019\\\/10\\\/logo-longo-da-loja.png\",\"width\":597,\"height\":114,\"caption\":\"Loja Melhor do Sul\"},\"image\":{\"@id\":\"https:\\\/\\\/www.lojamelhordosul.com.br\\\/site\\\/#\\\/schema\\\/logo\\\/image\\\/\"}}]}<\/script>\n<!-- \/ Yoast SEO plugin. -->","yoast_head_json":{"title":"Grade Protetora C\u00e2mera Dome Infravermelho - Loja Melhor do Sul Sistemas de Seguran\u00e7a","robots":{"index":"index","follow":"follow","max-snippet":"max-snippet:-1","max-image-preview":"max-image-preview:large","max-video-preview":"max-video-preview:-1"},"canonical":"https:\/\/www.lojamelhordosul.com.br\/site\/produto\/grade-protetora-camera-dome-infravermelho-anti-roubo-e-vandalismo\/","og_locale":"pt_BR","og_type":"article","og_title":"Grade Protetora C\u00e2mera Dome Infravermelho - Loja Melhor do Sul Sistemas de Seguran\u00e7a","og_description":"&nbsp; &nbsp; Caracter\u00edstica: Utilizado para proteger c\u00e2mera dome contra roubo e vandalismo. Dispon\u00edvel nas cor cinza. Pe\u00e7as fabricadas com mat\u00e9ria-prima de alt\u00edssima qualidade. Pe\u00e7as com rigorosos controle de fabrica\u00e7\u00e3o, no mesmo formato das pe\u00e7as originais, n\u00e3o exigindo quaisquer adapta\u00e7\u00e3o na instala\u00e7\u00e3o, com encaixes perfeitos. Produzido em: Alum\u00ednio fundido Pintura: Eletrost\u00e1tica &nbsp;","og_url":"https:\/\/www.lojamelhordosul.com.br\/site\/produto\/grade-protetora-camera-dome-infravermelho-anti-roubo-e-vandalismo\/","og_site_name":"Loja Melhor do Sul Sistemas de Seguran\u00e7a","article_modified_time":"2025-12-19T14:57:14+00:00","og_image":[{"width":1450,"height":1450,"url":"https:\/\/www.lojamelhordosul.com.br\/site\/wp-content\/uploads\/2018\/04\/grade-anti-roubo-e-vandalismo.jpg","type":"image\/jpeg"}],"twitter_card":"summary_large_image","schema":{"@context":"https:\/\/schema.org","@graph":[{"@type":"WebPage","@id":"https:\/\/www.lojamelhordosul.com.br\/site\/produto\/grade-protetora-camera-dome-infravermelho-anti-roubo-e-vandalismo\/","url":"https:\/\/www.lojamelhordosul.com.br\/site\/produto\/grade-protetora-camera-dome-infravermelho-anti-roubo-e-vandalismo\/","name":"Grade Protetora C\u00e2mera Dome Infravermelho - Loja Melhor do Sul Sistemas de Seguran\u00e7a","isPartOf":{"@id":"https:\/\/www.lojamelhordosul.com.br\/site\/#website"},"primaryImageOfPage":{"@id":"https:\/\/www.lojamelhordosul.com.br\/site\/produto\/grade-protetora-camera-dome-infravermelho-anti-roubo-e-vandalismo\/#primaryimage"},"image":{"@id":"https:\/\/www.lojamelhordosul.com.br\/site\/produto\/grade-protetora-camera-dome-infravermelho-anti-roubo-e-vandalismo\/#primaryimage"},"thumbnailUrl":"https:\/\/www.lojamelhordosul.com.br\/site\/wp-content\/uploads\/2018\/04\/grade-anti-roubo-e-vandalismo.jpg","datePublished":"2018-04-24T17:35:24+00:00","dateModified":"2025-12-19T14:57:14+00:00","breadcrumb":{"@id":"https:\/\/www.lojamelhordosul.com.br\/site\/produto\/grade-protetora-camera-dome-infravermelho-anti-roubo-e-vandalismo\/#breadcrumb"},"inLanguage":"pt-BR","potentialAction":[{"@type":"ReadAction","target":["https:\/\/www.lojamelhordosul.com.br\/site\/produto\/grade-protetora-camera-dome-infravermelho-anti-roubo-e-vandalismo\/"]}]},{"@type":"ImageObject","inLanguage":"pt-BR","@id":"https:\/\/www.lojamelhordosul.com.br\/site\/produto\/grade-protetora-camera-dome-infravermelho-anti-roubo-e-vandalismo\/#primaryimage","url":"https:\/\/www.lojamelhordosul.com.br\/site\/wp-content\/uploads\/2018\/04\/grade-anti-roubo-e-vandalismo.jpg","contentUrl":"https:\/\/www.lojamelhordosul.com.br\/site\/wp-content\/uploads\/2018\/04\/grade-anti-roubo-e-vandalismo.jpg","width":1450,"height":1450},{"@type":"BreadcrumbList","@id":"https:\/\/www.lojamelhordosul.com.br\/site\/produto\/grade-protetora-camera-dome-infravermelho-anti-roubo-e-vandalismo\/#breadcrumb","itemListElement":[{"@type":"ListItem","position":1,"name":"In\u00edcio","item":"https:\/\/www.lojamelhordosul.com.br\/site\/"},{"@type":"ListItem","position":2,"name":"Loja","item":"https:\/\/www.lojamelhordosul.com.br\/site\/loja\/"},{"@type":"ListItem","position":3,"name":"Grade Protetora C\u00e2mera Dome Infravermelho"}]},{"@type":"WebSite","@id":"https:\/\/www.lojamelhordosul.com.br\/site\/#website","url":"https:\/\/www.lojamelhordosul.com.br\/site\/","name":"Loja Melhor do Sul Sistemas de Seguran\u00e7a","description":"Loja Melhor do Sul - Revenda Ouro Intelbras em Porto Alegre","publisher":{"@id":"https:\/\/www.lojamelhordosul.com.br\/site\/#organization"},"potentialAction":[{"@type":"SearchAction","target":{"@type":"EntryPoint","urlTemplate":"https:\/\/www.lojamelhordosul.com.br\/site\/?s={search_term_string}"},"query-input":{"@type":"PropertyValueSpecification","valueRequired":true,"valueName":"search_term_string"}}],"inLanguage":"pt-BR"},{"@type":"Organization","@id":"https:\/\/www.lojamelhordosul.com.br\/site\/#organization","name":"Loja Melhor do Sul","url":"https:\/\/www.lojamelhordosul.com.br\/site\/","logo":{"@type":"ImageObject","inLanguage":"pt-BR","@id":"https:\/\/www.lojamelhordosul.com.br\/site\/#\/schema\/logo\/image\/","url":"https:\/\/www.lojamelhordosul.com.br\/site\/wp-content\/uploads\/2019\/10\/logo-longo-da-loja.png","contentUrl":"https:\/\/www.lojamelhordosul.com.br\/site\/wp-content\/uploads\/2019\/10\/logo-longo-da-loja.png","width":597,"height":114,"caption":"Loja Melhor do Sul"},"image":{"@id":"https:\/\/www.lojamelhordosul.com.br\/site\/#\/schema\/logo\/image\/"}}]}},"_links":{"self":[{"href":"https:\/\/www.lojamelhordosul.com.br\/site\/wp-json\/wp\/v2\/product\/1618","targetHints":{"allow":["GET"]}}],"collection":[{"href":"https:\/\/www.lojamelhordosul.com.br\/site\/wp-json\/wp\/v2\/product"}],"about":[{"href":"https:\/\/www.lojamelhordosul.com.br\/site\/wp-json\/wp\/v2\/types\/product"}],"replies":[{"embeddable":true,"href":"https:\/\/www.lojamelhordosul.com.br\/site\/wp-json\/wp\/v2\/comments?post=1618"}],"wp:featuredmedia":[{"embeddable":true,"href":"https:\/\/www.lojamelhordosul.com.br\/site\/wp-json\/wp\/v2\/media\/7769"}],"wp:attachment":[{"href":"https:\/\/www.lojamelhordosul.com.br\/site\/wp-json\/wp\/v2\/media?parent=1618"}],"wp:term":[{"taxonomy":"product_brand","embeddable":true,"href":"https:\/\/www.lojamelhordosul.com.br\/site\/wp-json\/wp\/v2\/product_brand?post=1618"},{"taxonomy":"product_cat","embeddable":true,"href":"https:\/\/www.lojamelhordosul.com.br\/site\/wp-json\/wp\/v2\/product_cat?post=1618"},{"taxonomy":"product_tag","embeddable":true,"href":"https:\/\/www.lojamelhordosul.com.br\/site\/wp-json\/wp\/v2\/product_tag?post=1618"}],"curies":[{"name":"wp","href":"https:\/\/api.w.org\/{rel}","templated":true}]}}