{"id":16193,"date":"2025-12-17T17:55:06","date_gmt":"2025-12-17T20:55:06","guid":{"rendered":"https:\/\/www.lojamelhordosul.com.br\/site\/?post_type=product&#038;p=16193"},"modified":"2026-04-17T16:39:54","modified_gmt":"2026-04-17T19:39:54","slug":"kit-dvr-4-canais-mhdx-1304-2-cameras-vhl-1220-d-hd-sata-1tb-western-digital-purple","status":"publish","type":"product","link":"https:\/\/www.lojamelhordosul.com.br\/site\/produto\/kit-dvr-4-canais-mhdx-1304-2-cameras-vhl-1220-d-hd-sata-1tb-western-digital-purple\/","title":{"rendered":"Kit DVR 4 canais MHDX 1304 + 2 C\u00e2meras VHL 1220 D + HD Sata 1TB Western Digital Purple"},"content":{"rendered":"<p><img decoding=\"async\" class=\"alignright\" src=\"https:\/\/www.lojamelhordosul.com.br\/site\/wp-content\/uploads\/2017\/09\/Mhdx-1116-1000x341.png\" width=\"604\" height=\"206\" \/><\/p>\n<h2 style=\"text-align: left;\"><strong>Gravador digital de v\u00eddeo Dvr iMhdx 1308<\/strong><\/h2>\n<p style=\"text-align: left;\">Caracter\u00edsticas:<\/p>\n<ul>\n<li style=\"text-align: left;\">\u00a0Compat\u00edvel com 5 tecnologias: HDCVI + AHD + HDTVI +<br \/>\nAnal\u00f3gica + IP<\/li>\n<li style=\"text-align: left;\">\u00a0Sa\u00eddas de v\u00eddeo VGA, HDMI e BNC<\/li>\n<li style=\"text-align: left;\">\u00a0Reconhecimento de face em tempo real<\/li>\n<li style=\"text-align: left;\">\u00a0Compress\u00e3o de v\u00eddeo H.265 e H.265+<\/li>\n<li style=\"text-align: left;\">\u00a0Anal\u00edticos de v\u00eddeo: Reconhecimento facial, detec\u00e7\u00e3o<br \/>\ninteligente de pessoas e ve\u00edculos, detec\u00e7\u00e3o de faces, linha<br \/>\nvirtual e cerca virtual.<\/li>\n<li style=\"text-align: left;\">\u00a0Compatibilidade com protocolo Onvif<\/li>\n<li style=\"text-align: left;\">\u00a0Suporta at\u00e9 10 bancos de faces<\/li>\n<li style=\"text-align: left;\">\u00a0Suporta at\u00e9 10.000 faces cadastradas<\/li>\n<li style=\"text-align: left;\">\u00a0Edi\u00e7\u00e3o de \u00e1udio e v\u00eddeo<\/li>\n<\/ul>\n<p>&nbsp;<\/p>\n<p><img decoding=\"async\" class=\"alignleft\" src=\"https:\/\/www.lojamelhordosul.com.br\/site\/wp-content\/uploads\/2017\/09\/HD-1TB-WD.jpg\" width=\"460\" height=\"460\" \/><\/p>\n<h2><\/h2>\n<h2><strong>HD Sata 1Tb WD\u00a0<\/strong><\/h2>\n<p>Caracter\u00edsticas:<\/p>\n<ul>\n<li>Marca: WD<\/li>\n<li>Modelo: WD10EARS<\/li>\n<li>S\u00e9rie: WD Verde<\/li>\n<li>Interface: SATA de 3,0 Gb \/ s<\/li>\n<li>Capacidade: 1TB<\/li>\n<li>Velocidade: 5400 RPM<\/li>\n<li>Cache: 64MB<\/li>\n<li>Fator de Forma: 3.5\u2033<\/li>\n<li>Acondicionamento: Unidade nua<\/li>\n<\/ul>\n<p>&nbsp;<\/p>\n<p>&nbsp;<\/p>\n<p>&nbsp;<\/p>\n<p>&nbsp;<\/p>\n<p>&nbsp;<\/p>\n<p><img decoding=\"async\" class=\"alignright\" src=\"https:\/\/www.lojamelhordosul.com.br\/site\/wp-content\/uploads\/2020\/06\/vhl-1010-d.jpg\" width=\"369\" height=\"369\" \/><\/p>\n<h2><\/h2>\n<h2><strong>C\u00e2mera VHL 1220 D<\/strong><\/h2>\n<p>Caracter\u00edsticas:<\/p>\n<ul>\n<li>Alta Defini\u00e7\u00e3o de Imagens Full HD (1080p)<\/li>\n<li>Menu OSD na linha de entrada<\/li>\n<li>Protocolo HDCVI<\/li>\n<li>Cores por mais tempo<\/li>\n<li>Mais prote\u00e7\u00e3o, mais durabilidade<\/li>\n<li>Compat\u00edvel com modo Full HD<\/li>\n<\/ul>\n<p>&nbsp;<\/p>\n<p>&nbsp;<\/p>\n<p>&nbsp;<\/p>\n<p><img decoding=\"async\" class=\"alignleft\" src=\"https:\/\/static3.tcdn.com.br\/img\/img_prod\/603604\/cabo_coaxial_4mm_flexivel_bipolar_80_malha_cobre_branco_metro_2719_1_20200323144250.jpg\" alt=\"Cabo Coaxial Telecam 4mm Flex\u00edvel Bipolar 80% Malha Cobre - Metro\" width=\"491\" height=\"491\" \/><\/p>\n<h2><\/h2>\n<h2><strong>Cabo Coaxial 67% Malha Bipolar 100m\u00a0<\/strong><\/h2>\n<p>Caracter\u00edsticas:<\/p>\n<ul>\n<li>Modelo: Coaxial<\/li>\n<li>Cor: Branco<\/li>\n<li>Bipolar<\/li>\n<li>Isola\u00e7\u00e3o Interna:Dupla blindagem<\/li>\n<li>Isola\u00e7\u00e3o Externa: PVC 70%<\/li>\n<li>Blindagem: 67%<\/li>\n<li>Condutor interno do conjugado bipolar fabricado em fio de cobre nu que garante melhor qualidade de sinal e menor atenua\u00e7\u00e3o.<\/li>\n<li>Flex\u00edvel \u00e9 mais f\u00e1cil de ser instalado em locais de dif\u00edcil acesso, principalmente na instala\u00e7\u00e3o de micro c\u00e2meras de elevadores.<\/li>\n<\/ul>\n<p>&nbsp;<\/p>\n<p>&nbsp;<\/p>\n<p>&nbsp;<\/p>\n<p>&nbsp;<\/p>\n<p>&nbsp;<\/p>\n<p><img decoding=\"async\" class=\"alignright\" src=\"https:\/\/www.lojamelhordosul.com.br\/site\/wp-content\/uploads\/2018\/03\/Fonte-5a.jpg\" width=\"423\" height=\"423\" \/><\/p>\n<h2><\/h2>\n<h2><\/h2>\n<h2><\/h2>\n<h2><strong>Fonte Chaveada 12V 5A:<\/strong><\/h2>\n<ul>\n<li>Ideal para c\u00e2meras de seguran\u00e7a<\/li>\n<li>Fonte CA-CC para alimenta\u00e7\u00e3o de c\u00e2meras<\/li>\n<li>Filtro especial contra interfer\u00eancia na imagem<\/li>\n<\/ul>\n<p>&nbsp;<\/p>\n<p>&nbsp;<\/p>\n<p>&nbsp;<\/p>\n<p>&nbsp;<\/p>\n<p><img decoding=\"async\" class=\"alignleft\" src=\"https:\/\/www.lojamelhordosul.com.br\/site\/wp-content\/uploads\/2018\/03\/Bnc-Mola-e-Parafuso.jpg\" width=\"460\" height=\"460\" \/><\/p>\n<h2><\/h2>\n<h2><strong>Conector BNC Mola:<\/strong><\/h2>\n<ul>\n<li>Modelo: BNC Mola<\/li>\n<li>Tipo de Uso: Acess\u00f3rio para Instala\u00e7\u00e3o de DVR (Gravador Digital de V\u00eddeo)<\/li>\n<li>Melhor fixa\u00e7\u00e3o ao cabo, garantindo seu conforto e sua seguran\u00e7a<\/li>\n<li>Acabamento profissional para seu sistema<\/li>\n<li>Material de alta qualidade<\/li>\n<li>Evita uso de adaptadores<\/li>\n<li>Pr\u00f3prio para alimenta\u00e7\u00e3o de c\u00e2meras de CFTV<\/li>\n<li>Medida: 5mm externo (Negativo) 2mm interno (Positivo)<\/li>\n<li>Bornes com parafuso para\u00a0conex\u00e3o de fios<\/li>\n<\/ul>\n<p>&nbsp;<\/p>\n<p>&nbsp;<\/p>\n<p>&nbsp;<\/p>\n<p>&nbsp;<\/p>\n<p>&nbsp;<\/p>\n<p><img decoding=\"async\" class=\"alignright\" src=\"https:\/\/www.lojamelhordosul.com.br\/site\/wp-content\/uploads\/2018\/03\/P4-Macho-B.jpg\" width=\"438\" height=\"438\" \/><\/p>\n<h2><\/h2>\n<h2><strong>Conector P4 Borne Macho<\/strong><\/h2>\n<ul>\n<li>Modelo: P4<\/li>\n<li>Tipo de Uso: Acess\u00f3rio para Instala\u00e7\u00e3o de DVR (Gravador Digital de V\u00eddeo)<\/li>\n<li>Evite problemas em suas instala\u00e7\u00f5es.<\/li>\n<li>Com este Conector de alta qualidade\u00a0n\u00e3o necessita de solda<\/li>\n<li>Melhor fixa\u00e7\u00e3o ao cabo,\u00a0garantindo seu conforto e sua seguran\u00e7a.<\/li>\n<li>Acabamento profissional para seu sistema<\/li>\n<li>Material de alta qualidade<\/li>\n<li>Evita uso de adaptadores<\/li>\n<li>Pr\u00f3prio para alimenta\u00e7\u00e3o de c\u00e2meras de CFTV<\/li>\n<li>Medida: 5mm externo (Negativo) 2mm interno (Positivo)<\/li>\n<li>Bornes com parafuso para conex\u00e3o de fios<\/li>\n<\/ul>\n","protected":false},"excerpt":{"rendered":"<p>01 Gravador Digital de V\u00eddeo Dvr Mhdx 1304<br \/>\n01 HD 1TB WD Purple<br \/>\n02 C\u00e2meras VHL 1220 D<br \/>\n01 Cabo Coaxial 67% 100m<br \/>\n01 Fonte Chaveada 12V 5A<br \/>\n04 Conectores Bnc Mola<br \/>\n02 Conectores P4 Macho Borne<\/p>\n","protected":false},"featured_media":16194,"comment_status":"closed","ping_status":"closed","template":"","meta":[],"product_brand":[],"product_cat":[2676,2680,2678,2666],"product_tag":[],"class_list":{"0":"post-16193","1":"product","2":"type-product","3":"status-publish","4":"has-post-thumbnail","6":"product_cat-kit-cftv-4cam-4can","7":"product_cat-full-hd-interna","8":"product_cat-internas-4cam-4can","9":"product_cat-kits-cftv","11":"first","12":"instock","13":"shipping-taxable","14":"purchasable","15":"product-type-simple"},"yoast_head":"<!-- This site is optimized with the Yoast SEO plugin v27.5 - https:\/\/yoast.com\/product\/yoast-seo-wordpress\/ -->\n<title>Kit DVR 4 canais MHDX 1304 + 2 C\u00e2meras VHL 1220 D + HD Sata 1TB Western Digital Purple - Loja Melhor do Sul Sistemas de Seguran\u00e7a<\/title>\n<meta name=\"robots\" content=\"index, follow, max-snippet:-1, max-image-preview:large, max-video-preview:-1\" \/>\n<link rel=\"canonical\" href=\"https:\/\/www.lojamelhordosul.com.br\/site\/produto\/kit-dvr-4-canais-mhdx-1304-2-cameras-vhl-1220-d-hd-sata-1tb-western-digital-purple\/\" \/>\n<meta property=\"og:locale\" content=\"pt_BR\" \/>\n<meta property=\"og:type\" content=\"article\" \/>\n<meta property=\"og:title\" content=\"Kit DVR 4 canais MHDX 1304 + 2 C\u00e2meras VHL 1220 D + HD Sata 1TB Western Digital Purple - Loja Melhor do Sul Sistemas de Seguran\u00e7a\" \/>\n<meta property=\"og:description\" content=\"01 Gravador Digital de V\u00eddeo Dvr Mhdx 1304 01 HD 1TB WD Purple 02 C\u00e2meras VHL 1220 D 01 Cabo Coaxial 67% 100m 01 Fonte Chaveada 12V 5A 04 Conectores Bnc Mola 02 Conectores P4 Macho Borne\" \/>\n<meta property=\"og:url\" content=\"https:\/\/www.lojamelhordosul.com.br\/site\/produto\/kit-dvr-4-canais-mhdx-1304-2-cameras-vhl-1220-d-hd-sata-1tb-western-digital-purple\/\" \/>\n<meta property=\"og:site_name\" content=\"Loja Melhor do Sul Sistemas de Seguran\u00e7a\" \/>\n<meta property=\"article:modified_time\" content=\"2026-04-17T19:39:54+00:00\" \/>\n<meta property=\"og:image\" content=\"https:\/\/www.lojamelhordosul.com.br\/site\/wp-content\/uploads\/2025\/12\/Kit-DVR-4-Canais-2-Cameras-internas-HD-1TB.png\" \/>\n\t<meta property=\"og:image:width\" content=\"1200\" \/>\n\t<meta property=\"og:image:height\" content=\"1200\" \/>\n\t<meta property=\"og:image:type\" content=\"image\/png\" \/>\n<meta name=\"twitter:card\" content=\"summary_large_image\" \/>\n<meta name=\"twitter:label1\" content=\"Est. tempo de leitura\" \/>\n\t<meta name=\"twitter:data1\" content=\"4 minutos\" \/>\n<script type=\"application\/ld+json\" class=\"yoast-schema-graph\">{\"@context\":\"https:\\\/\\\/schema.org\",\"@graph\":[{\"@type\":\"WebPage\",\"@id\":\"https:\\\/\\\/www.lojamelhordosul.com.br\\\/site\\\/produto\\\/kit-dvr-4-canais-mhdx-1304-2-cameras-vhl-1220-d-hd-sata-1tb-western-digital-purple\\\/\",\"url\":\"https:\\\/\\\/www.lojamelhordosul.com.br\\\/site\\\/produto\\\/kit-dvr-4-canais-mhdx-1304-2-cameras-vhl-1220-d-hd-sata-1tb-western-digital-purple\\\/\",\"name\":\"Kit DVR 4 canais MHDX 1304 + 2 C\u00e2meras VHL 1220 D + HD Sata 1TB Western Digital Purple - Loja Melhor do Sul Sistemas de Seguran\u00e7a\",\"isPartOf\":{\"@id\":\"https:\\\/\\\/www.lojamelhordosul.com.br\\\/site\\\/#website\"},\"primaryImageOfPage\":{\"@id\":\"https:\\\/\\\/www.lojamelhordosul.com.br\\\/site\\\/produto\\\/kit-dvr-4-canais-mhdx-1304-2-cameras-vhl-1220-d-hd-sata-1tb-western-digital-purple\\\/#primaryimage\"},\"image\":{\"@id\":\"https:\\\/\\\/www.lojamelhordosul.com.br\\\/site\\\/produto\\\/kit-dvr-4-canais-mhdx-1304-2-cameras-vhl-1220-d-hd-sata-1tb-western-digital-purple\\\/#primaryimage\"},\"thumbnailUrl\":\"https:\\\/\\\/www.lojamelhordosul.com.br\\\/site\\\/wp-content\\\/uploads\\\/2025\\\/12\\\/Kit-DVR-4-Canais-2-Cameras-internas-HD-1TB.png\",\"datePublished\":\"2025-12-17T20:55:06+00:00\",\"dateModified\":\"2026-04-17T19:39:54+00:00\",\"breadcrumb\":{\"@id\":\"https:\\\/\\\/www.lojamelhordosul.com.br\\\/site\\\/produto\\\/kit-dvr-4-canais-mhdx-1304-2-cameras-vhl-1220-d-hd-sata-1tb-western-digital-purple\\\/#breadcrumb\"},\"inLanguage\":\"pt-BR\",\"potentialAction\":[{\"@type\":\"ReadAction\",\"target\":[\"https:\\\/\\\/www.lojamelhordosul.com.br\\\/site\\\/produto\\\/kit-dvr-4-canais-mhdx-1304-2-cameras-vhl-1220-d-hd-sata-1tb-western-digital-purple\\\/\"]}]},{\"@type\":\"ImageObject\",\"inLanguage\":\"pt-BR\",\"@id\":\"https:\\\/\\\/www.lojamelhordosul.com.br\\\/site\\\/produto\\\/kit-dvr-4-canais-mhdx-1304-2-cameras-vhl-1220-d-hd-sata-1tb-western-digital-purple\\\/#primaryimage\",\"url\":\"https:\\\/\\\/www.lojamelhordosul.com.br\\\/site\\\/wp-content\\\/uploads\\\/2025\\\/12\\\/Kit-DVR-4-Canais-2-Cameras-internas-HD-1TB.png\",\"contentUrl\":\"https:\\\/\\\/www.lojamelhordosul.com.br\\\/site\\\/wp-content\\\/uploads\\\/2025\\\/12\\\/Kit-DVR-4-Canais-2-Cameras-internas-HD-1TB.png\",\"width\":1200,\"height\":1200},{\"@type\":\"BreadcrumbList\",\"@id\":\"https:\\\/\\\/www.lojamelhordosul.com.br\\\/site\\\/produto\\\/kit-dvr-4-canais-mhdx-1304-2-cameras-vhl-1220-d-hd-sata-1tb-western-digital-purple\\\/#breadcrumb\",\"itemListElement\":[{\"@type\":\"ListItem\",\"position\":1,\"name\":\"In\u00edcio\",\"item\":\"https:\\\/\\\/www.lojamelhordosul.com.br\\\/site\\\/\"},{\"@type\":\"ListItem\",\"position\":2,\"name\":\"Loja\",\"item\":\"https:\\\/\\\/www.lojamelhordosul.com.br\\\/site\\\/loja\\\/\"},{\"@type\":\"ListItem\",\"position\":3,\"name\":\"Kit DVR 4 canais MHDX 1304 + 2 C\u00e2meras VHL 1220 D + HD Sata 1TB Western Digital Purple\"}]},{\"@type\":\"WebSite\",\"@id\":\"https:\\\/\\\/www.lojamelhordosul.com.br\\\/site\\\/#website\",\"url\":\"https:\\\/\\\/www.lojamelhordosul.com.br\\\/site\\\/\",\"name\":\"Loja Melhor do Sul Sistemas de Seguran\u00e7a\",\"description\":\"Loja Melhor do Sul - Revenda Ouro Intelbras em Porto Alegre\",\"publisher\":{\"@id\":\"https:\\\/\\\/www.lojamelhordosul.com.br\\\/site\\\/#organization\"},\"potentialAction\":[{\"@type\":\"SearchAction\",\"target\":{\"@type\":\"EntryPoint\",\"urlTemplate\":\"https:\\\/\\\/www.lojamelhordosul.com.br\\\/site\\\/?s={search_term_string}\"},\"query-input\":{\"@type\":\"PropertyValueSpecification\",\"valueRequired\":true,\"valueName\":\"search_term_string\"}}],\"inLanguage\":\"pt-BR\"},{\"@type\":\"Organization\",\"@id\":\"https:\\\/\\\/www.lojamelhordosul.com.br\\\/site\\\/#organization\",\"name\":\"Loja Melhor do Sul\",\"url\":\"https:\\\/\\\/www.lojamelhordosul.com.br\\\/site\\\/\",\"logo\":{\"@type\":\"ImageObject\",\"inLanguage\":\"pt-BR\",\"@id\":\"https:\\\/\\\/www.lojamelhordosul.com.br\\\/site\\\/#\\\/schema\\\/logo\\\/image\\\/\",\"url\":\"https:\\\/\\\/www.lojamelhordosul.com.br\\\/site\\\/wp-content\\\/uploads\\\/2019\\\/10\\\/logo-longo-da-loja.png\",\"contentUrl\":\"https:\\\/\\\/www.lojamelhordosul.com.br\\\/site\\\/wp-content\\\/uploads\\\/2019\\\/10\\\/logo-longo-da-loja.png\",\"width\":597,\"height\":114,\"caption\":\"Loja Melhor do Sul\"},\"image\":{\"@id\":\"https:\\\/\\\/www.lojamelhordosul.com.br\\\/site\\\/#\\\/schema\\\/logo\\\/image\\\/\"}}]}<\/script>\n<!-- \/ Yoast SEO plugin. -->","yoast_head_json":{"title":"Kit DVR 4 canais MHDX 1304 + 2 C\u00e2meras VHL 1220 D + HD Sata 1TB Western Digital Purple - Loja Melhor do Sul Sistemas de Seguran\u00e7a","robots":{"index":"index","follow":"follow","max-snippet":"max-snippet:-1","max-image-preview":"max-image-preview:large","max-video-preview":"max-video-preview:-1"},"canonical":"https:\/\/www.lojamelhordosul.com.br\/site\/produto\/kit-dvr-4-canais-mhdx-1304-2-cameras-vhl-1220-d-hd-sata-1tb-western-digital-purple\/","og_locale":"pt_BR","og_type":"article","og_title":"Kit DVR 4 canais MHDX 1304 + 2 C\u00e2meras VHL 1220 D + HD Sata 1TB Western Digital Purple - Loja Melhor do Sul Sistemas de Seguran\u00e7a","og_description":"01 Gravador Digital de V\u00eddeo Dvr Mhdx 1304 01 HD 1TB WD Purple 02 C\u00e2meras VHL 1220 D 01 Cabo Coaxial 67% 100m 01 Fonte Chaveada 12V 5A 04 Conectores Bnc Mola 02 Conectores P4 Macho Borne","og_url":"https:\/\/www.lojamelhordosul.com.br\/site\/produto\/kit-dvr-4-canais-mhdx-1304-2-cameras-vhl-1220-d-hd-sata-1tb-western-digital-purple\/","og_site_name":"Loja Melhor do Sul Sistemas de Seguran\u00e7a","article_modified_time":"2026-04-17T19:39:54+00:00","og_image":[{"width":1200,"height":1200,"url":"https:\/\/www.lojamelhordosul.com.br\/site\/wp-content\/uploads\/2025\/12\/Kit-DVR-4-Canais-2-Cameras-internas-HD-1TB.png","type":"image\/png"}],"twitter_card":"summary_large_image","twitter_misc":{"Est. tempo de leitura":"4 minutos"},"schema":{"@context":"https:\/\/schema.org","@graph":[{"@type":"WebPage","@id":"https:\/\/www.lojamelhordosul.com.br\/site\/produto\/kit-dvr-4-canais-mhdx-1304-2-cameras-vhl-1220-d-hd-sata-1tb-western-digital-purple\/","url":"https:\/\/www.lojamelhordosul.com.br\/site\/produto\/kit-dvr-4-canais-mhdx-1304-2-cameras-vhl-1220-d-hd-sata-1tb-western-digital-purple\/","name":"Kit DVR 4 canais MHDX 1304 + 2 C\u00e2meras VHL 1220 D + HD Sata 1TB Western Digital Purple - Loja Melhor do Sul Sistemas de Seguran\u00e7a","isPartOf":{"@id":"https:\/\/www.lojamelhordosul.com.br\/site\/#website"},"primaryImageOfPage":{"@id":"https:\/\/www.lojamelhordosul.com.br\/site\/produto\/kit-dvr-4-canais-mhdx-1304-2-cameras-vhl-1220-d-hd-sata-1tb-western-digital-purple\/#primaryimage"},"image":{"@id":"https:\/\/www.lojamelhordosul.com.br\/site\/produto\/kit-dvr-4-canais-mhdx-1304-2-cameras-vhl-1220-d-hd-sata-1tb-western-digital-purple\/#primaryimage"},"thumbnailUrl":"https:\/\/www.lojamelhordosul.com.br\/site\/wp-content\/uploads\/2025\/12\/Kit-DVR-4-Canais-2-Cameras-internas-HD-1TB.png","datePublished":"2025-12-17T20:55:06+00:00","dateModified":"2026-04-17T19:39:54+00:00","breadcrumb":{"@id":"https:\/\/www.lojamelhordosul.com.br\/site\/produto\/kit-dvr-4-canais-mhdx-1304-2-cameras-vhl-1220-d-hd-sata-1tb-western-digital-purple\/#breadcrumb"},"inLanguage":"pt-BR","potentialAction":[{"@type":"ReadAction","target":["https:\/\/www.lojamelhordosul.com.br\/site\/produto\/kit-dvr-4-canais-mhdx-1304-2-cameras-vhl-1220-d-hd-sata-1tb-western-digital-purple\/"]}]},{"@type":"ImageObject","inLanguage":"pt-BR","@id":"https:\/\/www.lojamelhordosul.com.br\/site\/produto\/kit-dvr-4-canais-mhdx-1304-2-cameras-vhl-1220-d-hd-sata-1tb-western-digital-purple\/#primaryimage","url":"https:\/\/www.lojamelhordosul.com.br\/site\/wp-content\/uploads\/2025\/12\/Kit-DVR-4-Canais-2-Cameras-internas-HD-1TB.png","contentUrl":"https:\/\/www.lojamelhordosul.com.br\/site\/wp-content\/uploads\/2025\/12\/Kit-DVR-4-Canais-2-Cameras-internas-HD-1TB.png","width":1200,"height":1200},{"@type":"BreadcrumbList","@id":"https:\/\/www.lojamelhordosul.com.br\/site\/produto\/kit-dvr-4-canais-mhdx-1304-2-cameras-vhl-1220-d-hd-sata-1tb-western-digital-purple\/#breadcrumb","itemListElement":[{"@type":"ListItem","position":1,"name":"In\u00edcio","item":"https:\/\/www.lojamelhordosul.com.br\/site\/"},{"@type":"ListItem","position":2,"name":"Loja","item":"https:\/\/www.lojamelhordosul.com.br\/site\/loja\/"},{"@type":"ListItem","position":3,"name":"Kit DVR 4 canais MHDX 1304 + 2 C\u00e2meras VHL 1220 D + HD Sata 1TB Western Digital Purple"}]},{"@type":"WebSite","@id":"https:\/\/www.lojamelhordosul.com.br\/site\/#website","url":"https:\/\/www.lojamelhordosul.com.br\/site\/","name":"Loja Melhor do Sul Sistemas de Seguran\u00e7a","description":"Loja Melhor do Sul - Revenda Ouro Intelbras em Porto Alegre","publisher":{"@id":"https:\/\/www.lojamelhordosul.com.br\/site\/#organization"},"potentialAction":[{"@type":"SearchAction","target":{"@type":"EntryPoint","urlTemplate":"https:\/\/www.lojamelhordosul.com.br\/site\/?s={search_term_string}"},"query-input":{"@type":"PropertyValueSpecification","valueRequired":true,"valueName":"search_term_string"}}],"inLanguage":"pt-BR"},{"@type":"Organization","@id":"https:\/\/www.lojamelhordosul.com.br\/site\/#organization","name":"Loja Melhor do Sul","url":"https:\/\/www.lojamelhordosul.com.br\/site\/","logo":{"@type":"ImageObject","inLanguage":"pt-BR","@id":"https:\/\/www.lojamelhordosul.com.br\/site\/#\/schema\/logo\/image\/","url":"https:\/\/www.lojamelhordosul.com.br\/site\/wp-content\/uploads\/2019\/10\/logo-longo-da-loja.png","contentUrl":"https:\/\/www.lojamelhordosul.com.br\/site\/wp-content\/uploads\/2019\/10\/logo-longo-da-loja.png","width":597,"height":114,"caption":"Loja Melhor do Sul"},"image":{"@id":"https:\/\/www.lojamelhordosul.com.br\/site\/#\/schema\/logo\/image\/"}}]}},"_links":{"self":[{"href":"https:\/\/www.lojamelhordosul.com.br\/site\/wp-json\/wp\/v2\/product\/16193","targetHints":{"allow":["GET"]}}],"collection":[{"href":"https:\/\/www.lojamelhordosul.com.br\/site\/wp-json\/wp\/v2\/product"}],"about":[{"href":"https:\/\/www.lojamelhordosul.com.br\/site\/wp-json\/wp\/v2\/types\/product"}],"replies":[{"embeddable":true,"href":"https:\/\/www.lojamelhordosul.com.br\/site\/wp-json\/wp\/v2\/comments?post=16193"}],"wp:featuredmedia":[{"embeddable":true,"href":"https:\/\/www.lojamelhordosul.com.br\/site\/wp-json\/wp\/v2\/media\/16194"}],"wp:attachment":[{"href":"https:\/\/www.lojamelhordosul.com.br\/site\/wp-json\/wp\/v2\/media?parent=16193"}],"wp:term":[{"taxonomy":"product_brand","embeddable":true,"href":"https:\/\/www.lojamelhordosul.com.br\/site\/wp-json\/wp\/v2\/product_brand?post=16193"},{"taxonomy":"product_cat","embeddable":true,"href":"https:\/\/www.lojamelhordosul.com.br\/site\/wp-json\/wp\/v2\/product_cat?post=16193"},{"taxonomy":"product_tag","embeddable":true,"href":"https:\/\/www.lojamelhordosul.com.br\/site\/wp-json\/wp\/v2\/product_tag?post=16193"}],"curies":[{"name":"wp","href":"https:\/\/api.w.org\/{rel}","templated":true}]}}