{"id":16351,"date":"2026-04-10T16:06:29","date_gmt":"2026-04-10T19:06:29","guid":{"rendered":"https:\/\/www.lojamelhordosul.com.br\/site\/?post_type=product&#038;p=16351"},"modified":"2026-04-10T16:06:31","modified_gmt":"2026-04-10T19:06:31","slug":"camera-vip-3430-b-ia","status":"publish","type":"product","link":"https:\/\/www.lojamelhordosul.com.br\/site\/produto\/camera-vip-3430-b-ia\/","title":{"rendered":"CAMERA VIP 3430 B IA"},"content":{"rendered":"<div class=\"wpb-content-wrapper\"><div class=\"vc_row wpb_row vc_row-fluid\"><div class=\"container\"><div class=\"row\"><div class=\"wpb_column vc_column_container vc_col-md-12\"><div class=\"vc_column-inner \"><div class=\"wpb_wrapper\">\n\t<div class=\"wpb_text_column wpb_content_element\" >\n\t\t<div class=\"wpb_wrapper\">\n\t\t\t<div class=\"mt2 mb2 \">\n<h2 class=\"weight--small-300 weight--large-200 block-mini-banner__title h3\">Imagens de qualidade<\/h2>\n<\/div>\n<div class=\"text text--300\">\n<div class=\"block-template overflow-hidden\">\n<p>Com resolu\u00e7\u00e3o 4 MP, a VIP 3430 B IA oferece imagens com excelente qualidade e detalhamento preciso das cenas.<\/p>\n<\/div>\n<\/div>\n\n\t\t<\/div>\n\t<\/div>\n<div class=\"wpb_single_image widget wpb_content_element vc_align_left\">\r\n\t\t\r\n\t\t<figure class=\"wpb_wrapper vc_figure\">\r\n\t\t\t<div class=\"vc_single_image-wrapper   vc_box_border_grey\"><img decoding=\"async\" width=\"550\" height=\"383\" src=\"https:\/\/www.lojamelhordosul.com.br\/site\/wp-content\/uploads\/2026\/04\/4mp.png\" class=\"vc_single_image-img attachment-thumbnail\" alt=\"\" title=\"4mp\" \/><\/div>\r\n\t\t<div class=\"description\">\r\n\t\t\t\r\n\t\t<\/div>\r\n\t\r\n\t\t<\/figure>\r\n\t<\/div>\n\t<div class=\"wpb_text_column wpb_content_element\" >\n\t\t<div class=\"wpb_wrapper\">\n\t\t\t<div class=\"mt2 mb2 \">\n<h2 class=\"weight--small-300 weight--large-200 block-mini-banner__title h3\">Tecnologia Starlight<\/h2>\n<\/div>\n<div class=\"text text--300\">\n<div class=\"block-template overflow-hidden\">\n<p>A c\u00e2mera tem \u00f3tima performance mesmo com o m\u00ednimo de claridade, pois \u00e9 equipada com o sensor de imagem de alta sensibilidade noturna<\/p>\n<\/div>\n<\/div>\n\n\t\t<\/div>\n\t<\/div>\n<div class=\"wpb_single_image widget wpb_content_element vc_align_left\">\r\n\t\t\r\n\t\t<figure class=\"wpb_wrapper vc_figure\">\r\n\t\t\t<div class=\"vc_single_image-wrapper   vc_box_border_grey\"><img decoding=\"async\" width=\"555\" height=\"380\" src=\"https:\/\/www.lojamelhordosul.com.br\/site\/wp-content\/uploads\/2026\/04\/032.png\" class=\"vc_single_image-img attachment-thumbnail\" alt=\"\" title=\"0,32\" \/><\/div>\r\n\t\t<div class=\"description\">\r\n\t\t\t\r\n\t\t<\/div>\r\n\t\r\n\t\t<\/figure>\r\n\t<\/div>\n\t<div class=\"wpb_text_column wpb_content_element\" >\n\t\t<div class=\"wpb_wrapper\">\n\t\t\t<div class=\"mt2 mb2 \">\n<h2 class=\"weight--small-300 weight--large-200 block-mini-banner__title h3\">Evite falsos alarmes com a Intelig\u00eancia Artificial<\/h2>\n<\/div>\n<div class=\"text text--300\">\n<div class=\"block-template overflow-hidden\">\n<p>\u00c9 poss\u00edvel definir o disparo dessas fun\u00e7\u00f5es apenas quando ve\u00edculos ou pessoas ultrapassarem as \u00e1reas predeterminadas.<\/p>\n<\/div>\n<\/div>\n\n\t\t<\/div>\n\t<\/div>\n<div class=\"wpb_single_image widget wpb_content_element vc_align_left\">\r\n\t\t\r\n\t\t<figure class=\"wpb_wrapper vc_figure\">\r\n\t\t\t<div class=\"vc_single_image-wrapper   vc_box_border_grey\"><img decoding=\"async\" width=\"551\" height=\"382\" src=\"https:\/\/www.lojamelhordosul.com.br\/site\/wp-content\/uploads\/2026\/04\/sgs.png\" class=\"vc_single_image-img attachment-thumbnail\" alt=\"\" title=\"sgs\" \/><\/div>\r\n\t\t<div class=\"description\">\r\n\t\t\t\r\n\t\t<\/div>\r\n\t\r\n\t\t<\/figure>\r\n\t<\/div>\n\t<div class=\"wpb_text_column wpb_content_element\" >\n\t\t<div class=\"wpb_wrapper\">\n\t\t\t<div class=\"mt2 mb2 \">\n<h2 class=\"weight--small-300 weight--large-200 block-mini-banner__title h3\">Mais qualidade na imagem, menos tr\u00e1fego na rede<\/h2>\n<\/div>\n<div class=\"text text--300\">\n<div class=\"block-template overflow-hidden\">\n<p>A c\u00e2mera possui compress\u00e3o de v\u00eddeo inteligente, tornando a visualiza\u00e7\u00e3o e a transmiss\u00e3o dos dados de v\u00eddeo mais r\u00e1pidas sem sobrecarregar a rede.<\/p>\n<\/div>\n<\/div>\n\n\t\t<\/div>\n\t<\/div>\n<div class=\"wpb_single_image widget wpb_content_element vc_align_left\">\r\n\t\t\r\n\t\t<figure class=\"wpb_wrapper vc_figure\">\r\n\t\t\t<div class=\"vc_single_image-wrapper   vc_box_border_grey\"><img decoding=\"async\" width=\"552\" height=\"377\" src=\"https:\/\/www.lojamelhordosul.com.br\/site\/wp-content\/uploads\/2026\/04\/98.png\" class=\"vc_single_image-img attachment-thumbnail\" alt=\"\" title=\"98\" \/><\/div>\r\n\t\t<div class=\"description\">\r\n\t\t\t\r\n\t\t<\/div>\r\n\t\r\n\t\t<\/figure>\r\n\t<\/div>\n\t<div class=\"wpb_text_column wpb_content_element\" >\n\t\t<div class=\"wpb_wrapper\">\n\t\t\t<div class=\"mt2 mb2 \">\n<h2 class=\"weight--small-300 weight--large-200 block-mini-banner__title h3\">Seguran\u00e7a a toda prova com monitoramento robusto<\/h2>\n<\/div>\n<div class=\"text text--300\">\n<div class=\"block-template overflow-hidden\">\n<p>A VIP 3430 B IA \u00e9 uma c\u00e2mera robusta e equipada com um n\u00edvel de prote\u00e7\u00e3o IP67, garantindo maior resist\u00eancia ao ser instalada em \u00e1reas externas.<\/p>\n<\/div>\n<\/div>\n\n\t\t<\/div>\n\t<\/div>\n<div class=\"wpb_single_image widget wpb_content_element vc_align_left\">\r\n\t\t\r\n\t\t<figure class=\"wpb_wrapper vc_figure\">\r\n\t\t\t<div class=\"vc_single_image-wrapper   vc_box_border_grey\"><img decoding=\"async\" width=\"553\" height=\"379\" src=\"https:\/\/www.lojamelhordosul.com.br\/site\/wp-content\/uploads\/2026\/04\/wos.png\" class=\"vc_single_image-img attachment-thumbnail\" alt=\"\" title=\"wos\" \/><\/div>\r\n\t\t<div class=\"description\">\r\n\t\t\t\r\n\t\t<\/div>\r\n\t\r\n\t\t<\/figure>\r\n\t<\/div><\/div><\/div><\/div><\/div><\/div><\/div>\n<\/div>","protected":false},"excerpt":{"rendered":"Imagens de qualidade Com resolu\u00e7\u00e3o 4 MP, a VIP 3430 B IA oferece imagens com excelente qualidade e detalhamento preciso das cenas. Tecnologia Starlight A c\u00e2mera tem \u00f3tima performance mesmo com o m\u00ednimo de claridade, pois \u00e9 equipada com o sensor de imagem de alta sensibilidade noturna Evite falsos alarmes com a Intelig\u00eancia Artificial \u00c9 &hellip; <a href=\"https:\/\/www.lojamelhordosul.com.br\/site\/produto\/camera-vip-3430-b-ia\/\" class=\"more-link\">Continuar lendo <span class=\"screen-reader-text\">CAMERA VIP 3430 B IA<\/span><\/a>","protected":false},"featured_media":16357,"comment_status":"closed","ping_status":"closed","template":"","meta":[],"product_brand":[],"product_cat":[1838],"product_tag":[],"class_list":{"0":"post-16351","1":"product","2":"type-product","3":"status-publish","4":"has-post-thumbnail","6":"product_cat-cameras-de-seguranca","8":"first","9":"instock","10":"shipping-taxable","11":"purchasable","12":"product-type-simple"},"yoast_head":"<!-- This site is optimized with the Yoast SEO plugin v27.4 - https:\/\/yoast.com\/product\/yoast-seo-wordpress\/ -->\n<title>CAMERA VIP 3430 B IA - Loja Melhor do Sul Sistemas de Seguran\u00e7a<\/title>\n<meta name=\"robots\" content=\"index, follow, max-snippet:-1, max-image-preview:large, max-video-preview:-1\" \/>\n<link rel=\"canonical\" href=\"https:\/\/www.lojamelhordosul.com.br\/site\/produto\/camera-vip-3430-b-ia\/\" \/>\n<meta property=\"og:locale\" content=\"pt_BR\" \/>\n<meta property=\"og:type\" content=\"article\" \/>\n<meta property=\"og:title\" content=\"CAMERA VIP 3430 B IA - Loja Melhor do Sul Sistemas de Seguran\u00e7a\" \/>\n<meta property=\"og:url\" content=\"https:\/\/www.lojamelhordosul.com.br\/site\/produto\/camera-vip-3430-b-ia\/\" \/>\n<meta property=\"og:site_name\" content=\"Loja Melhor do Sul Sistemas de Seguran\u00e7a\" \/>\n<meta property=\"article:modified_time\" content=\"2026-04-10T19:06:31+00:00\" \/>\n<meta property=\"og:image\" content=\"https:\/\/www.lojamelhordosul.com.br\/site\/wp-content\/uploads\/2026\/04\/VIP-3430.png\" \/>\n\t<meta property=\"og:image:width\" content=\"265\" \/>\n\t<meta property=\"og:image:height\" content=\"267\" \/>\n\t<meta property=\"og:image:type\" content=\"image\/png\" \/>\n<meta name=\"twitter:card\" content=\"summary_large_image\" \/>\n<meta name=\"twitter:label1\" content=\"Est. tempo de leitura\" \/>\n\t<meta name=\"twitter:data1\" content=\"3 minutos\" \/>\n<script type=\"application\/ld+json\" class=\"yoast-schema-graph\">{\"@context\":\"https:\\\/\\\/schema.org\",\"@graph\":[{\"@type\":\"WebPage\",\"@id\":\"https:\\\/\\\/www.lojamelhordosul.com.br\\\/site\\\/produto\\\/camera-vip-3430-b-ia\\\/\",\"url\":\"https:\\\/\\\/www.lojamelhordosul.com.br\\\/site\\\/produto\\\/camera-vip-3430-b-ia\\\/\",\"name\":\"CAMERA VIP 3430 B IA - Loja Melhor do Sul Sistemas de Seguran\u00e7a\",\"isPartOf\":{\"@id\":\"https:\\\/\\\/www.lojamelhordosul.com.br\\\/site\\\/#website\"},\"primaryImageOfPage\":{\"@id\":\"https:\\\/\\\/www.lojamelhordosul.com.br\\\/site\\\/produto\\\/camera-vip-3430-b-ia\\\/#primaryimage\"},\"image\":{\"@id\":\"https:\\\/\\\/www.lojamelhordosul.com.br\\\/site\\\/produto\\\/camera-vip-3430-b-ia\\\/#primaryimage\"},\"thumbnailUrl\":\"https:\\\/\\\/www.lojamelhordosul.com.br\\\/site\\\/wp-content\\\/uploads\\\/2026\\\/04\\\/VIP-3430.png\",\"datePublished\":\"2026-04-10T19:06:29+00:00\",\"dateModified\":\"2026-04-10T19:06:31+00:00\",\"breadcrumb\":{\"@id\":\"https:\\\/\\\/www.lojamelhordosul.com.br\\\/site\\\/produto\\\/camera-vip-3430-b-ia\\\/#breadcrumb\"},\"inLanguage\":\"pt-BR\",\"potentialAction\":[{\"@type\":\"ReadAction\",\"target\":[\"https:\\\/\\\/www.lojamelhordosul.com.br\\\/site\\\/produto\\\/camera-vip-3430-b-ia\\\/\"]}]},{\"@type\":\"ImageObject\",\"inLanguage\":\"pt-BR\",\"@id\":\"https:\\\/\\\/www.lojamelhordosul.com.br\\\/site\\\/produto\\\/camera-vip-3430-b-ia\\\/#primaryimage\",\"url\":\"https:\\\/\\\/www.lojamelhordosul.com.br\\\/site\\\/wp-content\\\/uploads\\\/2026\\\/04\\\/VIP-3430.png\",\"contentUrl\":\"https:\\\/\\\/www.lojamelhordosul.com.br\\\/site\\\/wp-content\\\/uploads\\\/2026\\\/04\\\/VIP-3430.png\",\"width\":265,\"height\":267},{\"@type\":\"BreadcrumbList\",\"@id\":\"https:\\\/\\\/www.lojamelhordosul.com.br\\\/site\\\/produto\\\/camera-vip-3430-b-ia\\\/#breadcrumb\",\"itemListElement\":[{\"@type\":\"ListItem\",\"position\":1,\"name\":\"In\u00edcio\",\"item\":\"https:\\\/\\\/www.lojamelhordosul.com.br\\\/site\\\/\"},{\"@type\":\"ListItem\",\"position\":2,\"name\":\"Loja\",\"item\":\"https:\\\/\\\/www.lojamelhordosul.com.br\\\/site\\\/loja\\\/\"},{\"@type\":\"ListItem\",\"position\":3,\"name\":\"CAMERA VIP 3430 B IA\"}]},{\"@type\":\"WebSite\",\"@id\":\"https:\\\/\\\/www.lojamelhordosul.com.br\\\/site\\\/#website\",\"url\":\"https:\\\/\\\/www.lojamelhordosul.com.br\\\/site\\\/\",\"name\":\"Loja Melhor do Sul Sistemas de Seguran\u00e7a\",\"description\":\"Loja Melhor do Sul - Revenda Ouro Intelbras em Porto Alegre\",\"publisher\":{\"@id\":\"https:\\\/\\\/www.lojamelhordosul.com.br\\\/site\\\/#organization\"},\"potentialAction\":[{\"@type\":\"SearchAction\",\"target\":{\"@type\":\"EntryPoint\",\"urlTemplate\":\"https:\\\/\\\/www.lojamelhordosul.com.br\\\/site\\\/?s={search_term_string}\"},\"query-input\":{\"@type\":\"PropertyValueSpecification\",\"valueRequired\":true,\"valueName\":\"search_term_string\"}}],\"inLanguage\":\"pt-BR\"},{\"@type\":\"Organization\",\"@id\":\"https:\\\/\\\/www.lojamelhordosul.com.br\\\/site\\\/#organization\",\"name\":\"Loja Melhor do Sul\",\"url\":\"https:\\\/\\\/www.lojamelhordosul.com.br\\\/site\\\/\",\"logo\":{\"@type\":\"ImageObject\",\"inLanguage\":\"pt-BR\",\"@id\":\"https:\\\/\\\/www.lojamelhordosul.com.br\\\/site\\\/#\\\/schema\\\/logo\\\/image\\\/\",\"url\":\"https:\\\/\\\/www.lojamelhordosul.com.br\\\/site\\\/wp-content\\\/uploads\\\/2019\\\/10\\\/logo-longo-da-loja.png\",\"contentUrl\":\"https:\\\/\\\/www.lojamelhordosul.com.br\\\/site\\\/wp-content\\\/uploads\\\/2019\\\/10\\\/logo-longo-da-loja.png\",\"width\":597,\"height\":114,\"caption\":\"Loja Melhor do Sul\"},\"image\":{\"@id\":\"https:\\\/\\\/www.lojamelhordosul.com.br\\\/site\\\/#\\\/schema\\\/logo\\\/image\\\/\"}}]}<\/script>\n<!-- \/ Yoast SEO plugin. -->","yoast_head_json":{"title":"CAMERA VIP 3430 B IA - Loja Melhor do Sul Sistemas de Seguran\u00e7a","robots":{"index":"index","follow":"follow","max-snippet":"max-snippet:-1","max-image-preview":"max-image-preview:large","max-video-preview":"max-video-preview:-1"},"canonical":"https:\/\/www.lojamelhordosul.com.br\/site\/produto\/camera-vip-3430-b-ia\/","og_locale":"pt_BR","og_type":"article","og_title":"CAMERA VIP 3430 B IA - Loja Melhor do Sul Sistemas de Seguran\u00e7a","og_url":"https:\/\/www.lojamelhordosul.com.br\/site\/produto\/camera-vip-3430-b-ia\/","og_site_name":"Loja Melhor do Sul Sistemas de Seguran\u00e7a","article_modified_time":"2026-04-10T19:06:31+00:00","og_image":[{"width":265,"height":267,"url":"https:\/\/www.lojamelhordosul.com.br\/site\/wp-content\/uploads\/2026\/04\/VIP-3430.png","type":"image\/png"}],"twitter_card":"summary_large_image","twitter_misc":{"Est. tempo de leitura":"3 minutos"},"schema":{"@context":"https:\/\/schema.org","@graph":[{"@type":"WebPage","@id":"https:\/\/www.lojamelhordosul.com.br\/site\/produto\/camera-vip-3430-b-ia\/","url":"https:\/\/www.lojamelhordosul.com.br\/site\/produto\/camera-vip-3430-b-ia\/","name":"CAMERA VIP 3430 B IA - Loja Melhor do Sul Sistemas de Seguran\u00e7a","isPartOf":{"@id":"https:\/\/www.lojamelhordosul.com.br\/site\/#website"},"primaryImageOfPage":{"@id":"https:\/\/www.lojamelhordosul.com.br\/site\/produto\/camera-vip-3430-b-ia\/#primaryimage"},"image":{"@id":"https:\/\/www.lojamelhordosul.com.br\/site\/produto\/camera-vip-3430-b-ia\/#primaryimage"},"thumbnailUrl":"https:\/\/www.lojamelhordosul.com.br\/site\/wp-content\/uploads\/2026\/04\/VIP-3430.png","datePublished":"2026-04-10T19:06:29+00:00","dateModified":"2026-04-10T19:06:31+00:00","breadcrumb":{"@id":"https:\/\/www.lojamelhordosul.com.br\/site\/produto\/camera-vip-3430-b-ia\/#breadcrumb"},"inLanguage":"pt-BR","potentialAction":[{"@type":"ReadAction","target":["https:\/\/www.lojamelhordosul.com.br\/site\/produto\/camera-vip-3430-b-ia\/"]}]},{"@type":"ImageObject","inLanguage":"pt-BR","@id":"https:\/\/www.lojamelhordosul.com.br\/site\/produto\/camera-vip-3430-b-ia\/#primaryimage","url":"https:\/\/www.lojamelhordosul.com.br\/site\/wp-content\/uploads\/2026\/04\/VIP-3430.png","contentUrl":"https:\/\/www.lojamelhordosul.com.br\/site\/wp-content\/uploads\/2026\/04\/VIP-3430.png","width":265,"height":267},{"@type":"BreadcrumbList","@id":"https:\/\/www.lojamelhordosul.com.br\/site\/produto\/camera-vip-3430-b-ia\/#breadcrumb","itemListElement":[{"@type":"ListItem","position":1,"name":"In\u00edcio","item":"https:\/\/www.lojamelhordosul.com.br\/site\/"},{"@type":"ListItem","position":2,"name":"Loja","item":"https:\/\/www.lojamelhordosul.com.br\/site\/loja\/"},{"@type":"ListItem","position":3,"name":"CAMERA VIP 3430 B IA"}]},{"@type":"WebSite","@id":"https:\/\/www.lojamelhordosul.com.br\/site\/#website","url":"https:\/\/www.lojamelhordosul.com.br\/site\/","name":"Loja Melhor do Sul Sistemas de Seguran\u00e7a","description":"Loja Melhor do Sul - Revenda Ouro Intelbras em Porto Alegre","publisher":{"@id":"https:\/\/www.lojamelhordosul.com.br\/site\/#organization"},"potentialAction":[{"@type":"SearchAction","target":{"@type":"EntryPoint","urlTemplate":"https:\/\/www.lojamelhordosul.com.br\/site\/?s={search_term_string}"},"query-input":{"@type":"PropertyValueSpecification","valueRequired":true,"valueName":"search_term_string"}}],"inLanguage":"pt-BR"},{"@type":"Organization","@id":"https:\/\/www.lojamelhordosul.com.br\/site\/#organization","name":"Loja Melhor do Sul","url":"https:\/\/www.lojamelhordosul.com.br\/site\/","logo":{"@type":"ImageObject","inLanguage":"pt-BR","@id":"https:\/\/www.lojamelhordosul.com.br\/site\/#\/schema\/logo\/image\/","url":"https:\/\/www.lojamelhordosul.com.br\/site\/wp-content\/uploads\/2019\/10\/logo-longo-da-loja.png","contentUrl":"https:\/\/www.lojamelhordosul.com.br\/site\/wp-content\/uploads\/2019\/10\/logo-longo-da-loja.png","width":597,"height":114,"caption":"Loja Melhor do Sul"},"image":{"@id":"https:\/\/www.lojamelhordosul.com.br\/site\/#\/schema\/logo\/image\/"}}]}},"_links":{"self":[{"href":"https:\/\/www.lojamelhordosul.com.br\/site\/wp-json\/wp\/v2\/product\/16351","targetHints":{"allow":["GET"]}}],"collection":[{"href":"https:\/\/www.lojamelhordosul.com.br\/site\/wp-json\/wp\/v2\/product"}],"about":[{"href":"https:\/\/www.lojamelhordosul.com.br\/site\/wp-json\/wp\/v2\/types\/product"}],"replies":[{"embeddable":true,"href":"https:\/\/www.lojamelhordosul.com.br\/site\/wp-json\/wp\/v2\/comments?post=16351"}],"wp:featuredmedia":[{"embeddable":true,"href":"https:\/\/www.lojamelhordosul.com.br\/site\/wp-json\/wp\/v2\/media\/16357"}],"wp:attachment":[{"href":"https:\/\/www.lojamelhordosul.com.br\/site\/wp-json\/wp\/v2\/media?parent=16351"}],"wp:term":[{"taxonomy":"product_brand","embeddable":true,"href":"https:\/\/www.lojamelhordosul.com.br\/site\/wp-json\/wp\/v2\/product_brand?post=16351"},{"taxonomy":"product_cat","embeddable":true,"href":"https:\/\/www.lojamelhordosul.com.br\/site\/wp-json\/wp\/v2\/product_cat?post=16351"},{"taxonomy":"product_tag","embeddable":true,"href":"https:\/\/www.lojamelhordosul.com.br\/site\/wp-json\/wp\/v2\/product_tag?post=16351"}],"curies":[{"name":"wp","href":"https:\/\/api.w.org\/{rel}","templated":true}]}}