{"id":1667,"date":"2018-05-03T17:05:28","date_gmt":"2018-05-03T20:05:28","guid":{"rendered":"https:\/\/www.lojamelhordosul.com.br\/site\/?post_type=product&#038;p=1667"},"modified":"2025-12-09T13:41:38","modified_gmt":"2025-12-09T16:41:38","slug":"cabo-cerca-eletrica-alta-tensao-5mm-isolacao-50-metros-branco-intelbras","status":"publish","type":"product","link":"https:\/\/www.lojamelhordosul.com.br\/site\/produto\/cabo-cerca-eletrica-alta-tensao-5mm-isolacao-50-metros-branco-intelbras\/","title":{"rendered":"Cabo Cerca El\u00e9trica Alta Tens\u00e3o 5mm Isola\u00e7\u00e3o 50 Metros Branco"},"content":{"rendered":"<p><a href=\"https:\/\/www.lojamelhordosul.com.br\/site\/wp-content\/uploads\/2020\/06\/Logo-Site-2020.png\"><img decoding=\"async\" class=\" wp-image-7890 aligncenter\" src=\"https:\/\/www.lojamelhordosul.com.br\/site\/wp-content\/uploads\/2020\/06\/Logo-Site-2020-300x51.png\" alt=\"\" width=\"482\" height=\"82\" \/><\/a><\/p>\n<div class=\"item-description__content \">\n<div class=\"item-description__text\">\n<p>CARACTER\u00cdSTICAS<\/p>\n<p>Cabo de alta tens\u00e3o para cercas el\u00e9tricas;<br \/>\nCondutor em fio de cobre estanhado eletrol\u00edtico mole, para maior flexibilidade;<br \/>\nCapa externa em PVC 70C anti-chamas preto;<br \/>\nCamada interna isolante em polietileno de baixa densidade;<br \/>\nEspessura de 5mm;<br \/>\nComprimento de 50 metros.<\/p>\n<p>CONTE\u00daDO DO PRODUTO<br \/>\n01 Rolo de cabo de alta isola\u00e7\u00e3o de 5mm e 50 metros de comprimento Security Parts<\/p>\n<p><img decoding=\"async\" class=\"\" src=\"http:\/\/appsisecommerces3.s3.amazonaws.com\/clientes\/cliente2794\/produtos\/111575\/Z3882.jpg\" alt=\"Resultado de imagem para Cabo Cerca El\u00c3\u00a9trica Alta Tens\u00c3\u00a3o 5mm Isola\u00c3\u00a7\u00c3\u00a3o 50 Metros Intelbras branco\" width=\"233\" height=\"233\" \/>\u00a0 \u00a0<img decoding=\"async\" class=\"\" src=\"http:\/\/appsisecommerces3.s3.amazonaws.com\/clientes\/cliente2794\/produtos\/111575\/Z7491.jpg\" alt=\"Resultado de imagem para Cabo Cerca El\u00c3\u00a9trica Alta Tens\u00c3\u00a3o 5mm Isola\u00c3\u00a7\u00c3\u00a3o 50 Metros Intelbras branco\" width=\"204\" height=\"204\" \/><\/p>\n<p><a href=\"https:\/\/www.lojamelhordosul.com.br\/site\/wp-content\/uploads\/2018\/05\/logo-do-fim.jpg\"><img decoding=\"async\" class=\" wp-image-2034 aligncenter\" src=\"https:\/\/www.lojamelhordosul.com.br\/site\/wp-content\/uploads\/2018\/05\/logo-do-fim-300x217.jpg\" alt=\"\" width=\"347\" height=\"251\" \/><\/a><\/p>\n<\/div>\n<\/div>\n","protected":false},"excerpt":{"rendered":"<p>CARACTER\u00cdSTICAS Cabo de alta tens\u00e3o para cercas el\u00e9tricas; Condutor em fio de cobre estanhado eletrol\u00edtico mole, para maior flexibilidade; Capa externa em PVC 70C anti-chamas preto; Camada interna isolante em polietileno de baixa densidade; Espessura de 5mm; Comprimento de 50 metros. CONTE\u00daDO DO PRODUTO 01 Rolo de cabo de alta isola\u00e7\u00e3o de 5mm e 50 &hellip; <a href=\"https:\/\/www.lojamelhordosul.com.br\/site\/produto\/cabo-cerca-eletrica-alta-tensao-5mm-isolacao-50-metros-branco-intelbras\/\" class=\"more-link\">Continuar lendo <span class=\"screen-reader-text\">Cabo Cerca El\u00e9trica Alta Tens\u00e3o 5mm Isola\u00e7\u00e3o 50 Metros Branco<\/span><\/a><\/p>\n","protected":false},"featured_media":7976,"comment_status":"open","ping_status":"closed","template":"","meta":[],"product_brand":[],"product_cat":[2731,2726],"product_tag":[],"class_list":{"0":"post-1667","1":"product","2":"type-product","3":"status-publish","4":"has-post-thumbnail","6":"product_cat-cabos-alta","7":"product_cat-cabos-conectores","9":"first","10":"instock","11":"sale","12":"shipping-taxable","13":"purchasable","14":"product-type-simple"},"yoast_head":"<!-- This site is optimized with the Yoast SEO plugin v27.3 - https:\/\/yoast.com\/product\/yoast-seo-wordpress\/ -->\n<title>Cabo Cerca El\u00e9trica Alta Tens\u00e3o 5mm Isola\u00e7\u00e3o 50 Metros Branco - Loja Melhor do Sul Sistemas de Seguran\u00e7a<\/title>\n<meta name=\"robots\" content=\"index, follow, max-snippet:-1, max-image-preview:large, max-video-preview:-1\" \/>\n<link rel=\"canonical\" href=\"https:\/\/www.lojamelhordosul.com.br\/site\/produto\/cabo-cerca-eletrica-alta-tensao-5mm-isolacao-50-metros-branco-intelbras\/\" \/>\n<meta property=\"og:locale\" content=\"pt_BR\" \/>\n<meta property=\"og:type\" content=\"article\" \/>\n<meta property=\"og:title\" content=\"Cabo Cerca El\u00e9trica Alta Tens\u00e3o 5mm Isola\u00e7\u00e3o 50 Metros Branco - Loja Melhor do Sul Sistemas de Seguran\u00e7a\" \/>\n<meta property=\"og:description\" content=\"CARACTER\u00cdSTICAS Cabo de alta tens\u00e3o para cercas el\u00e9tricas; Condutor em fio de cobre estanhado eletrol\u00edtico mole, para maior flexibilidade; Capa externa em PVC 70C anti-chamas preto; Camada interna isolante em polietileno de baixa densidade; Espessura de 5mm; Comprimento de 50 metros. CONTE\u00daDO DO PRODUTO 01 Rolo de cabo de alta isola\u00e7\u00e3o de 5mm e 50 &hellip; Continuar lendo Cabo Cerca El\u00e9trica Alta Tens\u00e3o 5mm Isola\u00e7\u00e3o 50 Metros Branco\" \/>\n<meta property=\"og:url\" content=\"https:\/\/www.lojamelhordosul.com.br\/site\/produto\/cabo-cerca-eletrica-alta-tensao-5mm-isolacao-50-metros-branco-intelbras\/\" \/>\n<meta property=\"og:site_name\" content=\"Loja Melhor do Sul Sistemas de Seguran\u00e7a\" \/>\n<meta property=\"article:modified_time\" content=\"2025-12-09T16:41:38+00:00\" \/>\n<meta property=\"og:image\" content=\"https:\/\/www.lojamelhordosul.com.br\/site\/wp-content\/uploads\/2018\/05\/cabo-isola\u00e7\u00e3o-branco.jpg\" \/>\n\t<meta property=\"og:image:width\" content=\"600\" \/>\n\t<meta property=\"og:image:height\" content=\"600\" \/>\n\t<meta property=\"og:image:type\" content=\"image\/jpeg\" \/>\n<meta name=\"twitter:card\" content=\"summary_large_image\" \/>\n<script type=\"application\/ld+json\" class=\"yoast-schema-graph\">{\"@context\":\"https:\\\/\\\/schema.org\",\"@graph\":[{\"@type\":\"WebPage\",\"@id\":\"https:\\\/\\\/www.lojamelhordosul.com.br\\\/site\\\/produto\\\/cabo-cerca-eletrica-alta-tensao-5mm-isolacao-50-metros-branco-intelbras\\\/\",\"url\":\"https:\\\/\\\/www.lojamelhordosul.com.br\\\/site\\\/produto\\\/cabo-cerca-eletrica-alta-tensao-5mm-isolacao-50-metros-branco-intelbras\\\/\",\"name\":\"Cabo Cerca El\u00e9trica Alta Tens\u00e3o 5mm Isola\u00e7\u00e3o 50 Metros Branco - Loja Melhor do Sul Sistemas de Seguran\u00e7a\",\"isPartOf\":{\"@id\":\"https:\\\/\\\/www.lojamelhordosul.com.br\\\/site\\\/#website\"},\"primaryImageOfPage\":{\"@id\":\"https:\\\/\\\/www.lojamelhordosul.com.br\\\/site\\\/produto\\\/cabo-cerca-eletrica-alta-tensao-5mm-isolacao-50-metros-branco-intelbras\\\/#primaryimage\"},\"image\":{\"@id\":\"https:\\\/\\\/www.lojamelhordosul.com.br\\\/site\\\/produto\\\/cabo-cerca-eletrica-alta-tensao-5mm-isolacao-50-metros-branco-intelbras\\\/#primaryimage\"},\"thumbnailUrl\":\"https:\\\/\\\/www.lojamelhordosul.com.br\\\/site\\\/wp-content\\\/uploads\\\/2018\\\/05\\\/cabo-isola\u00e7\u00e3o-branco.jpg\",\"datePublished\":\"2018-05-03T20:05:28+00:00\",\"dateModified\":\"2025-12-09T16:41:38+00:00\",\"breadcrumb\":{\"@id\":\"https:\\\/\\\/www.lojamelhordosul.com.br\\\/site\\\/produto\\\/cabo-cerca-eletrica-alta-tensao-5mm-isolacao-50-metros-branco-intelbras\\\/#breadcrumb\"},\"inLanguage\":\"pt-BR\",\"potentialAction\":[{\"@type\":\"ReadAction\",\"target\":[\"https:\\\/\\\/www.lojamelhordosul.com.br\\\/site\\\/produto\\\/cabo-cerca-eletrica-alta-tensao-5mm-isolacao-50-metros-branco-intelbras\\\/\"]}]},{\"@type\":\"ImageObject\",\"inLanguage\":\"pt-BR\",\"@id\":\"https:\\\/\\\/www.lojamelhordosul.com.br\\\/site\\\/produto\\\/cabo-cerca-eletrica-alta-tensao-5mm-isolacao-50-metros-branco-intelbras\\\/#primaryimage\",\"url\":\"https:\\\/\\\/www.lojamelhordosul.com.br\\\/site\\\/wp-content\\\/uploads\\\/2018\\\/05\\\/cabo-isola\u00e7\u00e3o-branco.jpg\",\"contentUrl\":\"https:\\\/\\\/www.lojamelhordosul.com.br\\\/site\\\/wp-content\\\/uploads\\\/2018\\\/05\\\/cabo-isola\u00e7\u00e3o-branco.jpg\",\"width\":600,\"height\":600},{\"@type\":\"BreadcrumbList\",\"@id\":\"https:\\\/\\\/www.lojamelhordosul.com.br\\\/site\\\/produto\\\/cabo-cerca-eletrica-alta-tensao-5mm-isolacao-50-metros-branco-intelbras\\\/#breadcrumb\",\"itemListElement\":[{\"@type\":\"ListItem\",\"position\":1,\"name\":\"In\u00edcio\",\"item\":\"https:\\\/\\\/www.lojamelhordosul.com.br\\\/site\\\/\"},{\"@type\":\"ListItem\",\"position\":2,\"name\":\"Loja\",\"item\":\"https:\\\/\\\/www.lojamelhordosul.com.br\\\/site\\\/loja\\\/\"},{\"@type\":\"ListItem\",\"position\":3,\"name\":\"Cabo Cerca El\u00e9trica Alta Tens\u00e3o 5mm Isola\u00e7\u00e3o 50 Metros Branco\"}]},{\"@type\":\"WebSite\",\"@id\":\"https:\\\/\\\/www.lojamelhordosul.com.br\\\/site\\\/#website\",\"url\":\"https:\\\/\\\/www.lojamelhordosul.com.br\\\/site\\\/\",\"name\":\"Loja Melhor do Sul Sistemas de Seguran\u00e7a\",\"description\":\"Loja Melhor do Sul - Revenda Ouro Intelbras em Porto Alegre\",\"publisher\":{\"@id\":\"https:\\\/\\\/www.lojamelhordosul.com.br\\\/site\\\/#organization\"},\"potentialAction\":[{\"@type\":\"SearchAction\",\"target\":{\"@type\":\"EntryPoint\",\"urlTemplate\":\"https:\\\/\\\/www.lojamelhordosul.com.br\\\/site\\\/?s={search_term_string}\"},\"query-input\":{\"@type\":\"PropertyValueSpecification\",\"valueRequired\":true,\"valueName\":\"search_term_string\"}}],\"inLanguage\":\"pt-BR\"},{\"@type\":\"Organization\",\"@id\":\"https:\\\/\\\/www.lojamelhordosul.com.br\\\/site\\\/#organization\",\"name\":\"Loja Melhor do Sul\",\"url\":\"https:\\\/\\\/www.lojamelhordosul.com.br\\\/site\\\/\",\"logo\":{\"@type\":\"ImageObject\",\"inLanguage\":\"pt-BR\",\"@id\":\"https:\\\/\\\/www.lojamelhordosul.com.br\\\/site\\\/#\\\/schema\\\/logo\\\/image\\\/\",\"url\":\"https:\\\/\\\/www.lojamelhordosul.com.br\\\/site\\\/wp-content\\\/uploads\\\/2019\\\/10\\\/logo-longo-da-loja.png\",\"contentUrl\":\"https:\\\/\\\/www.lojamelhordosul.com.br\\\/site\\\/wp-content\\\/uploads\\\/2019\\\/10\\\/logo-longo-da-loja.png\",\"width\":597,\"height\":114,\"caption\":\"Loja Melhor do Sul\"},\"image\":{\"@id\":\"https:\\\/\\\/www.lojamelhordosul.com.br\\\/site\\\/#\\\/schema\\\/logo\\\/image\\\/\"}}]}<\/script>\n<!-- \/ Yoast SEO plugin. -->","yoast_head_json":{"title":"Cabo Cerca El\u00e9trica Alta Tens\u00e3o 5mm Isola\u00e7\u00e3o 50 Metros Branco - Loja Melhor do Sul Sistemas de Seguran\u00e7a","robots":{"index":"index","follow":"follow","max-snippet":"max-snippet:-1","max-image-preview":"max-image-preview:large","max-video-preview":"max-video-preview:-1"},"canonical":"https:\/\/www.lojamelhordosul.com.br\/site\/produto\/cabo-cerca-eletrica-alta-tensao-5mm-isolacao-50-metros-branco-intelbras\/","og_locale":"pt_BR","og_type":"article","og_title":"Cabo Cerca El\u00e9trica Alta Tens\u00e3o 5mm Isola\u00e7\u00e3o 50 Metros Branco - Loja Melhor do Sul Sistemas de Seguran\u00e7a","og_description":"CARACTER\u00cdSTICAS Cabo de alta tens\u00e3o para cercas el\u00e9tricas; Condutor em fio de cobre estanhado eletrol\u00edtico mole, para maior flexibilidade; Capa externa em PVC 70C anti-chamas preto; Camada interna isolante em polietileno de baixa densidade; Espessura de 5mm; Comprimento de 50 metros. CONTE\u00daDO DO PRODUTO 01 Rolo de cabo de alta isola\u00e7\u00e3o de 5mm e 50 &hellip; Continuar lendo Cabo Cerca El\u00e9trica Alta Tens\u00e3o 5mm Isola\u00e7\u00e3o 50 Metros Branco","og_url":"https:\/\/www.lojamelhordosul.com.br\/site\/produto\/cabo-cerca-eletrica-alta-tensao-5mm-isolacao-50-metros-branco-intelbras\/","og_site_name":"Loja Melhor do Sul Sistemas de Seguran\u00e7a","article_modified_time":"2025-12-09T16:41:38+00:00","og_image":[{"width":600,"height":600,"url":"https:\/\/www.lojamelhordosul.com.br\/site\/wp-content\/uploads\/2018\/05\/cabo-isola\u00e7\u00e3o-branco.jpg","type":"image\/jpeg"}],"twitter_card":"summary_large_image","schema":{"@context":"https:\/\/schema.org","@graph":[{"@type":"WebPage","@id":"https:\/\/www.lojamelhordosul.com.br\/site\/produto\/cabo-cerca-eletrica-alta-tensao-5mm-isolacao-50-metros-branco-intelbras\/","url":"https:\/\/www.lojamelhordosul.com.br\/site\/produto\/cabo-cerca-eletrica-alta-tensao-5mm-isolacao-50-metros-branco-intelbras\/","name":"Cabo Cerca El\u00e9trica Alta Tens\u00e3o 5mm Isola\u00e7\u00e3o 50 Metros Branco - Loja Melhor do Sul Sistemas de Seguran\u00e7a","isPartOf":{"@id":"https:\/\/www.lojamelhordosul.com.br\/site\/#website"},"primaryImageOfPage":{"@id":"https:\/\/www.lojamelhordosul.com.br\/site\/produto\/cabo-cerca-eletrica-alta-tensao-5mm-isolacao-50-metros-branco-intelbras\/#primaryimage"},"image":{"@id":"https:\/\/www.lojamelhordosul.com.br\/site\/produto\/cabo-cerca-eletrica-alta-tensao-5mm-isolacao-50-metros-branco-intelbras\/#primaryimage"},"thumbnailUrl":"https:\/\/www.lojamelhordosul.com.br\/site\/wp-content\/uploads\/2018\/05\/cabo-isola\u00e7\u00e3o-branco.jpg","datePublished":"2018-05-03T20:05:28+00:00","dateModified":"2025-12-09T16:41:38+00:00","breadcrumb":{"@id":"https:\/\/www.lojamelhordosul.com.br\/site\/produto\/cabo-cerca-eletrica-alta-tensao-5mm-isolacao-50-metros-branco-intelbras\/#breadcrumb"},"inLanguage":"pt-BR","potentialAction":[{"@type":"ReadAction","target":["https:\/\/www.lojamelhordosul.com.br\/site\/produto\/cabo-cerca-eletrica-alta-tensao-5mm-isolacao-50-metros-branco-intelbras\/"]}]},{"@type":"ImageObject","inLanguage":"pt-BR","@id":"https:\/\/www.lojamelhordosul.com.br\/site\/produto\/cabo-cerca-eletrica-alta-tensao-5mm-isolacao-50-metros-branco-intelbras\/#primaryimage","url":"https:\/\/www.lojamelhordosul.com.br\/site\/wp-content\/uploads\/2018\/05\/cabo-isola\u00e7\u00e3o-branco.jpg","contentUrl":"https:\/\/www.lojamelhordosul.com.br\/site\/wp-content\/uploads\/2018\/05\/cabo-isola\u00e7\u00e3o-branco.jpg","width":600,"height":600},{"@type":"BreadcrumbList","@id":"https:\/\/www.lojamelhordosul.com.br\/site\/produto\/cabo-cerca-eletrica-alta-tensao-5mm-isolacao-50-metros-branco-intelbras\/#breadcrumb","itemListElement":[{"@type":"ListItem","position":1,"name":"In\u00edcio","item":"https:\/\/www.lojamelhordosul.com.br\/site\/"},{"@type":"ListItem","position":2,"name":"Loja","item":"https:\/\/www.lojamelhordosul.com.br\/site\/loja\/"},{"@type":"ListItem","position":3,"name":"Cabo Cerca El\u00e9trica Alta Tens\u00e3o 5mm Isola\u00e7\u00e3o 50 Metros Branco"}]},{"@type":"WebSite","@id":"https:\/\/www.lojamelhordosul.com.br\/site\/#website","url":"https:\/\/www.lojamelhordosul.com.br\/site\/","name":"Loja Melhor do Sul Sistemas de Seguran\u00e7a","description":"Loja Melhor do Sul - Revenda Ouro Intelbras em Porto Alegre","publisher":{"@id":"https:\/\/www.lojamelhordosul.com.br\/site\/#organization"},"potentialAction":[{"@type":"SearchAction","target":{"@type":"EntryPoint","urlTemplate":"https:\/\/www.lojamelhordosul.com.br\/site\/?s={search_term_string}"},"query-input":{"@type":"PropertyValueSpecification","valueRequired":true,"valueName":"search_term_string"}}],"inLanguage":"pt-BR"},{"@type":"Organization","@id":"https:\/\/www.lojamelhordosul.com.br\/site\/#organization","name":"Loja Melhor do Sul","url":"https:\/\/www.lojamelhordosul.com.br\/site\/","logo":{"@type":"ImageObject","inLanguage":"pt-BR","@id":"https:\/\/www.lojamelhordosul.com.br\/site\/#\/schema\/logo\/image\/","url":"https:\/\/www.lojamelhordosul.com.br\/site\/wp-content\/uploads\/2019\/10\/logo-longo-da-loja.png","contentUrl":"https:\/\/www.lojamelhordosul.com.br\/site\/wp-content\/uploads\/2019\/10\/logo-longo-da-loja.png","width":597,"height":114,"caption":"Loja Melhor do Sul"},"image":{"@id":"https:\/\/www.lojamelhordosul.com.br\/site\/#\/schema\/logo\/image\/"}}]}},"_links":{"self":[{"href":"https:\/\/www.lojamelhordosul.com.br\/site\/wp-json\/wp\/v2\/product\/1667","targetHints":{"allow":["GET"]}}],"collection":[{"href":"https:\/\/www.lojamelhordosul.com.br\/site\/wp-json\/wp\/v2\/product"}],"about":[{"href":"https:\/\/www.lojamelhordosul.com.br\/site\/wp-json\/wp\/v2\/types\/product"}],"replies":[{"embeddable":true,"href":"https:\/\/www.lojamelhordosul.com.br\/site\/wp-json\/wp\/v2\/comments?post=1667"}],"wp:featuredmedia":[{"embeddable":true,"href":"https:\/\/www.lojamelhordosul.com.br\/site\/wp-json\/wp\/v2\/media\/7976"}],"wp:attachment":[{"href":"https:\/\/www.lojamelhordosul.com.br\/site\/wp-json\/wp\/v2\/media?parent=1667"}],"wp:term":[{"taxonomy":"product_brand","embeddable":true,"href":"https:\/\/www.lojamelhordosul.com.br\/site\/wp-json\/wp\/v2\/product_brand?post=1667"},{"taxonomy":"product_cat","embeddable":true,"href":"https:\/\/www.lojamelhordosul.com.br\/site\/wp-json\/wp\/v2\/product_cat?post=1667"},{"taxonomy":"product_tag","embeddable":true,"href":"https:\/\/www.lojamelhordosul.com.br\/site\/wp-json\/wp\/v2\/product_tag?post=1667"}],"curies":[{"name":"wp","href":"https:\/\/api.w.org\/{rel}","templated":true}]}}