{"id":3815,"date":"2019-02-25T10:20:41","date_gmt":"2019-02-25T13:20:41","guid":{"rendered":"https:\/\/www.lojamelhordosul.com.br\/site\/?post_type=product&#038;p=3815"},"modified":"2025-10-23T15:46:16","modified_gmt":"2025-10-23T18:46:16","slug":"fechadura-fecho-eletromagnetico-thevear-reversivel-th-fem-r","status":"publish","type":"product","link":"https:\/\/www.lojamelhordosul.com.br\/site\/produto\/fechadura-fecho-eletromagnetico-thevear-reversivel-th-fem-r\/","title":{"rendered":"Fechadura Fecho El\u00e9trico 12v Eletromagnetico"},"content":{"rendered":"<p><img decoding=\"async\" class=\"wp-image-3777 aligncenter\" src=\"https:\/\/www.lojamelhordosul.com.br\/site\/wp-content\/uploads\/2019\/02\/logo-longo-da-loja-300x57.png\" alt=\"\" width=\"921\" height=\"175\" \/>Modelo: TH-FEM-R\/ROs Fechos Thevear s\u00e3o muito f\u00e1ceis e pr\u00e1ticos de serem instalados desde que sejam respeitadas as especifica\u00e7\u00f5es t\u00e9cnicas e exig\u00eancia de cada modelo.<br \/>\nO espelho do fecho \u00e9 revers\u00edvel , permitindo o uso em portas que abrem tanto \u00e0 direita quanto \u00e0 esquerda.<br \/>\nFuncionam ligados a : Kits residenciais , centrais de portarias coletivas e centrais de comunica\u00e7\u00e3o telef\u00f4nica.<br \/>\nProporcionam o controle de acesso em locais que exigem a seguran\u00e7a com conforto, qualidade e alta efici\u00eancia. Com o acionamento eletromagn\u00e9tico feito com 12V \/ 1A.<br \/>\nPode ser Instalado a esquerda ou a direita das Portas no batente das mesmas pelo lado de dentro ok.<br \/>\nItem: 01 Fechadura El\u00e9trica Fecho Thevear 12v Revers\u00edvel Refor\u00e7ado.<\/p>\n<p><a href=\"https:\/\/www.lojamelhordosul.com.br\/site\/wp-content\/uploads\/2018\/12\/logo-do-fim.jpg\"><img decoding=\"async\" class=\"size-medium wp-image-3472 aligncenter\" src=\"https:\/\/www.lojamelhordosul.com.br\/site\/wp-content\/uploads\/2018\/12\/logo-do-fim-300x217.jpg\" alt=\"\" width=\"300\" height=\"217\" \/><\/a><\/p>\n<p>&nbsp;<\/p>\n","protected":false},"excerpt":{"rendered":"<p>Modelo: TH-FEM-R\/ROs Fechos Thevear s\u00e3o muito f\u00e1ceis e pr\u00e1ticos de serem instalados desde que sejam respeitadas as especifica\u00e7\u00f5es t\u00e9cnicas e exig\u00eancia de cada modelo. O espelho do fecho \u00e9 revers\u00edvel , permitindo o uso em portas que abrem tanto \u00e0 direita quanto \u00e0 esquerda. Funcionam ligados a : Kits residenciais , centrais de portarias coletivas &hellip; <a href=\"https:\/\/www.lojamelhordosul.com.br\/site\/produto\/fechadura-fecho-eletromagnetico-thevear-reversivel-th-fem-r\/\" class=\"more-link\">Continuar lendo <span class=\"screen-reader-text\">Fechadura Fecho El\u00e9trico 12v Eletromagnetico<\/span><\/a><\/p>\n","protected":false},"featured_media":12483,"comment_status":"open","ping_status":"closed","template":"","meta":[],"product_brand":[],"product_cat":[2756,2762,2760],"product_tag":[],"class_list":{"0":"post-3815","1":"product","2":"type-product","3":"status-publish","4":"has-post-thumbnail","6":"product_cat-controle-acesso","7":"product_cat-fechadura-eletrica","8":"product_cat-controle-acesso-fechaduras","10":"first","11":"instock","12":"sale","13":"shipping-taxable","14":"purchasable","15":"product-type-simple"},"yoast_head":"<!-- This site is optimized with the Yoast SEO plugin v27.4 - https:\/\/yoast.com\/product\/yoast-seo-wordpress\/ -->\n<title>Fechadura Fecho El\u00e9trico 12v Eletromagnetico - Loja Melhor do Sul Sistemas de Seguran\u00e7a<\/title>\n<meta name=\"robots\" content=\"index, follow, max-snippet:-1, max-image-preview:large, max-video-preview:-1\" \/>\n<link rel=\"canonical\" href=\"https:\/\/www.lojamelhordosul.com.br\/site\/produto\/fechadura-fecho-eletromagnetico-thevear-reversivel-th-fem-r\/\" \/>\n<meta property=\"og:locale\" content=\"pt_BR\" \/>\n<meta property=\"og:type\" content=\"article\" \/>\n<meta property=\"og:title\" content=\"Fechadura Fecho El\u00e9trico 12v Eletromagnetico - Loja Melhor do Sul Sistemas de Seguran\u00e7a\" \/>\n<meta property=\"og:description\" content=\"Modelo: TH-FEM-R\/ROs Fechos Thevear s\u00e3o muito f\u00e1ceis e pr\u00e1ticos de serem instalados desde que sejam respeitadas as especifica\u00e7\u00f5es t\u00e9cnicas e exig\u00eancia de cada modelo. O espelho do fecho \u00e9 revers\u00edvel , permitindo o uso em portas que abrem tanto \u00e0 direita quanto \u00e0 esquerda. Funcionam ligados a : Kits residenciais , centrais de portarias coletivas &hellip; Continuar lendo Fechadura Fecho El\u00e9trico 12v Eletromagnetico\" \/>\n<meta property=\"og:url\" content=\"https:\/\/www.lojamelhordosul.com.br\/site\/produto\/fechadura-fecho-eletromagnetico-thevear-reversivel-th-fem-r\/\" \/>\n<meta property=\"og:site_name\" content=\"Loja Melhor do Sul Sistemas de Seguran\u00e7a\" \/>\n<meta property=\"article:modified_time\" content=\"2025-10-23T18:46:16+00:00\" \/>\n<meta property=\"og:image\" content=\"https:\/\/www.lojamelhordosul.com.br\/site\/wp-content\/uploads\/2019\/02\/fechadura_eletrica_fecho_thevear_12v_para_portas_portoes_6631_1_fb9f1442051bd76f3d51d095c935c74b.jpg\" \/>\n\t<meta property=\"og:image:width\" content=\"1000\" \/>\n\t<meta property=\"og:image:height\" content=\"1000\" \/>\n\t<meta property=\"og:image:type\" content=\"image\/jpeg\" \/>\n<meta name=\"twitter:card\" content=\"summary_large_image\" \/>\n<meta name=\"twitter:label1\" content=\"Est. tempo de leitura\" \/>\n\t<meta name=\"twitter:data1\" content=\"2 minutos\" \/>\n<script type=\"application\/ld+json\" class=\"yoast-schema-graph\">{\"@context\":\"https:\\\/\\\/schema.org\",\"@graph\":[{\"@type\":\"WebPage\",\"@id\":\"https:\\\/\\\/www.lojamelhordosul.com.br\\\/site\\\/produto\\\/fechadura-fecho-eletromagnetico-thevear-reversivel-th-fem-r\\\/\",\"url\":\"https:\\\/\\\/www.lojamelhordosul.com.br\\\/site\\\/produto\\\/fechadura-fecho-eletromagnetico-thevear-reversivel-th-fem-r\\\/\",\"name\":\"Fechadura Fecho El\u00e9trico 12v Eletromagnetico - Loja Melhor do Sul Sistemas de Seguran\u00e7a\",\"isPartOf\":{\"@id\":\"https:\\\/\\\/www.lojamelhordosul.com.br\\\/site\\\/#website\"},\"primaryImageOfPage\":{\"@id\":\"https:\\\/\\\/www.lojamelhordosul.com.br\\\/site\\\/produto\\\/fechadura-fecho-eletromagnetico-thevear-reversivel-th-fem-r\\\/#primaryimage\"},\"image\":{\"@id\":\"https:\\\/\\\/www.lojamelhordosul.com.br\\\/site\\\/produto\\\/fechadura-fecho-eletromagnetico-thevear-reversivel-th-fem-r\\\/#primaryimage\"},\"thumbnailUrl\":\"https:\\\/\\\/www.lojamelhordosul.com.br\\\/site\\\/wp-content\\\/uploads\\\/2019\\\/02\\\/fechadura_eletrica_fecho_thevear_12v_para_portas_portoes_6631_1_fb9f1442051bd76f3d51d095c935c74b.jpg\",\"datePublished\":\"2019-02-25T13:20:41+00:00\",\"dateModified\":\"2025-10-23T18:46:16+00:00\",\"breadcrumb\":{\"@id\":\"https:\\\/\\\/www.lojamelhordosul.com.br\\\/site\\\/produto\\\/fechadura-fecho-eletromagnetico-thevear-reversivel-th-fem-r\\\/#breadcrumb\"},\"inLanguage\":\"pt-BR\",\"potentialAction\":[{\"@type\":\"ReadAction\",\"target\":[\"https:\\\/\\\/www.lojamelhordosul.com.br\\\/site\\\/produto\\\/fechadura-fecho-eletromagnetico-thevear-reversivel-th-fem-r\\\/\"]}]},{\"@type\":\"ImageObject\",\"inLanguage\":\"pt-BR\",\"@id\":\"https:\\\/\\\/www.lojamelhordosul.com.br\\\/site\\\/produto\\\/fechadura-fecho-eletromagnetico-thevear-reversivel-th-fem-r\\\/#primaryimage\",\"url\":\"https:\\\/\\\/www.lojamelhordosul.com.br\\\/site\\\/wp-content\\\/uploads\\\/2019\\\/02\\\/fechadura_eletrica_fecho_thevear_12v_para_portas_portoes_6631_1_fb9f1442051bd76f3d51d095c935c74b.jpg\",\"contentUrl\":\"https:\\\/\\\/www.lojamelhordosul.com.br\\\/site\\\/wp-content\\\/uploads\\\/2019\\\/02\\\/fechadura_eletrica_fecho_thevear_12v_para_portas_portoes_6631_1_fb9f1442051bd76f3d51d095c935c74b.jpg\",\"width\":1000,\"height\":1000},{\"@type\":\"BreadcrumbList\",\"@id\":\"https:\\\/\\\/www.lojamelhordosul.com.br\\\/site\\\/produto\\\/fechadura-fecho-eletromagnetico-thevear-reversivel-th-fem-r\\\/#breadcrumb\",\"itemListElement\":[{\"@type\":\"ListItem\",\"position\":1,\"name\":\"In\u00edcio\",\"item\":\"https:\\\/\\\/www.lojamelhordosul.com.br\\\/site\\\/\"},{\"@type\":\"ListItem\",\"position\":2,\"name\":\"Loja\",\"item\":\"https:\\\/\\\/www.lojamelhordosul.com.br\\\/site\\\/loja\\\/\"},{\"@type\":\"ListItem\",\"position\":3,\"name\":\"Fechadura Fecho El\u00e9trico 12v Eletromagnetico\"}]},{\"@type\":\"WebSite\",\"@id\":\"https:\\\/\\\/www.lojamelhordosul.com.br\\\/site\\\/#website\",\"url\":\"https:\\\/\\\/www.lojamelhordosul.com.br\\\/site\\\/\",\"name\":\"Loja Melhor do Sul Sistemas de Seguran\u00e7a\",\"description\":\"Loja Melhor do Sul - Revenda Ouro Intelbras em Porto Alegre\",\"publisher\":{\"@id\":\"https:\\\/\\\/www.lojamelhordosul.com.br\\\/site\\\/#organization\"},\"potentialAction\":[{\"@type\":\"SearchAction\",\"target\":{\"@type\":\"EntryPoint\",\"urlTemplate\":\"https:\\\/\\\/www.lojamelhordosul.com.br\\\/site\\\/?s={search_term_string}\"},\"query-input\":{\"@type\":\"PropertyValueSpecification\",\"valueRequired\":true,\"valueName\":\"search_term_string\"}}],\"inLanguage\":\"pt-BR\"},{\"@type\":\"Organization\",\"@id\":\"https:\\\/\\\/www.lojamelhordosul.com.br\\\/site\\\/#organization\",\"name\":\"Loja Melhor do Sul\",\"url\":\"https:\\\/\\\/www.lojamelhordosul.com.br\\\/site\\\/\",\"logo\":{\"@type\":\"ImageObject\",\"inLanguage\":\"pt-BR\",\"@id\":\"https:\\\/\\\/www.lojamelhordosul.com.br\\\/site\\\/#\\\/schema\\\/logo\\\/image\\\/\",\"url\":\"https:\\\/\\\/www.lojamelhordosul.com.br\\\/site\\\/wp-content\\\/uploads\\\/2019\\\/10\\\/logo-longo-da-loja.png\",\"contentUrl\":\"https:\\\/\\\/www.lojamelhordosul.com.br\\\/site\\\/wp-content\\\/uploads\\\/2019\\\/10\\\/logo-longo-da-loja.png\",\"width\":597,\"height\":114,\"caption\":\"Loja Melhor do Sul\"},\"image\":{\"@id\":\"https:\\\/\\\/www.lojamelhordosul.com.br\\\/site\\\/#\\\/schema\\\/logo\\\/image\\\/\"}}]}<\/script>\n<!-- \/ Yoast SEO plugin. -->","yoast_head_json":{"title":"Fechadura Fecho El\u00e9trico 12v Eletromagnetico - Loja Melhor do Sul Sistemas de Seguran\u00e7a","robots":{"index":"index","follow":"follow","max-snippet":"max-snippet:-1","max-image-preview":"max-image-preview:large","max-video-preview":"max-video-preview:-1"},"canonical":"https:\/\/www.lojamelhordosul.com.br\/site\/produto\/fechadura-fecho-eletromagnetico-thevear-reversivel-th-fem-r\/","og_locale":"pt_BR","og_type":"article","og_title":"Fechadura Fecho El\u00e9trico 12v Eletromagnetico - Loja Melhor do Sul Sistemas de Seguran\u00e7a","og_description":"Modelo: TH-FEM-R\/ROs Fechos Thevear s\u00e3o muito f\u00e1ceis e pr\u00e1ticos de serem instalados desde que sejam respeitadas as especifica\u00e7\u00f5es t\u00e9cnicas e exig\u00eancia de cada modelo. O espelho do fecho \u00e9 revers\u00edvel , permitindo o uso em portas que abrem tanto \u00e0 direita quanto \u00e0 esquerda. Funcionam ligados a : Kits residenciais , centrais de portarias coletivas &hellip; Continuar lendo Fechadura Fecho El\u00e9trico 12v Eletromagnetico","og_url":"https:\/\/www.lojamelhordosul.com.br\/site\/produto\/fechadura-fecho-eletromagnetico-thevear-reversivel-th-fem-r\/","og_site_name":"Loja Melhor do Sul Sistemas de Seguran\u00e7a","article_modified_time":"2025-10-23T18:46:16+00:00","og_image":[{"width":1000,"height":1000,"url":"https:\/\/www.lojamelhordosul.com.br\/site\/wp-content\/uploads\/2019\/02\/fechadura_eletrica_fecho_thevear_12v_para_portas_portoes_6631_1_fb9f1442051bd76f3d51d095c935c74b.jpg","type":"image\/jpeg"}],"twitter_card":"summary_large_image","twitter_misc":{"Est. tempo de leitura":"2 minutos"},"schema":{"@context":"https:\/\/schema.org","@graph":[{"@type":"WebPage","@id":"https:\/\/www.lojamelhordosul.com.br\/site\/produto\/fechadura-fecho-eletromagnetico-thevear-reversivel-th-fem-r\/","url":"https:\/\/www.lojamelhordosul.com.br\/site\/produto\/fechadura-fecho-eletromagnetico-thevear-reversivel-th-fem-r\/","name":"Fechadura Fecho El\u00e9trico 12v Eletromagnetico - Loja Melhor do Sul Sistemas de Seguran\u00e7a","isPartOf":{"@id":"https:\/\/www.lojamelhordosul.com.br\/site\/#website"},"primaryImageOfPage":{"@id":"https:\/\/www.lojamelhordosul.com.br\/site\/produto\/fechadura-fecho-eletromagnetico-thevear-reversivel-th-fem-r\/#primaryimage"},"image":{"@id":"https:\/\/www.lojamelhordosul.com.br\/site\/produto\/fechadura-fecho-eletromagnetico-thevear-reversivel-th-fem-r\/#primaryimage"},"thumbnailUrl":"https:\/\/www.lojamelhordosul.com.br\/site\/wp-content\/uploads\/2019\/02\/fechadura_eletrica_fecho_thevear_12v_para_portas_portoes_6631_1_fb9f1442051bd76f3d51d095c935c74b.jpg","datePublished":"2019-02-25T13:20:41+00:00","dateModified":"2025-10-23T18:46:16+00:00","breadcrumb":{"@id":"https:\/\/www.lojamelhordosul.com.br\/site\/produto\/fechadura-fecho-eletromagnetico-thevear-reversivel-th-fem-r\/#breadcrumb"},"inLanguage":"pt-BR","potentialAction":[{"@type":"ReadAction","target":["https:\/\/www.lojamelhordosul.com.br\/site\/produto\/fechadura-fecho-eletromagnetico-thevear-reversivel-th-fem-r\/"]}]},{"@type":"ImageObject","inLanguage":"pt-BR","@id":"https:\/\/www.lojamelhordosul.com.br\/site\/produto\/fechadura-fecho-eletromagnetico-thevear-reversivel-th-fem-r\/#primaryimage","url":"https:\/\/www.lojamelhordosul.com.br\/site\/wp-content\/uploads\/2019\/02\/fechadura_eletrica_fecho_thevear_12v_para_portas_portoes_6631_1_fb9f1442051bd76f3d51d095c935c74b.jpg","contentUrl":"https:\/\/www.lojamelhordosul.com.br\/site\/wp-content\/uploads\/2019\/02\/fechadura_eletrica_fecho_thevear_12v_para_portas_portoes_6631_1_fb9f1442051bd76f3d51d095c935c74b.jpg","width":1000,"height":1000},{"@type":"BreadcrumbList","@id":"https:\/\/www.lojamelhordosul.com.br\/site\/produto\/fechadura-fecho-eletromagnetico-thevear-reversivel-th-fem-r\/#breadcrumb","itemListElement":[{"@type":"ListItem","position":1,"name":"In\u00edcio","item":"https:\/\/www.lojamelhordosul.com.br\/site\/"},{"@type":"ListItem","position":2,"name":"Loja","item":"https:\/\/www.lojamelhordosul.com.br\/site\/loja\/"},{"@type":"ListItem","position":3,"name":"Fechadura Fecho El\u00e9trico 12v Eletromagnetico"}]},{"@type":"WebSite","@id":"https:\/\/www.lojamelhordosul.com.br\/site\/#website","url":"https:\/\/www.lojamelhordosul.com.br\/site\/","name":"Loja Melhor do Sul Sistemas de Seguran\u00e7a","description":"Loja Melhor do Sul - Revenda Ouro Intelbras em Porto Alegre","publisher":{"@id":"https:\/\/www.lojamelhordosul.com.br\/site\/#organization"},"potentialAction":[{"@type":"SearchAction","target":{"@type":"EntryPoint","urlTemplate":"https:\/\/www.lojamelhordosul.com.br\/site\/?s={search_term_string}"},"query-input":{"@type":"PropertyValueSpecification","valueRequired":true,"valueName":"search_term_string"}}],"inLanguage":"pt-BR"},{"@type":"Organization","@id":"https:\/\/www.lojamelhordosul.com.br\/site\/#organization","name":"Loja Melhor do Sul","url":"https:\/\/www.lojamelhordosul.com.br\/site\/","logo":{"@type":"ImageObject","inLanguage":"pt-BR","@id":"https:\/\/www.lojamelhordosul.com.br\/site\/#\/schema\/logo\/image\/","url":"https:\/\/www.lojamelhordosul.com.br\/site\/wp-content\/uploads\/2019\/10\/logo-longo-da-loja.png","contentUrl":"https:\/\/www.lojamelhordosul.com.br\/site\/wp-content\/uploads\/2019\/10\/logo-longo-da-loja.png","width":597,"height":114,"caption":"Loja Melhor do Sul"},"image":{"@id":"https:\/\/www.lojamelhordosul.com.br\/site\/#\/schema\/logo\/image\/"}}]}},"_links":{"self":[{"href":"https:\/\/www.lojamelhordosul.com.br\/site\/wp-json\/wp\/v2\/product\/3815","targetHints":{"allow":["GET"]}}],"collection":[{"href":"https:\/\/www.lojamelhordosul.com.br\/site\/wp-json\/wp\/v2\/product"}],"about":[{"href":"https:\/\/www.lojamelhordosul.com.br\/site\/wp-json\/wp\/v2\/types\/product"}],"replies":[{"embeddable":true,"href":"https:\/\/www.lojamelhordosul.com.br\/site\/wp-json\/wp\/v2\/comments?post=3815"}],"wp:featuredmedia":[{"embeddable":true,"href":"https:\/\/www.lojamelhordosul.com.br\/site\/wp-json\/wp\/v2\/media\/12483"}],"wp:attachment":[{"href":"https:\/\/www.lojamelhordosul.com.br\/site\/wp-json\/wp\/v2\/media?parent=3815"}],"wp:term":[{"taxonomy":"product_brand","embeddable":true,"href":"https:\/\/www.lojamelhordosul.com.br\/site\/wp-json\/wp\/v2\/product_brand?post=3815"},{"taxonomy":"product_cat","embeddable":true,"href":"https:\/\/www.lojamelhordosul.com.br\/site\/wp-json\/wp\/v2\/product_cat?post=3815"},{"taxonomy":"product_tag","embeddable":true,"href":"https:\/\/www.lojamelhordosul.com.br\/site\/wp-json\/wp\/v2\/product_tag?post=3815"}],"curies":[{"name":"wp","href":"https:\/\/api.w.org\/{rel}","templated":true}]}}