{"id":7465,"date":"2020-04-02T13:46:51","date_gmt":"2020-04-02T16:46:51","guid":{"rendered":"https:\/\/www.lojamelhordosul.com.br\/site\/?post_type=product&#038;p=7465"},"modified":"2026-03-11T13:27:00","modified_gmt":"2026-03-11T16:27:00","slug":"controle-remoto-alarme-intelbras-xac-4000-smart-preto","status":"publish","type":"product","link":"https:\/\/www.lojamelhordosul.com.br\/site\/produto\/controle-remoto-alarme-intelbras-xac-4000-smart-preto\/","title":{"rendered":"Controle Remoto Alarme Intelbras Xac 4000 Smart Preto"},"content":{"rendered":"<div class=\"wpb-content-wrapper\"><div class=\"vc_row wpb_row vc_row-fluid\"><div class=\"container\"><div class=\"row\"><div class=\"wpb_column vc_column_container vc_col-md-12\"><div class=\"vc_column-inner \"><div class=\"wpb_wrapper\">\n\t<div class=\"wpb_text_column wpb_content_element\" >\n\t\t<div class=\"wpb_wrapper\">\n\t\t\t<p>O controle remoto XAC 4000 Smart Control, possui bateria de l\u00edtio de longa dura\u00e7\u00e3o, 3 bot\u00f5es (canais) independentes, design moderno e antitravamento de teclas. Acompanha cord\u00e3o e clipe. Dispon\u00edvel nas cores azul, preto e rosa.<\/p>\n<p>\u00bb\u00a0Frequ\u00eancia de opera\u00e7\u00e3o 433,92 Mhz com ressonador SAW (n\u00e3o perde a calibra\u00e7\u00e3o)<br \/>\n\u00bb\u00a0Modula\u00e7\u00e3o OOK\/FSK<br \/>\n\u00bb\u00a0Design diferenciado<br \/>\n\u00bb\u00a0Bateria de l\u00edtio de longa dura\u00e7\u00e3o<br \/>\n\u00bb\u00a0Antitravamento de teclas<br \/>\n\u00bb\u00a0Acompanha cord\u00e3o e clipe<\/p>\n\n\t\t<\/div>\n\t<\/div>\n<\/div><\/div><\/div><\/div><\/div><\/div>\n<\/div>","protected":false},"excerpt":{"rendered":"<p>O controle remoto XAC 4000 Smart Control, possui bateria de l\u00edtio de longa dura\u00e7\u00e3o, 3 bot\u00f5es (canais) independentes, design moderno e antitravamento de teclas. Acompanha cord\u00e3o e clipe. Dispon\u00edvel nas cores azul, preto e rosa.<\/p>\n<p>\u00bb\u00a0Frequ\u00eancia de opera\u00e7\u00e3o 433,92 Mhz com ressonador SAW (n\u00e3o perde a calibra\u00e7\u00e3o)<br \/>\n\u00bb\u00a0Modula\u00e7\u00e3o OOK\/FSK<br \/>\n\u00bb\u00a0Design diferenciado<br \/>\n\u00bb\u00a0Bateria de l\u00edtio de longa dura\u00e7\u00e3o<br \/>\n\u00bb\u00a0Antitravamento de teclas<br \/>\n\u00bb\u00a0Acompanha cord\u00e3o e clipe<\/p>\n","protected":false},"featured_media":7469,"comment_status":"open","ping_status":"closed","template":"","meta":[],"product_brand":[],"product_cat":[2745,2736],"product_tag":[],"class_list":{"0":"post-7465","1":"product","2":"type-product","3":"status-publish","4":"has-post-thumbnail","6":"product_cat-acessorios-alarme","7":"product_cat-linha-de-alarmes","9":"first","10":"instock","11":"shipping-taxable","12":"purchasable","13":"product-type-simple"},"yoast_head":"<!-- This site is optimized with the Yoast SEO plugin v27.4 - https:\/\/yoast.com\/product\/yoast-seo-wordpress\/ -->\n<title>Controle Remoto Alarme Intelbras Xac 4000 Smart Preto - Loja Melhor do Sul Sistemas de Seguran\u00e7a<\/title>\n<meta name=\"robots\" content=\"index, follow, max-snippet:-1, max-image-preview:large, max-video-preview:-1\" \/>\n<link rel=\"canonical\" href=\"https:\/\/www.lojamelhordosul.com.br\/site\/produto\/controle-remoto-alarme-intelbras-xac-4000-smart-preto\/\" \/>\n<meta property=\"og:locale\" content=\"pt_BR\" \/>\n<meta property=\"og:type\" content=\"article\" \/>\n<meta property=\"og:title\" content=\"Controle Remoto Alarme Intelbras Xac 4000 Smart Preto - Loja Melhor do Sul Sistemas de Seguran\u00e7a\" \/>\n<meta property=\"og:description\" content=\"O controle remoto XAC 4000 Smart Control, possui bateria de l\u00edtio de longa dura\u00e7\u00e3o, 3 bot\u00f5es (canais) independentes, design moderno e antitravamento de teclas. Acompanha cord\u00e3o e clipe. Dispon\u00edvel nas cores azul, preto e rosa.  \u00bb\u00a0Frequ\u00eancia de opera\u00e7\u00e3o 433,92 Mhz com ressonador SAW (n\u00e3o perde a calibra\u00e7\u00e3o) \u00bb\u00a0Modula\u00e7\u00e3o OOK\/FSK \u00bb\u00a0Design diferenciado \u00bb\u00a0Bateria de l\u00edtio de longa dura\u00e7\u00e3o \u00bb\u00a0Antitravamento de teclas \u00bb\u00a0Acompanha cord\u00e3o e clipe\" \/>\n<meta property=\"og:url\" content=\"https:\/\/www.lojamelhordosul.com.br\/site\/produto\/controle-remoto-alarme-intelbras-xac-4000-smart-preto\/\" \/>\n<meta property=\"og:site_name\" content=\"Loja Melhor do Sul Sistemas de Seguran\u00e7a\" \/>\n<meta property=\"article:modified_time\" content=\"2026-03-11T16:27:00+00:00\" \/>\n<meta property=\"og:image\" content=\"https:\/\/www.lojamelhordosul.com.br\/site\/wp-content\/uploads\/2020\/04\/XAC-4000-Smart-Control.jpg\" \/>\n\t<meta property=\"og:image:width\" content=\"220\" \/>\n\t<meta property=\"og:image:height\" content=\"132\" \/>\n\t<meta property=\"og:image:type\" content=\"image\/jpeg\" \/>\n<meta name=\"twitter:card\" content=\"summary_large_image\" \/>\n<meta name=\"twitter:label1\" content=\"Est. tempo de leitura\" \/>\n\t<meta name=\"twitter:data1\" content=\"1 minuto\" \/>\n<script type=\"application\/ld+json\" class=\"yoast-schema-graph\">{\"@context\":\"https:\\\/\\\/schema.org\",\"@graph\":[{\"@type\":\"WebPage\",\"@id\":\"https:\\\/\\\/www.lojamelhordosul.com.br\\\/site\\\/produto\\\/controle-remoto-alarme-intelbras-xac-4000-smart-preto\\\/\",\"url\":\"https:\\\/\\\/www.lojamelhordosul.com.br\\\/site\\\/produto\\\/controle-remoto-alarme-intelbras-xac-4000-smart-preto\\\/\",\"name\":\"Controle Remoto Alarme Intelbras Xac 4000 Smart Preto - Loja Melhor do Sul Sistemas de Seguran\u00e7a\",\"isPartOf\":{\"@id\":\"https:\\\/\\\/www.lojamelhordosul.com.br\\\/site\\\/#website\"},\"primaryImageOfPage\":{\"@id\":\"https:\\\/\\\/www.lojamelhordosul.com.br\\\/site\\\/produto\\\/controle-remoto-alarme-intelbras-xac-4000-smart-preto\\\/#primaryimage\"},\"image\":{\"@id\":\"https:\\\/\\\/www.lojamelhordosul.com.br\\\/site\\\/produto\\\/controle-remoto-alarme-intelbras-xac-4000-smart-preto\\\/#primaryimage\"},\"thumbnailUrl\":\"https:\\\/\\\/www.lojamelhordosul.com.br\\\/site\\\/wp-content\\\/uploads\\\/2020\\\/04\\\/XAC-4000-Smart-Control.jpg\",\"datePublished\":\"2020-04-02T16:46:51+00:00\",\"dateModified\":\"2026-03-11T16:27:00+00:00\",\"breadcrumb\":{\"@id\":\"https:\\\/\\\/www.lojamelhordosul.com.br\\\/site\\\/produto\\\/controle-remoto-alarme-intelbras-xac-4000-smart-preto\\\/#breadcrumb\"},\"inLanguage\":\"pt-BR\",\"potentialAction\":[{\"@type\":\"ReadAction\",\"target\":[\"https:\\\/\\\/www.lojamelhordosul.com.br\\\/site\\\/produto\\\/controle-remoto-alarme-intelbras-xac-4000-smart-preto\\\/\"]}]},{\"@type\":\"ImageObject\",\"inLanguage\":\"pt-BR\",\"@id\":\"https:\\\/\\\/www.lojamelhordosul.com.br\\\/site\\\/produto\\\/controle-remoto-alarme-intelbras-xac-4000-smart-preto\\\/#primaryimage\",\"url\":\"https:\\\/\\\/www.lojamelhordosul.com.br\\\/site\\\/wp-content\\\/uploads\\\/2020\\\/04\\\/XAC-4000-Smart-Control.jpg\",\"contentUrl\":\"https:\\\/\\\/www.lojamelhordosul.com.br\\\/site\\\/wp-content\\\/uploads\\\/2020\\\/04\\\/XAC-4000-Smart-Control.jpg\",\"width\":220,\"height\":132},{\"@type\":\"BreadcrumbList\",\"@id\":\"https:\\\/\\\/www.lojamelhordosul.com.br\\\/site\\\/produto\\\/controle-remoto-alarme-intelbras-xac-4000-smart-preto\\\/#breadcrumb\",\"itemListElement\":[{\"@type\":\"ListItem\",\"position\":1,\"name\":\"In\u00edcio\",\"item\":\"https:\\\/\\\/www.lojamelhordosul.com.br\\\/site\\\/\"},{\"@type\":\"ListItem\",\"position\":2,\"name\":\"Loja\",\"item\":\"https:\\\/\\\/www.lojamelhordosul.com.br\\\/site\\\/loja\\\/\"},{\"@type\":\"ListItem\",\"position\":3,\"name\":\"Controle Remoto Alarme Intelbras Xac 4000 Smart Preto\"}]},{\"@type\":\"WebSite\",\"@id\":\"https:\\\/\\\/www.lojamelhordosul.com.br\\\/site\\\/#website\",\"url\":\"https:\\\/\\\/www.lojamelhordosul.com.br\\\/site\\\/\",\"name\":\"Loja Melhor do Sul Sistemas de Seguran\u00e7a\",\"description\":\"Loja Melhor do Sul - Revenda Ouro Intelbras em Porto Alegre\",\"publisher\":{\"@id\":\"https:\\\/\\\/www.lojamelhordosul.com.br\\\/site\\\/#organization\"},\"potentialAction\":[{\"@type\":\"SearchAction\",\"target\":{\"@type\":\"EntryPoint\",\"urlTemplate\":\"https:\\\/\\\/www.lojamelhordosul.com.br\\\/site\\\/?s={search_term_string}\"},\"query-input\":{\"@type\":\"PropertyValueSpecification\",\"valueRequired\":true,\"valueName\":\"search_term_string\"}}],\"inLanguage\":\"pt-BR\"},{\"@type\":\"Organization\",\"@id\":\"https:\\\/\\\/www.lojamelhordosul.com.br\\\/site\\\/#organization\",\"name\":\"Loja Melhor do Sul\",\"url\":\"https:\\\/\\\/www.lojamelhordosul.com.br\\\/site\\\/\",\"logo\":{\"@type\":\"ImageObject\",\"inLanguage\":\"pt-BR\",\"@id\":\"https:\\\/\\\/www.lojamelhordosul.com.br\\\/site\\\/#\\\/schema\\\/logo\\\/image\\\/\",\"url\":\"https:\\\/\\\/www.lojamelhordosul.com.br\\\/site\\\/wp-content\\\/uploads\\\/2019\\\/10\\\/logo-longo-da-loja.png\",\"contentUrl\":\"https:\\\/\\\/www.lojamelhordosul.com.br\\\/site\\\/wp-content\\\/uploads\\\/2019\\\/10\\\/logo-longo-da-loja.png\",\"width\":597,\"height\":114,\"caption\":\"Loja Melhor do Sul\"},\"image\":{\"@id\":\"https:\\\/\\\/www.lojamelhordosul.com.br\\\/site\\\/#\\\/schema\\\/logo\\\/image\\\/\"}}]}<\/script>\n<!-- \/ Yoast SEO plugin. -->","yoast_head_json":{"title":"Controle Remoto Alarme Intelbras Xac 4000 Smart Preto - Loja Melhor do Sul Sistemas de Seguran\u00e7a","robots":{"index":"index","follow":"follow","max-snippet":"max-snippet:-1","max-image-preview":"max-image-preview:large","max-video-preview":"max-video-preview:-1"},"canonical":"https:\/\/www.lojamelhordosul.com.br\/site\/produto\/controle-remoto-alarme-intelbras-xac-4000-smart-preto\/","og_locale":"pt_BR","og_type":"article","og_title":"Controle Remoto Alarme Intelbras Xac 4000 Smart Preto - Loja Melhor do Sul Sistemas de Seguran\u00e7a","og_description":"O controle remoto XAC 4000 Smart Control, possui bateria de l\u00edtio de longa dura\u00e7\u00e3o, 3 bot\u00f5es (canais) independentes, design moderno e antitravamento de teclas. Acompanha cord\u00e3o e clipe. Dispon\u00edvel nas cores azul, preto e rosa.  \u00bb\u00a0Frequ\u00eancia de opera\u00e7\u00e3o 433,92 Mhz com ressonador SAW (n\u00e3o perde a calibra\u00e7\u00e3o) \u00bb\u00a0Modula\u00e7\u00e3o OOK\/FSK \u00bb\u00a0Design diferenciado \u00bb\u00a0Bateria de l\u00edtio de longa dura\u00e7\u00e3o \u00bb\u00a0Antitravamento de teclas \u00bb\u00a0Acompanha cord\u00e3o e clipe","og_url":"https:\/\/www.lojamelhordosul.com.br\/site\/produto\/controle-remoto-alarme-intelbras-xac-4000-smart-preto\/","og_site_name":"Loja Melhor do Sul Sistemas de Seguran\u00e7a","article_modified_time":"2026-03-11T16:27:00+00:00","og_image":[{"width":220,"height":132,"url":"https:\/\/www.lojamelhordosul.com.br\/site\/wp-content\/uploads\/2020\/04\/XAC-4000-Smart-Control.jpg","type":"image\/jpeg"}],"twitter_card":"summary_large_image","twitter_misc":{"Est. tempo de leitura":"1 minuto"},"schema":{"@context":"https:\/\/schema.org","@graph":[{"@type":"WebPage","@id":"https:\/\/www.lojamelhordosul.com.br\/site\/produto\/controle-remoto-alarme-intelbras-xac-4000-smart-preto\/","url":"https:\/\/www.lojamelhordosul.com.br\/site\/produto\/controle-remoto-alarme-intelbras-xac-4000-smart-preto\/","name":"Controle Remoto Alarme Intelbras Xac 4000 Smart Preto - Loja Melhor do Sul Sistemas de Seguran\u00e7a","isPartOf":{"@id":"https:\/\/www.lojamelhordosul.com.br\/site\/#website"},"primaryImageOfPage":{"@id":"https:\/\/www.lojamelhordosul.com.br\/site\/produto\/controle-remoto-alarme-intelbras-xac-4000-smart-preto\/#primaryimage"},"image":{"@id":"https:\/\/www.lojamelhordosul.com.br\/site\/produto\/controle-remoto-alarme-intelbras-xac-4000-smart-preto\/#primaryimage"},"thumbnailUrl":"https:\/\/www.lojamelhordosul.com.br\/site\/wp-content\/uploads\/2020\/04\/XAC-4000-Smart-Control.jpg","datePublished":"2020-04-02T16:46:51+00:00","dateModified":"2026-03-11T16:27:00+00:00","breadcrumb":{"@id":"https:\/\/www.lojamelhordosul.com.br\/site\/produto\/controle-remoto-alarme-intelbras-xac-4000-smart-preto\/#breadcrumb"},"inLanguage":"pt-BR","potentialAction":[{"@type":"ReadAction","target":["https:\/\/www.lojamelhordosul.com.br\/site\/produto\/controle-remoto-alarme-intelbras-xac-4000-smart-preto\/"]}]},{"@type":"ImageObject","inLanguage":"pt-BR","@id":"https:\/\/www.lojamelhordosul.com.br\/site\/produto\/controle-remoto-alarme-intelbras-xac-4000-smart-preto\/#primaryimage","url":"https:\/\/www.lojamelhordosul.com.br\/site\/wp-content\/uploads\/2020\/04\/XAC-4000-Smart-Control.jpg","contentUrl":"https:\/\/www.lojamelhordosul.com.br\/site\/wp-content\/uploads\/2020\/04\/XAC-4000-Smart-Control.jpg","width":220,"height":132},{"@type":"BreadcrumbList","@id":"https:\/\/www.lojamelhordosul.com.br\/site\/produto\/controle-remoto-alarme-intelbras-xac-4000-smart-preto\/#breadcrumb","itemListElement":[{"@type":"ListItem","position":1,"name":"In\u00edcio","item":"https:\/\/www.lojamelhordosul.com.br\/site\/"},{"@type":"ListItem","position":2,"name":"Loja","item":"https:\/\/www.lojamelhordosul.com.br\/site\/loja\/"},{"@type":"ListItem","position":3,"name":"Controle Remoto Alarme Intelbras Xac 4000 Smart Preto"}]},{"@type":"WebSite","@id":"https:\/\/www.lojamelhordosul.com.br\/site\/#website","url":"https:\/\/www.lojamelhordosul.com.br\/site\/","name":"Loja Melhor do Sul Sistemas de Seguran\u00e7a","description":"Loja Melhor do Sul - Revenda Ouro Intelbras em Porto Alegre","publisher":{"@id":"https:\/\/www.lojamelhordosul.com.br\/site\/#organization"},"potentialAction":[{"@type":"SearchAction","target":{"@type":"EntryPoint","urlTemplate":"https:\/\/www.lojamelhordosul.com.br\/site\/?s={search_term_string}"},"query-input":{"@type":"PropertyValueSpecification","valueRequired":true,"valueName":"search_term_string"}}],"inLanguage":"pt-BR"},{"@type":"Organization","@id":"https:\/\/www.lojamelhordosul.com.br\/site\/#organization","name":"Loja Melhor do Sul","url":"https:\/\/www.lojamelhordosul.com.br\/site\/","logo":{"@type":"ImageObject","inLanguage":"pt-BR","@id":"https:\/\/www.lojamelhordosul.com.br\/site\/#\/schema\/logo\/image\/","url":"https:\/\/www.lojamelhordosul.com.br\/site\/wp-content\/uploads\/2019\/10\/logo-longo-da-loja.png","contentUrl":"https:\/\/www.lojamelhordosul.com.br\/site\/wp-content\/uploads\/2019\/10\/logo-longo-da-loja.png","width":597,"height":114,"caption":"Loja Melhor do Sul"},"image":{"@id":"https:\/\/www.lojamelhordosul.com.br\/site\/#\/schema\/logo\/image\/"}}]}},"_links":{"self":[{"href":"https:\/\/www.lojamelhordosul.com.br\/site\/wp-json\/wp\/v2\/product\/7465","targetHints":{"allow":["GET"]}}],"collection":[{"href":"https:\/\/www.lojamelhordosul.com.br\/site\/wp-json\/wp\/v2\/product"}],"about":[{"href":"https:\/\/www.lojamelhordosul.com.br\/site\/wp-json\/wp\/v2\/types\/product"}],"replies":[{"embeddable":true,"href":"https:\/\/www.lojamelhordosul.com.br\/site\/wp-json\/wp\/v2\/comments?post=7465"}],"wp:featuredmedia":[{"embeddable":true,"href":"https:\/\/www.lojamelhordosul.com.br\/site\/wp-json\/wp\/v2\/media\/7469"}],"wp:attachment":[{"href":"https:\/\/www.lojamelhordosul.com.br\/site\/wp-json\/wp\/v2\/media?parent=7465"}],"wp:term":[{"taxonomy":"product_brand","embeddable":true,"href":"https:\/\/www.lojamelhordosul.com.br\/site\/wp-json\/wp\/v2\/product_brand?post=7465"},{"taxonomy":"product_cat","embeddable":true,"href":"https:\/\/www.lojamelhordosul.com.br\/site\/wp-json\/wp\/v2\/product_cat?post=7465"},{"taxonomy":"product_tag","embeddable":true,"href":"https:\/\/www.lojamelhordosul.com.br\/site\/wp-json\/wp\/v2\/product_tag?post=7465"}],"curies":[{"name":"wp","href":"https:\/\/api.w.org\/{rel}","templated":true}]}}