{"id":7741,"date":"2020-05-18T15:29:04","date_gmt":"2020-05-18T18:29:04","guid":{"rendered":"https:\/\/www.lojamelhordosul.com.br\/site\/?post_type=product&#038;p=7741"},"modified":"2026-03-10T18:16:04","modified_gmt":"2026-03-10T21:16:04","slug":"access-point-corporativo-intelbras-ap-310-com-gerenciamento","status":"publish","type":"product","link":"https:\/\/www.lojamelhordosul.com.br\/site\/produto\/access-point-corporativo-intelbras-ap-310-com-gerenciamento\/","title":{"rendered":"Access Point CorporativoAp 310 Intelbras"},"content":{"rendered":"<p><a href=\"https:\/\/www.lojamelhordosul.com.br\/site\/wp-content\/uploads\/2019\/10\/logo_site_2019.png\"><img decoding=\"async\" class=\"alignnone size-medium wp-image-5788\" src=\"https:\/\/www.lojamelhordosul.com.br\/site\/wp-content\/uploads\/2019\/10\/logo_site_2019-300x51.png\" alt=\"\" width=\"300\" height=\"51\" \/><\/a><\/p>\n<p>O AP 310 da Intelbras \u00e9 um Access Point corporativo com gerenciamento centralizado, desenvolvido para pequenas e m\u00e9dias redes corporativas. Com 100 mW de pot\u00eancia, cada AP dispon\u00edvel na rede suporta at\u00e9 100 dispositivos, oferecendo uma cobertura de at\u00e9 200 m\u00b2. Ele se encaixa em qualquer ambiente e pode ser instalado no teto ou na parede. Al\u00e9m disso, permite a configura\u00e7\u00e3o da cor do LED, que tamb\u00e9m pode ser deixado em modo Off.<\/p>\n<p>CONTROLE TODA A REDE WI-FI<br \/>\nCom o software de gerenciamento WiseFi \u00e9 poss\u00edvel controlar todos os Access Points Intelbras de forma f\u00e1cil e segura. Conhe\u00e7a as vantagens de uma rede com WiseFi:<br \/>\n\u00bb Controle centralizado de todos os equipamentos<br \/>\n\u00bb Configura\u00e7\u00e3o em massa para in\u00fameros Access Points<br \/>\n\u00bb Seguran\u00e7a avan\u00e7ada de Wi-Fi: VLAN e Radius<br \/>\n\u00bb Customiza\u00e7\u00e3o do portal de acesso: CPF, voucher, cadastro individual, senha<br \/>\n\u00bb Controle de todos os dispositivos conectados na rede Wi-Fi<\/p>\n<p>MAIOR CAPACIDADE DE USU\u00c1RIOS CONECTADOS<br \/>\nCom capacidade para at\u00e9 100 conex\u00f5es simult\u00e2neas, o AP 310 oferece mais estabilidade para as redes corporativas e garante uma melhor experi\u00eancia de navega\u00e7\u00e3o aos usu\u00e1rios. Al\u00e9m disso, permite criar at\u00e9 8 redes Wi-Fi diferentes para dividir por departamentos, entre clientes ou diversos n\u00edveis de colaboradores.<\/p>\n<p>TECNOLOGIA QUALCOMM<br \/>\nAlt\u00edssima qualidade: mais seguran\u00e7a e estabilidade de hardware com a garantia da fabricante l\u00edder mundial de tecnologia Wi-Fi: a Qualcomm.<\/p>\n<p>ESTABILIDADE E QUALIDADE DO SINAL WI-FI*<br \/>\nCom 100 mW de pot\u00eancia, 300 Mbps de velocidade e 2 antenas internas de 3 dBi, o AP 310 transmite o sinal Wi-Fi em \u00e1reas de at\u00e9 200 m\u00b2. Al\u00e9m disso, possui um filtro adicional inteligente \u2013 Adaptive Noise Immunity \u2013 que, de forma din\u00e2mica, avalia gradativamente uma s\u00e9rie de amostras de sinais para melhorar em at\u00e9 40% sua qualidade.<br \/>\n* A velocidade e o alcance do sinal podem variar de acordo com os obst\u00e1culos e s\u00e3o calculados em condi\u00e7\u00f5es ideais de funcionamento.<\/p>\n<p>EXCLUSIVO DISPOSITIVO DE SEGURAN\u00c7A CONTRA FURTO<br \/>\nProte\u00e7\u00e3o adicional: em caso de tentativa de furto, o equipamento aciona um alerta para o administrador da rede informando a ocorr\u00eancia.<\/p>\n<p>F\u00c1CIL INSTALA\u00c7\u00c3O<br \/>\nO Access Point vem acompanhado de um suporte de fixa\u00e7\u00e3o, que agiliza e facilita o encaixe do produto. Um diferencial que s\u00f3 um produto pensado para o p\u00fablico brasileiro poderia ter.<\/p>\n<p>Conte\u00fado da embalagem<\/p>\n<p>\u00bb 1 Access Point<br \/>\n\u00bb 1 fonte injetora PoE<br \/>\n\u00bb 1 cabo AC<br \/>\n\u00bb 1 kit fixa\u00e7\u00e3o<br \/>\n\u00bb 1 suporte<br \/>\n\u00bb 1 guia do usu\u00e1rio<\/p>\n","protected":false},"excerpt":{"rendered":"<p>O AP 310 da Intelbras \u00e9 um Access Point corporativo com gerenciamento centralizado, desenvolvido para pequenas e m\u00e9dias redes corporativas. Com 100 mW de pot\u00eancia, cada AP dispon\u00edvel na rede suporta at\u00e9 100 dispositivos, oferecendo uma cobertura de at\u00e9 200 m\u00b2. Ele se encaixa em qualquer ambiente e pode ser instalado no teto ou na &hellip; <a href=\"https:\/\/www.lojamelhordosul.com.br\/site\/produto\/access-point-corporativo-intelbras-ap-310-com-gerenciamento\/\" class=\"more-link\">Continuar lendo <span class=\"screen-reader-text\">Access Point CorporativoAp 310 Intelbras<\/span><\/a><\/p>\n","protected":false},"featured_media":12666,"comment_status":"open","ping_status":"closed","template":"","meta":[],"product_brand":[],"product_cat":[2774,2775],"product_tag":[1905,345,1907,1906],"class_list":{"0":"post-7741","1":"product","2":"type-product","3":"status-publish","4":"has-post-thumbnail","6":"product_cat-redes","7":"product_cat-redes-roteadores","8":"product_tag-roteador","9":"product_tag-roteador-intelbras","10":"product_tag-sem-fio-intelbras","11":"product_tag-wifi","13":"first","14":"instock","15":"shipping-taxable","16":"purchasable","17":"product-type-simple"},"yoast_head":"<!-- This site is optimized with the Yoast SEO plugin v27.3 - https:\/\/yoast.com\/product\/yoast-seo-wordpress\/ -->\n<title>Access Point CorporativoAp 310 Intelbras - Loja Melhor do Sul Sistemas de Seguran\u00e7a<\/title>\n<meta name=\"description\" content=\"O AP 310 da Intelbras \u00e9 um Access Point corporativo com gerenciamento centralizado, desenvolvido para pequenas e m\u00e9dias redes corporativas\" \/>\n<meta name=\"robots\" content=\"index, follow, max-snippet:-1, max-image-preview:large, max-video-preview:-1\" \/>\n<link rel=\"canonical\" href=\"https:\/\/www.lojamelhordosul.com.br\/site\/produto\/access-point-corporativo-intelbras-ap-310-com-gerenciamento\/\" \/>\n<meta property=\"og:locale\" content=\"pt_BR\" \/>\n<meta property=\"og:type\" content=\"article\" \/>\n<meta property=\"og:title\" content=\"Access Point CorporativoAp 310 Intelbras - Loja Melhor do Sul Sistemas de Seguran\u00e7a\" \/>\n<meta property=\"og:description\" content=\"O AP 310 da Intelbras \u00e9 um Access Point corporativo com gerenciamento centralizado, desenvolvido para pequenas e m\u00e9dias redes corporativas\" \/>\n<meta property=\"og:url\" content=\"https:\/\/www.lojamelhordosul.com.br\/site\/produto\/access-point-corporativo-intelbras-ap-310-com-gerenciamento\/\" \/>\n<meta property=\"og:site_name\" content=\"Loja Melhor do Sul Sistemas de Seguran\u00e7a\" \/>\n<meta property=\"article:modified_time\" content=\"2026-03-10T21:16:04+00:00\" \/>\n<meta property=\"og:image\" content=\"https:\/\/www.lojamelhordosul.com.br\/site\/wp-content\/uploads\/2020\/05\/ap_310_front_novo.png\" \/>\n\t<meta property=\"og:image:width\" content=\"1200\" \/>\n\t<meta property=\"og:image:height\" content=\"1200\" \/>\n\t<meta property=\"og:image:type\" content=\"image\/png\" \/>\n<meta name=\"twitter:card\" content=\"summary_large_image\" \/>\n<meta name=\"twitter:label1\" content=\"Est. tempo de leitura\" \/>\n\t<meta name=\"twitter:data1\" content=\"2 minutos\" \/>\n<script type=\"application\/ld+json\" class=\"yoast-schema-graph\">{\"@context\":\"https:\\\/\\\/schema.org\",\"@graph\":[{\"@type\":\"WebPage\",\"@id\":\"https:\\\/\\\/www.lojamelhordosul.com.br\\\/site\\\/produto\\\/access-point-corporativo-intelbras-ap-310-com-gerenciamento\\\/\",\"url\":\"https:\\\/\\\/www.lojamelhordosul.com.br\\\/site\\\/produto\\\/access-point-corporativo-intelbras-ap-310-com-gerenciamento\\\/\",\"name\":\"Access Point CorporativoAp 310 Intelbras - Loja Melhor do Sul Sistemas de Seguran\u00e7a\",\"isPartOf\":{\"@id\":\"https:\\\/\\\/www.lojamelhordosul.com.br\\\/site\\\/#website\"},\"primaryImageOfPage\":{\"@id\":\"https:\\\/\\\/www.lojamelhordosul.com.br\\\/site\\\/produto\\\/access-point-corporativo-intelbras-ap-310-com-gerenciamento\\\/#primaryimage\"},\"image\":{\"@id\":\"https:\\\/\\\/www.lojamelhordosul.com.br\\\/site\\\/produto\\\/access-point-corporativo-intelbras-ap-310-com-gerenciamento\\\/#primaryimage\"},\"thumbnailUrl\":\"https:\\\/\\\/www.lojamelhordosul.com.br\\\/site\\\/wp-content\\\/uploads\\\/2020\\\/05\\\/ap_310_front_novo.png\",\"datePublished\":\"2020-05-18T18:29:04+00:00\",\"dateModified\":\"2026-03-10T21:16:04+00:00\",\"description\":\"O AP 310 da Intelbras \u00e9 um Access Point corporativo com gerenciamento centralizado, desenvolvido para pequenas e m\u00e9dias redes corporativas\",\"breadcrumb\":{\"@id\":\"https:\\\/\\\/www.lojamelhordosul.com.br\\\/site\\\/produto\\\/access-point-corporativo-intelbras-ap-310-com-gerenciamento\\\/#breadcrumb\"},\"inLanguage\":\"pt-BR\",\"potentialAction\":[{\"@type\":\"ReadAction\",\"target\":[\"https:\\\/\\\/www.lojamelhordosul.com.br\\\/site\\\/produto\\\/access-point-corporativo-intelbras-ap-310-com-gerenciamento\\\/\"]}]},{\"@type\":\"ImageObject\",\"inLanguage\":\"pt-BR\",\"@id\":\"https:\\\/\\\/www.lojamelhordosul.com.br\\\/site\\\/produto\\\/access-point-corporativo-intelbras-ap-310-com-gerenciamento\\\/#primaryimage\",\"url\":\"https:\\\/\\\/www.lojamelhordosul.com.br\\\/site\\\/wp-content\\\/uploads\\\/2020\\\/05\\\/ap_310_front_novo.png\",\"contentUrl\":\"https:\\\/\\\/www.lojamelhordosul.com.br\\\/site\\\/wp-content\\\/uploads\\\/2020\\\/05\\\/ap_310_front_novo.png\",\"width\":1200,\"height\":1200},{\"@type\":\"BreadcrumbList\",\"@id\":\"https:\\\/\\\/www.lojamelhordosul.com.br\\\/site\\\/produto\\\/access-point-corporativo-intelbras-ap-310-com-gerenciamento\\\/#breadcrumb\",\"itemListElement\":[{\"@type\":\"ListItem\",\"position\":1,\"name\":\"In\u00edcio\",\"item\":\"https:\\\/\\\/www.lojamelhordosul.com.br\\\/site\\\/\"},{\"@type\":\"ListItem\",\"position\":2,\"name\":\"Loja\",\"item\":\"https:\\\/\\\/www.lojamelhordosul.com.br\\\/site\\\/loja\\\/\"},{\"@type\":\"ListItem\",\"position\":3,\"name\":\"Access Point CorporativoAp 310 Intelbras\"}]},{\"@type\":\"WebSite\",\"@id\":\"https:\\\/\\\/www.lojamelhordosul.com.br\\\/site\\\/#website\",\"url\":\"https:\\\/\\\/www.lojamelhordosul.com.br\\\/site\\\/\",\"name\":\"Loja Melhor do Sul Sistemas de Seguran\u00e7a\",\"description\":\"Loja Melhor do Sul - Revenda Ouro Intelbras em Porto Alegre\",\"publisher\":{\"@id\":\"https:\\\/\\\/www.lojamelhordosul.com.br\\\/site\\\/#organization\"},\"potentialAction\":[{\"@type\":\"SearchAction\",\"target\":{\"@type\":\"EntryPoint\",\"urlTemplate\":\"https:\\\/\\\/www.lojamelhordosul.com.br\\\/site\\\/?s={search_term_string}\"},\"query-input\":{\"@type\":\"PropertyValueSpecification\",\"valueRequired\":true,\"valueName\":\"search_term_string\"}}],\"inLanguage\":\"pt-BR\"},{\"@type\":\"Organization\",\"@id\":\"https:\\\/\\\/www.lojamelhordosul.com.br\\\/site\\\/#organization\",\"name\":\"Loja Melhor do Sul\",\"url\":\"https:\\\/\\\/www.lojamelhordosul.com.br\\\/site\\\/\",\"logo\":{\"@type\":\"ImageObject\",\"inLanguage\":\"pt-BR\",\"@id\":\"https:\\\/\\\/www.lojamelhordosul.com.br\\\/site\\\/#\\\/schema\\\/logo\\\/image\\\/\",\"url\":\"https:\\\/\\\/www.lojamelhordosul.com.br\\\/site\\\/wp-content\\\/uploads\\\/2019\\\/10\\\/logo-longo-da-loja.png\",\"contentUrl\":\"https:\\\/\\\/www.lojamelhordosul.com.br\\\/site\\\/wp-content\\\/uploads\\\/2019\\\/10\\\/logo-longo-da-loja.png\",\"width\":597,\"height\":114,\"caption\":\"Loja Melhor do Sul\"},\"image\":{\"@id\":\"https:\\\/\\\/www.lojamelhordosul.com.br\\\/site\\\/#\\\/schema\\\/logo\\\/image\\\/\"}}]}<\/script>\n<!-- \/ Yoast SEO plugin. -->","yoast_head_json":{"title":"Access Point CorporativoAp 310 Intelbras - Loja Melhor do Sul Sistemas de Seguran\u00e7a","description":"O AP 310 da Intelbras \u00e9 um Access Point corporativo com gerenciamento centralizado, desenvolvido para pequenas e m\u00e9dias redes corporativas","robots":{"index":"index","follow":"follow","max-snippet":"max-snippet:-1","max-image-preview":"max-image-preview:large","max-video-preview":"max-video-preview:-1"},"canonical":"https:\/\/www.lojamelhordosul.com.br\/site\/produto\/access-point-corporativo-intelbras-ap-310-com-gerenciamento\/","og_locale":"pt_BR","og_type":"article","og_title":"Access Point CorporativoAp 310 Intelbras - Loja Melhor do Sul Sistemas de Seguran\u00e7a","og_description":"O AP 310 da Intelbras \u00e9 um Access Point corporativo com gerenciamento centralizado, desenvolvido para pequenas e m\u00e9dias redes corporativas","og_url":"https:\/\/www.lojamelhordosul.com.br\/site\/produto\/access-point-corporativo-intelbras-ap-310-com-gerenciamento\/","og_site_name":"Loja Melhor do Sul Sistemas de Seguran\u00e7a","article_modified_time":"2026-03-10T21:16:04+00:00","og_image":[{"width":1200,"height":1200,"url":"https:\/\/www.lojamelhordosul.com.br\/site\/wp-content\/uploads\/2020\/05\/ap_310_front_novo.png","type":"image\/png"}],"twitter_card":"summary_large_image","twitter_misc":{"Est. tempo de leitura":"2 minutos"},"schema":{"@context":"https:\/\/schema.org","@graph":[{"@type":"WebPage","@id":"https:\/\/www.lojamelhordosul.com.br\/site\/produto\/access-point-corporativo-intelbras-ap-310-com-gerenciamento\/","url":"https:\/\/www.lojamelhordosul.com.br\/site\/produto\/access-point-corporativo-intelbras-ap-310-com-gerenciamento\/","name":"Access Point CorporativoAp 310 Intelbras - Loja Melhor do Sul Sistemas de Seguran\u00e7a","isPartOf":{"@id":"https:\/\/www.lojamelhordosul.com.br\/site\/#website"},"primaryImageOfPage":{"@id":"https:\/\/www.lojamelhordosul.com.br\/site\/produto\/access-point-corporativo-intelbras-ap-310-com-gerenciamento\/#primaryimage"},"image":{"@id":"https:\/\/www.lojamelhordosul.com.br\/site\/produto\/access-point-corporativo-intelbras-ap-310-com-gerenciamento\/#primaryimage"},"thumbnailUrl":"https:\/\/www.lojamelhordosul.com.br\/site\/wp-content\/uploads\/2020\/05\/ap_310_front_novo.png","datePublished":"2020-05-18T18:29:04+00:00","dateModified":"2026-03-10T21:16:04+00:00","description":"O AP 310 da Intelbras \u00e9 um Access Point corporativo com gerenciamento centralizado, desenvolvido para pequenas e m\u00e9dias redes corporativas","breadcrumb":{"@id":"https:\/\/www.lojamelhordosul.com.br\/site\/produto\/access-point-corporativo-intelbras-ap-310-com-gerenciamento\/#breadcrumb"},"inLanguage":"pt-BR","potentialAction":[{"@type":"ReadAction","target":["https:\/\/www.lojamelhordosul.com.br\/site\/produto\/access-point-corporativo-intelbras-ap-310-com-gerenciamento\/"]}]},{"@type":"ImageObject","inLanguage":"pt-BR","@id":"https:\/\/www.lojamelhordosul.com.br\/site\/produto\/access-point-corporativo-intelbras-ap-310-com-gerenciamento\/#primaryimage","url":"https:\/\/www.lojamelhordosul.com.br\/site\/wp-content\/uploads\/2020\/05\/ap_310_front_novo.png","contentUrl":"https:\/\/www.lojamelhordosul.com.br\/site\/wp-content\/uploads\/2020\/05\/ap_310_front_novo.png","width":1200,"height":1200},{"@type":"BreadcrumbList","@id":"https:\/\/www.lojamelhordosul.com.br\/site\/produto\/access-point-corporativo-intelbras-ap-310-com-gerenciamento\/#breadcrumb","itemListElement":[{"@type":"ListItem","position":1,"name":"In\u00edcio","item":"https:\/\/www.lojamelhordosul.com.br\/site\/"},{"@type":"ListItem","position":2,"name":"Loja","item":"https:\/\/www.lojamelhordosul.com.br\/site\/loja\/"},{"@type":"ListItem","position":3,"name":"Access Point CorporativoAp 310 Intelbras"}]},{"@type":"WebSite","@id":"https:\/\/www.lojamelhordosul.com.br\/site\/#website","url":"https:\/\/www.lojamelhordosul.com.br\/site\/","name":"Loja Melhor do Sul Sistemas de Seguran\u00e7a","description":"Loja Melhor do Sul - Revenda Ouro Intelbras em Porto Alegre","publisher":{"@id":"https:\/\/www.lojamelhordosul.com.br\/site\/#organization"},"potentialAction":[{"@type":"SearchAction","target":{"@type":"EntryPoint","urlTemplate":"https:\/\/www.lojamelhordosul.com.br\/site\/?s={search_term_string}"},"query-input":{"@type":"PropertyValueSpecification","valueRequired":true,"valueName":"search_term_string"}}],"inLanguage":"pt-BR"},{"@type":"Organization","@id":"https:\/\/www.lojamelhordosul.com.br\/site\/#organization","name":"Loja Melhor do Sul","url":"https:\/\/www.lojamelhordosul.com.br\/site\/","logo":{"@type":"ImageObject","inLanguage":"pt-BR","@id":"https:\/\/www.lojamelhordosul.com.br\/site\/#\/schema\/logo\/image\/","url":"https:\/\/www.lojamelhordosul.com.br\/site\/wp-content\/uploads\/2019\/10\/logo-longo-da-loja.png","contentUrl":"https:\/\/www.lojamelhordosul.com.br\/site\/wp-content\/uploads\/2019\/10\/logo-longo-da-loja.png","width":597,"height":114,"caption":"Loja Melhor do Sul"},"image":{"@id":"https:\/\/www.lojamelhordosul.com.br\/site\/#\/schema\/logo\/image\/"}}]}},"_links":{"self":[{"href":"https:\/\/www.lojamelhordosul.com.br\/site\/wp-json\/wp\/v2\/product\/7741","targetHints":{"allow":["GET"]}}],"collection":[{"href":"https:\/\/www.lojamelhordosul.com.br\/site\/wp-json\/wp\/v2\/product"}],"about":[{"href":"https:\/\/www.lojamelhordosul.com.br\/site\/wp-json\/wp\/v2\/types\/product"}],"replies":[{"embeddable":true,"href":"https:\/\/www.lojamelhordosul.com.br\/site\/wp-json\/wp\/v2\/comments?post=7741"}],"wp:featuredmedia":[{"embeddable":true,"href":"https:\/\/www.lojamelhordosul.com.br\/site\/wp-json\/wp\/v2\/media\/12666"}],"wp:attachment":[{"href":"https:\/\/www.lojamelhordosul.com.br\/site\/wp-json\/wp\/v2\/media?parent=7741"}],"wp:term":[{"taxonomy":"product_brand","embeddable":true,"href":"https:\/\/www.lojamelhordosul.com.br\/site\/wp-json\/wp\/v2\/product_brand?post=7741"},{"taxonomy":"product_cat","embeddable":true,"href":"https:\/\/www.lojamelhordosul.com.br\/site\/wp-json\/wp\/v2\/product_cat?post=7741"},{"taxonomy":"product_tag","embeddable":true,"href":"https:\/\/www.lojamelhordosul.com.br\/site\/wp-json\/wp\/v2\/product_tag?post=7741"}],"curies":[{"name":"wp","href":"https:\/\/api.w.org\/{rel}","templated":true}]}}