{"id":7752,"date":"2020-05-29T15:04:59","date_gmt":"2020-05-29T18:04:59","guid":{"rendered":"https:\/\/www.lojamelhordosul.com.br\/site\/?post_type=product&#038;p=7752"},"modified":"2025-09-02T16:18:24","modified_gmt":"2025-09-02T19:18:24","slug":"fonte-de-alimentacao-ef-1203-intelbras-para-dvr","status":"publish","type":"product","link":"https:\/\/www.lojamelhordosul.com.br\/site\/produto\/fonte-de-alimentacao-ef-1203-intelbras-para-dvr\/","title":{"rendered":"Fonte Chaveada de Alimenta\u00e7\u00e3o para Dvr Intelbras &#8211; EF 1203"},"content":{"rendered":"<div class=\"mt2 mb2 \">\n<div class=\"grid-container \">\n<div class=\"block-mini-banner\" data-ga-name=\"section-mini-banner\">\n<div class=\"grid-x grid-margin-x align-middle\">\n<div class=\"cell medium-6 medium-order-2 large-offset-1\">\n<div class=\"block-mini-banner__media\">\n<figure class=\"text-center object-fit--contain\"><img decoding=\"async\" src=\"https:\/\/backend.intelbras.com\/sites\/default\/files\/styles\/large\/public\/2019-10\/FlyerDigital_EF_1203_01-19_01.jpg\" alt=\"Com tens\u00e3o de sa\u00edda em 12,8 Vdc, a EF 1203 foi desenvolvida especialmente para alimentar equipamentos instalados a maiores dist\u00e2ncias.\" \/><\/figure>\n<\/div>\n<\/div>\n<div class=\"cell medium-auto large-4 large-offset-1 medium-order-1\">\n<div class=\"block-mini-banner__content\">\n<div class=\"mt2 mb2 \">\n<h2 class=\"weight--small-300 weight--large-200 h3\">Prote\u00e7\u00e3o total contra curto-circuito e sobrecarga<\/h2>\n<\/div>\n<div class=\"text text--300\">\n<div class=\"block-template overflow-hidden\">\n<p>Previne danos, protege contra sobretens\u00e3o e possui filtro contra ru\u00eddos e interfer\u00eancias, proporcionando qualidade de imagem.<\/p>\n<p>Ideal para Dvr Intelbras<\/p>\n<\/div>\n<\/div>\n<\/div>\n<\/div>\n<\/div>\n<\/div>\n<\/div>\n<\/div>\n<div class=\"mt2 mb2 \">\n<div class=\"grid-container \">\n<div class=\"block-mini-banner\" data-ga-name=\"section-mini-banner\">\n<div class=\"grid-x grid-margin-x align-middle\">\n<div class=\"cell medium-6\">\n<div class=\"block-mini-banner__media\"><\/div>\n<\/div>\n<div class=\"cell medium-auto large-4 large-offset-1\">\n<div class=\"block-mini-banner__content\">\n<div class=\"mt2 mb2 \">\n<h2 class=\"weight--small-300 weight--large-200 h3\">Mais economia<\/h2>\n<\/div>\n<div class=\"text text--300\">\n<div class=\"block-template overflow-hidden\">\n<p>Por possuir maior rendimento, a EF 1203 alimenta at\u00e9 10 c\u00e2meras HD\u00b9, muito mais que os concorrentes.<\/p>\n<p>\u00b9 Considerando a c\u00e2mera com um consumo de 250 mA<\/p>\n<\/div>\n<\/div>\n<\/div>\n<\/div>\n<\/div>\n<\/div>\n<\/div>\n<\/div>\n<div class=\"mt2 mb2 \">\n<div class=\"grid-container \">\n<div class=\"block-mini-banner\" data-ga-name=\"section-mini-banner\">\n<div class=\"grid-x grid-margin-x align-middle\">\n<div class=\"cell medium-6 medium-order-2 large-offset-1\">\n<div class=\"block-mini-banner__media\">\n<figure class=\"text-center object-fit--contain\"><img decoding=\"async\" src=\"https:\/\/backend.intelbras.com\/sites\/default\/files\/styles\/large\/public\/2019-10\/FlyerDigital_EF_1203_01-19_03.jpg\" alt=\"Garantia de 1 ano mesmo com o P4 cortado\" \/><\/figure>\n<\/div>\n<\/div>\n<div class=\"cell medium-auto large-4 large-offset-1 medium-order-1\">\n<div class=\"block-mini-banner__content\">\n<div class=\"mt2 mb2 \">\n<h2 class=\"weight--small-300 weight--large-200 h3\">Garantia de 1 ano<\/h2>\n<\/div>\n<div class=\"text text--300\">\n<div class=\"block-template overflow-hidden\">\n<p>A Intelbras garante a troca do produto em caso de inefici\u00eancia em at\u00e9 1 ano.<\/p>\n<\/div>\n<\/div>\n<\/div>\n<\/div>\n<\/div>\n<\/div>\n<\/div>\n<\/div>\n<div class=\"mt2 mb2 \">\n<div class=\"grid-container \">\n<div class=\"block-mini-banner\" data-ga-name=\"section-mini-banner\">\n<div class=\"grid-x grid-margin-x align-middle\">\n<div class=\"cell medium-6\">\n<div class=\"block-mini-banner__media\">\n<figure class=\"text-center object-fit--contain\"><img decoding=\"async\" src=\"https:\/\/backend.intelbras.com\/sites\/default\/files\/styles\/large\/public\/2019-10\/FlyerDigital_EF_1203_01-19_04.jpg\" alt=\"Perda de tens\u00e3o n\u00e3o \u00e9 mais problema\" \/><\/figure>\n<\/div>\n<\/div>\n<div class=\"cell medium-auto large-4 large-offset-1\">\n<div class=\"block-mini-banner__content\">\n<div class=\"mt2 mb2 \">\n<h2 class=\"weight--small-300 weight--large-200 h3\">Perda de tens\u00e3o n\u00e3o \u00e9 mais problema<\/h2>\n<\/div>\n<div class=\"text text--300\">\n<div class=\"block-template overflow-hidden\">\n<p>Com tens\u00e3o de sa\u00edda em 12,8 Vdc, a EF 1203 foi desenvolvida especialmente para alimentar equipamentos instalados a maiores dist\u00e2ncias.<\/p>\n<\/div>\n<\/div>\n<\/div>\n<\/div>\n<\/div>\n<\/div>\n<\/div>\n<\/div>\n","protected":false},"excerpt":{"rendered":"<p>Prote\u00e7\u00e3o total contra curto-circuito e sobrecarga Previne danos, protege contra sobretens\u00e3o e possui filtro contra ru\u00eddos e interfer\u00eancias, proporcionando qualidade de imagem. Ideal para Dvr Intelbras Mais economia Por possuir maior rendimento, a EF 1203 alimenta at\u00e9 10 c\u00e2meras HD\u00b9, muito mais que os concorrentes. \u00b9 Considerando a c\u00e2mera com um consumo de 250 mA &hellip; <a href=\"https:\/\/www.lojamelhordosul.com.br\/site\/produto\/fonte-de-alimentacao-ef-1203-intelbras-para-dvr\/\" class=\"more-link\">Continuar lendo <span class=\"screen-reader-text\">Fonte Chaveada de Alimenta\u00e7\u00e3o para Dvr Intelbras &#8211; EF 1203<\/span><\/a><\/p>\n","protected":false},"featured_media":7754,"comment_status":"open","ping_status":"closed","template":"","meta":[],"product_brand":[],"product_cat":[2799,2802],"product_tag":[],"class_list":{"0":"post-7752","1":"product","2":"type-product","3":"status-publish","4":"has-post-thumbnail","6":"product_cat-linha-de-energia","7":"product_cat-energia-fontes","9":"first","10":"instock","11":"shipping-taxable","12":"purchasable","13":"product-type-simple"},"yoast_head":"<!-- This site is optimized with the Yoast SEO plugin v27.3 - https:\/\/yoast.com\/product\/yoast-seo-wordpress\/ -->\n<title>Fonte Chaveada de Alimenta\u00e7\u00e3o para Dvr Intelbras - EF 1203 - Loja Melhor do Sul Sistemas de Seguran\u00e7a<\/title>\n<meta name=\"description\" content=\"Fonte alimenta\u00e7\u00e3o para dvr Intelbras e outras marcas com entrada de alimenta\u00e7\u00e3o P4 e tamb\u00e9m 12v 2A dando estabilidade a seu aparelho.\" \/>\n<meta name=\"robots\" content=\"index, follow, max-snippet:-1, max-image-preview:large, max-video-preview:-1\" \/>\n<link rel=\"canonical\" href=\"https:\/\/www.lojamelhordosul.com.br\/site\/produto\/fonte-de-alimentacao-ef-1203-intelbras-para-dvr\/\" \/>\n<meta property=\"og:locale\" content=\"pt_BR\" \/>\n<meta property=\"og:type\" content=\"article\" \/>\n<meta property=\"og:title\" content=\"Fonte Chaveada de Alimenta\u00e7\u00e3o para Dvr Intelbras - EF 1203 - Loja Melhor do Sul Sistemas de Seguran\u00e7a\" \/>\n<meta property=\"og:description\" content=\"Fonte alimenta\u00e7\u00e3o para dvr Intelbras e outras marcas com entrada de alimenta\u00e7\u00e3o P4 e tamb\u00e9m 12v 2A dando estabilidade a seu aparelho.\" \/>\n<meta property=\"og:url\" content=\"https:\/\/www.lojamelhordosul.com.br\/site\/produto\/fonte-de-alimentacao-ef-1203-intelbras-para-dvr\/\" \/>\n<meta property=\"og:site_name\" content=\"Loja Melhor do Sul Sistemas de Seguran\u00e7a\" \/>\n<meta property=\"article:modified_time\" content=\"2025-09-02T19:18:24+00:00\" \/>\n<meta property=\"og:image\" content=\"https:\/\/www.lojamelhordosul.com.br\/site\/wp-content\/uploads\/2020\/05\/ef-1203.png\" \/>\n\t<meta property=\"og:image:width\" content=\"900\" \/>\n\t<meta property=\"og:image:height\" content=\"900\" \/>\n\t<meta property=\"og:image:type\" content=\"image\/png\" \/>\n<meta name=\"twitter:card\" content=\"summary_large_image\" \/>\n<meta name=\"twitter:label1\" content=\"Est. tempo de leitura\" \/>\n\t<meta name=\"twitter:data1\" content=\"2 minutos\" \/>\n<script type=\"application\/ld+json\" class=\"yoast-schema-graph\">{\"@context\":\"https:\\\/\\\/schema.org\",\"@graph\":[{\"@type\":\"WebPage\",\"@id\":\"https:\\\/\\\/www.lojamelhordosul.com.br\\\/site\\\/produto\\\/fonte-de-alimentacao-ef-1203-intelbras-para-dvr\\\/\",\"url\":\"https:\\\/\\\/www.lojamelhordosul.com.br\\\/site\\\/produto\\\/fonte-de-alimentacao-ef-1203-intelbras-para-dvr\\\/\",\"name\":\"Fonte Chaveada de Alimenta\u00e7\u00e3o para Dvr Intelbras - EF 1203 - Loja Melhor do Sul Sistemas de Seguran\u00e7a\",\"isPartOf\":{\"@id\":\"https:\\\/\\\/www.lojamelhordosul.com.br\\\/site\\\/#website\"},\"primaryImageOfPage\":{\"@id\":\"https:\\\/\\\/www.lojamelhordosul.com.br\\\/site\\\/produto\\\/fonte-de-alimentacao-ef-1203-intelbras-para-dvr\\\/#primaryimage\"},\"image\":{\"@id\":\"https:\\\/\\\/www.lojamelhordosul.com.br\\\/site\\\/produto\\\/fonte-de-alimentacao-ef-1203-intelbras-para-dvr\\\/#primaryimage\"},\"thumbnailUrl\":\"https:\\\/\\\/www.lojamelhordosul.com.br\\\/site\\\/wp-content\\\/uploads\\\/2020\\\/05\\\/ef-1203.png\",\"datePublished\":\"2020-05-29T18:04:59+00:00\",\"dateModified\":\"2025-09-02T19:18:24+00:00\",\"description\":\"Fonte alimenta\u00e7\u00e3o para dvr Intelbras e outras marcas com entrada de alimenta\u00e7\u00e3o P4 e tamb\u00e9m 12v 2A dando estabilidade a seu aparelho.\",\"breadcrumb\":{\"@id\":\"https:\\\/\\\/www.lojamelhordosul.com.br\\\/site\\\/produto\\\/fonte-de-alimentacao-ef-1203-intelbras-para-dvr\\\/#breadcrumb\"},\"inLanguage\":\"pt-BR\",\"potentialAction\":[{\"@type\":\"ReadAction\",\"target\":[\"https:\\\/\\\/www.lojamelhordosul.com.br\\\/site\\\/produto\\\/fonte-de-alimentacao-ef-1203-intelbras-para-dvr\\\/\"]}]},{\"@type\":\"ImageObject\",\"inLanguage\":\"pt-BR\",\"@id\":\"https:\\\/\\\/www.lojamelhordosul.com.br\\\/site\\\/produto\\\/fonte-de-alimentacao-ef-1203-intelbras-para-dvr\\\/#primaryimage\",\"url\":\"https:\\\/\\\/www.lojamelhordosul.com.br\\\/site\\\/wp-content\\\/uploads\\\/2020\\\/05\\\/ef-1203.png\",\"contentUrl\":\"https:\\\/\\\/www.lojamelhordosul.com.br\\\/site\\\/wp-content\\\/uploads\\\/2020\\\/05\\\/ef-1203.png\",\"width\":900,\"height\":900},{\"@type\":\"BreadcrumbList\",\"@id\":\"https:\\\/\\\/www.lojamelhordosul.com.br\\\/site\\\/produto\\\/fonte-de-alimentacao-ef-1203-intelbras-para-dvr\\\/#breadcrumb\",\"itemListElement\":[{\"@type\":\"ListItem\",\"position\":1,\"name\":\"In\u00edcio\",\"item\":\"https:\\\/\\\/www.lojamelhordosul.com.br\\\/site\\\/\"},{\"@type\":\"ListItem\",\"position\":2,\"name\":\"Loja\",\"item\":\"https:\\\/\\\/www.lojamelhordosul.com.br\\\/site\\\/loja\\\/\"},{\"@type\":\"ListItem\",\"position\":3,\"name\":\"Fonte Chaveada de Alimenta\u00e7\u00e3o para Dvr Intelbras &#8211; EF 1203\"}]},{\"@type\":\"WebSite\",\"@id\":\"https:\\\/\\\/www.lojamelhordosul.com.br\\\/site\\\/#website\",\"url\":\"https:\\\/\\\/www.lojamelhordosul.com.br\\\/site\\\/\",\"name\":\"Loja Melhor do Sul Sistemas de Seguran\u00e7a\",\"description\":\"Loja Melhor do Sul - Revenda Ouro Intelbras em Porto Alegre\",\"publisher\":{\"@id\":\"https:\\\/\\\/www.lojamelhordosul.com.br\\\/site\\\/#organization\"},\"potentialAction\":[{\"@type\":\"SearchAction\",\"target\":{\"@type\":\"EntryPoint\",\"urlTemplate\":\"https:\\\/\\\/www.lojamelhordosul.com.br\\\/site\\\/?s={search_term_string}\"},\"query-input\":{\"@type\":\"PropertyValueSpecification\",\"valueRequired\":true,\"valueName\":\"search_term_string\"}}],\"inLanguage\":\"pt-BR\"},{\"@type\":\"Organization\",\"@id\":\"https:\\\/\\\/www.lojamelhordosul.com.br\\\/site\\\/#organization\",\"name\":\"Loja Melhor do Sul\",\"url\":\"https:\\\/\\\/www.lojamelhordosul.com.br\\\/site\\\/\",\"logo\":{\"@type\":\"ImageObject\",\"inLanguage\":\"pt-BR\",\"@id\":\"https:\\\/\\\/www.lojamelhordosul.com.br\\\/site\\\/#\\\/schema\\\/logo\\\/image\\\/\",\"url\":\"https:\\\/\\\/www.lojamelhordosul.com.br\\\/site\\\/wp-content\\\/uploads\\\/2019\\\/10\\\/logo-longo-da-loja.png\",\"contentUrl\":\"https:\\\/\\\/www.lojamelhordosul.com.br\\\/site\\\/wp-content\\\/uploads\\\/2019\\\/10\\\/logo-longo-da-loja.png\",\"width\":597,\"height\":114,\"caption\":\"Loja Melhor do Sul\"},\"image\":{\"@id\":\"https:\\\/\\\/www.lojamelhordosul.com.br\\\/site\\\/#\\\/schema\\\/logo\\\/image\\\/\"}}]}<\/script>\n<!-- \/ Yoast SEO plugin. -->","yoast_head_json":{"title":"Fonte Chaveada de Alimenta\u00e7\u00e3o para Dvr Intelbras - EF 1203 - Loja Melhor do Sul Sistemas de Seguran\u00e7a","description":"Fonte alimenta\u00e7\u00e3o para dvr Intelbras e outras marcas com entrada de alimenta\u00e7\u00e3o P4 e tamb\u00e9m 12v 2A dando estabilidade a seu aparelho.","robots":{"index":"index","follow":"follow","max-snippet":"max-snippet:-1","max-image-preview":"max-image-preview:large","max-video-preview":"max-video-preview:-1"},"canonical":"https:\/\/www.lojamelhordosul.com.br\/site\/produto\/fonte-de-alimentacao-ef-1203-intelbras-para-dvr\/","og_locale":"pt_BR","og_type":"article","og_title":"Fonte Chaveada de Alimenta\u00e7\u00e3o para Dvr Intelbras - EF 1203 - Loja Melhor do Sul Sistemas de Seguran\u00e7a","og_description":"Fonte alimenta\u00e7\u00e3o para dvr Intelbras e outras marcas com entrada de alimenta\u00e7\u00e3o P4 e tamb\u00e9m 12v 2A dando estabilidade a seu aparelho.","og_url":"https:\/\/www.lojamelhordosul.com.br\/site\/produto\/fonte-de-alimentacao-ef-1203-intelbras-para-dvr\/","og_site_name":"Loja Melhor do Sul Sistemas de Seguran\u00e7a","article_modified_time":"2025-09-02T19:18:24+00:00","og_image":[{"width":900,"height":900,"url":"https:\/\/www.lojamelhordosul.com.br\/site\/wp-content\/uploads\/2020\/05\/ef-1203.png","type":"image\/png"}],"twitter_card":"summary_large_image","twitter_misc":{"Est. tempo de leitura":"2 minutos"},"schema":{"@context":"https:\/\/schema.org","@graph":[{"@type":"WebPage","@id":"https:\/\/www.lojamelhordosul.com.br\/site\/produto\/fonte-de-alimentacao-ef-1203-intelbras-para-dvr\/","url":"https:\/\/www.lojamelhordosul.com.br\/site\/produto\/fonte-de-alimentacao-ef-1203-intelbras-para-dvr\/","name":"Fonte Chaveada de Alimenta\u00e7\u00e3o para Dvr Intelbras - EF 1203 - Loja Melhor do Sul Sistemas de Seguran\u00e7a","isPartOf":{"@id":"https:\/\/www.lojamelhordosul.com.br\/site\/#website"},"primaryImageOfPage":{"@id":"https:\/\/www.lojamelhordosul.com.br\/site\/produto\/fonte-de-alimentacao-ef-1203-intelbras-para-dvr\/#primaryimage"},"image":{"@id":"https:\/\/www.lojamelhordosul.com.br\/site\/produto\/fonte-de-alimentacao-ef-1203-intelbras-para-dvr\/#primaryimage"},"thumbnailUrl":"https:\/\/www.lojamelhordosul.com.br\/site\/wp-content\/uploads\/2020\/05\/ef-1203.png","datePublished":"2020-05-29T18:04:59+00:00","dateModified":"2025-09-02T19:18:24+00:00","description":"Fonte alimenta\u00e7\u00e3o para dvr Intelbras e outras marcas com entrada de alimenta\u00e7\u00e3o P4 e tamb\u00e9m 12v 2A dando estabilidade a seu aparelho.","breadcrumb":{"@id":"https:\/\/www.lojamelhordosul.com.br\/site\/produto\/fonte-de-alimentacao-ef-1203-intelbras-para-dvr\/#breadcrumb"},"inLanguage":"pt-BR","potentialAction":[{"@type":"ReadAction","target":["https:\/\/www.lojamelhordosul.com.br\/site\/produto\/fonte-de-alimentacao-ef-1203-intelbras-para-dvr\/"]}]},{"@type":"ImageObject","inLanguage":"pt-BR","@id":"https:\/\/www.lojamelhordosul.com.br\/site\/produto\/fonte-de-alimentacao-ef-1203-intelbras-para-dvr\/#primaryimage","url":"https:\/\/www.lojamelhordosul.com.br\/site\/wp-content\/uploads\/2020\/05\/ef-1203.png","contentUrl":"https:\/\/www.lojamelhordosul.com.br\/site\/wp-content\/uploads\/2020\/05\/ef-1203.png","width":900,"height":900},{"@type":"BreadcrumbList","@id":"https:\/\/www.lojamelhordosul.com.br\/site\/produto\/fonte-de-alimentacao-ef-1203-intelbras-para-dvr\/#breadcrumb","itemListElement":[{"@type":"ListItem","position":1,"name":"In\u00edcio","item":"https:\/\/www.lojamelhordosul.com.br\/site\/"},{"@type":"ListItem","position":2,"name":"Loja","item":"https:\/\/www.lojamelhordosul.com.br\/site\/loja\/"},{"@type":"ListItem","position":3,"name":"Fonte Chaveada de Alimenta\u00e7\u00e3o para Dvr Intelbras &#8211; EF 1203"}]},{"@type":"WebSite","@id":"https:\/\/www.lojamelhordosul.com.br\/site\/#website","url":"https:\/\/www.lojamelhordosul.com.br\/site\/","name":"Loja Melhor do Sul Sistemas de Seguran\u00e7a","description":"Loja Melhor do Sul - Revenda Ouro Intelbras em Porto Alegre","publisher":{"@id":"https:\/\/www.lojamelhordosul.com.br\/site\/#organization"},"potentialAction":[{"@type":"SearchAction","target":{"@type":"EntryPoint","urlTemplate":"https:\/\/www.lojamelhordosul.com.br\/site\/?s={search_term_string}"},"query-input":{"@type":"PropertyValueSpecification","valueRequired":true,"valueName":"search_term_string"}}],"inLanguage":"pt-BR"},{"@type":"Organization","@id":"https:\/\/www.lojamelhordosul.com.br\/site\/#organization","name":"Loja Melhor do Sul","url":"https:\/\/www.lojamelhordosul.com.br\/site\/","logo":{"@type":"ImageObject","inLanguage":"pt-BR","@id":"https:\/\/www.lojamelhordosul.com.br\/site\/#\/schema\/logo\/image\/","url":"https:\/\/www.lojamelhordosul.com.br\/site\/wp-content\/uploads\/2019\/10\/logo-longo-da-loja.png","contentUrl":"https:\/\/www.lojamelhordosul.com.br\/site\/wp-content\/uploads\/2019\/10\/logo-longo-da-loja.png","width":597,"height":114,"caption":"Loja Melhor do Sul"},"image":{"@id":"https:\/\/www.lojamelhordosul.com.br\/site\/#\/schema\/logo\/image\/"}}]}},"_links":{"self":[{"href":"https:\/\/www.lojamelhordosul.com.br\/site\/wp-json\/wp\/v2\/product\/7752","targetHints":{"allow":["GET"]}}],"collection":[{"href":"https:\/\/www.lojamelhordosul.com.br\/site\/wp-json\/wp\/v2\/product"}],"about":[{"href":"https:\/\/www.lojamelhordosul.com.br\/site\/wp-json\/wp\/v2\/types\/product"}],"replies":[{"embeddable":true,"href":"https:\/\/www.lojamelhordosul.com.br\/site\/wp-json\/wp\/v2\/comments?post=7752"}],"wp:featuredmedia":[{"embeddable":true,"href":"https:\/\/www.lojamelhordosul.com.br\/site\/wp-json\/wp\/v2\/media\/7754"}],"wp:attachment":[{"href":"https:\/\/www.lojamelhordosul.com.br\/site\/wp-json\/wp\/v2\/media?parent=7752"}],"wp:term":[{"taxonomy":"product_brand","embeddable":true,"href":"https:\/\/www.lojamelhordosul.com.br\/site\/wp-json\/wp\/v2\/product_brand?post=7752"},{"taxonomy":"product_cat","embeddable":true,"href":"https:\/\/www.lojamelhordosul.com.br\/site\/wp-json\/wp\/v2\/product_cat?post=7752"},{"taxonomy":"product_tag","embeddable":true,"href":"https:\/\/www.lojamelhordosul.com.br\/site\/wp-json\/wp\/v2\/product_tag?post=7752"}],"curies":[{"name":"wp","href":"https:\/\/api.w.org\/{rel}","templated":true}]}}