{"id":7848,"date":"2020-06-26T13:26:12","date_gmt":"2020-06-26T16:26:12","guid":{"rendered":"https:\/\/www.lojamelhordosul.com.br\/site\/?post_type=product&#038;p=7848"},"modified":"2025-07-31T14:20:10","modified_gmt":"2025-07-31T17:20:10","slug":"sirene-c-fio-intelbras-105-db-sir-1000-preto","status":"publish","type":"product","link":"https:\/\/www.lojamelhordosul.com.br\/site\/produto\/sirene-c-fio-intelbras-105-db-sir-1000-preto\/","title":{"rendered":"Sirene C\/ Fio Intelbras 105 Db Sir 1000 Preto"},"content":{"rendered":"<div class=\"mt2 mb2 \">\n<h2 class=\"weight--small-300 weight--large-200 h3\"><a href=\"https:\/\/www.lojamelhordosul.com.br\/site\/wp-content\/uploads\/2019\/10\/logo_site_2019.png\"><img decoding=\"async\" class=\"aligncenter\" src=\"https:\/\/www.lojamelhordosul.com.br\/site\/wp-content\/uploads\/2020\/06\/Logo-Site-2020-300x51.png\" width=\"452\" height=\"77\" \/><\/a><\/h2>\n<h2><\/h2>\n<h2><\/h2>\n<h2><\/h2>\n<h2><\/h2>\n<h2 class=\"weight--small-300 weight--large-200 h3\"><img decoding=\"async\" class=\"alignright\" src=\"https:\/\/backend.intelbras.com\/sites\/default\/files\/styles\/large\/public\/2019-08\/SIR-1000_02.jpg\" alt=\"Seguran\u00e7a em alto e bom som\" \/><\/h2>\n<\/div>\n<div class=\"text text--300\">\n<div class=\"block-template overflow-hidden\">\n<h2><\/h2>\n<h2 class=\"weight--small-300 weight--large-200 h3\" style=\"text-align: left;\">Seguran\u00e7a em alto e bom som<\/h2>\n<p style=\"text-align: left;\">O som produzido intimida qualquer intruso que tentar invadir seu espa\u00e7o.<\/p>\n<\/div>\n<\/div>\n<p>&nbsp;<\/p>\n<p>&nbsp;<\/p>\n<p>&nbsp;<\/p>\n<p>&nbsp;<\/p>\n<p>&nbsp;<\/p>\n<p>&nbsp;<\/p>\n<p>&nbsp;<\/p>\n<div class=\"mt2 mb2 \">\n<h2 class=\"weight--small-300 weight--large-200 h3\" style=\"text-align: right;\"><img decoding=\"async\" class=\"alignleft\" src=\"https:\/\/backend.intelbras.com\/sites\/default\/files\/styles\/large\/public\/2019-08\/SIR-1000_03.jpg\" alt=\"N\u00e3o se destaca na paisagem\" \/><\/h2>\n<h2><\/h2>\n<h2 class=\"weight--small-300 weight--large-200 h3\" style=\"text-align: right;\">N\u00e3o se destaca na paisagem<\/h2>\n<\/div>\n<div class=\"text text--300\" style=\"text-align: right;\">\n<div class=\"block-template overflow-hidden\">\n<p style=\"text-align: right;\">O visual discreto facilita a instala\u00e7\u00e3o e evita<\/p>\n<p style=\"text-align: right;\">chamar a aten\u00e7\u00e3o de v\u00e2ndalos.<\/p>\n<\/div>\n<\/div>\n<p>&nbsp;<\/p>\n<p>&nbsp;<\/p>\n<p>&nbsp;<\/p>\n<p>&nbsp;<\/p>\n<p>&nbsp;<\/p>\n<p>&nbsp;<\/p>\n<div class=\"text text--300\">\n<div class=\"block-template overflow-hidden\">\n<h2 class=\"weight--small-300 weight--large-200 h3\"><img decoding=\"async\" class=\"alignright\" src=\"https:\/\/backend.intelbras.com\/sites\/default\/files\/styles\/large\/public\/2019-08\/SIR-1000_04.jpg\" alt=\"Apar\u00eancia sempre nova\" \/><\/h2>\n<h2><\/h2>\n<h2><\/h2>\n<h2 class=\"weight--small-300 weight--large-200 h3\">Apar\u00eancia sempre nova<\/h2>\n<p>A sirene \u00e9 produzida com prote\u00e7\u00e3o UV, que<\/p>\n<p>previne o envelhecimento do material.<\/p>\n<\/div>\n<\/div>\n<p>&nbsp;<\/p>\n<p>&nbsp;<\/p>\n<p>&nbsp;<\/p>\n<p>&nbsp;<\/p>\n<p>&nbsp;<\/p>\n<p>&nbsp;<\/p>\n<p>&nbsp;<\/p>\n<div class=\"mt2 mb2 \">\n<h2 class=\"weight--small-300 weight--large-200 h3\" style=\"text-align: right;\"><img decoding=\"async\" class=\"alignleft\" src=\"https:\/\/backend.intelbras.com\/sites\/default\/files\/styles\/large\/public\/2019-08\/SIR-1000_05.jpg\" alt=\"F\u00e1cil de instalar\" \/><\/h2>\n<h2><\/h2>\n<h2 class=\"weight--small-300 weight--large-200 h3\" style=\"text-align: right;\">F\u00e1cil de instalar<\/h2>\n<\/div>\n<div class=\"text text--300\">\n<div class=\"block-template overflow-hidden\">\n<p style=\"text-align: right;\">A sirene pode ser instalada rapidamente, pois tem<\/p>\n<p style=\"text-align: right;\">um sistema simples de fixa\u00e7\u00e3o.<\/p>\n<\/div>\n<\/div>\n","protected":false},"excerpt":{"rendered":"<p>Seguran\u00e7a em alto e bom som, conhe\u00e7a a nova linha de sirenes para alarmes de intrus\u00e3o da Intelbras. Super indicada para equipamentos de seguran\u00e7a que necessitam emitir alerta sonoro, como eletrificadores e alarmes de intrus\u00e3o<\/p>\n<p>Caracter\u00edsticas:<br \/>\nTens\u00e3o de funcionamento de 9 a 15 Vdc<br \/>\nTipo de Sirene: Piezoel\u00e9ctrica<br \/>\nCorrente de funcionamento: 0,2 A<br \/>\nPot\u00eancia sonora aproximada: 105 dB @1 m<br \/>\nSom: 1 Tom<br \/>\nMaterial: ABS<br \/>\nCondi\u00e7\u00f5es de opera\u00e7\u00e3o: -10 a 50 @ 90 % umidade.<\/p>\n<p>Melhor rela\u00e7\u00e3o custo \/ benef\u00edcio do mercado.<br \/>\nF\u00e1cil instala\u00e7\u00e3o.<br \/>\nDiscreta no ambiente.<br \/>\nAlta pot\u00eancia.<\/p>\n","protected":false},"featured_media":7851,"comment_status":"open","ping_status":"closed","template":"","meta":[],"product_brand":[],"product_cat":[2745,2736],"product_tag":[1950,1949,1255,711],"class_list":{"0":"post-7848","1":"product","2":"type-product","3":"status-publish","4":"has-post-thumbnail","6":"product_cat-acessorios-alarme","7":"product_cat-linha-de-alarmes","8":"product_tag-105-db-sir-1000","9":"product_tag-alarme","10":"product_tag-intelbras","11":"product_tag-sirene","13":"first","14":"instock","15":"shipping-taxable","16":"purchasable","17":"product-type-simple"},"yoast_head":"<!-- This site is optimized with the Yoast SEO plugin v27.5 - https:\/\/yoast.com\/product\/yoast-seo-wordpress\/ -->\n<title>Sirene C\/ Fio Intelbras 105 Db Sir 1000 Preto - Loja Melhor do Sul Sistemas de Seguran\u00e7a<\/title>\n<meta name=\"robots\" content=\"index, follow, max-snippet:-1, max-image-preview:large, max-video-preview:-1\" \/>\n<link rel=\"canonical\" href=\"https:\/\/www.lojamelhordosul.com.br\/site\/produto\/sirene-c-fio-intelbras-105-db-sir-1000-preto\/\" \/>\n<meta property=\"og:locale\" content=\"pt_BR\" \/>\n<meta property=\"og:type\" content=\"article\" \/>\n<meta property=\"og:title\" content=\"Sirene C\/ Fio Intelbras 105 Db Sir 1000 Preto - Loja Melhor do Sul Sistemas de Seguran\u00e7a\" \/>\n<meta property=\"og:description\" content=\"Seguran\u00e7a em alto e bom som, conhe\u00e7a a nova linha de sirenes para alarmes de intrus\u00e3o da Intelbras. Super indicada para equipamentos de seguran\u00e7a que necessitam emitir alerta sonoro, como eletrificadores e alarmes de intrus\u00e3o  Caracter\u00edsticas: Tens\u00e3o de funcionamento de 9 a 15 Vdc Tipo de Sirene: Piezoel\u00e9ctrica Corrente de funcionamento: 0,2 A Pot\u00eancia sonora aproximada: 105 dB @1 m Som: 1 Tom Material: ABS Condi\u00e7\u00f5es de opera\u00e7\u00e3o: -10 a 50 @ 90 % umidade.  Melhor rela\u00e7\u00e3o custo \/ benef\u00edcio do mercado. F\u00e1cil instala\u00e7\u00e3o. Discreta no ambiente. Alta pot\u00eancia.\" \/>\n<meta property=\"og:url\" content=\"https:\/\/www.lojamelhordosul.com.br\/site\/produto\/sirene-c-fio-intelbras-105-db-sir-1000-preto\/\" \/>\n<meta property=\"og:site_name\" content=\"Loja Melhor do Sul Sistemas de Seguran\u00e7a\" \/>\n<meta property=\"article:modified_time\" content=\"2025-07-31T17:20:10+00:00\" \/>\n<meta property=\"og:image\" content=\"https:\/\/www.lojamelhordosul.com.br\/site\/wp-content\/uploads\/2020\/06\/sir-1000-105.png\" \/>\n\t<meta property=\"og:image:width\" content=\"1200\" \/>\n\t<meta property=\"og:image:height\" content=\"1200\" \/>\n\t<meta property=\"og:image:type\" content=\"image\/png\" \/>\n<meta name=\"twitter:card\" content=\"summary_large_image\" \/>\n<script type=\"application\/ld+json\" class=\"yoast-schema-graph\">{\"@context\":\"https:\\\/\\\/schema.org\",\"@graph\":[{\"@type\":\"WebPage\",\"@id\":\"https:\\\/\\\/www.lojamelhordosul.com.br\\\/site\\\/produto\\\/sirene-c-fio-intelbras-105-db-sir-1000-preto\\\/\",\"url\":\"https:\\\/\\\/www.lojamelhordosul.com.br\\\/site\\\/produto\\\/sirene-c-fio-intelbras-105-db-sir-1000-preto\\\/\",\"name\":\"Sirene C\\\/ Fio Intelbras 105 Db Sir 1000 Preto - Loja Melhor do Sul Sistemas de Seguran\u00e7a\",\"isPartOf\":{\"@id\":\"https:\\\/\\\/www.lojamelhordosul.com.br\\\/site\\\/#website\"},\"primaryImageOfPage\":{\"@id\":\"https:\\\/\\\/www.lojamelhordosul.com.br\\\/site\\\/produto\\\/sirene-c-fio-intelbras-105-db-sir-1000-preto\\\/#primaryimage\"},\"image\":{\"@id\":\"https:\\\/\\\/www.lojamelhordosul.com.br\\\/site\\\/produto\\\/sirene-c-fio-intelbras-105-db-sir-1000-preto\\\/#primaryimage\"},\"thumbnailUrl\":\"https:\\\/\\\/www.lojamelhordosul.com.br\\\/site\\\/wp-content\\\/uploads\\\/2020\\\/06\\\/sir-1000-105.png\",\"datePublished\":\"2020-06-26T16:26:12+00:00\",\"dateModified\":\"2025-07-31T17:20:10+00:00\",\"breadcrumb\":{\"@id\":\"https:\\\/\\\/www.lojamelhordosul.com.br\\\/site\\\/produto\\\/sirene-c-fio-intelbras-105-db-sir-1000-preto\\\/#breadcrumb\"},\"inLanguage\":\"pt-BR\",\"potentialAction\":[{\"@type\":\"ReadAction\",\"target\":[\"https:\\\/\\\/www.lojamelhordosul.com.br\\\/site\\\/produto\\\/sirene-c-fio-intelbras-105-db-sir-1000-preto\\\/\"]}]},{\"@type\":\"ImageObject\",\"inLanguage\":\"pt-BR\",\"@id\":\"https:\\\/\\\/www.lojamelhordosul.com.br\\\/site\\\/produto\\\/sirene-c-fio-intelbras-105-db-sir-1000-preto\\\/#primaryimage\",\"url\":\"https:\\\/\\\/www.lojamelhordosul.com.br\\\/site\\\/wp-content\\\/uploads\\\/2020\\\/06\\\/sir-1000-105.png\",\"contentUrl\":\"https:\\\/\\\/www.lojamelhordosul.com.br\\\/site\\\/wp-content\\\/uploads\\\/2020\\\/06\\\/sir-1000-105.png\",\"width\":\"1200\",\"height\":\"1200\"},{\"@type\":\"BreadcrumbList\",\"@id\":\"https:\\\/\\\/www.lojamelhordosul.com.br\\\/site\\\/produto\\\/sirene-c-fio-intelbras-105-db-sir-1000-preto\\\/#breadcrumb\",\"itemListElement\":[{\"@type\":\"ListItem\",\"position\":1,\"name\":\"In\u00edcio\",\"item\":\"https:\\\/\\\/www.lojamelhordosul.com.br\\\/site\\\/\"},{\"@type\":\"ListItem\",\"position\":2,\"name\":\"Loja\",\"item\":\"https:\\\/\\\/www.lojamelhordosul.com.br\\\/site\\\/loja\\\/\"},{\"@type\":\"ListItem\",\"position\":3,\"name\":\"Sirene C\\\/ Fio Intelbras 105 Db Sir 1000 Preto\"}]},{\"@type\":\"WebSite\",\"@id\":\"https:\\\/\\\/www.lojamelhordosul.com.br\\\/site\\\/#website\",\"url\":\"https:\\\/\\\/www.lojamelhordosul.com.br\\\/site\\\/\",\"name\":\"Loja Melhor do Sul Sistemas de Seguran\u00e7a\",\"description\":\"Loja Melhor do Sul - Revenda Ouro Intelbras em Porto Alegre\",\"publisher\":{\"@id\":\"https:\\\/\\\/www.lojamelhordosul.com.br\\\/site\\\/#organization\"},\"potentialAction\":[{\"@type\":\"SearchAction\",\"target\":{\"@type\":\"EntryPoint\",\"urlTemplate\":\"https:\\\/\\\/www.lojamelhordosul.com.br\\\/site\\\/?s={search_term_string}\"},\"query-input\":{\"@type\":\"PropertyValueSpecification\",\"valueRequired\":true,\"valueName\":\"search_term_string\"}}],\"inLanguage\":\"pt-BR\"},{\"@type\":\"Organization\",\"@id\":\"https:\\\/\\\/www.lojamelhordosul.com.br\\\/site\\\/#organization\",\"name\":\"Loja Melhor do Sul\",\"url\":\"https:\\\/\\\/www.lojamelhordosul.com.br\\\/site\\\/\",\"logo\":{\"@type\":\"ImageObject\",\"inLanguage\":\"pt-BR\",\"@id\":\"https:\\\/\\\/www.lojamelhordosul.com.br\\\/site\\\/#\\\/schema\\\/logo\\\/image\\\/\",\"url\":\"https:\\\/\\\/www.lojamelhordosul.com.br\\\/site\\\/wp-content\\\/uploads\\\/2019\\\/10\\\/logo-longo-da-loja.png\",\"contentUrl\":\"https:\\\/\\\/www.lojamelhordosul.com.br\\\/site\\\/wp-content\\\/uploads\\\/2019\\\/10\\\/logo-longo-da-loja.png\",\"width\":597,\"height\":114,\"caption\":\"Loja Melhor do Sul\"},\"image\":{\"@id\":\"https:\\\/\\\/www.lojamelhordosul.com.br\\\/site\\\/#\\\/schema\\\/logo\\\/image\\\/\"}}]}<\/script>\n<!-- \/ Yoast SEO plugin. -->","yoast_head_json":{"title":"Sirene C\/ Fio Intelbras 105 Db Sir 1000 Preto - Loja Melhor do Sul Sistemas de Seguran\u00e7a","robots":{"index":"index","follow":"follow","max-snippet":"max-snippet:-1","max-image-preview":"max-image-preview:large","max-video-preview":"max-video-preview:-1"},"canonical":"https:\/\/www.lojamelhordosul.com.br\/site\/produto\/sirene-c-fio-intelbras-105-db-sir-1000-preto\/","og_locale":"pt_BR","og_type":"article","og_title":"Sirene C\/ Fio Intelbras 105 Db Sir 1000 Preto - Loja Melhor do Sul Sistemas de Seguran\u00e7a","og_description":"Seguran\u00e7a em alto e bom som, conhe\u00e7a a nova linha de sirenes para alarmes de intrus\u00e3o da Intelbras. Super indicada para equipamentos de seguran\u00e7a que necessitam emitir alerta sonoro, como eletrificadores e alarmes de intrus\u00e3o  Caracter\u00edsticas: Tens\u00e3o de funcionamento de 9 a 15 Vdc Tipo de Sirene: Piezoel\u00e9ctrica Corrente de funcionamento: 0,2 A Pot\u00eancia sonora aproximada: 105 dB @1 m Som: 1 Tom Material: ABS Condi\u00e7\u00f5es de opera\u00e7\u00e3o: -10 a 50 @ 90 % umidade.  Melhor rela\u00e7\u00e3o custo \/ benef\u00edcio do mercado. F\u00e1cil instala\u00e7\u00e3o. Discreta no ambiente. Alta pot\u00eancia.","og_url":"https:\/\/www.lojamelhordosul.com.br\/site\/produto\/sirene-c-fio-intelbras-105-db-sir-1000-preto\/","og_site_name":"Loja Melhor do Sul Sistemas de Seguran\u00e7a","article_modified_time":"2025-07-31T17:20:10+00:00","og_image":[{"width":1200,"height":1200,"url":"https:\/\/www.lojamelhordosul.com.br\/site\/wp-content\/uploads\/2020\/06\/sir-1000-105.png","type":"image\/png"}],"twitter_card":"summary_large_image","schema":{"@context":"https:\/\/schema.org","@graph":[{"@type":"WebPage","@id":"https:\/\/www.lojamelhordosul.com.br\/site\/produto\/sirene-c-fio-intelbras-105-db-sir-1000-preto\/","url":"https:\/\/www.lojamelhordosul.com.br\/site\/produto\/sirene-c-fio-intelbras-105-db-sir-1000-preto\/","name":"Sirene C\/ Fio Intelbras 105 Db Sir 1000 Preto - Loja Melhor do Sul Sistemas de Seguran\u00e7a","isPartOf":{"@id":"https:\/\/www.lojamelhordosul.com.br\/site\/#website"},"primaryImageOfPage":{"@id":"https:\/\/www.lojamelhordosul.com.br\/site\/produto\/sirene-c-fio-intelbras-105-db-sir-1000-preto\/#primaryimage"},"image":{"@id":"https:\/\/www.lojamelhordosul.com.br\/site\/produto\/sirene-c-fio-intelbras-105-db-sir-1000-preto\/#primaryimage"},"thumbnailUrl":"https:\/\/www.lojamelhordosul.com.br\/site\/wp-content\/uploads\/2020\/06\/sir-1000-105.png","datePublished":"2020-06-26T16:26:12+00:00","dateModified":"2025-07-31T17:20:10+00:00","breadcrumb":{"@id":"https:\/\/www.lojamelhordosul.com.br\/site\/produto\/sirene-c-fio-intelbras-105-db-sir-1000-preto\/#breadcrumb"},"inLanguage":"pt-BR","potentialAction":[{"@type":"ReadAction","target":["https:\/\/www.lojamelhordosul.com.br\/site\/produto\/sirene-c-fio-intelbras-105-db-sir-1000-preto\/"]}]},{"@type":"ImageObject","inLanguage":"pt-BR","@id":"https:\/\/www.lojamelhordosul.com.br\/site\/produto\/sirene-c-fio-intelbras-105-db-sir-1000-preto\/#primaryimage","url":"https:\/\/www.lojamelhordosul.com.br\/site\/wp-content\/uploads\/2020\/06\/sir-1000-105.png","contentUrl":"https:\/\/www.lojamelhordosul.com.br\/site\/wp-content\/uploads\/2020\/06\/sir-1000-105.png","width":"1200","height":"1200"},{"@type":"BreadcrumbList","@id":"https:\/\/www.lojamelhordosul.com.br\/site\/produto\/sirene-c-fio-intelbras-105-db-sir-1000-preto\/#breadcrumb","itemListElement":[{"@type":"ListItem","position":1,"name":"In\u00edcio","item":"https:\/\/www.lojamelhordosul.com.br\/site\/"},{"@type":"ListItem","position":2,"name":"Loja","item":"https:\/\/www.lojamelhordosul.com.br\/site\/loja\/"},{"@type":"ListItem","position":3,"name":"Sirene C\/ Fio Intelbras 105 Db Sir 1000 Preto"}]},{"@type":"WebSite","@id":"https:\/\/www.lojamelhordosul.com.br\/site\/#website","url":"https:\/\/www.lojamelhordosul.com.br\/site\/","name":"Loja Melhor do Sul Sistemas de Seguran\u00e7a","description":"Loja Melhor do Sul - Revenda Ouro Intelbras em Porto Alegre","publisher":{"@id":"https:\/\/www.lojamelhordosul.com.br\/site\/#organization"},"potentialAction":[{"@type":"SearchAction","target":{"@type":"EntryPoint","urlTemplate":"https:\/\/www.lojamelhordosul.com.br\/site\/?s={search_term_string}"},"query-input":{"@type":"PropertyValueSpecification","valueRequired":true,"valueName":"search_term_string"}}],"inLanguage":"pt-BR"},{"@type":"Organization","@id":"https:\/\/www.lojamelhordosul.com.br\/site\/#organization","name":"Loja Melhor do Sul","url":"https:\/\/www.lojamelhordosul.com.br\/site\/","logo":{"@type":"ImageObject","inLanguage":"pt-BR","@id":"https:\/\/www.lojamelhordosul.com.br\/site\/#\/schema\/logo\/image\/","url":"https:\/\/www.lojamelhordosul.com.br\/site\/wp-content\/uploads\/2019\/10\/logo-longo-da-loja.png","contentUrl":"https:\/\/www.lojamelhordosul.com.br\/site\/wp-content\/uploads\/2019\/10\/logo-longo-da-loja.png","width":597,"height":114,"caption":"Loja Melhor do Sul"},"image":{"@id":"https:\/\/www.lojamelhordosul.com.br\/site\/#\/schema\/logo\/image\/"}}]}},"_links":{"self":[{"href":"https:\/\/www.lojamelhordosul.com.br\/site\/wp-json\/wp\/v2\/product\/7848","targetHints":{"allow":["GET"]}}],"collection":[{"href":"https:\/\/www.lojamelhordosul.com.br\/site\/wp-json\/wp\/v2\/product"}],"about":[{"href":"https:\/\/www.lojamelhordosul.com.br\/site\/wp-json\/wp\/v2\/types\/product"}],"replies":[{"embeddable":true,"href":"https:\/\/www.lojamelhordosul.com.br\/site\/wp-json\/wp\/v2\/comments?post=7848"}],"wp:featuredmedia":[{"embeddable":true,"href":"https:\/\/www.lojamelhordosul.com.br\/site\/wp-json\/wp\/v2\/media\/7851"}],"wp:attachment":[{"href":"https:\/\/www.lojamelhordosul.com.br\/site\/wp-json\/wp\/v2\/media?parent=7848"}],"wp:term":[{"taxonomy":"product_brand","embeddable":true,"href":"https:\/\/www.lojamelhordosul.com.br\/site\/wp-json\/wp\/v2\/product_brand?post=7848"},{"taxonomy":"product_cat","embeddable":true,"href":"https:\/\/www.lojamelhordosul.com.br\/site\/wp-json\/wp\/v2\/product_cat?post=7848"},{"taxonomy":"product_tag","embeddable":true,"href":"https:\/\/www.lojamelhordosul.com.br\/site\/wp-json\/wp\/v2\/product_tag?post=7848"}],"curies":[{"name":"wp","href":"https:\/\/api.w.org\/{rel}","templated":true}]}}