{"id":7855,"date":"2020-06-26T14:06:46","date_gmt":"2020-06-26T17:06:46","guid":{"rendered":"https:\/\/www.lojamelhordosul.com.br\/site\/?post_type=product&#038;p=7855"},"modified":"2026-03-10T18:11:35","modified_gmt":"2026-03-10T21:11:35","slug":"modulo-inteligente-de-portaria-intelbras-mip-1000","status":"publish","type":"product","link":"https:\/\/www.lojamelhordosul.com.br\/site\/produto\/modulo-inteligente-de-portaria-intelbras-mip-1000\/","title":{"rendered":"M\u00f3dulo Inteligente de Portaria Intelbras MIP 1000 IP"},"content":{"rendered":"<p><a href=\"https:\/\/www.lojamelhordosul.com.br\/site\/wp-content\/uploads\/2019\/10\/logo_site_2019.png\"><img decoding=\"async\" class=\"aligncenter\" src=\"https:\/\/www.lojamelhordosul.com.br\/site\/wp-content\/uploads\/2020\/06\/Logo-Site-2020-300x51.png\" width=\"459\" height=\"78\" \/><\/a><\/p>\n<div>\n<div class=\"z-index-4 internal-fixed-navigation\">\n<div class=\"grid-container \">\n<div class=\"navigation-sticky\">\n<div class=\"grid-x align-middle\">\n<div class=\"cell large-shrink navigation__cell-second\">\n<div class=\"navigation__cell-second-container\"><img decoding=\"async\" class=\"aligncenter\" src=\"https:\/\/backend.intelbras.com\/sites\/default\/files\/styles\/large\/public\/2021-02\/MIP%201000%20IP%20Empresas%20de%20monitoramento%20e%20aplica%C3%A7%C3%B5es%20remotas.jpg\" alt=\"MIP 1000 IP Empresas de monitoramento e aplica\u00e7\u00f5es remotas\" \/><\/div>\n<\/div>\n<\/div>\n<\/div>\n<\/div>\n<\/div>\n<\/div>\n<div>\n<div class=\"grid-container \">\n<div class=\"mt2 mb2 \">\n<div class=\"grid-container \">\n<div class=\"block-mini-banner\" data-ga-name=\"section-mini-banner\">\n<div class=\"grid-x grid-margin-x align-middle\">\n<div class=\"cell medium-auto medium-order-1\">\n<div class=\"block-mini-banner__content\">\n<div class=\"mt2 mb2 \">\n<h2 class=\"weight--small-300 weight--large-200 h3\" style=\"text-align: center;\">Empresas de monitoramento e aplica\u00e7\u00f5es remotas<\/h2>\n<\/div>\n<div class=\"text text--300\" style=\"text-align: center;\">\n<div class=\"block-template overflow-hidden\">\n<p>Com o MIP 1000 IP \u00e9 poss\u00edvel configurar cadastros de usu\u00e1rios e dispositivos de acessos como tags, controles e impress\u00f5es digitais, tudo de forma remota, sem que um funcion\u00e1rio da empresa precise se deslocar at\u00e9 o condom\u00ednio.<\/p>\n<\/div>\n<\/div>\n<\/div>\n<\/div>\n<\/div>\n<\/div>\n<\/div>\n<\/div>\n<div class=\"mt2 mb2 \" style=\"text-align: center;\">\n<div class=\"grid-container \">\n<div class=\"block-mini-banner\" data-ga-name=\"section-mini-banner\">\n<div class=\"grid-x grid-margin-x align-middle\">\n<div class=\"cell medium-6\">\n<div class=\"block-mini-banner__media\">\n<figure class=\"text-center object-fit--contain\"><img decoding=\"async\" src=\"https:\/\/backend.intelbras.com\/sites\/default\/files\/styles\/large\/public\/2021-02\/MIP%201000%20IP%20Cadastros%20personalizados.jpg\" alt=\"MIP 1000 IP Cadastros personalizados\" \/><\/figure>\n<\/div>\n<\/div>\n<div class=\"cell medium-auto\">\n<div class=\"block-mini-banner__content\">\n<div class=\"mt2 mb2 \">\n<h2 class=\"weight--small-300 weight--large-200 h3\">Cadastros personalizados<\/h2>\n<\/div>\n<div class=\"text text--300\">\n<div class=\"block-template overflow-hidden\">\n<p>A libera\u00e7\u00e3o dos acessos para visitantes e prestadores de servi\u00e7os agora pode ser personalizada com datas e hor\u00e1rios espec\u00edficos.<\/p>\n<\/div>\n<\/div>\n<\/div>\n<\/div>\n<\/div>\n<\/div>\n<\/div>\n<\/div>\n<div class=\"mt2 mb2 \">\n<div class=\"grid-container \">\n<div class=\"block-mini-banner\" data-ga-name=\"section-mini-banner\">\n<div class=\"grid-x grid-margin-x align-middle\">\n<div class=\"cell medium-6 medium-order-2 large-offset-1\" style=\"text-align: center;\">\n<div class=\"block-mini-banner__media\">\n<figure class=\"text-center object-fit--contain\"><img decoding=\"async\" src=\"https:\/\/backend.intelbras.com\/sites\/default\/files\/styles\/large\/public\/2021-02\/MIP%201000%20IP%20Mais%20recursos%2C%20a%20mesma%20facilidade.jpg\" alt=\"MIP 1000 IP Mais recursos, a mesma facilidade\" \/><\/figure>\n<\/div>\n<\/div>\n<div class=\"cell medium-auto medium-order-1\">\n<div class=\"block-mini-banner__content\">\n<div class=\"mt2 mb2 \" style=\"text-align: center;\">\n<h2 class=\"weight--small-300 weight--large-200 h3\">Mais recursos, a mesma facilidade<\/h2>\n<\/div>\n<div class=\"text text--300\">\n<div class=\"block-template overflow-hidden\">\n<p style=\"text-align: center;\">O SGA 1000 IP \u00e9 o novo software para gerenciamento da solu\u00e7\u00e3o de controle de acesso condominial mais completa do mercado. Com ele \u00e9 poss\u00edvel abrir portas e port\u00f5es e gerenciar cadastros personalizados para prestadores de servi\u00e7o, tudo no mesmo sistema.<\/p>\n<\/div>\n<\/div>\n<\/div>\n<\/div>\n<\/div>\n<\/div>\n<\/div>\n<\/div>\n<div class=\"mt2 mb2 \">\n<div class=\"grid-container \">\n<div class=\"block-template overflow-hidden\"><\/div>\n<\/div>\n<\/div>\n<\/div>\n<\/div>\n","protected":false},"excerpt":{"rendered":"<p>Foi desenvolvido para proporcionar seguran\u00e7a, praticidade e conforto aos moradores de condom\u00ednio.<\/p>\n<p>\u2022 Registro e gera\u00e7\u00e3o (atrav\u00e9s do SGA 1000) de relat\u00f3rios<br \/>\nde acessos;<br \/>\n\u2022 Gerenciamento de forma individual dos controles<br \/>\nremotos e chaveiros de proximidade;<br \/>\n\u2022 Porta de comunica\u00e7\u00e3o USB (padr\u00e3o A) para teclado<br \/>\nexterno (n\u00e3o incluso)<br \/>\n\u2022 Comunica\u00e7\u00e3o direta com computador atrav\u00e9s da USB<br \/>\n\u2022 Backup das informa\u00e7\u00f5es do sistema no MIP todos os<br \/>\ndias as 03:00 horas;<br \/>\n\u2022 Backup das configura\u00e7\u00f5es do sistema atrav\u00e9s do<br \/>\nsoftware SGA 1000;<br \/>\n\u2022 M\u00f3dulo de portaria com identifica\u00e7\u00e3o do cond\u00f4mino<br \/>\n\u2022 Cadastro com foto de usu\u00e1rio (foto dispon\u00edvel<br \/>\nsomente no software SGA 1000);<br \/>\n\u2022 Armazena at\u00e9 cem mil eventos com data e hora;<br \/>\n\u2022 Permite o cadastro de at\u00e9 4.000 XID 1000 ID, 4.000<br \/>\ncontroles XTR 1000 e 4.000 usu\u00e1rios (com uma senha<br \/>\npor usu\u00e1rio);<br \/>\n\u2022 Software para cadastro e gerenciamento das<br \/>\ninforma\u00e7\u00f5es de acesso (SGA 1000).<\/p>\n","protected":false},"featured_media":7857,"comment_status":"open","ping_status":"closed","template":"","meta":[],"product_brand":[],"product_cat":[2758,2756,2764],"product_tag":[1255,1953,1952,591],"class_list":{"0":"post-7855","1":"product","2":"type-product","3":"status-publish","4":"has-post-thumbnail","6":"product_cat-controladores-de-acessso","7":"product_cat-controle-acesso","8":"product_cat-controle-leitores-biometricos","9":"product_tag-intelbras","10":"product_tag-mip-1000","11":"product_tag-modulo-inteligente-de-portaria","12":"product_tag-porteiro-eletronico","14":"first","15":"instock","16":"shipping-taxable","17":"purchasable","18":"product-type-simple"},"yoast_head":"<!-- This site is optimized with the Yoast SEO plugin v27.3 - https:\/\/yoast.com\/product\/yoast-seo-wordpress\/ -->\n<title>M\u00f3dulo Inteligente de Portaria Intelbras MIP 1000 IP - Loja Melhor do Sul Sistemas de Seguran\u00e7a<\/title>\n<meta name=\"robots\" content=\"index, follow, max-snippet:-1, max-image-preview:large, max-video-preview:-1\" \/>\n<link rel=\"canonical\" href=\"https:\/\/www.lojamelhordosul.com.br\/site\/produto\/modulo-inteligente-de-portaria-intelbras-mip-1000\/\" \/>\n<meta property=\"og:locale\" content=\"pt_BR\" \/>\n<meta property=\"og:type\" content=\"article\" \/>\n<meta property=\"og:title\" content=\"M\u00f3dulo Inteligente de Portaria Intelbras MIP 1000 IP - Loja Melhor do Sul Sistemas de Seguran\u00e7a\" \/>\n<meta property=\"og:description\" content=\"Foi desenvolvido para proporcionar seguran\u00e7a, praticidade e conforto aos moradores de condom\u00ednio.  \u2022 Registro e gera\u00e7\u00e3o (atrav\u00e9s do SGA 1000) de relat\u00f3rios de acessos; \u2022 Gerenciamento de forma individual dos controles remotos e chaveiros de proximidade; \u2022 Porta de comunica\u00e7\u00e3o USB (padr\u00e3o A) para teclado externo (n\u00e3o incluso) \u2022 Comunica\u00e7\u00e3o direta com computador atrav\u00e9s da USB \u2022 Backup das informa\u00e7\u00f5es do sistema no MIP todos os dias as 03:00 horas; \u2022 Backup das configura\u00e7\u00f5es do sistema atrav\u00e9s do software SGA 1000; \u2022 M\u00f3dulo de portaria com identifica\u00e7\u00e3o do cond\u00f4mino \u2022 Cadastro com foto de usu\u00e1rio (foto dispon\u00edvel somente no software SGA 1000); \u2022 Armazena at\u00e9 cem mil eventos com data e hora; \u2022 Permite o cadastro de at\u00e9 4.000 XID 1000 ID, 4.000 controles XTR 1000 e 4.000 usu\u00e1rios (com uma senha por usu\u00e1rio); \u2022 Software para cadastro e gerenciamento das informa\u00e7\u00f5es de acesso (SGA 1000).\" \/>\n<meta property=\"og:url\" content=\"https:\/\/www.lojamelhordosul.com.br\/site\/produto\/modulo-inteligente-de-portaria-intelbras-mip-1000\/\" \/>\n<meta property=\"og:site_name\" content=\"Loja Melhor do Sul Sistemas de Seguran\u00e7a\" \/>\n<meta property=\"article:modified_time\" content=\"2026-03-10T21:11:35+00:00\" \/>\n<meta property=\"og:image\" content=\"https:\/\/www.lojamelhordosul.com.br\/site\/wp-content\/uploads\/2020\/06\/MIP-1000-INT.png\" \/>\n\t<meta property=\"og:image:width\" content=\"700\" \/>\n\t<meta property=\"og:image:height\" content=\"696\" \/>\n\t<meta property=\"og:image:type\" content=\"image\/png\" \/>\n<meta name=\"twitter:card\" content=\"summary_large_image\" \/>\n<meta name=\"twitter:label1\" content=\"Est. tempo de leitura\" \/>\n\t<meta name=\"twitter:data1\" content=\"2 minutos\" \/>\n<script type=\"application\/ld+json\" class=\"yoast-schema-graph\">{\"@context\":\"https:\\\/\\\/schema.org\",\"@graph\":[{\"@type\":\"WebPage\",\"@id\":\"https:\\\/\\\/www.lojamelhordosul.com.br\\\/site\\\/produto\\\/modulo-inteligente-de-portaria-intelbras-mip-1000\\\/\",\"url\":\"https:\\\/\\\/www.lojamelhordosul.com.br\\\/site\\\/produto\\\/modulo-inteligente-de-portaria-intelbras-mip-1000\\\/\",\"name\":\"M\u00f3dulo Inteligente de Portaria Intelbras MIP 1000 IP - Loja Melhor do Sul Sistemas de Seguran\u00e7a\",\"isPartOf\":{\"@id\":\"https:\\\/\\\/www.lojamelhordosul.com.br\\\/site\\\/#website\"},\"primaryImageOfPage\":{\"@id\":\"https:\\\/\\\/www.lojamelhordosul.com.br\\\/site\\\/produto\\\/modulo-inteligente-de-portaria-intelbras-mip-1000\\\/#primaryimage\"},\"image\":{\"@id\":\"https:\\\/\\\/www.lojamelhordosul.com.br\\\/site\\\/produto\\\/modulo-inteligente-de-portaria-intelbras-mip-1000\\\/#primaryimage\"},\"thumbnailUrl\":\"https:\\\/\\\/www.lojamelhordosul.com.br\\\/site\\\/wp-content\\\/uploads\\\/2020\\\/06\\\/MIP-1000-INT.png\",\"datePublished\":\"2020-06-26T17:06:46+00:00\",\"dateModified\":\"2026-03-10T21:11:35+00:00\",\"breadcrumb\":{\"@id\":\"https:\\\/\\\/www.lojamelhordosul.com.br\\\/site\\\/produto\\\/modulo-inteligente-de-portaria-intelbras-mip-1000\\\/#breadcrumb\"},\"inLanguage\":\"pt-BR\",\"potentialAction\":[{\"@type\":\"ReadAction\",\"target\":[\"https:\\\/\\\/www.lojamelhordosul.com.br\\\/site\\\/produto\\\/modulo-inteligente-de-portaria-intelbras-mip-1000\\\/\"]}]},{\"@type\":\"ImageObject\",\"inLanguage\":\"pt-BR\",\"@id\":\"https:\\\/\\\/www.lojamelhordosul.com.br\\\/site\\\/produto\\\/modulo-inteligente-de-portaria-intelbras-mip-1000\\\/#primaryimage\",\"url\":\"https:\\\/\\\/www.lojamelhordosul.com.br\\\/site\\\/wp-content\\\/uploads\\\/2020\\\/06\\\/MIP-1000-INT.png\",\"contentUrl\":\"https:\\\/\\\/www.lojamelhordosul.com.br\\\/site\\\/wp-content\\\/uploads\\\/2020\\\/06\\\/MIP-1000-INT.png\",\"width\":\"700\",\"height\":\"696\"},{\"@type\":\"BreadcrumbList\",\"@id\":\"https:\\\/\\\/www.lojamelhordosul.com.br\\\/site\\\/produto\\\/modulo-inteligente-de-portaria-intelbras-mip-1000\\\/#breadcrumb\",\"itemListElement\":[{\"@type\":\"ListItem\",\"position\":1,\"name\":\"In\u00edcio\",\"item\":\"https:\\\/\\\/www.lojamelhordosul.com.br\\\/site\\\/\"},{\"@type\":\"ListItem\",\"position\":2,\"name\":\"Loja\",\"item\":\"https:\\\/\\\/www.lojamelhordosul.com.br\\\/site\\\/loja\\\/\"},{\"@type\":\"ListItem\",\"position\":3,\"name\":\"M\u00f3dulo Inteligente de Portaria Intelbras MIP 1000 IP\"}]},{\"@type\":\"WebSite\",\"@id\":\"https:\\\/\\\/www.lojamelhordosul.com.br\\\/site\\\/#website\",\"url\":\"https:\\\/\\\/www.lojamelhordosul.com.br\\\/site\\\/\",\"name\":\"Loja Melhor do Sul Sistemas de Seguran\u00e7a\",\"description\":\"Loja Melhor do Sul - Revenda Ouro Intelbras em Porto Alegre\",\"publisher\":{\"@id\":\"https:\\\/\\\/www.lojamelhordosul.com.br\\\/site\\\/#organization\"},\"potentialAction\":[{\"@type\":\"SearchAction\",\"target\":{\"@type\":\"EntryPoint\",\"urlTemplate\":\"https:\\\/\\\/www.lojamelhordosul.com.br\\\/site\\\/?s={search_term_string}\"},\"query-input\":{\"@type\":\"PropertyValueSpecification\",\"valueRequired\":true,\"valueName\":\"search_term_string\"}}],\"inLanguage\":\"pt-BR\"},{\"@type\":\"Organization\",\"@id\":\"https:\\\/\\\/www.lojamelhordosul.com.br\\\/site\\\/#organization\",\"name\":\"Loja Melhor do Sul\",\"url\":\"https:\\\/\\\/www.lojamelhordosul.com.br\\\/site\\\/\",\"logo\":{\"@type\":\"ImageObject\",\"inLanguage\":\"pt-BR\",\"@id\":\"https:\\\/\\\/www.lojamelhordosul.com.br\\\/site\\\/#\\\/schema\\\/logo\\\/image\\\/\",\"url\":\"https:\\\/\\\/www.lojamelhordosul.com.br\\\/site\\\/wp-content\\\/uploads\\\/2019\\\/10\\\/logo-longo-da-loja.png\",\"contentUrl\":\"https:\\\/\\\/www.lojamelhordosul.com.br\\\/site\\\/wp-content\\\/uploads\\\/2019\\\/10\\\/logo-longo-da-loja.png\",\"width\":597,\"height\":114,\"caption\":\"Loja Melhor do Sul\"},\"image\":{\"@id\":\"https:\\\/\\\/www.lojamelhordosul.com.br\\\/site\\\/#\\\/schema\\\/logo\\\/image\\\/\"}}]}<\/script>\n<!-- \/ Yoast SEO plugin. -->","yoast_head_json":{"title":"M\u00f3dulo Inteligente de Portaria Intelbras MIP 1000 IP - Loja Melhor do Sul Sistemas de Seguran\u00e7a","robots":{"index":"index","follow":"follow","max-snippet":"max-snippet:-1","max-image-preview":"max-image-preview:large","max-video-preview":"max-video-preview:-1"},"canonical":"https:\/\/www.lojamelhordosul.com.br\/site\/produto\/modulo-inteligente-de-portaria-intelbras-mip-1000\/","og_locale":"pt_BR","og_type":"article","og_title":"M\u00f3dulo Inteligente de Portaria Intelbras MIP 1000 IP - Loja Melhor do Sul Sistemas de Seguran\u00e7a","og_description":"Foi desenvolvido para proporcionar seguran\u00e7a, praticidade e conforto aos moradores de condom\u00ednio.  \u2022 Registro e gera\u00e7\u00e3o (atrav\u00e9s do SGA 1000) de relat\u00f3rios de acessos; \u2022 Gerenciamento de forma individual dos controles remotos e chaveiros de proximidade; \u2022 Porta de comunica\u00e7\u00e3o USB (padr\u00e3o A) para teclado externo (n\u00e3o incluso) \u2022 Comunica\u00e7\u00e3o direta com computador atrav\u00e9s da USB \u2022 Backup das informa\u00e7\u00f5es do sistema no MIP todos os dias as 03:00 horas; \u2022 Backup das configura\u00e7\u00f5es do sistema atrav\u00e9s do software SGA 1000; \u2022 M\u00f3dulo de portaria com identifica\u00e7\u00e3o do cond\u00f4mino \u2022 Cadastro com foto de usu\u00e1rio (foto dispon\u00edvel somente no software SGA 1000); \u2022 Armazena at\u00e9 cem mil eventos com data e hora; \u2022 Permite o cadastro de at\u00e9 4.000 XID 1000 ID, 4.000 controles XTR 1000 e 4.000 usu\u00e1rios (com uma senha por usu\u00e1rio); \u2022 Software para cadastro e gerenciamento das informa\u00e7\u00f5es de acesso (SGA 1000).","og_url":"https:\/\/www.lojamelhordosul.com.br\/site\/produto\/modulo-inteligente-de-portaria-intelbras-mip-1000\/","og_site_name":"Loja Melhor do Sul Sistemas de Seguran\u00e7a","article_modified_time":"2026-03-10T21:11:35+00:00","og_image":[{"width":700,"height":696,"url":"https:\/\/www.lojamelhordosul.com.br\/site\/wp-content\/uploads\/2020\/06\/MIP-1000-INT.png","type":"image\/png"}],"twitter_card":"summary_large_image","twitter_misc":{"Est. tempo de leitura":"2 minutos"},"schema":{"@context":"https:\/\/schema.org","@graph":[{"@type":"WebPage","@id":"https:\/\/www.lojamelhordosul.com.br\/site\/produto\/modulo-inteligente-de-portaria-intelbras-mip-1000\/","url":"https:\/\/www.lojamelhordosul.com.br\/site\/produto\/modulo-inteligente-de-portaria-intelbras-mip-1000\/","name":"M\u00f3dulo Inteligente de Portaria Intelbras MIP 1000 IP - Loja Melhor do Sul Sistemas de Seguran\u00e7a","isPartOf":{"@id":"https:\/\/www.lojamelhordosul.com.br\/site\/#website"},"primaryImageOfPage":{"@id":"https:\/\/www.lojamelhordosul.com.br\/site\/produto\/modulo-inteligente-de-portaria-intelbras-mip-1000\/#primaryimage"},"image":{"@id":"https:\/\/www.lojamelhordosul.com.br\/site\/produto\/modulo-inteligente-de-portaria-intelbras-mip-1000\/#primaryimage"},"thumbnailUrl":"https:\/\/www.lojamelhordosul.com.br\/site\/wp-content\/uploads\/2020\/06\/MIP-1000-INT.png","datePublished":"2020-06-26T17:06:46+00:00","dateModified":"2026-03-10T21:11:35+00:00","breadcrumb":{"@id":"https:\/\/www.lojamelhordosul.com.br\/site\/produto\/modulo-inteligente-de-portaria-intelbras-mip-1000\/#breadcrumb"},"inLanguage":"pt-BR","potentialAction":[{"@type":"ReadAction","target":["https:\/\/www.lojamelhordosul.com.br\/site\/produto\/modulo-inteligente-de-portaria-intelbras-mip-1000\/"]}]},{"@type":"ImageObject","inLanguage":"pt-BR","@id":"https:\/\/www.lojamelhordosul.com.br\/site\/produto\/modulo-inteligente-de-portaria-intelbras-mip-1000\/#primaryimage","url":"https:\/\/www.lojamelhordosul.com.br\/site\/wp-content\/uploads\/2020\/06\/MIP-1000-INT.png","contentUrl":"https:\/\/www.lojamelhordosul.com.br\/site\/wp-content\/uploads\/2020\/06\/MIP-1000-INT.png","width":"700","height":"696"},{"@type":"BreadcrumbList","@id":"https:\/\/www.lojamelhordosul.com.br\/site\/produto\/modulo-inteligente-de-portaria-intelbras-mip-1000\/#breadcrumb","itemListElement":[{"@type":"ListItem","position":1,"name":"In\u00edcio","item":"https:\/\/www.lojamelhordosul.com.br\/site\/"},{"@type":"ListItem","position":2,"name":"Loja","item":"https:\/\/www.lojamelhordosul.com.br\/site\/loja\/"},{"@type":"ListItem","position":3,"name":"M\u00f3dulo Inteligente de Portaria Intelbras MIP 1000 IP"}]},{"@type":"WebSite","@id":"https:\/\/www.lojamelhordosul.com.br\/site\/#website","url":"https:\/\/www.lojamelhordosul.com.br\/site\/","name":"Loja Melhor do Sul Sistemas de Seguran\u00e7a","description":"Loja Melhor do Sul - Revenda Ouro Intelbras em Porto Alegre","publisher":{"@id":"https:\/\/www.lojamelhordosul.com.br\/site\/#organization"},"potentialAction":[{"@type":"SearchAction","target":{"@type":"EntryPoint","urlTemplate":"https:\/\/www.lojamelhordosul.com.br\/site\/?s={search_term_string}"},"query-input":{"@type":"PropertyValueSpecification","valueRequired":true,"valueName":"search_term_string"}}],"inLanguage":"pt-BR"},{"@type":"Organization","@id":"https:\/\/www.lojamelhordosul.com.br\/site\/#organization","name":"Loja Melhor do Sul","url":"https:\/\/www.lojamelhordosul.com.br\/site\/","logo":{"@type":"ImageObject","inLanguage":"pt-BR","@id":"https:\/\/www.lojamelhordosul.com.br\/site\/#\/schema\/logo\/image\/","url":"https:\/\/www.lojamelhordosul.com.br\/site\/wp-content\/uploads\/2019\/10\/logo-longo-da-loja.png","contentUrl":"https:\/\/www.lojamelhordosul.com.br\/site\/wp-content\/uploads\/2019\/10\/logo-longo-da-loja.png","width":597,"height":114,"caption":"Loja Melhor do Sul"},"image":{"@id":"https:\/\/www.lojamelhordosul.com.br\/site\/#\/schema\/logo\/image\/"}}]}},"_links":{"self":[{"href":"https:\/\/www.lojamelhordosul.com.br\/site\/wp-json\/wp\/v2\/product\/7855","targetHints":{"allow":["GET"]}}],"collection":[{"href":"https:\/\/www.lojamelhordosul.com.br\/site\/wp-json\/wp\/v2\/product"}],"about":[{"href":"https:\/\/www.lojamelhordosul.com.br\/site\/wp-json\/wp\/v2\/types\/product"}],"replies":[{"embeddable":true,"href":"https:\/\/www.lojamelhordosul.com.br\/site\/wp-json\/wp\/v2\/comments?post=7855"}],"wp:featuredmedia":[{"embeddable":true,"href":"https:\/\/www.lojamelhordosul.com.br\/site\/wp-json\/wp\/v2\/media\/7857"}],"wp:attachment":[{"href":"https:\/\/www.lojamelhordosul.com.br\/site\/wp-json\/wp\/v2\/media?parent=7855"}],"wp:term":[{"taxonomy":"product_brand","embeddable":true,"href":"https:\/\/www.lojamelhordosul.com.br\/site\/wp-json\/wp\/v2\/product_brand?post=7855"},{"taxonomy":"product_cat","embeddable":true,"href":"https:\/\/www.lojamelhordosul.com.br\/site\/wp-json\/wp\/v2\/product_cat?post=7855"},{"taxonomy":"product_tag","embeddable":true,"href":"https:\/\/www.lojamelhordosul.com.br\/site\/wp-json\/wp\/v2\/product_tag?post=7855"}],"curies":[{"name":"wp","href":"https:\/\/api.w.org\/{rel}","templated":true}]}}