{"id":7859,"date":"2020-06-26T14:18:58","date_gmt":"2020-06-26T17:18:58","guid":{"rendered":"https:\/\/www.lojamelhordosul.com.br\/site\/?post_type=product&#038;p=7859"},"modified":"2025-09-02T16:17:32","modified_gmt":"2025-09-02T19:17:32","slug":"fonte-chaveada-intelbras-ef-1201-128v-1a","status":"publish","type":"product","link":"https:\/\/www.lojamelhordosul.com.br\/site\/produto\/fonte-chaveada-intelbras-ef-1201-128v-1a\/","title":{"rendered":"Fonte Chaveada Intelbras &#8211; EF 1201"},"content":{"rendered":"<div class=\"mt2 mb2 \">\n<h2 class=\"weight--small-300 weight--large-200 h3\"><a href=\"https:\/\/www.lojamelhordosul.com.br\/site\/wp-content\/uploads\/2019\/10\/logo_site_2019.png\"><img decoding=\"async\" class=\"aligncenter\" src=\"https:\/\/www.lojamelhordosul.com.br\/site\/wp-content\/uploads\/2020\/06\/Logo-Site-2020-300x51.png\" width=\"465\" height=\"79\" \/><\/a><\/h2>\n<h2><\/h2>\n<h2 class=\"weight--small-300 weight--large-200 h3\"><img decoding=\"async\" class=\"alignright\" src=\"https:\/\/backend.intelbras.com\/sites\/default\/files\/styles\/large\/public\/2019-09\/FlyerDigital_EF_1201_01.jpg\" alt=\"Prote\u00e7\u00e3o total contra curto-circuito e sobrecarga\" \/><\/h2>\n<\/div>\n<div class=\"text text--300\">\n<div class=\"block-template overflow-hidden\">\n<h2><\/h2>\n<h2><\/h2>\n<h2 class=\"weight--small-300 weight--large-200 h3\">Prote\u00e7\u00e3o total contra curto-circuito e sobrecarga<\/h2>\n<p>Previne danos, protege contra sobretens\u00e3o e possui filtro contra ru\u00eddos e interfer\u00eancias, proporcionando qualidade de imagem.<\/p>\n<\/div>\n<\/div>\n<p>&nbsp;<\/p>\n<p>&nbsp;<\/p>\n<p>&nbsp;<\/p>\n<p>&nbsp;<\/p>\n<p>&nbsp;<\/p>\n<div class=\"mt2 mb2 \">\n<h2 class=\"weight--small-300 weight--large-200 h3\" style=\"text-align: right;\"><img decoding=\"async\" class=\"alignleft\" src=\"https:\/\/backend.intelbras.com\/sites\/default\/files\/styles\/large\/public\/2019-09\/FlyerDigital_EF_1201_02.jpg\" alt=\"Perda de tens\u00e3o n\u00e3o \u00e9 mais problema\" \/><\/h2>\n<h2><\/h2>\n<h2><\/h2>\n<h2><\/h2>\n<h2><\/h2>\n<h2 class=\"weight--small-300 weight--large-200 h3\" style=\"text-align: right;\">Perda de tens\u00e3o n\u00e3o \u00e9 mais problema<\/h2>\n<\/div>\n<div class=\"text text--300\">\n<div class=\"block-template overflow-hidden\">\n<p style=\"text-align: right;\">Com tens\u00e3o de sa\u00edda em 12,8 Vdc, a EF 1201 foi desenvolvida especialmente para alimentar equipamentos instalados a maiores dist\u00e2ncias.<\/p>\n<\/div>\n<\/div>\n<p>&nbsp;<\/p>\n<p>&nbsp;<\/p>\n<p>&nbsp;<\/p>\n<p>&nbsp;<\/p>\n<p>&nbsp;<\/p>\n<h2 class=\"weight--small-300 weight--large-200 h3\"><img decoding=\"async\" class=\"alignright\" src=\"https:\/\/backend.intelbras.com\/sites\/default\/files\/styles\/large\/public\/2019-03\/FlyerDigital_EF_1201_03.jpg\" alt=\"Fornece energia para at\u00e9 4 c\u00e2meras HD\" \/><\/h2>\n<div class=\"mt2 mb2 \">\n<h2><\/h2>\n<h2><\/h2>\n<h2><\/h2>\n<h2 class=\"weight--small-300 weight--large-200 h3\">Fornece energia para at\u00e9 4 c\u00e2meras HD<\/h2>\n<\/div>\n<div class=\"text text--300\">\n<div class=\"block-template overflow-hidden\">\n<p>A fonte EF 1201 alimenta at\u00e9 4 c\u00e2meras HD com consumo m\u00e1ximo de 250 mA*. A Intelbras assegura a garantia do produto mesmo se o conector P4 estiver cortado.<\/p>\n<p>* Recomendamos a utiliza\u00e7\u00e3o de cabos de qualidade e comprimento de at\u00e9 150 metros para cada c\u00e2mera.<\/p>\n<\/div>\n<\/div>\n<p>&nbsp;<\/p>\n<p>&nbsp;<\/p>\n<p>&nbsp;<\/p>\n<p>&nbsp;<\/p>\n<div class=\"mt2 mb2 \">\n<h2 class=\"weight--small-300 weight--large-200 h3\" style=\"text-align: right;\"><img decoding=\"async\" class=\"alignleft\" src=\"https:\/\/backend.intelbras.com\/sites\/default\/files\/styles\/large\/public\/2019-03\/FlyerDigital_EF_1201_04.jpg\" alt=\"Instala\u00e7\u00e3o e aplica\u00e7\u00f5es\" \/><\/h2>\n<\/div>\n<p>&nbsp;<\/p>\n<div class=\"mt2 mb2 \">\n<h2><\/h2>\n<h2><\/h2>\n<h2><\/h2>\n<h2 class=\"weight--small-300 weight--large-200 h3\" style=\"text-align: right;\">Instala\u00e7\u00e3o e aplica\u00e7\u00f5es<\/h2>\n<\/div>\n<div class=\"text text--300\">\n<div class=\"block-template overflow-hidden\">\n<p style=\"text-align: right;\">Com formato ideal para instala\u00e7\u00e3o em r\u00e9gua de tomada, a EF 1201 alimenta c\u00e2meras CFTV, roteadores, videoporteiros ou fechaduras.<\/p>\n<\/div>\n<\/div>\n","protected":false},"excerpt":{"rendered":"<p>A fonte de alimenta\u00e7\u00e3o EF 1201 \u00e9 ideal para equipamentos que trabalhem em 12 Volts e 1 A, como c\u00e2meras CFTV, roteadores, videoporteiros e fitas LED.<\/p>\n<p>\u2022 Entrada: 100 a 240 Vac autom\u00e1tico \u2013 50\/60 Hz<br \/>\n\u2022 Sa\u00edda: 12,8 Vdc\/1 A, 3 A e 5 A<br \/>\n\u2022 Tens\u00e3o estabilizada<br \/>\n\u2022 Filtro contra ru\u00eddos e interfer\u00eancias na imagem<br \/>\n\u2022 Conex\u00e3o com cabo de alimenta\u00e7\u00e3o da c\u00e2mera atrav\u00e9s<br \/>\nde conector P4*<br \/>\n*A Intelbras assegura a garantia do produto mesmo se o conector P4<br \/>\nestiver cortado<\/p>\n","protected":false},"featured_media":7860,"comment_status":"open","ping_status":"closed","template":"","meta":[],"product_brand":[],"product_cat":[2799,2802],"product_tag":[1955,255,1954,1255],"class_list":{"0":"post-7859","1":"product","2":"type-product","3":"status-publish","4":"has-post-thumbnail","6":"product_cat-linha-de-energia","7":"product_cat-energia-fontes","8":"product_tag-ef-1201","9":"product_tag-fonte-chaveada","10":"product_tag-fonte-de-alimentacao","11":"product_tag-intelbras","13":"first","14":"instock","15":"shipping-taxable","16":"purchasable","17":"product-type-simple"},"yoast_head":"<!-- This site is optimized with the Yoast SEO plugin v27.5 - https:\/\/yoast.com\/product\/yoast-seo-wordpress\/ -->\n<title>Fonte Chaveada Intelbras - EF 1201 - Loja Melhor do Sul Sistemas de Seguran\u00e7a<\/title>\n<meta name=\"robots\" content=\"index, follow, max-snippet:-1, max-image-preview:large, max-video-preview:-1\" \/>\n<link rel=\"canonical\" href=\"https:\/\/www.lojamelhordosul.com.br\/site\/produto\/fonte-chaveada-intelbras-ef-1201-128v-1a\/\" \/>\n<meta property=\"og:locale\" content=\"pt_BR\" \/>\n<meta property=\"og:type\" content=\"article\" \/>\n<meta property=\"og:title\" content=\"Fonte Chaveada Intelbras - EF 1201 - Loja Melhor do Sul Sistemas de Seguran\u00e7a\" \/>\n<meta property=\"og:description\" content=\"A fonte de alimenta\u00e7\u00e3o EF 1201 \u00e9 ideal para equipamentos que trabalhem em 12 Volts e 1 A, como c\u00e2meras CFTV, roteadores, videoporteiros e fitas LED.  \u2022 Entrada: 100 a 240 Vac autom\u00e1tico \u2013 50\/60 Hz \u2022 Sa\u00edda: 12,8 Vdc\/1 A, 3 A e 5 A \u2022 Tens\u00e3o estabilizada \u2022 Filtro contra ru\u00eddos e interfer\u00eancias na imagem \u2022 Conex\u00e3o com cabo de alimenta\u00e7\u00e3o da c\u00e2mera atrav\u00e9s de conector P4* *A Intelbras assegura a garantia do produto mesmo se o conector P4 estiver cortado\" \/>\n<meta property=\"og:url\" content=\"https:\/\/www.lojamelhordosul.com.br\/site\/produto\/fonte-chaveada-intelbras-ef-1201-128v-1a\/\" \/>\n<meta property=\"og:site_name\" content=\"Loja Melhor do Sul Sistemas de Seguran\u00e7a\" \/>\n<meta property=\"article:modified_time\" content=\"2025-09-02T19:17:32+00:00\" \/>\n<meta property=\"og:image\" content=\"https:\/\/www.lojamelhordosul.com.br\/site\/wp-content\/uploads\/2020\/06\/ef-1201.png\" \/>\n\t<meta property=\"og:image:width\" content=\"1000\" \/>\n\t<meta property=\"og:image:height\" content=\"1000\" \/>\n\t<meta property=\"og:image:type\" content=\"image\/png\" \/>\n<meta name=\"twitter:card\" content=\"summary_large_image\" \/>\n<meta name=\"twitter:label1\" content=\"Est. tempo de leitura\" \/>\n\t<meta name=\"twitter:data1\" content=\"2 minutos\" \/>\n<script type=\"application\/ld+json\" class=\"yoast-schema-graph\">{\"@context\":\"https:\\\/\\\/schema.org\",\"@graph\":[{\"@type\":\"WebPage\",\"@id\":\"https:\\\/\\\/www.lojamelhordosul.com.br\\\/site\\\/produto\\\/fonte-chaveada-intelbras-ef-1201-128v-1a\\\/\",\"url\":\"https:\\\/\\\/www.lojamelhordosul.com.br\\\/site\\\/produto\\\/fonte-chaveada-intelbras-ef-1201-128v-1a\\\/\",\"name\":\"Fonte Chaveada Intelbras - EF 1201 - Loja Melhor do Sul Sistemas de Seguran\u00e7a\",\"isPartOf\":{\"@id\":\"https:\\\/\\\/www.lojamelhordosul.com.br\\\/site\\\/#website\"},\"primaryImageOfPage\":{\"@id\":\"https:\\\/\\\/www.lojamelhordosul.com.br\\\/site\\\/produto\\\/fonte-chaveada-intelbras-ef-1201-128v-1a\\\/#primaryimage\"},\"image\":{\"@id\":\"https:\\\/\\\/www.lojamelhordosul.com.br\\\/site\\\/produto\\\/fonte-chaveada-intelbras-ef-1201-128v-1a\\\/#primaryimage\"},\"thumbnailUrl\":\"https:\\\/\\\/www.lojamelhordosul.com.br\\\/site\\\/wp-content\\\/uploads\\\/2020\\\/06\\\/ef-1201.png\",\"datePublished\":\"2020-06-26T17:18:58+00:00\",\"dateModified\":\"2025-09-02T19:17:32+00:00\",\"breadcrumb\":{\"@id\":\"https:\\\/\\\/www.lojamelhordosul.com.br\\\/site\\\/produto\\\/fonte-chaveada-intelbras-ef-1201-128v-1a\\\/#breadcrumb\"},\"inLanguage\":\"pt-BR\",\"potentialAction\":[{\"@type\":\"ReadAction\",\"target\":[\"https:\\\/\\\/www.lojamelhordosul.com.br\\\/site\\\/produto\\\/fonte-chaveada-intelbras-ef-1201-128v-1a\\\/\"]}]},{\"@type\":\"ImageObject\",\"inLanguage\":\"pt-BR\",\"@id\":\"https:\\\/\\\/www.lojamelhordosul.com.br\\\/site\\\/produto\\\/fonte-chaveada-intelbras-ef-1201-128v-1a\\\/#primaryimage\",\"url\":\"https:\\\/\\\/www.lojamelhordosul.com.br\\\/site\\\/wp-content\\\/uploads\\\/2020\\\/06\\\/ef-1201.png\",\"contentUrl\":\"https:\\\/\\\/www.lojamelhordosul.com.br\\\/site\\\/wp-content\\\/uploads\\\/2020\\\/06\\\/ef-1201.png\",\"width\":1000,\"height\":1000},{\"@type\":\"BreadcrumbList\",\"@id\":\"https:\\\/\\\/www.lojamelhordosul.com.br\\\/site\\\/produto\\\/fonte-chaveada-intelbras-ef-1201-128v-1a\\\/#breadcrumb\",\"itemListElement\":[{\"@type\":\"ListItem\",\"position\":1,\"name\":\"In\u00edcio\",\"item\":\"https:\\\/\\\/www.lojamelhordosul.com.br\\\/site\\\/\"},{\"@type\":\"ListItem\",\"position\":2,\"name\":\"Loja\",\"item\":\"https:\\\/\\\/www.lojamelhordosul.com.br\\\/site\\\/loja\\\/\"},{\"@type\":\"ListItem\",\"position\":3,\"name\":\"Fonte Chaveada Intelbras &#8211; EF 1201\"}]},{\"@type\":\"WebSite\",\"@id\":\"https:\\\/\\\/www.lojamelhordosul.com.br\\\/site\\\/#website\",\"url\":\"https:\\\/\\\/www.lojamelhordosul.com.br\\\/site\\\/\",\"name\":\"Loja Melhor do Sul Sistemas de Seguran\u00e7a\",\"description\":\"Loja Melhor do Sul - Revenda Ouro Intelbras em Porto Alegre\",\"publisher\":{\"@id\":\"https:\\\/\\\/www.lojamelhordosul.com.br\\\/site\\\/#organization\"},\"potentialAction\":[{\"@type\":\"SearchAction\",\"target\":{\"@type\":\"EntryPoint\",\"urlTemplate\":\"https:\\\/\\\/www.lojamelhordosul.com.br\\\/site\\\/?s={search_term_string}\"},\"query-input\":{\"@type\":\"PropertyValueSpecification\",\"valueRequired\":true,\"valueName\":\"search_term_string\"}}],\"inLanguage\":\"pt-BR\"},{\"@type\":\"Organization\",\"@id\":\"https:\\\/\\\/www.lojamelhordosul.com.br\\\/site\\\/#organization\",\"name\":\"Loja Melhor do Sul\",\"url\":\"https:\\\/\\\/www.lojamelhordosul.com.br\\\/site\\\/\",\"logo\":{\"@type\":\"ImageObject\",\"inLanguage\":\"pt-BR\",\"@id\":\"https:\\\/\\\/www.lojamelhordosul.com.br\\\/site\\\/#\\\/schema\\\/logo\\\/image\\\/\",\"url\":\"https:\\\/\\\/www.lojamelhordosul.com.br\\\/site\\\/wp-content\\\/uploads\\\/2019\\\/10\\\/logo-longo-da-loja.png\",\"contentUrl\":\"https:\\\/\\\/www.lojamelhordosul.com.br\\\/site\\\/wp-content\\\/uploads\\\/2019\\\/10\\\/logo-longo-da-loja.png\",\"width\":597,\"height\":114,\"caption\":\"Loja Melhor do Sul\"},\"image\":{\"@id\":\"https:\\\/\\\/www.lojamelhordosul.com.br\\\/site\\\/#\\\/schema\\\/logo\\\/image\\\/\"}}]}<\/script>\n<!-- \/ Yoast SEO plugin. -->","yoast_head_json":{"title":"Fonte Chaveada Intelbras - EF 1201 - Loja Melhor do Sul Sistemas de Seguran\u00e7a","robots":{"index":"index","follow":"follow","max-snippet":"max-snippet:-1","max-image-preview":"max-image-preview:large","max-video-preview":"max-video-preview:-1"},"canonical":"https:\/\/www.lojamelhordosul.com.br\/site\/produto\/fonte-chaveada-intelbras-ef-1201-128v-1a\/","og_locale":"pt_BR","og_type":"article","og_title":"Fonte Chaveada Intelbras - EF 1201 - Loja Melhor do Sul Sistemas de Seguran\u00e7a","og_description":"A fonte de alimenta\u00e7\u00e3o EF 1201 \u00e9 ideal para equipamentos que trabalhem em 12 Volts e 1 A, como c\u00e2meras CFTV, roteadores, videoporteiros e fitas LED.  \u2022 Entrada: 100 a 240 Vac autom\u00e1tico \u2013 50\/60 Hz \u2022 Sa\u00edda: 12,8 Vdc\/1 A, 3 A e 5 A \u2022 Tens\u00e3o estabilizada \u2022 Filtro contra ru\u00eddos e interfer\u00eancias na imagem \u2022 Conex\u00e3o com cabo de alimenta\u00e7\u00e3o da c\u00e2mera atrav\u00e9s de conector P4* *A Intelbras assegura a garantia do produto mesmo se o conector P4 estiver cortado","og_url":"https:\/\/www.lojamelhordosul.com.br\/site\/produto\/fonte-chaveada-intelbras-ef-1201-128v-1a\/","og_site_name":"Loja Melhor do Sul Sistemas de Seguran\u00e7a","article_modified_time":"2025-09-02T19:17:32+00:00","og_image":[{"width":1000,"height":1000,"url":"https:\/\/www.lojamelhordosul.com.br\/site\/wp-content\/uploads\/2020\/06\/ef-1201.png","type":"image\/png"}],"twitter_card":"summary_large_image","twitter_misc":{"Est. tempo de leitura":"2 minutos"},"schema":{"@context":"https:\/\/schema.org","@graph":[{"@type":"WebPage","@id":"https:\/\/www.lojamelhordosul.com.br\/site\/produto\/fonte-chaveada-intelbras-ef-1201-128v-1a\/","url":"https:\/\/www.lojamelhordosul.com.br\/site\/produto\/fonte-chaveada-intelbras-ef-1201-128v-1a\/","name":"Fonte Chaveada Intelbras - EF 1201 - Loja Melhor do Sul Sistemas de Seguran\u00e7a","isPartOf":{"@id":"https:\/\/www.lojamelhordosul.com.br\/site\/#website"},"primaryImageOfPage":{"@id":"https:\/\/www.lojamelhordosul.com.br\/site\/produto\/fonte-chaveada-intelbras-ef-1201-128v-1a\/#primaryimage"},"image":{"@id":"https:\/\/www.lojamelhordosul.com.br\/site\/produto\/fonte-chaveada-intelbras-ef-1201-128v-1a\/#primaryimage"},"thumbnailUrl":"https:\/\/www.lojamelhordosul.com.br\/site\/wp-content\/uploads\/2020\/06\/ef-1201.png","datePublished":"2020-06-26T17:18:58+00:00","dateModified":"2025-09-02T19:17:32+00:00","breadcrumb":{"@id":"https:\/\/www.lojamelhordosul.com.br\/site\/produto\/fonte-chaveada-intelbras-ef-1201-128v-1a\/#breadcrumb"},"inLanguage":"pt-BR","potentialAction":[{"@type":"ReadAction","target":["https:\/\/www.lojamelhordosul.com.br\/site\/produto\/fonte-chaveada-intelbras-ef-1201-128v-1a\/"]}]},{"@type":"ImageObject","inLanguage":"pt-BR","@id":"https:\/\/www.lojamelhordosul.com.br\/site\/produto\/fonte-chaveada-intelbras-ef-1201-128v-1a\/#primaryimage","url":"https:\/\/www.lojamelhordosul.com.br\/site\/wp-content\/uploads\/2020\/06\/ef-1201.png","contentUrl":"https:\/\/www.lojamelhordosul.com.br\/site\/wp-content\/uploads\/2020\/06\/ef-1201.png","width":1000,"height":1000},{"@type":"BreadcrumbList","@id":"https:\/\/www.lojamelhordosul.com.br\/site\/produto\/fonte-chaveada-intelbras-ef-1201-128v-1a\/#breadcrumb","itemListElement":[{"@type":"ListItem","position":1,"name":"In\u00edcio","item":"https:\/\/www.lojamelhordosul.com.br\/site\/"},{"@type":"ListItem","position":2,"name":"Loja","item":"https:\/\/www.lojamelhordosul.com.br\/site\/loja\/"},{"@type":"ListItem","position":3,"name":"Fonte Chaveada Intelbras &#8211; EF 1201"}]},{"@type":"WebSite","@id":"https:\/\/www.lojamelhordosul.com.br\/site\/#website","url":"https:\/\/www.lojamelhordosul.com.br\/site\/","name":"Loja Melhor do Sul Sistemas de Seguran\u00e7a","description":"Loja Melhor do Sul - Revenda Ouro Intelbras em Porto Alegre","publisher":{"@id":"https:\/\/www.lojamelhordosul.com.br\/site\/#organization"},"potentialAction":[{"@type":"SearchAction","target":{"@type":"EntryPoint","urlTemplate":"https:\/\/www.lojamelhordosul.com.br\/site\/?s={search_term_string}"},"query-input":{"@type":"PropertyValueSpecification","valueRequired":true,"valueName":"search_term_string"}}],"inLanguage":"pt-BR"},{"@type":"Organization","@id":"https:\/\/www.lojamelhordosul.com.br\/site\/#organization","name":"Loja Melhor do Sul","url":"https:\/\/www.lojamelhordosul.com.br\/site\/","logo":{"@type":"ImageObject","inLanguage":"pt-BR","@id":"https:\/\/www.lojamelhordosul.com.br\/site\/#\/schema\/logo\/image\/","url":"https:\/\/www.lojamelhordosul.com.br\/site\/wp-content\/uploads\/2019\/10\/logo-longo-da-loja.png","contentUrl":"https:\/\/www.lojamelhordosul.com.br\/site\/wp-content\/uploads\/2019\/10\/logo-longo-da-loja.png","width":597,"height":114,"caption":"Loja Melhor do Sul"},"image":{"@id":"https:\/\/www.lojamelhordosul.com.br\/site\/#\/schema\/logo\/image\/"}}]}},"_links":{"self":[{"href":"https:\/\/www.lojamelhordosul.com.br\/site\/wp-json\/wp\/v2\/product\/7859","targetHints":{"allow":["GET"]}}],"collection":[{"href":"https:\/\/www.lojamelhordosul.com.br\/site\/wp-json\/wp\/v2\/product"}],"about":[{"href":"https:\/\/www.lojamelhordosul.com.br\/site\/wp-json\/wp\/v2\/types\/product"}],"replies":[{"embeddable":true,"href":"https:\/\/www.lojamelhordosul.com.br\/site\/wp-json\/wp\/v2\/comments?post=7859"}],"wp:featuredmedia":[{"embeddable":true,"href":"https:\/\/www.lojamelhordosul.com.br\/site\/wp-json\/wp\/v2\/media\/7860"}],"wp:attachment":[{"href":"https:\/\/www.lojamelhordosul.com.br\/site\/wp-json\/wp\/v2\/media?parent=7859"}],"wp:term":[{"taxonomy":"product_brand","embeddable":true,"href":"https:\/\/www.lojamelhordosul.com.br\/site\/wp-json\/wp\/v2\/product_brand?post=7859"},{"taxonomy":"product_cat","embeddable":true,"href":"https:\/\/www.lojamelhordosul.com.br\/site\/wp-json\/wp\/v2\/product_cat?post=7859"},{"taxonomy":"product_tag","embeddable":true,"href":"https:\/\/www.lojamelhordosul.com.br\/site\/wp-json\/wp\/v2\/product_tag?post=7859"}],"curies":[{"name":"wp","href":"https:\/\/api.w.org\/{rel}","templated":true}]}}