{"id":7867,"date":"2020-06-26T15:41:52","date_gmt":"2020-06-26T18:41:52","guid":{"rendered":"https:\/\/www.lojamelhordosul.com.br\/site\/?post_type=product&#038;p=7867"},"modified":"2025-07-31T14:20:13","modified_gmt":"2025-07-31T17:20:13","slug":"caixa-de-passagem-intelbras-para-cameras-de-cftv-vbox-1100","status":"publish","type":"product","link":"https:\/\/www.lojamelhordosul.com.br\/site\/produto\/caixa-de-passagem-intelbras-para-cameras-de-cftv-vbox-1100\/","title":{"rendered":"Caixa de Passagem Intelbras Para C\u00e2meras de CFTV VBOX 1100"},"content":{"rendered":"<p><a href=\"https:\/\/www.lojamelhordosul.com.br\/site\/wp-content\/uploads\/2020\/06\/Logo-Site-2020.png\"><img decoding=\"async\" class=\"wp-image-7890 aligncenter\" src=\"https:\/\/www.lojamelhordosul.com.br\/site\/wp-content\/uploads\/2020\/06\/Logo-Site-2020-300x51.png\" alt=\"\" width=\"471\" height=\"80\" \/><\/a><\/p>\n<div class=\"mt2 mb2 \">\n<h2 class=\"weight--small-300 weight--large-200 h3\"><img decoding=\"async\" class=\"alignright\" src=\"https:\/\/backend.intelbras.com\/sites\/default\/files\/styles\/large\/public\/2019-09\/Flyer-Digital%20-%20VBOX-1100_02.jpg\" alt=\"Garantia de qualidade Intelbras\" \/><\/h2>\n<\/div>\n<div class=\"text text--300\">\n<div class=\"block-template overflow-hidden\">\n<h2><\/h2>\n<h2><\/h2>\n<h2><\/h2>\n<h2 class=\"weight--small-300 weight--large-200 h3\">Garantia de qualidade Intelbras<\/h2>\n<p>A VBOX 1100 profissionaliza o sistema de monitoramento e garante um \u00f3timo acabamento \u00e0s instala\u00e7\u00f5es de c\u00e2meras de CFTV.<\/p>\n<\/div>\n<\/div>\n<p>&nbsp;<\/p>\n<p>&nbsp;<\/p>\n<p>&nbsp;<\/p>\n<p>&nbsp;<\/p>\n<p>&nbsp;<\/p>\n<p>&nbsp;<\/p>\n<p>&nbsp;<\/p>\n<div class=\"mt2 mb2 \">\n<h2 class=\"weight--small-300 weight--large-200 h3\" style=\"text-align: right;\"><img decoding=\"async\" class=\"alignleft\" src=\"https:\/\/backend.intelbras.com\/sites\/default\/files\/styles\/large\/public\/2019-09\/Flyer-Digital%20-%20VBOX-1100_03.jpg\" alt=\"Facilidade na instala\u00e7\u00e3o\" \/><\/h2>\n<h2><\/h2>\n<h2><\/h2>\n<h2><\/h2>\n<h2 class=\"weight--small-300 weight--large-200 h3\" style=\"text-align: right;\">Facilidade na instala\u00e7\u00e3o<\/h2>\n<\/div>\n<div class=\"text text--300\">\n<div class=\"block-template overflow-hidden\">\n<p style=\"text-align: right;\">Possui um gancho de sustenta\u00e7\u00e3o da tampa, permitindo sustent\u00e1-la enquanto estiver realizando a instala\u00e7\u00e3o da c\u00e2mera. Confira ao lado na imagem.<\/p>\n<\/div>\n<\/div>\n<p>&nbsp;<\/p>\n<p>&nbsp;<\/p>\n<p>&nbsp;<\/p>\n<p>&nbsp;<\/p>\n<p>&nbsp;<\/p>\n<p>&nbsp;<\/p>\n<p>&nbsp;<\/p>\n<p>&nbsp;<\/p>\n<div class=\"mt2 mb2 \">\n<h2 class=\"weight--small-300 weight--large-200 h3\"><img decoding=\"async\" class=\"alignright\" style=\"font-size: 16px;\" src=\"https:\/\/backend.intelbras.com\/sites\/default\/files\/styles\/large\/public\/2019-09\/Flyer-Digital%20-%20VBOX-1100_04.jpg\" alt=\"Aplica\u00e7\u00e3o perfeita com uma c\u00e2mera\" \/><\/h2>\n<\/div>\n<div class=\"text text--300\">\n<div class=\"block-template overflow-hidden\">\n<h2><\/h2>\n<h2><\/h2>\n<h2><\/h2>\n<h2 class=\"weight--small-300 weight--large-200 h3\">Aplica\u00e7\u00e3o perfeita com uma c\u00e2mera<\/h2>\n<p>Feita de pl\u00e1stico resistente, voc\u00ea pode instalar uma c\u00e2mera na caixa de passagem da maneira que voc\u00ea desejar, seja ao redor ou em cima dela.<\/p>\n<\/div>\n<\/div>\n<p>&nbsp;<\/p>\n<p>&nbsp;<\/p>\n<p>&nbsp;<\/p>\n<p>&nbsp;<\/p>\n<p>&nbsp;<\/p>\n<p>&nbsp;<\/p>\n<p>&nbsp;<\/p>\n<div class=\"mt2 mb2 \">\n<h2 class=\"weight--small-300 weight--large-200 h3\" style=\"text-align: right;\"><img decoding=\"async\" class=\"alignleft\" src=\"https:\/\/backend.intelbras.com\/sites\/default\/files\/styles\/large\/public\/2019-09\/Flyer-Digital%20-%20VBOX-1100_05.jpg\" alt=\"O fechamento \u00e9 voc\u00ea que escolhe\" \/><\/h2>\n<h2><\/h2>\n<h2 class=\"weight--small-300 weight--large-200 h3\" style=\"text-align: right;\">O fechamento \u00e9 voc\u00ea que escolhe<\/h2>\n<\/div>\n<div class=\"text text--300\">\n<div class=\"block-template overflow-hidden\">\n<p style=\"text-align: right;\">\u00c9 poss\u00edvel realizar o fechamento atrav\u00e9s da tampa com um &#8220;click&#8221; robusto e\/ou ent\u00e3o fech\u00e1-la com dois parafusos. Instale conforme a sua necessidade.<\/p>\n<\/div>\n<\/div>\n<p>&nbsp;<\/p>\n<p>&nbsp;<\/p>\n<p>&nbsp;<\/p>\n<p>&nbsp;<\/p>\n<p>&nbsp;<\/p>\n<p>&nbsp;<\/p>\n<p>&nbsp;<\/p>\n<p>&nbsp;<\/p>\n<div class=\"mt2 mb2 \">\n<h2 class=\"weight--small-300 weight--large-200 h3\" style=\"text-align: left;\"><img decoding=\"async\" class=\"alignright\" src=\"https:\/\/backend.intelbras.com\/sites\/default\/files\/styles\/large\/public\/2019-09\/Flyer-Digital%20-%20VBOX-1100_06.jpg\" alt=\"Facilidade na passagem dos fios\" \/><\/h2>\n<\/div>\n<div class=\"text text--300\">\n<div class=\"block-template overflow-hidden\">\n<h2><\/h2>\n<\/div>\n<\/div>\n<h2><\/h2>\n<div class=\"text text--300\">\n<div class=\"block-template overflow-hidden\">\n<h2><\/h2>\n<h2><\/h2>\n<h2 class=\"weight--small-300 weight--large-200 h3\" style=\"text-align: left;\">Facilidade na passagem dos fios<\/h2>\n<p style=\"text-align: left;\">\u00c9 poss\u00edvel realizar a passagem dos fios atrav\u00e9s de uma refer\u00eancia nas quatro laterais do produto ou pela parte traseira. Confira as imagens ao lado.<\/p>\n<\/div>\n<\/div>\n","protected":false},"excerpt":{"rendered":"<p>As caixas de passagem para c\u00e2meras de CFTV foram desenvolvidas para dar melhor acabamento \u00e0s instala\u00e7\u00f5es.<\/p>\n<p>Caracter\u00edsticas:<br \/>\nVBOX 1100,<br \/>\nCAIXA DE PASSAGEM PARA C\u00c2MERAS DE CFTV,<br \/>\nCASE PL\u00c1STICO,<br \/>\nCOMPAT\u00cdVEIS COM PRODUTOS DOME E BULLET,<br \/>\nINSTALA\u00c7\u00c3O INTERNA.<\/p>\n<p>Dimens\u00f5es (L x A x P) (A x \u00f8) 102 x 101 x 53 mm<\/p>\n","protected":false},"featured_media":7874,"comment_status":"open","ping_status":"closed","template":"","meta":[],"product_brand":[],"product_cat":[2719,2723],"product_tag":[1958,1956,1957,1255,1959],"class_list":{"0":"post-7867","1":"product","2":"type-product","3":"status-publish","4":"has-post-thumbnail","6":"product_cat-acessorios-cftv","7":"product_cat-acessorios-suportes","8":"product_tag-acessorios-de-cftv","9":"product_tag-caixa-de-passagem","10":"product_tag-cftv","11":"product_tag-intelbras","12":"product_tag-vbox-1100","14":"first","15":"instock","16":"shipping-taxable","17":"purchasable","18":"product-type-simple"},"yoast_head":"<!-- This site is optimized with the Yoast SEO plugin v27.5 - https:\/\/yoast.com\/product\/yoast-seo-wordpress\/ -->\n<title>Caixa de Passagem Intelbras Para C\u00e2meras de CFTV VBOX 1100 - Loja Melhor do Sul Sistemas de Seguran\u00e7a<\/title>\n<meta name=\"robots\" content=\"index, follow, max-snippet:-1, max-image-preview:large, max-video-preview:-1\" \/>\n<link rel=\"canonical\" href=\"https:\/\/www.lojamelhordosul.com.br\/site\/produto\/caixa-de-passagem-intelbras-para-cameras-de-cftv-vbox-1100\/\" \/>\n<meta property=\"og:locale\" content=\"pt_BR\" \/>\n<meta property=\"og:type\" content=\"article\" \/>\n<meta property=\"og:title\" content=\"Caixa de Passagem Intelbras Para C\u00e2meras de CFTV VBOX 1100 - Loja Melhor do Sul Sistemas de Seguran\u00e7a\" \/>\n<meta property=\"og:description\" content=\"As caixas de passagem para c\u00e2meras de CFTV foram desenvolvidas para dar melhor acabamento \u00e0s instala\u00e7\u00f5es.  Caracter\u00edsticas: VBOX 1100, CAIXA DE PASSAGEM PARA C\u00c2MERAS DE CFTV, CASE PL\u00c1STICO, COMPAT\u00cdVEIS COM PRODUTOS DOME E BULLET, INSTALA\u00c7\u00c3O INTERNA.  Dimens\u00f5es (L x A x P) (A x \u00f8) 102 x 101 x 53 mm\" \/>\n<meta property=\"og:url\" content=\"https:\/\/www.lojamelhordosul.com.br\/site\/produto\/caixa-de-passagem-intelbras-para-cameras-de-cftv-vbox-1100\/\" \/>\n<meta property=\"og:site_name\" content=\"Loja Melhor do Sul Sistemas de Seguran\u00e7a\" \/>\n<meta property=\"article:modified_time\" content=\"2025-07-31T17:20:13+00:00\" \/>\n<meta property=\"og:image\" content=\"https:\/\/www.lojamelhordosul.com.br\/site\/wp-content\/uploads\/2020\/06\/VBOX-1100-INTELBRAS.png\" \/>\n\t<meta property=\"og:image:width\" content=\"2000\" \/>\n\t<meta property=\"og:image:height\" content=\"1250\" \/>\n\t<meta property=\"og:image:type\" content=\"image\/png\" \/>\n<meta name=\"twitter:card\" content=\"summary_large_image\" \/>\n<meta name=\"twitter:label1\" content=\"Est. tempo de leitura\" \/>\n\t<meta name=\"twitter:data1\" content=\"2 minutos\" \/>\n<script type=\"application\/ld+json\" class=\"yoast-schema-graph\">{\"@context\":\"https:\\\/\\\/schema.org\",\"@graph\":[{\"@type\":\"WebPage\",\"@id\":\"https:\\\/\\\/www.lojamelhordosul.com.br\\\/site\\\/produto\\\/caixa-de-passagem-intelbras-para-cameras-de-cftv-vbox-1100\\\/\",\"url\":\"https:\\\/\\\/www.lojamelhordosul.com.br\\\/site\\\/produto\\\/caixa-de-passagem-intelbras-para-cameras-de-cftv-vbox-1100\\\/\",\"name\":\"Caixa de Passagem Intelbras Para C\u00e2meras de CFTV VBOX 1100 - Loja Melhor do Sul Sistemas de Seguran\u00e7a\",\"isPartOf\":{\"@id\":\"https:\\\/\\\/www.lojamelhordosul.com.br\\\/site\\\/#website\"},\"primaryImageOfPage\":{\"@id\":\"https:\\\/\\\/www.lojamelhordosul.com.br\\\/site\\\/produto\\\/caixa-de-passagem-intelbras-para-cameras-de-cftv-vbox-1100\\\/#primaryimage\"},\"image\":{\"@id\":\"https:\\\/\\\/www.lojamelhordosul.com.br\\\/site\\\/produto\\\/caixa-de-passagem-intelbras-para-cameras-de-cftv-vbox-1100\\\/#primaryimage\"},\"thumbnailUrl\":\"https:\\\/\\\/www.lojamelhordosul.com.br\\\/site\\\/wp-content\\\/uploads\\\/2020\\\/06\\\/VBOX-1100-INTELBRAS.png\",\"datePublished\":\"2020-06-26T18:41:52+00:00\",\"dateModified\":\"2025-07-31T17:20:13+00:00\",\"breadcrumb\":{\"@id\":\"https:\\\/\\\/www.lojamelhordosul.com.br\\\/site\\\/produto\\\/caixa-de-passagem-intelbras-para-cameras-de-cftv-vbox-1100\\\/#breadcrumb\"},\"inLanguage\":\"pt-BR\",\"potentialAction\":[{\"@type\":\"ReadAction\",\"target\":[\"https:\\\/\\\/www.lojamelhordosul.com.br\\\/site\\\/produto\\\/caixa-de-passagem-intelbras-para-cameras-de-cftv-vbox-1100\\\/\"]}]},{\"@type\":\"ImageObject\",\"inLanguage\":\"pt-BR\",\"@id\":\"https:\\\/\\\/www.lojamelhordosul.com.br\\\/site\\\/produto\\\/caixa-de-passagem-intelbras-para-cameras-de-cftv-vbox-1100\\\/#primaryimage\",\"url\":\"https:\\\/\\\/www.lojamelhordosul.com.br\\\/site\\\/wp-content\\\/uploads\\\/2020\\\/06\\\/VBOX-1100-INTELBRAS.png\",\"contentUrl\":\"https:\\\/\\\/www.lojamelhordosul.com.br\\\/site\\\/wp-content\\\/uploads\\\/2020\\\/06\\\/VBOX-1100-INTELBRAS.png\",\"width\":2000,\"height\":1250},{\"@type\":\"BreadcrumbList\",\"@id\":\"https:\\\/\\\/www.lojamelhordosul.com.br\\\/site\\\/produto\\\/caixa-de-passagem-intelbras-para-cameras-de-cftv-vbox-1100\\\/#breadcrumb\",\"itemListElement\":[{\"@type\":\"ListItem\",\"position\":1,\"name\":\"In\u00edcio\",\"item\":\"https:\\\/\\\/www.lojamelhordosul.com.br\\\/site\\\/\"},{\"@type\":\"ListItem\",\"position\":2,\"name\":\"Loja\",\"item\":\"https:\\\/\\\/www.lojamelhordosul.com.br\\\/site\\\/loja\\\/\"},{\"@type\":\"ListItem\",\"position\":3,\"name\":\"Caixa de Passagem Intelbras Para C\u00e2meras de CFTV VBOX 1100\"}]},{\"@type\":\"WebSite\",\"@id\":\"https:\\\/\\\/www.lojamelhordosul.com.br\\\/site\\\/#website\",\"url\":\"https:\\\/\\\/www.lojamelhordosul.com.br\\\/site\\\/\",\"name\":\"Loja Melhor do Sul Sistemas de Seguran\u00e7a\",\"description\":\"Loja Melhor do Sul - Revenda Ouro Intelbras em Porto Alegre\",\"publisher\":{\"@id\":\"https:\\\/\\\/www.lojamelhordosul.com.br\\\/site\\\/#organization\"},\"potentialAction\":[{\"@type\":\"SearchAction\",\"target\":{\"@type\":\"EntryPoint\",\"urlTemplate\":\"https:\\\/\\\/www.lojamelhordosul.com.br\\\/site\\\/?s={search_term_string}\"},\"query-input\":{\"@type\":\"PropertyValueSpecification\",\"valueRequired\":true,\"valueName\":\"search_term_string\"}}],\"inLanguage\":\"pt-BR\"},{\"@type\":\"Organization\",\"@id\":\"https:\\\/\\\/www.lojamelhordosul.com.br\\\/site\\\/#organization\",\"name\":\"Loja Melhor do Sul\",\"url\":\"https:\\\/\\\/www.lojamelhordosul.com.br\\\/site\\\/\",\"logo\":{\"@type\":\"ImageObject\",\"inLanguage\":\"pt-BR\",\"@id\":\"https:\\\/\\\/www.lojamelhordosul.com.br\\\/site\\\/#\\\/schema\\\/logo\\\/image\\\/\",\"url\":\"https:\\\/\\\/www.lojamelhordosul.com.br\\\/site\\\/wp-content\\\/uploads\\\/2019\\\/10\\\/logo-longo-da-loja.png\",\"contentUrl\":\"https:\\\/\\\/www.lojamelhordosul.com.br\\\/site\\\/wp-content\\\/uploads\\\/2019\\\/10\\\/logo-longo-da-loja.png\",\"width\":597,\"height\":114,\"caption\":\"Loja Melhor do Sul\"},\"image\":{\"@id\":\"https:\\\/\\\/www.lojamelhordosul.com.br\\\/site\\\/#\\\/schema\\\/logo\\\/image\\\/\"}}]}<\/script>\n<!-- \/ Yoast SEO plugin. -->","yoast_head_json":{"title":"Caixa de Passagem Intelbras Para C\u00e2meras de CFTV VBOX 1100 - Loja Melhor do Sul Sistemas de Seguran\u00e7a","robots":{"index":"index","follow":"follow","max-snippet":"max-snippet:-1","max-image-preview":"max-image-preview:large","max-video-preview":"max-video-preview:-1"},"canonical":"https:\/\/www.lojamelhordosul.com.br\/site\/produto\/caixa-de-passagem-intelbras-para-cameras-de-cftv-vbox-1100\/","og_locale":"pt_BR","og_type":"article","og_title":"Caixa de Passagem Intelbras Para C\u00e2meras de CFTV VBOX 1100 - Loja Melhor do Sul Sistemas de Seguran\u00e7a","og_description":"As caixas de passagem para c\u00e2meras de CFTV foram desenvolvidas para dar melhor acabamento \u00e0s instala\u00e7\u00f5es.  Caracter\u00edsticas: VBOX 1100, CAIXA DE PASSAGEM PARA C\u00c2MERAS DE CFTV, CASE PL\u00c1STICO, COMPAT\u00cdVEIS COM PRODUTOS DOME E BULLET, INSTALA\u00c7\u00c3O INTERNA.  Dimens\u00f5es (L x A x P) (A x \u00f8) 102 x 101 x 53 mm","og_url":"https:\/\/www.lojamelhordosul.com.br\/site\/produto\/caixa-de-passagem-intelbras-para-cameras-de-cftv-vbox-1100\/","og_site_name":"Loja Melhor do Sul Sistemas de Seguran\u00e7a","article_modified_time":"2025-07-31T17:20:13+00:00","og_image":[{"width":2000,"height":1250,"url":"https:\/\/www.lojamelhordosul.com.br\/site\/wp-content\/uploads\/2020\/06\/VBOX-1100-INTELBRAS.png","type":"image\/png"}],"twitter_card":"summary_large_image","twitter_misc":{"Est. tempo de leitura":"2 minutos"},"schema":{"@context":"https:\/\/schema.org","@graph":[{"@type":"WebPage","@id":"https:\/\/www.lojamelhordosul.com.br\/site\/produto\/caixa-de-passagem-intelbras-para-cameras-de-cftv-vbox-1100\/","url":"https:\/\/www.lojamelhordosul.com.br\/site\/produto\/caixa-de-passagem-intelbras-para-cameras-de-cftv-vbox-1100\/","name":"Caixa de Passagem Intelbras Para C\u00e2meras de CFTV VBOX 1100 - Loja Melhor do Sul Sistemas de Seguran\u00e7a","isPartOf":{"@id":"https:\/\/www.lojamelhordosul.com.br\/site\/#website"},"primaryImageOfPage":{"@id":"https:\/\/www.lojamelhordosul.com.br\/site\/produto\/caixa-de-passagem-intelbras-para-cameras-de-cftv-vbox-1100\/#primaryimage"},"image":{"@id":"https:\/\/www.lojamelhordosul.com.br\/site\/produto\/caixa-de-passagem-intelbras-para-cameras-de-cftv-vbox-1100\/#primaryimage"},"thumbnailUrl":"https:\/\/www.lojamelhordosul.com.br\/site\/wp-content\/uploads\/2020\/06\/VBOX-1100-INTELBRAS.png","datePublished":"2020-06-26T18:41:52+00:00","dateModified":"2025-07-31T17:20:13+00:00","breadcrumb":{"@id":"https:\/\/www.lojamelhordosul.com.br\/site\/produto\/caixa-de-passagem-intelbras-para-cameras-de-cftv-vbox-1100\/#breadcrumb"},"inLanguage":"pt-BR","potentialAction":[{"@type":"ReadAction","target":["https:\/\/www.lojamelhordosul.com.br\/site\/produto\/caixa-de-passagem-intelbras-para-cameras-de-cftv-vbox-1100\/"]}]},{"@type":"ImageObject","inLanguage":"pt-BR","@id":"https:\/\/www.lojamelhordosul.com.br\/site\/produto\/caixa-de-passagem-intelbras-para-cameras-de-cftv-vbox-1100\/#primaryimage","url":"https:\/\/www.lojamelhordosul.com.br\/site\/wp-content\/uploads\/2020\/06\/VBOX-1100-INTELBRAS.png","contentUrl":"https:\/\/www.lojamelhordosul.com.br\/site\/wp-content\/uploads\/2020\/06\/VBOX-1100-INTELBRAS.png","width":2000,"height":1250},{"@type":"BreadcrumbList","@id":"https:\/\/www.lojamelhordosul.com.br\/site\/produto\/caixa-de-passagem-intelbras-para-cameras-de-cftv-vbox-1100\/#breadcrumb","itemListElement":[{"@type":"ListItem","position":1,"name":"In\u00edcio","item":"https:\/\/www.lojamelhordosul.com.br\/site\/"},{"@type":"ListItem","position":2,"name":"Loja","item":"https:\/\/www.lojamelhordosul.com.br\/site\/loja\/"},{"@type":"ListItem","position":3,"name":"Caixa de Passagem Intelbras Para C\u00e2meras de CFTV VBOX 1100"}]},{"@type":"WebSite","@id":"https:\/\/www.lojamelhordosul.com.br\/site\/#website","url":"https:\/\/www.lojamelhordosul.com.br\/site\/","name":"Loja Melhor do Sul Sistemas de Seguran\u00e7a","description":"Loja Melhor do Sul - Revenda Ouro Intelbras em Porto Alegre","publisher":{"@id":"https:\/\/www.lojamelhordosul.com.br\/site\/#organization"},"potentialAction":[{"@type":"SearchAction","target":{"@type":"EntryPoint","urlTemplate":"https:\/\/www.lojamelhordosul.com.br\/site\/?s={search_term_string}"},"query-input":{"@type":"PropertyValueSpecification","valueRequired":true,"valueName":"search_term_string"}}],"inLanguage":"pt-BR"},{"@type":"Organization","@id":"https:\/\/www.lojamelhordosul.com.br\/site\/#organization","name":"Loja Melhor do Sul","url":"https:\/\/www.lojamelhordosul.com.br\/site\/","logo":{"@type":"ImageObject","inLanguage":"pt-BR","@id":"https:\/\/www.lojamelhordosul.com.br\/site\/#\/schema\/logo\/image\/","url":"https:\/\/www.lojamelhordosul.com.br\/site\/wp-content\/uploads\/2019\/10\/logo-longo-da-loja.png","contentUrl":"https:\/\/www.lojamelhordosul.com.br\/site\/wp-content\/uploads\/2019\/10\/logo-longo-da-loja.png","width":597,"height":114,"caption":"Loja Melhor do Sul"},"image":{"@id":"https:\/\/www.lojamelhordosul.com.br\/site\/#\/schema\/logo\/image\/"}}]}},"_links":{"self":[{"href":"https:\/\/www.lojamelhordosul.com.br\/site\/wp-json\/wp\/v2\/product\/7867","targetHints":{"allow":["GET"]}}],"collection":[{"href":"https:\/\/www.lojamelhordosul.com.br\/site\/wp-json\/wp\/v2\/product"}],"about":[{"href":"https:\/\/www.lojamelhordosul.com.br\/site\/wp-json\/wp\/v2\/types\/product"}],"replies":[{"embeddable":true,"href":"https:\/\/www.lojamelhordosul.com.br\/site\/wp-json\/wp\/v2\/comments?post=7867"}],"wp:featuredmedia":[{"embeddable":true,"href":"https:\/\/www.lojamelhordosul.com.br\/site\/wp-json\/wp\/v2\/media\/7874"}],"wp:attachment":[{"href":"https:\/\/www.lojamelhordosul.com.br\/site\/wp-json\/wp\/v2\/media?parent=7867"}],"wp:term":[{"taxonomy":"product_brand","embeddable":true,"href":"https:\/\/www.lojamelhordosul.com.br\/site\/wp-json\/wp\/v2\/product_brand?post=7867"},{"taxonomy":"product_cat","embeddable":true,"href":"https:\/\/www.lojamelhordosul.com.br\/site\/wp-json\/wp\/v2\/product_cat?post=7867"},{"taxonomy":"product_tag","embeddable":true,"href":"https:\/\/www.lojamelhordosul.com.br\/site\/wp-json\/wp\/v2\/product_tag?post=7867"}],"curies":[{"name":"wp","href":"https:\/\/api.w.org\/{rel}","templated":true}]}}