{"id":8030,"date":"2020-07-17T14:21:53","date_gmt":"2020-07-17T17:21:53","guid":{"rendered":"https:\/\/www.lojamelhordosul.com.br\/site\/?post_type=product&#038;p=8030"},"modified":"2026-03-10T17:45:10","modified_gmt":"2026-03-10T20:45:10","slug":"porteiro-eletronico-13-teclas-intelbras-xpe-1013-plus-id","status":"publish","type":"product","link":"https:\/\/www.lojamelhordosul.com.br\/site\/produto\/porteiro-eletronico-13-teclas-intelbras-xpe-1013-plus-id\/","title":{"rendered":"Porteiro Eletr\u00f4nico 13 Teclas Intelbras XPE 1013 PLUS ID"},"content":{"rendered":"<div class=\"wpb-content-wrapper\"><div class=\"vc_row wpb_row vc_row-fluid\"><div class=\"container\"><div class=\"row\"><div class=\"wpb_column vc_column_container vc_col-md-12\"><div class=\"vc_column-inner \"><div class=\"wpb_wrapper\"><div class=\"wpb_single_image widget wpb_content_element vc_align_center\">\r\n\t\t\r\n\t\t<figure class=\"wpb_wrapper vc_figure\">\r\n\t\t\t<div class=\"vc_single_image-wrapper   vc_box_border_grey\"><img decoding=\"async\" width=\"400\" height=\"68\" src=\"https:\/\/www.lojamelhordosul.com.br\/site\/wp-content\/uploads\/2020\/06\/Logo-Site-2020.png\" class=\"vc_single_image-img attachment-full\" alt=\"\" title=\"Logo Site 2020\" \/><\/div>\r\n\t\t<div class=\"description\">\r\n\t\t\t\r\n\t\t<\/div>\r\n\t\r\n\t\t<\/figure>\r\n\t<\/div><\/div><\/div><\/div><\/div><\/div><\/div><div class=\"vc_row wpb_row vc_row-fluid\"><div class=\"container\"><div class=\"row\"><div class=\"wpb_column vc_column_container vc_col-md-6\"><div class=\"vc_column-inner \"><div class=\"wpb_wrapper\"><div class=\"wpb_single_image widget wpb_content_element vc_align_left\">\r\n\t\t\r\n\t\t<figure class=\"wpb_wrapper vc_figure\">\r\n\t\t\t<div class=\"vc_single_image-wrapper   vc_box_border_grey\"><img decoding=\"async\" class=\"vc_single_image-img\"  src=\"https:\/\/backend.intelbras.com\/sites\/default\/files\/styles\/large\/public\/2019-08\/Leds-indicativos_590x360px.jpg\" \/><\/div>\r\n\t\t<div class=\"description\">\r\n\t\t\t\r\n\t\t<\/div>\r\n\t\r\n\t\t<\/figure>\r\n\t<\/div><\/div><\/div><\/div><div class=\"wpb_column vc_column_container vc_col-md-6\"><div class=\"vc_column-inner \"><div class=\"wpb_wrapper\">\n\t<div class=\"wpb_text_column wpb_content_element\" >\n\t\t<div class=\"wpb_wrapper\">\n\t\t\t<div class=\"mt2 mb2 \">\n<h2 class=\"weight--small-300 weight--large-200 h3\">LEDs indicativos<\/h2>\n<\/div>\n<div class=\"text text--300\">\n<div class=\"block-template overflow-hidden\">\n<p>Atrav\u00e9s dos LEDs indicativos \u00e9 poss\u00edvel saber quando a porta est\u00e1 aberta ou quando h\u00e1 uma conversa\u00e7\u00e3o entre o porteiro eletr\u00f4nico e apartamento.<\/p>\n<\/div>\n<\/div>\n\n\t\t<\/div>\n\t<\/div>\n<\/div><\/div><\/div><\/div><\/div><\/div><div class=\"vc_row wpb_row vc_row-fluid\"><div class=\"container\"><div class=\"row\"><div class=\"wpb_column vc_column_container vc_col-md-6\"><div class=\"vc_column-inner \"><div class=\"wpb_wrapper\">\n\t<div class=\"wpb_text_column wpb_content_element\" >\n\t\t<div class=\"wpb_wrapper\">\n\t\t\t<div class=\"mt2 mb2 \">\n<h2 class=\"weight--small-300 weight--large-200 h3\">Teclado braile (XPE 1013 PLUS ID)<\/h2>\n<\/div>\n<div class=\"text text--300\">\n<div class=\"block-template overflow-hidden\">\n<p>O \u00fanico porteiro eletr\u00f4nico no Brasil com teclado em braile, para garantir ainda mais acessibilidade aos usu\u00e1rios.<\/p>\n<\/div>\n<\/div>\n\n\t\t<\/div>\n\t<\/div>\n<\/div><\/div><\/div><div class=\"wpb_column vc_column_container vc_col-md-6\"><div class=\"vc_column-inner \"><div class=\"wpb_wrapper\"><div class=\"wpb_single_image widget wpb_content_element vc_align_left\">\r\n\t\t\r\n\t\t<figure class=\"wpb_wrapper vc_figure\">\r\n\t\t\t<div class=\"vc_single_image-wrapper   vc_box_border_grey\"><img decoding=\"async\" class=\"vc_single_image-img\"  src=\"https:\/\/backend.intelbras.com\/sites\/default\/files\/styles\/large\/public\/2019-08\/Teclado-braile_590x360px.jpg\" \/><\/div>\r\n\t\t<div class=\"description\">\r\n\t\t\t\r\n\t\t<\/div>\r\n\t\r\n\t\t<\/figure>\r\n\t<\/div><\/div><\/div><\/div><\/div><\/div><\/div><div class=\"vc_row wpb_row vc_row-fluid\"><div class=\"container\"><div class=\"row\"><div class=\"wpb_column vc_column_container vc_col-md-6\"><div class=\"vc_column-inner \"><div class=\"wpb_wrapper\"><div class=\"wpb_single_image widget wpb_content_element vc_align_left\">\r\n\t\t\r\n\t\t<figure class=\"wpb_wrapper vc_figure\">\r\n\t\t\t<div class=\"vc_single_image-wrapper   vc_box_border_grey\"><img decoding=\"async\" class=\"vc_single_image-img\"  src=\"https:\/\/backend.intelbras.com\/sites\/default\/files\/styles\/large\/public\/2019-08\/Interface-celular-com-tabela-de-numera%C3%A7%C3%A3o-flex%C3%ADvel_590x360px.jpg\" \/><\/div>\r\n\t\t<div class=\"description\">\r\n\t\t\t\r\n\t\t<\/div>\r\n\t\r\n\t\t<\/figure>\r\n\t<\/div><\/div><\/div><\/div><div class=\"wpb_column vc_column_container vc_col-md-6\"><div class=\"vc_column-inner \"><div class=\"wpb_wrapper\">\n\t<div class=\"wpb_text_column wpb_content_element\" >\n\t\t<div class=\"wpb_wrapper\">\n\t\t\t<div class=\"mt2 mb2 \">\n<h2 class=\"weight--small-300 weight--large-200 h3\">Interface celular com tabela de numera\u00e7\u00e3o flex\u00edvel<\/h2>\n<\/div>\n<div class=\"text text--300\">\n<div class=\"block-template overflow-hidden\">\n<p>Associa o n\u00famero do apartamento ao celular do morador, garantindo ainda mais praticidade na comunica\u00e7\u00e3o.<\/p>\n<\/div>\n<\/div>\n\n\t\t<\/div>\n\t<\/div>\n<\/div><\/div><\/div><\/div><\/div><\/div><div class=\"vc_row wpb_row vc_row-fluid\"><div class=\"container\"><div class=\"row\"><div class=\"wpb_column vc_column_container vc_col-md-6\"><div class=\"vc_column-inner \"><div class=\"wpb_wrapper\">\n\t<div class=\"wpb_text_column wpb_content_element\" >\n\t\t<div class=\"wpb_wrapper\">\n\t\t\t<div class=\"mt2 mb2 \">\n<h2 class=\"weight--small-300 weight--large-200 h3\">F\u00e1cil instala\u00e7\u00e3o<\/h2>\n<\/div>\n<div class=\"text text--300\">\n<div class=\"block-template overflow-hidden\">\n<p>As conex\u00f5es ficam na parte frontal do porteiro, portanto, a instala\u00e7\u00e3o pode ser feita facilmente com ele j\u00e1 instalado na parede.<\/p>\n<\/div>\n<\/div>\n\n\t\t<\/div>\n\t<\/div>\n<\/div><\/div><\/div><div class=\"wpb_column vc_column_container vc_col-md-6\"><div class=\"vc_column-inner \"><div class=\"wpb_wrapper\">\n\t<div class=\"wpb_video_widget wpb_content_element vc_clearfix   vc_video-aspect-ratio-169 vc_video-el-width-100 vc_video-align-left\" >\n\t\t<div class=\"wpb_wrapper\">\n\t\t\t\n\t\t\t<div class=\"wpb_video_wrapper\"><a href=\"https:\/\/www.youtube.com\/watch?v=y2C1CZGfuFw\">https:\/\/www.youtube.com\/watch?v=y2C1CZGfuFw<\/a><\/div>\n\t\t<\/div>\n\t<\/div>\n<\/div><\/div><\/div><\/div><\/div><\/div>\n<\/div>","protected":false},"excerpt":{"rendered":"<p>A linha de porteiros eletr\u00f4nicos mais vendida no pa\u00eds est\u00e1 com novo design, novas fun\u00e7\u00f5es e com produtos ainda mais f\u00e1ceis de instalar.<\/p>\n<p>O sistema de controle de acessos condominial SCA 1000 Intelbras foi desenvolvido para proporcionar seguran\u00e7a,<br \/>\npraticidade e conforto aos moradores de condom\u00ednio.<br \/>\nO SCA 1000 registra e gerencia todo o fluxo de pessoas e autom\u00f3veis atrav\u00e9s do uso de modernos dispositivos de identifica\u00e7\u00e3o.<\/p>\n<p>Caracter\u00edsticas:<br \/>\n&#8211; Alimenta\u00e7\u00e3o AC (127V\/220V) e DC (12V);<br \/>\n&#8211; 1 sa\u00edda de fechadura eletromec\u00e2nica (24V puls\u00e1til).<br \/>\n&#8211; 1 sa\u00edda de contato seco;<br \/>\n&#8211; 2 entradas de sensores;<br \/>\n&#8211; 2 entradas botoeiras;<br \/>\n&#8211; Leitor de TAG Mifare com frequ\u00eancia de 13,56MHz;<br \/>\n&#8211; Barramento RS485 com velocidade de 57600 bps para comunica\u00e7\u00e3o com o MIP at\u00e9 1km de dist\u00e2ncia;<br \/>\n&#8211; \u00c1udio viva voz half-duplex;<br \/>\n&#8211; Conector AC tipo KRE para fios de at\u00e9 2.5mm<br \/>\n&#8211; Conector engate r\u00e1pido para conex\u00f5es de botoeiras, sensores, ramal, fechadura e RS485.<\/p>\n","protected":false},"featured_media":8032,"comment_status":"open","ping_status":"closed","template":"","meta":[],"product_brand":[],"product_cat":[2767,2769],"product_tag":[1255,591,2029,592,2030],"class_list":{"0":"post-8030","1":"product","2":"type-product","3":"status-publish","4":"has-post-thumbnail","6":"product_cat-interfonia","7":"product_cat-porteiros-eletronicos","8":"product_tag-intelbras","9":"product_tag-porteiro-eletronico","10":"product_tag-porteiro-eletronico-13-teclas","11":"product_tag-porteiro-eletronico-intelbras","12":"product_tag-xpe-1013-plus-id","14":"first","15":"instock","16":"shipping-taxable","17":"purchasable","18":"product-type-simple"},"yoast_head":"<!-- This site is optimized with the Yoast SEO plugin v27.4 - https:\/\/yoast.com\/product\/yoast-seo-wordpress\/ -->\n<title>Porteiro Eletr\u00f4nico 13 Teclas Intelbras XPE 1013 PLUS ID - Loja Melhor do Sul Sistemas de Seguran\u00e7a<\/title>\n<meta name=\"robots\" content=\"index, follow, max-snippet:-1, max-image-preview:large, max-video-preview:-1\" \/>\n<link rel=\"canonical\" href=\"https:\/\/www.lojamelhordosul.com.br\/site\/produto\/porteiro-eletronico-13-teclas-intelbras-xpe-1013-plus-id\/\" \/>\n<meta property=\"og:locale\" content=\"pt_BR\" \/>\n<meta property=\"og:type\" content=\"article\" \/>\n<meta property=\"og:title\" content=\"Porteiro Eletr\u00f4nico 13 Teclas Intelbras XPE 1013 PLUS ID - Loja Melhor do Sul Sistemas de Seguran\u00e7a\" \/>\n<meta property=\"og:description\" content=\"A linha de porteiros eletr\u00f4nicos mais vendida no pa\u00eds est\u00e1 com novo design, novas fun\u00e7\u00f5es e com produtos ainda mais f\u00e1ceis de instalar.  O sistema de controle de acessos condominial SCA 1000 Intelbras foi desenvolvido para proporcionar seguran\u00e7a, praticidade e conforto aos moradores de condom\u00ednio. O SCA 1000 registra e gerencia todo o fluxo de pessoas e autom\u00f3veis atrav\u00e9s do uso de modernos dispositivos de identifica\u00e7\u00e3o.  Caracter\u00edsticas: - Alimenta\u00e7\u00e3o AC (127V\/220V) e DC (12V); - 1 sa\u00edda de fechadura eletromec\u00e2nica (24V puls\u00e1til). - 1 sa\u00edda de contato seco; - 2 entradas de sensores; - 2 entradas botoeiras; - Leitor de TAG Mifare com frequ\u00eancia de 13,56MHz; - Barramento RS485 com velocidade de 57600 bps para comunica\u00e7\u00e3o com o MIP at\u00e9 1km de dist\u00e2ncia; - \u00c1udio viva voz half-duplex; - Conector AC tipo KRE para fios de at\u00e9 2.5mm - Conector engate r\u00e1pido para conex\u00f5es de botoeiras, sensores, ramal, fechadura e RS485.\" \/>\n<meta property=\"og:url\" content=\"https:\/\/www.lojamelhordosul.com.br\/site\/produto\/porteiro-eletronico-13-teclas-intelbras-xpe-1013-plus-id\/\" \/>\n<meta property=\"og:site_name\" content=\"Loja Melhor do Sul Sistemas de Seguran\u00e7a\" \/>\n<meta property=\"article:modified_time\" content=\"2026-03-10T20:45:10+00:00\" \/>\n<meta property=\"og:image\" content=\"https:\/\/www.lojamelhordosul.com.br\/site\/wp-content\/uploads\/2020\/07\/XPE1013-PLUS-ID.png\" \/>\n\t<meta property=\"og:image:width\" content=\"1200\" \/>\n\t<meta property=\"og:image:height\" content=\"1200\" \/>\n\t<meta property=\"og:image:type\" content=\"image\/png\" \/>\n<meta name=\"twitter:card\" content=\"summary_large_image\" \/>\n<meta name=\"twitter:label1\" content=\"Est. tempo de leitura\" \/>\n\t<meta name=\"twitter:data1\" content=\"1 minuto\" \/>\n<script type=\"application\/ld+json\" class=\"yoast-schema-graph\">{\"@context\":\"https:\\\/\\\/schema.org\",\"@graph\":[{\"@type\":\"WebPage\",\"@id\":\"https:\\\/\\\/www.lojamelhordosul.com.br\\\/site\\\/produto\\\/porteiro-eletronico-13-teclas-intelbras-xpe-1013-plus-id\\\/\",\"url\":\"https:\\\/\\\/www.lojamelhordosul.com.br\\\/site\\\/produto\\\/porteiro-eletronico-13-teclas-intelbras-xpe-1013-plus-id\\\/\",\"name\":\"Porteiro Eletr\u00f4nico 13 Teclas Intelbras XPE 1013 PLUS ID - Loja Melhor do Sul Sistemas de Seguran\u00e7a\",\"isPartOf\":{\"@id\":\"https:\\\/\\\/www.lojamelhordosul.com.br\\\/site\\\/#website\"},\"primaryImageOfPage\":{\"@id\":\"https:\\\/\\\/www.lojamelhordosul.com.br\\\/site\\\/produto\\\/porteiro-eletronico-13-teclas-intelbras-xpe-1013-plus-id\\\/#primaryimage\"},\"image\":{\"@id\":\"https:\\\/\\\/www.lojamelhordosul.com.br\\\/site\\\/produto\\\/porteiro-eletronico-13-teclas-intelbras-xpe-1013-plus-id\\\/#primaryimage\"},\"thumbnailUrl\":\"https:\\\/\\\/www.lojamelhordosul.com.br\\\/site\\\/wp-content\\\/uploads\\\/2020\\\/07\\\/XPE1013-PLUS-ID.png\",\"datePublished\":\"2020-07-17T17:21:53+00:00\",\"dateModified\":\"2026-03-10T20:45:10+00:00\",\"breadcrumb\":{\"@id\":\"https:\\\/\\\/www.lojamelhordosul.com.br\\\/site\\\/produto\\\/porteiro-eletronico-13-teclas-intelbras-xpe-1013-plus-id\\\/#breadcrumb\"},\"inLanguage\":\"pt-BR\",\"potentialAction\":[{\"@type\":\"ReadAction\",\"target\":[\"https:\\\/\\\/www.lojamelhordosul.com.br\\\/site\\\/produto\\\/porteiro-eletronico-13-teclas-intelbras-xpe-1013-plus-id\\\/\"]}]},{\"@type\":\"ImageObject\",\"inLanguage\":\"pt-BR\",\"@id\":\"https:\\\/\\\/www.lojamelhordosul.com.br\\\/site\\\/produto\\\/porteiro-eletronico-13-teclas-intelbras-xpe-1013-plus-id\\\/#primaryimage\",\"url\":\"https:\\\/\\\/www.lojamelhordosul.com.br\\\/site\\\/wp-content\\\/uploads\\\/2020\\\/07\\\/XPE1013-PLUS-ID.png\",\"contentUrl\":\"https:\\\/\\\/www.lojamelhordosul.com.br\\\/site\\\/wp-content\\\/uploads\\\/2020\\\/07\\\/XPE1013-PLUS-ID.png\",\"width\":1200,\"height\":1200},{\"@type\":\"BreadcrumbList\",\"@id\":\"https:\\\/\\\/www.lojamelhordosul.com.br\\\/site\\\/produto\\\/porteiro-eletronico-13-teclas-intelbras-xpe-1013-plus-id\\\/#breadcrumb\",\"itemListElement\":[{\"@type\":\"ListItem\",\"position\":1,\"name\":\"In\u00edcio\",\"item\":\"https:\\\/\\\/www.lojamelhordosul.com.br\\\/site\\\/\"},{\"@type\":\"ListItem\",\"position\":2,\"name\":\"Loja\",\"item\":\"https:\\\/\\\/www.lojamelhordosul.com.br\\\/site\\\/loja\\\/\"},{\"@type\":\"ListItem\",\"position\":3,\"name\":\"Porteiro Eletr\u00f4nico 13 Teclas Intelbras XPE 1013 PLUS ID\"}]},{\"@type\":\"WebSite\",\"@id\":\"https:\\\/\\\/www.lojamelhordosul.com.br\\\/site\\\/#website\",\"url\":\"https:\\\/\\\/www.lojamelhordosul.com.br\\\/site\\\/\",\"name\":\"Loja Melhor do Sul Sistemas de Seguran\u00e7a\",\"description\":\"Loja Melhor do Sul - Revenda Ouro Intelbras em Porto Alegre\",\"publisher\":{\"@id\":\"https:\\\/\\\/www.lojamelhordosul.com.br\\\/site\\\/#organization\"},\"potentialAction\":[{\"@type\":\"SearchAction\",\"target\":{\"@type\":\"EntryPoint\",\"urlTemplate\":\"https:\\\/\\\/www.lojamelhordosul.com.br\\\/site\\\/?s={search_term_string}\"},\"query-input\":{\"@type\":\"PropertyValueSpecification\",\"valueRequired\":true,\"valueName\":\"search_term_string\"}}],\"inLanguage\":\"pt-BR\"},{\"@type\":\"Organization\",\"@id\":\"https:\\\/\\\/www.lojamelhordosul.com.br\\\/site\\\/#organization\",\"name\":\"Loja Melhor do Sul\",\"url\":\"https:\\\/\\\/www.lojamelhordosul.com.br\\\/site\\\/\",\"logo\":{\"@type\":\"ImageObject\",\"inLanguage\":\"pt-BR\",\"@id\":\"https:\\\/\\\/www.lojamelhordosul.com.br\\\/site\\\/#\\\/schema\\\/logo\\\/image\\\/\",\"url\":\"https:\\\/\\\/www.lojamelhordosul.com.br\\\/site\\\/wp-content\\\/uploads\\\/2019\\\/10\\\/logo-longo-da-loja.png\",\"contentUrl\":\"https:\\\/\\\/www.lojamelhordosul.com.br\\\/site\\\/wp-content\\\/uploads\\\/2019\\\/10\\\/logo-longo-da-loja.png\",\"width\":597,\"height\":114,\"caption\":\"Loja Melhor do Sul\"},\"image\":{\"@id\":\"https:\\\/\\\/www.lojamelhordosul.com.br\\\/site\\\/#\\\/schema\\\/logo\\\/image\\\/\"}}]}<\/script>\n<!-- \/ Yoast SEO plugin. -->","yoast_head_json":{"title":"Porteiro Eletr\u00f4nico 13 Teclas Intelbras XPE 1013 PLUS ID - Loja Melhor do Sul Sistemas de Seguran\u00e7a","robots":{"index":"index","follow":"follow","max-snippet":"max-snippet:-1","max-image-preview":"max-image-preview:large","max-video-preview":"max-video-preview:-1"},"canonical":"https:\/\/www.lojamelhordosul.com.br\/site\/produto\/porteiro-eletronico-13-teclas-intelbras-xpe-1013-plus-id\/","og_locale":"pt_BR","og_type":"article","og_title":"Porteiro Eletr\u00f4nico 13 Teclas Intelbras XPE 1013 PLUS ID - Loja Melhor do Sul Sistemas de Seguran\u00e7a","og_description":"A linha de porteiros eletr\u00f4nicos mais vendida no pa\u00eds est\u00e1 com novo design, novas fun\u00e7\u00f5es e com produtos ainda mais f\u00e1ceis de instalar.  O sistema de controle de acessos condominial SCA 1000 Intelbras foi desenvolvido para proporcionar seguran\u00e7a, praticidade e conforto aos moradores de condom\u00ednio. O SCA 1000 registra e gerencia todo o fluxo de pessoas e autom\u00f3veis atrav\u00e9s do uso de modernos dispositivos de identifica\u00e7\u00e3o.  Caracter\u00edsticas: - Alimenta\u00e7\u00e3o AC (127V\/220V) e DC (12V); - 1 sa\u00edda de fechadura eletromec\u00e2nica (24V puls\u00e1til). - 1 sa\u00edda de contato seco; - 2 entradas de sensores; - 2 entradas botoeiras; - Leitor de TAG Mifare com frequ\u00eancia de 13,56MHz; - Barramento RS485 com velocidade de 57600 bps para comunica\u00e7\u00e3o com o MIP at\u00e9 1km de dist\u00e2ncia; - \u00c1udio viva voz half-duplex; - Conector AC tipo KRE para fios de at\u00e9 2.5mm - Conector engate r\u00e1pido para conex\u00f5es de botoeiras, sensores, ramal, fechadura e RS485.","og_url":"https:\/\/www.lojamelhordosul.com.br\/site\/produto\/porteiro-eletronico-13-teclas-intelbras-xpe-1013-plus-id\/","og_site_name":"Loja Melhor do Sul Sistemas de Seguran\u00e7a","article_modified_time":"2026-03-10T20:45:10+00:00","og_image":[{"width":1200,"height":1200,"url":"https:\/\/www.lojamelhordosul.com.br\/site\/wp-content\/uploads\/2020\/07\/XPE1013-PLUS-ID.png","type":"image\/png"}],"twitter_card":"summary_large_image","twitter_misc":{"Est. tempo de leitura":"1 minuto"},"schema":{"@context":"https:\/\/schema.org","@graph":[{"@type":"WebPage","@id":"https:\/\/www.lojamelhordosul.com.br\/site\/produto\/porteiro-eletronico-13-teclas-intelbras-xpe-1013-plus-id\/","url":"https:\/\/www.lojamelhordosul.com.br\/site\/produto\/porteiro-eletronico-13-teclas-intelbras-xpe-1013-plus-id\/","name":"Porteiro Eletr\u00f4nico 13 Teclas Intelbras XPE 1013 PLUS ID - Loja Melhor do Sul Sistemas de Seguran\u00e7a","isPartOf":{"@id":"https:\/\/www.lojamelhordosul.com.br\/site\/#website"},"primaryImageOfPage":{"@id":"https:\/\/www.lojamelhordosul.com.br\/site\/produto\/porteiro-eletronico-13-teclas-intelbras-xpe-1013-plus-id\/#primaryimage"},"image":{"@id":"https:\/\/www.lojamelhordosul.com.br\/site\/produto\/porteiro-eletronico-13-teclas-intelbras-xpe-1013-plus-id\/#primaryimage"},"thumbnailUrl":"https:\/\/www.lojamelhordosul.com.br\/site\/wp-content\/uploads\/2020\/07\/XPE1013-PLUS-ID.png","datePublished":"2020-07-17T17:21:53+00:00","dateModified":"2026-03-10T20:45:10+00:00","breadcrumb":{"@id":"https:\/\/www.lojamelhordosul.com.br\/site\/produto\/porteiro-eletronico-13-teclas-intelbras-xpe-1013-plus-id\/#breadcrumb"},"inLanguage":"pt-BR","potentialAction":[{"@type":"ReadAction","target":["https:\/\/www.lojamelhordosul.com.br\/site\/produto\/porteiro-eletronico-13-teclas-intelbras-xpe-1013-plus-id\/"]}]},{"@type":"ImageObject","inLanguage":"pt-BR","@id":"https:\/\/www.lojamelhordosul.com.br\/site\/produto\/porteiro-eletronico-13-teclas-intelbras-xpe-1013-plus-id\/#primaryimage","url":"https:\/\/www.lojamelhordosul.com.br\/site\/wp-content\/uploads\/2020\/07\/XPE1013-PLUS-ID.png","contentUrl":"https:\/\/www.lojamelhordosul.com.br\/site\/wp-content\/uploads\/2020\/07\/XPE1013-PLUS-ID.png","width":1200,"height":1200},{"@type":"BreadcrumbList","@id":"https:\/\/www.lojamelhordosul.com.br\/site\/produto\/porteiro-eletronico-13-teclas-intelbras-xpe-1013-plus-id\/#breadcrumb","itemListElement":[{"@type":"ListItem","position":1,"name":"In\u00edcio","item":"https:\/\/www.lojamelhordosul.com.br\/site\/"},{"@type":"ListItem","position":2,"name":"Loja","item":"https:\/\/www.lojamelhordosul.com.br\/site\/loja\/"},{"@type":"ListItem","position":3,"name":"Porteiro Eletr\u00f4nico 13 Teclas Intelbras XPE 1013 PLUS ID"}]},{"@type":"WebSite","@id":"https:\/\/www.lojamelhordosul.com.br\/site\/#website","url":"https:\/\/www.lojamelhordosul.com.br\/site\/","name":"Loja Melhor do Sul Sistemas de Seguran\u00e7a","description":"Loja Melhor do Sul - Revenda Ouro Intelbras em Porto Alegre","publisher":{"@id":"https:\/\/www.lojamelhordosul.com.br\/site\/#organization"},"potentialAction":[{"@type":"SearchAction","target":{"@type":"EntryPoint","urlTemplate":"https:\/\/www.lojamelhordosul.com.br\/site\/?s={search_term_string}"},"query-input":{"@type":"PropertyValueSpecification","valueRequired":true,"valueName":"search_term_string"}}],"inLanguage":"pt-BR"},{"@type":"Organization","@id":"https:\/\/www.lojamelhordosul.com.br\/site\/#organization","name":"Loja Melhor do Sul","url":"https:\/\/www.lojamelhordosul.com.br\/site\/","logo":{"@type":"ImageObject","inLanguage":"pt-BR","@id":"https:\/\/www.lojamelhordosul.com.br\/site\/#\/schema\/logo\/image\/","url":"https:\/\/www.lojamelhordosul.com.br\/site\/wp-content\/uploads\/2019\/10\/logo-longo-da-loja.png","contentUrl":"https:\/\/www.lojamelhordosul.com.br\/site\/wp-content\/uploads\/2019\/10\/logo-longo-da-loja.png","width":597,"height":114,"caption":"Loja Melhor do Sul"},"image":{"@id":"https:\/\/www.lojamelhordosul.com.br\/site\/#\/schema\/logo\/image\/"}}]}},"_links":{"self":[{"href":"https:\/\/www.lojamelhordosul.com.br\/site\/wp-json\/wp\/v2\/product\/8030","targetHints":{"allow":["GET"]}}],"collection":[{"href":"https:\/\/www.lojamelhordosul.com.br\/site\/wp-json\/wp\/v2\/product"}],"about":[{"href":"https:\/\/www.lojamelhordosul.com.br\/site\/wp-json\/wp\/v2\/types\/product"}],"replies":[{"embeddable":true,"href":"https:\/\/www.lojamelhordosul.com.br\/site\/wp-json\/wp\/v2\/comments?post=8030"}],"wp:featuredmedia":[{"embeddable":true,"href":"https:\/\/www.lojamelhordosul.com.br\/site\/wp-json\/wp\/v2\/media\/8032"}],"wp:attachment":[{"href":"https:\/\/www.lojamelhordosul.com.br\/site\/wp-json\/wp\/v2\/media?parent=8030"}],"wp:term":[{"taxonomy":"product_brand","embeddable":true,"href":"https:\/\/www.lojamelhordosul.com.br\/site\/wp-json\/wp\/v2\/product_brand?post=8030"},{"taxonomy":"product_cat","embeddable":true,"href":"https:\/\/www.lojamelhordosul.com.br\/site\/wp-json\/wp\/v2\/product_cat?post=8030"},{"taxonomy":"product_tag","embeddable":true,"href":"https:\/\/www.lojamelhordosul.com.br\/site\/wp-json\/wp\/v2\/product_tag?post=8030"}],"curies":[{"name":"wp","href":"https:\/\/api.w.org\/{rel}","templated":true}]}}