{"id":8601,"date":"2020-08-26T16:21:48","date_gmt":"2020-08-26T19:21:48","guid":{"rendered":"https:\/\/www.lojamelhordosul.com.br\/site\/?post_type=product&#038;p=8601"},"modified":"2026-03-11T17:29:46","modified_gmt":"2026-03-11T20:29:46","slug":"sensor-de-movimento-infravermelho-passivo-sem-fio-c-camera-intelbras-ivp-8000-pet-cam","status":"publish","type":"product","link":"https:\/\/www.lojamelhordosul.com.br\/site\/produto\/sensor-de-movimento-infravermelho-passivo-sem-fio-c-camera-intelbras-ivp-8000-pet-cam\/","title":{"rendered":"Sensor de Movimento Infravermelho Passivo Sem Fio C\/ C\u00e2mera Intelbras IVP 8000 PET CAM"},"content":{"rendered":"<div class=\"wpb-content-wrapper\"><div class=\"vc_row wpb_row vc_row-fluid\"><div class=\"container\"><div class=\"row\"><div class=\"wpb_column vc_column_container vc_col-md-12\"><div class=\"vc_column-inner \"><div class=\"wpb_wrapper\"><div class=\"wpb_single_image widget wpb_content_element vc_align_center\">\r\n\t\t\r\n\t\t<figure class=\"wpb_wrapper vc_figure\">\r\n\t\t\t<div class=\"vc_single_image-wrapper   vc_box_border_grey\"><img decoding=\"async\" class=\"vc_single_image-img\"  src=\"https:\/\/www.lojamelhordosul.com.br\/site\/wp-content\/uploads\/2020\/06\/Logo-Site-2020.png\" \/><\/div>\r\n\t\t<div class=\"description\">\r\n\t\t\t\r\n\t\t<\/div>\r\n\t\r\n\t\t<\/figure>\r\n\t<\/div><\/div><\/div><\/div><\/div><\/div><\/div><div class=\"vc_row wpb_row vc_row-fluid\"><div class=\"container\"><div class=\"row\"><div class=\"wpb_column vc_column_container vc_col-md-6\"><div class=\"vc_column-inner \"><div class=\"wpb_wrapper\">\n\t<div class=\"wpb_text_column wpb_content_element\" >\n\t\t<div class=\"wpb_wrapper\">\n\t\t\t<div class=\"mt2 mb2 \">\n<h2 class=\"weight--small-300 weight--large-200 h3\">Identifica\u00e7\u00e3o do disparo em tempo real<\/h2>\n<\/div>\n<div class=\"text text--300\">\n<div class=\"block-template overflow-hidden\">\n<p>Atrav\u00e9s da c\u00e2mera o sensor registra o disparo e envia para o aplicativo Guardian. A tecnologia de fotoverifica\u00e7\u00e3o verifica imediatamente a intrus\u00e3o.<\/p>\n<\/div>\n<\/div>\n\n\t\t<\/div>\n\t<\/div>\n<\/div><\/div><\/div><div class=\"wpb_column vc_column_container vc_col-md-6\"><div class=\"vc_column-inner \"><div class=\"wpb_wrapper\"><div class=\"wpb_single_image widget wpb_content_element vc_align_left\">\r\n\t\t\r\n\t\t<figure class=\"wpb_wrapper vc_figure\">\r\n\t\t\t<div class=\"vc_single_image-wrapper   vc_box_border_grey\"><img decoding=\"async\" class=\"vc_single_image-img\"  src=\"https:\/\/backend.intelbras.com\/sites\/default\/files\/styles\/large\/public\/2020-06\/2662-A-Novo-Flyer-Digital-IVP-8000-PET-CAM_bloco-01.jpg\" \/><\/div>\r\n\t\t<div class=\"description\">\r\n\t\t\t\r\n\t\t<\/div>\r\n\t\r\n\t\t<\/figure>\r\n\t<\/div><\/div><\/div><\/div><\/div><\/div><\/div><div class=\"vc_row wpb_row vc_row-fluid\"><div class=\"container\"><div class=\"row\"><div class=\"wpb_column vc_column_container vc_col-md-6\"><div class=\"vc_column-inner \"><div class=\"wpb_wrapper\"><div class=\"wpb_single_image widget wpb_content_element vc_align_left\">\r\n\t\t\r\n\t\t<figure class=\"wpb_wrapper vc_figure\">\r\n\t\t\t<div class=\"vc_single_image-wrapper   vc_box_border_grey\"><img decoding=\"async\" class=\"vc_single_image-img\"  src=\"https:\/\/backend.intelbras.com\/sites\/default\/files\/styles\/large\/public\/2020-06\/2662-A-Novo-Flyer-Digital-IVP-8000-PET-CAM_bloco-02.jpg\" \/><\/div>\r\n\t\t<div class=\"description\">\r\n\t\t\t\r\n\t\t<\/div>\r\n\t\r\n\t\t<\/figure>\r\n\t<\/div><\/div><\/div><\/div><div class=\"wpb_column vc_column_container vc_col-md-6\"><div class=\"vc_column-inner \"><div class=\"wpb_wrapper\">\n\t<div class=\"wpb_text_column wpb_content_element\" >\n\t\t<div class=\"wpb_wrapper\">\n\t\t\t<div class=\"mt2 mb2 \">\n<h2 class=\"weight--small-300 weight--large-200 h3\">Mais seguran\u00e7a para seu pet<\/h2>\n<\/div>\n<div class=\"text text--300\">\n<div class=\"block-template overflow-hidden\">\n<p>Desenvolvido com tecnologia PET Immunity at\u00e9 20 kg, o dispositivo \u00e9 capaz de identificar amea\u00e7as reais e distinguir pequenos animais.<\/p>\n<\/div>\n<\/div>\n\n\t\t<\/div>\n\t<\/div>\n<\/div><\/div><\/div><\/div><\/div><\/div><div class=\"vc_row wpb_row vc_row-fluid\"><div class=\"container\"><div class=\"row\"><div class=\"wpb_column vc_column_container vc_col-md-6\"><div class=\"vc_column-inner \"><div class=\"wpb_wrapper\">\n\t<div class=\"wpb_text_column wpb_content_element\" >\n\t\t<div class=\"wpb_wrapper\">\n\t\t\t<div class=\"mt2 mb2 \">\n<h2 class=\"weight--small-300 weight--large-200 h3\">Configura\u00e7\u00e3o atrav\u00e9s de software remoto<\/h2>\n<\/div>\n<div class=\"text text--300\">\n<div class=\"block-template overflow-hidden\">\n<p>Atrav\u00e9s do aplicativo AMT Remoto Mobile, \u00e9 poss\u00edvel configurar remotamente os n\u00edveis de sensibilidade do sensor adaptando ao local de instala\u00e7\u00e3o.<\/p>\n<\/div>\n<\/div>\n\n\t\t<\/div>\n\t<\/div>\n<\/div><\/div><\/div><div class=\"wpb_column vc_column_container vc_col-md-6\"><div class=\"vc_column-inner \"><div class=\"wpb_wrapper\"><div class=\"wpb_single_image widget wpb_content_element vc_align_left\">\r\n\t\t\r\n\t\t<figure class=\"wpb_wrapper vc_figure\">\r\n\t\t\t<div class=\"vc_single_image-wrapper   vc_box_border_grey\"><img decoding=\"async\" class=\"vc_single_image-img\"  src=\"https:\/\/backend.intelbras.com\/sites\/default\/files\/styles\/large\/public\/2020-06\/2662-A-Novo-Flyer-Digital-IVP-8000-PET-CAM_bloco-03.jpg\" \/><\/div>\r\n\t\t<div class=\"description\">\r\n\t\t\t\r\n\t\t<\/div>\r\n\t\r\n\t\t<\/figure>\r\n\t<\/div><\/div><\/div><\/div><\/div><\/div><\/div><div class=\"vc_row wpb_row vc_row-fluid\"><div class=\"container\"><div class=\"row\"><div class=\"wpb_column vc_column_container vc_col-md-6\"><div class=\"vc_column-inner \"><div class=\"wpb_wrapper\"><div class=\"wpb_single_image widget wpb_content_element vc_align_left\">\r\n\t\t\r\n\t\t<figure class=\"wpb_wrapper vc_figure\">\r\n\t\t\t<div class=\"vc_single_image-wrapper   vc_box_border_grey\"><img decoding=\"async\" class=\"vc_single_image-img\"  src=\"https:\/\/backend.intelbras.com\/sites\/default\/files\/styles\/large\/public\/2020-06\/2662-A-Novo-Flyer-Digital-IVP-8000-PET-CAM_bloco-04.jpg\" \/><\/div>\r\n\t\t<div class=\"description\">\r\n\t\t\t\r\n\t\t<\/div>\r\n\t\r\n\t\t<\/figure>\r\n\t<\/div><\/div><\/div><\/div><div class=\"wpb_column vc_column_container vc_col-md-6\"><div class=\"vc_column-inner \"><div class=\"wpb_wrapper\">\n\t<div class=\"wpb_text_column wpb_content_element\" >\n\t\t<div class=\"wpb_wrapper\">\n\t\t\t<div class=\"mt2 mb2 \">\n<h2 class=\"weight--small-300 weight--large-200 h3\">Sistema 8000<\/h2>\n<\/div>\n<div class=\"text text--300\">\n<div class=\"block-template overflow-hidden\">\n<p>O Sistema 8000 de alarmes e sensores \u00e9 totalmente sem fio e possui alta efici\u00eancia na comunica\u00e7\u00e3o, garantindo praticidade e maior alcance de cobertura.<\/p>\n<\/div>\n<\/div>\n\n\t\t<\/div>\n\t<\/div>\n<\/div><\/div><\/div><\/div><\/div><\/div><div class=\"vc_row wpb_row vc_row-fluid\"><div class=\"container\"><div class=\"row\"><div class=\"wpb_column vc_column_container vc_col-md-6\"><div class=\"vc_column-inner \"><div class=\"wpb_wrapper\">\n\t<div class=\"wpb_text_column wpb_content_element\" >\n\t\t<div class=\"wpb_wrapper\">\n\t\t\t<div class=\"mt2 mb2 \">\n<h2 class=\"weight--small-300 weight--large-200 h3\">Longo alcance<\/h2>\n<\/div>\n<div class=\"text text--300\">\n<div class=\"block-template overflow-hidden\">\n<p>Com alcance de transmiss\u00e3o de at\u00e9 600 metros, pode ser aplicado em pontos distantes ao posicionamento da central de alarmes.<\/p>\n<\/div>\n<\/div>\n\n\t\t<\/div>\n\t<\/div>\n<\/div><\/div><\/div><div class=\"wpb_column vc_column_container vc_col-md-6\"><div class=\"vc_column-inner \"><div class=\"wpb_wrapper\"><div class=\"wpb_single_image widget wpb_content_element vc_align_left\">\r\n\t\t\r\n\t\t<figure class=\"wpb_wrapper vc_figure\">\r\n\t\t\t<div class=\"vc_single_image-wrapper   vc_box_border_grey\"><img decoding=\"async\" class=\"vc_single_image-img\"  src=\"https:\/\/backend.intelbras.com\/sites\/default\/files\/styles\/large\/public\/2020-06\/2662-A-Novo-Flyer-Digital-IVP-8000-PET-CAM_bloco-05.jpg\" \/><\/div>\r\n\t\t<div class=\"description\">\r\n\t\t\t\r\n\t\t<\/div>\r\n\t\r\n\t\t<\/figure>\r\n\t<\/div><\/div><\/div><\/div><\/div><\/div><\/div>\n<\/div>","protected":false},"excerpt":{"rendered":"<p>Com c\u00e2mera integrada ao circuito de detec\u00e7\u00e3o, o sensor de movimento infravermelho passivo IVP 8000 Pet Cam \u00e9 a solu\u00e7\u00e3o perfeita para verifica\u00e7\u00e3o visual de disparos.<br \/>\nNo momento da intrus\u00e3o, o sensor de registra a foto do ambiente e envia para a central de alarme AMT 8000.<br \/>\nAssim, \u00e9 poss\u00edvel fazer uma avalia\u00e7\u00e3o precisa do evento visualizando a imagem pelo aplicativo de monitoramento.<\/p>\n<p>Caracter\u00edsticas:<\/p>\n<p>2 baterias de lithium CR123A &#8211; 3V<br \/>\nAlcance de comunica\u00e7\u00e3o sem fio de 600 metros sem barreira<br \/>\nFormato da Imagem em QVGA<br \/>\nComunica\u00e7\u00e3o bidirecional e supervisionada<br \/>\nEntrada para fonte de alimenta\u00e7\u00e3o de 7V \/ 500mA<br \/>\nConfigura\u00e7\u00e3o de at\u00e9 4 n\u00edveis de sensibilidade<\/p>\n","protected":false},"featured_media":8598,"comment_status":"open","ping_status":"closed","template":"","meta":[],"product_brand":[],"product_cat":[2736,2741,2739],"product_tag":[1255,2149,2150,2143,2144,2148,2147,173,2063],"class_list":{"0":"post-8601","1":"product","2":"type-product","3":"status-publish","4":"has-post-thumbnail","6":"product_cat-linha-de-alarmes","7":"product_cat-sensores-de-alarme-movimento","8":"product_cat-sensores-de-alarme","9":"product_tag-intelbras","10":"product_tag-ivp-8000-pet-cam","11":"product_tag-ivp-8000-pet-cam-intelbras","12":"product_tag-sensor-de-alarme","13":"product_tag-sensor-de-movimento","14":"product_tag-sensor-infravermelho","15":"product_tag-sensor-infravermelho-intelbras","16":"product_tag-sensor-passivo","17":"product_tag-sensor-passivo-intelbras","19":"first","20":"instock","21":"shipping-taxable","22":"purchasable","23":"product-type-simple"},"yoast_head":"<!-- This site is optimized with the Yoast SEO plugin v27.4 - https:\/\/yoast.com\/product\/yoast-seo-wordpress\/ -->\n<title>Sensor de Movimento Infravermelho Passivo Sem Fio C\/ C\u00e2mera Intelbras IVP 8000 PET CAM - Loja Melhor do Sul Sistemas de Seguran\u00e7a<\/title>\n<meta name=\"robots\" content=\"index, follow, max-snippet:-1, max-image-preview:large, max-video-preview:-1\" \/>\n<link rel=\"canonical\" href=\"https:\/\/www.lojamelhordosul.com.br\/site\/produto\/sensor-de-movimento-infravermelho-passivo-sem-fio-c-camera-intelbras-ivp-8000-pet-cam\/\" \/>\n<meta property=\"og:locale\" content=\"pt_BR\" \/>\n<meta property=\"og:type\" content=\"article\" \/>\n<meta property=\"og:title\" content=\"Sensor de Movimento Infravermelho Passivo Sem Fio C\/ C\u00e2mera Intelbras IVP 8000 PET CAM - Loja Melhor do Sul Sistemas de Seguran\u00e7a\" \/>\n<meta property=\"og:description\" content=\"Com c\u00e2mera integrada ao circuito de detec\u00e7\u00e3o, o sensor de movimento infravermelho passivo IVP 8000 Pet Cam \u00e9 a solu\u00e7\u00e3o perfeita para verifica\u00e7\u00e3o visual de disparos. No momento da intrus\u00e3o, o sensor de registra a foto do ambiente e envia para a central de alarme AMT 8000. Assim, \u00e9 poss\u00edvel fazer uma avalia\u00e7\u00e3o precisa do evento visualizando a imagem pelo aplicativo de monitoramento.  Caracter\u00edsticas:  2 baterias de lithium CR123A - 3V Alcance de comunica\u00e7\u00e3o sem fio de 600 metros sem barreira Formato da Imagem em QVGA Comunica\u00e7\u00e3o bidirecional e supervisionada Entrada para fonte de alimenta\u00e7\u00e3o de 7V \/ 500mA Configura\u00e7\u00e3o de at\u00e9 4 n\u00edveis de sensibilidade\" \/>\n<meta property=\"og:url\" content=\"https:\/\/www.lojamelhordosul.com.br\/site\/produto\/sensor-de-movimento-infravermelho-passivo-sem-fio-c-camera-intelbras-ivp-8000-pet-cam\/\" \/>\n<meta property=\"og:site_name\" content=\"Loja Melhor do Sul Sistemas de Seguran\u00e7a\" \/>\n<meta property=\"article:modified_time\" content=\"2026-03-11T20:29:46+00:00\" \/>\n<meta property=\"og:image\" content=\"https:\/\/www.lojamelhordosul.com.br\/site\/wp-content\/uploads\/2020\/08\/IVP-8000-PET-Camera.png\" \/>\n\t<meta property=\"og:image:width\" content=\"1000\" \/>\n\t<meta property=\"og:image:height\" content=\"1000\" \/>\n\t<meta property=\"og:image:type\" content=\"image\/png\" \/>\n<meta name=\"twitter:card\" content=\"summary_large_image\" \/>\n<meta name=\"twitter:label1\" content=\"Est. tempo de leitura\" \/>\n\t<meta name=\"twitter:data1\" content=\"1 minuto\" \/>\n<script type=\"application\/ld+json\" class=\"yoast-schema-graph\">{\"@context\":\"https:\\\/\\\/schema.org\",\"@graph\":[{\"@type\":\"WebPage\",\"@id\":\"https:\\\/\\\/www.lojamelhordosul.com.br\\\/site\\\/produto\\\/sensor-de-movimento-infravermelho-passivo-sem-fio-c-camera-intelbras-ivp-8000-pet-cam\\\/\",\"url\":\"https:\\\/\\\/www.lojamelhordosul.com.br\\\/site\\\/produto\\\/sensor-de-movimento-infravermelho-passivo-sem-fio-c-camera-intelbras-ivp-8000-pet-cam\\\/\",\"name\":\"Sensor de Movimento Infravermelho Passivo Sem Fio C\\\/ C\u00e2mera Intelbras IVP 8000 PET CAM - Loja Melhor do Sul Sistemas de Seguran\u00e7a\",\"isPartOf\":{\"@id\":\"https:\\\/\\\/www.lojamelhordosul.com.br\\\/site\\\/#website\"},\"primaryImageOfPage\":{\"@id\":\"https:\\\/\\\/www.lojamelhordosul.com.br\\\/site\\\/produto\\\/sensor-de-movimento-infravermelho-passivo-sem-fio-c-camera-intelbras-ivp-8000-pet-cam\\\/#primaryimage\"},\"image\":{\"@id\":\"https:\\\/\\\/www.lojamelhordosul.com.br\\\/site\\\/produto\\\/sensor-de-movimento-infravermelho-passivo-sem-fio-c-camera-intelbras-ivp-8000-pet-cam\\\/#primaryimage\"},\"thumbnailUrl\":\"https:\\\/\\\/www.lojamelhordosul.com.br\\\/site\\\/wp-content\\\/uploads\\\/2020\\\/08\\\/IVP-8000-PET-Camera.png\",\"datePublished\":\"2020-08-26T19:21:48+00:00\",\"dateModified\":\"2026-03-11T20:29:46+00:00\",\"breadcrumb\":{\"@id\":\"https:\\\/\\\/www.lojamelhordosul.com.br\\\/site\\\/produto\\\/sensor-de-movimento-infravermelho-passivo-sem-fio-c-camera-intelbras-ivp-8000-pet-cam\\\/#breadcrumb\"},\"inLanguage\":\"pt-BR\",\"potentialAction\":[{\"@type\":\"ReadAction\",\"target\":[\"https:\\\/\\\/www.lojamelhordosul.com.br\\\/site\\\/produto\\\/sensor-de-movimento-infravermelho-passivo-sem-fio-c-camera-intelbras-ivp-8000-pet-cam\\\/\"]}]},{\"@type\":\"ImageObject\",\"inLanguage\":\"pt-BR\",\"@id\":\"https:\\\/\\\/www.lojamelhordosul.com.br\\\/site\\\/produto\\\/sensor-de-movimento-infravermelho-passivo-sem-fio-c-camera-intelbras-ivp-8000-pet-cam\\\/#primaryimage\",\"url\":\"https:\\\/\\\/www.lojamelhordosul.com.br\\\/site\\\/wp-content\\\/uploads\\\/2020\\\/08\\\/IVP-8000-PET-Camera.png\",\"contentUrl\":\"https:\\\/\\\/www.lojamelhordosul.com.br\\\/site\\\/wp-content\\\/uploads\\\/2020\\\/08\\\/IVP-8000-PET-Camera.png\",\"width\":\"1000\",\"height\":\"1000\"},{\"@type\":\"BreadcrumbList\",\"@id\":\"https:\\\/\\\/www.lojamelhordosul.com.br\\\/site\\\/produto\\\/sensor-de-movimento-infravermelho-passivo-sem-fio-c-camera-intelbras-ivp-8000-pet-cam\\\/#breadcrumb\",\"itemListElement\":[{\"@type\":\"ListItem\",\"position\":1,\"name\":\"In\u00edcio\",\"item\":\"https:\\\/\\\/www.lojamelhordosul.com.br\\\/site\\\/\"},{\"@type\":\"ListItem\",\"position\":2,\"name\":\"Loja\",\"item\":\"https:\\\/\\\/www.lojamelhordosul.com.br\\\/site\\\/loja\\\/\"},{\"@type\":\"ListItem\",\"position\":3,\"name\":\"Sensor de Movimento Infravermelho Passivo Sem Fio C\\\/ C\u00e2mera Intelbras IVP 8000 PET CAM\"}]},{\"@type\":\"WebSite\",\"@id\":\"https:\\\/\\\/www.lojamelhordosul.com.br\\\/site\\\/#website\",\"url\":\"https:\\\/\\\/www.lojamelhordosul.com.br\\\/site\\\/\",\"name\":\"Loja Melhor do Sul Sistemas de Seguran\u00e7a\",\"description\":\"Loja Melhor do Sul - Revenda Ouro Intelbras em Porto Alegre\",\"publisher\":{\"@id\":\"https:\\\/\\\/www.lojamelhordosul.com.br\\\/site\\\/#organization\"},\"potentialAction\":[{\"@type\":\"SearchAction\",\"target\":{\"@type\":\"EntryPoint\",\"urlTemplate\":\"https:\\\/\\\/www.lojamelhordosul.com.br\\\/site\\\/?s={search_term_string}\"},\"query-input\":{\"@type\":\"PropertyValueSpecification\",\"valueRequired\":true,\"valueName\":\"search_term_string\"}}],\"inLanguage\":\"pt-BR\"},{\"@type\":\"Organization\",\"@id\":\"https:\\\/\\\/www.lojamelhordosul.com.br\\\/site\\\/#organization\",\"name\":\"Loja Melhor do Sul\",\"url\":\"https:\\\/\\\/www.lojamelhordosul.com.br\\\/site\\\/\",\"logo\":{\"@type\":\"ImageObject\",\"inLanguage\":\"pt-BR\",\"@id\":\"https:\\\/\\\/www.lojamelhordosul.com.br\\\/site\\\/#\\\/schema\\\/logo\\\/image\\\/\",\"url\":\"https:\\\/\\\/www.lojamelhordosul.com.br\\\/site\\\/wp-content\\\/uploads\\\/2019\\\/10\\\/logo-longo-da-loja.png\",\"contentUrl\":\"https:\\\/\\\/www.lojamelhordosul.com.br\\\/site\\\/wp-content\\\/uploads\\\/2019\\\/10\\\/logo-longo-da-loja.png\",\"width\":597,\"height\":114,\"caption\":\"Loja Melhor do Sul\"},\"image\":{\"@id\":\"https:\\\/\\\/www.lojamelhordosul.com.br\\\/site\\\/#\\\/schema\\\/logo\\\/image\\\/\"}}]}<\/script>\n<!-- \/ Yoast SEO plugin. -->","yoast_head_json":{"title":"Sensor de Movimento Infravermelho Passivo Sem Fio C\/ C\u00e2mera Intelbras IVP 8000 PET CAM - Loja Melhor do Sul Sistemas de Seguran\u00e7a","robots":{"index":"index","follow":"follow","max-snippet":"max-snippet:-1","max-image-preview":"max-image-preview:large","max-video-preview":"max-video-preview:-1"},"canonical":"https:\/\/www.lojamelhordosul.com.br\/site\/produto\/sensor-de-movimento-infravermelho-passivo-sem-fio-c-camera-intelbras-ivp-8000-pet-cam\/","og_locale":"pt_BR","og_type":"article","og_title":"Sensor de Movimento Infravermelho Passivo Sem Fio C\/ C\u00e2mera Intelbras IVP 8000 PET CAM - Loja Melhor do Sul Sistemas de Seguran\u00e7a","og_description":"Com c\u00e2mera integrada ao circuito de detec\u00e7\u00e3o, o sensor de movimento infravermelho passivo IVP 8000 Pet Cam \u00e9 a solu\u00e7\u00e3o perfeita para verifica\u00e7\u00e3o visual de disparos. No momento da intrus\u00e3o, o sensor de registra a foto do ambiente e envia para a central de alarme AMT 8000. Assim, \u00e9 poss\u00edvel fazer uma avalia\u00e7\u00e3o precisa do evento visualizando a imagem pelo aplicativo de monitoramento.  Caracter\u00edsticas:  2 baterias de lithium CR123A - 3V Alcance de comunica\u00e7\u00e3o sem fio de 600 metros sem barreira Formato da Imagem em QVGA Comunica\u00e7\u00e3o bidirecional e supervisionada Entrada para fonte de alimenta\u00e7\u00e3o de 7V \/ 500mA Configura\u00e7\u00e3o de at\u00e9 4 n\u00edveis de sensibilidade","og_url":"https:\/\/www.lojamelhordosul.com.br\/site\/produto\/sensor-de-movimento-infravermelho-passivo-sem-fio-c-camera-intelbras-ivp-8000-pet-cam\/","og_site_name":"Loja Melhor do Sul Sistemas de Seguran\u00e7a","article_modified_time":"2026-03-11T20:29:46+00:00","og_image":[{"width":1000,"height":1000,"url":"https:\/\/www.lojamelhordosul.com.br\/site\/wp-content\/uploads\/2020\/08\/IVP-8000-PET-Camera.png","type":"image\/png"}],"twitter_card":"summary_large_image","twitter_misc":{"Est. tempo de leitura":"1 minuto"},"schema":{"@context":"https:\/\/schema.org","@graph":[{"@type":"WebPage","@id":"https:\/\/www.lojamelhordosul.com.br\/site\/produto\/sensor-de-movimento-infravermelho-passivo-sem-fio-c-camera-intelbras-ivp-8000-pet-cam\/","url":"https:\/\/www.lojamelhordosul.com.br\/site\/produto\/sensor-de-movimento-infravermelho-passivo-sem-fio-c-camera-intelbras-ivp-8000-pet-cam\/","name":"Sensor de Movimento Infravermelho Passivo Sem Fio C\/ C\u00e2mera Intelbras IVP 8000 PET CAM - Loja Melhor do Sul Sistemas de Seguran\u00e7a","isPartOf":{"@id":"https:\/\/www.lojamelhordosul.com.br\/site\/#website"},"primaryImageOfPage":{"@id":"https:\/\/www.lojamelhordosul.com.br\/site\/produto\/sensor-de-movimento-infravermelho-passivo-sem-fio-c-camera-intelbras-ivp-8000-pet-cam\/#primaryimage"},"image":{"@id":"https:\/\/www.lojamelhordosul.com.br\/site\/produto\/sensor-de-movimento-infravermelho-passivo-sem-fio-c-camera-intelbras-ivp-8000-pet-cam\/#primaryimage"},"thumbnailUrl":"https:\/\/www.lojamelhordosul.com.br\/site\/wp-content\/uploads\/2020\/08\/IVP-8000-PET-Camera.png","datePublished":"2020-08-26T19:21:48+00:00","dateModified":"2026-03-11T20:29:46+00:00","breadcrumb":{"@id":"https:\/\/www.lojamelhordosul.com.br\/site\/produto\/sensor-de-movimento-infravermelho-passivo-sem-fio-c-camera-intelbras-ivp-8000-pet-cam\/#breadcrumb"},"inLanguage":"pt-BR","potentialAction":[{"@type":"ReadAction","target":["https:\/\/www.lojamelhordosul.com.br\/site\/produto\/sensor-de-movimento-infravermelho-passivo-sem-fio-c-camera-intelbras-ivp-8000-pet-cam\/"]}]},{"@type":"ImageObject","inLanguage":"pt-BR","@id":"https:\/\/www.lojamelhordosul.com.br\/site\/produto\/sensor-de-movimento-infravermelho-passivo-sem-fio-c-camera-intelbras-ivp-8000-pet-cam\/#primaryimage","url":"https:\/\/www.lojamelhordosul.com.br\/site\/wp-content\/uploads\/2020\/08\/IVP-8000-PET-Camera.png","contentUrl":"https:\/\/www.lojamelhordosul.com.br\/site\/wp-content\/uploads\/2020\/08\/IVP-8000-PET-Camera.png","width":"1000","height":"1000"},{"@type":"BreadcrumbList","@id":"https:\/\/www.lojamelhordosul.com.br\/site\/produto\/sensor-de-movimento-infravermelho-passivo-sem-fio-c-camera-intelbras-ivp-8000-pet-cam\/#breadcrumb","itemListElement":[{"@type":"ListItem","position":1,"name":"In\u00edcio","item":"https:\/\/www.lojamelhordosul.com.br\/site\/"},{"@type":"ListItem","position":2,"name":"Loja","item":"https:\/\/www.lojamelhordosul.com.br\/site\/loja\/"},{"@type":"ListItem","position":3,"name":"Sensor de Movimento Infravermelho Passivo Sem Fio C\/ C\u00e2mera Intelbras IVP 8000 PET CAM"}]},{"@type":"WebSite","@id":"https:\/\/www.lojamelhordosul.com.br\/site\/#website","url":"https:\/\/www.lojamelhordosul.com.br\/site\/","name":"Loja Melhor do Sul Sistemas de Seguran\u00e7a","description":"Loja Melhor do Sul - Revenda Ouro Intelbras em Porto Alegre","publisher":{"@id":"https:\/\/www.lojamelhordosul.com.br\/site\/#organization"},"potentialAction":[{"@type":"SearchAction","target":{"@type":"EntryPoint","urlTemplate":"https:\/\/www.lojamelhordosul.com.br\/site\/?s={search_term_string}"},"query-input":{"@type":"PropertyValueSpecification","valueRequired":true,"valueName":"search_term_string"}}],"inLanguage":"pt-BR"},{"@type":"Organization","@id":"https:\/\/www.lojamelhordosul.com.br\/site\/#organization","name":"Loja Melhor do Sul","url":"https:\/\/www.lojamelhordosul.com.br\/site\/","logo":{"@type":"ImageObject","inLanguage":"pt-BR","@id":"https:\/\/www.lojamelhordosul.com.br\/site\/#\/schema\/logo\/image\/","url":"https:\/\/www.lojamelhordosul.com.br\/site\/wp-content\/uploads\/2019\/10\/logo-longo-da-loja.png","contentUrl":"https:\/\/www.lojamelhordosul.com.br\/site\/wp-content\/uploads\/2019\/10\/logo-longo-da-loja.png","width":597,"height":114,"caption":"Loja Melhor do Sul"},"image":{"@id":"https:\/\/www.lojamelhordosul.com.br\/site\/#\/schema\/logo\/image\/"}}]}},"_links":{"self":[{"href":"https:\/\/www.lojamelhordosul.com.br\/site\/wp-json\/wp\/v2\/product\/8601","targetHints":{"allow":["GET"]}}],"collection":[{"href":"https:\/\/www.lojamelhordosul.com.br\/site\/wp-json\/wp\/v2\/product"}],"about":[{"href":"https:\/\/www.lojamelhordosul.com.br\/site\/wp-json\/wp\/v2\/types\/product"}],"replies":[{"embeddable":true,"href":"https:\/\/www.lojamelhordosul.com.br\/site\/wp-json\/wp\/v2\/comments?post=8601"}],"wp:featuredmedia":[{"embeddable":true,"href":"https:\/\/www.lojamelhordosul.com.br\/site\/wp-json\/wp\/v2\/media\/8598"}],"wp:attachment":[{"href":"https:\/\/www.lojamelhordosul.com.br\/site\/wp-json\/wp\/v2\/media?parent=8601"}],"wp:term":[{"taxonomy":"product_brand","embeddable":true,"href":"https:\/\/www.lojamelhordosul.com.br\/site\/wp-json\/wp\/v2\/product_brand?post=8601"},{"taxonomy":"product_cat","embeddable":true,"href":"https:\/\/www.lojamelhordosul.com.br\/site\/wp-json\/wp\/v2\/product_cat?post=8601"},{"taxonomy":"product_tag","embeddable":true,"href":"https:\/\/www.lojamelhordosul.com.br\/site\/wp-json\/wp\/v2\/product_tag?post=8601"}],"curies":[{"name":"wp","href":"https:\/\/api.w.org\/{rel}","templated":true}]}}