{"id":8718,"date":"2020-08-31T13:53:58","date_gmt":"2020-08-31T16:53:58","guid":{"rendered":"https:\/\/www.lojamelhordosul.com.br\/site\/?post_type=product&#038;p=8718"},"modified":"2026-03-11T16:06:41","modified_gmt":"2026-03-11T19:06:41","slug":"fonte-chaveada-de-alimentacao-intelbras-128v-5a-ef-1205","status":"publish","type":"product","link":"https:\/\/www.lojamelhordosul.com.br\/site\/produto\/fonte-chaveada-de-alimentacao-intelbras-128v-5a-ef-1205\/","title":{"rendered":"Fonte Chaveada de Alimenta\u00e7\u00e3o Intelbras EF 1205"},"content":{"rendered":"<div class=\"wpb-content-wrapper\"><div class=\"vc_row wpb_row vc_row-fluid\"><div class=\"container\"><div class=\"row\"><div class=\"wpb_column vc_column_container vc_col-md-12\"><div class=\"vc_column-inner \"><div class=\"wpb_wrapper\"><div class=\"wpb_single_image widget wpb_content_element vc_align_center\">\r\n\t\t\r\n\t\t<figure class=\"wpb_wrapper vc_figure\">\r\n\t\t\t<div class=\"vc_single_image-wrapper   vc_box_border_grey\"><img decoding=\"async\" class=\"vc_single_image-img\"  src=\"https:\/\/www.lojamelhordosul.com.br\/site\/wp-content\/uploads\/2020\/06\/Logo-Site-2020.png\" \/><\/div>\r\n\t\t<div class=\"description\">\r\n\t\t\t\r\n\t\t<\/div>\r\n\t\r\n\t\t<\/figure>\r\n\t<\/div><\/div><\/div><\/div><\/div><\/div><\/div><div class=\"vc_row wpb_row vc_row-fluid\"><div class=\"container\"><div class=\"row\"><div class=\"wpb_column vc_column_container vc_col-md-6\"><div class=\"vc_column-inner \"><div class=\"wpb_wrapper\">\n\t<div class=\"wpb_text_column wpb_content_element\" >\n\t\t<div class=\"wpb_wrapper\">\n\t\t\t<div class=\"mt2 mb2 \">\n<h2 class=\"weight--small-300 weight--large-200 h3\">Prote\u00e7\u00e3o total contra curto-circuito e sobrecarga<\/h2>\n<\/div>\n<div class=\"text text--300\">\n<div class=\"block-template overflow-hidden\">\n<p>Previne danos, protege contra sobretens\u00e3o e possui filtro contra ru\u00eddos e interfer\u00eancias, proporcionando qualidade de imagem.<\/p>\n<\/div>\n<\/div>\n\n\t\t<\/div>\n\t<\/div>\n<\/div><\/div><\/div><div class=\"wpb_column vc_column_container vc_col-md-6\"><div class=\"vc_column-inner \"><div class=\"wpb_wrapper\"><div class=\"wpb_single_image widget wpb_content_element vc_align_left\">\r\n\t\t\r\n\t\t<figure class=\"wpb_wrapper vc_figure\">\r\n\t\t\t<div class=\"vc_single_image-wrapper   vc_box_border_grey\"><img decoding=\"async\" class=\"vc_single_image-img\"  src=\"https:\/\/backend.intelbras.com\/sites\/default\/files\/styles\/large\/public\/2019-09\/FlyerDigital_EF_1205_01-19_01.jpg\" \/><\/div>\r\n\t\t<div class=\"description\">\r\n\t\t\t\r\n\t\t<\/div>\r\n\t\r\n\t\t<\/figure>\r\n\t<\/div><\/div><\/div><\/div><\/div><\/div><\/div><div class=\"vc_row wpb_row vc_row-fluid\"><div class=\"container\"><div class=\"row\"><div class=\"wpb_column vc_column_container vc_col-md-6\"><div class=\"vc_column-inner \"><div class=\"wpb_wrapper\"><div class=\"wpb_single_image widget wpb_content_element vc_align_left\">\r\n\t\t\r\n\t\t<figure class=\"wpb_wrapper vc_figure\">\r\n\t\t\t<div class=\"vc_single_image-wrapper   vc_box_border_grey\"><img decoding=\"async\" class=\"vc_single_image-img\"  src=\"https:\/\/backend.intelbras.com\/sites\/default\/files\/styles\/large\/public\/2019-09\/FlyerDigital_EF_1205_01-19_02.jpg\" \/><\/div>\r\n\t\t<div class=\"description\">\r\n\t\t\t\r\n\t\t<\/div>\r\n\t\r\n\t\t<\/figure>\r\n\t<\/div><\/div><\/div><\/div><div class=\"wpb_column vc_column_container vc_col-md-6\"><div class=\"vc_column-inner \"><div class=\"wpb_wrapper\">\n\t<div class=\"wpb_text_column wpb_content_element\" >\n\t\t<div class=\"wpb_wrapper\">\n\t\t\t<div class=\"mt2 mb2 \">\n<h2 class=\"weight--small-300 weight--large-200 h3\">Mais economia<\/h2>\n<\/div>\n<div class=\"text text--300\">\n<div class=\"block-template overflow-hidden\">\n<p>Por possuir maior rendimento, a EF 1205 alimenta at\u00e9 20 c\u00e2meras HD\u00b9, muito mais que os concorrentes.<\/p>\n<p><em>\u00b9 Considerando a c\u00e2mera com um consumo de 250 mA<\/em><\/p>\n<\/div>\n<\/div>\n\n\t\t<\/div>\n\t<\/div>\n<\/div><\/div><\/div><\/div><\/div><\/div><div class=\"vc_row wpb_row vc_row-fluid\"><div class=\"container\"><div class=\"row\"><div class=\"wpb_column vc_column_container vc_col-md-6\"><div class=\"vc_column-inner \"><div class=\"wpb_wrapper\">\n\t<div class=\"wpb_text_column wpb_content_element\" >\n\t\t<div class=\"wpb_wrapper\">\n\t\t\t<div class=\"mt2 mb2 \">\n<h2 class=\"weight--small-300 weight--large-200 h3\">Garantia de 1 ano mesmo com o P4 cortado<\/h2>\n<\/div>\n<div class=\"text text--300\">\n<div class=\"block-template overflow-hidden\">\n<p>A Intelbras garante a troca do produto em caso de inefici\u00eancia em at\u00e9 1 ano, mesmo com o conector P4 cortado.<\/p>\n<\/div>\n<\/div>\n\n\t\t<\/div>\n\t<\/div>\n<\/div><\/div><\/div><div class=\"wpb_column vc_column_container vc_col-md-6\"><div class=\"vc_column-inner \"><div class=\"wpb_wrapper\"><div class=\"wpb_single_image widget wpb_content_element vc_align_left\">\r\n\t\t\r\n\t\t<figure class=\"wpb_wrapper vc_figure\">\r\n\t\t\t<div class=\"vc_single_image-wrapper   vc_box_border_grey\"><img decoding=\"async\" class=\"vc_single_image-img\"  src=\"https:\/\/backend.intelbras.com\/sites\/default\/files\/styles\/large\/public\/2019-09\/FlyerDigital_EF_1205_01-19_03.jpg\" \/><\/div>\r\n\t\t<div class=\"description\">\r\n\t\t\t\r\n\t\t<\/div>\r\n\t\r\n\t\t<\/figure>\r\n\t<\/div><\/div><\/div><\/div><\/div><\/div><\/div><div class=\"vc_row wpb_row vc_row-fluid\"><div class=\"container\"><div class=\"row\"><div class=\"wpb_column vc_column_container vc_col-md-6\"><div class=\"vc_column-inner \"><div class=\"wpb_wrapper\"><div class=\"wpb_single_image widget wpb_content_element vc_align_left\">\r\n\t\t\r\n\t\t<figure class=\"wpb_wrapper vc_figure\">\r\n\t\t\t<div class=\"vc_single_image-wrapper   vc_box_border_grey\"><img decoding=\"async\" class=\"vc_single_image-img\"  src=\"https:\/\/backend.intelbras.com\/sites\/default\/files\/styles\/large\/public\/2019-09\/FlyerDigital_EF_1205_01-19_04.jpg\" \/><\/div>\r\n\t\t<div class=\"description\">\r\n\t\t\t\r\n\t\t<\/div>\r\n\t\r\n\t\t<\/figure>\r\n\t<\/div><\/div><\/div><\/div><div class=\"wpb_column vc_column_container vc_col-md-6\"><div class=\"vc_column-inner \"><div class=\"wpb_wrapper\">\n\t<div class=\"wpb_text_column wpb_content_element\" >\n\t\t<div class=\"wpb_wrapper\">\n\t\t\t<div class=\"mt2 mb2 \">\n<h2 class=\"weight--small-300 weight--large-200 h3\">Perda de tens\u00e3o n\u00e3o \u00e9 mais problema<\/h2>\n<\/div>\n<div class=\"text text--300\">\n<div class=\"block-template overflow-hidden\">\n<p>Com tens\u00e3o de sa\u00edda em 12,8 Vdc, a EF 1205 foi desenvolvida especialmente para alimentar equipamentos instalados a maiores dist\u00e2ncias.<\/p>\n<\/div>\n<\/div>\n\n\t\t<\/div>\n\t<\/div>\n<\/div><\/div><\/div><\/div><\/div><\/div>\n<\/div>","protected":false},"excerpt":{"rendered":"<p>Com a fonte de alimenta\u00e7\u00e3o EF 1205 da Intelbras, voc\u00ea tem imagens de alta qualidade nos projetos de CFTV e n\u00e3o se preocupa com problemas futuros.<\/p>\n<p>\u2022 Transmite v\u00eddeo via cabo UTP CAT5e ou CAT6 at\u00e9 400 M<br \/>\n\u2022 Dispon\u00edvel em 16, 8 e 4 canais<br \/>\n\u2022 Pode ser usado em conjunto com os modelos de<br \/>\nbaluns Intelbras XBP 401 e XBP 402<br \/>\n\u2022 CFTV anal\u00f3gico<br \/>\n\u2022 Prote\u00e7\u00e3o contra surtos de tens\u00e3o<br \/>\n\u2022 Filtro contra interfer\u00eancia e ru\u00eddos<\/p>\n","protected":false},"featured_media":8720,"comment_status":"open","ping_status":"closed","template":"","meta":{"rs_blank_template":"","rs_page_bg_color":"","slide_template_v7":""},"product_brand":[],"product_cat":[2799,2802],"product_tag":[],"class_list":{"0":"post-8718","1":"product","2":"type-product","3":"status-publish","4":"has-post-thumbnail","6":"product_cat-linha-de-energia","7":"product_cat-energia-fontes","9":"first","10":"instock","11":"shipping-taxable","12":"purchasable","13":"product-type-simple"},"yoast_head":"<!-- This site is optimized with the Yoast SEO plugin v27.6 - https:\/\/yoast.com\/product\/yoast-seo-wordpress\/ -->\n<title>Fonte Chaveada de Alimenta\u00e7\u00e3o Intelbras EF 1205 - Loja Melhor do Sul Sistemas de Seguran\u00e7a<\/title>\n<meta name=\"robots\" content=\"index, follow, max-snippet:-1, max-image-preview:large, max-video-preview:-1\" \/>\n<link rel=\"canonical\" href=\"https:\/\/www.lojamelhordosul.com.br\/site\/produto\/fonte-chaveada-de-alimentacao-intelbras-128v-5a-ef-1205\/\" \/>\n<meta property=\"og:locale\" content=\"pt_BR\" \/>\n<meta property=\"og:type\" content=\"article\" \/>\n<meta property=\"og:title\" content=\"Fonte Chaveada de Alimenta\u00e7\u00e3o Intelbras EF 1205 - Loja Melhor do Sul Sistemas de Seguran\u00e7a\" \/>\n<meta property=\"og:description\" content=\"Com a fonte de alimenta\u00e7\u00e3o EF 1205 da Intelbras, voc\u00ea tem imagens de alta qualidade nos projetos de CFTV e n\u00e3o se preocupa com problemas futuros.  \u2022 Transmite v\u00eddeo via cabo UTP CAT5e ou CAT6 at\u00e9 400 M \u2022 Dispon\u00edvel em 16, 8 e 4 canais \u2022 Pode ser usado em conjunto com os modelos de baluns Intelbras XBP 401 e XBP 402 \u2022 CFTV anal\u00f3gico \u2022 Prote\u00e7\u00e3o contra surtos de tens\u00e3o \u2022 Filtro contra interfer\u00eancia e ru\u00eddos\" \/>\n<meta property=\"og:url\" content=\"https:\/\/www.lojamelhordosul.com.br\/site\/produto\/fonte-chaveada-de-alimentacao-intelbras-128v-5a-ef-1205\/\" \/>\n<meta property=\"og:site_name\" content=\"Loja Melhor do Sul Sistemas de Seguran\u00e7a\" \/>\n<meta property=\"article:modified_time\" content=\"2026-03-11T19:06:41+00:00\" \/>\n<meta property=\"og:image\" content=\"https:\/\/www.lojamelhordosul.com.br\/site\/wp-content\/uploads\/2020\/08\/EF-1205-Intelbras.png\" \/>\n\t<meta property=\"og:image:width\" content=\"1000\" \/>\n\t<meta property=\"og:image:height\" content=\"1000\" \/>\n\t<meta property=\"og:image:type\" content=\"image\/png\" \/>\n<meta name=\"twitter:card\" content=\"summary_large_image\" \/>\n<meta name=\"twitter:label1\" content=\"Est. tempo de leitura\" \/>\n\t<meta name=\"twitter:data1\" content=\"1 minuto\" \/>\n<script type=\"application\/ld+json\" class=\"yoast-schema-graph\">{\"@context\":\"https:\\\/\\\/schema.org\",\"@graph\":[{\"@type\":\"WebPage\",\"@id\":\"https:\\\/\\\/www.lojamelhordosul.com.br\\\/site\\\/produto\\\/fonte-chaveada-de-alimentacao-intelbras-128v-5a-ef-1205\\\/\",\"url\":\"https:\\\/\\\/www.lojamelhordosul.com.br\\\/site\\\/produto\\\/fonte-chaveada-de-alimentacao-intelbras-128v-5a-ef-1205\\\/\",\"name\":\"Fonte Chaveada de Alimenta\u00e7\u00e3o Intelbras EF 1205 - Loja Melhor do Sul Sistemas de Seguran\u00e7a\",\"isPartOf\":{\"@id\":\"https:\\\/\\\/www.lojamelhordosul.com.br\\\/site\\\/#website\"},\"primaryImageOfPage\":{\"@id\":\"https:\\\/\\\/www.lojamelhordosul.com.br\\\/site\\\/produto\\\/fonte-chaveada-de-alimentacao-intelbras-128v-5a-ef-1205\\\/#primaryimage\"},\"image\":{\"@id\":\"https:\\\/\\\/www.lojamelhordosul.com.br\\\/site\\\/produto\\\/fonte-chaveada-de-alimentacao-intelbras-128v-5a-ef-1205\\\/#primaryimage\"},\"thumbnailUrl\":\"https:\\\/\\\/www.lojamelhordosul.com.br\\\/site\\\/wp-content\\\/uploads\\\/2020\\\/08\\\/EF-1205-Intelbras.png\",\"datePublished\":\"2020-08-31T16:53:58+00:00\",\"dateModified\":\"2026-03-11T19:06:41+00:00\",\"breadcrumb\":{\"@id\":\"https:\\\/\\\/www.lojamelhordosul.com.br\\\/site\\\/produto\\\/fonte-chaveada-de-alimentacao-intelbras-128v-5a-ef-1205\\\/#breadcrumb\"},\"inLanguage\":\"pt-BR\",\"potentialAction\":[{\"@type\":\"ReadAction\",\"target\":[\"https:\\\/\\\/www.lojamelhordosul.com.br\\\/site\\\/produto\\\/fonte-chaveada-de-alimentacao-intelbras-128v-5a-ef-1205\\\/\"]}]},{\"@type\":\"ImageObject\",\"inLanguage\":\"pt-BR\",\"@id\":\"https:\\\/\\\/www.lojamelhordosul.com.br\\\/site\\\/produto\\\/fonte-chaveada-de-alimentacao-intelbras-128v-5a-ef-1205\\\/#primaryimage\",\"url\":\"https:\\\/\\\/www.lojamelhordosul.com.br\\\/site\\\/wp-content\\\/uploads\\\/2020\\\/08\\\/EF-1205-Intelbras.png\",\"contentUrl\":\"https:\\\/\\\/www.lojamelhordosul.com.br\\\/site\\\/wp-content\\\/uploads\\\/2020\\\/08\\\/EF-1205-Intelbras.png\",\"width\":1000,\"height\":1000},{\"@type\":\"BreadcrumbList\",\"@id\":\"https:\\\/\\\/www.lojamelhordosul.com.br\\\/site\\\/produto\\\/fonte-chaveada-de-alimentacao-intelbras-128v-5a-ef-1205\\\/#breadcrumb\",\"itemListElement\":[{\"@type\":\"ListItem\",\"position\":1,\"name\":\"In\u00edcio\",\"item\":\"https:\\\/\\\/www.lojamelhordosul.com.br\\\/site\\\/\"},{\"@type\":\"ListItem\",\"position\":2,\"name\":\"Loja\",\"item\":\"https:\\\/\\\/www.lojamelhordosul.com.br\\\/site\\\/loja\\\/\"},{\"@type\":\"ListItem\",\"position\":3,\"name\":\"Fonte Chaveada de Alimenta\u00e7\u00e3o Intelbras EF 1205\"}]},{\"@type\":\"WebSite\",\"@id\":\"https:\\\/\\\/www.lojamelhordosul.com.br\\\/site\\\/#website\",\"url\":\"https:\\\/\\\/www.lojamelhordosul.com.br\\\/site\\\/\",\"name\":\"Loja Melhor do Sul Sistemas de Seguran\u00e7a\",\"description\":\"Loja Melhor do Sul - Revenda Ouro Intelbras em Porto Alegre\",\"publisher\":{\"@id\":\"https:\\\/\\\/www.lojamelhordosul.com.br\\\/site\\\/#organization\"},\"potentialAction\":[{\"@type\":\"SearchAction\",\"target\":{\"@type\":\"EntryPoint\",\"urlTemplate\":\"https:\\\/\\\/www.lojamelhordosul.com.br\\\/site\\\/?s={search_term_string}\"},\"query-input\":{\"@type\":\"PropertyValueSpecification\",\"valueRequired\":true,\"valueName\":\"search_term_string\"}}],\"inLanguage\":\"pt-BR\"},{\"@type\":\"Organization\",\"@id\":\"https:\\\/\\\/www.lojamelhordosul.com.br\\\/site\\\/#organization\",\"name\":\"Loja Melhor do Sul\",\"url\":\"https:\\\/\\\/www.lojamelhordosul.com.br\\\/site\\\/\",\"logo\":{\"@type\":\"ImageObject\",\"inLanguage\":\"pt-BR\",\"@id\":\"https:\\\/\\\/www.lojamelhordosul.com.br\\\/site\\\/#\\\/schema\\\/logo\\\/image\\\/\",\"url\":\"https:\\\/\\\/www.lojamelhordosul.com.br\\\/site\\\/wp-content\\\/uploads\\\/2019\\\/10\\\/logo-longo-da-loja.png\",\"contentUrl\":\"https:\\\/\\\/www.lojamelhordosul.com.br\\\/site\\\/wp-content\\\/uploads\\\/2019\\\/10\\\/logo-longo-da-loja.png\",\"width\":597,\"height\":114,\"caption\":\"Loja Melhor do Sul\"},\"image\":{\"@id\":\"https:\\\/\\\/www.lojamelhordosul.com.br\\\/site\\\/#\\\/schema\\\/logo\\\/image\\\/\"}}]}<\/script>\n<!-- \/ Yoast SEO plugin. -->","yoast_head_json":{"title":"Fonte Chaveada de Alimenta\u00e7\u00e3o Intelbras EF 1205 - Loja Melhor do Sul Sistemas de Seguran\u00e7a","robots":{"index":"index","follow":"follow","max-snippet":"max-snippet:-1","max-image-preview":"max-image-preview:large","max-video-preview":"max-video-preview:-1"},"canonical":"https:\/\/www.lojamelhordosul.com.br\/site\/produto\/fonte-chaveada-de-alimentacao-intelbras-128v-5a-ef-1205\/","og_locale":"pt_BR","og_type":"article","og_title":"Fonte Chaveada de Alimenta\u00e7\u00e3o Intelbras EF 1205 - Loja Melhor do Sul Sistemas de Seguran\u00e7a","og_description":"Com a fonte de alimenta\u00e7\u00e3o EF 1205 da Intelbras, voc\u00ea tem imagens de alta qualidade nos projetos de CFTV e n\u00e3o se preocupa com problemas futuros.  \u2022 Transmite v\u00eddeo via cabo UTP CAT5e ou CAT6 at\u00e9 400 M \u2022 Dispon\u00edvel em 16, 8 e 4 canais \u2022 Pode ser usado em conjunto com os modelos de baluns Intelbras XBP 401 e XBP 402 \u2022 CFTV anal\u00f3gico \u2022 Prote\u00e7\u00e3o contra surtos de tens\u00e3o \u2022 Filtro contra interfer\u00eancia e ru\u00eddos","og_url":"https:\/\/www.lojamelhordosul.com.br\/site\/produto\/fonte-chaveada-de-alimentacao-intelbras-128v-5a-ef-1205\/","og_site_name":"Loja Melhor do Sul Sistemas de Seguran\u00e7a","article_modified_time":"2026-03-11T19:06:41+00:00","og_image":[{"width":1000,"height":1000,"url":"https:\/\/www.lojamelhordosul.com.br\/site\/wp-content\/uploads\/2020\/08\/EF-1205-Intelbras.png","type":"image\/png"}],"twitter_card":"summary_large_image","twitter_misc":{"Est. tempo de leitura":"1 minuto"},"schema":{"@context":"https:\/\/schema.org","@graph":[{"@type":"WebPage","@id":"https:\/\/www.lojamelhordosul.com.br\/site\/produto\/fonte-chaveada-de-alimentacao-intelbras-128v-5a-ef-1205\/","url":"https:\/\/www.lojamelhordosul.com.br\/site\/produto\/fonte-chaveada-de-alimentacao-intelbras-128v-5a-ef-1205\/","name":"Fonte Chaveada de Alimenta\u00e7\u00e3o Intelbras EF 1205 - Loja Melhor do Sul Sistemas de Seguran\u00e7a","isPartOf":{"@id":"https:\/\/www.lojamelhordosul.com.br\/site\/#website"},"primaryImageOfPage":{"@id":"https:\/\/www.lojamelhordosul.com.br\/site\/produto\/fonte-chaveada-de-alimentacao-intelbras-128v-5a-ef-1205\/#primaryimage"},"image":{"@id":"https:\/\/www.lojamelhordosul.com.br\/site\/produto\/fonte-chaveada-de-alimentacao-intelbras-128v-5a-ef-1205\/#primaryimage"},"thumbnailUrl":"https:\/\/www.lojamelhordosul.com.br\/site\/wp-content\/uploads\/2020\/08\/EF-1205-Intelbras.png","datePublished":"2020-08-31T16:53:58+00:00","dateModified":"2026-03-11T19:06:41+00:00","breadcrumb":{"@id":"https:\/\/www.lojamelhordosul.com.br\/site\/produto\/fonte-chaveada-de-alimentacao-intelbras-128v-5a-ef-1205\/#breadcrumb"},"inLanguage":"pt-BR","potentialAction":[{"@type":"ReadAction","target":["https:\/\/www.lojamelhordosul.com.br\/site\/produto\/fonte-chaveada-de-alimentacao-intelbras-128v-5a-ef-1205\/"]}]},{"@type":"ImageObject","inLanguage":"pt-BR","@id":"https:\/\/www.lojamelhordosul.com.br\/site\/produto\/fonte-chaveada-de-alimentacao-intelbras-128v-5a-ef-1205\/#primaryimage","url":"https:\/\/www.lojamelhordosul.com.br\/site\/wp-content\/uploads\/2020\/08\/EF-1205-Intelbras.png","contentUrl":"https:\/\/www.lojamelhordosul.com.br\/site\/wp-content\/uploads\/2020\/08\/EF-1205-Intelbras.png","width":1000,"height":1000},{"@type":"BreadcrumbList","@id":"https:\/\/www.lojamelhordosul.com.br\/site\/produto\/fonte-chaveada-de-alimentacao-intelbras-128v-5a-ef-1205\/#breadcrumb","itemListElement":[{"@type":"ListItem","position":1,"name":"In\u00edcio","item":"https:\/\/www.lojamelhordosul.com.br\/site\/"},{"@type":"ListItem","position":2,"name":"Loja","item":"https:\/\/www.lojamelhordosul.com.br\/site\/loja\/"},{"@type":"ListItem","position":3,"name":"Fonte Chaveada de Alimenta\u00e7\u00e3o Intelbras EF 1205"}]},{"@type":"WebSite","@id":"https:\/\/www.lojamelhordosul.com.br\/site\/#website","url":"https:\/\/www.lojamelhordosul.com.br\/site\/","name":"Loja Melhor do Sul Sistemas de Seguran\u00e7a","description":"Loja Melhor do Sul - Revenda Ouro Intelbras em Porto Alegre","publisher":{"@id":"https:\/\/www.lojamelhordosul.com.br\/site\/#organization"},"potentialAction":[{"@type":"SearchAction","target":{"@type":"EntryPoint","urlTemplate":"https:\/\/www.lojamelhordosul.com.br\/site\/?s={search_term_string}"},"query-input":{"@type":"PropertyValueSpecification","valueRequired":true,"valueName":"search_term_string"}}],"inLanguage":"pt-BR"},{"@type":"Organization","@id":"https:\/\/www.lojamelhordosul.com.br\/site\/#organization","name":"Loja Melhor do Sul","url":"https:\/\/www.lojamelhordosul.com.br\/site\/","logo":{"@type":"ImageObject","inLanguage":"pt-BR","@id":"https:\/\/www.lojamelhordosul.com.br\/site\/#\/schema\/logo\/image\/","url":"https:\/\/www.lojamelhordosul.com.br\/site\/wp-content\/uploads\/2019\/10\/logo-longo-da-loja.png","contentUrl":"https:\/\/www.lojamelhordosul.com.br\/site\/wp-content\/uploads\/2019\/10\/logo-longo-da-loja.png","width":597,"height":114,"caption":"Loja Melhor do Sul"},"image":{"@id":"https:\/\/www.lojamelhordosul.com.br\/site\/#\/schema\/logo\/image\/"}}]}},"_links":{"self":[{"href":"https:\/\/www.lojamelhordosul.com.br\/site\/wp-json\/wp\/v2\/product\/8718","targetHints":{"allow":["GET"]}}],"collection":[{"href":"https:\/\/www.lojamelhordosul.com.br\/site\/wp-json\/wp\/v2\/product"}],"about":[{"href":"https:\/\/www.lojamelhordosul.com.br\/site\/wp-json\/wp\/v2\/types\/product"}],"replies":[{"embeddable":true,"href":"https:\/\/www.lojamelhordosul.com.br\/site\/wp-json\/wp\/v2\/comments?post=8718"}],"wp:featuredmedia":[{"embeddable":true,"href":"https:\/\/www.lojamelhordosul.com.br\/site\/wp-json\/wp\/v2\/media\/8720"}],"wp:attachment":[{"href":"https:\/\/www.lojamelhordosul.com.br\/site\/wp-json\/wp\/v2\/media?parent=8718"}],"wp:term":[{"taxonomy":"product_brand","embeddable":true,"href":"https:\/\/www.lojamelhordosul.com.br\/site\/wp-json\/wp\/v2\/product_brand?post=8718"},{"taxonomy":"product_cat","embeddable":true,"href":"https:\/\/www.lojamelhordosul.com.br\/site\/wp-json\/wp\/v2\/product_cat?post=8718"},{"taxonomy":"product_tag","embeddable":true,"href":"https:\/\/www.lojamelhordosul.com.br\/site\/wp-json\/wp\/v2\/product_tag?post=8718"}],"curies":[{"name":"wp","href":"https:\/\/api.w.org\/{rel}","templated":true}]}}