{"id":8763,"date":"2020-09-02T11:44:18","date_gmt":"2020-09-02T14:44:18","guid":{"rendered":"https:\/\/www.lojamelhordosul.com.br\/site\/?post_type=product&#038;p=8763"},"modified":"2026-03-11T14:52:53","modified_gmt":"2026-03-11T17:52:53","slug":"sensor-passivo-infravermelho-externo-sem-fio-intelbras-ivp-8000-ex","status":"publish","type":"product","link":"https:\/\/www.lojamelhordosul.com.br\/site\/produto\/sensor-passivo-infravermelho-externo-sem-fio-intelbras-ivp-8000-ex\/","title":{"rendered":"Sensor Passivo Infravermelho Externo Sem Fio Intelbras IVP 8000 EX"},"content":{"rendered":"<div class=\"wpb-content-wrapper\"><div class=\"vc_row wpb_row vc_row-fluid\"><div class=\"container\"><div class=\"row\"><div class=\"wpb_column vc_column_container vc_col-md-12\"><div class=\"vc_column-inner \"><div class=\"wpb_wrapper\"><div class=\"wpb_single_image widget wpb_content_element vc_align_center\">\r\n\t\t\r\n\t\t<figure class=\"wpb_wrapper vc_figure\">\r\n\t\t\t<div class=\"vc_single_image-wrapper   vc_box_border_grey\"><img decoding=\"async\" class=\"vc_single_image-img\"  src=\"https:\/\/www.lojamelhordosul.com.br\/site\/wp-content\/uploads\/2020\/06\/Logo-Site-2020.png\" \/><\/div>\r\n\t\t<div class=\"description\">\r\n\t\t\t\r\n\t\t<\/div>\r\n\t\r\n\t\t<\/figure>\r\n\t<\/div><\/div><\/div><\/div><\/div><\/div><\/div><div class=\"vc_row wpb_row vc_row-fluid\"><div class=\"container\"><div class=\"row\"><div class=\"wpb_column vc_column_container vc_col-md-6\"><div class=\"vc_column-inner \"><div class=\"wpb_wrapper\">\n\t<div class=\"wpb_text_column wpb_content_element\" >\n\t\t<div class=\"wpb_wrapper\">\n\t\t\t<div class=\"mt2 mb2 \">\n<h2 class=\"weight--small-300 weight--large-200 h3\">Sensor para \u00e1rea externa<\/h2>\n<\/div>\n<div class=\"text text--300\">\n<div class=\"block-template overflow-hidden\">\n<p>Pode ser aplicado em instala\u00e7\u00f5es externas, sem ocorr\u00eancias de falsos disparos.<\/p>\n<\/div>\n<\/div>\n\n\t\t<\/div>\n\t<\/div>\n<\/div><\/div><\/div><div class=\"wpb_column vc_column_container vc_col-md-6\"><div class=\"vc_column-inner \"><div class=\"wpb_wrapper\"><div class=\"wpb_single_image widget wpb_content_element vc_align_left\">\r\n\t\t\r\n\t\t<figure class=\"wpb_wrapper vc_figure\">\r\n\t\t\t<div class=\"vc_single_image-wrapper   vc_box_border_grey\"><img decoding=\"async\" class=\"vc_single_image-img\"  src=\"https:\/\/backend.intelbras.com\/sites\/default\/files\/styles\/large\/public\/2019-05\/426-A-Flyer-Digital-IVP-8000-EX_06.jpg\" \/><\/div>\r\n\t\t<div class=\"description\">\r\n\t\t\t\r\n\t\t<\/div>\r\n\t\r\n\t\t<\/figure>\r\n\t<\/div><\/div><\/div><\/div><\/div><\/div><\/div><div class=\"vc_row wpb_row vc_row-fluid\"><div class=\"container\"><div class=\"row\"><div class=\"wpb_column vc_column_container vc_col-md-6\"><div class=\"vc_column-inner \"><div class=\"wpb_wrapper\"><div class=\"wpb_single_image widget wpb_content_element vc_align_left\">\r\n\t\t\r\n\t\t<figure class=\"wpb_wrapper vc_figure\">\r\n\t\t\t<div class=\"vc_single_image-wrapper   vc_box_border_grey\"><img decoding=\"async\" class=\"vc_single_image-img\"  src=\"https:\/\/backend.intelbras.com\/sites\/default\/files\/styles\/large\/public\/2020-06\/funcao-antisabotagem-sensor-externo-ivp-8000-ex.jpg\" \/><\/div>\r\n\t\t<div class=\"description\">\r\n\t\t\t\r\n\t\t<\/div>\r\n\t\r\n\t\t<\/figure>\r\n\t<\/div><\/div><\/div><\/div><div class=\"wpb_column vc_column_container vc_col-md-6\"><div class=\"vc_column-inner \"><div class=\"wpb_wrapper\">\n\t<div class=\"wpb_text_column wpb_content_element\" >\n\t\t<div class=\"wpb_wrapper\">\n\t\t\t<div class=\"mt2 mb2 \">\n<h2 class=\"weight--small-300 weight--large-200 h3\">Fun\u00e7\u00e3o antissabotagem<\/h2>\n<\/div>\n<div class=\"text text--300\">\n<div class=\"block-template overflow-hidden\">\n<p>Identifica inclina\u00e7\u00e3o horizontal\/vertical da instala\u00e7\u00e3o. Caso ocorra sabotagem do posicionamento, uma sinaliza\u00e7\u00e3o de tamper \u00e9 enviada \u00e0 central.<\/p>\n<\/div>\n<\/div>\n\n\t\t<\/div>\n\t<\/div>\n<\/div><\/div><\/div><\/div><\/div><\/div><div class=\"vc_row wpb_row vc_row-fluid\"><div class=\"container\"><div class=\"row\"><div class=\"wpb_column vc_column_container vc_col-md-6\"><div class=\"vc_column-inner \"><div class=\"wpb_wrapper\">\n\t<div class=\"wpb_text_column wpb_content_element\" >\n\t\t<div class=\"wpb_wrapper\">\n\t\t\t<div class=\"mt2 mb2 \">\n<h2 class=\"weight--small-300 weight--large-200 h3\">Fun\u00e7\u00e3o PET Immunity<\/h2>\n<\/div>\n<div class=\"text text--300\">\n<div class=\"block-template overflow-hidden\">\n<p>Permite a instala\u00e7\u00e3o em locais com animais rasteiros de at\u00e9 30kg.<\/p>\n<\/div>\n<\/div>\n\n\t\t<\/div>\n\t<\/div>\n<\/div><\/div><\/div><div class=\"wpb_column vc_column_container vc_col-md-6\"><div class=\"vc_column-inner \"><div class=\"wpb_wrapper\"><div class=\"wpb_single_image widget wpb_content_element vc_align_left\">\r\n\t\t\r\n\t\t<figure class=\"wpb_wrapper vc_figure\">\r\n\t\t\t<div class=\"vc_single_image-wrapper   vc_box_border_grey\"><img decoding=\"async\" class=\"vc_single_image-img\"  src=\"https:\/\/backend.intelbras.com\/sites\/default\/files\/styles\/large\/public\/2019-05\/426-A-Flyer-Digital-IVP-8000-EX_12.jpg\" \/><\/div>\r\n\t\t<div class=\"description\">\r\n\t\t\t\r\n\t\t<\/div>\r\n\t\r\n\t\t<\/figure>\r\n\t<\/div><\/div><\/div><\/div><\/div><\/div><\/div><div class=\"vc_row wpb_row vc_row-fluid\"><div class=\"container\"><div class=\"row\"><div class=\"wpb_column vc_column_container vc_col-md-6\"><div class=\"vc_column-inner \"><div class=\"wpb_wrapper\"><div class=\"wpb_single_image widget wpb_content_element vc_align_left\">\r\n\t\t\r\n\t\t<figure class=\"wpb_wrapper vc_figure\">\r\n\t\t\t<div class=\"vc_single_image-wrapper   vc_box_border_grey\"><img decoding=\"async\" class=\"vc_single_image-img\"  src=\"https:\/\/backend.intelbras.com\/sites\/default\/files\/styles\/large\/public\/2019-05\/426-A-Flyer-Digital-IVP-8000-EX_14.jpg\" \/><\/div>\r\n\t\t<div class=\"description\">\r\n\t\t\t\r\n\t\t<\/div>\r\n\t\r\n\t\t<\/figure>\r\n\t<\/div><\/div><\/div><\/div><div class=\"wpb_column vc_column_container vc_col-md-6\"><div class=\"vc_column-inner \"><div class=\"wpb_wrapper\">\n\t<div class=\"wpb_text_column wpb_content_element\" >\n\t\t<div class=\"wpb_wrapper\">\n\t\t\t<div class=\"mt2 mb2 \">\n<h2 class=\"weight--small-300 weight--large-200 h3\">Comunica\u00e7\u00e3o sem fio bidirecional supervisionada<\/h2>\n<\/div>\n<div class=\"text text--300\">\n<div class=\"block-template overflow-hidden\">\n<p>O sensor IVP 8000 EX comunica constantemente com a central, realizando a supervis\u00e3o em tempo real do status de funcionamento.<\/p>\n<\/div>\n<\/div>\n\n\t\t<\/div>\n\t<\/div>\n<\/div><\/div><\/div><\/div><\/div><\/div>\n<\/div>","protected":false},"excerpt":{"rendered":"<p>O IVP 8000 EX comp\u00f5e a s\u00e9rie 8000, sendo a solu\u00e7\u00e3o sem fio<br \/>\npara \u00e1rea externa. Com comunica\u00e7\u00e3o bidirecional supervisionada<br \/>\ne fun\u00e7\u00e3o Pet Immunity, pode ser instalado em locais com<br \/>\nvaria\u00e7\u00f5es clim\u00e1ticas e presen\u00e7a de animais de at\u00e9 30kg.<\/p>\n<p>Caracter\u00edsticas<br \/>\n&#8211; Sensor de movimento infravermelho passivo sem fio para \u00e1rea<br \/>\nexterna<br \/>\n&#8211; Detec\u00e7\u00e3o de movimentos atrav\u00e9s de dois canais piroel\u00e9tricos<br \/>\n&#8211; Alcance de prote\u00e7\u00e3o do infravermelho de 12 metros com \u00e2ngulo de 110\u00b0<br \/>\n&#8211; Fun\u00e7\u00e3o PET IMMUNITY para animais de at\u00e9 30 kg<br \/>\n&#8211; Chave tamper frontal antivandalismo<br \/>\n&#8211; Fun\u00e7\u00e3o anti-sabotagem atrav\u00e9s da detec\u00e7\u00e3o da varia\u00e7\u00e3o do posicionamento de instala\u00e7\u00e3o<\/p>\n<p>Caracter\u00edsticas T\u00e9cnicas<br \/>\n&#8211; 1 bateria de lithium CR123A &#8211; 3V<br \/>\n&#8211; Alcance de comunica\u00e7\u00e3o sem fio de 600 metros sem barreira<br \/>\n&#8211; Bateria de longa dura\u00e7\u00e3o<br \/>\n&#8211; Comunica\u00e7\u00e3o bidirecional e supervisionada<br \/>\n&#8211; Configura\u00e7\u00e3o de at\u00e9 4 n\u00edveis de sensibilidade<\/p>\n","protected":false},"featured_media":8764,"comment_status":"open","ping_status":"closed","template":"","meta":[],"product_brand":[],"product_cat":[2736,2741,2739],"product_tag":[1255,2181,2182,602,633,2148,2147,173,2183,2179,2063],"class_list":{"0":"post-8763","1":"product","2":"type-product","3":"status-publish","4":"has-post-thumbnail","6":"product_cat-linha-de-alarmes","7":"product_cat-sensores-de-alarme-movimento","8":"product_cat-sensores-de-alarme","9":"product_tag-intelbras","10":"product_tag-ivp-8000-ex","11":"product_tag-ivp-8000-ex-intelbras","12":"product_tag-sensor-externo","13":"product_tag-sensor-externo-intelbras","14":"product_tag-sensor-infravermelho","15":"product_tag-sensor-infravermelho-intelbras","16":"product_tag-sensor-passivo","17":"product_tag-sensor-passivo-externo","18":"product_tag-sensor-passivo-infravermelho","19":"product_tag-sensor-passivo-intelbras","21":"first","22":"instock","23":"shipping-taxable","24":"purchasable","25":"product-type-simple"},"yoast_head":"<!-- This site is optimized with the Yoast SEO plugin v27.3 - https:\/\/yoast.com\/product\/yoast-seo-wordpress\/ -->\n<title>Sensor Passivo Infravermelho Externo Sem Fio Intelbras IVP 8000 EX - Loja Melhor do Sul Sistemas de Seguran\u00e7a<\/title>\n<meta name=\"robots\" content=\"index, follow, max-snippet:-1, max-image-preview:large, max-video-preview:-1\" \/>\n<link rel=\"canonical\" href=\"https:\/\/www.lojamelhordosul.com.br\/site\/produto\/sensor-passivo-infravermelho-externo-sem-fio-intelbras-ivp-8000-ex\/\" \/>\n<meta property=\"og:locale\" content=\"pt_BR\" \/>\n<meta property=\"og:type\" content=\"article\" \/>\n<meta property=\"og:title\" content=\"Sensor Passivo Infravermelho Externo Sem Fio Intelbras IVP 8000 EX - Loja Melhor do Sul Sistemas de Seguran\u00e7a\" \/>\n<meta property=\"og:description\" content=\"O IVP 8000 EX comp\u00f5e a s\u00e9rie 8000, sendo a solu\u00e7\u00e3o sem fio para \u00e1rea externa. Com comunica\u00e7\u00e3o bidirecional supervisionada e fun\u00e7\u00e3o Pet Immunity, pode ser instalado em locais com varia\u00e7\u00f5es clim\u00e1ticas e presen\u00e7a de animais de at\u00e9 30kg.  Caracter\u00edsticas - Sensor de movimento infravermelho passivo sem fio para \u00e1rea externa - Detec\u00e7\u00e3o de movimentos atrav\u00e9s de dois canais piroel\u00e9tricos - Alcance de prote\u00e7\u00e3o do infravermelho de 12 metros com \u00e2ngulo de 110\u00b0 - Fun\u00e7\u00e3o PET IMMUNITY para animais de at\u00e9 30 kg - Chave tamper frontal antivandalismo - Fun\u00e7\u00e3o anti-sabotagem atrav\u00e9s da detec\u00e7\u00e3o da varia\u00e7\u00e3o do posicionamento de instala\u00e7\u00e3o  Caracter\u00edsticas T\u00e9cnicas - 1 bateria de lithium CR123A - 3V - Alcance de comunica\u00e7\u00e3o sem fio de 600 metros sem barreira - Bateria de longa dura\u00e7\u00e3o - Comunica\u00e7\u00e3o bidirecional e supervisionada - Configura\u00e7\u00e3o de at\u00e9 4 n\u00edveis de sensibilidade\" \/>\n<meta property=\"og:url\" content=\"https:\/\/www.lojamelhordosul.com.br\/site\/produto\/sensor-passivo-infravermelho-externo-sem-fio-intelbras-ivp-8000-ex\/\" \/>\n<meta property=\"og:site_name\" content=\"Loja Melhor do Sul Sistemas de Seguran\u00e7a\" \/>\n<meta property=\"article:modified_time\" content=\"2026-03-11T17:52:53+00:00\" \/>\n<meta property=\"og:image\" content=\"https:\/\/www.lojamelhordosul.com.br\/site\/wp-content\/uploads\/2020\/09\/IVP-8000-EX-Intelbras.png\" \/>\n\t<meta property=\"og:image:width\" content=\"1416\" \/>\n\t<meta property=\"og:image:height\" content=\"1416\" \/>\n\t<meta property=\"og:image:type\" content=\"image\/png\" \/>\n<meta name=\"twitter:card\" content=\"summary_large_image\" \/>\n<meta name=\"twitter:label1\" content=\"Est. tempo de leitura\" \/>\n\t<meta name=\"twitter:data1\" content=\"1 minuto\" \/>\n<script type=\"application\/ld+json\" class=\"yoast-schema-graph\">{\"@context\":\"https:\\\/\\\/schema.org\",\"@graph\":[{\"@type\":\"WebPage\",\"@id\":\"https:\\\/\\\/www.lojamelhordosul.com.br\\\/site\\\/produto\\\/sensor-passivo-infravermelho-externo-sem-fio-intelbras-ivp-8000-ex\\\/\",\"url\":\"https:\\\/\\\/www.lojamelhordosul.com.br\\\/site\\\/produto\\\/sensor-passivo-infravermelho-externo-sem-fio-intelbras-ivp-8000-ex\\\/\",\"name\":\"Sensor Passivo Infravermelho Externo Sem Fio Intelbras IVP 8000 EX - Loja Melhor do Sul Sistemas de Seguran\u00e7a\",\"isPartOf\":{\"@id\":\"https:\\\/\\\/www.lojamelhordosul.com.br\\\/site\\\/#website\"},\"primaryImageOfPage\":{\"@id\":\"https:\\\/\\\/www.lojamelhordosul.com.br\\\/site\\\/produto\\\/sensor-passivo-infravermelho-externo-sem-fio-intelbras-ivp-8000-ex\\\/#primaryimage\"},\"image\":{\"@id\":\"https:\\\/\\\/www.lojamelhordosul.com.br\\\/site\\\/produto\\\/sensor-passivo-infravermelho-externo-sem-fio-intelbras-ivp-8000-ex\\\/#primaryimage\"},\"thumbnailUrl\":\"https:\\\/\\\/www.lojamelhordosul.com.br\\\/site\\\/wp-content\\\/uploads\\\/2020\\\/09\\\/IVP-8000-EX-Intelbras.png\",\"datePublished\":\"2020-09-02T14:44:18+00:00\",\"dateModified\":\"2026-03-11T17:52:53+00:00\",\"breadcrumb\":{\"@id\":\"https:\\\/\\\/www.lojamelhordosul.com.br\\\/site\\\/produto\\\/sensor-passivo-infravermelho-externo-sem-fio-intelbras-ivp-8000-ex\\\/#breadcrumb\"},\"inLanguage\":\"pt-BR\",\"potentialAction\":[{\"@type\":\"ReadAction\",\"target\":[\"https:\\\/\\\/www.lojamelhordosul.com.br\\\/site\\\/produto\\\/sensor-passivo-infravermelho-externo-sem-fio-intelbras-ivp-8000-ex\\\/\"]}]},{\"@type\":\"ImageObject\",\"inLanguage\":\"pt-BR\",\"@id\":\"https:\\\/\\\/www.lojamelhordosul.com.br\\\/site\\\/produto\\\/sensor-passivo-infravermelho-externo-sem-fio-intelbras-ivp-8000-ex\\\/#primaryimage\",\"url\":\"https:\\\/\\\/www.lojamelhordosul.com.br\\\/site\\\/wp-content\\\/uploads\\\/2020\\\/09\\\/IVP-8000-EX-Intelbras.png\",\"contentUrl\":\"https:\\\/\\\/www.lojamelhordosul.com.br\\\/site\\\/wp-content\\\/uploads\\\/2020\\\/09\\\/IVP-8000-EX-Intelbras.png\",\"width\":\"1416\",\"height\":\"1416\"},{\"@type\":\"BreadcrumbList\",\"@id\":\"https:\\\/\\\/www.lojamelhordosul.com.br\\\/site\\\/produto\\\/sensor-passivo-infravermelho-externo-sem-fio-intelbras-ivp-8000-ex\\\/#breadcrumb\",\"itemListElement\":[{\"@type\":\"ListItem\",\"position\":1,\"name\":\"In\u00edcio\",\"item\":\"https:\\\/\\\/www.lojamelhordosul.com.br\\\/site\\\/\"},{\"@type\":\"ListItem\",\"position\":2,\"name\":\"Loja\",\"item\":\"https:\\\/\\\/www.lojamelhordosul.com.br\\\/site\\\/loja\\\/\"},{\"@type\":\"ListItem\",\"position\":3,\"name\":\"Sensor Passivo Infravermelho Externo Sem Fio Intelbras IVP 8000 EX\"}]},{\"@type\":\"WebSite\",\"@id\":\"https:\\\/\\\/www.lojamelhordosul.com.br\\\/site\\\/#website\",\"url\":\"https:\\\/\\\/www.lojamelhordosul.com.br\\\/site\\\/\",\"name\":\"Loja Melhor do Sul Sistemas de Seguran\u00e7a\",\"description\":\"Loja Melhor do Sul - Revenda Ouro Intelbras em Porto Alegre\",\"publisher\":{\"@id\":\"https:\\\/\\\/www.lojamelhordosul.com.br\\\/site\\\/#organization\"},\"potentialAction\":[{\"@type\":\"SearchAction\",\"target\":{\"@type\":\"EntryPoint\",\"urlTemplate\":\"https:\\\/\\\/www.lojamelhordosul.com.br\\\/site\\\/?s={search_term_string}\"},\"query-input\":{\"@type\":\"PropertyValueSpecification\",\"valueRequired\":true,\"valueName\":\"search_term_string\"}}],\"inLanguage\":\"pt-BR\"},{\"@type\":\"Organization\",\"@id\":\"https:\\\/\\\/www.lojamelhordosul.com.br\\\/site\\\/#organization\",\"name\":\"Loja Melhor do Sul\",\"url\":\"https:\\\/\\\/www.lojamelhordosul.com.br\\\/site\\\/\",\"logo\":{\"@type\":\"ImageObject\",\"inLanguage\":\"pt-BR\",\"@id\":\"https:\\\/\\\/www.lojamelhordosul.com.br\\\/site\\\/#\\\/schema\\\/logo\\\/image\\\/\",\"url\":\"https:\\\/\\\/www.lojamelhordosul.com.br\\\/site\\\/wp-content\\\/uploads\\\/2019\\\/10\\\/logo-longo-da-loja.png\",\"contentUrl\":\"https:\\\/\\\/www.lojamelhordosul.com.br\\\/site\\\/wp-content\\\/uploads\\\/2019\\\/10\\\/logo-longo-da-loja.png\",\"width\":597,\"height\":114,\"caption\":\"Loja Melhor do Sul\"},\"image\":{\"@id\":\"https:\\\/\\\/www.lojamelhordosul.com.br\\\/site\\\/#\\\/schema\\\/logo\\\/image\\\/\"}}]}<\/script>\n<!-- \/ Yoast SEO plugin. -->","yoast_head_json":{"title":"Sensor Passivo Infravermelho Externo Sem Fio Intelbras IVP 8000 EX - Loja Melhor do Sul Sistemas de Seguran\u00e7a","robots":{"index":"index","follow":"follow","max-snippet":"max-snippet:-1","max-image-preview":"max-image-preview:large","max-video-preview":"max-video-preview:-1"},"canonical":"https:\/\/www.lojamelhordosul.com.br\/site\/produto\/sensor-passivo-infravermelho-externo-sem-fio-intelbras-ivp-8000-ex\/","og_locale":"pt_BR","og_type":"article","og_title":"Sensor Passivo Infravermelho Externo Sem Fio Intelbras IVP 8000 EX - Loja Melhor do Sul Sistemas de Seguran\u00e7a","og_description":"O IVP 8000 EX comp\u00f5e a s\u00e9rie 8000, sendo a solu\u00e7\u00e3o sem fio para \u00e1rea externa. Com comunica\u00e7\u00e3o bidirecional supervisionada e fun\u00e7\u00e3o Pet Immunity, pode ser instalado em locais com varia\u00e7\u00f5es clim\u00e1ticas e presen\u00e7a de animais de at\u00e9 30kg.  Caracter\u00edsticas - Sensor de movimento infravermelho passivo sem fio para \u00e1rea externa - Detec\u00e7\u00e3o de movimentos atrav\u00e9s de dois canais piroel\u00e9tricos - Alcance de prote\u00e7\u00e3o do infravermelho de 12 metros com \u00e2ngulo de 110\u00b0 - Fun\u00e7\u00e3o PET IMMUNITY para animais de at\u00e9 30 kg - Chave tamper frontal antivandalismo - Fun\u00e7\u00e3o anti-sabotagem atrav\u00e9s da detec\u00e7\u00e3o da varia\u00e7\u00e3o do posicionamento de instala\u00e7\u00e3o  Caracter\u00edsticas T\u00e9cnicas - 1 bateria de lithium CR123A - 3V - Alcance de comunica\u00e7\u00e3o sem fio de 600 metros sem barreira - Bateria de longa dura\u00e7\u00e3o - Comunica\u00e7\u00e3o bidirecional e supervisionada - Configura\u00e7\u00e3o de at\u00e9 4 n\u00edveis de sensibilidade","og_url":"https:\/\/www.lojamelhordosul.com.br\/site\/produto\/sensor-passivo-infravermelho-externo-sem-fio-intelbras-ivp-8000-ex\/","og_site_name":"Loja Melhor do Sul Sistemas de Seguran\u00e7a","article_modified_time":"2026-03-11T17:52:53+00:00","og_image":[{"width":1416,"height":1416,"url":"https:\/\/www.lojamelhordosul.com.br\/site\/wp-content\/uploads\/2020\/09\/IVP-8000-EX-Intelbras.png","type":"image\/png"}],"twitter_card":"summary_large_image","twitter_misc":{"Est. tempo de leitura":"1 minuto"},"schema":{"@context":"https:\/\/schema.org","@graph":[{"@type":"WebPage","@id":"https:\/\/www.lojamelhordosul.com.br\/site\/produto\/sensor-passivo-infravermelho-externo-sem-fio-intelbras-ivp-8000-ex\/","url":"https:\/\/www.lojamelhordosul.com.br\/site\/produto\/sensor-passivo-infravermelho-externo-sem-fio-intelbras-ivp-8000-ex\/","name":"Sensor Passivo Infravermelho Externo Sem Fio Intelbras IVP 8000 EX - Loja Melhor do Sul Sistemas de Seguran\u00e7a","isPartOf":{"@id":"https:\/\/www.lojamelhordosul.com.br\/site\/#website"},"primaryImageOfPage":{"@id":"https:\/\/www.lojamelhordosul.com.br\/site\/produto\/sensor-passivo-infravermelho-externo-sem-fio-intelbras-ivp-8000-ex\/#primaryimage"},"image":{"@id":"https:\/\/www.lojamelhordosul.com.br\/site\/produto\/sensor-passivo-infravermelho-externo-sem-fio-intelbras-ivp-8000-ex\/#primaryimage"},"thumbnailUrl":"https:\/\/www.lojamelhordosul.com.br\/site\/wp-content\/uploads\/2020\/09\/IVP-8000-EX-Intelbras.png","datePublished":"2020-09-02T14:44:18+00:00","dateModified":"2026-03-11T17:52:53+00:00","breadcrumb":{"@id":"https:\/\/www.lojamelhordosul.com.br\/site\/produto\/sensor-passivo-infravermelho-externo-sem-fio-intelbras-ivp-8000-ex\/#breadcrumb"},"inLanguage":"pt-BR","potentialAction":[{"@type":"ReadAction","target":["https:\/\/www.lojamelhordosul.com.br\/site\/produto\/sensor-passivo-infravermelho-externo-sem-fio-intelbras-ivp-8000-ex\/"]}]},{"@type":"ImageObject","inLanguage":"pt-BR","@id":"https:\/\/www.lojamelhordosul.com.br\/site\/produto\/sensor-passivo-infravermelho-externo-sem-fio-intelbras-ivp-8000-ex\/#primaryimage","url":"https:\/\/www.lojamelhordosul.com.br\/site\/wp-content\/uploads\/2020\/09\/IVP-8000-EX-Intelbras.png","contentUrl":"https:\/\/www.lojamelhordosul.com.br\/site\/wp-content\/uploads\/2020\/09\/IVP-8000-EX-Intelbras.png","width":"1416","height":"1416"},{"@type":"BreadcrumbList","@id":"https:\/\/www.lojamelhordosul.com.br\/site\/produto\/sensor-passivo-infravermelho-externo-sem-fio-intelbras-ivp-8000-ex\/#breadcrumb","itemListElement":[{"@type":"ListItem","position":1,"name":"In\u00edcio","item":"https:\/\/www.lojamelhordosul.com.br\/site\/"},{"@type":"ListItem","position":2,"name":"Loja","item":"https:\/\/www.lojamelhordosul.com.br\/site\/loja\/"},{"@type":"ListItem","position":3,"name":"Sensor Passivo Infravermelho Externo Sem Fio Intelbras IVP 8000 EX"}]},{"@type":"WebSite","@id":"https:\/\/www.lojamelhordosul.com.br\/site\/#website","url":"https:\/\/www.lojamelhordosul.com.br\/site\/","name":"Loja Melhor do Sul Sistemas de Seguran\u00e7a","description":"Loja Melhor do Sul - Revenda Ouro Intelbras em Porto Alegre","publisher":{"@id":"https:\/\/www.lojamelhordosul.com.br\/site\/#organization"},"potentialAction":[{"@type":"SearchAction","target":{"@type":"EntryPoint","urlTemplate":"https:\/\/www.lojamelhordosul.com.br\/site\/?s={search_term_string}"},"query-input":{"@type":"PropertyValueSpecification","valueRequired":true,"valueName":"search_term_string"}}],"inLanguage":"pt-BR"},{"@type":"Organization","@id":"https:\/\/www.lojamelhordosul.com.br\/site\/#organization","name":"Loja Melhor do Sul","url":"https:\/\/www.lojamelhordosul.com.br\/site\/","logo":{"@type":"ImageObject","inLanguage":"pt-BR","@id":"https:\/\/www.lojamelhordosul.com.br\/site\/#\/schema\/logo\/image\/","url":"https:\/\/www.lojamelhordosul.com.br\/site\/wp-content\/uploads\/2019\/10\/logo-longo-da-loja.png","contentUrl":"https:\/\/www.lojamelhordosul.com.br\/site\/wp-content\/uploads\/2019\/10\/logo-longo-da-loja.png","width":597,"height":114,"caption":"Loja Melhor do Sul"},"image":{"@id":"https:\/\/www.lojamelhordosul.com.br\/site\/#\/schema\/logo\/image\/"}}]}},"_links":{"self":[{"href":"https:\/\/www.lojamelhordosul.com.br\/site\/wp-json\/wp\/v2\/product\/8763","targetHints":{"allow":["GET"]}}],"collection":[{"href":"https:\/\/www.lojamelhordosul.com.br\/site\/wp-json\/wp\/v2\/product"}],"about":[{"href":"https:\/\/www.lojamelhordosul.com.br\/site\/wp-json\/wp\/v2\/types\/product"}],"replies":[{"embeddable":true,"href":"https:\/\/www.lojamelhordosul.com.br\/site\/wp-json\/wp\/v2\/comments?post=8763"}],"wp:featuredmedia":[{"embeddable":true,"href":"https:\/\/www.lojamelhordosul.com.br\/site\/wp-json\/wp\/v2\/media\/8764"}],"wp:attachment":[{"href":"https:\/\/www.lojamelhordosul.com.br\/site\/wp-json\/wp\/v2\/media?parent=8763"}],"wp:term":[{"taxonomy":"product_brand","embeddable":true,"href":"https:\/\/www.lojamelhordosul.com.br\/site\/wp-json\/wp\/v2\/product_brand?post=8763"},{"taxonomy":"product_cat","embeddable":true,"href":"https:\/\/www.lojamelhordosul.com.br\/site\/wp-json\/wp\/v2\/product_cat?post=8763"},{"taxonomy":"product_tag","embeddable":true,"href":"https:\/\/www.lojamelhordosul.com.br\/site\/wp-json\/wp\/v2\/product_tag?post=8763"}],"curies":[{"name":"wp","href":"https:\/\/api.w.org\/{rel}","templated":true}]}}