{"id":8785,"date":"2020-09-08T16:12:27","date_gmt":"2020-09-08T19:12:27","guid":{"rendered":"https:\/\/www.lojamelhordosul.com.br\/site\/?post_type=product&#038;p=8785"},"modified":"2025-10-03T14:40:11","modified_gmt":"2025-10-03T17:40:11","slug":"sensor-de-presenca-de-embutir-para-iluminacao-intelbras-espi-180-e-2","status":"publish","type":"product","link":"https:\/\/www.lojamelhordosul.com.br\/site\/produto\/sensor-de-presenca-de-embutir-para-iluminacao-intelbras-espi-180-e-2\/","title":{"rendered":"Sensor de Presen\u00e7a de Embutir para Ilumina\u00e7\u00e3o Intelbras ESPi 180 E+"},"content":{"rendered":"<div class=\"wpb-content-wrapper\"><div class=\"vc_row wpb_row vc_row-fluid\"><div class=\"container\"><div class=\"row\"><div class=\"wpb_column vc_column_container vc_col-md-12\"><div class=\"vc_column-inner \"><div class=\"wpb_wrapper\"><div class=\"wpb_single_image widget wpb_content_element vc_align_center\">\r\n\t\t\r\n\t\t<figure class=\"wpb_wrapper vc_figure\">\r\n\t\t\t<div class=\"vc_single_image-wrapper   vc_box_border_grey\"><img decoding=\"async\" class=\"vc_single_image-img\"  src=\"https:\/\/www.lojamelhordosul.com.br\/site\/wp-content\/uploads\/2020\/06\/Logo-Site-2020.png\" \/><\/div>\r\n\t\t<div class=\"description\">\r\n\t\t\t\r\n\t\t<\/div>\r\n\t\r\n\t\t<\/figure>\r\n\t<\/div><\/div><\/div><\/div><\/div><\/div><\/div><div class=\"vc_row wpb_row vc_row-fluid\"><div class=\"container\"><div class=\"row\"><div class=\"wpb_column vc_column_container vc_col-md-6\"><div class=\"vc_column-inner \"><div class=\"wpb_wrapper\">\n\t<div class=\"wpb_text_column wpb_content_element\" >\n\t\t<div class=\"wpb_wrapper\">\n\t\t\t<div class=\"mt2 mb2 \">\n<h2 class=\"weight--small-300 weight--large-200 h3\">Acende e apaga luz automaticamente<\/h2>\n<\/div>\n<div class=\"text text--300\">\n<div class=\"block-template overflow-hidden\">\n<p>O ESPi 180 E+ acende e apaga luz ao detectar movimento. Al\u00e9m disso, permite controlar v\u00e1rias l\u00e2mpadas com um \u00fanico sensor.<\/p>\n<\/div>\n<\/div>\n\n\t\t<\/div>\n\t<\/div>\n<\/div><\/div><\/div><div class=\"wpb_column vc_column_container vc_col-md-6\"><div class=\"vc_column-inner \"><div class=\"wpb_wrapper\"><div class=\"wpb_single_image widget wpb_content_element vc_align_left\">\r\n\t\t\r\n\t\t<figure class=\"wpb_wrapper vc_figure\">\r\n\t\t\t<div class=\"vc_single_image-wrapper   vc_box_border_grey\"><img decoding=\"async\" class=\"vc_single_image-img\"  src=\"https:\/\/backend.intelbras.com\/sites\/default\/files\/styles\/large\/public\/2020-05\/FlyerDigital_ESPi_180_E_%2B_01-20_01.jpg\" \/><\/div>\r\n\t\t<div class=\"description\">\r\n\t\t\t\r\n\t\t<\/div>\r\n\t\r\n\t\t<\/figure>\r\n\t<\/div><\/div><\/div><\/div><\/div><\/div><\/div><div class=\"vc_row wpb_row vc_row-fluid\"><div class=\"container\"><div class=\"row\"><div class=\"wpb_column vc_column_container vc_col-md-6\"><div class=\"vc_column-inner \"><div class=\"wpb_wrapper\"><div class=\"wpb_single_image widget wpb_content_element vc_align_left\">\r\n\t\t\r\n\t\t<figure class=\"wpb_wrapper vc_figure\">\r\n\t\t\t<div class=\"vc_single_image-wrapper   vc_box_border_grey\"><img decoding=\"async\" class=\"vc_single_image-img\"  src=\"https:\/\/backend.intelbras.com\/sites\/default\/files\/styles\/large\/public\/2020-05\/FlyerDigital_ESPi_180_E_%2B_01-20_02.jpg\" \/><\/div>\r\n\t\t<div class=\"description\">\r\n\t\t\t\r\n\t\t<\/div>\r\n\t\r\n\t\t<\/figure>\r\n\t<\/div><\/div><\/div><\/div><div class=\"wpb_column vc_column_container vc_col-md-6\"><div class=\"vc_column-inner \"><div class=\"wpb_wrapper\">\n\t<div class=\"wpb_text_column wpb_content_element\" >\n\t\t<div class=\"wpb_wrapper\">\n\t\t\t<div class=\"mt2 mb2 \">\n<h2 class=\"weight--small-300 weight--large-200 h3\">Ajuste para detectar presen\u00e7a 24h ou somente \u00e0 noite<\/h2>\n<\/div>\n<div class=\"text text--300\">\n<div class=\"block-template overflow-hidden\">\n<p>Habilite o sensor para acionar a l\u00e2mpada na luz do dia ou apenas \u00e0 noite, proporcionando economia de energia.<\/p>\n<\/div>\n<\/div>\n\n\t\t<\/div>\n\t<\/div>\n<\/div><\/div><\/div><\/div><\/div><\/div><div class=\"vc_row wpb_row vc_row-fluid\"><div class=\"container\"><div class=\"row\"><div class=\"wpb_column vc_column_container vc_col-md-6\"><div class=\"vc_column-inner \"><div class=\"wpb_wrapper\">\n\t<div class=\"wpb_text_column wpb_content_element\" >\n\t\t<div class=\"wpb_wrapper\">\n\t\t\t<div class=\"mt2 mb2 \">\n<h2 class=\"weight--small-300 weight--large-200 h3\">Ajuste para acionar a l\u00e2mpada \u00e0 noite e apagar pela manh\u00e3<\/h2>\n<\/div>\n<div class=\"text text--300\">\n<div class=\"block-template overflow-hidden\">\n<p>Com a fun\u00e7\u00e3o somente fotoc\u00e9lula programada, a l\u00e2mpada ficar\u00e1 sempre acesa, mesmo sem detec\u00e7\u00e3o de movimento.<\/p>\n<\/div>\n<\/div>\n\n\t\t<\/div>\n\t<\/div>\n<\/div><\/div><\/div><div class=\"wpb_column vc_column_container vc_col-md-6\"><div class=\"vc_column-inner \"><div class=\"wpb_wrapper\"><div class=\"wpb_single_image widget wpb_content_element vc_align_left\">\r\n\t\t\r\n\t\t<figure class=\"wpb_wrapper vc_figure\">\r\n\t\t\t<div class=\"vc_single_image-wrapper   vc_box_border_grey\"><img decoding=\"async\" class=\"vc_single_image-img\"  src=\"https:\/\/backend.intelbras.com\/sites\/default\/files\/styles\/large\/public\/2020-05\/FlyerDigital_ESPi_180_E_%2B_01-20_03.jpg\" \/><\/div>\r\n\t\t<div class=\"description\">\r\n\t\t\t\r\n\t\t<\/div>\r\n\t\r\n\t\t<\/figure>\r\n\t<\/div><\/div><\/div><\/div><\/div><\/div><\/div><div class=\"vc_row wpb_row vc_row-fluid\"><div class=\"container\"><div class=\"row\"><div class=\"wpb_column vc_column_container vc_col-md-6\"><div class=\"vc_column-inner \"><div class=\"wpb_wrapper\"><div class=\"wpb_single_image widget wpb_content_element vc_align_left\">\r\n\t\t\r\n\t\t<figure class=\"wpb_wrapper vc_figure\">\r\n\t\t\t<div class=\"vc_single_image-wrapper   vc_box_border_grey\"><img decoding=\"async\" class=\"vc_single_image-img\"  src=\"https:\/\/backend.intelbras.com\/sites\/default\/files\/styles\/large\/public\/2020-05\/FlyerDigital_ESPi_180_E_%2B_01-20_04.jpg\" \/><\/div>\r\n\t\t<div class=\"description\">\r\n\t\t\t\r\n\t\t<\/div>\r\n\t\r\n\t\t<\/figure>\r\n\t<\/div><\/div><\/div><\/div><div class=\"wpb_column vc_column_container vc_col-md-6\"><div class=\"vc_column-inner \"><div class=\"wpb_wrapper\">\n\t<div class=\"wpb_text_column wpb_content_element\" >\n\t\t<div class=\"wpb_wrapper\">\n\t\t\t<div class=\"mt2 mb2 \">\n<h2 class=\"weight--small-300 weight--large-200 h3\">Simulador de presen\u00e7a<\/h2>\n<\/div>\n<div class=\"text text--300\">\n<div class=\"block-template overflow-hidden\">\n<p>Viaje tranquilo. Programe o sensor para ligar e desligar a luz em intervalos aleat\u00f3rios, assim parece que h\u00e1 pessoas no ambiente.<\/p>\n<\/div>\n<\/div>\n\n\t\t<\/div>\n\t<\/div>\n<\/div><\/div><\/div><\/div><\/div><\/div>\n<\/div>","protected":false},"excerpt":{"rendered":"<p>O sensor de presen\u00e7a Intelbras ESPi 180 + de embutir em caixa 4&#215;2 com fotoc\u00e9lula \u00e9 utilizado no acionamento autom\u00e1tico de l\u00e2mpadas em ambientes residenciais e comerciais.<br \/>\nDetecta a movimenta\u00e7\u00e3o de corpos quentes \u2013 pessoas, animais de m\u00e9dio e grande porte e objetos \u2013 por meio de um sensor infravermelho que reconhece as fontes de calor.<br \/>\nPermite funcionamento como sensor de presen\u00e7a ou como interruptor convencional (acionamento manual atrav\u00e9s de bot\u00e3o).<br \/>\nConta com fun\u00e7\u00f5es exclusivas como funcionamento somente como fotoc\u00e9lula e simulador de presen\u00e7a.<br \/>\nO produto alia caracter\u00edsticas de praticidade, estilo, economia de energia e seguran\u00e7a.<\/p>\n<p>Caracter\u00edsitcas:<br \/>\nTens\u00e3o de Alimenta\u00e7\u00e3o Bivolt autom\u00e1tico (100 ~ 240 Vac)<br \/>\nFrequ\u00eancia da rede el\u00e9trica 50\/60 Hz<br \/>\nDist\u00e2ncia de detec\u00e7\u00e3o: at\u00e9 9m<br \/>\nPara embutir em caixa 4&#215;2<br \/>\nPossui bot\u00e3o para funcionar como interruptor manual<\/p>\n<p>Acende e apaga a luz automaticamente em fun\u00e7\u00e3o da detec\u00e7\u00e3o de presen\u00e7a no ambiente<br \/>\nAjuste o tempo de acionamento da l\u00e2mpada: 10s; 30seg; 1min; 5min; 10min<br \/>\nAjuste da luminosidade de detec\u00e7\u00e3o: ajuste para o sensor detectar presen\u00e7a 24h por dia ou apenas \u00e0 noite<br \/>\nFun\u00e7\u00e3o Somente Fotoc\u00e9lula: ajuste para o sensor acionar a l\u00e2mpada \u00e0 noite e apagar pela manh\u00e3 automaticamente<br \/>\nSimulador de presen\u00e7a: liga e desliga a l\u00e2mpada em intervalos aleat\u00f3rios na aus\u00eancia de luz natural, simulando presen\u00e7a no ambiente<br \/>\nAjuste de sensibilidade: n\u00edvel m\u00ednimo ou m\u00e1ximo<br \/>\nLED indicativo de funcionamento<br \/>\nAjustes de tempo, fotoc\u00e9lula e sensibilidade separados da conex\u00e3o el\u00e9trica<br \/>\n3 anos de garantia<\/p>\n<p>ESPECIFICA\u00c7\u00d5ES T\u00c9CNICAS DO PRODUTO<br \/>\nAlimenta\u00e7\u00e3o: Bivolt autom\u00e1tico (100 ~ 240 Vac)<br \/>\nDura\u00e7\u00e3o da Bateria: N\/A<br \/>\nTipo de Bateria: N\/A<br \/>\nFrequ\u00eancia de Opera\u00e7\u00e3o: 50\/60 Hz<\/p>\n","protected":false},"featured_media":8786,"comment_status":"open","ping_status":"closed","template":"","meta":[],"product_brand":[],"product_cat":[2736,2743,2739],"product_tag":[],"class_list":{"0":"post-8785","1":"product","2":"type-product","3":"status-publish","4":"has-post-thumbnail","6":"product_cat-linha-de-alarmes","7":"product_cat-sensores-de-alarme-presenca-iluminacao","8":"product_cat-sensores-de-alarme","10":"first","11":"instock","12":"shipping-taxable","13":"purchasable","14":"product-type-simple"},"yoast_head":"<!-- This site is optimized with the Yoast SEO plugin v27.5 - https:\/\/yoast.com\/product\/yoast-seo-wordpress\/ -->\n<title>Sensor de Presen\u00e7a de Embutir para Ilumina\u00e7\u00e3o Intelbras ESPi 180 E+ - Loja Melhor do Sul Sistemas de Seguran\u00e7a<\/title>\n<meta name=\"robots\" content=\"index, follow, max-snippet:-1, max-image-preview:large, max-video-preview:-1\" \/>\n<link rel=\"canonical\" href=\"https:\/\/www.lojamelhordosul.com.br\/site\/produto\/sensor-de-presenca-de-embutir-para-iluminacao-intelbras-espi-180-e-2\/\" \/>\n<meta property=\"og:locale\" content=\"pt_BR\" \/>\n<meta property=\"og:type\" content=\"article\" \/>\n<meta property=\"og:title\" content=\"Sensor de Presen\u00e7a de Embutir para Ilumina\u00e7\u00e3o Intelbras ESPi 180 E+ - Loja Melhor do Sul Sistemas de Seguran\u00e7a\" \/>\n<meta property=\"og:description\" content=\"O sensor de presen\u00e7a Intelbras ESPi 180 + de embutir em caixa 4x2 com fotoc\u00e9lula \u00e9 utilizado no acionamento autom\u00e1tico de l\u00e2mpadas em ambientes residenciais e comerciais. Detecta a movimenta\u00e7\u00e3o de corpos quentes \u2013 pessoas, animais de m\u00e9dio e grande porte e objetos \u2013 por meio de um sensor infravermelho que reconhece as fontes de calor. Permite funcionamento como sensor de presen\u00e7a ou como interruptor convencional (acionamento manual atrav\u00e9s de bot\u00e3o). Conta com fun\u00e7\u00f5es exclusivas como funcionamento somente como fotoc\u00e9lula e simulador de presen\u00e7a. O produto alia caracter\u00edsticas de praticidade, estilo, economia de energia e seguran\u00e7a.  Caracter\u00edsitcas: Tens\u00e3o de Alimenta\u00e7\u00e3o Bivolt autom\u00e1tico (100 ~ 240 Vac) Frequ\u00eancia da rede el\u00e9trica 50\/60 Hz Dist\u00e2ncia de detec\u00e7\u00e3o: at\u00e9 9m Para embutir em caixa 4x2 Possui bot\u00e3o para funcionar como interruptor manual  Acende e apaga a luz automaticamente em fun\u00e7\u00e3o da detec\u00e7\u00e3o de presen\u00e7a no ambiente Ajuste o tempo de acionamento da l\u00e2mpada: 10s; 30seg; 1min; 5min; 10min Ajuste da luminosidade de detec\u00e7\u00e3o: ajuste para o sensor detectar presen\u00e7a 24h por dia ou apenas \u00e0 noite Fun\u00e7\u00e3o Somente Fotoc\u00e9lula: ajuste para o sensor acionar a l\u00e2mpada \u00e0 noite e apagar pela manh\u00e3 automaticamente Simulador de presen\u00e7a: liga e desliga a l\u00e2mpada em intervalos aleat\u00f3rios na aus\u00eancia de luz natural, simulando presen\u00e7a no ambiente Ajuste de sensibilidade: n\u00edvel m\u00ednimo ou m\u00e1ximo LED indicativo de funcionamento Ajustes de tempo, fotoc\u00e9lula e sensibilidade separados da conex\u00e3o el\u00e9trica 3 anos de garantia  ESPECIFICA\u00c7\u00d5ES T\u00c9CNICAS DO PRODUTO Alimenta\u00e7\u00e3o: Bivolt autom\u00e1tico (100 ~ 240 Vac) Dura\u00e7\u00e3o da Bateria: N\/A Tipo de Bateria: N\/A Frequ\u00eancia de Opera\u00e7\u00e3o: 50\/60 Hz\" \/>\n<meta property=\"og:url\" content=\"https:\/\/www.lojamelhordosul.com.br\/site\/produto\/sensor-de-presenca-de-embutir-para-iluminacao-intelbras-espi-180-e-2\/\" \/>\n<meta property=\"og:site_name\" content=\"Loja Melhor do Sul Sistemas de Seguran\u00e7a\" \/>\n<meta property=\"article:modified_time\" content=\"2025-10-03T17:40:11+00:00\" \/>\n<meta property=\"og:image\" content=\"https:\/\/www.lojamelhordosul.com.br\/site\/wp-content\/uploads\/2020\/09\/ESPi-180-E-1.png\" \/>\n\t<meta property=\"og:image:width\" content=\"800\" \/>\n\t<meta property=\"og:image:height\" content=\"800\" \/>\n\t<meta property=\"og:image:type\" content=\"image\/png\" \/>\n<meta name=\"twitter:card\" content=\"summary_large_image\" \/>\n<meta name=\"twitter:label1\" content=\"Est. tempo de leitura\" \/>\n\t<meta name=\"twitter:data1\" content=\"2 minutos\" \/>\n<script type=\"application\/ld+json\" class=\"yoast-schema-graph\">{\"@context\":\"https:\\\/\\\/schema.org\",\"@graph\":[{\"@type\":\"WebPage\",\"@id\":\"https:\\\/\\\/www.lojamelhordosul.com.br\\\/site\\\/produto\\\/sensor-de-presenca-de-embutir-para-iluminacao-intelbras-espi-180-e-2\\\/\",\"url\":\"https:\\\/\\\/www.lojamelhordosul.com.br\\\/site\\\/produto\\\/sensor-de-presenca-de-embutir-para-iluminacao-intelbras-espi-180-e-2\\\/\",\"name\":\"Sensor de Presen\u00e7a de Embutir para Ilumina\u00e7\u00e3o Intelbras ESPi 180 E+ - Loja Melhor do Sul Sistemas de Seguran\u00e7a\",\"isPartOf\":{\"@id\":\"https:\\\/\\\/www.lojamelhordosul.com.br\\\/site\\\/#website\"},\"primaryImageOfPage\":{\"@id\":\"https:\\\/\\\/www.lojamelhordosul.com.br\\\/site\\\/produto\\\/sensor-de-presenca-de-embutir-para-iluminacao-intelbras-espi-180-e-2\\\/#primaryimage\"},\"image\":{\"@id\":\"https:\\\/\\\/www.lojamelhordosul.com.br\\\/site\\\/produto\\\/sensor-de-presenca-de-embutir-para-iluminacao-intelbras-espi-180-e-2\\\/#primaryimage\"},\"thumbnailUrl\":\"https:\\\/\\\/www.lojamelhordosul.com.br\\\/site\\\/wp-content\\\/uploads\\\/2020\\\/09\\\/ESPi-180-E-1.png\",\"datePublished\":\"2020-09-08T19:12:27+00:00\",\"dateModified\":\"2025-10-03T17:40:11+00:00\",\"breadcrumb\":{\"@id\":\"https:\\\/\\\/www.lojamelhordosul.com.br\\\/site\\\/produto\\\/sensor-de-presenca-de-embutir-para-iluminacao-intelbras-espi-180-e-2\\\/#breadcrumb\"},\"inLanguage\":\"pt-BR\",\"potentialAction\":[{\"@type\":\"ReadAction\",\"target\":[\"https:\\\/\\\/www.lojamelhordosul.com.br\\\/site\\\/produto\\\/sensor-de-presenca-de-embutir-para-iluminacao-intelbras-espi-180-e-2\\\/\"]}]},{\"@type\":\"ImageObject\",\"inLanguage\":\"pt-BR\",\"@id\":\"https:\\\/\\\/www.lojamelhordosul.com.br\\\/site\\\/produto\\\/sensor-de-presenca-de-embutir-para-iluminacao-intelbras-espi-180-e-2\\\/#primaryimage\",\"url\":\"https:\\\/\\\/www.lojamelhordosul.com.br\\\/site\\\/wp-content\\\/uploads\\\/2020\\\/09\\\/ESPi-180-E-1.png\",\"contentUrl\":\"https:\\\/\\\/www.lojamelhordosul.com.br\\\/site\\\/wp-content\\\/uploads\\\/2020\\\/09\\\/ESPi-180-E-1.png\",\"width\":800,\"height\":800},{\"@type\":\"BreadcrumbList\",\"@id\":\"https:\\\/\\\/www.lojamelhordosul.com.br\\\/site\\\/produto\\\/sensor-de-presenca-de-embutir-para-iluminacao-intelbras-espi-180-e-2\\\/#breadcrumb\",\"itemListElement\":[{\"@type\":\"ListItem\",\"position\":1,\"name\":\"In\u00edcio\",\"item\":\"https:\\\/\\\/www.lojamelhordosul.com.br\\\/site\\\/\"},{\"@type\":\"ListItem\",\"position\":2,\"name\":\"Loja\",\"item\":\"https:\\\/\\\/www.lojamelhordosul.com.br\\\/site\\\/loja\\\/\"},{\"@type\":\"ListItem\",\"position\":3,\"name\":\"Sensor de Presen\u00e7a de Embutir para Ilumina\u00e7\u00e3o Intelbras ESPi 180 E+\"}]},{\"@type\":\"WebSite\",\"@id\":\"https:\\\/\\\/www.lojamelhordosul.com.br\\\/site\\\/#website\",\"url\":\"https:\\\/\\\/www.lojamelhordosul.com.br\\\/site\\\/\",\"name\":\"Loja Melhor do Sul Sistemas de Seguran\u00e7a\",\"description\":\"Loja Melhor do Sul - Revenda Ouro Intelbras em Porto Alegre\",\"publisher\":{\"@id\":\"https:\\\/\\\/www.lojamelhordosul.com.br\\\/site\\\/#organization\"},\"potentialAction\":[{\"@type\":\"SearchAction\",\"target\":{\"@type\":\"EntryPoint\",\"urlTemplate\":\"https:\\\/\\\/www.lojamelhordosul.com.br\\\/site\\\/?s={search_term_string}\"},\"query-input\":{\"@type\":\"PropertyValueSpecification\",\"valueRequired\":true,\"valueName\":\"search_term_string\"}}],\"inLanguage\":\"pt-BR\"},{\"@type\":\"Organization\",\"@id\":\"https:\\\/\\\/www.lojamelhordosul.com.br\\\/site\\\/#organization\",\"name\":\"Loja Melhor do Sul\",\"url\":\"https:\\\/\\\/www.lojamelhordosul.com.br\\\/site\\\/\",\"logo\":{\"@type\":\"ImageObject\",\"inLanguage\":\"pt-BR\",\"@id\":\"https:\\\/\\\/www.lojamelhordosul.com.br\\\/site\\\/#\\\/schema\\\/logo\\\/image\\\/\",\"url\":\"https:\\\/\\\/www.lojamelhordosul.com.br\\\/site\\\/wp-content\\\/uploads\\\/2019\\\/10\\\/logo-longo-da-loja.png\",\"contentUrl\":\"https:\\\/\\\/www.lojamelhordosul.com.br\\\/site\\\/wp-content\\\/uploads\\\/2019\\\/10\\\/logo-longo-da-loja.png\",\"width\":597,\"height\":114,\"caption\":\"Loja Melhor do Sul\"},\"image\":{\"@id\":\"https:\\\/\\\/www.lojamelhordosul.com.br\\\/site\\\/#\\\/schema\\\/logo\\\/image\\\/\"}}]}<\/script>\n<!-- \/ Yoast SEO plugin. -->","yoast_head_json":{"title":"Sensor de Presen\u00e7a de Embutir para Ilumina\u00e7\u00e3o Intelbras ESPi 180 E+ - Loja Melhor do Sul Sistemas de Seguran\u00e7a","robots":{"index":"index","follow":"follow","max-snippet":"max-snippet:-1","max-image-preview":"max-image-preview:large","max-video-preview":"max-video-preview:-1"},"canonical":"https:\/\/www.lojamelhordosul.com.br\/site\/produto\/sensor-de-presenca-de-embutir-para-iluminacao-intelbras-espi-180-e-2\/","og_locale":"pt_BR","og_type":"article","og_title":"Sensor de Presen\u00e7a de Embutir para Ilumina\u00e7\u00e3o Intelbras ESPi 180 E+ - Loja Melhor do Sul Sistemas de Seguran\u00e7a","og_description":"O sensor de presen\u00e7a Intelbras ESPi 180 + de embutir em caixa 4x2 com fotoc\u00e9lula \u00e9 utilizado no acionamento autom\u00e1tico de l\u00e2mpadas em ambientes residenciais e comerciais. Detecta a movimenta\u00e7\u00e3o de corpos quentes \u2013 pessoas, animais de m\u00e9dio e grande porte e objetos \u2013 por meio de um sensor infravermelho que reconhece as fontes de calor. Permite funcionamento como sensor de presen\u00e7a ou como interruptor convencional (acionamento manual atrav\u00e9s de bot\u00e3o). Conta com fun\u00e7\u00f5es exclusivas como funcionamento somente como fotoc\u00e9lula e simulador de presen\u00e7a. O produto alia caracter\u00edsticas de praticidade, estilo, economia de energia e seguran\u00e7a.  Caracter\u00edsitcas: Tens\u00e3o de Alimenta\u00e7\u00e3o Bivolt autom\u00e1tico (100 ~ 240 Vac) Frequ\u00eancia da rede el\u00e9trica 50\/60 Hz Dist\u00e2ncia de detec\u00e7\u00e3o: at\u00e9 9m Para embutir em caixa 4x2 Possui bot\u00e3o para funcionar como interruptor manual  Acende e apaga a luz automaticamente em fun\u00e7\u00e3o da detec\u00e7\u00e3o de presen\u00e7a no ambiente Ajuste o tempo de acionamento da l\u00e2mpada: 10s; 30seg; 1min; 5min; 10min Ajuste da luminosidade de detec\u00e7\u00e3o: ajuste para o sensor detectar presen\u00e7a 24h por dia ou apenas \u00e0 noite Fun\u00e7\u00e3o Somente Fotoc\u00e9lula: ajuste para o sensor acionar a l\u00e2mpada \u00e0 noite e apagar pela manh\u00e3 automaticamente Simulador de presen\u00e7a: liga e desliga a l\u00e2mpada em intervalos aleat\u00f3rios na aus\u00eancia de luz natural, simulando presen\u00e7a no ambiente Ajuste de sensibilidade: n\u00edvel m\u00ednimo ou m\u00e1ximo LED indicativo de funcionamento Ajustes de tempo, fotoc\u00e9lula e sensibilidade separados da conex\u00e3o el\u00e9trica 3 anos de garantia  ESPECIFICA\u00c7\u00d5ES T\u00c9CNICAS DO PRODUTO Alimenta\u00e7\u00e3o: Bivolt autom\u00e1tico (100 ~ 240 Vac) Dura\u00e7\u00e3o da Bateria: N\/A Tipo de Bateria: N\/A Frequ\u00eancia de Opera\u00e7\u00e3o: 50\/60 Hz","og_url":"https:\/\/www.lojamelhordosul.com.br\/site\/produto\/sensor-de-presenca-de-embutir-para-iluminacao-intelbras-espi-180-e-2\/","og_site_name":"Loja Melhor do Sul Sistemas de Seguran\u00e7a","article_modified_time":"2025-10-03T17:40:11+00:00","og_image":[{"width":800,"height":800,"url":"https:\/\/www.lojamelhordosul.com.br\/site\/wp-content\/uploads\/2020\/09\/ESPi-180-E-1.png","type":"image\/png"}],"twitter_card":"summary_large_image","twitter_misc":{"Est. tempo de leitura":"2 minutos"},"schema":{"@context":"https:\/\/schema.org","@graph":[{"@type":"WebPage","@id":"https:\/\/www.lojamelhordosul.com.br\/site\/produto\/sensor-de-presenca-de-embutir-para-iluminacao-intelbras-espi-180-e-2\/","url":"https:\/\/www.lojamelhordosul.com.br\/site\/produto\/sensor-de-presenca-de-embutir-para-iluminacao-intelbras-espi-180-e-2\/","name":"Sensor de Presen\u00e7a de Embutir para Ilumina\u00e7\u00e3o Intelbras ESPi 180 E+ - Loja Melhor do Sul Sistemas de Seguran\u00e7a","isPartOf":{"@id":"https:\/\/www.lojamelhordosul.com.br\/site\/#website"},"primaryImageOfPage":{"@id":"https:\/\/www.lojamelhordosul.com.br\/site\/produto\/sensor-de-presenca-de-embutir-para-iluminacao-intelbras-espi-180-e-2\/#primaryimage"},"image":{"@id":"https:\/\/www.lojamelhordosul.com.br\/site\/produto\/sensor-de-presenca-de-embutir-para-iluminacao-intelbras-espi-180-e-2\/#primaryimage"},"thumbnailUrl":"https:\/\/www.lojamelhordosul.com.br\/site\/wp-content\/uploads\/2020\/09\/ESPi-180-E-1.png","datePublished":"2020-09-08T19:12:27+00:00","dateModified":"2025-10-03T17:40:11+00:00","breadcrumb":{"@id":"https:\/\/www.lojamelhordosul.com.br\/site\/produto\/sensor-de-presenca-de-embutir-para-iluminacao-intelbras-espi-180-e-2\/#breadcrumb"},"inLanguage":"pt-BR","potentialAction":[{"@type":"ReadAction","target":["https:\/\/www.lojamelhordosul.com.br\/site\/produto\/sensor-de-presenca-de-embutir-para-iluminacao-intelbras-espi-180-e-2\/"]}]},{"@type":"ImageObject","inLanguage":"pt-BR","@id":"https:\/\/www.lojamelhordosul.com.br\/site\/produto\/sensor-de-presenca-de-embutir-para-iluminacao-intelbras-espi-180-e-2\/#primaryimage","url":"https:\/\/www.lojamelhordosul.com.br\/site\/wp-content\/uploads\/2020\/09\/ESPi-180-E-1.png","contentUrl":"https:\/\/www.lojamelhordosul.com.br\/site\/wp-content\/uploads\/2020\/09\/ESPi-180-E-1.png","width":800,"height":800},{"@type":"BreadcrumbList","@id":"https:\/\/www.lojamelhordosul.com.br\/site\/produto\/sensor-de-presenca-de-embutir-para-iluminacao-intelbras-espi-180-e-2\/#breadcrumb","itemListElement":[{"@type":"ListItem","position":1,"name":"In\u00edcio","item":"https:\/\/www.lojamelhordosul.com.br\/site\/"},{"@type":"ListItem","position":2,"name":"Loja","item":"https:\/\/www.lojamelhordosul.com.br\/site\/loja\/"},{"@type":"ListItem","position":3,"name":"Sensor de Presen\u00e7a de Embutir para Ilumina\u00e7\u00e3o Intelbras ESPi 180 E+"}]},{"@type":"WebSite","@id":"https:\/\/www.lojamelhordosul.com.br\/site\/#website","url":"https:\/\/www.lojamelhordosul.com.br\/site\/","name":"Loja Melhor do Sul Sistemas de Seguran\u00e7a","description":"Loja Melhor do Sul - Revenda Ouro Intelbras em Porto Alegre","publisher":{"@id":"https:\/\/www.lojamelhordosul.com.br\/site\/#organization"},"potentialAction":[{"@type":"SearchAction","target":{"@type":"EntryPoint","urlTemplate":"https:\/\/www.lojamelhordosul.com.br\/site\/?s={search_term_string}"},"query-input":{"@type":"PropertyValueSpecification","valueRequired":true,"valueName":"search_term_string"}}],"inLanguage":"pt-BR"},{"@type":"Organization","@id":"https:\/\/www.lojamelhordosul.com.br\/site\/#organization","name":"Loja Melhor do Sul","url":"https:\/\/www.lojamelhordosul.com.br\/site\/","logo":{"@type":"ImageObject","inLanguage":"pt-BR","@id":"https:\/\/www.lojamelhordosul.com.br\/site\/#\/schema\/logo\/image\/","url":"https:\/\/www.lojamelhordosul.com.br\/site\/wp-content\/uploads\/2019\/10\/logo-longo-da-loja.png","contentUrl":"https:\/\/www.lojamelhordosul.com.br\/site\/wp-content\/uploads\/2019\/10\/logo-longo-da-loja.png","width":597,"height":114,"caption":"Loja Melhor do Sul"},"image":{"@id":"https:\/\/www.lojamelhordosul.com.br\/site\/#\/schema\/logo\/image\/"}}]}},"_links":{"self":[{"href":"https:\/\/www.lojamelhordosul.com.br\/site\/wp-json\/wp\/v2\/product\/8785","targetHints":{"allow":["GET"]}}],"collection":[{"href":"https:\/\/www.lojamelhordosul.com.br\/site\/wp-json\/wp\/v2\/product"}],"about":[{"href":"https:\/\/www.lojamelhordosul.com.br\/site\/wp-json\/wp\/v2\/types\/product"}],"replies":[{"embeddable":true,"href":"https:\/\/www.lojamelhordosul.com.br\/site\/wp-json\/wp\/v2\/comments?post=8785"}],"wp:featuredmedia":[{"embeddable":true,"href":"https:\/\/www.lojamelhordosul.com.br\/site\/wp-json\/wp\/v2\/media\/8786"}],"wp:attachment":[{"href":"https:\/\/www.lojamelhordosul.com.br\/site\/wp-json\/wp\/v2\/media?parent=8785"}],"wp:term":[{"taxonomy":"product_brand","embeddable":true,"href":"https:\/\/www.lojamelhordosul.com.br\/site\/wp-json\/wp\/v2\/product_brand?post=8785"},{"taxonomy":"product_cat","embeddable":true,"href":"https:\/\/www.lojamelhordosul.com.br\/site\/wp-json\/wp\/v2\/product_cat?post=8785"},{"taxonomy":"product_tag","embeddable":true,"href":"https:\/\/www.lojamelhordosul.com.br\/site\/wp-json\/wp\/v2\/product_tag?post=8785"}],"curies":[{"name":"wp","href":"https:\/\/api.w.org\/{rel}","templated":true}]}}