{"id":8835,"date":"2020-09-09T15:00:11","date_gmt":"2020-09-09T18:00:11","guid":{"rendered":"https:\/\/www.lojamelhordosul.com.br\/site\/?post_type=product&#038;p=8835"},"modified":"2025-07-31T14:21:48","modified_gmt":"2025-07-31T17:21:48","slug":"telefone-sem-fio-digital-intelbras-ts-2510-preto-bivolt","status":"publish","type":"product","link":"https:\/\/www.lojamelhordosul.com.br\/site\/produto\/telefone-sem-fio-digital-intelbras-ts-2510-preto-bivolt\/","title":{"rendered":"Telefone Sem Fio Digital Intelbras TS 2510 Preto Bivolt"},"content":{"rendered":"<div class=\"wpb-content-wrapper\"><div class=\"vc_row wpb_row vc_row-fluid\"><div class=\"container\"><div class=\"row\"><div class=\"wpb_column vc_column_container vc_col-md-12\"><div class=\"vc_column-inner \"><div class=\"wpb_wrapper\"><div class=\"wpb_single_image widget wpb_content_element vc_align_center\">\r\n\t\t\r\n\t\t<figure class=\"wpb_wrapper vc_figure\">\r\n\t\t\t<div class=\"vc_single_image-wrapper   vc_box_border_grey\"><img decoding=\"async\" class=\"vc_single_image-img\"  src=\"https:\/\/www.lojamelhordosul.com.br\/site\/wp-content\/uploads\/2020\/06\/Logo-Site-2020.png\" \/><\/div>\r\n\t\t<div class=\"description\">\r\n\t\t\t\r\n\t\t<\/div>\r\n\t\r\n\t\t<\/figure>\r\n\t<\/div><\/div><\/div><\/div><\/div><\/div><\/div><div class=\"vc_row wpb_row vc_row-fluid\"><div class=\"container\"><div class=\"row\"><div class=\"wpb_column vc_column_container vc_col-md-6\"><div class=\"vc_column-inner \"><div class=\"wpb_wrapper\"><div class=\"wpb_single_image widget wpb_content_element vc_align_left\">\r\n\t\t\r\n\t\t<figure class=\"wpb_wrapper vc_figure\">\r\n\t\t\t<div class=\"vc_single_image-wrapper   vc_box_border_grey\"><img decoding=\"async\" class=\"vc_single_image-img\"  src=\"http:\/\/suporte-tecnico.intelbras.com.br\/sites\/default\/files\/flyer_digital_ts_25_portugues_01-18_03.png\" \/><\/div>\r\n\t\t<div class=\"description\">\r\n\t\t\t\r\n\t\t<\/div>\r\n\t\r\n\t\t<\/figure>\r\n\t<\/div><\/div><\/div><\/div><div class=\"wpb_column vc_column_container vc_col-md-6\"><div class=\"vc_column-inner \"><div class=\"wpb_wrapper\">\n\t<div class=\"wpb_text_column wpb_content_element\" >\n\t\t<div class=\"wpb_wrapper\">\n\t\t\t<p>O TS 25 \u00e9 um\u00a0<span class=\"cke-bold\">telefone sem fio digital pr\u00e1tico com a tecnologia DECT 6.0<\/span>, que proporciona um \u00e1udio limpo e sem interfer\u00eancias. Possui display luminoso que auxilia no uso noturno, identifica\u00e7\u00e3o de chamadas\u00b9, agenda compartilhada entre ramais\u00b2, registro autom\u00e1tico de ramais, dentre outras fun\u00e7\u00f5es.<\/p>\n<p><em><span class=\"cke-font-size-small\">\u00b9 Identifica\u00e7\u00e3o de chamadas DTMF\/FSK: esse servi\u00e7o depende da libera\u00e7\u00e3o e tipo\u00a0de operadora.<br \/>\n\u00b2 Vendidos separadamente.<\/span><\/em><\/p>\n\n\t\t<\/div>\n\t<\/div>\n<\/div><\/div><\/div><\/div><\/div><\/div><div class=\"vc_row wpb_row vc_row-fluid\"><div class=\"container\"><div class=\"row\"><div class=\"wpb_column vc_column_container vc_col-md-6\"><div class=\"vc_column-inner \"><div class=\"wpb_wrapper\">\n\t<div class=\"wpb_text_column wpb_content_element\" >\n\t\t<div class=\"wpb_wrapper\">\n\t\t\t<h2>Display luminoso<\/h2>\n<p>Facilita a visualiza\u00e7\u00e3o das informa\u00e7\u00f5es em qualquer ambiente.<\/p>\n<p><img decoding=\"async\" class=\"media-element file-default\" title=\"TS25\" src=\"http:\/\/suporte-tecnico.intelbras.com.br\/sites\/default\/files\/flyer_digital_ts_25_portugues_01-18_10.png\" alt=\"TS25\" \/><\/p>\n\n\t\t<\/div>\n\t<\/div>\n<\/div><\/div><\/div><div class=\"wpb_column vc_column_container vc_col-md-6\"><div class=\"vc_column-inner \"><div class=\"wpb_wrapper\"><div class=\"wpb_single_image widget wpb_content_element vc_align_left\">\r\n\t\t\r\n\t\t<figure class=\"wpb_wrapper vc_figure\">\r\n\t\t\t<div class=\"vc_single_image-wrapper   vc_box_border_grey\"><img decoding=\"async\" class=\"vc_single_image-img\"  src=\"http:\/\/suporte-tecnico.intelbras.com.br\/sites\/default\/files\/flyer_digital_ts_25_portugues_01-18_07.png\" \/><\/div>\r\n\t\t<div class=\"description\">\r\n\t\t\t\r\n\t\t<\/div>\r\n\t\r\n\t\t<\/figure>\r\n\t<\/div><\/div><\/div><\/div><\/div><\/div><\/div><div class=\"vc_row wpb_row vc_row-fluid\"><div class=\"container\"><div class=\"row\"><div class=\"wpb_column vc_column_container vc_col-md-6\"><div class=\"vc_column-inner \"><div class=\"wpb_wrapper\"><div class=\"wpb_single_image widget wpb_content_element vc_align_left\">\r\n\t\t\r\n\t\t<figure class=\"wpb_wrapper vc_figure\">\r\n\t\t\t<div class=\"vc_single_image-wrapper   vc_box_border_grey\"><img decoding=\"async\" class=\"vc_single_image-img\"  src=\"http:\/\/suporte-tecnico.intelbras.com.br\/sites\/default\/files\/flyer_digital_ts_25_portugues_01-18_14.png\" \/><\/div>\r\n\t\t<div class=\"description\">\r\n\t\t\t\r\n\t\t<\/div>\r\n\t\r\n\t\t<\/figure>\r\n\t<\/div><\/div><\/div><\/div><div class=\"wpb_column vc_column_container vc_col-md-6\"><div class=\"vc_column-inner \"><div class=\"wpb_wrapper\">\n\t<div class=\"wpb_text_column wpb_content_element\" >\n\t\t<div class=\"wpb_wrapper\">\n\t\t\t<table cellspacing=\"0\" cellpadding=\"0\">\n<tbody>\n<tr>\n<td class=\"cke-align-top\">\n<h2>Identifica\u00e7\u00e3o de chamadas<\/h2>\n<p>Saiba quem est\u00e1 ligando antes mesmo de atender e aceite apenas as liga\u00e7\u00f5es que voc\u00ea desejar.<\/p>\n<p><em><span class=\"cke-font-size-small\">* Identifica\u00e7\u00e3o de chamadas DTMF\/FSK: esse servi\u00e7o depende da libera\u00e7\u00e3o e tipo de operadora.<\/span><\/em><\/td>\n<\/tr>\n<\/tbody>\n<\/table>\n\n\t\t<\/div>\n\t<\/div>\n<\/div><\/div><\/div><\/div><\/div><\/div><div class=\"vc_row wpb_row vc_row-fluid\"><div class=\"container\"><div class=\"row\"><div class=\"wpb_column vc_column_container vc_col-md-6\"><div class=\"vc_column-inner \"><div class=\"wpb_wrapper\">\n\t<div class=\"wpb_text_column wpb_content_element\" >\n\t\t<div class=\"wpb_wrapper\">\n\t\t\t<h2>Registro autom\u00e1tico de ramais TS 2511<\/h2>\n<p>Agora ficou mais f\u00e1cil e r\u00e1pido registrar o ramal no telefone base.<br \/>\nBasta colocar o fone na base e pronto. Sem programa\u00e7\u00e3o e sem complica\u00e7\u00e3o.<\/p>\n<p><img decoding=\"async\" class=\"media-element file-default\" title=\"TS25\" src=\"http:\/\/suporte-tecnico.intelbras.com.br\/sites\/default\/files\/flyer_digital_ts_25_portugues_01-18_19.png\" alt=\"TS25\" \/><\/p>\n\n\t\t<\/div>\n\t<\/div>\n<\/div><\/div><\/div><div class=\"wpb_column vc_column_container vc_col-md-6\"><div class=\"vc_column-inner \"><div class=\"wpb_wrapper\"><div class=\"wpb_single_image widget wpb_content_element vc_align_left\">\r\n\t\t\r\n\t\t<figure class=\"wpb_wrapper vc_figure\">\r\n\t\t\t<div class=\"vc_single_image-wrapper   vc_box_border_grey\"><img decoding=\"async\" class=\"vc_single_image-img\"  src=\"http:\/\/suporte-tecnico.intelbras.com.br\/sites\/default\/files\/flyer_digital_ts_25_portugues_01-18_17.png\" \/><\/div>\r\n\t\t<div class=\"description\">\r\n\t\t\t\r\n\t\t<\/div>\r\n\t\r\n\t\t<\/figure>\r\n\t<\/div><\/div><\/div><\/div><\/div><\/div><\/div><div class=\"vc_row wpb_row vc_row-fluid\"><div class=\"container\"><div class=\"row\"><div class=\"wpb_column vc_column_container vc_col-md-6\"><div class=\"vc_column-inner \"><div class=\"wpb_wrapper\"><div class=\"wpb_single_image widget wpb_content_element vc_align_left\">\r\n\t\t\r\n\t\t<figure class=\"wpb_wrapper vc_figure\">\r\n\t\t\t<div class=\"vc_single_image-wrapper   vc_box_border_grey\"><img decoding=\"async\" class=\"vc_single_image-img\"  src=\"http:\/\/suporte-tecnico.intelbras.com.br\/sites\/default\/files\/flyer_digital_ts_25_portugues_01-18_23.png\" \/><\/div>\r\n\t\t<div class=\"description\">\r\n\t\t\t\r\n\t\t<\/div>\r\n\t\r\n\t\t<\/figure>\r\n\t<\/div><\/div><\/div><\/div><div class=\"wpb_column vc_column_container vc_col-md-6\"><div class=\"vc_column-inner \"><div class=\"wpb_wrapper\">\n\t<div class=\"wpb_text_column wpb_content_element\" >\n\t\t<div class=\"wpb_wrapper\">\n\t\t\t<h2>Agenda compartilhada entre ramais\u00b9<\/h2>\n<p>Salve at\u00e9 70 contatos na agenda de qualquer ramal que eles ser\u00e3o compartilhados entre todos os ramais.<\/p>\n<p><em><span class=\"cke-font-size-small\">1 Fun\u00e7\u00f5es realiz\u00e1veis entre telefones Intelbras das s\u00e9ries TS 25, TS 51 e TIS 5010 registrados em uma mesma base.<\/span><\/em><\/p>\n\n\t\t<\/div>\n\t<\/div>\n<\/div><\/div><\/div><\/div><\/div><\/div><div class=\"vc_row wpb_row vc_row-fluid\"><div class=\"container\"><div class=\"row\"><div class=\"wpb_column vc_column_container vc_col-md-6\"><div class=\"vc_column-inner \"><div class=\"wpb_wrapper\">\n\t<div class=\"wpb_text_column wpb_content_element\" >\n\t\t<div class=\"wpb_wrapper\">\n\t\t\t<h2>Fun\u00e7\u00e3o\u00a0<em>N\u00e3o Perturbe<\/em><\/h2>\n<p>Programe o fone durante um determinado hor\u00e1rio para n\u00e3o emitir o som da campainha. Quando receber uma liga\u00e7\u00e3o durante o hor\u00e1rio programado, apenas o LED do fone piscar\u00e1 e ser\u00e3o emitidos bipes em volume baixo.<\/p>\n\n\t\t<\/div>\n\t<\/div>\n<\/div><\/div><\/div><div class=\"wpb_column vc_column_container vc_col-md-6\"><div class=\"vc_column-inner \"><div class=\"wpb_wrapper\"><div class=\"wpb_single_image widget wpb_content_element vc_align_left\">\r\n\t\t\r\n\t\t<figure class=\"wpb_wrapper vc_figure\">\r\n\t\t\t<div class=\"vc_single_image-wrapper   vc_box_border_grey\"><img decoding=\"async\" class=\"vc_single_image-img\"  src=\"http:\/\/suporte-tecnico.intelbras.com.br\/sites\/default\/files\/flyer_digital_ts_25_portugues_01-18_26.png\" \/><\/div>\r\n\t\t<div class=\"description\">\r\n\t\t\t\r\n\t\t<\/div>\r\n\t\r\n\t\t<\/figure>\r\n\t<\/div><\/div><\/div><\/div><\/div><\/div><\/div><div class=\"vc_row wpb_row vc_row-fluid\"><div class=\"container\"><div class=\"row\"><div class=\"wpb_column vc_column_container vc_col-md-6\"><div class=\"vc_column-inner \"><div class=\"wpb_wrapper\"><div class=\"wpb_single_image widget wpb_content_element vc_align_left\">\r\n\t\t\r\n\t\t<figure class=\"wpb_wrapper vc_figure\">\r\n\t\t\t<div class=\"vc_single_image-wrapper   vc_box_border_grey\"><img decoding=\"async\" class=\"vc_single_image-img\"  src=\"http:\/\/suporte-tecnico.intelbras.com.br\/sites\/default\/files\/flyer_digital_ts_25_portugues_01-18_29.png\" \/><\/div>\r\n\t\t<div class=\"description\">\r\n\t\t\t\r\n\t\t<\/div>\r\n\t\r\n\t\t<\/figure>\r\n\t<\/div><\/div><\/div><\/div><div class=\"wpb_column vc_column_container vc_col-md-6\"><div class=\"vc_column-inner \"><div class=\"wpb_wrapper\">\n\t<div class=\"wpb_text_column wpb_content_element\" >\n\t\t<div class=\"wpb_wrapper\">\n\t\t\t<h2>Comunica\u00e7\u00e3o interna\u00b9, transfer\u00eancia de chamadas\u00b9\u00a0e confer\u00eancia a tr\u00eas\u00b9<\/h2>\n<p>Fa\u00e7a liga\u00e7\u00f5es internas sem ocupar sua linha, transfira chamadas com mais comodidade ou fa\u00e7a confer\u00eancia telef\u00f4nica envolvendo uma liga\u00e7\u00e3o externa e dois ramais internos ou entre tr\u00eas ramais internos.<\/p>\n<p><span class=\"cke-font-size-small\"><em>1 Fun\u00e7\u00f5es realiz\u00e1veis entre telefones sem fio Intelbras das s\u00e9ries TS 25, TS 51 e TIS 5010 registrados em uma mesma base.\u00a0<\/em><\/span><\/p>\n\n\t\t<\/div>\n\t<\/div>\n<\/div><\/div><\/div><\/div><\/div><\/div>\n<\/div>","protected":false},"excerpt":{"rendered":"<p>O TS 25 \u00e9 um telefone sem fio digital superpr\u00e1tico com tecnologia DECT 6.0, que<br \/>\nproporciona um \u00e1udio limpo, sem o inc\u00f4modo de interfer\u00eancias.<br \/>\nPossui display luminoso que auxilia no uso noturno, identifica\u00e7\u00e3o de chamadas,<br \/>\nagenda compartilhada com ramais\u00b9, registro autom\u00e1tico de ramais, entre outras fun\u00e7\u00f5es.<\/p>\n<p>Caracter\u00edsticas:<br \/>\nIdentificador de chamadas DTMF e FSK1<br \/>\nRegistro autom\u00e1tico de ramais2<br \/>\nCapacidade para at\u00e9 7 ramais (base + 6 ramais)2<br \/>\nRegistro de 15 chamadas originadas, 15 atendidas e 20 n\u00e3o atendidas<br \/>\nAgenda compartilhada para 70 contatos2<br \/>\nMais praticidade com as funcionalidades de data, hora e alarme<br \/>\nBloqueio de chamadas originadas e recebidas a cobrar<br \/>\nModo Eco, para redu\u00e7\u00e3o do consumo de energia<br \/>\n10 tipos de toques com 7 op\u00e7\u00f5es de volume<br \/>\nMenu tril\u00edngue dispon\u00edvel nos idiomas: portugu\u00eas, espanhol e ingl\u00eas<br \/>\n1* Identifica\u00e7\u00e3o de chamadas DTMF\/FSK: esse servi\u00e7o depende da libera\u00e7\u00e3o e tipo de operadora.<br \/>\n2* Fun\u00e7\u00f5es realiz\u00e1veis entre telefones Intelbras das s\u00e9ries TS 25, TS 51 e TIS 5010 registrados em uma mesma base.<\/p>\n","protected":false},"featured_media":8838,"comment_status":"open","ping_status":"closed","template":"","meta":[],"product_brand":[],"product_cat":[2784,2789,2787,2785],"product_tag":[2221,2222,2219,2220,2218,2217,2216],"class_list":{"0":"post-8835","1":"product","2":"type-product","3":"status-publish","4":"has-post-thumbnail","6":"product_cat-area-comunicacao","7":"product_cat-telefones-sem-fio","8":"product_cat-telefonia-telefones","9":"product_cat-comunicacao-telefonia","10":"product_tag-telefone-digital","11":"product_tag-telefone-digital-intelbras","12":"product_tag-telefone-sem-fio","13":"product_tag-telefone-sem-fio-digital","14":"product_tag-telefone-sem-fio-intelbras","15":"product_tag-ts-2510","16":"product_tag-ts-2510-intelbras","18":"first","19":"instock","20":"shipping-taxable","21":"purchasable","22":"product-type-simple"},"yoast_head":"<!-- This site is optimized with the Yoast SEO plugin v27.6 - https:\/\/yoast.com\/product\/yoast-seo-wordpress\/ -->\n<title>Telefone Sem Fio Digital Intelbras TS 2510 Preto Bivolt - Loja Melhor do Sul Sistemas de Seguran\u00e7a<\/title>\n<meta name=\"robots\" content=\"index, follow, max-snippet:-1, max-image-preview:large, max-video-preview:-1\" \/>\n<link rel=\"canonical\" href=\"https:\/\/www.lojamelhordosul.com.br\/site\/produto\/telefone-sem-fio-digital-intelbras-ts-2510-preto-bivolt\/\" \/>\n<meta property=\"og:locale\" content=\"pt_BR\" \/>\n<meta property=\"og:type\" content=\"article\" \/>\n<meta property=\"og:title\" content=\"Telefone Sem Fio Digital Intelbras TS 2510 Preto Bivolt - Loja Melhor do Sul Sistemas de Seguran\u00e7a\" \/>\n<meta property=\"og:description\" content=\"O TS 25 \u00e9 um telefone sem fio digital superpr\u00e1tico com tecnologia DECT 6.0, que proporciona um \u00e1udio limpo, sem o inc\u00f4modo de interfer\u00eancias. Possui display luminoso que auxilia no uso noturno, identifica\u00e7\u00e3o de chamadas, agenda compartilhada com ramais\u00b9, registro autom\u00e1tico de ramais, entre outras fun\u00e7\u00f5es.  Caracter\u00edsticas: Identificador de chamadas DTMF e FSK1 Registro autom\u00e1tico de ramais2 Capacidade para at\u00e9 7 ramais (base + 6 ramais)2 Registro de 15 chamadas originadas, 15 atendidas e 20 n\u00e3o atendidas Agenda compartilhada para 70 contatos2 Mais praticidade com as funcionalidades de data, hora e alarme Bloqueio de chamadas originadas e recebidas a cobrar Modo Eco, para redu\u00e7\u00e3o do consumo de energia 10 tipos de toques com 7 op\u00e7\u00f5es de volume Menu tril\u00edngue dispon\u00edvel nos idiomas: portugu\u00eas, espanhol e ingl\u00eas 1* Identifica\u00e7\u00e3o de chamadas DTMF\/FSK: esse servi\u00e7o depende da libera\u00e7\u00e3o e tipo de operadora. 2* Fun\u00e7\u00f5es realiz\u00e1veis entre telefones Intelbras das s\u00e9ries TS 25, TS 51 e TIS 5010 registrados em uma mesma base.\" \/>\n<meta property=\"og:url\" content=\"https:\/\/www.lojamelhordosul.com.br\/site\/produto\/telefone-sem-fio-digital-intelbras-ts-2510-preto-bivolt\/\" \/>\n<meta property=\"og:site_name\" content=\"Loja Melhor do Sul Sistemas de Seguran\u00e7a\" \/>\n<meta property=\"article:modified_time\" content=\"2025-07-31T17:21:48+00:00\" \/>\n<meta property=\"og:image\" content=\"https:\/\/www.lojamelhordosul.com.br\/site\/wp-content\/uploads\/2020\/09\/TS-2510.png\" \/>\n\t<meta property=\"og:image:width\" content=\"1200\" \/>\n\t<meta property=\"og:image:height\" content=\"1200\" \/>\n\t<meta property=\"og:image:type\" content=\"image\/png\" \/>\n<meta name=\"twitter:card\" content=\"summary_large_image\" \/>\n<meta name=\"twitter:label1\" content=\"Est. tempo de leitura\" \/>\n\t<meta name=\"twitter:data1\" content=\"3 minutos\" \/>\n<script type=\"application\/ld+json\" class=\"yoast-schema-graph\">{\"@context\":\"https:\\\/\\\/schema.org\",\"@graph\":[{\"@type\":\"WebPage\",\"@id\":\"https:\\\/\\\/www.lojamelhordosul.com.br\\\/site\\\/produto\\\/telefone-sem-fio-digital-intelbras-ts-2510-preto-bivolt\\\/\",\"url\":\"https:\\\/\\\/www.lojamelhordosul.com.br\\\/site\\\/produto\\\/telefone-sem-fio-digital-intelbras-ts-2510-preto-bivolt\\\/\",\"name\":\"Telefone Sem Fio Digital Intelbras TS 2510 Preto Bivolt - Loja Melhor do Sul Sistemas de Seguran\u00e7a\",\"isPartOf\":{\"@id\":\"https:\\\/\\\/www.lojamelhordosul.com.br\\\/site\\\/#website\"},\"primaryImageOfPage\":{\"@id\":\"https:\\\/\\\/www.lojamelhordosul.com.br\\\/site\\\/produto\\\/telefone-sem-fio-digital-intelbras-ts-2510-preto-bivolt\\\/#primaryimage\"},\"image\":{\"@id\":\"https:\\\/\\\/www.lojamelhordosul.com.br\\\/site\\\/produto\\\/telefone-sem-fio-digital-intelbras-ts-2510-preto-bivolt\\\/#primaryimage\"},\"thumbnailUrl\":\"https:\\\/\\\/www.lojamelhordosul.com.br\\\/site\\\/wp-content\\\/uploads\\\/2020\\\/09\\\/TS-2510.png\",\"datePublished\":\"2020-09-09T18:00:11+00:00\",\"dateModified\":\"2025-07-31T17:21:48+00:00\",\"breadcrumb\":{\"@id\":\"https:\\\/\\\/www.lojamelhordosul.com.br\\\/site\\\/produto\\\/telefone-sem-fio-digital-intelbras-ts-2510-preto-bivolt\\\/#breadcrumb\"},\"inLanguage\":\"pt-BR\",\"potentialAction\":[{\"@type\":\"ReadAction\",\"target\":[\"https:\\\/\\\/www.lojamelhordosul.com.br\\\/site\\\/produto\\\/telefone-sem-fio-digital-intelbras-ts-2510-preto-bivolt\\\/\"]}]},{\"@type\":\"ImageObject\",\"inLanguage\":\"pt-BR\",\"@id\":\"https:\\\/\\\/www.lojamelhordosul.com.br\\\/site\\\/produto\\\/telefone-sem-fio-digital-intelbras-ts-2510-preto-bivolt\\\/#primaryimage\",\"url\":\"https:\\\/\\\/www.lojamelhordosul.com.br\\\/site\\\/wp-content\\\/uploads\\\/2020\\\/09\\\/TS-2510.png\",\"contentUrl\":\"https:\\\/\\\/www.lojamelhordosul.com.br\\\/site\\\/wp-content\\\/uploads\\\/2020\\\/09\\\/TS-2510.png\",\"width\":1200,\"height\":1200},{\"@type\":\"BreadcrumbList\",\"@id\":\"https:\\\/\\\/www.lojamelhordosul.com.br\\\/site\\\/produto\\\/telefone-sem-fio-digital-intelbras-ts-2510-preto-bivolt\\\/#breadcrumb\",\"itemListElement\":[{\"@type\":\"ListItem\",\"position\":1,\"name\":\"In\u00edcio\",\"item\":\"https:\\\/\\\/www.lojamelhordosul.com.br\\\/site\\\/\"},{\"@type\":\"ListItem\",\"position\":2,\"name\":\"Loja\",\"item\":\"https:\\\/\\\/www.lojamelhordosul.com.br\\\/site\\\/loja\\\/\"},{\"@type\":\"ListItem\",\"position\":3,\"name\":\"Telefone Sem Fio Digital Intelbras TS 2510 Preto Bivolt\"}]},{\"@type\":\"WebSite\",\"@id\":\"https:\\\/\\\/www.lojamelhordosul.com.br\\\/site\\\/#website\",\"url\":\"https:\\\/\\\/www.lojamelhordosul.com.br\\\/site\\\/\",\"name\":\"Loja Melhor do Sul Sistemas de Seguran\u00e7a\",\"description\":\"Loja Melhor do Sul - Revenda Ouro Intelbras em Porto Alegre\",\"publisher\":{\"@id\":\"https:\\\/\\\/www.lojamelhordosul.com.br\\\/site\\\/#organization\"},\"potentialAction\":[{\"@type\":\"SearchAction\",\"target\":{\"@type\":\"EntryPoint\",\"urlTemplate\":\"https:\\\/\\\/www.lojamelhordosul.com.br\\\/site\\\/?s={search_term_string}\"},\"query-input\":{\"@type\":\"PropertyValueSpecification\",\"valueRequired\":true,\"valueName\":\"search_term_string\"}}],\"inLanguage\":\"pt-BR\"},{\"@type\":\"Organization\",\"@id\":\"https:\\\/\\\/www.lojamelhordosul.com.br\\\/site\\\/#organization\",\"name\":\"Loja Melhor do Sul\",\"url\":\"https:\\\/\\\/www.lojamelhordosul.com.br\\\/site\\\/\",\"logo\":{\"@type\":\"ImageObject\",\"inLanguage\":\"pt-BR\",\"@id\":\"https:\\\/\\\/www.lojamelhordosul.com.br\\\/site\\\/#\\\/schema\\\/logo\\\/image\\\/\",\"url\":\"https:\\\/\\\/www.lojamelhordosul.com.br\\\/site\\\/wp-content\\\/uploads\\\/2019\\\/10\\\/logo-longo-da-loja.png\",\"contentUrl\":\"https:\\\/\\\/www.lojamelhordosul.com.br\\\/site\\\/wp-content\\\/uploads\\\/2019\\\/10\\\/logo-longo-da-loja.png\",\"width\":597,\"height\":114,\"caption\":\"Loja Melhor do Sul\"},\"image\":{\"@id\":\"https:\\\/\\\/www.lojamelhordosul.com.br\\\/site\\\/#\\\/schema\\\/logo\\\/image\\\/\"}}]}<\/script>\n<!-- \/ Yoast SEO plugin. -->","yoast_head_json":{"title":"Telefone Sem Fio Digital Intelbras TS 2510 Preto Bivolt - Loja Melhor do Sul Sistemas de Seguran\u00e7a","robots":{"index":"index","follow":"follow","max-snippet":"max-snippet:-1","max-image-preview":"max-image-preview:large","max-video-preview":"max-video-preview:-1"},"canonical":"https:\/\/www.lojamelhordosul.com.br\/site\/produto\/telefone-sem-fio-digital-intelbras-ts-2510-preto-bivolt\/","og_locale":"pt_BR","og_type":"article","og_title":"Telefone Sem Fio Digital Intelbras TS 2510 Preto Bivolt - Loja Melhor do Sul Sistemas de Seguran\u00e7a","og_description":"O TS 25 \u00e9 um telefone sem fio digital superpr\u00e1tico com tecnologia DECT 6.0, que proporciona um \u00e1udio limpo, sem o inc\u00f4modo de interfer\u00eancias. Possui display luminoso que auxilia no uso noturno, identifica\u00e7\u00e3o de chamadas, agenda compartilhada com ramais\u00b9, registro autom\u00e1tico de ramais, entre outras fun\u00e7\u00f5es.  Caracter\u00edsticas: Identificador de chamadas DTMF e FSK1 Registro autom\u00e1tico de ramais2 Capacidade para at\u00e9 7 ramais (base + 6 ramais)2 Registro de 15 chamadas originadas, 15 atendidas e 20 n\u00e3o atendidas Agenda compartilhada para 70 contatos2 Mais praticidade com as funcionalidades de data, hora e alarme Bloqueio de chamadas originadas e recebidas a cobrar Modo Eco, para redu\u00e7\u00e3o do consumo de energia 10 tipos de toques com 7 op\u00e7\u00f5es de volume Menu tril\u00edngue dispon\u00edvel nos idiomas: portugu\u00eas, espanhol e ingl\u00eas 1* Identifica\u00e7\u00e3o de chamadas DTMF\/FSK: esse servi\u00e7o depende da libera\u00e7\u00e3o e tipo de operadora. 2* Fun\u00e7\u00f5es realiz\u00e1veis entre telefones Intelbras das s\u00e9ries TS 25, TS 51 e TIS 5010 registrados em uma mesma base.","og_url":"https:\/\/www.lojamelhordosul.com.br\/site\/produto\/telefone-sem-fio-digital-intelbras-ts-2510-preto-bivolt\/","og_site_name":"Loja Melhor do Sul Sistemas de Seguran\u00e7a","article_modified_time":"2025-07-31T17:21:48+00:00","og_image":[{"width":1200,"height":1200,"url":"https:\/\/www.lojamelhordosul.com.br\/site\/wp-content\/uploads\/2020\/09\/TS-2510.png","type":"image\/png"}],"twitter_card":"summary_large_image","twitter_misc":{"Est. tempo de leitura":"3 minutos"},"schema":{"@context":"https:\/\/schema.org","@graph":[{"@type":"WebPage","@id":"https:\/\/www.lojamelhordosul.com.br\/site\/produto\/telefone-sem-fio-digital-intelbras-ts-2510-preto-bivolt\/","url":"https:\/\/www.lojamelhordosul.com.br\/site\/produto\/telefone-sem-fio-digital-intelbras-ts-2510-preto-bivolt\/","name":"Telefone Sem Fio Digital Intelbras TS 2510 Preto Bivolt - Loja Melhor do Sul Sistemas de Seguran\u00e7a","isPartOf":{"@id":"https:\/\/www.lojamelhordosul.com.br\/site\/#website"},"primaryImageOfPage":{"@id":"https:\/\/www.lojamelhordosul.com.br\/site\/produto\/telefone-sem-fio-digital-intelbras-ts-2510-preto-bivolt\/#primaryimage"},"image":{"@id":"https:\/\/www.lojamelhordosul.com.br\/site\/produto\/telefone-sem-fio-digital-intelbras-ts-2510-preto-bivolt\/#primaryimage"},"thumbnailUrl":"https:\/\/www.lojamelhordosul.com.br\/site\/wp-content\/uploads\/2020\/09\/TS-2510.png","datePublished":"2020-09-09T18:00:11+00:00","dateModified":"2025-07-31T17:21:48+00:00","breadcrumb":{"@id":"https:\/\/www.lojamelhordosul.com.br\/site\/produto\/telefone-sem-fio-digital-intelbras-ts-2510-preto-bivolt\/#breadcrumb"},"inLanguage":"pt-BR","potentialAction":[{"@type":"ReadAction","target":["https:\/\/www.lojamelhordosul.com.br\/site\/produto\/telefone-sem-fio-digital-intelbras-ts-2510-preto-bivolt\/"]}]},{"@type":"ImageObject","inLanguage":"pt-BR","@id":"https:\/\/www.lojamelhordosul.com.br\/site\/produto\/telefone-sem-fio-digital-intelbras-ts-2510-preto-bivolt\/#primaryimage","url":"https:\/\/www.lojamelhordosul.com.br\/site\/wp-content\/uploads\/2020\/09\/TS-2510.png","contentUrl":"https:\/\/www.lojamelhordosul.com.br\/site\/wp-content\/uploads\/2020\/09\/TS-2510.png","width":1200,"height":1200},{"@type":"BreadcrumbList","@id":"https:\/\/www.lojamelhordosul.com.br\/site\/produto\/telefone-sem-fio-digital-intelbras-ts-2510-preto-bivolt\/#breadcrumb","itemListElement":[{"@type":"ListItem","position":1,"name":"In\u00edcio","item":"https:\/\/www.lojamelhordosul.com.br\/site\/"},{"@type":"ListItem","position":2,"name":"Loja","item":"https:\/\/www.lojamelhordosul.com.br\/site\/loja\/"},{"@type":"ListItem","position":3,"name":"Telefone Sem Fio Digital Intelbras TS 2510 Preto Bivolt"}]},{"@type":"WebSite","@id":"https:\/\/www.lojamelhordosul.com.br\/site\/#website","url":"https:\/\/www.lojamelhordosul.com.br\/site\/","name":"Loja Melhor do Sul Sistemas de Seguran\u00e7a","description":"Loja Melhor do Sul - Revenda Ouro Intelbras em Porto Alegre","publisher":{"@id":"https:\/\/www.lojamelhordosul.com.br\/site\/#organization"},"potentialAction":[{"@type":"SearchAction","target":{"@type":"EntryPoint","urlTemplate":"https:\/\/www.lojamelhordosul.com.br\/site\/?s={search_term_string}"},"query-input":{"@type":"PropertyValueSpecification","valueRequired":true,"valueName":"search_term_string"}}],"inLanguage":"pt-BR"},{"@type":"Organization","@id":"https:\/\/www.lojamelhordosul.com.br\/site\/#organization","name":"Loja Melhor do Sul","url":"https:\/\/www.lojamelhordosul.com.br\/site\/","logo":{"@type":"ImageObject","inLanguage":"pt-BR","@id":"https:\/\/www.lojamelhordosul.com.br\/site\/#\/schema\/logo\/image\/","url":"https:\/\/www.lojamelhordosul.com.br\/site\/wp-content\/uploads\/2019\/10\/logo-longo-da-loja.png","contentUrl":"https:\/\/www.lojamelhordosul.com.br\/site\/wp-content\/uploads\/2019\/10\/logo-longo-da-loja.png","width":597,"height":114,"caption":"Loja Melhor do Sul"},"image":{"@id":"https:\/\/www.lojamelhordosul.com.br\/site\/#\/schema\/logo\/image\/"}}]}},"_links":{"self":[{"href":"https:\/\/www.lojamelhordosul.com.br\/site\/wp-json\/wp\/v2\/product\/8835","targetHints":{"allow":["GET"]}}],"collection":[{"href":"https:\/\/www.lojamelhordosul.com.br\/site\/wp-json\/wp\/v2\/product"}],"about":[{"href":"https:\/\/www.lojamelhordosul.com.br\/site\/wp-json\/wp\/v2\/types\/product"}],"replies":[{"embeddable":true,"href":"https:\/\/www.lojamelhordosul.com.br\/site\/wp-json\/wp\/v2\/comments?post=8835"}],"wp:featuredmedia":[{"embeddable":true,"href":"https:\/\/www.lojamelhordosul.com.br\/site\/wp-json\/wp\/v2\/media\/8838"}],"wp:attachment":[{"href":"https:\/\/www.lojamelhordosul.com.br\/site\/wp-json\/wp\/v2\/media?parent=8835"}],"wp:term":[{"taxonomy":"product_brand","embeddable":true,"href":"https:\/\/www.lojamelhordosul.com.br\/site\/wp-json\/wp\/v2\/product_brand?post=8835"},{"taxonomy":"product_cat","embeddable":true,"href":"https:\/\/www.lojamelhordosul.com.br\/site\/wp-json\/wp\/v2\/product_cat?post=8835"},{"taxonomy":"product_tag","embeddable":true,"href":"https:\/\/www.lojamelhordosul.com.br\/site\/wp-json\/wp\/v2\/product_tag?post=8835"}],"curies":[{"name":"wp","href":"https:\/\/api.w.org\/{rel}","templated":true}]}}