{"id":8873,"date":"2020-09-10T11:47:59","date_gmt":"2020-09-10T14:47:59","guid":{"rendered":"https:\/\/www.lojamelhordosul.com.br\/site\/?post_type=product&#038;p=8873"},"modified":"2025-12-05T16:02:38","modified_gmt":"2025-12-05T19:02:38","slug":"telefone-sem-fio-digital-2-linhas-intelbras-ts-5150-preto","status":"publish","type":"product","link":"https:\/\/www.lojamelhordosul.com.br\/site\/produto\/telefone-sem-fio-digital-2-linhas-intelbras-ts-5150-preto\/","title":{"rendered":"Telefone Sem Fio Digital 2 Linhas Intelbras TS 5150 Preto"},"content":{"rendered":"<div class=\"wpb-content-wrapper\"><div class=\"vc_row wpb_row vc_row-fluid\"><div class=\"container\"><div class=\"row\"><div class=\"wpb_column vc_column_container vc_col-md-12\"><div class=\"vc_column-inner \"><div class=\"wpb_wrapper\"><div class=\"wpb_single_image widget wpb_content_element vc_align_center\">\r\n\t\t\r\n\t\t<figure class=\"wpb_wrapper vc_figure\">\r\n\t\t\t<div class=\"vc_single_image-wrapper   vc_box_border_grey\"><img decoding=\"async\" class=\"vc_single_image-img\"  src=\"https:\/\/www.lojamelhordosul.com.br\/site\/wp-content\/uploads\/2020\/06\/Logo-Site-2020.png\" \/><\/div>\r\n\t\t<div class=\"description\">\r\n\t\t\t\r\n\t\t<\/div>\r\n\t\r\n\t\t<\/figure>\r\n\t<\/div><\/div><\/div><\/div><\/div><\/div><\/div><div class=\"vc_row wpb_row vc_row-fluid\"><div class=\"container\"><div class=\"row\"><div class=\"wpb_column vc_column_container vc_col-md-6\"><div class=\"vc_column-inner \"><div class=\"wpb_wrapper\"><div class=\"wpb_single_image widget wpb_content_element vc_align_left\">\r\n\t\t\r\n\t\t<figure class=\"wpb_wrapper vc_figure\">\r\n\t\t\t<div class=\"vc_single_image-wrapper   vc_box_border_grey\"><img decoding=\"async\" class=\"vc_single_image-img\"  src=\"http:\/\/suporte-tecnico.intelbras.com.br\/sites\/default\/files\/flyer_digital_ts5150_1.png\" \/><\/div>\r\n\t\t<div class=\"description\">\r\n\t\t\t\r\n\t\t<\/div>\r\n\t\r\n\t\t<\/figure>\r\n\t<\/div><\/div><\/div><\/div><div class=\"wpb_column vc_column_container vc_col-md-6\"><div class=\"vc_column-inner \"><div class=\"wpb_wrapper\">\n\t<div class=\"wpb_text_column wpb_content_element\" >\n\t\t<div class=\"wpb_wrapper\">\n\t\t\t<p>O TS 5150 possui 2 linhas que trazem vantagens para quem usa o aparelho no trabalho ou na sua resid\u00eancia. Possui tecnologia DECT, identifica\u00e7\u00e3o de chamadas, viva-voz e capacidade de expans\u00e3o para at\u00e9 10 ramais (base + 9 ramais)\u00b9. \u00c9 o telefone que oferece facilidade em dobro pra voc\u00ea agilizar a sua rotina.<\/p>\n<p><em><span class=\"cke-font-size-small\">\u00b9 Fun\u00e7\u00f5es realiz\u00e1veis entre telefones sem fio Intelbras da s\u00e9rie TS 51.<\/span><\/em><\/p>\n\n\t\t<\/div>\n\t<\/div>\n<\/div><\/div><\/div><\/div><\/div><\/div><div class=\"vc_row wpb_row vc_row-fluid\"><div class=\"container\"><div class=\"row\"><div class=\"wpb_column vc_column_container vc_col-md-6\"><div class=\"vc_column-inner \"><div class=\"wpb_wrapper\">\n\t<div class=\"wpb_text_column wpb_content_element\" >\n\t\t<div class=\"wpb_wrapper\">\n\t\t\t<p>2 linhas, 2 solu\u00e7\u00f5es<\/p>\n<p>Com duas linhas no telefone sem fio, voc\u00ea ganha muito mais mobilidade e produtividade no dia a dia. Seja em casa ou no trabalho, o TS 5150 facilita a comunica\u00e7\u00e3o.<\/p>\n\n\t\t<\/div>\n\t<\/div>\n<\/div><\/div><\/div><div class=\"wpb_column vc_column_container vc_col-md-6\"><div class=\"vc_column-inner \"><div class=\"wpb_wrapper\"><div class=\"wpb_single_image widget wpb_content_element vc_align_left\">\r\n\t\t\r\n\t\t<figure class=\"wpb_wrapper vc_figure\">\r\n\t\t\t<div class=\"vc_single_image-wrapper   vc_box_border_grey\"><img decoding=\"async\" class=\"vc_single_image-img\"  src=\"http:\/\/suporte-tecnico.intelbras.com.br\/sites\/default\/files\/flyer_digital_ts5150_02.png\" \/><\/div>\r\n\t\t<div class=\"description\">\r\n\t\t\t\r\n\t\t<\/div>\r\n\t\r\n\t\t<\/figure>\r\n\t<\/div><\/div><\/div><\/div><\/div><\/div><\/div><div class=\"vc_row wpb_row vc_row-fluid\"><div class=\"container\"><div class=\"row\"><div class=\"wpb_column vc_column_container vc_col-md-6\"><div class=\"vc_column-inner \"><div class=\"wpb_wrapper\"><div class=\"wpb_single_image widget wpb_content_element vc_align_left\">\r\n\t\t\r\n\t\t<figure class=\"wpb_wrapper vc_figure\">\r\n\t\t\t<div class=\"vc_single_image-wrapper   vc_box_border_grey\"><img decoding=\"async\" class=\"vc_single_image-img\"  src=\"http:\/\/suporte-tecnico.intelbras.com.br\/sites\/default\/files\/flyer_digital_ts5150_03.png\" \/><\/div>\r\n\t\t<div class=\"description\">\r\n\t\t\t\r\n\t\t<\/div>\r\n\t\r\n\t\t<\/figure>\r\n\t<\/div><\/div><\/div><\/div><div class=\"wpb_column vc_column_container vc_col-md-6\"><div class=\"vc_column-inner \"><div class=\"wpb_wrapper\">\n\t<div class=\"wpb_text_column wpb_content_element\" >\n\t\t<div class=\"wpb_wrapper\">\n\t\t\t<p>Duas linhas em resid\u00eancias<\/p>\n<p>Mais mobilidade para atender o telefone e o interfone de qualquer lugar da casa. Uma linha fica exclusiva para liga\u00e7\u00f5es e a outra pode substituir o interfone\u00b2, tudo no mesmo aparelho.<\/p>\n<p><em><span class=\"cke-font-size-small\">\u00b2 O TS 5150 substitui apenas interfones com tecla num\u00e9rica, ou seja, aqueles que s\u00e3o conectados em centrais de comunica\u00e7\u00e3o condominiais.<\/span><\/em><\/p>\n\n\t\t<\/div>\n\t<\/div>\n<\/div><\/div><\/div><\/div><\/div><\/div><div class=\"vc_row wpb_row vc_row-fluid\"><div class=\"container\"><div class=\"row\"><div class=\"wpb_column vc_column_container vc_col-md-6\"><div class=\"vc_column-inner \"><div class=\"wpb_wrapper\">\n\t<div class=\"wpb_text_column wpb_content_element\" >\n\t\t<div class=\"wpb_wrapper\">\n\t\t\t<p>Duas linhas no trabalho<\/p>\n<p>Os profissionais v\u00e3o ganhar muito mais produtividade no dia a dia, pois podem usufruir das duas linhas como quiserem. Por exemplo, ter uma operadora telef\u00f4nica diferente em cada linha.<\/p>\n\n\t\t<\/div>\n\t<\/div>\n<\/div><\/div><\/div><div class=\"wpb_column vc_column_container vc_col-md-6\"><div class=\"vc_column-inner \"><div class=\"wpb_wrapper\"><div class=\"wpb_single_image widget wpb_content_element vc_align_left\">\r\n\t\t\r\n\t\t<figure class=\"wpb_wrapper vc_figure\">\r\n\t\t\t<div class=\"vc_single_image-wrapper   vc_box_border_grey\"><img decoding=\"async\" class=\"vc_single_image-img\"  src=\"http:\/\/suporte-tecnico.intelbras.com.br\/sites\/default\/files\/flyer_digital_ts5150_04.png\" \/><\/div>\r\n\t\t<div class=\"description\">\r\n\t\t\t\r\n\t\t<\/div>\r\n\t\r\n\t\t<\/figure>\r\n\t<\/div><\/div><\/div><\/div><\/div><\/div><\/div><div class=\"vc_row wpb_row vc_row-fluid\"><div class=\"container\"><div class=\"row\"><div class=\"wpb_column vc_column_container vc_col-md-6\"><div class=\"vc_column-inner \"><div class=\"wpb_wrapper\"><div class=\"wpb_single_image widget wpb_content_element vc_align_left\">\r\n\t\t\r\n\t\t<figure class=\"wpb_wrapper vc_figure\">\r\n\t\t\t<div class=\"vc_single_image-wrapper   vc_box_border_grey\"><img decoding=\"async\" class=\"vc_single_image-img\"  src=\"http:\/\/suporte-tecnico.intelbras.com.br\/sites\/default\/files\/flyer_digital_ts5150_05.png\" \/><\/div>\r\n\t\t<div class=\"description\">\r\n\t\t\t\r\n\t\t<\/div>\r\n\t\r\n\t\t<\/figure>\r\n\t<\/div><\/div><\/div><\/div><div class=\"wpb_column vc_column_container vc_col-md-6\"><div class=\"vc_column-inner \"><div class=\"wpb_wrapper\">\n\t<div class=\"wpb_text_column wpb_content_element\" >\n\t\t<div class=\"wpb_wrapper\">\n\t\t\t<p>Telefones onde voc\u00ea quiser<\/p>\n<p>O telefone TS 5150 tem capacidade para expandir em at\u00e9 10 ramais (base + 9 ramais)\u00b9, onde somente o telefone principal (base) estar\u00e1 conectado \u00e0s linhas telef\u00f4nicas.<\/p>\n<p><em><span class=\"cke-font-size-small\">\u00b9 Fun\u00e7\u00f5es realiz\u00e1veis entre telefones sem fio Intelbras da s\u00e9rie TS 51.<\/span><\/em><\/p>\n\n\t\t<\/div>\n\t<\/div>\n<\/div><\/div><\/div><\/div><\/div><\/div><div class=\"vc_row wpb_row vc_row-fluid\"><div class=\"container\"><div class=\"row\"><div class=\"wpb_column vc_column_container vc_col-md-6\"><div class=\"vc_column-inner \"><div class=\"wpb_wrapper\">\n\t<div class=\"wpb_text_column wpb_content_element\" >\n\t\t<div class=\"wpb_wrapper\">\n\t\t\t<p>Escolha quais telefones recebem e originam chamadas<\/p>\n<p>Se voc\u00ea adquirir ramais para registrar no TS 5150, ser\u00e1 poss\u00edvel configurar quais fones ir\u00e3o receber e originar chamadas da linha 1 e da linha 2.<\/p>\n\n\t\t<\/div>\n\t<\/div>\n<\/div><\/div><\/div><div class=\"wpb_column vc_column_container vc_col-md-6\"><div class=\"vc_column-inner \"><div class=\"wpb_wrapper\"><div class=\"wpb_single_image widget wpb_content_element vc_align_left\">\r\n\t\t\r\n\t\t<figure class=\"wpb_wrapper vc_figure\">\r\n\t\t\t<div class=\"vc_single_image-wrapper   vc_box_border_grey\"><img decoding=\"async\" class=\"vc_single_image-img\"  src=\"http:\/\/suporte-tecnico.intelbras.com.br\/sites\/default\/files\/flyer_digital_ts5150_06.png\" \/><\/div>\r\n\t\t<div class=\"description\">\r\n\t\t\t\r\n\t\t<\/div>\r\n\t\r\n\t\t<\/figure>\r\n\t<\/div><\/div><\/div><\/div><\/div><\/div><\/div><div class=\"vc_row wpb_row vc_row-fluid\"><div class=\"container\"><div class=\"row\"><div class=\"wpb_column vc_column_container vc_col-md-6\"><div class=\"vc_column-inner \"><div class=\"wpb_wrapper\"><div class=\"wpb_single_image widget wpb_content_element vc_align_left\">\r\n\t\t\r\n\t\t<figure class=\"wpb_wrapper vc_figure\">\r\n\t\t\t<div class=\"vc_single_image-wrapper   vc_box_border_grey\"><img decoding=\"async\" class=\"vc_single_image-img\"  src=\"http:\/\/suporte-tecnico.intelbras.com.br\/sites\/default\/files\/flyer_digital_ts5150_07.png\" \/><\/div>\r\n\t\t<div class=\"description\">\r\n\t\t\t\r\n\t\t<\/div>\r\n\t\r\n\t\t<\/figure>\r\n\t<\/div><\/div><\/div><\/div><div class=\"wpb_column vc_column_container vc_col-md-6\"><div class=\"vc_column-inner \"><div class=\"wpb_wrapper\">\n\t<div class=\"wpb_text_column wpb_content_element\" >\n\t\t<div class=\"wpb_wrapper\">\n\t\t\t<p>Agenda para 200 contatos<\/p>\n<p>Salve at\u00e9 200 contatos na agenda do telefone principal (base) e compartilhe-os entre os ramais (extens\u00f5es).<\/p>\n\n\t\t<\/div>\n\t<\/div>\n<\/div><\/div><\/div><\/div><\/div><\/div>\n<\/div>","protected":false},"excerpt":{"rendered":"<p>O TS 5150 possui 2 linhas que trazem vantagens para quem usa o aparelho no trabalho ou na sua resid\u00eancia.<\/p>\n<p>\u2022 Capacidade para at\u00e9 10 ramais (base + 9 ramais)\u00b9<br \/>\n\u2022 Mais controle: bloqueio de n\u00fameros ou prefixos<br \/>\nespec\u00edficos<br \/>\n\u2022 Agenda para 200 contatos compartilhada entre os<br \/>\nramais\u00b9<br \/>\n\u2022 \u00c9 poss\u00edvel definir de qual linha o telefone principal<br \/>\n(base) e os ramais (extens\u00f5es) ir\u00e3o receber ou originar<br \/>\nchamadas<br \/>\n\u2022 Comunica\u00e7\u00e3o interna\u00b9 e transfer\u00eancia de chamadas\u00b9<br \/>\n\u2022 Confer\u00eancia a tr\u00eas\u00b9<br \/>\n\u2022 Entrada para fone de ouvido\u00b2<br \/>\n\u00b9 Fun\u00e7\u00f5es realiz\u00e1veis entre telefones sem fio Intelbras<br \/>\nda s\u00e9rie TS 51.<br \/>\n\u00b2 Acess\u00f3rio vendido separadamente.<\/p>\n","protected":false},"featured_media":8874,"comment_status":"open","ping_status":"closed","template":"","meta":[],"product_brand":[],"product_cat":[2784,2789,2787,2785],"product_tag":[1255,2229,2218,2228,299,2227],"class_list":{"0":"post-8873","1":"product","2":"type-product","3":"status-publish","4":"has-post-thumbnail","6":"product_cat-area-comunicacao","7":"product_cat-telefones-sem-fio","8":"product_cat-telefonia-telefones","9":"product_cat-comunicacao-telefonia","10":"product_tag-intelbras","11":"product_tag-intelbras-ts-5150","12":"product_tag-telefone-sem-fio-intelbras","13":"product_tag-telefone-sem-fio-ts-5150","14":"product_tag-ts-5150","15":"product_tag-ts-5150-intelbras","17":"first","18":"outofstock","19":"shipping-taxable","20":"purchasable","21":"product-type-simple"},"yoast_head":"<!-- This site is optimized with the Yoast SEO plugin v27.5 - https:\/\/yoast.com\/product\/yoast-seo-wordpress\/ -->\n<title>Telefone Sem Fio Digital 2 Linhas Intelbras TS 5150 Preto - Loja Melhor do Sul Sistemas de Seguran\u00e7a<\/title>\n<meta name=\"robots\" content=\"index, follow, max-snippet:-1, max-image-preview:large, max-video-preview:-1\" \/>\n<link rel=\"canonical\" href=\"https:\/\/www.lojamelhordosul.com.br\/site\/produto\/telefone-sem-fio-digital-2-linhas-intelbras-ts-5150-preto\/\" \/>\n<meta property=\"og:locale\" content=\"pt_BR\" \/>\n<meta property=\"og:type\" content=\"article\" \/>\n<meta property=\"og:title\" content=\"Telefone Sem Fio Digital 2 Linhas Intelbras TS 5150 Preto - Loja Melhor do Sul Sistemas de Seguran\u00e7a\" \/>\n<meta property=\"og:description\" content=\"O TS 5150 possui 2 linhas que trazem vantagens para quem usa o aparelho no trabalho ou na sua resid\u00eancia.  \u2022 Capacidade para at\u00e9 10 ramais (base + 9 ramais)\u00b9 \u2022 Mais controle: bloqueio de n\u00fameros ou prefixos espec\u00edficos \u2022 Agenda para 200 contatos compartilhada entre os ramais\u00b9 \u2022 \u00c9 poss\u00edvel definir de qual linha o telefone principal (base) e os ramais (extens\u00f5es) ir\u00e3o receber ou originar chamadas \u2022 Comunica\u00e7\u00e3o interna\u00b9 e transfer\u00eancia de chamadas\u00b9 \u2022 Confer\u00eancia a tr\u00eas\u00b9 \u2022 Entrada para fone de ouvido\u00b2 \u00b9 Fun\u00e7\u00f5es realiz\u00e1veis entre telefones sem fio Intelbras da s\u00e9rie TS 51. \u00b2 Acess\u00f3rio vendido separadamente.\" \/>\n<meta property=\"og:url\" content=\"https:\/\/www.lojamelhordosul.com.br\/site\/produto\/telefone-sem-fio-digital-2-linhas-intelbras-ts-5150-preto\/\" \/>\n<meta property=\"og:site_name\" content=\"Loja Melhor do Sul Sistemas de Seguran\u00e7a\" \/>\n<meta property=\"article:modified_time\" content=\"2025-12-05T19:02:38+00:00\" \/>\n<meta property=\"og:image\" content=\"https:\/\/www.lojamelhordosul.com.br\/site\/wp-content\/uploads\/2020\/09\/Ts-5150-Intelbras.png\" \/>\n\t<meta property=\"og:image:width\" content=\"1000\" \/>\n\t<meta property=\"og:image:height\" content=\"1000\" \/>\n\t<meta property=\"og:image:type\" content=\"image\/png\" \/>\n<meta name=\"twitter:card\" content=\"summary_large_image\" \/>\n<meta name=\"twitter:label1\" content=\"Est. tempo de leitura\" \/>\n\t<meta name=\"twitter:data1\" content=\"3 minutos\" \/>\n<script type=\"application\/ld+json\" class=\"yoast-schema-graph\">{\"@context\":\"https:\\\/\\\/schema.org\",\"@graph\":[{\"@type\":\"WebPage\",\"@id\":\"https:\\\/\\\/www.lojamelhordosul.com.br\\\/site\\\/produto\\\/telefone-sem-fio-digital-2-linhas-intelbras-ts-5150-preto\\\/\",\"url\":\"https:\\\/\\\/www.lojamelhordosul.com.br\\\/site\\\/produto\\\/telefone-sem-fio-digital-2-linhas-intelbras-ts-5150-preto\\\/\",\"name\":\"Telefone Sem Fio Digital 2 Linhas Intelbras TS 5150 Preto - Loja Melhor do Sul Sistemas de Seguran\u00e7a\",\"isPartOf\":{\"@id\":\"https:\\\/\\\/www.lojamelhordosul.com.br\\\/site\\\/#website\"},\"primaryImageOfPage\":{\"@id\":\"https:\\\/\\\/www.lojamelhordosul.com.br\\\/site\\\/produto\\\/telefone-sem-fio-digital-2-linhas-intelbras-ts-5150-preto\\\/#primaryimage\"},\"image\":{\"@id\":\"https:\\\/\\\/www.lojamelhordosul.com.br\\\/site\\\/produto\\\/telefone-sem-fio-digital-2-linhas-intelbras-ts-5150-preto\\\/#primaryimage\"},\"thumbnailUrl\":\"https:\\\/\\\/www.lojamelhordosul.com.br\\\/site\\\/wp-content\\\/uploads\\\/2020\\\/09\\\/Ts-5150-Intelbras.png\",\"datePublished\":\"2020-09-10T14:47:59+00:00\",\"dateModified\":\"2025-12-05T19:02:38+00:00\",\"breadcrumb\":{\"@id\":\"https:\\\/\\\/www.lojamelhordosul.com.br\\\/site\\\/produto\\\/telefone-sem-fio-digital-2-linhas-intelbras-ts-5150-preto\\\/#breadcrumb\"},\"inLanguage\":\"pt-BR\",\"potentialAction\":[{\"@type\":\"ReadAction\",\"target\":[\"https:\\\/\\\/www.lojamelhordosul.com.br\\\/site\\\/produto\\\/telefone-sem-fio-digital-2-linhas-intelbras-ts-5150-preto\\\/\"]}]},{\"@type\":\"ImageObject\",\"inLanguage\":\"pt-BR\",\"@id\":\"https:\\\/\\\/www.lojamelhordosul.com.br\\\/site\\\/produto\\\/telefone-sem-fio-digital-2-linhas-intelbras-ts-5150-preto\\\/#primaryimage\",\"url\":\"https:\\\/\\\/www.lojamelhordosul.com.br\\\/site\\\/wp-content\\\/uploads\\\/2020\\\/09\\\/Ts-5150-Intelbras.png\",\"contentUrl\":\"https:\\\/\\\/www.lojamelhordosul.com.br\\\/site\\\/wp-content\\\/uploads\\\/2020\\\/09\\\/Ts-5150-Intelbras.png\",\"width\":1000,\"height\":1000},{\"@type\":\"BreadcrumbList\",\"@id\":\"https:\\\/\\\/www.lojamelhordosul.com.br\\\/site\\\/produto\\\/telefone-sem-fio-digital-2-linhas-intelbras-ts-5150-preto\\\/#breadcrumb\",\"itemListElement\":[{\"@type\":\"ListItem\",\"position\":1,\"name\":\"In\u00edcio\",\"item\":\"https:\\\/\\\/www.lojamelhordosul.com.br\\\/site\\\/\"},{\"@type\":\"ListItem\",\"position\":2,\"name\":\"Loja\",\"item\":\"https:\\\/\\\/www.lojamelhordosul.com.br\\\/site\\\/loja\\\/\"},{\"@type\":\"ListItem\",\"position\":3,\"name\":\"Telefone Sem Fio Digital 2 Linhas Intelbras TS 5150 Preto\"}]},{\"@type\":\"WebSite\",\"@id\":\"https:\\\/\\\/www.lojamelhordosul.com.br\\\/site\\\/#website\",\"url\":\"https:\\\/\\\/www.lojamelhordosul.com.br\\\/site\\\/\",\"name\":\"Loja Melhor do Sul Sistemas de Seguran\u00e7a\",\"description\":\"Loja Melhor do Sul - Revenda Ouro Intelbras em Porto Alegre\",\"publisher\":{\"@id\":\"https:\\\/\\\/www.lojamelhordosul.com.br\\\/site\\\/#organization\"},\"potentialAction\":[{\"@type\":\"SearchAction\",\"target\":{\"@type\":\"EntryPoint\",\"urlTemplate\":\"https:\\\/\\\/www.lojamelhordosul.com.br\\\/site\\\/?s={search_term_string}\"},\"query-input\":{\"@type\":\"PropertyValueSpecification\",\"valueRequired\":true,\"valueName\":\"search_term_string\"}}],\"inLanguage\":\"pt-BR\"},{\"@type\":\"Organization\",\"@id\":\"https:\\\/\\\/www.lojamelhordosul.com.br\\\/site\\\/#organization\",\"name\":\"Loja Melhor do Sul\",\"url\":\"https:\\\/\\\/www.lojamelhordosul.com.br\\\/site\\\/\",\"logo\":{\"@type\":\"ImageObject\",\"inLanguage\":\"pt-BR\",\"@id\":\"https:\\\/\\\/www.lojamelhordosul.com.br\\\/site\\\/#\\\/schema\\\/logo\\\/image\\\/\",\"url\":\"https:\\\/\\\/www.lojamelhordosul.com.br\\\/site\\\/wp-content\\\/uploads\\\/2019\\\/10\\\/logo-longo-da-loja.png\",\"contentUrl\":\"https:\\\/\\\/www.lojamelhordosul.com.br\\\/site\\\/wp-content\\\/uploads\\\/2019\\\/10\\\/logo-longo-da-loja.png\",\"width\":597,\"height\":114,\"caption\":\"Loja Melhor do Sul\"},\"image\":{\"@id\":\"https:\\\/\\\/www.lojamelhordosul.com.br\\\/site\\\/#\\\/schema\\\/logo\\\/image\\\/\"}}]}<\/script>\n<!-- \/ Yoast SEO plugin. -->","yoast_head_json":{"title":"Telefone Sem Fio Digital 2 Linhas Intelbras TS 5150 Preto - Loja Melhor do Sul Sistemas de Seguran\u00e7a","robots":{"index":"index","follow":"follow","max-snippet":"max-snippet:-1","max-image-preview":"max-image-preview:large","max-video-preview":"max-video-preview:-1"},"canonical":"https:\/\/www.lojamelhordosul.com.br\/site\/produto\/telefone-sem-fio-digital-2-linhas-intelbras-ts-5150-preto\/","og_locale":"pt_BR","og_type":"article","og_title":"Telefone Sem Fio Digital 2 Linhas Intelbras TS 5150 Preto - Loja Melhor do Sul Sistemas de Seguran\u00e7a","og_description":"O TS 5150 possui 2 linhas que trazem vantagens para quem usa o aparelho no trabalho ou na sua resid\u00eancia.  \u2022 Capacidade para at\u00e9 10 ramais (base + 9 ramais)\u00b9 \u2022 Mais controle: bloqueio de n\u00fameros ou prefixos espec\u00edficos \u2022 Agenda para 200 contatos compartilhada entre os ramais\u00b9 \u2022 \u00c9 poss\u00edvel definir de qual linha o telefone principal (base) e os ramais (extens\u00f5es) ir\u00e3o receber ou originar chamadas \u2022 Comunica\u00e7\u00e3o interna\u00b9 e transfer\u00eancia de chamadas\u00b9 \u2022 Confer\u00eancia a tr\u00eas\u00b9 \u2022 Entrada para fone de ouvido\u00b2 \u00b9 Fun\u00e7\u00f5es realiz\u00e1veis entre telefones sem fio Intelbras da s\u00e9rie TS 51. \u00b2 Acess\u00f3rio vendido separadamente.","og_url":"https:\/\/www.lojamelhordosul.com.br\/site\/produto\/telefone-sem-fio-digital-2-linhas-intelbras-ts-5150-preto\/","og_site_name":"Loja Melhor do Sul Sistemas de Seguran\u00e7a","article_modified_time":"2025-12-05T19:02:38+00:00","og_image":[{"width":1000,"height":1000,"url":"https:\/\/www.lojamelhordosul.com.br\/site\/wp-content\/uploads\/2020\/09\/Ts-5150-Intelbras.png","type":"image\/png"}],"twitter_card":"summary_large_image","twitter_misc":{"Est. tempo de leitura":"3 minutos"},"schema":{"@context":"https:\/\/schema.org","@graph":[{"@type":"WebPage","@id":"https:\/\/www.lojamelhordosul.com.br\/site\/produto\/telefone-sem-fio-digital-2-linhas-intelbras-ts-5150-preto\/","url":"https:\/\/www.lojamelhordosul.com.br\/site\/produto\/telefone-sem-fio-digital-2-linhas-intelbras-ts-5150-preto\/","name":"Telefone Sem Fio Digital 2 Linhas Intelbras TS 5150 Preto - Loja Melhor do Sul Sistemas de Seguran\u00e7a","isPartOf":{"@id":"https:\/\/www.lojamelhordosul.com.br\/site\/#website"},"primaryImageOfPage":{"@id":"https:\/\/www.lojamelhordosul.com.br\/site\/produto\/telefone-sem-fio-digital-2-linhas-intelbras-ts-5150-preto\/#primaryimage"},"image":{"@id":"https:\/\/www.lojamelhordosul.com.br\/site\/produto\/telefone-sem-fio-digital-2-linhas-intelbras-ts-5150-preto\/#primaryimage"},"thumbnailUrl":"https:\/\/www.lojamelhordosul.com.br\/site\/wp-content\/uploads\/2020\/09\/Ts-5150-Intelbras.png","datePublished":"2020-09-10T14:47:59+00:00","dateModified":"2025-12-05T19:02:38+00:00","breadcrumb":{"@id":"https:\/\/www.lojamelhordosul.com.br\/site\/produto\/telefone-sem-fio-digital-2-linhas-intelbras-ts-5150-preto\/#breadcrumb"},"inLanguage":"pt-BR","potentialAction":[{"@type":"ReadAction","target":["https:\/\/www.lojamelhordosul.com.br\/site\/produto\/telefone-sem-fio-digital-2-linhas-intelbras-ts-5150-preto\/"]}]},{"@type":"ImageObject","inLanguage":"pt-BR","@id":"https:\/\/www.lojamelhordosul.com.br\/site\/produto\/telefone-sem-fio-digital-2-linhas-intelbras-ts-5150-preto\/#primaryimage","url":"https:\/\/www.lojamelhordosul.com.br\/site\/wp-content\/uploads\/2020\/09\/Ts-5150-Intelbras.png","contentUrl":"https:\/\/www.lojamelhordosul.com.br\/site\/wp-content\/uploads\/2020\/09\/Ts-5150-Intelbras.png","width":1000,"height":1000},{"@type":"BreadcrumbList","@id":"https:\/\/www.lojamelhordosul.com.br\/site\/produto\/telefone-sem-fio-digital-2-linhas-intelbras-ts-5150-preto\/#breadcrumb","itemListElement":[{"@type":"ListItem","position":1,"name":"In\u00edcio","item":"https:\/\/www.lojamelhordosul.com.br\/site\/"},{"@type":"ListItem","position":2,"name":"Loja","item":"https:\/\/www.lojamelhordosul.com.br\/site\/loja\/"},{"@type":"ListItem","position":3,"name":"Telefone Sem Fio Digital 2 Linhas Intelbras TS 5150 Preto"}]},{"@type":"WebSite","@id":"https:\/\/www.lojamelhordosul.com.br\/site\/#website","url":"https:\/\/www.lojamelhordosul.com.br\/site\/","name":"Loja Melhor do Sul Sistemas de Seguran\u00e7a","description":"Loja Melhor do Sul - Revenda Ouro Intelbras em Porto Alegre","publisher":{"@id":"https:\/\/www.lojamelhordosul.com.br\/site\/#organization"},"potentialAction":[{"@type":"SearchAction","target":{"@type":"EntryPoint","urlTemplate":"https:\/\/www.lojamelhordosul.com.br\/site\/?s={search_term_string}"},"query-input":{"@type":"PropertyValueSpecification","valueRequired":true,"valueName":"search_term_string"}}],"inLanguage":"pt-BR"},{"@type":"Organization","@id":"https:\/\/www.lojamelhordosul.com.br\/site\/#organization","name":"Loja Melhor do Sul","url":"https:\/\/www.lojamelhordosul.com.br\/site\/","logo":{"@type":"ImageObject","inLanguage":"pt-BR","@id":"https:\/\/www.lojamelhordosul.com.br\/site\/#\/schema\/logo\/image\/","url":"https:\/\/www.lojamelhordosul.com.br\/site\/wp-content\/uploads\/2019\/10\/logo-longo-da-loja.png","contentUrl":"https:\/\/www.lojamelhordosul.com.br\/site\/wp-content\/uploads\/2019\/10\/logo-longo-da-loja.png","width":597,"height":114,"caption":"Loja Melhor do Sul"},"image":{"@id":"https:\/\/www.lojamelhordosul.com.br\/site\/#\/schema\/logo\/image\/"}}]}},"_links":{"self":[{"href":"https:\/\/www.lojamelhordosul.com.br\/site\/wp-json\/wp\/v2\/product\/8873","targetHints":{"allow":["GET"]}}],"collection":[{"href":"https:\/\/www.lojamelhordosul.com.br\/site\/wp-json\/wp\/v2\/product"}],"about":[{"href":"https:\/\/www.lojamelhordosul.com.br\/site\/wp-json\/wp\/v2\/types\/product"}],"replies":[{"embeddable":true,"href":"https:\/\/www.lojamelhordosul.com.br\/site\/wp-json\/wp\/v2\/comments?post=8873"}],"wp:featuredmedia":[{"embeddable":true,"href":"https:\/\/www.lojamelhordosul.com.br\/site\/wp-json\/wp\/v2\/media\/8874"}],"wp:attachment":[{"href":"https:\/\/www.lojamelhordosul.com.br\/site\/wp-json\/wp\/v2\/media?parent=8873"}],"wp:term":[{"taxonomy":"product_brand","embeddable":true,"href":"https:\/\/www.lojamelhordosul.com.br\/site\/wp-json\/wp\/v2\/product_brand?post=8873"},{"taxonomy":"product_cat","embeddable":true,"href":"https:\/\/www.lojamelhordosul.com.br\/site\/wp-json\/wp\/v2\/product_cat?post=8873"},{"taxonomy":"product_tag","embeddable":true,"href":"https:\/\/www.lojamelhordosul.com.br\/site\/wp-json\/wp\/v2\/product_tag?post=8873"}],"curies":[{"name":"wp","href":"https:\/\/api.w.org\/{rel}","templated":true}]}}