{"id":9355,"date":"2020-09-24T14:29:29","date_gmt":"2020-09-24T17:29:29","guid":{"rendered":"https:\/\/www.lojamelhordosul.com.br\/site\/?post_type=product&#038;p=9355"},"modified":"2026-03-12T11:44:28","modified_gmt":"2026-03-12T14:44:28","slug":"nobreak-intelbras-1440va-bi-long-backup-saida-120v-cftv-pdv","status":"publish","type":"product","link":"https:\/\/www.lojamelhordosul.com.br\/site\/produto\/nobreak-intelbras-1440va-bi-long-backup-saida-120v-cftv-pdv\/","title":{"rendered":"Nobreak Intelbras XNB 1440VA BI+ (sem bateria) Long Backup Sa\u00edda 120v Cftv Pdv"},"content":{"rendered":"<div class=\"wpb-content-wrapper\"><div class=\"vc_row wpb_row vc_row-fluid\"><div class=\"container\"><div class=\"row\"><div class=\"wpb_column vc_column_container vc_col-md-12\"><div class=\"vc_column-inner \"><div class=\"wpb_wrapper\"><div class=\"wpb_single_image widget wpb_content_element vc_align_center\">\r\n\t\t\r\n\t\t<figure class=\"wpb_wrapper vc_figure\">\r\n\t\t\t<div class=\"vc_single_image-wrapper   vc_box_border_grey\"><img decoding=\"async\" class=\"vc_single_image-img\"  src=\"https:\/\/www.lojamelhordosul.com.br\/site\/wp-content\/uploads\/2020\/06\/Logo-Site-2020.png\" \/><\/div>\r\n\t\t<div class=\"description\">\r\n\t\t\t\r\n\t\t<\/div>\r\n\t\r\n\t\t<\/figure>\r\n\t<\/div><\/div><\/div><\/div><\/div><\/div><\/div><div class=\"vc_row wpb_row vc_row-fluid\"><div class=\"container\"><div class=\"row\"><div class=\"wpb_column vc_column_container vc_col-md-6\"><div class=\"vc_column-inner \"><div class=\"wpb_wrapper\">\n\t<div class=\"wpb_text_column wpb_content_element\" >\n\t\t<div class=\"wpb_wrapper\">\n\t\t\t<div class=\"mt2 mb2 \">\n<h2 class=\"weight--small-300 weight--large-200 h3\">Mais prote\u00e7\u00e3o para seus equipamentos<\/h2>\n<\/div>\n<div class=\"text text--300\">\n<div class=\"block-template overflow-hidden\">\n<p>S\u00e3o 6 n\u00edveis de prote\u00e7\u00e3o que proporcionam mais seguran\u00e7a aos equipamentos, protegendo-os contra oscila\u00e7\u00f5es e falhas na rede el\u00e9trica.<\/p>\n<\/div>\n<\/div>\n\n\t\t<\/div>\n\t<\/div>\n<\/div><\/div><\/div><div class=\"wpb_column vc_column_container vc_col-md-6\"><div class=\"vc_column-inner \"><div class=\"wpb_wrapper\"><div class=\"wpb_single_image widget wpb_content_element vc_align_left\">\r\n\t\t\r\n\t\t<figure class=\"wpb_wrapper vc_figure\">\r\n\t\t\t<div class=\"vc_single_image-wrapper   vc_box_border_grey\"><img decoding=\"async\" class=\"vc_single_image-img\"  src=\"https:\/\/backend.intelbras.com\/sites\/default\/files\/styles\/large\/public\/2020-02\/FlyerDigital_XNB_1440_BI%2B_01-19_01.jpg\" \/><\/div>\r\n\t\t<div class=\"description\">\r\n\t\t\t\r\n\t\t<\/div>\r\n\t\r\n\t\t<\/figure>\r\n\t<\/div><\/div><\/div><\/div><\/div><\/div><\/div><div class=\"vc_row wpb_row vc_row-fluid\"><div class=\"container\"><div class=\"row\"><div class=\"wpb_column vc_column_container vc_col-md-6\"><div class=\"vc_column-inner \"><div class=\"wpb_wrapper\"><div class=\"wpb_single_image widget wpb_content_element vc_align_left\">\r\n\t\t\r\n\t\t<figure class=\"wpb_wrapper vc_figure\">\r\n\t\t\t<div class=\"vc_single_image-wrapper   vc_box_border_grey\"><img decoding=\"async\" class=\"vc_single_image-img\"  src=\"https:\/\/backend.intelbras.com\/sites\/default\/files\/styles\/large\/public\/2019-11\/FlyerDigital_XNB_1440_BI%2B_01-19_02.jpg\" \/><\/div>\r\n\t\t<div class=\"description\">\r\n\t\t\t\r\n\t\t<\/div>\r\n\t\r\n\t\t<\/figure>\r\n\t<\/div><\/div><\/div><\/div><div class=\"wpb_column vc_column_container vc_col-md-6\"><div class=\"vc_column-inner \"><div class=\"wpb_wrapper\">\n\t<div class=\"wpb_text_column wpb_content_element\" >\n\t\t<div class=\"wpb_wrapper\">\n\t\t\t<div class=\"mt2 mb2 \">\n<h2 class=\"weight--small-300 weight--large-200 h3\">Desempenho na medida certa<\/h2>\n<\/div>\n<div class=\"text text--300\">\n<div class=\"block-template overflow-hidden\">\n<p>O XNB 1440 VA BI+ \u00e9 ideal para cen\u00e1rios que exigem grande autonomia, como CFTV, PDV, telefonia, controle de acesso e computadores.<\/p>\n<\/div>\n<\/div>\n\n\t\t<\/div>\n\t<\/div>\n<\/div><\/div><\/div><\/div><\/div><\/div><div class=\"vc_row wpb_row vc_row-fluid\"><div class=\"container\"><div class=\"row\"><div class=\"wpb_column vc_column_container vc_col-md-6\"><div class=\"vc_column-inner \"><div class=\"wpb_wrapper\">\n\t<div class=\"wpb_text_column wpb_content_element\" >\n\t\t<div class=\"wpb_wrapper\">\n\t\t\t<div class=\"mt2 mb2 \">\n<h2 class=\"weight--small-300 weight--large-200 h3\">Expans\u00e3o para bateria externa<\/h2>\n<\/div>\n<div class=\"text text--300\">\n<div class=\"block-template overflow-hidden\">\n<p>Com cabo integrado para conex\u00e3o de 1 bateria externa 12 V, voc\u00ea determina o tempo de autonomia da opera\u00e7\u00e3o de seu projeto.<\/p>\n<\/div>\n<\/div>\n\n\t\t<\/div>\n\t<\/div>\n<\/div><\/div><\/div><div class=\"wpb_column vc_column_container vc_col-md-6\"><div class=\"vc_column-inner \"><div class=\"wpb_wrapper\"><div class=\"wpb_single_image widget wpb_content_element vc_align_left\">\r\n\t\t\r\n\t\t<figure class=\"wpb_wrapper vc_figure\">\r\n\t\t\t<div class=\"vc_single_image-wrapper   vc_box_border_grey\"><img decoding=\"async\" class=\"vc_single_image-img\"  src=\"https:\/\/backend.intelbras.com\/sites\/default\/files\/styles\/large\/public\/2019-11\/FlyerDigital_XNB_1440_BI%2B_01-19_03.jpg\" \/><\/div>\r\n\t\t<div class=\"description\">\r\n\t\t\t\r\n\t\t<\/div>\r\n\t\r\n\t\t<\/figure>\r\n\t<\/div><\/div><\/div><\/div><\/div><\/div><\/div><div class=\"vc_row wpb_row vc_row-fluid\"><div class=\"container\"><div class=\"row\"><div class=\"wpb_column vc_column_container vc_col-md-6\"><div class=\"vc_column-inner \"><div class=\"wpb_wrapper\"><div class=\"wpb_single_image widget wpb_content_element vc_align_left\">\r\n\t\t\r\n\t\t<figure class=\"wpb_wrapper vc_figure\">\r\n\t\t\t<div class=\"vc_single_image-wrapper   vc_box_border_grey\"><img decoding=\"async\" class=\"vc_single_image-img\"  src=\"https:\/\/backend.intelbras.com\/sites\/default\/files\/styles\/large\/public\/2019-11\/FlyerDigital_XNB_1440_BI%2B_01-19_04.jpg\" \/><\/div>\r\n\t\t<div class=\"description\">\r\n\t\t\t\r\n\t\t<\/div>\r\n\t\r\n\t\t<\/figure>\r\n\t<\/div><\/div><\/div><\/div><div class=\"wpb_column vc_column_container vc_col-md-6\"><div class=\"vc_column-inner \"><div class=\"wpb_wrapper\">\n\t<div class=\"wpb_text_column wpb_content_element\" >\n\t\t<div class=\"wpb_wrapper\">\n\t\t\t<div class=\"mt2 mb2 \">\n<h2 class=\"weight--small-300 weight--large-200 h3\">Bivolt autom\u00e1tico<\/h2>\n<\/div>\n<div class=\"text text--300\">\n<div class=\"block-template overflow-hidden\">\n<p>Com entrada bivolt autom\u00e1tica, o XNB VA 1440 BI+ se adapta imediamente \u00e0 tens\u00e3o da rede el\u00e9trica. Ele oferece 6 tomadas com sa\u00edda de 120 V.<\/p>\n<\/div>\n<\/div>\n\n\t\t<\/div>\n\t<\/div>\n<\/div><\/div><\/div><\/div><\/div><\/div>\n<\/div>","protected":false},"excerpt":{"rendered":"<p>O XNB 1440 VA BI+ \u00e9 um nobreak long backup ideal para cen\u00e1rios que demandam maior pot\u00eancia e maior tempo de autonomia, como sistemas de CFTV,<br \/>\nequipamentos de ponto de venda(PDV), controle de acesso, centrais telef\u00f4nicas e condominiais, computadores, entre outros.<br \/>\nPossui entrada bivolt e sa\u00edda 120 V, 6 tomadas e conex\u00e3o para 1 bateria externa de 12 V de at\u00e9 90Ah.<\/p>\n<p>Caracter\u00edsticas:<br \/>\n\u00bb Cabo integrado para conex\u00e3o de 1 bateria externa: 12 V at\u00e9 90 Ah*1<br \/>\n\u00bb Tens\u00e3o de entrada: bivolt autom\u00e1tico; tens\u00e3o de sa\u00edda: 120 V<br \/>\n\u00bb 6 n\u00edveis de prote\u00e7\u00e3o: contra curto-circuito, sobreaquecimento no inversor, subtens\u00e3o, sobretens\u00e3o, descarga total e sobrecarga das baterias<br \/>\n\u00bb Regulador autom\u00e1tico de tens\u00e3o<br \/>\n\u00bb Carregamento autom\u00e1tico: permite recarga de baterias mesmo com o nobreak desligado*2<br \/>\n\u00bb Restart autom\u00e1tico*4<br \/>\n\u00bb Fun\u00e7\u00e3o DC start: permite ligar o nobreak mesmo na aus\u00eancia de energia el\u00e9trica*3<br \/>\n\u00bb Sinaliza\u00e7\u00f5es audiovisuais: status da bateria e indica\u00e7\u00e3o de sobrecarga via LEDs e alertas sonoros<br \/>\n\u00bb 6 tomadas tomadas de sa\u00edda<\/p>\n<p>1*N\u00e3o acompanha bateria interna e\/ou externa.<br \/>\n2*Desde que o nobreak esteja conectado \u00e0 rede el\u00e9trica.<br \/>\n3*Desde que a bateria esteja com carga.<br \/>\n4*Desde que as baterias estejam em plenas condi\u00e7\u00f5es de uso<\/p>\n","protected":false},"featured_media":9358,"comment_status":"open","ping_status":"closed","template":"","meta":[],"product_brand":[],"product_cat":[2799,2801],"product_tag":[],"class_list":{"0":"post-9355","1":"product","2":"type-product","3":"status-publish","4":"has-post-thumbnail","6":"product_cat-linha-de-energia","7":"product_cat-enrgia-nobreaks","9":"first","10":"outofstock","11":"shipping-taxable","12":"purchasable","13":"product-type-simple"},"yoast_head":"<!-- This site is optimized with the Yoast SEO plugin v27.6 - https:\/\/yoast.com\/product\/yoast-seo-wordpress\/ -->\n<title>Nobreak Intelbras XNB 1440VA BI+ (sem bateria) Long Backup Sa\u00edda 120v Cftv Pdv - Loja Melhor do Sul Sistemas de Seguran\u00e7a<\/title>\n<meta name=\"robots\" content=\"index, follow, max-snippet:-1, max-image-preview:large, max-video-preview:-1\" \/>\n<link rel=\"canonical\" href=\"https:\/\/www.lojamelhordosul.com.br\/site\/produto\/nobreak-intelbras-1440va-bi-long-backup-saida-120v-cftv-pdv\/\" \/>\n<meta property=\"og:locale\" content=\"pt_BR\" \/>\n<meta property=\"og:type\" content=\"article\" \/>\n<meta property=\"og:title\" content=\"Nobreak Intelbras XNB 1440VA BI+ (sem bateria) Long Backup Sa\u00edda 120v Cftv Pdv - Loja Melhor do Sul Sistemas de Seguran\u00e7a\" \/>\n<meta property=\"og:description\" content=\"O XNB 1440 VA BI+ \u00e9 um nobreak long backup ideal para cen\u00e1rios que demandam maior pot\u00eancia e maior tempo de autonomia, como sistemas de CFTV, equipamentos de ponto de venda(PDV), controle de acesso, centrais telef\u00f4nicas e condominiais, computadores, entre outros. Possui entrada bivolt e sa\u00edda 120 V, 6 tomadas e conex\u00e3o para 1 bateria externa de 12 V de at\u00e9 90Ah.  Caracter\u00edsticas: \u00bb Cabo integrado para conex\u00e3o de 1 bateria externa: 12 V at\u00e9 90 Ah*1 \u00bb Tens\u00e3o de entrada: bivolt autom\u00e1tico; tens\u00e3o de sa\u00edda: 120 V \u00bb 6 n\u00edveis de prote\u00e7\u00e3o: contra curto-circuito, sobreaquecimento no inversor, subtens\u00e3o, sobretens\u00e3o, descarga total e sobrecarga das baterias \u00bb Regulador autom\u00e1tico de tens\u00e3o \u00bb Carregamento autom\u00e1tico: permite recarga de baterias mesmo com o nobreak desligado*2 \u00bb Restart autom\u00e1tico*4 \u00bb Fun\u00e7\u00e3o DC start: permite ligar o nobreak mesmo na aus\u00eancia de energia el\u00e9trica*3 \u00bb Sinaliza\u00e7\u00f5es audiovisuais: status da bateria e indica\u00e7\u00e3o de sobrecarga via LEDs e alertas sonoros \u00bb 6 tomadas tomadas de sa\u00edda  1*N\u00e3o acompanha bateria interna e\/ou externa. 2*Desde que o nobreak esteja conectado \u00e0 rede el\u00e9trica. 3*Desde que a bateria esteja com carga. 4*Desde que as baterias estejam em plenas condi\u00e7\u00f5es de uso\" \/>\n<meta property=\"og:url\" content=\"https:\/\/www.lojamelhordosul.com.br\/site\/produto\/nobreak-intelbras-1440va-bi-long-backup-saida-120v-cftv-pdv\/\" \/>\n<meta property=\"og:site_name\" content=\"Loja Melhor do Sul Sistemas de Seguran\u00e7a\" \/>\n<meta property=\"article:modified_time\" content=\"2026-03-12T14:44:28+00:00\" \/>\n<meta property=\"og:image\" content=\"https:\/\/www.lojamelhordosul.com.br\/site\/wp-content\/uploads\/2020\/09\/XNB-1440-VA-BI.png\" \/>\n\t<meta property=\"og:image:width\" content=\"800\" \/>\n\t<meta property=\"og:image:height\" content=\"800\" \/>\n\t<meta property=\"og:image:type\" content=\"image\/png\" \/>\n<meta name=\"twitter:card\" content=\"summary_large_image\" \/>\n<meta name=\"twitter:label1\" content=\"Est. tempo de leitura\" \/>\n\t<meta name=\"twitter:data1\" content=\"2 minutos\" \/>\n<script type=\"application\/ld+json\" class=\"yoast-schema-graph\">{\"@context\":\"https:\\\/\\\/schema.org\",\"@graph\":[{\"@type\":\"WebPage\",\"@id\":\"https:\\\/\\\/www.lojamelhordosul.com.br\\\/site\\\/produto\\\/nobreak-intelbras-1440va-bi-long-backup-saida-120v-cftv-pdv\\\/\",\"url\":\"https:\\\/\\\/www.lojamelhordosul.com.br\\\/site\\\/produto\\\/nobreak-intelbras-1440va-bi-long-backup-saida-120v-cftv-pdv\\\/\",\"name\":\"Nobreak Intelbras XNB 1440VA BI+ (sem bateria) Long Backup Sa\u00edda 120v Cftv Pdv - Loja Melhor do Sul Sistemas de Seguran\u00e7a\",\"isPartOf\":{\"@id\":\"https:\\\/\\\/www.lojamelhordosul.com.br\\\/site\\\/#website\"},\"primaryImageOfPage\":{\"@id\":\"https:\\\/\\\/www.lojamelhordosul.com.br\\\/site\\\/produto\\\/nobreak-intelbras-1440va-bi-long-backup-saida-120v-cftv-pdv\\\/#primaryimage\"},\"image\":{\"@id\":\"https:\\\/\\\/www.lojamelhordosul.com.br\\\/site\\\/produto\\\/nobreak-intelbras-1440va-bi-long-backup-saida-120v-cftv-pdv\\\/#primaryimage\"},\"thumbnailUrl\":\"https:\\\/\\\/www.lojamelhordosul.com.br\\\/site\\\/wp-content\\\/uploads\\\/2020\\\/09\\\/XNB-1440-VA-BI.png\",\"datePublished\":\"2020-09-24T17:29:29+00:00\",\"dateModified\":\"2026-03-12T14:44:28+00:00\",\"breadcrumb\":{\"@id\":\"https:\\\/\\\/www.lojamelhordosul.com.br\\\/site\\\/produto\\\/nobreak-intelbras-1440va-bi-long-backup-saida-120v-cftv-pdv\\\/#breadcrumb\"},\"inLanguage\":\"pt-BR\",\"potentialAction\":[{\"@type\":\"ReadAction\",\"target\":[\"https:\\\/\\\/www.lojamelhordosul.com.br\\\/site\\\/produto\\\/nobreak-intelbras-1440va-bi-long-backup-saida-120v-cftv-pdv\\\/\"]}]},{\"@type\":\"ImageObject\",\"inLanguage\":\"pt-BR\",\"@id\":\"https:\\\/\\\/www.lojamelhordosul.com.br\\\/site\\\/produto\\\/nobreak-intelbras-1440va-bi-long-backup-saida-120v-cftv-pdv\\\/#primaryimage\",\"url\":\"https:\\\/\\\/www.lojamelhordosul.com.br\\\/site\\\/wp-content\\\/uploads\\\/2020\\\/09\\\/XNB-1440-VA-BI.png\",\"contentUrl\":\"https:\\\/\\\/www.lojamelhordosul.com.br\\\/site\\\/wp-content\\\/uploads\\\/2020\\\/09\\\/XNB-1440-VA-BI.png\",\"width\":800,\"height\":800},{\"@type\":\"BreadcrumbList\",\"@id\":\"https:\\\/\\\/www.lojamelhordosul.com.br\\\/site\\\/produto\\\/nobreak-intelbras-1440va-bi-long-backup-saida-120v-cftv-pdv\\\/#breadcrumb\",\"itemListElement\":[{\"@type\":\"ListItem\",\"position\":1,\"name\":\"In\u00edcio\",\"item\":\"https:\\\/\\\/www.lojamelhordosul.com.br\\\/site\\\/\"},{\"@type\":\"ListItem\",\"position\":2,\"name\":\"Loja\",\"item\":\"https:\\\/\\\/www.lojamelhordosul.com.br\\\/site\\\/loja\\\/\"},{\"@type\":\"ListItem\",\"position\":3,\"name\":\"Nobreak Intelbras XNB 1440VA BI+ (sem bateria) Long Backup Sa\u00edda 120v Cftv Pdv\"}]},{\"@type\":\"WebSite\",\"@id\":\"https:\\\/\\\/www.lojamelhordosul.com.br\\\/site\\\/#website\",\"url\":\"https:\\\/\\\/www.lojamelhordosul.com.br\\\/site\\\/\",\"name\":\"Loja Melhor do Sul Sistemas de Seguran\u00e7a\",\"description\":\"Loja Melhor do Sul - Revenda Ouro Intelbras em Porto Alegre\",\"publisher\":{\"@id\":\"https:\\\/\\\/www.lojamelhordosul.com.br\\\/site\\\/#organization\"},\"potentialAction\":[{\"@type\":\"SearchAction\",\"target\":{\"@type\":\"EntryPoint\",\"urlTemplate\":\"https:\\\/\\\/www.lojamelhordosul.com.br\\\/site\\\/?s={search_term_string}\"},\"query-input\":{\"@type\":\"PropertyValueSpecification\",\"valueRequired\":true,\"valueName\":\"search_term_string\"}}],\"inLanguage\":\"pt-BR\"},{\"@type\":\"Organization\",\"@id\":\"https:\\\/\\\/www.lojamelhordosul.com.br\\\/site\\\/#organization\",\"name\":\"Loja Melhor do Sul\",\"url\":\"https:\\\/\\\/www.lojamelhordosul.com.br\\\/site\\\/\",\"logo\":{\"@type\":\"ImageObject\",\"inLanguage\":\"pt-BR\",\"@id\":\"https:\\\/\\\/www.lojamelhordosul.com.br\\\/site\\\/#\\\/schema\\\/logo\\\/image\\\/\",\"url\":\"https:\\\/\\\/www.lojamelhordosul.com.br\\\/site\\\/wp-content\\\/uploads\\\/2019\\\/10\\\/logo-longo-da-loja.png\",\"contentUrl\":\"https:\\\/\\\/www.lojamelhordosul.com.br\\\/site\\\/wp-content\\\/uploads\\\/2019\\\/10\\\/logo-longo-da-loja.png\",\"width\":597,\"height\":114,\"caption\":\"Loja Melhor do Sul\"},\"image\":{\"@id\":\"https:\\\/\\\/www.lojamelhordosul.com.br\\\/site\\\/#\\\/schema\\\/logo\\\/image\\\/\"}}]}<\/script>\n<!-- \/ Yoast SEO plugin. -->","yoast_head_json":{"title":"Nobreak Intelbras XNB 1440VA BI+ (sem bateria) Long Backup Sa\u00edda 120v Cftv Pdv - Loja Melhor do Sul Sistemas de Seguran\u00e7a","robots":{"index":"index","follow":"follow","max-snippet":"max-snippet:-1","max-image-preview":"max-image-preview:large","max-video-preview":"max-video-preview:-1"},"canonical":"https:\/\/www.lojamelhordosul.com.br\/site\/produto\/nobreak-intelbras-1440va-bi-long-backup-saida-120v-cftv-pdv\/","og_locale":"pt_BR","og_type":"article","og_title":"Nobreak Intelbras XNB 1440VA BI+ (sem bateria) Long Backup Sa\u00edda 120v Cftv Pdv - Loja Melhor do Sul Sistemas de Seguran\u00e7a","og_description":"O XNB 1440 VA BI+ \u00e9 um nobreak long backup ideal para cen\u00e1rios que demandam maior pot\u00eancia e maior tempo de autonomia, como sistemas de CFTV, equipamentos de ponto de venda(PDV), controle de acesso, centrais telef\u00f4nicas e condominiais, computadores, entre outros. Possui entrada bivolt e sa\u00edda 120 V, 6 tomadas e conex\u00e3o para 1 bateria externa de 12 V de at\u00e9 90Ah.  Caracter\u00edsticas: \u00bb Cabo integrado para conex\u00e3o de 1 bateria externa: 12 V at\u00e9 90 Ah*1 \u00bb Tens\u00e3o de entrada: bivolt autom\u00e1tico; tens\u00e3o de sa\u00edda: 120 V \u00bb 6 n\u00edveis de prote\u00e7\u00e3o: contra curto-circuito, sobreaquecimento no inversor, subtens\u00e3o, sobretens\u00e3o, descarga total e sobrecarga das baterias \u00bb Regulador autom\u00e1tico de tens\u00e3o \u00bb Carregamento autom\u00e1tico: permite recarga de baterias mesmo com o nobreak desligado*2 \u00bb Restart autom\u00e1tico*4 \u00bb Fun\u00e7\u00e3o DC start: permite ligar o nobreak mesmo na aus\u00eancia de energia el\u00e9trica*3 \u00bb Sinaliza\u00e7\u00f5es audiovisuais: status da bateria e indica\u00e7\u00e3o de sobrecarga via LEDs e alertas sonoros \u00bb 6 tomadas tomadas de sa\u00edda  1*N\u00e3o acompanha bateria interna e\/ou externa. 2*Desde que o nobreak esteja conectado \u00e0 rede el\u00e9trica. 3*Desde que a bateria esteja com carga. 4*Desde que as baterias estejam em plenas condi\u00e7\u00f5es de uso","og_url":"https:\/\/www.lojamelhordosul.com.br\/site\/produto\/nobreak-intelbras-1440va-bi-long-backup-saida-120v-cftv-pdv\/","og_site_name":"Loja Melhor do Sul Sistemas de Seguran\u00e7a","article_modified_time":"2026-03-12T14:44:28+00:00","og_image":[{"width":800,"height":800,"url":"https:\/\/www.lojamelhordosul.com.br\/site\/wp-content\/uploads\/2020\/09\/XNB-1440-VA-BI.png","type":"image\/png"}],"twitter_card":"summary_large_image","twitter_misc":{"Est. tempo de leitura":"2 minutos"},"schema":{"@context":"https:\/\/schema.org","@graph":[{"@type":"WebPage","@id":"https:\/\/www.lojamelhordosul.com.br\/site\/produto\/nobreak-intelbras-1440va-bi-long-backup-saida-120v-cftv-pdv\/","url":"https:\/\/www.lojamelhordosul.com.br\/site\/produto\/nobreak-intelbras-1440va-bi-long-backup-saida-120v-cftv-pdv\/","name":"Nobreak Intelbras XNB 1440VA BI+ (sem bateria) Long Backup Sa\u00edda 120v Cftv Pdv - Loja Melhor do Sul Sistemas de Seguran\u00e7a","isPartOf":{"@id":"https:\/\/www.lojamelhordosul.com.br\/site\/#website"},"primaryImageOfPage":{"@id":"https:\/\/www.lojamelhordosul.com.br\/site\/produto\/nobreak-intelbras-1440va-bi-long-backup-saida-120v-cftv-pdv\/#primaryimage"},"image":{"@id":"https:\/\/www.lojamelhordosul.com.br\/site\/produto\/nobreak-intelbras-1440va-bi-long-backup-saida-120v-cftv-pdv\/#primaryimage"},"thumbnailUrl":"https:\/\/www.lojamelhordosul.com.br\/site\/wp-content\/uploads\/2020\/09\/XNB-1440-VA-BI.png","datePublished":"2020-09-24T17:29:29+00:00","dateModified":"2026-03-12T14:44:28+00:00","breadcrumb":{"@id":"https:\/\/www.lojamelhordosul.com.br\/site\/produto\/nobreak-intelbras-1440va-bi-long-backup-saida-120v-cftv-pdv\/#breadcrumb"},"inLanguage":"pt-BR","potentialAction":[{"@type":"ReadAction","target":["https:\/\/www.lojamelhordosul.com.br\/site\/produto\/nobreak-intelbras-1440va-bi-long-backup-saida-120v-cftv-pdv\/"]}]},{"@type":"ImageObject","inLanguage":"pt-BR","@id":"https:\/\/www.lojamelhordosul.com.br\/site\/produto\/nobreak-intelbras-1440va-bi-long-backup-saida-120v-cftv-pdv\/#primaryimage","url":"https:\/\/www.lojamelhordosul.com.br\/site\/wp-content\/uploads\/2020\/09\/XNB-1440-VA-BI.png","contentUrl":"https:\/\/www.lojamelhordosul.com.br\/site\/wp-content\/uploads\/2020\/09\/XNB-1440-VA-BI.png","width":800,"height":800},{"@type":"BreadcrumbList","@id":"https:\/\/www.lojamelhordosul.com.br\/site\/produto\/nobreak-intelbras-1440va-bi-long-backup-saida-120v-cftv-pdv\/#breadcrumb","itemListElement":[{"@type":"ListItem","position":1,"name":"In\u00edcio","item":"https:\/\/www.lojamelhordosul.com.br\/site\/"},{"@type":"ListItem","position":2,"name":"Loja","item":"https:\/\/www.lojamelhordosul.com.br\/site\/loja\/"},{"@type":"ListItem","position":3,"name":"Nobreak Intelbras XNB 1440VA BI+ (sem bateria) Long Backup Sa\u00edda 120v Cftv Pdv"}]},{"@type":"WebSite","@id":"https:\/\/www.lojamelhordosul.com.br\/site\/#website","url":"https:\/\/www.lojamelhordosul.com.br\/site\/","name":"Loja Melhor do Sul Sistemas de Seguran\u00e7a","description":"Loja Melhor do Sul - Revenda Ouro Intelbras em Porto Alegre","publisher":{"@id":"https:\/\/www.lojamelhordosul.com.br\/site\/#organization"},"potentialAction":[{"@type":"SearchAction","target":{"@type":"EntryPoint","urlTemplate":"https:\/\/www.lojamelhordosul.com.br\/site\/?s={search_term_string}"},"query-input":{"@type":"PropertyValueSpecification","valueRequired":true,"valueName":"search_term_string"}}],"inLanguage":"pt-BR"},{"@type":"Organization","@id":"https:\/\/www.lojamelhordosul.com.br\/site\/#organization","name":"Loja Melhor do Sul","url":"https:\/\/www.lojamelhordosul.com.br\/site\/","logo":{"@type":"ImageObject","inLanguage":"pt-BR","@id":"https:\/\/www.lojamelhordosul.com.br\/site\/#\/schema\/logo\/image\/","url":"https:\/\/www.lojamelhordosul.com.br\/site\/wp-content\/uploads\/2019\/10\/logo-longo-da-loja.png","contentUrl":"https:\/\/www.lojamelhordosul.com.br\/site\/wp-content\/uploads\/2019\/10\/logo-longo-da-loja.png","width":597,"height":114,"caption":"Loja Melhor do Sul"},"image":{"@id":"https:\/\/www.lojamelhordosul.com.br\/site\/#\/schema\/logo\/image\/"}}]}},"_links":{"self":[{"href":"https:\/\/www.lojamelhordosul.com.br\/site\/wp-json\/wp\/v2\/product\/9355","targetHints":{"allow":["GET"]}}],"collection":[{"href":"https:\/\/www.lojamelhordosul.com.br\/site\/wp-json\/wp\/v2\/product"}],"about":[{"href":"https:\/\/www.lojamelhordosul.com.br\/site\/wp-json\/wp\/v2\/types\/product"}],"replies":[{"embeddable":true,"href":"https:\/\/www.lojamelhordosul.com.br\/site\/wp-json\/wp\/v2\/comments?post=9355"}],"wp:featuredmedia":[{"embeddable":true,"href":"https:\/\/www.lojamelhordosul.com.br\/site\/wp-json\/wp\/v2\/media\/9358"}],"wp:attachment":[{"href":"https:\/\/www.lojamelhordosul.com.br\/site\/wp-json\/wp\/v2\/media?parent=9355"}],"wp:term":[{"taxonomy":"product_brand","embeddable":true,"href":"https:\/\/www.lojamelhordosul.com.br\/site\/wp-json\/wp\/v2\/product_brand?post=9355"},{"taxonomy":"product_cat","embeddable":true,"href":"https:\/\/www.lojamelhordosul.com.br\/site\/wp-json\/wp\/v2\/product_cat?post=9355"},{"taxonomy":"product_tag","embeddable":true,"href":"https:\/\/www.lojamelhordosul.com.br\/site\/wp-json\/wp\/v2\/product_tag?post=9355"}],"curies":[{"name":"wp","href":"https:\/\/api.w.org\/{rel}","templated":true}]}}