{"id":9381,"date":"2020-09-24T15:44:18","date_gmt":"2020-09-24T18:44:18","guid":{"rendered":"https:\/\/www.lojamelhordosul.com.br\/site\/?post_type=product&#038;p=9381"},"modified":"2026-03-12T11:37:16","modified_gmt":"2026-03-12T14:37:16","slug":"nobreak-intelbras-xnb-720va-120v-pc-videogame-drv-camera-notebook","status":"publish","type":"product","link":"https:\/\/www.lojamelhordosul.com.br\/site\/produto\/nobreak-intelbras-xnb-720va-120v-pc-videogame-drv-camera-notebook\/","title":{"rendered":"Nobreak Intelbras Xnb 720va 120V Pc Videogame Drv C\u00e2mera Notebook"},"content":{"rendered":"<div class=\"wpb-content-wrapper\"><div class=\"vc_row wpb_row vc_row-fluid\"><div class=\"container\"><div class=\"row\"><div class=\"wpb_column vc_column_container vc_col-md-12\"><div class=\"vc_column-inner \"><div class=\"wpb_wrapper\"><div class=\"wpb_single_image widget wpb_content_element vc_align_center\">\r\n\t\t\r\n\t\t<figure class=\"wpb_wrapper vc_figure\">\r\n\t\t\t<div class=\"vc_single_image-wrapper   vc_box_border_grey\"><img decoding=\"async\" class=\"vc_single_image-img\"  src=\"https:\/\/www.lojamelhordosul.com.br\/site\/wp-content\/uploads\/2020\/06\/Logo-Site-2020.png\" \/><\/div>\r\n\t\t<div class=\"description\">\r\n\t\t\t\r\n\t\t<\/div>\r\n\t\r\n\t\t<\/figure>\r\n\t<\/div><\/div><\/div><\/div><\/div><\/div><\/div><div class=\"vc_row wpb_row vc_row-fluid\"><div class=\"container\"><div class=\"row\"><div class=\"wpb_column vc_column_container vc_col-md-6\"><div class=\"vc_column-inner \"><div class=\"wpb_wrapper\"><div class=\"wpb_single_image widget wpb_content_element vc_align_left\">\r\n\t\t\r\n\t\t<figure class=\"wpb_wrapper vc_figure\">\r\n\t\t\t<div class=\"vc_single_image-wrapper   vc_box_border_grey\"><img decoding=\"async\" class=\"vc_single_image-img\"  src=\"http:\/\/suporte-tecnico.intelbras.com.br\/sites\/default\/files\/flyer_digital_no_breaks_xnb720.png\" \/><\/div>\r\n\t\t<div class=\"description\">\r\n\t\t\t\r\n\t\t<\/div>\r\n\t\r\n\t\t<\/figure>\r\n\t<\/div><\/div><\/div><\/div><div class=\"wpb_column vc_column_container vc_col-md-6\"><div class=\"vc_column-inner \"><div class=\"wpb_wrapper\">\n\t<div class=\"wpb_text_column wpb_content_element\" >\n\t\t<div class=\"wpb_wrapper\">\n\t\t\t<p>O nobreak XNB 720 oferece prote\u00e7\u00e3o e energia extra para equipamentos eletr\u00f4nicos, e tem modelos com tens\u00e3o de entrada em 120 volts ou 220 volts. F\u00e1cil de instalar, ele protege das oscila\u00e7\u00f5es da rede el\u00e9trica e, em caso de queda no fornecimento de energia el\u00e9trica, possui bateria para prolongar a utiliza\u00e7\u00e3o dos equipamentos conectados a ele, garantindo mais tranquilidade e seguran\u00e7a.<\/p>\n\n\t\t<\/div>\n\t<\/div>\n<\/div><\/div><\/div><\/div><\/div><\/div><div class=\"vc_row wpb_row vc_row-fluid\"><div class=\"container\"><div class=\"row\"><div class=\"wpb_column vc_column_container vc_col-md-6\"><div class=\"vc_column-inner \"><div class=\"wpb_wrapper\">\n\t<div class=\"wpb_text_column wpb_content_element\" >\n\t\t<div class=\"wpb_wrapper\">\n\t\t\t<p>Autonomia para dar mais tempo pra voc\u00ea<\/p>\n<p>Por possuir 1 bateria 12 V 7 Ah, ele oferece, em m\u00e9dia, 1 hora de autonomia para equipamentos de seguran\u00e7a ou 25 minutos para equipamentos de inform\u00e1tica.\u00b9 Al\u00e9m disso, ele possui a fun\u00e7\u00e3o DC start, que possibilita ligar o nobreak (bot\u00e3o Liga\/Desliga) sem a presen\u00e7a da energia da rede el\u00e9trica\u00b2, e carregamento autom\u00e1tico da bateria, mesmo que o nobreak esteja desligado\u00b3.<\/p>\n\n\t\t<\/div>\n\t<\/div>\n<\/div><\/div><\/div><div class=\"wpb_column vc_column_container vc_col-md-6\"><div class=\"vc_column-inner \"><div class=\"wpb_wrapper\"><div class=\"wpb_single_image widget wpb_content_element vc_align_left\">\r\n\t\t\r\n\t\t<figure class=\"wpb_wrapper vc_figure\">\r\n\t\t\t<div class=\"vc_single_image-wrapper   vc_box_border_grey\"><img decoding=\"async\" class=\"vc_single_image-img\"  src=\"http:\/\/suporte-tecnico.intelbras.com.br\/sites\/default\/files\/flyer_digital_no_breaks_xnb720_03.png\" \/><\/div>\r\n\t\t<div class=\"description\">\r\n\t\t\t\r\n\t\t<\/div>\r\n\t\r\n\t\t<\/figure>\r\n\t<\/div><\/div><\/div><\/div><\/div><\/div><\/div><div class=\"vc_row wpb_row vc_row-fluid\"><div class=\"container\"><div class=\"row\"><div class=\"wpb_column vc_column_container vc_col-md-6\"><div class=\"vc_column-inner \"><div class=\"wpb_wrapper\"><div class=\"wpb_single_image widget wpb_content_element vc_align_left\">\r\n\t\t\r\n\t\t<figure class=\"wpb_wrapper vc_figure\">\r\n\t\t\t<div class=\"vc_single_image-wrapper   vc_box_border_grey\"><img decoding=\"async\" class=\"vc_single_image-img\"  src=\"http:\/\/suporte-tecnico.intelbras.com.br\/sites\/default\/files\/flyer_digital_no_breaks_xnb720_04.png\" \/><\/div>\r\n\t\t<div class=\"description\">\r\n\t\t\t\r\n\t\t<\/div>\r\n\t\r\n\t\t<\/figure>\r\n\t<\/div><\/div><\/div><\/div><div class=\"wpb_column vc_column_container vc_col-md-6\"><div class=\"vc_column-inner \"><div class=\"wpb_wrapper\">\n\t<div class=\"wpb_text_column wpb_content_element\" >\n\t\t<div class=\"wpb_wrapper\">\n\t\t\t<p>Mais tomadas para ligar seus dispositivos<\/p>\n<p>O XNB 720 possui 720 VA de pot\u00eancia e quatro tomadas para conectar e alimentar seus equipamentos.<\/p>\n\n\t\t<\/div>\n\t<\/div>\n<\/div><\/div><\/div><\/div><\/div><\/div><div class=\"vc_row wpb_row vc_row-fluid\"><div class=\"container\"><div class=\"row\"><div class=\"wpb_column vc_column_container vc_col-md-6\"><div class=\"vc_column-inner \"><div class=\"wpb_wrapper\">\n\t<div class=\"wpb_text_column wpb_content_element\" >\n\t\t<div class=\"wpb_wrapper\">\n\t\t\t<p>6 n\u00edveis de prote\u00e7\u00e3o<\/p>\n<p>Com 6 n\u00edveis de prote\u00e7\u00e3o, o XNB 720 protege contra sobrecarga nas tomadas de sa\u00edda, curto-circuito nas tomadas de sa\u00edda, sobrecarga na entrada de rede, sobreaquecimento no inversor, sub e sobretens\u00e3o da rede el\u00e9trica e descarga total\/sobrecarga da bateria.<\/p>\n\n\t\t<\/div>\n\t<\/div>\n<\/div><\/div><\/div><div class=\"wpb_column vc_column_container vc_col-md-6\"><div class=\"vc_column-inner \"><div class=\"wpb_wrapper\"><div class=\"wpb_single_image widget wpb_content_element vc_align_left\">\r\n\t\t\r\n\t\t<figure class=\"wpb_wrapper vc_figure\">\r\n\t\t\t<div class=\"vc_single_image-wrapper   vc_box_border_grey\"><img decoding=\"async\" class=\"vc_single_image-img\"  src=\"http:\/\/suporte-tecnico.intelbras.com.br\/sites\/default\/files\/flyer_digital_no_breaks_xnb720_05.png\" \/><\/div>\r\n\t\t<div class=\"description\">\r\n\t\t\t\r\n\t\t<\/div>\r\n\t\r\n\t\t<\/figure>\r\n\t<\/div><\/div><\/div><\/div><\/div><\/div><\/div><div class=\"vc_row wpb_row vc_row-fluid\"><div class=\"container\"><div class=\"row\"><div class=\"wpb_column vc_column_container vc_col-md-6\"><div class=\"vc_column-inner \"><div class=\"wpb_wrapper\"><div class=\"wpb_single_image widget wpb_content_element vc_align_left\">\r\n\t\t\r\n\t\t<figure class=\"wpb_wrapper vc_figure\">\r\n\t\t\t<div class=\"vc_single_image-wrapper   vc_box_border_grey\"><img decoding=\"async\" class=\"vc_single_image-img\"  src=\"http:\/\/suporte-tecnico.intelbras.com.br\/sites\/default\/files\/flyer_digital_no_breaks_xnb720_08_1.png\" \/><\/div>\r\n\t\t<div class=\"description\">\r\n\t\t\t\r\n\t\t<\/div>\r\n\t\r\n\t\t<\/figure>\r\n\t<\/div><\/div><\/div><\/div><div class=\"wpb_column vc_column_container vc_col-md-6\"><div class=\"vc_column-inner \"><div class=\"wpb_wrapper\">\n\t<div class=\"wpb_text_column wpb_content_element\" >\n\t\t<div class=\"wpb_wrapper\">\n\t\t\t<p>Sinaliza\u00e7\u00e3o de status para n\u00e3o deixar d\u00favidas<\/p>\n<p>Para facilitar a visualiza\u00e7\u00e3o do status de funcionamento do nobreak e da rede el\u00e9trica, o XNB 720 possui sinaliza\u00e7\u00f5es visuais, atrav\u00e9s de LEDs indicativos (vermelho, amarelo e verde), e sinaliza\u00e7\u00f5es sonoras.<\/p>\n\n\t\t<\/div>\n\t<\/div>\n<\/div><\/div><\/div><\/div><\/div><\/div><div class=\"vc_row wpb_row vc_row-fluid\"><div class=\"container\"><div class=\"row\"><div class=\"wpb_column vc_column_container vc_col-md-12\"><div class=\"vc_column-inner \"><div class=\"wpb_wrapper\">\n\t<div class=\"wpb_text_column wpb_content_element\" >\n\t\t<div class=\"wpb_wrapper\">\n\t\t\t<p><span class=\"cke-font-size-small\"><em>\u00b9 O tempo de autonomia varia de acordo com o consumo dos equipamentos a serem alimentados e as condi\u00e7\u00f5es de bateria.<br \/>\n\u00b2 Desde que a bateria esteja com carga.<br \/>\n\u00b3 Desde que o nobreak esteja conectado \u00e0 rede el\u00e9trica.<\/em><\/span><\/p>\n\n\t\t<\/div>\n\t<\/div>\n<\/div><\/div><\/div><\/div><\/div><\/div>\n<\/div>","protected":false},"excerpt":{"rendered":"<div class=\"text text--300\">\n<div class=\"block-template overflow-hidden\">O nobreak XNB 720 oferece prote\u00e7\u00e3o e energia extra para equipamentos eletr\u00f4nicos, e tem modelos com tens\u00e3o de entrada em 120 volts ou 220 volts.<\/div>\n<\/div>\n<p>\u2022 Pot\u00eancia Nominal: 1440 VA (c\u00f3d. 4708 e 4709) e<br \/>\n720VA (c\u00f3d. 4710 e 4711)<br \/>\n\u2022 Baterias internas do tipo 12 V 7 Ah<br \/>\n\u2022 LEDs sinalizadores e alarmes sonoros para f\u00e1cil<br \/>\nentendimento do status do equipamento<br \/>\ne da rede el\u00e9trica.<br \/>\n\u2022 6 n\u00edveis de prote\u00e7\u00e3o:<br \/>\n\u2022 Contra sobrecarga nas tomadas de sa\u00edda;<br \/>\n\u2022 Contra curto-circuito nas tomadas de sa\u00edda;<br \/>\n\u2022 Contra sobrecarga na entrada de rede;<br \/>\n\u2022 Contra sobreaquecimento no inversor;<br \/>\n\u2022 Contra sub e sobretens\u00e3o da rede el\u00e9trica;<br \/>\n\u2022 Contra descarga total e sobrecarga da bateria<\/p>\n","protected":false},"featured_media":9382,"comment_status":"open","ping_status":"closed","template":"","meta":[],"product_brand":[],"product_cat":[2799,2801],"product_tag":[],"class_list":{"0":"post-9381","1":"product","2":"type-product","3":"status-publish","4":"has-post-thumbnail","6":"product_cat-linha-de-energia","7":"product_cat-enrgia-nobreaks","9":"first","10":"outofstock","11":"shipping-taxable","12":"purchasable","13":"product-type-simple"},"yoast_head":"<!-- This site is optimized with the Yoast SEO plugin v27.5 - https:\/\/yoast.com\/product\/yoast-seo-wordpress\/ -->\n<title>Nobreak Intelbras Xnb 720va 120V Pc Videogame Drv C\u00e2mera Notebook - Loja Melhor do Sul Sistemas de Seguran\u00e7a<\/title>\n<meta name=\"robots\" content=\"index, follow, max-snippet:-1, max-image-preview:large, max-video-preview:-1\" \/>\n<link rel=\"canonical\" href=\"https:\/\/www.lojamelhordosul.com.br\/site\/produto\/nobreak-intelbras-xnb-720va-120v-pc-videogame-drv-camera-notebook\/\" \/>\n<meta property=\"og:locale\" content=\"pt_BR\" \/>\n<meta property=\"og:type\" content=\"article\" \/>\n<meta property=\"og:title\" content=\"Nobreak Intelbras Xnb 720va 120V Pc Videogame Drv C\u00e2mera Notebook - Loja Melhor do Sul Sistemas de Seguran\u00e7a\" \/>\n<meta property=\"og:description\" content=\"O nobreak XNB 720 oferece prote\u00e7\u00e3o e energia extra para equipamentos eletr\u00f4nicos, e tem modelos com tens\u00e3o de entrada em 120 volts ou 220 volts.  \u2022 Pot\u00eancia Nominal: 1440 VA (c\u00f3d. 4708 e 4709) e 720VA (c\u00f3d. 4710 e 4711) \u2022 Baterias internas do tipo 12 V 7 Ah \u2022 LEDs sinalizadores e alarmes sonoros para f\u00e1cil entendimento do status do equipamento e da rede el\u00e9trica. \u2022 6 n\u00edveis de prote\u00e7\u00e3o: \u2022 Contra sobrecarga nas tomadas de sa\u00edda; \u2022 Contra curto-circuito nas tomadas de sa\u00edda; \u2022 Contra sobrecarga na entrada de rede; \u2022 Contra sobreaquecimento no inversor; \u2022 Contra sub e sobretens\u00e3o da rede el\u00e9trica; \u2022 Contra descarga total e sobrecarga da bateria\" \/>\n<meta property=\"og:url\" content=\"https:\/\/www.lojamelhordosul.com.br\/site\/produto\/nobreak-intelbras-xnb-720va-120v-pc-videogame-drv-camera-notebook\/\" \/>\n<meta property=\"og:site_name\" content=\"Loja Melhor do Sul Sistemas de Seguran\u00e7a\" \/>\n<meta property=\"article:modified_time\" content=\"2026-03-12T14:37:16+00:00\" \/>\n<meta property=\"og:image\" content=\"https:\/\/www.lojamelhordosul.com.br\/site\/wp-content\/uploads\/2020\/09\/XNB-720-VA.jpg\" \/>\n\t<meta property=\"og:image:width\" content=\"352\" \/>\n\t<meta property=\"og:image:height\" content=\"484\" \/>\n\t<meta property=\"og:image:type\" content=\"image\/jpeg\" \/>\n<meta name=\"twitter:card\" content=\"summary_large_image\" \/>\n<meta name=\"twitter:label1\" content=\"Est. tempo de leitura\" \/>\n\t<meta name=\"twitter:data1\" content=\"3 minutos\" \/>\n<script type=\"application\/ld+json\" class=\"yoast-schema-graph\">{\"@context\":\"https:\\\/\\\/schema.org\",\"@graph\":[{\"@type\":\"WebPage\",\"@id\":\"https:\\\/\\\/www.lojamelhordosul.com.br\\\/site\\\/produto\\\/nobreak-intelbras-xnb-720va-120v-pc-videogame-drv-camera-notebook\\\/\",\"url\":\"https:\\\/\\\/www.lojamelhordosul.com.br\\\/site\\\/produto\\\/nobreak-intelbras-xnb-720va-120v-pc-videogame-drv-camera-notebook\\\/\",\"name\":\"Nobreak Intelbras Xnb 720va 120V Pc Videogame Drv C\u00e2mera Notebook - Loja Melhor do Sul Sistemas de Seguran\u00e7a\",\"isPartOf\":{\"@id\":\"https:\\\/\\\/www.lojamelhordosul.com.br\\\/site\\\/#website\"},\"primaryImageOfPage\":{\"@id\":\"https:\\\/\\\/www.lojamelhordosul.com.br\\\/site\\\/produto\\\/nobreak-intelbras-xnb-720va-120v-pc-videogame-drv-camera-notebook\\\/#primaryimage\"},\"image\":{\"@id\":\"https:\\\/\\\/www.lojamelhordosul.com.br\\\/site\\\/produto\\\/nobreak-intelbras-xnb-720va-120v-pc-videogame-drv-camera-notebook\\\/#primaryimage\"},\"thumbnailUrl\":\"https:\\\/\\\/www.lojamelhordosul.com.br\\\/site\\\/wp-content\\\/uploads\\\/2020\\\/09\\\/XNB-720-VA.jpg\",\"datePublished\":\"2020-09-24T18:44:18+00:00\",\"dateModified\":\"2026-03-12T14:37:16+00:00\",\"breadcrumb\":{\"@id\":\"https:\\\/\\\/www.lojamelhordosul.com.br\\\/site\\\/produto\\\/nobreak-intelbras-xnb-720va-120v-pc-videogame-drv-camera-notebook\\\/#breadcrumb\"},\"inLanguage\":\"pt-BR\",\"potentialAction\":[{\"@type\":\"ReadAction\",\"target\":[\"https:\\\/\\\/www.lojamelhordosul.com.br\\\/site\\\/produto\\\/nobreak-intelbras-xnb-720va-120v-pc-videogame-drv-camera-notebook\\\/\"]}]},{\"@type\":\"ImageObject\",\"inLanguage\":\"pt-BR\",\"@id\":\"https:\\\/\\\/www.lojamelhordosul.com.br\\\/site\\\/produto\\\/nobreak-intelbras-xnb-720va-120v-pc-videogame-drv-camera-notebook\\\/#primaryimage\",\"url\":\"https:\\\/\\\/www.lojamelhordosul.com.br\\\/site\\\/wp-content\\\/uploads\\\/2020\\\/09\\\/XNB-720-VA.jpg\",\"contentUrl\":\"https:\\\/\\\/www.lojamelhordosul.com.br\\\/site\\\/wp-content\\\/uploads\\\/2020\\\/09\\\/XNB-720-VA.jpg\",\"width\":352,\"height\":484},{\"@type\":\"BreadcrumbList\",\"@id\":\"https:\\\/\\\/www.lojamelhordosul.com.br\\\/site\\\/produto\\\/nobreak-intelbras-xnb-720va-120v-pc-videogame-drv-camera-notebook\\\/#breadcrumb\",\"itemListElement\":[{\"@type\":\"ListItem\",\"position\":1,\"name\":\"In\u00edcio\",\"item\":\"https:\\\/\\\/www.lojamelhordosul.com.br\\\/site\\\/\"},{\"@type\":\"ListItem\",\"position\":2,\"name\":\"Loja\",\"item\":\"https:\\\/\\\/www.lojamelhordosul.com.br\\\/site\\\/loja\\\/\"},{\"@type\":\"ListItem\",\"position\":3,\"name\":\"Nobreak Intelbras Xnb 720va 120V Pc Videogame Drv C\u00e2mera Notebook\"}]},{\"@type\":\"WebSite\",\"@id\":\"https:\\\/\\\/www.lojamelhordosul.com.br\\\/site\\\/#website\",\"url\":\"https:\\\/\\\/www.lojamelhordosul.com.br\\\/site\\\/\",\"name\":\"Loja Melhor do Sul Sistemas de Seguran\u00e7a\",\"description\":\"Loja Melhor do Sul - Revenda Ouro Intelbras em Porto Alegre\",\"publisher\":{\"@id\":\"https:\\\/\\\/www.lojamelhordosul.com.br\\\/site\\\/#organization\"},\"potentialAction\":[{\"@type\":\"SearchAction\",\"target\":{\"@type\":\"EntryPoint\",\"urlTemplate\":\"https:\\\/\\\/www.lojamelhordosul.com.br\\\/site\\\/?s={search_term_string}\"},\"query-input\":{\"@type\":\"PropertyValueSpecification\",\"valueRequired\":true,\"valueName\":\"search_term_string\"}}],\"inLanguage\":\"pt-BR\"},{\"@type\":\"Organization\",\"@id\":\"https:\\\/\\\/www.lojamelhordosul.com.br\\\/site\\\/#organization\",\"name\":\"Loja Melhor do Sul\",\"url\":\"https:\\\/\\\/www.lojamelhordosul.com.br\\\/site\\\/\",\"logo\":{\"@type\":\"ImageObject\",\"inLanguage\":\"pt-BR\",\"@id\":\"https:\\\/\\\/www.lojamelhordosul.com.br\\\/site\\\/#\\\/schema\\\/logo\\\/image\\\/\",\"url\":\"https:\\\/\\\/www.lojamelhordosul.com.br\\\/site\\\/wp-content\\\/uploads\\\/2019\\\/10\\\/logo-longo-da-loja.png\",\"contentUrl\":\"https:\\\/\\\/www.lojamelhordosul.com.br\\\/site\\\/wp-content\\\/uploads\\\/2019\\\/10\\\/logo-longo-da-loja.png\",\"width\":597,\"height\":114,\"caption\":\"Loja Melhor do Sul\"},\"image\":{\"@id\":\"https:\\\/\\\/www.lojamelhordosul.com.br\\\/site\\\/#\\\/schema\\\/logo\\\/image\\\/\"}}]}<\/script>\n<!-- \/ Yoast SEO plugin. -->","yoast_head_json":{"title":"Nobreak Intelbras Xnb 720va 120V Pc Videogame Drv C\u00e2mera Notebook - Loja Melhor do Sul Sistemas de Seguran\u00e7a","robots":{"index":"index","follow":"follow","max-snippet":"max-snippet:-1","max-image-preview":"max-image-preview:large","max-video-preview":"max-video-preview:-1"},"canonical":"https:\/\/www.lojamelhordosul.com.br\/site\/produto\/nobreak-intelbras-xnb-720va-120v-pc-videogame-drv-camera-notebook\/","og_locale":"pt_BR","og_type":"article","og_title":"Nobreak Intelbras Xnb 720va 120V Pc Videogame Drv C\u00e2mera Notebook - Loja Melhor do Sul Sistemas de Seguran\u00e7a","og_description":"O nobreak XNB 720 oferece prote\u00e7\u00e3o e energia extra para equipamentos eletr\u00f4nicos, e tem modelos com tens\u00e3o de entrada em 120 volts ou 220 volts.  \u2022 Pot\u00eancia Nominal: 1440 VA (c\u00f3d. 4708 e 4709) e 720VA (c\u00f3d. 4710 e 4711) \u2022 Baterias internas do tipo 12 V 7 Ah \u2022 LEDs sinalizadores e alarmes sonoros para f\u00e1cil entendimento do status do equipamento e da rede el\u00e9trica. \u2022 6 n\u00edveis de prote\u00e7\u00e3o: \u2022 Contra sobrecarga nas tomadas de sa\u00edda; \u2022 Contra curto-circuito nas tomadas de sa\u00edda; \u2022 Contra sobrecarga na entrada de rede; \u2022 Contra sobreaquecimento no inversor; \u2022 Contra sub e sobretens\u00e3o da rede el\u00e9trica; \u2022 Contra descarga total e sobrecarga da bateria","og_url":"https:\/\/www.lojamelhordosul.com.br\/site\/produto\/nobreak-intelbras-xnb-720va-120v-pc-videogame-drv-camera-notebook\/","og_site_name":"Loja Melhor do Sul Sistemas de Seguran\u00e7a","article_modified_time":"2026-03-12T14:37:16+00:00","og_image":[{"width":352,"height":484,"url":"https:\/\/www.lojamelhordosul.com.br\/site\/wp-content\/uploads\/2020\/09\/XNB-720-VA.jpg","type":"image\/jpeg"}],"twitter_card":"summary_large_image","twitter_misc":{"Est. tempo de leitura":"3 minutos"},"schema":{"@context":"https:\/\/schema.org","@graph":[{"@type":"WebPage","@id":"https:\/\/www.lojamelhordosul.com.br\/site\/produto\/nobreak-intelbras-xnb-720va-120v-pc-videogame-drv-camera-notebook\/","url":"https:\/\/www.lojamelhordosul.com.br\/site\/produto\/nobreak-intelbras-xnb-720va-120v-pc-videogame-drv-camera-notebook\/","name":"Nobreak Intelbras Xnb 720va 120V Pc Videogame Drv C\u00e2mera Notebook - Loja Melhor do Sul Sistemas de Seguran\u00e7a","isPartOf":{"@id":"https:\/\/www.lojamelhordosul.com.br\/site\/#website"},"primaryImageOfPage":{"@id":"https:\/\/www.lojamelhordosul.com.br\/site\/produto\/nobreak-intelbras-xnb-720va-120v-pc-videogame-drv-camera-notebook\/#primaryimage"},"image":{"@id":"https:\/\/www.lojamelhordosul.com.br\/site\/produto\/nobreak-intelbras-xnb-720va-120v-pc-videogame-drv-camera-notebook\/#primaryimage"},"thumbnailUrl":"https:\/\/www.lojamelhordosul.com.br\/site\/wp-content\/uploads\/2020\/09\/XNB-720-VA.jpg","datePublished":"2020-09-24T18:44:18+00:00","dateModified":"2026-03-12T14:37:16+00:00","breadcrumb":{"@id":"https:\/\/www.lojamelhordosul.com.br\/site\/produto\/nobreak-intelbras-xnb-720va-120v-pc-videogame-drv-camera-notebook\/#breadcrumb"},"inLanguage":"pt-BR","potentialAction":[{"@type":"ReadAction","target":["https:\/\/www.lojamelhordosul.com.br\/site\/produto\/nobreak-intelbras-xnb-720va-120v-pc-videogame-drv-camera-notebook\/"]}]},{"@type":"ImageObject","inLanguage":"pt-BR","@id":"https:\/\/www.lojamelhordosul.com.br\/site\/produto\/nobreak-intelbras-xnb-720va-120v-pc-videogame-drv-camera-notebook\/#primaryimage","url":"https:\/\/www.lojamelhordosul.com.br\/site\/wp-content\/uploads\/2020\/09\/XNB-720-VA.jpg","contentUrl":"https:\/\/www.lojamelhordosul.com.br\/site\/wp-content\/uploads\/2020\/09\/XNB-720-VA.jpg","width":352,"height":484},{"@type":"BreadcrumbList","@id":"https:\/\/www.lojamelhordosul.com.br\/site\/produto\/nobreak-intelbras-xnb-720va-120v-pc-videogame-drv-camera-notebook\/#breadcrumb","itemListElement":[{"@type":"ListItem","position":1,"name":"In\u00edcio","item":"https:\/\/www.lojamelhordosul.com.br\/site\/"},{"@type":"ListItem","position":2,"name":"Loja","item":"https:\/\/www.lojamelhordosul.com.br\/site\/loja\/"},{"@type":"ListItem","position":3,"name":"Nobreak Intelbras Xnb 720va 120V Pc Videogame Drv C\u00e2mera Notebook"}]},{"@type":"WebSite","@id":"https:\/\/www.lojamelhordosul.com.br\/site\/#website","url":"https:\/\/www.lojamelhordosul.com.br\/site\/","name":"Loja Melhor do Sul Sistemas de Seguran\u00e7a","description":"Loja Melhor do Sul - Revenda Ouro Intelbras em Porto Alegre","publisher":{"@id":"https:\/\/www.lojamelhordosul.com.br\/site\/#organization"},"potentialAction":[{"@type":"SearchAction","target":{"@type":"EntryPoint","urlTemplate":"https:\/\/www.lojamelhordosul.com.br\/site\/?s={search_term_string}"},"query-input":{"@type":"PropertyValueSpecification","valueRequired":true,"valueName":"search_term_string"}}],"inLanguage":"pt-BR"},{"@type":"Organization","@id":"https:\/\/www.lojamelhordosul.com.br\/site\/#organization","name":"Loja Melhor do Sul","url":"https:\/\/www.lojamelhordosul.com.br\/site\/","logo":{"@type":"ImageObject","inLanguage":"pt-BR","@id":"https:\/\/www.lojamelhordosul.com.br\/site\/#\/schema\/logo\/image\/","url":"https:\/\/www.lojamelhordosul.com.br\/site\/wp-content\/uploads\/2019\/10\/logo-longo-da-loja.png","contentUrl":"https:\/\/www.lojamelhordosul.com.br\/site\/wp-content\/uploads\/2019\/10\/logo-longo-da-loja.png","width":597,"height":114,"caption":"Loja Melhor do Sul"},"image":{"@id":"https:\/\/www.lojamelhordosul.com.br\/site\/#\/schema\/logo\/image\/"}}]}},"_links":{"self":[{"href":"https:\/\/www.lojamelhordosul.com.br\/site\/wp-json\/wp\/v2\/product\/9381","targetHints":{"allow":["GET"]}}],"collection":[{"href":"https:\/\/www.lojamelhordosul.com.br\/site\/wp-json\/wp\/v2\/product"}],"about":[{"href":"https:\/\/www.lojamelhordosul.com.br\/site\/wp-json\/wp\/v2\/types\/product"}],"replies":[{"embeddable":true,"href":"https:\/\/www.lojamelhordosul.com.br\/site\/wp-json\/wp\/v2\/comments?post=9381"}],"wp:featuredmedia":[{"embeddable":true,"href":"https:\/\/www.lojamelhordosul.com.br\/site\/wp-json\/wp\/v2\/media\/9382"}],"wp:attachment":[{"href":"https:\/\/www.lojamelhordosul.com.br\/site\/wp-json\/wp\/v2\/media?parent=9381"}],"wp:term":[{"taxonomy":"product_brand","embeddable":true,"href":"https:\/\/www.lojamelhordosul.com.br\/site\/wp-json\/wp\/v2\/product_brand?post=9381"},{"taxonomy":"product_cat","embeddable":true,"href":"https:\/\/www.lojamelhordosul.com.br\/site\/wp-json\/wp\/v2\/product_cat?post=9381"},{"taxonomy":"product_tag","embeddable":true,"href":"https:\/\/www.lojamelhordosul.com.br\/site\/wp-json\/wp\/v2\/product_tag?post=9381"}],"curies":[{"name":"wp","href":"https:\/\/api.w.org\/{rel}","templated":true}]}}