{"id":9610,"date":"2020-10-06T11:13:42","date_gmt":"2020-10-06T14:13:42","guid":{"rendered":"https:\/\/www.lojamelhordosul.com.br\/site\/?post_type=product&#038;p=9610"},"modified":"2026-03-13T15:00:25","modified_gmt":"2026-03-13T18:00:25","slug":"mini-rack-intelbras-19-desmontavel-mrd-1257-d-parede-12u","status":"publish","type":"product","link":"https:\/\/www.lojamelhordosul.com.br\/site\/produto\/mini-rack-intelbras-19-desmontavel-mrd-1257-d-parede-12u\/","title":{"rendered":"Mini Rack Intelbras 19 Desmont\u00e1vel Mrd 1257 D\/parede 12u"},"content":{"rendered":"<div class=\"wpb-content-wrapper\"><div class=\"vc_row wpb_row vc_row-fluid\"><div class=\"container\"><div class=\"row\"><div class=\"wpb_column vc_column_container vc_col-md-12\"><div class=\"vc_column-inner \"><div class=\"wpb_wrapper\"><div class=\"wpb_single_image widget wpb_content_element vc_align_center\">\r\n\t\t\r\n\t\t<figure class=\"wpb_wrapper vc_figure\">\r\n\t\t\t<div class=\"vc_single_image-wrapper   vc_box_border_grey\"><img decoding=\"async\" class=\"vc_single_image-img\"  src=\"https:\/\/www.lojamelhordosul.com.br\/site\/wp-content\/uploads\/2020\/06\/Logo-Site-2020.png\" \/><\/div>\r\n\t\t<div class=\"description\">\r\n\t\t\t\r\n\t\t<\/div>\r\n\t\r\n\t\t<\/figure>\r\n\t<\/div><\/div><\/div><\/div><\/div><\/div><\/div><div class=\"vc_row wpb_row vc_row-fluid\"><div class=\"container\"><div class=\"row\"><div class=\"wpb_column vc_column_container vc_col-md-6\"><div class=\"vc_column-inner \"><div class=\"wpb_wrapper\">\n\t<div class=\"wpb_text_column wpb_content_element\" >\n\t\t<div class=\"wpb_wrapper\">\n\t\t\t<div class=\"mt2 mb2 \">\n<h2 class=\"weight--small-300 weight--large-200 h3\">F\u00e1cil de montar e pr\u00e1tico de instalar<\/h2>\n<\/div>\n<div class=\"text text--300\">\n<div class=\"block-template overflow-hidden\">\n<p>Pe\u00e7as padronizadas que garantem melhor encaixe e mais facilidade de instala\u00e7\u00e3o, organiza\u00e7\u00e3o, prote\u00e7\u00e3o e armazenamento dos equipamentos eletr\u00f4nicos.<\/p>\n<\/div>\n<\/div>\n\n\t\t<\/div>\n\t<\/div>\n<\/div><\/div><\/div><div class=\"wpb_column vc_column_container vc_col-md-6\"><div class=\"vc_column-inner \"><div class=\"wpb_wrapper\"><div class=\"wpb_single_image widget wpb_content_element vc_align_left\">\r\n\t\t\r\n\t\t<figure class=\"wpb_wrapper vc_figure\">\r\n\t\t\t<div class=\"vc_single_image-wrapper   vc_box_border_grey\"><img decoding=\"async\" class=\"vc_single_image-img\"  src=\"https:\/\/backend.intelbras.com\/sites\/default\/files\/styles\/large\/public\/2020-05\/facil-de-montar_590x360px_0.jpg\" \/><\/div>\r\n\t\t<div class=\"description\">\r\n\t\t\t\r\n\t\t<\/div>\r\n\t\r\n\t\t<\/figure>\r\n\t<\/div><\/div><\/div><\/div><\/div><\/div><\/div><div class=\"vc_row wpb_row vc_row-fluid\"><div class=\"container\"><div class=\"row\"><div class=\"wpb_column vc_column_container vc_col-md-6\"><div class=\"vc_column-inner \"><div class=\"wpb_wrapper\"><div class=\"wpb_single_image widget wpb_content_element vc_align_left\">\r\n\t\t\r\n\t\t<figure class=\"wpb_wrapper vc_figure\">\r\n\t\t\t<div class=\"vc_single_image-wrapper   vc_box_border_grey\"><img decoding=\"async\" class=\"vc_single_image-img\"  src=\"https:\/\/backend.intelbras.com\/sites\/default\/files\/styles\/large\/public\/2020-05\/sob-medida_590x360px---Copia.jpg\" \/><\/div>\r\n\t\t<div class=\"description\">\r\n\t\t\t\r\n\t\t<\/div>\r\n\t\r\n\t\t<\/figure>\r\n\t<\/div><\/div><\/div><\/div><div class=\"wpb_column vc_column_container vc_col-md-6\"><div class=\"vc_column-inner \"><div class=\"wpb_wrapper\">\n\t<div class=\"wpb_text_column wpb_content_element\" >\n\t\t<div class=\"wpb_wrapper\">\n\t\t\t<div class=\"mt2 mb2 \">\n<h2 class=\"weight--small-300 weight--large-200 h3\">Sob medida para a necessidade de cada cliente<\/h2>\n<\/div>\n<div class=\"text text--300\">\n<div class=\"block-template overflow-hidden\">\n<p>100% aprovado nos testes de qualidade, pensado e desenvolvido junto ao cliente, para atender sua necessidade. Dispon\u00edvel nos tamanhos 3U, 5U 8U e 12U.<\/p>\n<\/div>\n<\/div>\n\n\t\t<\/div>\n\t<\/div>\n<\/div><\/div><\/div><\/div><\/div><\/div><div class=\"vc_row wpb_row vc_row-fluid\"><div class=\"container\"><div class=\"row\"><div class=\"wpb_column vc_column_container vc_col-md-6\"><div class=\"vc_column-inner \"><div class=\"wpb_wrapper\">\n\t<div class=\"wpb_text_column wpb_content_element\" >\n\t\t<div class=\"wpb_wrapper\">\n\t\t\t<div class=\"mt2 mb2 \">\n<h2 class=\"weight--small-300 weight--large-200 h3\">Leve, robusto e resistente<\/h2>\n<\/div>\n<div class=\"text text--300\">\n<div class=\"block-template overflow-hidden\">\n<p>Produzido com materiais de alta qualidade e com pe\u00e7as de f\u00e1cil manuseio, o mini rack combina robustez, praticidade e durabilidade.<\/p>\n<\/div>\n<\/div>\n\n\t\t<\/div>\n\t<\/div>\n<\/div><\/div><\/div><div class=\"wpb_column vc_column_container vc_col-md-6\"><div class=\"vc_column-inner \"><div class=\"wpb_wrapper\"><div class=\"wpb_single_image widget wpb_content_element vc_align_left\">\r\n\t\t\r\n\t\t<figure class=\"wpb_wrapper vc_figure\">\r\n\t\t\t<div class=\"vc_single_image-wrapper   vc_box_border_grey\"><img decoding=\"async\" class=\"vc_single_image-img\"  src=\"https:\/\/backend.intelbras.com\/sites\/default\/files\/styles\/large\/public\/2020-05\/leve_robusto_590x360px_3.jpg\" \/><\/div>\r\n\t\t<div class=\"description\">\r\n\t\t\t\r\n\t\t<\/div>\r\n\t\r\n\t\t<\/figure>\r\n\t<\/div><\/div><\/div><\/div><\/div><\/div><\/div><div class=\"vc_row wpb_row vc_row-fluid\"><div class=\"container\"><div class=\"row\"><div class=\"wpb_column vc_column_container vc_col-md-6\"><div class=\"vc_column-inner \"><div class=\"wpb_wrapper\"><div class=\"wpb_single_image widget wpb_content_element vc_align_left\">\r\n\t\t\r\n\t\t<figure class=\"wpb_wrapper vc_figure\">\r\n\t\t\t<div class=\"vc_single_image-wrapper   vc_box_border_grey\"><img decoding=\"async\" class=\"vc_single_image-img\"  src=\"https:\/\/backend.intelbras.com\/sites\/default\/files\/styles\/large\/public\/2020-05\/disponibilidade-imediata_590x360px.jpg\" \/><\/div>\r\n\t\t<div class=\"description\">\r\n\t\t\t\r\n\t\t<\/div>\r\n\t\r\n\t\t<\/figure>\r\n\t<\/div><\/div><\/div><\/div><div class=\"wpb_column vc_column_container vc_col-md-6\"><div class=\"vc_column-inner \"><div class=\"wpb_wrapper\">\n\t<div class=\"wpb_text_column wpb_content_element\" >\n\t\t<div class=\"wpb_wrapper\">\n\t\t\t<div class=\"mt2 mb2 \">\n<h2 class=\"weight--small-300 weight--large-200 h3\">Estrutura desmont\u00e1vel e disponibilidade imediata<\/h2>\n<\/div>\n<div class=\"text text--300\">\n<div class=\"block-template overflow-hidden\">\n<p>Com estrutura desmont\u00e1vel, os racks Intelbras proporcionam ganhos log\u00edsticos e facilidade no armazenamento. Produto com disponibilidade imediata.<\/p>\n<\/div>\n<\/div>\n\n\t\t<\/div>\n\t<\/div>\n<\/div><\/div><\/div><\/div><\/div><\/div><div class=\"vc_row wpb_row vc_row-fluid\"><div class=\"container\"><div class=\"row\"><div class=\"wpb_column vc_column_container vc_col-md-6\"><div class=\"vc_column-inner \"><div class=\"wpb_wrapper\">\n\t<div class=\"wpb_text_column wpb_content_element\" >\n\t\t<div class=\"wpb_wrapper\">\n\t\t\t<h2 class=\"weight--small-300 weight--large-200 h3\">Conhe\u00e7a o portf\u00f3lio<\/h2>\n\n\t\t<\/div>\n\t<\/div>\n<\/div><\/div><\/div><div class=\"wpb_column vc_column_container vc_col-md-6\"><div class=\"vc_column-inner \"><div class=\"wpb_wrapper\">\n\t<div class=\"wpb_video_widget wpb_content_element vc_clearfix   vc_video-aspect-ratio-169 vc_video-el-width-100 vc_video-align-left\" >\n\t\t<div class=\"wpb_wrapper\">\n\t\t\t\n\t\t\t<div class=\"wpb_video_wrapper\"><iframe loading=\"lazy\" title=\"Conhe\u00e7a os racks de parede Intelbras #Esquadr\u00e3oDeRedes\" width=\"500\" height=\"281\" src=\"https:\/\/www.youtube.com\/embed\/6Mjl_GeHGes?feature=oembed\" frameborder=\"0\" allow=\"accelerometer; autoplay; clipboard-write; encrypted-media; gyroscope; picture-in-picture; web-share\" allowfullscreen><\/iframe><\/div>\n\t\t<\/div>\n\t<\/div>\n<\/div><\/div><\/div><\/div><\/div><\/div><div class=\"vc_row wpb_row vc_row-fluid\"><div class=\"container\"><div class=\"row\"><div class=\"wpb_column vc_column_container vc_col-md-6\"><div class=\"vc_column-inner \"><div class=\"wpb_wrapper\">\n\t<div class=\"wpb_video_widget wpb_content_element vc_clearfix   vc_video-aspect-ratio-169 vc_video-el-width-100 vc_video-align-left\" >\n\t\t<div class=\"wpb_wrapper\">\n\t\t\t\n\t\t\t<div class=\"wpb_video_wrapper\"><iframe loading=\"lazy\" title=\"Veja como \u00e9 f\u00e1cil montar os mini racks de parede Intelbras #Esquadr\u00e3oDeRedes\" width=\"500\" height=\"281\" src=\"https:\/\/www.youtube.com\/embed\/l8nE01fXvrs?feature=oembed\" frameborder=\"0\" allow=\"accelerometer; autoplay; clipboard-write; encrypted-media; gyroscope; picture-in-picture; web-share\" allowfullscreen><\/iframe><\/div>\n\t\t<\/div>\n\t<\/div>\n<\/div><\/div><\/div><div class=\"wpb_column vc_column_container vc_col-md-6\"><div class=\"vc_column-inner \"><div class=\"wpb_wrapper\">\n\t<div class=\"wpb_text_column wpb_content_element\" >\n\t\t<div class=\"wpb_wrapper\">\n\t\t\t<h2 class=\"weight--small-300 weight--large-200 h3\">Como montar os mini racks<\/h2>\n\n\t\t<\/div>\n\t<\/div>\n<\/div><\/div><\/div><\/div><\/div><\/div>\n<\/div>","protected":false},"excerpt":{"rendered":"<p>A linha Mini Racks Intelbras \u00e9 ideal para instala\u00e7\u00f5es de redes, telecom e CFTV.<br \/>\nAs pe\u00e7as e parafusos padrozinado trazem agilidade e robustez garantindo mais praticidade para armazenar, organizar e proteger equipamentos eletr\u00f4nicos.<\/p>\n<p>Caracter\u00edsticas:<br \/>\n\u00bb Ideal para projetos e instala\u00e7\u00f5es de switches, OLTS, sistemas de Telecom e CFTV<br \/>\n\u00bb Sistema Easy Mounting: Pe\u00e7as e parafusos padronizados para f\u00e1cil instala\u00e7\u00e3o e montagem<br \/>\n\u00bb Robusto e leve: Projetado para garantir a robustez que um Rack precisa e leve para instala\u00e7\u00e3o<br \/>\n\u00bb Profundidade total de 570mm oferecendo um melhor espa\u00e7o para manuseio dos equipamentos<br \/>\n\u00bb Abertura para instala\u00e7\u00e3o de sistema de ventila\u00e7\u00e3o no teto<br \/>\n\u00bb Estrutura com ponto de aterramento<br \/>\n\u00bb Fechamento lateral com venezianas e fecho para abertura<br \/>\n\u00bb Compat\u00edvel com as normas IEC 60297-3-100 e IEC 60297-3-105<\/p>\n<p>Pe\u00e7as e parafusos padronizados que garantem maior agilidade na hora da montagem e a robustez necess\u00e1ria para a organiza\u00e7\u00e3o, armazenamento e prote\u00e7\u00e3o dos equipamentos eletr\u00f4nicos.<\/p>\n<p>ESPECIFICA\u00c7\u00d5ES T\u00c9CNICAS DO PRODUTO<br \/>\nTamanho: 12U<br \/>\nProfundidade: 570mm<br \/>\nMaterial: A\u00e7o SAE 1008<br \/>\nEspessura: Estrutural 0,9 mm \u2013 Fechamentos 0,75 mm<br \/>\nPintura: Eletrost\u00e1tica Ep\u00f3xi P\u00f3 Microtexturizado<br \/>\nCor: Preto 73.250 Fosco<br \/>\nOutros: Padr\u00e3o de Fixa\u00e7\u00e3o Conforme norma IEC297 e DIN 41494<\/p>\n","protected":false},"featured_media":9613,"comment_status":"open","ping_status":"closed","template":"","meta":[],"product_brand":[],"product_cat":[2719,2724],"product_tag":[698,1255,2327,2329,2330,2332,2333,2331,2328],"class_list":{"0":"post-9610","1":"product","2":"type-product","3":"status-publish","4":"has-post-thumbnail","6":"product_cat-acessorios-cftv","7":"product_cat-acessorios-racks-organizadores","8":"product_tag-dvr","9":"product_tag-intelbras","10":"product_tag-mini-rack","11":"product_tag-mini-rack-dvr","12":"product_tag-mini-rack-intelbras","13":"product_tag-mrd-1257","14":"product_tag-rack-de-parede","15":"product_tag-rack-dvr-intelbras","16":"product_tag-rack-para-dvr","18":"first","19":"instock","20":"shipping-taxable","21":"purchasable","22":"product-type-simple"},"yoast_head":"<!-- This site is optimized with the Yoast SEO plugin v27.5 - https:\/\/yoast.com\/product\/yoast-seo-wordpress\/ -->\n<title>Mini Rack Intelbras 19 Desmont\u00e1vel Mrd 1257 D\/parede 12u - Loja Melhor do Sul Sistemas de Seguran\u00e7a<\/title>\n<meta name=\"robots\" content=\"index, follow, max-snippet:-1, max-image-preview:large, max-video-preview:-1\" \/>\n<link rel=\"canonical\" href=\"https:\/\/www.lojamelhordosul.com.br\/site\/produto\/mini-rack-intelbras-19-desmontavel-mrd-1257-d-parede-12u\/\" \/>\n<meta property=\"og:locale\" content=\"pt_BR\" \/>\n<meta property=\"og:type\" content=\"article\" \/>\n<meta property=\"og:title\" content=\"Mini Rack Intelbras 19 Desmont\u00e1vel Mrd 1257 D\/parede 12u - Loja Melhor do Sul Sistemas de Seguran\u00e7a\" \/>\n<meta property=\"og:description\" content=\"A linha Mini Racks Intelbras \u00e9 ideal para instala\u00e7\u00f5es de redes, telecom e CFTV. As pe\u00e7as e parafusos padrozinado trazem agilidade e robustez garantindo mais praticidade para armazenar, organizar e proteger equipamentos eletr\u00f4nicos.  Caracter\u00edsticas: \u00bb Ideal para projetos e instala\u00e7\u00f5es de switches, OLTS, sistemas de Telecom e CFTV \u00bb Sistema Easy Mounting: Pe\u00e7as e parafusos padronizados para f\u00e1cil instala\u00e7\u00e3o e montagem \u00bb Robusto e leve: Projetado para garantir a robustez que um Rack precisa e leve para instala\u00e7\u00e3o \u00bb Profundidade total de 570mm oferecendo um melhor espa\u00e7o para manuseio dos equipamentos \u00bb Abertura para instala\u00e7\u00e3o de sistema de ventila\u00e7\u00e3o no teto \u00bb Estrutura com ponto de aterramento \u00bb Fechamento lateral com venezianas e fecho para abertura \u00bb Compat\u00edvel com as normas IEC 60297-3-100 e IEC 60297-3-105  Pe\u00e7as e parafusos padronizados que garantem maior agilidade na hora da montagem e a robustez necess\u00e1ria para a organiza\u00e7\u00e3o, armazenamento e prote\u00e7\u00e3o dos equipamentos eletr\u00f4nicos.  ESPECIFICA\u00c7\u00d5ES T\u00c9CNICAS DO PRODUTO Tamanho: 12U Profundidade: 570mm Material: A\u00e7o SAE 1008 Espessura: Estrutural 0,9 mm \u2013 Fechamentos 0,75 mm Pintura: Eletrost\u00e1tica Ep\u00f3xi P\u00f3 Microtexturizado Cor: Preto 73.250 Fosco Outros: Padr\u00e3o de Fixa\u00e7\u00e3o Conforme norma IEC297 e DIN 41494\" \/>\n<meta property=\"og:url\" content=\"https:\/\/www.lojamelhordosul.com.br\/site\/produto\/mini-rack-intelbras-19-desmontavel-mrd-1257-d-parede-12u\/\" \/>\n<meta property=\"og:site_name\" content=\"Loja Melhor do Sul Sistemas de Seguran\u00e7a\" \/>\n<meta property=\"article:modified_time\" content=\"2026-03-13T18:00:25+00:00\" \/>\n<meta property=\"og:image\" content=\"https:\/\/www.lojamelhordosul.com.br\/site\/wp-content\/uploads\/2020\/10\/Mini-rack-MRD-1257.png\" \/>\n\t<meta property=\"og:image:width\" content=\"500\" \/>\n\t<meta property=\"og:image:height\" content=\"500\" \/>\n\t<meta property=\"og:image:type\" content=\"image\/png\" \/>\n<meta name=\"twitter:card\" content=\"summary_large_image\" \/>\n<meta name=\"twitter:label1\" content=\"Est. tempo de leitura\" \/>\n\t<meta name=\"twitter:data1\" content=\"2 minutos\" \/>\n<script type=\"application\/ld+json\" class=\"yoast-schema-graph\">{\"@context\":\"https:\\\/\\\/schema.org\",\"@graph\":[{\"@type\":\"WebPage\",\"@id\":\"https:\\\/\\\/www.lojamelhordosul.com.br\\\/site\\\/produto\\\/mini-rack-intelbras-19-desmontavel-mrd-1257-d-parede-12u\\\/\",\"url\":\"https:\\\/\\\/www.lojamelhordosul.com.br\\\/site\\\/produto\\\/mini-rack-intelbras-19-desmontavel-mrd-1257-d-parede-12u\\\/\",\"name\":\"Mini Rack Intelbras 19 Desmont\u00e1vel Mrd 1257 D\\\/parede 12u - Loja Melhor do Sul Sistemas de Seguran\u00e7a\",\"isPartOf\":{\"@id\":\"https:\\\/\\\/www.lojamelhordosul.com.br\\\/site\\\/#website\"},\"primaryImageOfPage\":{\"@id\":\"https:\\\/\\\/www.lojamelhordosul.com.br\\\/site\\\/produto\\\/mini-rack-intelbras-19-desmontavel-mrd-1257-d-parede-12u\\\/#primaryimage\"},\"image\":{\"@id\":\"https:\\\/\\\/www.lojamelhordosul.com.br\\\/site\\\/produto\\\/mini-rack-intelbras-19-desmontavel-mrd-1257-d-parede-12u\\\/#primaryimage\"},\"thumbnailUrl\":\"https:\\\/\\\/www.lojamelhordosul.com.br\\\/site\\\/wp-content\\\/uploads\\\/2020\\\/10\\\/Mini-rack-MRD-1257.png\",\"datePublished\":\"2020-10-06T14:13:42+00:00\",\"dateModified\":\"2026-03-13T18:00:25+00:00\",\"breadcrumb\":{\"@id\":\"https:\\\/\\\/www.lojamelhordosul.com.br\\\/site\\\/produto\\\/mini-rack-intelbras-19-desmontavel-mrd-1257-d-parede-12u\\\/#breadcrumb\"},\"inLanguage\":\"pt-BR\",\"potentialAction\":[{\"@type\":\"ReadAction\",\"target\":[\"https:\\\/\\\/www.lojamelhordosul.com.br\\\/site\\\/produto\\\/mini-rack-intelbras-19-desmontavel-mrd-1257-d-parede-12u\\\/\"]}]},{\"@type\":\"ImageObject\",\"inLanguage\":\"pt-BR\",\"@id\":\"https:\\\/\\\/www.lojamelhordosul.com.br\\\/site\\\/produto\\\/mini-rack-intelbras-19-desmontavel-mrd-1257-d-parede-12u\\\/#primaryimage\",\"url\":\"https:\\\/\\\/www.lojamelhordosul.com.br\\\/site\\\/wp-content\\\/uploads\\\/2020\\\/10\\\/Mini-rack-MRD-1257.png\",\"contentUrl\":\"https:\\\/\\\/www.lojamelhordosul.com.br\\\/site\\\/wp-content\\\/uploads\\\/2020\\\/10\\\/Mini-rack-MRD-1257.png\",\"width\":500,\"height\":500},{\"@type\":\"BreadcrumbList\",\"@id\":\"https:\\\/\\\/www.lojamelhordosul.com.br\\\/site\\\/produto\\\/mini-rack-intelbras-19-desmontavel-mrd-1257-d-parede-12u\\\/#breadcrumb\",\"itemListElement\":[{\"@type\":\"ListItem\",\"position\":1,\"name\":\"In\u00edcio\",\"item\":\"https:\\\/\\\/www.lojamelhordosul.com.br\\\/site\\\/\"},{\"@type\":\"ListItem\",\"position\":2,\"name\":\"Loja\",\"item\":\"https:\\\/\\\/www.lojamelhordosul.com.br\\\/site\\\/loja\\\/\"},{\"@type\":\"ListItem\",\"position\":3,\"name\":\"Mini Rack Intelbras 19 Desmont\u00e1vel Mrd 1257 D\\\/parede 12u\"}]},{\"@type\":\"WebSite\",\"@id\":\"https:\\\/\\\/www.lojamelhordosul.com.br\\\/site\\\/#website\",\"url\":\"https:\\\/\\\/www.lojamelhordosul.com.br\\\/site\\\/\",\"name\":\"Loja Melhor do Sul Sistemas de Seguran\u00e7a\",\"description\":\"Loja Melhor do Sul - Revenda Ouro Intelbras em Porto Alegre\",\"publisher\":{\"@id\":\"https:\\\/\\\/www.lojamelhordosul.com.br\\\/site\\\/#organization\"},\"potentialAction\":[{\"@type\":\"SearchAction\",\"target\":{\"@type\":\"EntryPoint\",\"urlTemplate\":\"https:\\\/\\\/www.lojamelhordosul.com.br\\\/site\\\/?s={search_term_string}\"},\"query-input\":{\"@type\":\"PropertyValueSpecification\",\"valueRequired\":true,\"valueName\":\"search_term_string\"}}],\"inLanguage\":\"pt-BR\"},{\"@type\":\"Organization\",\"@id\":\"https:\\\/\\\/www.lojamelhordosul.com.br\\\/site\\\/#organization\",\"name\":\"Loja Melhor do Sul\",\"url\":\"https:\\\/\\\/www.lojamelhordosul.com.br\\\/site\\\/\",\"logo\":{\"@type\":\"ImageObject\",\"inLanguage\":\"pt-BR\",\"@id\":\"https:\\\/\\\/www.lojamelhordosul.com.br\\\/site\\\/#\\\/schema\\\/logo\\\/image\\\/\",\"url\":\"https:\\\/\\\/www.lojamelhordosul.com.br\\\/site\\\/wp-content\\\/uploads\\\/2019\\\/10\\\/logo-longo-da-loja.png\",\"contentUrl\":\"https:\\\/\\\/www.lojamelhordosul.com.br\\\/site\\\/wp-content\\\/uploads\\\/2019\\\/10\\\/logo-longo-da-loja.png\",\"width\":597,\"height\":114,\"caption\":\"Loja Melhor do Sul\"},\"image\":{\"@id\":\"https:\\\/\\\/www.lojamelhordosul.com.br\\\/site\\\/#\\\/schema\\\/logo\\\/image\\\/\"}}]}<\/script>\n<!-- \/ Yoast SEO plugin. -->","yoast_head_json":{"title":"Mini Rack Intelbras 19 Desmont\u00e1vel Mrd 1257 D\/parede 12u - Loja Melhor do Sul Sistemas de Seguran\u00e7a","robots":{"index":"index","follow":"follow","max-snippet":"max-snippet:-1","max-image-preview":"max-image-preview:large","max-video-preview":"max-video-preview:-1"},"canonical":"https:\/\/www.lojamelhordosul.com.br\/site\/produto\/mini-rack-intelbras-19-desmontavel-mrd-1257-d-parede-12u\/","og_locale":"pt_BR","og_type":"article","og_title":"Mini Rack Intelbras 19 Desmont\u00e1vel Mrd 1257 D\/parede 12u - Loja Melhor do Sul Sistemas de Seguran\u00e7a","og_description":"A linha Mini Racks Intelbras \u00e9 ideal para instala\u00e7\u00f5es de redes, telecom e CFTV. As pe\u00e7as e parafusos padrozinado trazem agilidade e robustez garantindo mais praticidade para armazenar, organizar e proteger equipamentos eletr\u00f4nicos.  Caracter\u00edsticas: \u00bb Ideal para projetos e instala\u00e7\u00f5es de switches, OLTS, sistemas de Telecom e CFTV \u00bb Sistema Easy Mounting: Pe\u00e7as e parafusos padronizados para f\u00e1cil instala\u00e7\u00e3o e montagem \u00bb Robusto e leve: Projetado para garantir a robustez que um Rack precisa e leve para instala\u00e7\u00e3o \u00bb Profundidade total de 570mm oferecendo um melhor espa\u00e7o para manuseio dos equipamentos \u00bb Abertura para instala\u00e7\u00e3o de sistema de ventila\u00e7\u00e3o no teto \u00bb Estrutura com ponto de aterramento \u00bb Fechamento lateral com venezianas e fecho para abertura \u00bb Compat\u00edvel com as normas IEC 60297-3-100 e IEC 60297-3-105  Pe\u00e7as e parafusos padronizados que garantem maior agilidade na hora da montagem e a robustez necess\u00e1ria para a organiza\u00e7\u00e3o, armazenamento e prote\u00e7\u00e3o dos equipamentos eletr\u00f4nicos.  ESPECIFICA\u00c7\u00d5ES T\u00c9CNICAS DO PRODUTO Tamanho: 12U Profundidade: 570mm Material: A\u00e7o SAE 1008 Espessura: Estrutural 0,9 mm \u2013 Fechamentos 0,75 mm Pintura: Eletrost\u00e1tica Ep\u00f3xi P\u00f3 Microtexturizado Cor: Preto 73.250 Fosco Outros: Padr\u00e3o de Fixa\u00e7\u00e3o Conforme norma IEC297 e DIN 41494","og_url":"https:\/\/www.lojamelhordosul.com.br\/site\/produto\/mini-rack-intelbras-19-desmontavel-mrd-1257-d-parede-12u\/","og_site_name":"Loja Melhor do Sul Sistemas de Seguran\u00e7a","article_modified_time":"2026-03-13T18:00:25+00:00","og_image":[{"width":500,"height":500,"url":"https:\/\/www.lojamelhordosul.com.br\/site\/wp-content\/uploads\/2020\/10\/Mini-rack-MRD-1257.png","type":"image\/png"}],"twitter_card":"summary_large_image","twitter_misc":{"Est. tempo de leitura":"2 minutos"},"schema":{"@context":"https:\/\/schema.org","@graph":[{"@type":"WebPage","@id":"https:\/\/www.lojamelhordosul.com.br\/site\/produto\/mini-rack-intelbras-19-desmontavel-mrd-1257-d-parede-12u\/","url":"https:\/\/www.lojamelhordosul.com.br\/site\/produto\/mini-rack-intelbras-19-desmontavel-mrd-1257-d-parede-12u\/","name":"Mini Rack Intelbras 19 Desmont\u00e1vel Mrd 1257 D\/parede 12u - Loja Melhor do Sul Sistemas de Seguran\u00e7a","isPartOf":{"@id":"https:\/\/www.lojamelhordosul.com.br\/site\/#website"},"primaryImageOfPage":{"@id":"https:\/\/www.lojamelhordosul.com.br\/site\/produto\/mini-rack-intelbras-19-desmontavel-mrd-1257-d-parede-12u\/#primaryimage"},"image":{"@id":"https:\/\/www.lojamelhordosul.com.br\/site\/produto\/mini-rack-intelbras-19-desmontavel-mrd-1257-d-parede-12u\/#primaryimage"},"thumbnailUrl":"https:\/\/www.lojamelhordosul.com.br\/site\/wp-content\/uploads\/2020\/10\/Mini-rack-MRD-1257.png","datePublished":"2020-10-06T14:13:42+00:00","dateModified":"2026-03-13T18:00:25+00:00","breadcrumb":{"@id":"https:\/\/www.lojamelhordosul.com.br\/site\/produto\/mini-rack-intelbras-19-desmontavel-mrd-1257-d-parede-12u\/#breadcrumb"},"inLanguage":"pt-BR","potentialAction":[{"@type":"ReadAction","target":["https:\/\/www.lojamelhordosul.com.br\/site\/produto\/mini-rack-intelbras-19-desmontavel-mrd-1257-d-parede-12u\/"]}]},{"@type":"ImageObject","inLanguage":"pt-BR","@id":"https:\/\/www.lojamelhordosul.com.br\/site\/produto\/mini-rack-intelbras-19-desmontavel-mrd-1257-d-parede-12u\/#primaryimage","url":"https:\/\/www.lojamelhordosul.com.br\/site\/wp-content\/uploads\/2020\/10\/Mini-rack-MRD-1257.png","contentUrl":"https:\/\/www.lojamelhordosul.com.br\/site\/wp-content\/uploads\/2020\/10\/Mini-rack-MRD-1257.png","width":500,"height":500},{"@type":"BreadcrumbList","@id":"https:\/\/www.lojamelhordosul.com.br\/site\/produto\/mini-rack-intelbras-19-desmontavel-mrd-1257-d-parede-12u\/#breadcrumb","itemListElement":[{"@type":"ListItem","position":1,"name":"In\u00edcio","item":"https:\/\/www.lojamelhordosul.com.br\/site\/"},{"@type":"ListItem","position":2,"name":"Loja","item":"https:\/\/www.lojamelhordosul.com.br\/site\/loja\/"},{"@type":"ListItem","position":3,"name":"Mini Rack Intelbras 19 Desmont\u00e1vel Mrd 1257 D\/parede 12u"}]},{"@type":"WebSite","@id":"https:\/\/www.lojamelhordosul.com.br\/site\/#website","url":"https:\/\/www.lojamelhordosul.com.br\/site\/","name":"Loja Melhor do Sul Sistemas de Seguran\u00e7a","description":"Loja Melhor do Sul - Revenda Ouro Intelbras em Porto Alegre","publisher":{"@id":"https:\/\/www.lojamelhordosul.com.br\/site\/#organization"},"potentialAction":[{"@type":"SearchAction","target":{"@type":"EntryPoint","urlTemplate":"https:\/\/www.lojamelhordosul.com.br\/site\/?s={search_term_string}"},"query-input":{"@type":"PropertyValueSpecification","valueRequired":true,"valueName":"search_term_string"}}],"inLanguage":"pt-BR"},{"@type":"Organization","@id":"https:\/\/www.lojamelhordosul.com.br\/site\/#organization","name":"Loja Melhor do Sul","url":"https:\/\/www.lojamelhordosul.com.br\/site\/","logo":{"@type":"ImageObject","inLanguage":"pt-BR","@id":"https:\/\/www.lojamelhordosul.com.br\/site\/#\/schema\/logo\/image\/","url":"https:\/\/www.lojamelhordosul.com.br\/site\/wp-content\/uploads\/2019\/10\/logo-longo-da-loja.png","contentUrl":"https:\/\/www.lojamelhordosul.com.br\/site\/wp-content\/uploads\/2019\/10\/logo-longo-da-loja.png","width":597,"height":114,"caption":"Loja Melhor do Sul"},"image":{"@id":"https:\/\/www.lojamelhordosul.com.br\/site\/#\/schema\/logo\/image\/"}}]}},"_links":{"self":[{"href":"https:\/\/www.lojamelhordosul.com.br\/site\/wp-json\/wp\/v2\/product\/9610","targetHints":{"allow":["GET"]}}],"collection":[{"href":"https:\/\/www.lojamelhordosul.com.br\/site\/wp-json\/wp\/v2\/product"}],"about":[{"href":"https:\/\/www.lojamelhordosul.com.br\/site\/wp-json\/wp\/v2\/types\/product"}],"replies":[{"embeddable":true,"href":"https:\/\/www.lojamelhordosul.com.br\/site\/wp-json\/wp\/v2\/comments?post=9610"}],"wp:featuredmedia":[{"embeddable":true,"href":"https:\/\/www.lojamelhordosul.com.br\/site\/wp-json\/wp\/v2\/media\/9613"}],"wp:attachment":[{"href":"https:\/\/www.lojamelhordosul.com.br\/site\/wp-json\/wp\/v2\/media?parent=9610"}],"wp:term":[{"taxonomy":"product_brand","embeddable":true,"href":"https:\/\/www.lojamelhordosul.com.br\/site\/wp-json\/wp\/v2\/product_brand?post=9610"},{"taxonomy":"product_cat","embeddable":true,"href":"https:\/\/www.lojamelhordosul.com.br\/site\/wp-json\/wp\/v2\/product_cat?post=9610"},{"taxonomy":"product_tag","embeddable":true,"href":"https:\/\/www.lojamelhordosul.com.br\/site\/wp-json\/wp\/v2\/product_tag?post=9610"}],"curies":[{"name":"wp","href":"https:\/\/api.w.org\/{rel}","templated":true}]}}