{"id":9664,"date":"2020-10-08T10:03:20","date_gmt":"2020-10-08T13:03:20","guid":{"rendered":"https:\/\/www.lojamelhordosul.com.br\/site\/?post_type=product&#038;p=9664"},"modified":"2026-03-13T14:47:20","modified_gmt":"2026-03-13T17:47:20","slug":"central-interfonia-comunicacao-condo-intelbras-comunic-48","status":"publish","type":"product","link":"https:\/\/www.lojamelhordosul.com.br\/site\/produto\/central-interfonia-comunicacao-condo-intelbras-comunic-48\/","title":{"rendered":"Central Interfonia Comunica\u00e7\u00e3o Condo Intelbras Comunic 48"},"content":{"rendered":"<div class=\"wpb-content-wrapper\"><div class=\"vc_row wpb_row vc_row-fluid\"><div class=\"container\"><div class=\"row\"><div class=\"wpb_column vc_column_container vc_col-md-12\"><div class=\"vc_column-inner \"><div class=\"wpb_wrapper\"><div class=\"wpb_single_image widget wpb_content_element vc_align_center\">\r\n\t\t\r\n\t\t<figure class=\"wpb_wrapper vc_figure\">\r\n\t\t\t<div class=\"vc_single_image-wrapper   vc_box_border_grey\"><img decoding=\"async\" class=\"vc_single_image-img\"  src=\"https:\/\/www.lojamelhordosul.com.br\/site\/wp-content\/uploads\/2020\/06\/Logo-Site-2020.png\" \/><\/div>\r\n\t\t<div class=\"description\">\r\n\t\t\t\r\n\t\t<\/div>\r\n\t\r\n\t\t<\/figure>\r\n\t<\/div><\/div><\/div><\/div><\/div><\/div><\/div><div class=\"vc_row wpb_row vc_row-fluid\"><div class=\"container\"><div class=\"row\"><div class=\"wpb_column vc_column_container vc_col-md-6\"><div class=\"vc_column-inner \"><div class=\"wpb_wrapper\"><div class=\"wpb_single_image widget wpb_content_element vc_align_left\">\r\n\t\t\r\n\t\t<figure class=\"wpb_wrapper vc_figure\">\r\n\t\t\t<div class=\"vc_single_image-wrapper   vc_box_border_grey\"><img decoding=\"async\" class=\"vc_single_image-img\"  src=\"http:\/\/suporte-tecnico.intelbras.com.br\/sites\/default\/files\/flyer_digital_linha_condominio_02.png\" \/><\/div>\r\n\t\t<div class=\"description\">\r\n\t\t\t\r\n\t\t<\/div>\r\n\t\r\n\t\t<\/figure>\r\n\t<\/div><\/div><\/div><\/div><div class=\"wpb_column vc_column_container vc_col-md-6\"><div class=\"vc_column-inner \"><div class=\"wpb_wrapper\">\n\t<div class=\"wpb_text_column wpb_content_element\" >\n\t\t<div class=\"wpb_wrapper\">\n\t\t\t<h2>Comunica\u00e7\u00e3o condominial<\/h2>\n<p>&nbsp;<\/p>\n<p>A Intelbras oferece solu\u00e7\u00f5es que v\u00e3o suprir as necessidades de seguran\u00e7a dos condom\u00ednios com qualidade e praticidade. S\u00e3o produtos com alta tecnologia para ampliar a seguran\u00e7a do patrim\u00f4nio e a tranquilidade\u00a0dos usu\u00e1rios.<\/p>\n\n\t\t<\/div>\n\t<\/div>\n<\/div><\/div><\/div><\/div><\/div><\/div><div class=\"vc_row wpb_row vc_row-fluid\"><div class=\"container\"><div class=\"row\"><div class=\"wpb_column vc_column_container vc_col-md-6\"><div class=\"vc_column-inner \"><div class=\"wpb_wrapper\">\n\t<div class=\"wpb_text_column wpb_content_element\" >\n\t\t<div class=\"wpb_wrapper\">\n\t\t\t<h2>Linha de centrais de portaria<\/h2>\n<p>&nbsp;<\/p>\n<p>As centrais de portaria Intelbras permitem liga\u00e7\u00f5es de 48 at\u00e9 656 pontos dentro de um condom\u00ednio. Esses pontos podem realizar liga\u00e7\u00f5es entre eles sem custo, al\u00e9m de usufru\u00edrem das seguintes facilidades: identifica\u00e7\u00e3o de ramal para apartamentos, pega trote, transfer\u00eancia, Siga-me, N\u00e3o perturbe, entre outros. As centrais possuem baix\u00edssimo consumo de energia el\u00e9trica, s\u00e3o pr\u00e1ticas de instalar e f\u00e1ceis de programa<\/p>\n\n\t\t<\/div>\n\t<\/div>\n<\/div><\/div><\/div><div class=\"wpb_column vc_column_container vc_col-md-6\"><div class=\"vc_column-inner \"><div class=\"wpb_wrapper\"><div class=\"wpb_single_image widget wpb_content_element vc_align_left\">\r\n\t\t\r\n\t\t<figure class=\"wpb_wrapper vc_figure\">\r\n\t\t\t<div class=\"vc_single_image-wrapper   vc_box_border_grey\"><img decoding=\"async\" class=\"vc_single_image-img\"  src=\"http:\/\/suporte-tecnico.intelbras.com.br\/sites\/default\/files\/flyer_digital_linha_condominio_05_0.png\" \/><\/div>\r\n\t\t<div class=\"description\">\r\n\t\t\t\r\n\t\t<\/div>\r\n\t\r\n\t\t<\/figure>\r\n\t<\/div><\/div><\/div><\/div><\/div><\/div><\/div><div class=\"vc_row wpb_row vc_row-fluid\"><div class=\"container\"><div class=\"row\"><div class=\"wpb_column vc_column_container vc_col-md-6\"><div class=\"vc_column-inner \"><div class=\"wpb_wrapper\"><div class=\"wpb_single_image widget wpb_content_element vc_align_left\">\r\n\t\t\r\n\t\t<figure class=\"wpb_wrapper vc_figure\">\r\n\t\t\t<div class=\"vc_single_image-wrapper   vc_box_border_grey\"><img decoding=\"async\" class=\"vc_single_image-img\"  src=\"http:\/\/suporte-tecnico.intelbras.com.br\/sites\/default\/files\/flyer_digital_linha_condominio_08_0.png\" \/><\/div>\r\n\t\t<div class=\"description\">\r\n\t\t\t\r\n\t\t<\/div>\r\n\t\r\n\t\t<\/figure>\r\n\t<\/div><\/div><\/div><\/div><div class=\"wpb_column vc_column_container vc_col-md-6\"><div class=\"vc_column-inner \"><div class=\"wpb_wrapper\">\n\t<div class=\"wpb_text_column wpb_content_element\" >\n\t\t<div class=\"wpb_wrapper\">\n\t\t\t<h2>Linha de porteiros eletr\u00f4nicos XPE<\/h2>\n<p>&nbsp;<\/p>\n<p>Os porteiros eletr\u00f4nicos permitem a comunica\u00e7\u00e3o com o apartamento desejado, possuem acesso por senha ou at\u00e9 mesmo a comunica\u00e7\u00e3o direta com o ramal previamente programado. Al\u00e9m de sua praticidade na instala\u00e7\u00e3o, eles possuem a qualidade e a seguran\u00e7a da marca Intelbras.<\/p>\n\n\t\t<\/div>\n\t<\/div>\n<\/div><\/div><\/div><\/div><\/div><\/div><div class=\"vc_row wpb_row vc_row-fluid\"><div class=\"container\"><div class=\"row\"><div class=\"wpb_column vc_column_container vc_col-md-6\"><div class=\"vc_column-inner \"><div class=\"wpb_wrapper\">\n\t<div class=\"wpb_text_column wpb_content_element\" >\n\t\t<div class=\"wpb_wrapper\">\n\t\t\t<h2>Linha de terminais<\/h2>\n<p>&nbsp;<\/p>\n<p>Os terminais foram desenvolvidos especialmente para usu\u00e1rios das centrais de portaria Intelbras\/Maxcom. Eles possuem design arrojado, s\u00e3o f\u00e1ceis de instalar e de limpar e suas cores combinam com v\u00e1rios ambientes.<\/p>\n<p>Produto beneficiado pela legisla\u00e7\u00e3o da inform\u00e1tica.<\/p>\n\n\t\t<\/div>\n\t<\/div>\n<\/div><\/div><\/div><div class=\"wpb_column vc_column_container vc_col-md-6\"><div class=\"vc_column-inner \"><div class=\"wpb_wrapper\"><div class=\"wpb_single_image widget wpb_content_element vc_align_left\">\r\n\t\t\r\n\t\t<figure class=\"wpb_wrapper vc_figure\">\r\n\t\t\t<div class=\"vc_single_image-wrapper   vc_box_border_grey\"><img decoding=\"async\" class=\"vc_single_image-img\"  src=\"http:\/\/suporte-tecnico.intelbras.com.br\/sites\/default\/files\/flyer_digital_linha_condominio_11_0.png\" \/><\/div>\r\n\t\t<div class=\"description\">\r\n\t\t\t\r\n\t\t<\/div>\r\n\t\r\n\t\t<\/figure>\r\n\t<\/div><\/div><\/div><\/div><\/div><\/div><\/div>\n<\/div>","protected":false},"excerpt":{"rendered":"<p>Uma central de portaria com capacidade para atender solu\u00e7\u00f5es at\u00e9 48 pontos dentro de seu condom\u00ednio, realizando liga\u00e7\u00f5es sem custo entre os ramais.<\/p>\n<p>\u2022 Identifica\u00e7\u00e3o de chamadas nas liga\u00e7\u00f5es entre ramais;<br \/>\n\u2022 Programa\u00e7\u00e3o e atualiza\u00e7\u00e3o simples atrav\u00e9s da<br \/>\nentrada USB;<br \/>\n\u2022 Possui software programador (terminal programador<br \/>\nIntelbras \u2013 Maxcom);<br \/>\n\u2022 Possui sa\u00edda auxiliar para acionamento;<br \/>\n\u2022 Discagem direta e sem custo de ramal para ramal;<br \/>\n\u2022 Fun\u00e7\u00e3o P\u00e2nico (sinal de emerg\u00eancia);<br \/>\n\u2022 Alterar ou programar numera\u00e7\u00e3o flex\u00edvel direto do<br \/>\napartamento;<br \/>\n\u2022 Transfer\u00eancia de liga\u00e7\u00f5es;<br \/>\n\u2022 8 enlaces para conversa\u00e7\u00e3o.<\/p>\n","protected":false},"featured_media":9666,"comment_status":"open","ping_status":"closed","template":"","meta":[],"product_brand":[],"product_cat":[2771,2767],"product_tag":[2346,1255],"class_list":{"0":"post-9664","1":"product","2":"type-product","3":"status-publish","4":"has-post-thumbnail","6":"product_cat-interfonia-centrais","7":"product_cat-interfonia","8":"product_tag-comunic-48","9":"product_tag-intelbras","11":"first","12":"instock","13":"shipping-taxable","14":"purchasable","15":"product-type-simple"},"yoast_head":"<!-- This site is optimized with the Yoast SEO plugin v27.3 - https:\/\/yoast.com\/product\/yoast-seo-wordpress\/ -->\n<title>Central Interfonia Comunica\u00e7\u00e3o Condo Intelbras Comunic 48 - Loja Melhor do Sul Sistemas de Seguran\u00e7a<\/title>\n<meta name=\"robots\" content=\"index, follow, max-snippet:-1, max-image-preview:large, max-video-preview:-1\" \/>\n<link rel=\"canonical\" href=\"https:\/\/www.lojamelhordosul.com.br\/site\/produto\/central-interfonia-comunicacao-condo-intelbras-comunic-48\/\" \/>\n<meta property=\"og:locale\" content=\"pt_BR\" \/>\n<meta property=\"og:type\" content=\"article\" \/>\n<meta property=\"og:title\" content=\"Central Interfonia Comunica\u00e7\u00e3o Condo Intelbras Comunic 48 - Loja Melhor do Sul Sistemas de Seguran\u00e7a\" \/>\n<meta property=\"og:description\" content=\"Uma central de portaria com capacidade para atender solu\u00e7\u00f5es at\u00e9 48 pontos dentro de seu condom\u00ednio, realizando liga\u00e7\u00f5es sem custo entre os ramais.  \u2022 Identifica\u00e7\u00e3o de chamadas nas liga\u00e7\u00f5es entre ramais; \u2022 Programa\u00e7\u00e3o e atualiza\u00e7\u00e3o simples atrav\u00e9s da entrada USB; \u2022 Possui software programador (terminal programador Intelbras \u2013 Maxcom); \u2022 Possui sa\u00edda auxiliar para acionamento; \u2022 Discagem direta e sem custo de ramal para ramal; \u2022 Fun\u00e7\u00e3o P\u00e2nico (sinal de emerg\u00eancia); \u2022 Alterar ou programar numera\u00e7\u00e3o flex\u00edvel direto do apartamento; \u2022 Transfer\u00eancia de liga\u00e7\u00f5es; \u2022 8 enlaces para conversa\u00e7\u00e3o.\" \/>\n<meta property=\"og:url\" content=\"https:\/\/www.lojamelhordosul.com.br\/site\/produto\/central-interfonia-comunicacao-condo-intelbras-comunic-48\/\" \/>\n<meta property=\"og:site_name\" content=\"Loja Melhor do Sul Sistemas de Seguran\u00e7a\" \/>\n<meta property=\"article:modified_time\" content=\"2026-03-13T17:47:20+00:00\" \/>\n<meta property=\"og:image\" content=\"https:\/\/www.lojamelhordosul.com.br\/site\/wp-content\/uploads\/2020\/10\/COMUNIC-48.png\" \/>\n\t<meta property=\"og:image:width\" content=\"1508\" \/>\n\t<meta property=\"og:image:height\" content=\"1508\" \/>\n\t<meta property=\"og:image:type\" content=\"image\/png\" \/>\n<meta name=\"twitter:card\" content=\"summary_large_image\" \/>\n<meta name=\"twitter:label1\" content=\"Est. tempo de leitura\" \/>\n\t<meta name=\"twitter:data1\" content=\"2 minutos\" \/>\n<script type=\"application\/ld+json\" class=\"yoast-schema-graph\">{\"@context\":\"https:\\\/\\\/schema.org\",\"@graph\":[{\"@type\":\"WebPage\",\"@id\":\"https:\\\/\\\/www.lojamelhordosul.com.br\\\/site\\\/produto\\\/central-interfonia-comunicacao-condo-intelbras-comunic-48\\\/\",\"url\":\"https:\\\/\\\/www.lojamelhordosul.com.br\\\/site\\\/produto\\\/central-interfonia-comunicacao-condo-intelbras-comunic-48\\\/\",\"name\":\"Central Interfonia Comunica\u00e7\u00e3o Condo Intelbras Comunic 48 - Loja Melhor do Sul Sistemas de Seguran\u00e7a\",\"isPartOf\":{\"@id\":\"https:\\\/\\\/www.lojamelhordosul.com.br\\\/site\\\/#website\"},\"primaryImageOfPage\":{\"@id\":\"https:\\\/\\\/www.lojamelhordosul.com.br\\\/site\\\/produto\\\/central-interfonia-comunicacao-condo-intelbras-comunic-48\\\/#primaryimage\"},\"image\":{\"@id\":\"https:\\\/\\\/www.lojamelhordosul.com.br\\\/site\\\/produto\\\/central-interfonia-comunicacao-condo-intelbras-comunic-48\\\/#primaryimage\"},\"thumbnailUrl\":\"https:\\\/\\\/www.lojamelhordosul.com.br\\\/site\\\/wp-content\\\/uploads\\\/2020\\\/10\\\/COMUNIC-48.png\",\"datePublished\":\"2020-10-08T13:03:20+00:00\",\"dateModified\":\"2026-03-13T17:47:20+00:00\",\"breadcrumb\":{\"@id\":\"https:\\\/\\\/www.lojamelhordosul.com.br\\\/site\\\/produto\\\/central-interfonia-comunicacao-condo-intelbras-comunic-48\\\/#breadcrumb\"},\"inLanguage\":\"pt-BR\",\"potentialAction\":[{\"@type\":\"ReadAction\",\"target\":[\"https:\\\/\\\/www.lojamelhordosul.com.br\\\/site\\\/produto\\\/central-interfonia-comunicacao-condo-intelbras-comunic-48\\\/\"]}]},{\"@type\":\"ImageObject\",\"inLanguage\":\"pt-BR\",\"@id\":\"https:\\\/\\\/www.lojamelhordosul.com.br\\\/site\\\/produto\\\/central-interfonia-comunicacao-condo-intelbras-comunic-48\\\/#primaryimage\",\"url\":\"https:\\\/\\\/www.lojamelhordosul.com.br\\\/site\\\/wp-content\\\/uploads\\\/2020\\\/10\\\/COMUNIC-48.png\",\"contentUrl\":\"https:\\\/\\\/www.lojamelhordosul.com.br\\\/site\\\/wp-content\\\/uploads\\\/2020\\\/10\\\/COMUNIC-48.png\",\"width\":\"1508\",\"height\":\"1508\"},{\"@type\":\"BreadcrumbList\",\"@id\":\"https:\\\/\\\/www.lojamelhordosul.com.br\\\/site\\\/produto\\\/central-interfonia-comunicacao-condo-intelbras-comunic-48\\\/#breadcrumb\",\"itemListElement\":[{\"@type\":\"ListItem\",\"position\":1,\"name\":\"In\u00edcio\",\"item\":\"https:\\\/\\\/www.lojamelhordosul.com.br\\\/site\\\/\"},{\"@type\":\"ListItem\",\"position\":2,\"name\":\"Loja\",\"item\":\"https:\\\/\\\/www.lojamelhordosul.com.br\\\/site\\\/loja\\\/\"},{\"@type\":\"ListItem\",\"position\":3,\"name\":\"Central Interfonia Comunica\u00e7\u00e3o Condo Intelbras Comunic 48\"}]},{\"@type\":\"WebSite\",\"@id\":\"https:\\\/\\\/www.lojamelhordosul.com.br\\\/site\\\/#website\",\"url\":\"https:\\\/\\\/www.lojamelhordosul.com.br\\\/site\\\/\",\"name\":\"Loja Melhor do Sul Sistemas de Seguran\u00e7a\",\"description\":\"Loja Melhor do Sul - Revenda Ouro Intelbras em Porto Alegre\",\"publisher\":{\"@id\":\"https:\\\/\\\/www.lojamelhordosul.com.br\\\/site\\\/#organization\"},\"potentialAction\":[{\"@type\":\"SearchAction\",\"target\":{\"@type\":\"EntryPoint\",\"urlTemplate\":\"https:\\\/\\\/www.lojamelhordosul.com.br\\\/site\\\/?s={search_term_string}\"},\"query-input\":{\"@type\":\"PropertyValueSpecification\",\"valueRequired\":true,\"valueName\":\"search_term_string\"}}],\"inLanguage\":\"pt-BR\"},{\"@type\":\"Organization\",\"@id\":\"https:\\\/\\\/www.lojamelhordosul.com.br\\\/site\\\/#organization\",\"name\":\"Loja Melhor do Sul\",\"url\":\"https:\\\/\\\/www.lojamelhordosul.com.br\\\/site\\\/\",\"logo\":{\"@type\":\"ImageObject\",\"inLanguage\":\"pt-BR\",\"@id\":\"https:\\\/\\\/www.lojamelhordosul.com.br\\\/site\\\/#\\\/schema\\\/logo\\\/image\\\/\",\"url\":\"https:\\\/\\\/www.lojamelhordosul.com.br\\\/site\\\/wp-content\\\/uploads\\\/2019\\\/10\\\/logo-longo-da-loja.png\",\"contentUrl\":\"https:\\\/\\\/www.lojamelhordosul.com.br\\\/site\\\/wp-content\\\/uploads\\\/2019\\\/10\\\/logo-longo-da-loja.png\",\"width\":597,\"height\":114,\"caption\":\"Loja Melhor do Sul\"},\"image\":{\"@id\":\"https:\\\/\\\/www.lojamelhordosul.com.br\\\/site\\\/#\\\/schema\\\/logo\\\/image\\\/\"}}]}<\/script>\n<!-- \/ Yoast SEO plugin. -->","yoast_head_json":{"title":"Central Interfonia Comunica\u00e7\u00e3o Condo Intelbras Comunic 48 - Loja Melhor do Sul Sistemas de Seguran\u00e7a","robots":{"index":"index","follow":"follow","max-snippet":"max-snippet:-1","max-image-preview":"max-image-preview:large","max-video-preview":"max-video-preview:-1"},"canonical":"https:\/\/www.lojamelhordosul.com.br\/site\/produto\/central-interfonia-comunicacao-condo-intelbras-comunic-48\/","og_locale":"pt_BR","og_type":"article","og_title":"Central Interfonia Comunica\u00e7\u00e3o Condo Intelbras Comunic 48 - Loja Melhor do Sul Sistemas de Seguran\u00e7a","og_description":"Uma central de portaria com capacidade para atender solu\u00e7\u00f5es at\u00e9 48 pontos dentro de seu condom\u00ednio, realizando liga\u00e7\u00f5es sem custo entre os ramais.  \u2022 Identifica\u00e7\u00e3o de chamadas nas liga\u00e7\u00f5es entre ramais; \u2022 Programa\u00e7\u00e3o e atualiza\u00e7\u00e3o simples atrav\u00e9s da entrada USB; \u2022 Possui software programador (terminal programador Intelbras \u2013 Maxcom); \u2022 Possui sa\u00edda auxiliar para acionamento; \u2022 Discagem direta e sem custo de ramal para ramal; \u2022 Fun\u00e7\u00e3o P\u00e2nico (sinal de emerg\u00eancia); \u2022 Alterar ou programar numera\u00e7\u00e3o flex\u00edvel direto do apartamento; \u2022 Transfer\u00eancia de liga\u00e7\u00f5es; \u2022 8 enlaces para conversa\u00e7\u00e3o.","og_url":"https:\/\/www.lojamelhordosul.com.br\/site\/produto\/central-interfonia-comunicacao-condo-intelbras-comunic-48\/","og_site_name":"Loja Melhor do Sul Sistemas de Seguran\u00e7a","article_modified_time":"2026-03-13T17:47:20+00:00","og_image":[{"width":1508,"height":1508,"url":"https:\/\/www.lojamelhordosul.com.br\/site\/wp-content\/uploads\/2020\/10\/COMUNIC-48.png","type":"image\/png"}],"twitter_card":"summary_large_image","twitter_misc":{"Est. tempo de leitura":"2 minutos"},"schema":{"@context":"https:\/\/schema.org","@graph":[{"@type":"WebPage","@id":"https:\/\/www.lojamelhordosul.com.br\/site\/produto\/central-interfonia-comunicacao-condo-intelbras-comunic-48\/","url":"https:\/\/www.lojamelhordosul.com.br\/site\/produto\/central-interfonia-comunicacao-condo-intelbras-comunic-48\/","name":"Central Interfonia Comunica\u00e7\u00e3o Condo Intelbras Comunic 48 - Loja Melhor do Sul Sistemas de Seguran\u00e7a","isPartOf":{"@id":"https:\/\/www.lojamelhordosul.com.br\/site\/#website"},"primaryImageOfPage":{"@id":"https:\/\/www.lojamelhordosul.com.br\/site\/produto\/central-interfonia-comunicacao-condo-intelbras-comunic-48\/#primaryimage"},"image":{"@id":"https:\/\/www.lojamelhordosul.com.br\/site\/produto\/central-interfonia-comunicacao-condo-intelbras-comunic-48\/#primaryimage"},"thumbnailUrl":"https:\/\/www.lojamelhordosul.com.br\/site\/wp-content\/uploads\/2020\/10\/COMUNIC-48.png","datePublished":"2020-10-08T13:03:20+00:00","dateModified":"2026-03-13T17:47:20+00:00","breadcrumb":{"@id":"https:\/\/www.lojamelhordosul.com.br\/site\/produto\/central-interfonia-comunicacao-condo-intelbras-comunic-48\/#breadcrumb"},"inLanguage":"pt-BR","potentialAction":[{"@type":"ReadAction","target":["https:\/\/www.lojamelhordosul.com.br\/site\/produto\/central-interfonia-comunicacao-condo-intelbras-comunic-48\/"]}]},{"@type":"ImageObject","inLanguage":"pt-BR","@id":"https:\/\/www.lojamelhordosul.com.br\/site\/produto\/central-interfonia-comunicacao-condo-intelbras-comunic-48\/#primaryimage","url":"https:\/\/www.lojamelhordosul.com.br\/site\/wp-content\/uploads\/2020\/10\/COMUNIC-48.png","contentUrl":"https:\/\/www.lojamelhordosul.com.br\/site\/wp-content\/uploads\/2020\/10\/COMUNIC-48.png","width":"1508","height":"1508"},{"@type":"BreadcrumbList","@id":"https:\/\/www.lojamelhordosul.com.br\/site\/produto\/central-interfonia-comunicacao-condo-intelbras-comunic-48\/#breadcrumb","itemListElement":[{"@type":"ListItem","position":1,"name":"In\u00edcio","item":"https:\/\/www.lojamelhordosul.com.br\/site\/"},{"@type":"ListItem","position":2,"name":"Loja","item":"https:\/\/www.lojamelhordosul.com.br\/site\/loja\/"},{"@type":"ListItem","position":3,"name":"Central Interfonia Comunica\u00e7\u00e3o Condo Intelbras Comunic 48"}]},{"@type":"WebSite","@id":"https:\/\/www.lojamelhordosul.com.br\/site\/#website","url":"https:\/\/www.lojamelhordosul.com.br\/site\/","name":"Loja Melhor do Sul Sistemas de Seguran\u00e7a","description":"Loja Melhor do Sul - Revenda Ouro Intelbras em Porto Alegre","publisher":{"@id":"https:\/\/www.lojamelhordosul.com.br\/site\/#organization"},"potentialAction":[{"@type":"SearchAction","target":{"@type":"EntryPoint","urlTemplate":"https:\/\/www.lojamelhordosul.com.br\/site\/?s={search_term_string}"},"query-input":{"@type":"PropertyValueSpecification","valueRequired":true,"valueName":"search_term_string"}}],"inLanguage":"pt-BR"},{"@type":"Organization","@id":"https:\/\/www.lojamelhordosul.com.br\/site\/#organization","name":"Loja Melhor do Sul","url":"https:\/\/www.lojamelhordosul.com.br\/site\/","logo":{"@type":"ImageObject","inLanguage":"pt-BR","@id":"https:\/\/www.lojamelhordosul.com.br\/site\/#\/schema\/logo\/image\/","url":"https:\/\/www.lojamelhordosul.com.br\/site\/wp-content\/uploads\/2019\/10\/logo-longo-da-loja.png","contentUrl":"https:\/\/www.lojamelhordosul.com.br\/site\/wp-content\/uploads\/2019\/10\/logo-longo-da-loja.png","width":597,"height":114,"caption":"Loja Melhor do Sul"},"image":{"@id":"https:\/\/www.lojamelhordosul.com.br\/site\/#\/schema\/logo\/image\/"}}]}},"_links":{"self":[{"href":"https:\/\/www.lojamelhordosul.com.br\/site\/wp-json\/wp\/v2\/product\/9664","targetHints":{"allow":["GET"]}}],"collection":[{"href":"https:\/\/www.lojamelhordosul.com.br\/site\/wp-json\/wp\/v2\/product"}],"about":[{"href":"https:\/\/www.lojamelhordosul.com.br\/site\/wp-json\/wp\/v2\/types\/product"}],"replies":[{"embeddable":true,"href":"https:\/\/www.lojamelhordosul.com.br\/site\/wp-json\/wp\/v2\/comments?post=9664"}],"wp:featuredmedia":[{"embeddable":true,"href":"https:\/\/www.lojamelhordosul.com.br\/site\/wp-json\/wp\/v2\/media\/9666"}],"wp:attachment":[{"href":"https:\/\/www.lojamelhordosul.com.br\/site\/wp-json\/wp\/v2\/media?parent=9664"}],"wp:term":[{"taxonomy":"product_brand","embeddable":true,"href":"https:\/\/www.lojamelhordosul.com.br\/site\/wp-json\/wp\/v2\/product_brand?post=9664"},{"taxonomy":"product_cat","embeddable":true,"href":"https:\/\/www.lojamelhordosul.com.br\/site\/wp-json\/wp\/v2\/product_cat?post=9664"},{"taxonomy":"product_tag","embeddable":true,"href":"https:\/\/www.lojamelhordosul.com.br\/site\/wp-json\/wp\/v2\/product_tag?post=9664"}],"curies":[{"name":"wp","href":"https:\/\/api.w.org\/{rel}","templated":true}]}}