{"id":9672,"date":"2020-10-08T13:19:12","date_gmt":"2020-10-08T16:19:12","guid":{"rendered":"https:\/\/www.lojamelhordosul.com.br\/site\/?post_type=product&#038;p=9672"},"modified":"2026-03-13T14:44:54","modified_gmt":"2026-03-13T17:44:54","slug":"sensor-infravermelho-ativo-intelbras-iva-7100-octa-8-feixes","status":"publish","type":"product","link":"https:\/\/www.lojamelhordosul.com.br\/site\/produto\/sensor-infravermelho-ativo-intelbras-iva-7100-octa-8-feixes\/","title":{"rendered":"Sensor Infravermelho Ativo Intelbras Iva 7100 Octa 8 Feixes"},"content":{"rendered":"<div class=\"wpb-content-wrapper\"><div class=\"vc_row wpb_row vc_row-fluid\"><div class=\"container\"><div class=\"row\"><div class=\"wpb_column vc_column_container vc_col-md-12\"><div class=\"vc_column-inner \"><div class=\"wpb_wrapper\"><div class=\"wpb_single_image widget wpb_content_element vc_align_center\">\r\n\t\t\r\n\t\t<figure class=\"wpb_wrapper vc_figure\">\r\n\t\t\t<div class=\"vc_single_image-wrapper   vc_box_border_grey\"><img decoding=\"async\" class=\"vc_single_image-img\"  src=\"https:\/\/www.lojamelhordosul.com.br\/site\/wp-content\/uploads\/2020\/06\/Logo-Site-2020.png\" \/><\/div>\r\n\t\t<div class=\"description\">\r\n\t\t\t\r\n\t\t<\/div>\r\n\t\r\n\t\t<\/figure>\r\n\t<\/div><\/div><\/div><\/div><\/div><\/div><\/div><div class=\"vc_row wpb_row vc_row-fluid\"><div class=\"container\"><div class=\"row\"><div class=\"wpb_column vc_column_container vc_col-md-6\"><div class=\"vc_column-inner \"><div class=\"wpb_wrapper\">\n\t<div class=\"wpb_text_column wpb_content_element\" >\n\t\t<div class=\"wpb_wrapper\">\n\t\t\t<div class=\"mt2 mb2 \">\n<h2 class=\"weight--small-300 weight--large-200 h3\">Mais seguran\u00e7a para o seu ambiente<\/h2>\n<\/div>\n<div class=\"text text--300\">\n<div class=\"block-template overflow-hidden\">\n<p>Com uma cerca virtual de at\u00e9 100 metros de extens\u00e3o, oferece prote\u00e7\u00e3o completa do per\u00edmetro.<\/p>\n<\/div>\n<\/div>\n\n\t\t<\/div>\n\t<\/div>\n<\/div><\/div><\/div><div class=\"wpb_column vc_column_container vc_col-md-6\"><div class=\"vc_column-inner \"><div class=\"wpb_wrapper\"><div class=\"wpb_single_image widget wpb_content_element vc_align_left\">\r\n\t\t\r\n\t\t<figure class=\"wpb_wrapper vc_figure\">\r\n\t\t\t<div class=\"vc_single_image-wrapper   vc_box_border_grey\"><img decoding=\"async\" class=\"vc_single_image-img\"  src=\"https:\/\/backend.intelbras.com\/sites\/default\/files\/styles\/large\/public\/2020-01\/1799---FINAL----Flyer-Digital-IVA-7100-OCTA_06.jpg\" \/><\/div>\r\n\t\t<div class=\"description\">\r\n\t\t\t\r\n\t\t<\/div>\r\n\t\r\n\t\t<\/figure>\r\n\t<\/div><\/div><\/div><\/div><\/div><\/div><\/div><div class=\"vc_row wpb_row vc_row-fluid\"><div class=\"container\"><div class=\"row\"><div class=\"wpb_column vc_column_container vc_col-md-6\"><div class=\"vc_column-inner \"><div class=\"wpb_wrapper\"><div class=\"wpb_single_image widget wpb_content_element vc_align_left\">\r\n\t\t\r\n\t\t<figure class=\"wpb_wrapper vc_figure\">\r\n\t\t\t<div class=\"vc_single_image-wrapper   vc_box_border_grey\"><img decoding=\"async\" class=\"vc_single_image-img\"  src=\"https:\/\/backend.intelbras.com\/sites\/default\/files\/styles\/large\/public\/2020-01\/1799---FINAL----Flyer-Digital-IVA-7100-OCTA_09.jpg\" \/><\/div>\r\n\t\t<div class=\"description\">\r\n\t\t\t\r\n\t\t<\/div>\r\n\t\r\n\t\t<\/figure>\r\n\t<\/div><\/div><\/div><\/div><div class=\"wpb_column vc_column_container vc_col-md-6\"><div class=\"vc_column-inner \"><div class=\"wpb_wrapper\">\n\t<div class=\"wpb_text_column wpb_content_element\" >\n\t\t<div class=\"wpb_wrapper\">\n\t\t\t<div class=\"mt2 mb2 \">\n<h2 class=\"weight--small-300 weight--large-200 h3\">Para ambientes internos, semiabertos e externos<\/h2>\n<\/div>\n<div class=\"text text--300\">\n<div class=\"block-template overflow-hidden\">\n<p>Por ter tecnologia avan\u00e7ada e grau de prote\u00e7\u00e3o IP65, o sensor se adequa a diversas condi\u00e7\u00f5es clim\u00e1ticas, evitando que ocorram disparos indesejados.<\/p>\n<\/div>\n<\/div>\n\n\t\t<\/div>\n\t<\/div>\n<\/div><\/div><\/div><\/div><\/div><\/div><div class=\"vc_row wpb_row vc_row-fluid\"><div class=\"container\"><div class=\"row\"><div class=\"wpb_column vc_column_container vc_col-md-6\"><div class=\"vc_column-inner \"><div class=\"wpb_wrapper\">\n\t<div class=\"wpb_text_column wpb_content_element\" >\n\t\t<div class=\"wpb_wrapper\">\n\t\t\t<div class=\"mt2 mb2 \">\n<h2 class=\"weight--small-300 weight--large-200 h3\">Mais agilidade e praticidade<\/h2>\n<\/div>\n<div class=\"text text--300\">\n<div class=\"block-template overflow-hidden\">\n<p>Pr\u00e1ticos e \u00e1geis, os sensores da linha IVA 7100 oferecem maior facilidade na instala\u00e7\u00e3o com sinaliza\u00e7\u00e3o de alinhamento sonoro.<\/p>\n<\/div>\n<\/div>\n\n\t\t<\/div>\n\t<\/div>\n<\/div><\/div><\/div><div class=\"wpb_column vc_column_container vc_col-md-6\"><div class=\"vc_column-inner \"><div class=\"wpb_wrapper\"><div class=\"wpb_single_image widget wpb_content_element vc_align_left\">\r\n\t\t\r\n\t\t<figure class=\"wpb_wrapper vc_figure\">\r\n\t\t\t<div class=\"vc_single_image-wrapper   vc_box_border_grey\"><img decoding=\"async\" class=\"vc_single_image-img\"  src=\"https:\/\/backend.intelbras.com\/sites\/default\/files\/styles\/large\/public\/2020-01\/1799---FINAL----Flyer-Digital-IVA-7100-OCTA_12.jpg\" \/><\/div>\r\n\t\t<div class=\"description\">\r\n\t\t\t\r\n\t\t<\/div>\r\n\t\r\n\t\t<\/figure>\r\n\t<\/div><\/div><\/div><\/div><\/div><\/div><\/div><div class=\"vc_row wpb_row vc_row-fluid\"><div class=\"container\"><div class=\"row\"><div class=\"wpb_column vc_column_container vc_col-md-6\"><div class=\"vc_column-inner \"><div class=\"wpb_wrapper\"><div class=\"wpb_single_image widget wpb_content_element vc_align_left\">\r\n\t\t\r\n\t\t<figure class=\"wpb_wrapper vc_figure\">\r\n\t\t\t<div class=\"vc_single_image-wrapper   vc_box_border_grey\"><img decoding=\"async\" class=\"vc_single_image-img\"  src=\"https:\/\/backend.intelbras.com\/sites\/default\/files\/styles\/large\/public\/2020-01\/1799---FINAL----Flyer-Digital-IVA-7100-OCTA_14.jpg\" \/><\/div>\r\n\t\t<div class=\"description\">\r\n\t\t\t\r\n\t\t<\/div>\r\n\t\r\n\t\t<\/figure>\r\n\t<\/div><\/div><\/div><\/div><div class=\"wpb_column vc_column_container vc_col-md-6\"><div class=\"vc_column-inner \"><div class=\"wpb_wrapper\">\n\t<div class=\"wpb_text_column wpb_content_element\" >\n\t\t<div class=\"wpb_wrapper\">\n\t\t\t<div class=\"mt2 mb2 \">\n<h2 class=\"weight--small-300 weight--large-200 h3\">Prote\u00e7\u00e3o segura e sem interfer\u00eancias entre os sensores<\/h2>\n<\/div>\n<div class=\"text text--300\">\n<div class=\"block-template overflow-hidden\">\n<p>Com 2 n\u00edveis de frequ\u00eancia, configure os pares do sensor para diferentes necessidades, evitando a ocorr\u00eancia de interfer\u00eancia no funcionamento.<\/p>\n<\/div>\n<\/div>\n\n\t\t<\/div>\n\t<\/div>\n<\/div><\/div><\/div><\/div><\/div><\/div><div class=\"vc_row wpb_row vc_row-fluid\"><div class=\"container\"><div class=\"row\"><div class=\"wpb_column vc_column_container vc_col-md-6\"><div class=\"vc_column-inner \"><div class=\"wpb_wrapper\">\n\t<div class=\"wpb_text_column wpb_content_element\" >\n\t\t<div class=\"wpb_wrapper\">\n\t\t\t<div class=\"mt2 mb2 \">\n<h2 class=\"weight--small-300 weight--large-200 h3\">Disparo com interrup\u00e7\u00e3o de dois feixes adjacentes<\/h2>\n<\/div>\n<div class=\"text text--300\">\n<div class=\"block-template overflow-hidden\">\n<p>Com maior n\u00famero de feixes, evita disparos acidentais com p\u00e1ssaros e animais de pequeno porte.<\/p>\n<p>*Consultar manual para mais detalhes.<\/p>\n<\/div>\n<\/div>\n\n\t\t<\/div>\n\t<\/div>\n<\/div><\/div><\/div><div class=\"wpb_column vc_column_container vc_col-md-6\"><div class=\"vc_column-inner \"><div class=\"wpb_wrapper\"><div class=\"wpb_single_image widget wpb_content_element vc_align_left\">\r\n\t\t\r\n\t\t<figure class=\"wpb_wrapper vc_figure\">\r\n\t\t\t<div class=\"vc_single_image-wrapper   vc_box_border_grey\"><img decoding=\"async\" class=\"vc_single_image-img\"  src=\"https:\/\/backend.intelbras.com\/sites\/default\/files\/styles\/large\/public\/2020-02\/2230-Altera%C3%A7%C3%A3o-Flyer-Digital-IVA-7100-OCTA_16.jpg\" \/><\/div>\r\n\t\t<div class=\"description\">\r\n\t\t\t\r\n\t\t<\/div>\r\n\t\r\n\t\t<\/figure>\r\n\t<\/div><\/div><\/div><\/div><\/div><\/div><\/div>\n<\/div>","protected":false},"excerpt":{"rendered":"<p>Com 8 feixes infravermelhos, o sensor IVA 7100 Octa projeta uma barreira de prote\u00e7\u00e3o para ambientes com grande varia\u00e7\u00e3o clim\u00e1tica.<br \/>\nAtrav\u00e9s da tecnologia de feixes infravermelhos cruzados permite a instala\u00e7\u00e3o de at\u00e9 2 sensores empilhados, podendo atingir alcance<br \/>\nvertical de 2,80 metros.<br \/>\nCom 4 n\u00edveis de ajuste de pot\u00eancia, garante a intensidade do sinal e evita disparos acidentais.<\/p>\n<p>Caracter\u00edsticas:<br \/>\nIndicado para ambientes internos, semi-abertos ou externos<br \/>\nAlcance de at\u00e9 100 metros<br \/>\nAjuste de pot\u00eancia com 4 n\u00edveis<br \/>\nDetec\u00e7\u00e3o por bloqueio de feixes adjacentes<br \/>\nSincronismo atrav\u00e9s de cabo<br \/>\nProte\u00e7\u00e3o IP 65<\/p>\n<p>Alinhamento por sinal sonoro<br \/>\n8 feixes infravermelhos<br \/>\n2 canais de frequ\u00eancia<\/p>\n","protected":false},"featured_media":9673,"comment_status":"open","ping_status":"closed","template":"","meta":[],"product_brand":[],"product_cat":[2736,2742,2739],"product_tag":[],"class_list":{"0":"post-9672","1":"product","2":"type-product","3":"status-publish","4":"has-post-thumbnail","6":"product_cat-linha-de-alarmes","7":"product_cat-sensores-de-alarme-barreira","8":"product_cat-sensores-de-alarme","10":"first","11":"instock","12":"sale","13":"shipping-taxable","14":"purchasable","15":"product-type-simple"},"yoast_head":"<!-- This site is optimized with the Yoast SEO plugin v27.3 - https:\/\/yoast.com\/product\/yoast-seo-wordpress\/ -->\n<title>Sensor Infravermelho Ativo Intelbras Iva 7100 Octa 8 Feixes - Loja Melhor do Sul Sistemas de Seguran\u00e7a<\/title>\n<meta name=\"robots\" content=\"index, follow, max-snippet:-1, max-image-preview:large, max-video-preview:-1\" \/>\n<link rel=\"canonical\" href=\"https:\/\/www.lojamelhordosul.com.br\/site\/produto\/sensor-infravermelho-ativo-intelbras-iva-7100-octa-8-feixes\/\" \/>\n<meta property=\"og:locale\" content=\"pt_BR\" \/>\n<meta property=\"og:type\" content=\"article\" \/>\n<meta property=\"og:title\" content=\"Sensor Infravermelho Ativo Intelbras Iva 7100 Octa 8 Feixes - Loja Melhor do Sul Sistemas de Seguran\u00e7a\" \/>\n<meta property=\"og:description\" content=\"Com 8 feixes infravermelhos, o sensor IVA 7100 Octa projeta uma barreira de prote\u00e7\u00e3o para ambientes com grande varia\u00e7\u00e3o clim\u00e1tica. Atrav\u00e9s da tecnologia de feixes infravermelhos cruzados permite a instala\u00e7\u00e3o de at\u00e9 2 sensores empilhados, podendo atingir alcance vertical de 2,80 metros. Com 4 n\u00edveis de ajuste de pot\u00eancia, garante a intensidade do sinal e evita disparos acidentais.  Caracter\u00edsticas: Indicado para ambientes internos, semi-abertos ou externos Alcance de at\u00e9 100 metros Ajuste de pot\u00eancia com 4 n\u00edveis Detec\u00e7\u00e3o por bloqueio de feixes adjacentes Sincronismo atrav\u00e9s de cabo Prote\u00e7\u00e3o IP 65  Alinhamento por sinal sonoro 8 feixes infravermelhos 2 canais de frequ\u00eancia\" \/>\n<meta property=\"og:url\" content=\"https:\/\/www.lojamelhordosul.com.br\/site\/produto\/sensor-infravermelho-ativo-intelbras-iva-7100-octa-8-feixes\/\" \/>\n<meta property=\"og:site_name\" content=\"Loja Melhor do Sul Sistemas de Seguran\u00e7a\" \/>\n<meta property=\"article:modified_time\" content=\"2026-03-13T17:44:54+00:00\" \/>\n<meta property=\"og:image\" content=\"https:\/\/www.lojamelhordosul.com.br\/site\/wp-content\/uploads\/2020\/10\/IVA-7100-Octa.jpeg\" \/>\n\t<meta property=\"og:image:width\" content=\"1000\" \/>\n\t<meta property=\"og:image:height\" content=\"1000\" \/>\n\t<meta property=\"og:image:type\" content=\"image\/jpeg\" \/>\n<meta name=\"twitter:card\" content=\"summary_large_image\" \/>\n<meta name=\"twitter:label1\" content=\"Est. tempo de leitura\" \/>\n\t<meta name=\"twitter:data1\" content=\"2 minutos\" \/>\n<script type=\"application\/ld+json\" class=\"yoast-schema-graph\">{\"@context\":\"https:\\\/\\\/schema.org\",\"@graph\":[{\"@type\":\"WebPage\",\"@id\":\"https:\\\/\\\/www.lojamelhordosul.com.br\\\/site\\\/produto\\\/sensor-infravermelho-ativo-intelbras-iva-7100-octa-8-feixes\\\/\",\"url\":\"https:\\\/\\\/www.lojamelhordosul.com.br\\\/site\\\/produto\\\/sensor-infravermelho-ativo-intelbras-iva-7100-octa-8-feixes\\\/\",\"name\":\"Sensor Infravermelho Ativo Intelbras Iva 7100 Octa 8 Feixes - Loja Melhor do Sul Sistemas de Seguran\u00e7a\",\"isPartOf\":{\"@id\":\"https:\\\/\\\/www.lojamelhordosul.com.br\\\/site\\\/#website\"},\"primaryImageOfPage\":{\"@id\":\"https:\\\/\\\/www.lojamelhordosul.com.br\\\/site\\\/produto\\\/sensor-infravermelho-ativo-intelbras-iva-7100-octa-8-feixes\\\/#primaryimage\"},\"image\":{\"@id\":\"https:\\\/\\\/www.lojamelhordosul.com.br\\\/site\\\/produto\\\/sensor-infravermelho-ativo-intelbras-iva-7100-octa-8-feixes\\\/#primaryimage\"},\"thumbnailUrl\":\"https:\\\/\\\/www.lojamelhordosul.com.br\\\/site\\\/wp-content\\\/uploads\\\/2020\\\/10\\\/IVA-7100-Octa.jpeg\",\"datePublished\":\"2020-10-08T16:19:12+00:00\",\"dateModified\":\"2026-03-13T17:44:54+00:00\",\"breadcrumb\":{\"@id\":\"https:\\\/\\\/www.lojamelhordosul.com.br\\\/site\\\/produto\\\/sensor-infravermelho-ativo-intelbras-iva-7100-octa-8-feixes\\\/#breadcrumb\"},\"inLanguage\":\"pt-BR\",\"potentialAction\":[{\"@type\":\"ReadAction\",\"target\":[\"https:\\\/\\\/www.lojamelhordosul.com.br\\\/site\\\/produto\\\/sensor-infravermelho-ativo-intelbras-iva-7100-octa-8-feixes\\\/\"]}]},{\"@type\":\"ImageObject\",\"inLanguage\":\"pt-BR\",\"@id\":\"https:\\\/\\\/www.lojamelhordosul.com.br\\\/site\\\/produto\\\/sensor-infravermelho-ativo-intelbras-iva-7100-octa-8-feixes\\\/#primaryimage\",\"url\":\"https:\\\/\\\/www.lojamelhordosul.com.br\\\/site\\\/wp-content\\\/uploads\\\/2020\\\/10\\\/IVA-7100-Octa.jpeg\",\"contentUrl\":\"https:\\\/\\\/www.lojamelhordosul.com.br\\\/site\\\/wp-content\\\/uploads\\\/2020\\\/10\\\/IVA-7100-Octa.jpeg\",\"width\":\"1000\",\"height\":\"1000\"},{\"@type\":\"BreadcrumbList\",\"@id\":\"https:\\\/\\\/www.lojamelhordosul.com.br\\\/site\\\/produto\\\/sensor-infravermelho-ativo-intelbras-iva-7100-octa-8-feixes\\\/#breadcrumb\",\"itemListElement\":[{\"@type\":\"ListItem\",\"position\":1,\"name\":\"In\u00edcio\",\"item\":\"https:\\\/\\\/www.lojamelhordosul.com.br\\\/site\\\/\"},{\"@type\":\"ListItem\",\"position\":2,\"name\":\"Loja\",\"item\":\"https:\\\/\\\/www.lojamelhordosul.com.br\\\/site\\\/loja\\\/\"},{\"@type\":\"ListItem\",\"position\":3,\"name\":\"Sensor Infravermelho Ativo Intelbras Iva 7100 Octa 8 Feixes\"}]},{\"@type\":\"WebSite\",\"@id\":\"https:\\\/\\\/www.lojamelhordosul.com.br\\\/site\\\/#website\",\"url\":\"https:\\\/\\\/www.lojamelhordosul.com.br\\\/site\\\/\",\"name\":\"Loja Melhor do Sul Sistemas de Seguran\u00e7a\",\"description\":\"Loja Melhor do Sul - Revenda Ouro Intelbras em Porto Alegre\",\"publisher\":{\"@id\":\"https:\\\/\\\/www.lojamelhordosul.com.br\\\/site\\\/#organization\"},\"potentialAction\":[{\"@type\":\"SearchAction\",\"target\":{\"@type\":\"EntryPoint\",\"urlTemplate\":\"https:\\\/\\\/www.lojamelhordosul.com.br\\\/site\\\/?s={search_term_string}\"},\"query-input\":{\"@type\":\"PropertyValueSpecification\",\"valueRequired\":true,\"valueName\":\"search_term_string\"}}],\"inLanguage\":\"pt-BR\"},{\"@type\":\"Organization\",\"@id\":\"https:\\\/\\\/www.lojamelhordosul.com.br\\\/site\\\/#organization\",\"name\":\"Loja Melhor do Sul\",\"url\":\"https:\\\/\\\/www.lojamelhordosul.com.br\\\/site\\\/\",\"logo\":{\"@type\":\"ImageObject\",\"inLanguage\":\"pt-BR\",\"@id\":\"https:\\\/\\\/www.lojamelhordosul.com.br\\\/site\\\/#\\\/schema\\\/logo\\\/image\\\/\",\"url\":\"https:\\\/\\\/www.lojamelhordosul.com.br\\\/site\\\/wp-content\\\/uploads\\\/2019\\\/10\\\/logo-longo-da-loja.png\",\"contentUrl\":\"https:\\\/\\\/www.lojamelhordosul.com.br\\\/site\\\/wp-content\\\/uploads\\\/2019\\\/10\\\/logo-longo-da-loja.png\",\"width\":597,\"height\":114,\"caption\":\"Loja Melhor do Sul\"},\"image\":{\"@id\":\"https:\\\/\\\/www.lojamelhordosul.com.br\\\/site\\\/#\\\/schema\\\/logo\\\/image\\\/\"}}]}<\/script>\n<!-- \/ Yoast SEO plugin. -->","yoast_head_json":{"title":"Sensor Infravermelho Ativo Intelbras Iva 7100 Octa 8 Feixes - Loja Melhor do Sul Sistemas de Seguran\u00e7a","robots":{"index":"index","follow":"follow","max-snippet":"max-snippet:-1","max-image-preview":"max-image-preview:large","max-video-preview":"max-video-preview:-1"},"canonical":"https:\/\/www.lojamelhordosul.com.br\/site\/produto\/sensor-infravermelho-ativo-intelbras-iva-7100-octa-8-feixes\/","og_locale":"pt_BR","og_type":"article","og_title":"Sensor Infravermelho Ativo Intelbras Iva 7100 Octa 8 Feixes - Loja Melhor do Sul Sistemas de Seguran\u00e7a","og_description":"Com 8 feixes infravermelhos, o sensor IVA 7100 Octa projeta uma barreira de prote\u00e7\u00e3o para ambientes com grande varia\u00e7\u00e3o clim\u00e1tica. Atrav\u00e9s da tecnologia de feixes infravermelhos cruzados permite a instala\u00e7\u00e3o de at\u00e9 2 sensores empilhados, podendo atingir alcance vertical de 2,80 metros. Com 4 n\u00edveis de ajuste de pot\u00eancia, garante a intensidade do sinal e evita disparos acidentais.  Caracter\u00edsticas: Indicado para ambientes internos, semi-abertos ou externos Alcance de at\u00e9 100 metros Ajuste de pot\u00eancia com 4 n\u00edveis Detec\u00e7\u00e3o por bloqueio de feixes adjacentes Sincronismo atrav\u00e9s de cabo Prote\u00e7\u00e3o IP 65  Alinhamento por sinal sonoro 8 feixes infravermelhos 2 canais de frequ\u00eancia","og_url":"https:\/\/www.lojamelhordosul.com.br\/site\/produto\/sensor-infravermelho-ativo-intelbras-iva-7100-octa-8-feixes\/","og_site_name":"Loja Melhor do Sul Sistemas de Seguran\u00e7a","article_modified_time":"2026-03-13T17:44:54+00:00","og_image":[{"width":1000,"height":1000,"url":"https:\/\/www.lojamelhordosul.com.br\/site\/wp-content\/uploads\/2020\/10\/IVA-7100-Octa.jpeg","type":"image\/jpeg"}],"twitter_card":"summary_large_image","twitter_misc":{"Est. tempo de leitura":"2 minutos"},"schema":{"@context":"https:\/\/schema.org","@graph":[{"@type":"WebPage","@id":"https:\/\/www.lojamelhordosul.com.br\/site\/produto\/sensor-infravermelho-ativo-intelbras-iva-7100-octa-8-feixes\/","url":"https:\/\/www.lojamelhordosul.com.br\/site\/produto\/sensor-infravermelho-ativo-intelbras-iva-7100-octa-8-feixes\/","name":"Sensor Infravermelho Ativo Intelbras Iva 7100 Octa 8 Feixes - Loja Melhor do Sul Sistemas de Seguran\u00e7a","isPartOf":{"@id":"https:\/\/www.lojamelhordosul.com.br\/site\/#website"},"primaryImageOfPage":{"@id":"https:\/\/www.lojamelhordosul.com.br\/site\/produto\/sensor-infravermelho-ativo-intelbras-iva-7100-octa-8-feixes\/#primaryimage"},"image":{"@id":"https:\/\/www.lojamelhordosul.com.br\/site\/produto\/sensor-infravermelho-ativo-intelbras-iva-7100-octa-8-feixes\/#primaryimage"},"thumbnailUrl":"https:\/\/www.lojamelhordosul.com.br\/site\/wp-content\/uploads\/2020\/10\/IVA-7100-Octa.jpeg","datePublished":"2020-10-08T16:19:12+00:00","dateModified":"2026-03-13T17:44:54+00:00","breadcrumb":{"@id":"https:\/\/www.lojamelhordosul.com.br\/site\/produto\/sensor-infravermelho-ativo-intelbras-iva-7100-octa-8-feixes\/#breadcrumb"},"inLanguage":"pt-BR","potentialAction":[{"@type":"ReadAction","target":["https:\/\/www.lojamelhordosul.com.br\/site\/produto\/sensor-infravermelho-ativo-intelbras-iva-7100-octa-8-feixes\/"]}]},{"@type":"ImageObject","inLanguage":"pt-BR","@id":"https:\/\/www.lojamelhordosul.com.br\/site\/produto\/sensor-infravermelho-ativo-intelbras-iva-7100-octa-8-feixes\/#primaryimage","url":"https:\/\/www.lojamelhordosul.com.br\/site\/wp-content\/uploads\/2020\/10\/IVA-7100-Octa.jpeg","contentUrl":"https:\/\/www.lojamelhordosul.com.br\/site\/wp-content\/uploads\/2020\/10\/IVA-7100-Octa.jpeg","width":"1000","height":"1000"},{"@type":"BreadcrumbList","@id":"https:\/\/www.lojamelhordosul.com.br\/site\/produto\/sensor-infravermelho-ativo-intelbras-iva-7100-octa-8-feixes\/#breadcrumb","itemListElement":[{"@type":"ListItem","position":1,"name":"In\u00edcio","item":"https:\/\/www.lojamelhordosul.com.br\/site\/"},{"@type":"ListItem","position":2,"name":"Loja","item":"https:\/\/www.lojamelhordosul.com.br\/site\/loja\/"},{"@type":"ListItem","position":3,"name":"Sensor Infravermelho Ativo Intelbras Iva 7100 Octa 8 Feixes"}]},{"@type":"WebSite","@id":"https:\/\/www.lojamelhordosul.com.br\/site\/#website","url":"https:\/\/www.lojamelhordosul.com.br\/site\/","name":"Loja Melhor do Sul Sistemas de Seguran\u00e7a","description":"Loja Melhor do Sul - Revenda Ouro Intelbras em Porto Alegre","publisher":{"@id":"https:\/\/www.lojamelhordosul.com.br\/site\/#organization"},"potentialAction":[{"@type":"SearchAction","target":{"@type":"EntryPoint","urlTemplate":"https:\/\/www.lojamelhordosul.com.br\/site\/?s={search_term_string}"},"query-input":{"@type":"PropertyValueSpecification","valueRequired":true,"valueName":"search_term_string"}}],"inLanguage":"pt-BR"},{"@type":"Organization","@id":"https:\/\/www.lojamelhordosul.com.br\/site\/#organization","name":"Loja Melhor do Sul","url":"https:\/\/www.lojamelhordosul.com.br\/site\/","logo":{"@type":"ImageObject","inLanguage":"pt-BR","@id":"https:\/\/www.lojamelhordosul.com.br\/site\/#\/schema\/logo\/image\/","url":"https:\/\/www.lojamelhordosul.com.br\/site\/wp-content\/uploads\/2019\/10\/logo-longo-da-loja.png","contentUrl":"https:\/\/www.lojamelhordosul.com.br\/site\/wp-content\/uploads\/2019\/10\/logo-longo-da-loja.png","width":597,"height":114,"caption":"Loja Melhor do Sul"},"image":{"@id":"https:\/\/www.lojamelhordosul.com.br\/site\/#\/schema\/logo\/image\/"}}]}},"_links":{"self":[{"href":"https:\/\/www.lojamelhordosul.com.br\/site\/wp-json\/wp\/v2\/product\/9672","targetHints":{"allow":["GET"]}}],"collection":[{"href":"https:\/\/www.lojamelhordosul.com.br\/site\/wp-json\/wp\/v2\/product"}],"about":[{"href":"https:\/\/www.lojamelhordosul.com.br\/site\/wp-json\/wp\/v2\/types\/product"}],"replies":[{"embeddable":true,"href":"https:\/\/www.lojamelhordosul.com.br\/site\/wp-json\/wp\/v2\/comments?post=9672"}],"wp:featuredmedia":[{"embeddable":true,"href":"https:\/\/www.lojamelhordosul.com.br\/site\/wp-json\/wp\/v2\/media\/9673"}],"wp:attachment":[{"href":"https:\/\/www.lojamelhordosul.com.br\/site\/wp-json\/wp\/v2\/media?parent=9672"}],"wp:term":[{"taxonomy":"product_brand","embeddable":true,"href":"https:\/\/www.lojamelhordosul.com.br\/site\/wp-json\/wp\/v2\/product_brand?post=9672"},{"taxonomy":"product_cat","embeddable":true,"href":"https:\/\/www.lojamelhordosul.com.br\/site\/wp-json\/wp\/v2\/product_cat?post=9672"},{"taxonomy":"product_tag","embeddable":true,"href":"https:\/\/www.lojamelhordosul.com.br\/site\/wp-json\/wp\/v2\/product_tag?post=9672"}],"curies":[{"name":"wp","href":"https:\/\/api.w.org\/{rel}","templated":true}]}}