{"id":9691,"date":"2020-10-15T11:06:39","date_gmt":"2020-10-15T14:06:39","guid":{"rendered":"https:\/\/www.lojamelhordosul.com.br\/site\/?post_type=product&#038;p=9691"},"modified":"2026-03-13T14:41:28","modified_gmt":"2026-03-13T17:41:28","slug":"placa-atendedora-disa-modulare-conecta-intelbras","status":"publish","type":"product","link":"https:\/\/www.lojamelhordosul.com.br\/site\/produto\/placa-atendedora-disa-modulare-conecta-intelbras\/","title":{"rendered":"Placa Atendedora Disa Modulare + \/ Conecta + Intelbras"},"content":{"rendered":"<div class=\"wpb-content-wrapper\"><div class=\"vc_row wpb_row vc_row-fluid\"><div class=\"container\"><div class=\"row\"><div class=\"wpb_column vc_column_container vc_col-md-12\"><div class=\"vc_column-inner \"><div class=\"wpb_wrapper\"><div class=\"wpb_single_image widget wpb_content_element vc_align_center\">\r\n\t\t\r\n\t\t<figure class=\"wpb_wrapper vc_figure\">\r\n\t\t\t<div class=\"vc_single_image-wrapper   vc_box_border_grey\"><img decoding=\"async\" class=\"vc_single_image-img\"  src=\"https:\/\/www.lojamelhordosul.com.br\/site\/wp-content\/uploads\/2020\/06\/Logo-Site-2020.png\" \/><\/div>\r\n\t\t<div class=\"description\">\r\n\t\t\t\r\n\t\t<\/div>\r\n\t\r\n\t\t<\/figure>\r\n\t<\/div><\/div><\/div><\/div><\/div><\/div><\/div><div class=\"vc_row wpb_row vc_row-fluid\"><div class=\"container\"><div class=\"row\"><div class=\"wpb_column vc_column_container vc_col-md-12\"><div class=\"vc_column-inner \"><div class=\"wpb_wrapper\">\n\t<div class=\"wpb_text_column wpb_content_element\" >\n\t\t<div class=\"wpb_wrapper\">\n\t\t\t<h1><strong>Placa Atendedor Digital Intelbras URA DISA Modulare Mais<\/strong><\/h1>\n<p>Projetada com alta tecnologia para garantir m\u00e1xima qualidade na expans\u00e3o ou profissionaliza\u00e7\u00e3o da comunica\u00e7\u00e3o. Equipada com processadores modernos, capazes de executar todas as facilidades de maneira r\u00e1pida e confi\u00e1vel, ideal para micro e pequenas empresas.<\/p>\n<h2><strong>Caracter\u00edsticas<\/strong><\/h2>\n<p>&nbsp;<\/p>\n<p>&nbsp;<\/p>\n<p>&#8211; Capacidade m\u00ednima: 2 linhas e 4 ramais<br \/>\n&#8211; Capacidade m\u00e1xima: 4 linhas e 12 ramais anal\u00f3gicos fixos + 5 ramais DECT<br \/>\n&#8211; Modularidade: &#8211; 4 ramais por Placa ramal<br \/>\n&#8211; 1 tronco por Placa tronco<br \/>\n&#8211; Slots: 2 slots universais para placas acess\u00f3rios<br \/>\n&#8211; Enlaces: &#8211; 2 enlaces fixos\/interno<br \/>\n&#8211; 4 enlaces vari\u00e1veis (um enlace para cada placa tronco, por\u00e9m, quando n\u00e3o existe placa tronco conectada no slot a posi\u00e7\u00e3o torna-se enlace interno)<br \/>\n&#8211; Numera\u00e7\u00e3o dos ramais: &#8211; Ramais fixos: 20 ao 30 e o 36<br \/>\n&#8211; Ramais DECTs: 31 ao 35<br \/>\nOs ramais 20 e 23 s\u00e3o os ramais principais, atrav\u00e9s deles ser\u00e3o realizadas todas as programa\u00e7\u00f5es do PABX<br \/>\n&#8211; Frequ\u00eancia operacional da placa: DECT 1910 a 1920 MHz<br \/>\n&#8211; Protocolo de RF: DECT 6.0<br \/>\n&#8211; Tipo de antena: Interna e externa<br \/>\n&#8211; N\u00edvel de sinal: 23 dBm<br \/>\n&#8211; Sinaliza\u00e7\u00e3o: Dec\u00e1dico (DC\/pulso) e Multifrequencial (MF\/tom)<br \/>\n&#8211; Alcance dos ramais anal\u00f3gicos: 1100 (incluindo o telefone)<br \/>\n&#8211; Alcance das linhas: 2000<br \/>\n&#8211; Alimenta\u00e7\u00e3o AC Fonte interna &#8211; 100 a 240 V, 50 ou 60 Hz full range (autom\u00e1tico)<br \/>\n&#8211; Prote\u00e7\u00e3o de programa\u00e7\u00e3o: Programa\u00e7\u00e3o salva em mem\u00f3ria n\u00e3o vol\u00e1til e bateria para manter o hor\u00e1rio da central<br \/>\n&#8211; Prote\u00e7\u00e3o el\u00e9trica: A central possui prote\u00e7\u00e3o contra transientes nas entradas de tronco (juntor) e alimenta\u00e7\u00e3o AC<br \/>\n&#8211; Na falta de energia: as linhas 1, 2, 3 e 4 s\u00e3o acopladas aos ramais 20, 21, 22 e 23 respectivamente<br \/>\n&#8211; Pot\u00eancia m\u00e1xima: 30 W<br \/>\n&#8211; Dimens\u00f5es (L x A x P) 270 x 210 x 70 mm<br \/>\n&#8211; Peso: 940 g<br \/>\n&#8211; Temperatura recomendada 0 \u00b0C a 40 \u00b0C.<\/p>\n\n\t\t<\/div>\n\t<\/div>\n<\/div><\/div><\/div><\/div><\/div><\/div>\n<\/div>","protected":false},"excerpt":{"rendered":"<h2><strong>Caracter\u00edsticas<\/strong><\/h2>\n<p>&nbsp;<\/p>\n<p>&nbsp;<\/p>\n<p>&#8211; Capacidade m\u00ednima: 2 linhas e 4 ramais<br \/>\n&#8211; Capacidade m\u00e1xima: 4 linhas e 12 ramais anal\u00f3gicos fixos + 5 ramais DECT<br \/>\n&#8211; Modularidade: &#8211; 4 ramais por Placa ramal<br \/>\n&#8211; 1 tronco por Placa tronco<br \/>\n&#8211; Slots: 2 slots universais para placas acess\u00f3rios<br \/>\n&#8211; Enlaces: &#8211; 2 enlaces fixos\/interno<br \/>\n&#8211; 4 enlaces vari\u00e1veis (um enlace para cada placa tronco, por\u00e9m, quando n\u00e3o existe placa tronco conectada no slot a posi\u00e7\u00e3o torna-se enlace interno)<br \/>\n&#8211; Numera\u00e7\u00e3o dos ramais: &#8211; Ramais fixos: 20 ao 30 e o 36<br \/>\n&#8211; Ramais DECTs: 31 ao 35<br \/>\nOs ramais 20 e 23 s\u00e3o os ramais principais, atrav\u00e9s deles ser\u00e3o realizadas todas as programa\u00e7\u00f5es do PABX<br \/>\n&#8211; Frequ\u00eancia operacional da placa: DECT 1910 a 1920 MHz<br \/>\n&#8211; Protocolo de RF: DECT 6.0<br \/>\n&#8211; Tipo de antena: Interna e externa<br \/>\n&#8211; N\u00edvel de sinal: 23 dBm<br \/>\n&#8211; Sinaliza\u00e7\u00e3o: Dec\u00e1dico (DC\/pulso) e Multifrequencial (MF\/tom)<br \/>\n&#8211; Alcance dos ramais anal\u00f3gicos: 1100 (incluindo o telefone)<br \/>\n&#8211; Alcance das linhas: 2000<br \/>\n&#8211; Alimenta\u00e7\u00e3o AC Fonte interna &#8211; 100 a 240 V, 50 ou 60 Hz full range (autom\u00e1tico)<br \/>\n&#8211; Prote\u00e7\u00e3o de programa\u00e7\u00e3o: Programa\u00e7\u00e3o salva em mem\u00f3ria n\u00e3o vol\u00e1til e bateria para manter o hor\u00e1rio da central<br \/>\n&#8211; Prote\u00e7\u00e3o el\u00e9trica: A central possui prote\u00e7\u00e3o contra transientes nas entradas de tronco (juntor) e alimenta\u00e7\u00e3o AC<br \/>\n&#8211; Na falta de energia: as linhas 1, 2, 3 e 4 s\u00e3o acopladas aos ramais 20, 21, 22 e 23 respectivamente<br \/>\n&#8211; Pot\u00eancia m\u00e1xima: 30 W<br \/>\n&#8211; Dimens\u00f5es (L x A x P) 270 x 210 x 70 mm<br \/>\n&#8211; Peso: 940 g<br \/>\n&#8211; Temperatura recomendada 0 \u00b0C a 40 \u00b0C.<\/p>\n","protected":false},"featured_media":9693,"comment_status":"open","ping_status":"closed","template":"","meta":[],"product_brand":[],"product_cat":[2784,2805,2785],"product_tag":[2353,2352],"class_list":{"0":"post-9691","1":"product","2":"type-product","3":"status-publish","4":"has-post-thumbnail","6":"product_cat-area-comunicacao","7":"product_cat-placas-geral","8":"product_cat-comunicacao-telefonia","9":"product_tag-modulare","10":"product_tag-placa-disa","12":"first","13":"instock","14":"shipping-taxable","15":"purchasable","16":"product-type-simple"},"yoast_head":"<!-- This site is optimized with the Yoast SEO plugin v27.3 - https:\/\/yoast.com\/product\/yoast-seo-wordpress\/ -->\n<title>Placa Atendedora Disa Modulare + \/ Conecta + Intelbras - Loja Melhor do Sul Sistemas de Seguran\u00e7a<\/title>\n<meta name=\"robots\" content=\"index, follow, max-snippet:-1, max-image-preview:large, max-video-preview:-1\" \/>\n<link rel=\"canonical\" href=\"https:\/\/www.lojamelhordosul.com.br\/site\/produto\/placa-atendedora-disa-modulare-conecta-intelbras\/\" \/>\n<meta property=\"og:locale\" content=\"pt_BR\" \/>\n<meta property=\"og:type\" content=\"article\" \/>\n<meta property=\"og:title\" content=\"Placa Atendedora Disa Modulare + \/ Conecta + Intelbras - Loja Melhor do Sul Sistemas de Seguran\u00e7a\" \/>\n<meta property=\"og:description\" content=\"Caracter\u00edsticas &nbsp;  &nbsp;  - Capacidade m\u00ednima: 2 linhas e 4 ramais - Capacidade m\u00e1xima: 4 linhas e 12 ramais anal\u00f3gicos fixos + 5 ramais DECT - Modularidade: - 4 ramais por Placa ramal - 1 tronco por Placa tronco - Slots: 2 slots universais para placas acess\u00f3rios - Enlaces: - 2 enlaces fixos\/interno - 4 enlaces vari\u00e1veis (um enlace para cada placa tronco, por\u00e9m, quando n\u00e3o existe placa tronco conectada no slot a posi\u00e7\u00e3o torna-se enlace interno) - Numera\u00e7\u00e3o dos ramais: - Ramais fixos: 20 ao 30 e o 36 - Ramais DECTs: 31 ao 35 Os ramais 20 e 23 s\u00e3o os ramais principais, atrav\u00e9s deles ser\u00e3o realizadas todas as programa\u00e7\u00f5es do PABX - Frequ\u00eancia operacional da placa: DECT 1910 a 1920 MHz - Protocolo de RF: DECT 6.0 - Tipo de antena: Interna e externa - N\u00edvel de sinal: 23 dBm - Sinaliza\u00e7\u00e3o: Dec\u00e1dico (DC\/pulso) e Multifrequencial (MF\/tom) - Alcance dos ramais anal\u00f3gicos: 1100 (incluindo o telefone) - Alcance das linhas: 2000 - Alimenta\u00e7\u00e3o AC Fonte interna - 100 a 240 V, 50 ou 60 Hz full range (autom\u00e1tico) - Prote\u00e7\u00e3o de programa\u00e7\u00e3o: Programa\u00e7\u00e3o salva em mem\u00f3ria n\u00e3o vol\u00e1til e bateria para manter o hor\u00e1rio da central - Prote\u00e7\u00e3o el\u00e9trica: A central possui prote\u00e7\u00e3o contra transientes nas entradas de tronco (juntor) e alimenta\u00e7\u00e3o AC - Na falta de energia: as linhas 1, 2, 3 e 4 s\u00e3o acopladas aos ramais 20, 21, 22 e 23 respectivamente - Pot\u00eancia m\u00e1xima: 30 W - Dimens\u00f5es (L x A x P) 270 x 210 x 70 mm - Peso: 940 g - Temperatura recomendada 0 \u00b0C a 40 \u00b0C.\" \/>\n<meta property=\"og:url\" content=\"https:\/\/www.lojamelhordosul.com.br\/site\/produto\/placa-atendedora-disa-modulare-conecta-intelbras\/\" \/>\n<meta property=\"og:site_name\" content=\"Loja Melhor do Sul Sistemas de Seguran\u00e7a\" \/>\n<meta property=\"article:modified_time\" content=\"2026-03-13T17:41:28+00:00\" \/>\n<meta property=\"og:image\" content=\"https:\/\/www.lojamelhordosul.com.br\/site\/wp-content\/uploads\/2020\/10\/Placa-DISA-Modulare.png\" \/>\n\t<meta property=\"og:image:width\" content=\"700\" \/>\n\t<meta property=\"og:image:height\" content=\"700\" \/>\n\t<meta property=\"og:image:type\" content=\"image\/png\" \/>\n<meta name=\"twitter:card\" content=\"summary_large_image\" \/>\n<meta name=\"twitter:label1\" content=\"Est. tempo de leitura\" \/>\n\t<meta name=\"twitter:data1\" content=\"2 minutos\" \/>\n<script type=\"application\/ld+json\" class=\"yoast-schema-graph\">{\"@context\":\"https:\\\/\\\/schema.org\",\"@graph\":[{\"@type\":\"WebPage\",\"@id\":\"https:\\\/\\\/www.lojamelhordosul.com.br\\\/site\\\/produto\\\/placa-atendedora-disa-modulare-conecta-intelbras\\\/\",\"url\":\"https:\\\/\\\/www.lojamelhordosul.com.br\\\/site\\\/produto\\\/placa-atendedora-disa-modulare-conecta-intelbras\\\/\",\"name\":\"Placa Atendedora Disa Modulare + \\\/ Conecta + Intelbras - Loja Melhor do Sul Sistemas de Seguran\u00e7a\",\"isPartOf\":{\"@id\":\"https:\\\/\\\/www.lojamelhordosul.com.br\\\/site\\\/#website\"},\"primaryImageOfPage\":{\"@id\":\"https:\\\/\\\/www.lojamelhordosul.com.br\\\/site\\\/produto\\\/placa-atendedora-disa-modulare-conecta-intelbras\\\/#primaryimage\"},\"image\":{\"@id\":\"https:\\\/\\\/www.lojamelhordosul.com.br\\\/site\\\/produto\\\/placa-atendedora-disa-modulare-conecta-intelbras\\\/#primaryimage\"},\"thumbnailUrl\":\"https:\\\/\\\/www.lojamelhordosul.com.br\\\/site\\\/wp-content\\\/uploads\\\/2020\\\/10\\\/Placa-DISA-Modulare.png\",\"datePublished\":\"2020-10-15T14:06:39+00:00\",\"dateModified\":\"2026-03-13T17:41:28+00:00\",\"breadcrumb\":{\"@id\":\"https:\\\/\\\/www.lojamelhordosul.com.br\\\/site\\\/produto\\\/placa-atendedora-disa-modulare-conecta-intelbras\\\/#breadcrumb\"},\"inLanguage\":\"pt-BR\",\"potentialAction\":[{\"@type\":\"ReadAction\",\"target\":[\"https:\\\/\\\/www.lojamelhordosul.com.br\\\/site\\\/produto\\\/placa-atendedora-disa-modulare-conecta-intelbras\\\/\"]}]},{\"@type\":\"ImageObject\",\"inLanguage\":\"pt-BR\",\"@id\":\"https:\\\/\\\/www.lojamelhordosul.com.br\\\/site\\\/produto\\\/placa-atendedora-disa-modulare-conecta-intelbras\\\/#primaryimage\",\"url\":\"https:\\\/\\\/www.lojamelhordosul.com.br\\\/site\\\/wp-content\\\/uploads\\\/2020\\\/10\\\/Placa-DISA-Modulare.png\",\"contentUrl\":\"https:\\\/\\\/www.lojamelhordosul.com.br\\\/site\\\/wp-content\\\/uploads\\\/2020\\\/10\\\/Placa-DISA-Modulare.png\",\"width\":700,\"height\":700},{\"@type\":\"BreadcrumbList\",\"@id\":\"https:\\\/\\\/www.lojamelhordosul.com.br\\\/site\\\/produto\\\/placa-atendedora-disa-modulare-conecta-intelbras\\\/#breadcrumb\",\"itemListElement\":[{\"@type\":\"ListItem\",\"position\":1,\"name\":\"In\u00edcio\",\"item\":\"https:\\\/\\\/www.lojamelhordosul.com.br\\\/site\\\/\"},{\"@type\":\"ListItem\",\"position\":2,\"name\":\"Loja\",\"item\":\"https:\\\/\\\/www.lojamelhordosul.com.br\\\/site\\\/loja\\\/\"},{\"@type\":\"ListItem\",\"position\":3,\"name\":\"Placa Atendedora Disa Modulare + \\\/ Conecta + Intelbras\"}]},{\"@type\":\"WebSite\",\"@id\":\"https:\\\/\\\/www.lojamelhordosul.com.br\\\/site\\\/#website\",\"url\":\"https:\\\/\\\/www.lojamelhordosul.com.br\\\/site\\\/\",\"name\":\"Loja Melhor do Sul Sistemas de Seguran\u00e7a\",\"description\":\"Loja Melhor do Sul - Revenda Ouro Intelbras em Porto Alegre\",\"publisher\":{\"@id\":\"https:\\\/\\\/www.lojamelhordosul.com.br\\\/site\\\/#organization\"},\"potentialAction\":[{\"@type\":\"SearchAction\",\"target\":{\"@type\":\"EntryPoint\",\"urlTemplate\":\"https:\\\/\\\/www.lojamelhordosul.com.br\\\/site\\\/?s={search_term_string}\"},\"query-input\":{\"@type\":\"PropertyValueSpecification\",\"valueRequired\":true,\"valueName\":\"search_term_string\"}}],\"inLanguage\":\"pt-BR\"},{\"@type\":\"Organization\",\"@id\":\"https:\\\/\\\/www.lojamelhordosul.com.br\\\/site\\\/#organization\",\"name\":\"Loja Melhor do Sul\",\"url\":\"https:\\\/\\\/www.lojamelhordosul.com.br\\\/site\\\/\",\"logo\":{\"@type\":\"ImageObject\",\"inLanguage\":\"pt-BR\",\"@id\":\"https:\\\/\\\/www.lojamelhordosul.com.br\\\/site\\\/#\\\/schema\\\/logo\\\/image\\\/\",\"url\":\"https:\\\/\\\/www.lojamelhordosul.com.br\\\/site\\\/wp-content\\\/uploads\\\/2019\\\/10\\\/logo-longo-da-loja.png\",\"contentUrl\":\"https:\\\/\\\/www.lojamelhordosul.com.br\\\/site\\\/wp-content\\\/uploads\\\/2019\\\/10\\\/logo-longo-da-loja.png\",\"width\":597,\"height\":114,\"caption\":\"Loja Melhor do Sul\"},\"image\":{\"@id\":\"https:\\\/\\\/www.lojamelhordosul.com.br\\\/site\\\/#\\\/schema\\\/logo\\\/image\\\/\"}}]}<\/script>\n<!-- \/ Yoast SEO plugin. -->","yoast_head_json":{"title":"Placa Atendedora Disa Modulare + \/ Conecta + Intelbras - Loja Melhor do Sul Sistemas de Seguran\u00e7a","robots":{"index":"index","follow":"follow","max-snippet":"max-snippet:-1","max-image-preview":"max-image-preview:large","max-video-preview":"max-video-preview:-1"},"canonical":"https:\/\/www.lojamelhordosul.com.br\/site\/produto\/placa-atendedora-disa-modulare-conecta-intelbras\/","og_locale":"pt_BR","og_type":"article","og_title":"Placa Atendedora Disa Modulare + \/ Conecta + Intelbras - Loja Melhor do Sul Sistemas de Seguran\u00e7a","og_description":"Caracter\u00edsticas &nbsp;  &nbsp;  - Capacidade m\u00ednima: 2 linhas e 4 ramais - Capacidade m\u00e1xima: 4 linhas e 12 ramais anal\u00f3gicos fixos + 5 ramais DECT - Modularidade: - 4 ramais por Placa ramal - 1 tronco por Placa tronco - Slots: 2 slots universais para placas acess\u00f3rios - Enlaces: - 2 enlaces fixos\/interno - 4 enlaces vari\u00e1veis (um enlace para cada placa tronco, por\u00e9m, quando n\u00e3o existe placa tronco conectada no slot a posi\u00e7\u00e3o torna-se enlace interno) - Numera\u00e7\u00e3o dos ramais: - Ramais fixos: 20 ao 30 e o 36 - Ramais DECTs: 31 ao 35 Os ramais 20 e 23 s\u00e3o os ramais principais, atrav\u00e9s deles ser\u00e3o realizadas todas as programa\u00e7\u00f5es do PABX - Frequ\u00eancia operacional da placa: DECT 1910 a 1920 MHz - Protocolo de RF: DECT 6.0 - Tipo de antena: Interna e externa - N\u00edvel de sinal: 23 dBm - Sinaliza\u00e7\u00e3o: Dec\u00e1dico (DC\/pulso) e Multifrequencial (MF\/tom) - Alcance dos ramais anal\u00f3gicos: 1100 (incluindo o telefone) - Alcance das linhas: 2000 - Alimenta\u00e7\u00e3o AC Fonte interna - 100 a 240 V, 50 ou 60 Hz full range (autom\u00e1tico) - Prote\u00e7\u00e3o de programa\u00e7\u00e3o: Programa\u00e7\u00e3o salva em mem\u00f3ria n\u00e3o vol\u00e1til e bateria para manter o hor\u00e1rio da central - Prote\u00e7\u00e3o el\u00e9trica: A central possui prote\u00e7\u00e3o contra transientes nas entradas de tronco (juntor) e alimenta\u00e7\u00e3o AC - Na falta de energia: as linhas 1, 2, 3 e 4 s\u00e3o acopladas aos ramais 20, 21, 22 e 23 respectivamente - Pot\u00eancia m\u00e1xima: 30 W - Dimens\u00f5es (L x A x P) 270 x 210 x 70 mm - Peso: 940 g - Temperatura recomendada 0 \u00b0C a 40 \u00b0C.","og_url":"https:\/\/www.lojamelhordosul.com.br\/site\/produto\/placa-atendedora-disa-modulare-conecta-intelbras\/","og_site_name":"Loja Melhor do Sul Sistemas de Seguran\u00e7a","article_modified_time":"2026-03-13T17:41:28+00:00","og_image":[{"width":700,"height":700,"url":"https:\/\/www.lojamelhordosul.com.br\/site\/wp-content\/uploads\/2020\/10\/Placa-DISA-Modulare.png","type":"image\/png"}],"twitter_card":"summary_large_image","twitter_misc":{"Est. tempo de leitura":"2 minutos"},"schema":{"@context":"https:\/\/schema.org","@graph":[{"@type":"WebPage","@id":"https:\/\/www.lojamelhordosul.com.br\/site\/produto\/placa-atendedora-disa-modulare-conecta-intelbras\/","url":"https:\/\/www.lojamelhordosul.com.br\/site\/produto\/placa-atendedora-disa-modulare-conecta-intelbras\/","name":"Placa Atendedora Disa Modulare + \/ Conecta + Intelbras - Loja Melhor do Sul Sistemas de Seguran\u00e7a","isPartOf":{"@id":"https:\/\/www.lojamelhordosul.com.br\/site\/#website"},"primaryImageOfPage":{"@id":"https:\/\/www.lojamelhordosul.com.br\/site\/produto\/placa-atendedora-disa-modulare-conecta-intelbras\/#primaryimage"},"image":{"@id":"https:\/\/www.lojamelhordosul.com.br\/site\/produto\/placa-atendedora-disa-modulare-conecta-intelbras\/#primaryimage"},"thumbnailUrl":"https:\/\/www.lojamelhordosul.com.br\/site\/wp-content\/uploads\/2020\/10\/Placa-DISA-Modulare.png","datePublished":"2020-10-15T14:06:39+00:00","dateModified":"2026-03-13T17:41:28+00:00","breadcrumb":{"@id":"https:\/\/www.lojamelhordosul.com.br\/site\/produto\/placa-atendedora-disa-modulare-conecta-intelbras\/#breadcrumb"},"inLanguage":"pt-BR","potentialAction":[{"@type":"ReadAction","target":["https:\/\/www.lojamelhordosul.com.br\/site\/produto\/placa-atendedora-disa-modulare-conecta-intelbras\/"]}]},{"@type":"ImageObject","inLanguage":"pt-BR","@id":"https:\/\/www.lojamelhordosul.com.br\/site\/produto\/placa-atendedora-disa-modulare-conecta-intelbras\/#primaryimage","url":"https:\/\/www.lojamelhordosul.com.br\/site\/wp-content\/uploads\/2020\/10\/Placa-DISA-Modulare.png","contentUrl":"https:\/\/www.lojamelhordosul.com.br\/site\/wp-content\/uploads\/2020\/10\/Placa-DISA-Modulare.png","width":700,"height":700},{"@type":"BreadcrumbList","@id":"https:\/\/www.lojamelhordosul.com.br\/site\/produto\/placa-atendedora-disa-modulare-conecta-intelbras\/#breadcrumb","itemListElement":[{"@type":"ListItem","position":1,"name":"In\u00edcio","item":"https:\/\/www.lojamelhordosul.com.br\/site\/"},{"@type":"ListItem","position":2,"name":"Loja","item":"https:\/\/www.lojamelhordosul.com.br\/site\/loja\/"},{"@type":"ListItem","position":3,"name":"Placa Atendedora Disa Modulare + \/ Conecta + Intelbras"}]},{"@type":"WebSite","@id":"https:\/\/www.lojamelhordosul.com.br\/site\/#website","url":"https:\/\/www.lojamelhordosul.com.br\/site\/","name":"Loja Melhor do Sul Sistemas de Seguran\u00e7a","description":"Loja Melhor do Sul - Revenda Ouro Intelbras em Porto Alegre","publisher":{"@id":"https:\/\/www.lojamelhordosul.com.br\/site\/#organization"},"potentialAction":[{"@type":"SearchAction","target":{"@type":"EntryPoint","urlTemplate":"https:\/\/www.lojamelhordosul.com.br\/site\/?s={search_term_string}"},"query-input":{"@type":"PropertyValueSpecification","valueRequired":true,"valueName":"search_term_string"}}],"inLanguage":"pt-BR"},{"@type":"Organization","@id":"https:\/\/www.lojamelhordosul.com.br\/site\/#organization","name":"Loja Melhor do Sul","url":"https:\/\/www.lojamelhordosul.com.br\/site\/","logo":{"@type":"ImageObject","inLanguage":"pt-BR","@id":"https:\/\/www.lojamelhordosul.com.br\/site\/#\/schema\/logo\/image\/","url":"https:\/\/www.lojamelhordosul.com.br\/site\/wp-content\/uploads\/2019\/10\/logo-longo-da-loja.png","contentUrl":"https:\/\/www.lojamelhordosul.com.br\/site\/wp-content\/uploads\/2019\/10\/logo-longo-da-loja.png","width":597,"height":114,"caption":"Loja Melhor do Sul"},"image":{"@id":"https:\/\/www.lojamelhordosul.com.br\/site\/#\/schema\/logo\/image\/"}}]}},"_links":{"self":[{"href":"https:\/\/www.lojamelhordosul.com.br\/site\/wp-json\/wp\/v2\/product\/9691","targetHints":{"allow":["GET"]}}],"collection":[{"href":"https:\/\/www.lojamelhordosul.com.br\/site\/wp-json\/wp\/v2\/product"}],"about":[{"href":"https:\/\/www.lojamelhordosul.com.br\/site\/wp-json\/wp\/v2\/types\/product"}],"replies":[{"embeddable":true,"href":"https:\/\/www.lojamelhordosul.com.br\/site\/wp-json\/wp\/v2\/comments?post=9691"}],"wp:featuredmedia":[{"embeddable":true,"href":"https:\/\/www.lojamelhordosul.com.br\/site\/wp-json\/wp\/v2\/media\/9693"}],"wp:attachment":[{"href":"https:\/\/www.lojamelhordosul.com.br\/site\/wp-json\/wp\/v2\/media?parent=9691"}],"wp:term":[{"taxonomy":"product_brand","embeddable":true,"href":"https:\/\/www.lojamelhordosul.com.br\/site\/wp-json\/wp\/v2\/product_brand?post=9691"},{"taxonomy":"product_cat","embeddable":true,"href":"https:\/\/www.lojamelhordosul.com.br\/site\/wp-json\/wp\/v2\/product_cat?post=9691"},{"taxonomy":"product_tag","embeddable":true,"href":"https:\/\/www.lojamelhordosul.com.br\/site\/wp-json\/wp\/v2\/product_tag?post=9691"}],"curies":[{"name":"wp","href":"https:\/\/api.w.org\/{rel}","templated":true}]}}