{"id":9701,"date":"2020-10-15T12:48:03","date_gmt":"2020-10-15T15:48:03","guid":{"rendered":"https:\/\/www.lojamelhordosul.com.br\/site\/?post_type=product&#038;p=9701"},"modified":"2026-03-13T14:36:33","modified_gmt":"2026-03-13T17:36:33","slug":"placa-ramal-des-4rm-conecta-e-modulare-nova-em-estoque","status":"publish","type":"product","link":"https:\/\/www.lojamelhordosul.com.br\/site\/produto\/placa-ramal-des-4rm-conecta-e-modulare-nova-em-estoque\/","title":{"rendered":"PLACA RAMAL DESBALANCEADA (4RM) MODULARE +"},"content":{"rendered":"<div class=\"wpb-content-wrapper\"><div class=\"vc_row wpb_row vc_row-fluid\"><div class=\"container\"><div class=\"row\"><div class=\"wpb_column vc_column_container vc_col-md-12\"><div class=\"vc_column-inner \"><div class=\"wpb_wrapper\"><div class=\"wpb_single_image widget wpb_content_element vc_align_center\">\r\n\t\t\r\n\t\t<figure class=\"wpb_wrapper vc_figure\">\r\n\t\t\t<div class=\"vc_single_image-wrapper   vc_box_border_grey\"><img decoding=\"async\" class=\"vc_single_image-img\"  src=\"https:\/\/www.lojamelhordosul.com.br\/site\/wp-content\/uploads\/2020\/06\/Logo-Site-2020.png\" \/><\/div>\r\n\t\t<div class=\"description\">\r\n\t\t\t\r\n\t\t<\/div>\r\n\t\r\n\t\t<\/figure>\r\n\t<\/div><\/div><\/div><\/div><\/div><\/div><\/div><div class=\"vc_row wpb_row vc_row-fluid\"><div class=\"container\"><div class=\"row\"><div class=\"wpb_column vc_column_container vc_col-md-12\"><div class=\"vc_column-inner \"><div class=\"wpb_wrapper\">\n\t<div class=\"wpb_text_column wpb_content_element\" >\n\t\t<div class=\"wpb_wrapper\">\n\t\t\t<h1><strong>Placa de 4 Ramais Desbalanceados Intelbras Modulare Mais<\/strong><\/h1>\n<p>A Placa ramal desbalanceada Intelbras possui 4 ramais anal\u00f3gicos e \u00e9 um produto exclusivo para utiliza\u00e7\u00e3o em centrais Conecta Mais e Modulare Mais. A placa ramal desbalanceada Intelbras pode ser utilizada como placa de reposi\u00e7\u00e3o em uma eventual queima de ramal ou na amplia\u00e7\u00e3o do sistema (verifique a capacidade dispon\u00edvel em seu pabx).<\/p>\n<p>As Centrais Conecta + e Modulare + s\u00e3o projetadas com alta tecnologia para garantir m\u00e1xima qualidade na expans\u00e3o ou profissionaliza\u00e7\u00e3o da comunica\u00e7\u00e3o. Equipadas com processadores modernos, capazes de executar todas as facilidades de maneira r\u00e1pida e confi\u00e1vel, s\u00e3o ideais para pequenas e m\u00e9dias empresas. Tudo que voc\u00ea esperava de uma central e muito mais<\/p>\n\n\t\t<\/div>\n\t<\/div>\n\n\t<div class=\"wpb_text_column wpb_content_element\" >\n\t\t<div class=\"wpb_wrapper\">\n\t\t\t<p><strong>Dados t\u00e9cnicos<\/strong><\/p>\n<p>&nbsp;<\/p>\n<p>\u2022 Quantidade de ramais: 4<\/p>\n<p>\u2022 Tipo de ramais: anal\u00f3gicos<\/p>\n<p>\u2022 Centrais compat\u00edveis: Conecta Mais \/ Modulare Mais<\/p>\n<p>Garantia 90 dias<\/p>\n<p>Imagens Imagens meramente ilustrativas.<\/p>\n<p>C\u00f3digo ERP 1031200001<\/p>\n<p>Refer\u00eancia \/ Modelo 4400304<\/p>\n<p>Itens Inclusos 01 &#8211; Placa Ramal Desbalanceada Modulare Mais (4RA) 4400304 &#8211; Intelbras<\/p>\n\n\t\t<\/div>\n\t<\/div>\n<\/div><\/div><\/div><\/div><\/div><\/div>\n<\/div>","protected":false},"excerpt":{"rendered":"<p>A Placa ramal desbalanceada Intelbras possui 4 ramais anal\u00f3gicos e \u00e9 um produto exclusivo para utiliza\u00e7\u00e3o em centrais Conecta Mais e Modulare Mais. A placa ramal desbalanceada Intelbras pode ser utilizada como placa de reposi\u00e7\u00e3o em uma eventual queima de ramal ou na amplia\u00e7\u00e3o do sistema (verifique a capacidade dispon\u00edvel em seu pabx).<\/p>\n<p>&nbsp;<\/p>\n","protected":false},"featured_media":9703,"comment_status":"open","ping_status":"closed","template":"","meta":[],"product_brand":[],"product_cat":[2784,2805,2785],"product_tag":[],"class_list":{"0":"post-9701","1":"product","2":"type-product","3":"status-publish","4":"has-post-thumbnail","6":"product_cat-area-comunicacao","7":"product_cat-placas-geral","8":"product_cat-comunicacao-telefonia","10":"first","11":"instock","12":"shipping-taxable","13":"purchasable","14":"product-type-simple"},"yoast_head":"<!-- This site is optimized with the Yoast SEO plugin v27.3 - https:\/\/yoast.com\/product\/yoast-seo-wordpress\/ -->\n<title>PLACA RAMAL DESBALANCEADA (4RM) MODULARE + - Loja Melhor do Sul Sistemas de Seguran\u00e7a<\/title>\n<meta name=\"robots\" content=\"index, follow, max-snippet:-1, max-image-preview:large, max-video-preview:-1\" \/>\n<link rel=\"canonical\" href=\"https:\/\/www.lojamelhordosul.com.br\/site\/produto\/placa-ramal-des-4rm-conecta-e-modulare-nova-em-estoque\/\" \/>\n<meta property=\"og:locale\" content=\"pt_BR\" \/>\n<meta property=\"og:type\" content=\"article\" \/>\n<meta property=\"og:title\" content=\"PLACA RAMAL DESBALANCEADA (4RM) MODULARE + - Loja Melhor do Sul Sistemas de Seguran\u00e7a\" \/>\n<meta property=\"og:description\" content=\"A Placa ramal desbalanceada Intelbras possui 4 ramais anal\u00f3gicos e \u00e9 um produto exclusivo para utiliza\u00e7\u00e3o em centrais Conecta Mais e Modulare Mais. A placa ramal desbalanceada Intelbras pode ser utilizada como placa de reposi\u00e7\u00e3o em uma eventual queima de ramal ou na amplia\u00e7\u00e3o do sistema (verifique a capacidade dispon\u00edvel em seu pabx).  &nbsp;\" \/>\n<meta property=\"og:url\" content=\"https:\/\/www.lojamelhordosul.com.br\/site\/produto\/placa-ramal-des-4rm-conecta-e-modulare-nova-em-estoque\/\" \/>\n<meta property=\"og:site_name\" content=\"Loja Melhor do Sul Sistemas de Seguran\u00e7a\" \/>\n<meta property=\"article:modified_time\" content=\"2026-03-13T17:36:33+00:00\" \/>\n<meta property=\"og:image\" content=\"https:\/\/www.lojamelhordosul.com.br\/site\/wp-content\/uploads\/2020\/10\/PLACA-RAMAL-DES-4RM-MODULARE-.jpg\" \/>\n\t<meta property=\"og:image:width\" content=\"1000\" \/>\n\t<meta property=\"og:image:height\" content=\"1000\" \/>\n\t<meta property=\"og:image:type\" content=\"image\/jpeg\" \/>\n<meta name=\"twitter:card\" content=\"summary_large_image\" \/>\n<meta name=\"twitter:label1\" content=\"Est. tempo de leitura\" \/>\n\t<meta name=\"twitter:data1\" content=\"1 minuto\" \/>\n<script type=\"application\/ld+json\" class=\"yoast-schema-graph\">{\"@context\":\"https:\\\/\\\/schema.org\",\"@graph\":[{\"@type\":\"WebPage\",\"@id\":\"https:\\\/\\\/www.lojamelhordosul.com.br\\\/site\\\/produto\\\/placa-ramal-des-4rm-conecta-e-modulare-nova-em-estoque\\\/\",\"url\":\"https:\\\/\\\/www.lojamelhordosul.com.br\\\/site\\\/produto\\\/placa-ramal-des-4rm-conecta-e-modulare-nova-em-estoque\\\/\",\"name\":\"PLACA RAMAL DESBALANCEADA (4RM) MODULARE + - Loja Melhor do Sul Sistemas de Seguran\u00e7a\",\"isPartOf\":{\"@id\":\"https:\\\/\\\/www.lojamelhordosul.com.br\\\/site\\\/#website\"},\"primaryImageOfPage\":{\"@id\":\"https:\\\/\\\/www.lojamelhordosul.com.br\\\/site\\\/produto\\\/placa-ramal-des-4rm-conecta-e-modulare-nova-em-estoque\\\/#primaryimage\"},\"image\":{\"@id\":\"https:\\\/\\\/www.lojamelhordosul.com.br\\\/site\\\/produto\\\/placa-ramal-des-4rm-conecta-e-modulare-nova-em-estoque\\\/#primaryimage\"},\"thumbnailUrl\":\"https:\\\/\\\/www.lojamelhordosul.com.br\\\/site\\\/wp-content\\\/uploads\\\/2020\\\/10\\\/PLACA-RAMAL-DES-4RM-MODULARE-.jpg\",\"datePublished\":\"2020-10-15T15:48:03+00:00\",\"dateModified\":\"2026-03-13T17:36:33+00:00\",\"breadcrumb\":{\"@id\":\"https:\\\/\\\/www.lojamelhordosul.com.br\\\/site\\\/produto\\\/placa-ramal-des-4rm-conecta-e-modulare-nova-em-estoque\\\/#breadcrumb\"},\"inLanguage\":\"pt-BR\",\"potentialAction\":[{\"@type\":\"ReadAction\",\"target\":[\"https:\\\/\\\/www.lojamelhordosul.com.br\\\/site\\\/produto\\\/placa-ramal-des-4rm-conecta-e-modulare-nova-em-estoque\\\/\"]}]},{\"@type\":\"ImageObject\",\"inLanguage\":\"pt-BR\",\"@id\":\"https:\\\/\\\/www.lojamelhordosul.com.br\\\/site\\\/produto\\\/placa-ramal-des-4rm-conecta-e-modulare-nova-em-estoque\\\/#primaryimage\",\"url\":\"https:\\\/\\\/www.lojamelhordosul.com.br\\\/site\\\/wp-content\\\/uploads\\\/2020\\\/10\\\/PLACA-RAMAL-DES-4RM-MODULARE-.jpg\",\"contentUrl\":\"https:\\\/\\\/www.lojamelhordosul.com.br\\\/site\\\/wp-content\\\/uploads\\\/2020\\\/10\\\/PLACA-RAMAL-DES-4RM-MODULARE-.jpg\",\"width\":1000,\"height\":1000},{\"@type\":\"BreadcrumbList\",\"@id\":\"https:\\\/\\\/www.lojamelhordosul.com.br\\\/site\\\/produto\\\/placa-ramal-des-4rm-conecta-e-modulare-nova-em-estoque\\\/#breadcrumb\",\"itemListElement\":[{\"@type\":\"ListItem\",\"position\":1,\"name\":\"In\u00edcio\",\"item\":\"https:\\\/\\\/www.lojamelhordosul.com.br\\\/site\\\/\"},{\"@type\":\"ListItem\",\"position\":2,\"name\":\"Loja\",\"item\":\"https:\\\/\\\/www.lojamelhordosul.com.br\\\/site\\\/loja\\\/\"},{\"@type\":\"ListItem\",\"position\":3,\"name\":\"PLACA RAMAL DESBALANCEADA (4RM) MODULARE +\"}]},{\"@type\":\"WebSite\",\"@id\":\"https:\\\/\\\/www.lojamelhordosul.com.br\\\/site\\\/#website\",\"url\":\"https:\\\/\\\/www.lojamelhordosul.com.br\\\/site\\\/\",\"name\":\"Loja Melhor do Sul Sistemas de Seguran\u00e7a\",\"description\":\"Loja Melhor do Sul - Revenda Ouro Intelbras em Porto Alegre\",\"publisher\":{\"@id\":\"https:\\\/\\\/www.lojamelhordosul.com.br\\\/site\\\/#organization\"},\"potentialAction\":[{\"@type\":\"SearchAction\",\"target\":{\"@type\":\"EntryPoint\",\"urlTemplate\":\"https:\\\/\\\/www.lojamelhordosul.com.br\\\/site\\\/?s={search_term_string}\"},\"query-input\":{\"@type\":\"PropertyValueSpecification\",\"valueRequired\":true,\"valueName\":\"search_term_string\"}}],\"inLanguage\":\"pt-BR\"},{\"@type\":\"Organization\",\"@id\":\"https:\\\/\\\/www.lojamelhordosul.com.br\\\/site\\\/#organization\",\"name\":\"Loja Melhor do Sul\",\"url\":\"https:\\\/\\\/www.lojamelhordosul.com.br\\\/site\\\/\",\"logo\":{\"@type\":\"ImageObject\",\"inLanguage\":\"pt-BR\",\"@id\":\"https:\\\/\\\/www.lojamelhordosul.com.br\\\/site\\\/#\\\/schema\\\/logo\\\/image\\\/\",\"url\":\"https:\\\/\\\/www.lojamelhordosul.com.br\\\/site\\\/wp-content\\\/uploads\\\/2019\\\/10\\\/logo-longo-da-loja.png\",\"contentUrl\":\"https:\\\/\\\/www.lojamelhordosul.com.br\\\/site\\\/wp-content\\\/uploads\\\/2019\\\/10\\\/logo-longo-da-loja.png\",\"width\":597,\"height\":114,\"caption\":\"Loja Melhor do Sul\"},\"image\":{\"@id\":\"https:\\\/\\\/www.lojamelhordosul.com.br\\\/site\\\/#\\\/schema\\\/logo\\\/image\\\/\"}}]}<\/script>\n<!-- \/ Yoast SEO plugin. -->","yoast_head_json":{"title":"PLACA RAMAL DESBALANCEADA (4RM) MODULARE + - Loja Melhor do Sul Sistemas de Seguran\u00e7a","robots":{"index":"index","follow":"follow","max-snippet":"max-snippet:-1","max-image-preview":"max-image-preview:large","max-video-preview":"max-video-preview:-1"},"canonical":"https:\/\/www.lojamelhordosul.com.br\/site\/produto\/placa-ramal-des-4rm-conecta-e-modulare-nova-em-estoque\/","og_locale":"pt_BR","og_type":"article","og_title":"PLACA RAMAL DESBALANCEADA (4RM) MODULARE + - Loja Melhor do Sul Sistemas de Seguran\u00e7a","og_description":"A Placa ramal desbalanceada Intelbras possui 4 ramais anal\u00f3gicos e \u00e9 um produto exclusivo para utiliza\u00e7\u00e3o em centrais Conecta Mais e Modulare Mais. A placa ramal desbalanceada Intelbras pode ser utilizada como placa de reposi\u00e7\u00e3o em uma eventual queima de ramal ou na amplia\u00e7\u00e3o do sistema (verifique a capacidade dispon\u00edvel em seu pabx).  &nbsp;","og_url":"https:\/\/www.lojamelhordosul.com.br\/site\/produto\/placa-ramal-des-4rm-conecta-e-modulare-nova-em-estoque\/","og_site_name":"Loja Melhor do Sul Sistemas de Seguran\u00e7a","article_modified_time":"2026-03-13T17:36:33+00:00","og_image":[{"width":1000,"height":1000,"url":"https:\/\/www.lojamelhordosul.com.br\/site\/wp-content\/uploads\/2020\/10\/PLACA-RAMAL-DES-4RM-MODULARE-.jpg","type":"image\/jpeg"}],"twitter_card":"summary_large_image","twitter_misc":{"Est. tempo de leitura":"1 minuto"},"schema":{"@context":"https:\/\/schema.org","@graph":[{"@type":"WebPage","@id":"https:\/\/www.lojamelhordosul.com.br\/site\/produto\/placa-ramal-des-4rm-conecta-e-modulare-nova-em-estoque\/","url":"https:\/\/www.lojamelhordosul.com.br\/site\/produto\/placa-ramal-des-4rm-conecta-e-modulare-nova-em-estoque\/","name":"PLACA RAMAL DESBALANCEADA (4RM) MODULARE + - Loja Melhor do Sul Sistemas de Seguran\u00e7a","isPartOf":{"@id":"https:\/\/www.lojamelhordosul.com.br\/site\/#website"},"primaryImageOfPage":{"@id":"https:\/\/www.lojamelhordosul.com.br\/site\/produto\/placa-ramal-des-4rm-conecta-e-modulare-nova-em-estoque\/#primaryimage"},"image":{"@id":"https:\/\/www.lojamelhordosul.com.br\/site\/produto\/placa-ramal-des-4rm-conecta-e-modulare-nova-em-estoque\/#primaryimage"},"thumbnailUrl":"https:\/\/www.lojamelhordosul.com.br\/site\/wp-content\/uploads\/2020\/10\/PLACA-RAMAL-DES-4RM-MODULARE-.jpg","datePublished":"2020-10-15T15:48:03+00:00","dateModified":"2026-03-13T17:36:33+00:00","breadcrumb":{"@id":"https:\/\/www.lojamelhordosul.com.br\/site\/produto\/placa-ramal-des-4rm-conecta-e-modulare-nova-em-estoque\/#breadcrumb"},"inLanguage":"pt-BR","potentialAction":[{"@type":"ReadAction","target":["https:\/\/www.lojamelhordosul.com.br\/site\/produto\/placa-ramal-des-4rm-conecta-e-modulare-nova-em-estoque\/"]}]},{"@type":"ImageObject","inLanguage":"pt-BR","@id":"https:\/\/www.lojamelhordosul.com.br\/site\/produto\/placa-ramal-des-4rm-conecta-e-modulare-nova-em-estoque\/#primaryimage","url":"https:\/\/www.lojamelhordosul.com.br\/site\/wp-content\/uploads\/2020\/10\/PLACA-RAMAL-DES-4RM-MODULARE-.jpg","contentUrl":"https:\/\/www.lojamelhordosul.com.br\/site\/wp-content\/uploads\/2020\/10\/PLACA-RAMAL-DES-4RM-MODULARE-.jpg","width":1000,"height":1000},{"@type":"BreadcrumbList","@id":"https:\/\/www.lojamelhordosul.com.br\/site\/produto\/placa-ramal-des-4rm-conecta-e-modulare-nova-em-estoque\/#breadcrumb","itemListElement":[{"@type":"ListItem","position":1,"name":"In\u00edcio","item":"https:\/\/www.lojamelhordosul.com.br\/site\/"},{"@type":"ListItem","position":2,"name":"Loja","item":"https:\/\/www.lojamelhordosul.com.br\/site\/loja\/"},{"@type":"ListItem","position":3,"name":"PLACA RAMAL DESBALANCEADA (4RM) MODULARE +"}]},{"@type":"WebSite","@id":"https:\/\/www.lojamelhordosul.com.br\/site\/#website","url":"https:\/\/www.lojamelhordosul.com.br\/site\/","name":"Loja Melhor do Sul Sistemas de Seguran\u00e7a","description":"Loja Melhor do Sul - Revenda Ouro Intelbras em Porto Alegre","publisher":{"@id":"https:\/\/www.lojamelhordosul.com.br\/site\/#organization"},"potentialAction":[{"@type":"SearchAction","target":{"@type":"EntryPoint","urlTemplate":"https:\/\/www.lojamelhordosul.com.br\/site\/?s={search_term_string}"},"query-input":{"@type":"PropertyValueSpecification","valueRequired":true,"valueName":"search_term_string"}}],"inLanguage":"pt-BR"},{"@type":"Organization","@id":"https:\/\/www.lojamelhordosul.com.br\/site\/#organization","name":"Loja Melhor do Sul","url":"https:\/\/www.lojamelhordosul.com.br\/site\/","logo":{"@type":"ImageObject","inLanguage":"pt-BR","@id":"https:\/\/www.lojamelhordosul.com.br\/site\/#\/schema\/logo\/image\/","url":"https:\/\/www.lojamelhordosul.com.br\/site\/wp-content\/uploads\/2019\/10\/logo-longo-da-loja.png","contentUrl":"https:\/\/www.lojamelhordosul.com.br\/site\/wp-content\/uploads\/2019\/10\/logo-longo-da-loja.png","width":597,"height":114,"caption":"Loja Melhor do Sul"},"image":{"@id":"https:\/\/www.lojamelhordosul.com.br\/site\/#\/schema\/logo\/image\/"}}]}},"_links":{"self":[{"href":"https:\/\/www.lojamelhordosul.com.br\/site\/wp-json\/wp\/v2\/product\/9701","targetHints":{"allow":["GET"]}}],"collection":[{"href":"https:\/\/www.lojamelhordosul.com.br\/site\/wp-json\/wp\/v2\/product"}],"about":[{"href":"https:\/\/www.lojamelhordosul.com.br\/site\/wp-json\/wp\/v2\/types\/product"}],"replies":[{"embeddable":true,"href":"https:\/\/www.lojamelhordosul.com.br\/site\/wp-json\/wp\/v2\/comments?post=9701"}],"wp:featuredmedia":[{"embeddable":true,"href":"https:\/\/www.lojamelhordosul.com.br\/site\/wp-json\/wp\/v2\/media\/9703"}],"wp:attachment":[{"href":"https:\/\/www.lojamelhordosul.com.br\/site\/wp-json\/wp\/v2\/media?parent=9701"}],"wp:term":[{"taxonomy":"product_brand","embeddable":true,"href":"https:\/\/www.lojamelhordosul.com.br\/site\/wp-json\/wp\/v2\/product_brand?post=9701"},{"taxonomy":"product_cat","embeddable":true,"href":"https:\/\/www.lojamelhordosul.com.br\/site\/wp-json\/wp\/v2\/product_cat?post=9701"},{"taxonomy":"product_tag","embeddable":true,"href":"https:\/\/www.lojamelhordosul.com.br\/site\/wp-json\/wp\/v2\/product_tag?post=9701"}],"curies":[{"name":"wp","href":"https:\/\/api.w.org\/{rel}","templated":true}]}}