{"id":9913,"date":"2020-11-09T14:14:50","date_gmt":"2020-11-09T17:14:50","guid":{"rendered":"https:\/\/www.lojamelhordosul.com.br\/site\/?post_type=product&#038;p=9913"},"modified":"2026-03-12T16:15:34","modified_gmt":"2026-03-12T19:15:34","slug":"protetor-eletronico-intelbras-8-tomadas-epe-1008-pt-br","status":"publish","type":"product","link":"https:\/\/www.lojamelhordosul.com.br\/site\/produto\/protetor-eletronico-intelbras-8-tomadas-epe-1008-pt-br\/","title":{"rendered":"Protetor Eletronico Intelbras 8 Tomadas Epe 1008+ Pt \/ Br"},"content":{"rendered":"<div class=\"wpb-content-wrapper\"><div class=\"vc_row wpb_row vc_row-fluid\"><div class=\"container\"><div class=\"row\"><div class=\"wpb_column vc_column_container vc_col-md-12\"><div class=\"vc_column-inner \"><div class=\"wpb_wrapper\"><div class=\"wpb_single_image widget wpb_content_element vc_align_center\">\r\n\t\t\r\n\t\t<figure class=\"wpb_wrapper vc_figure\">\r\n\t\t\t<div class=\"vc_single_image-wrapper   vc_box_border_grey\"><img decoding=\"async\" class=\"vc_single_image-img\"  src=\"https:\/\/www.lojamelhordosul.com.br\/site\/wp-content\/uploads\/2020\/06\/Logo-Site-2020.png\" \/><\/div>\r\n\t\t<div class=\"description\">\r\n\t\t\t\r\n\t\t<\/div>\r\n\t\r\n\t\t<\/figure>\r\n\t<\/div><\/div><\/div><\/div><\/div><\/div><\/div><div class=\"vc_row wpb_row vc_row-fluid\"><div class=\"container\"><div class=\"row\"><div class=\"wpb_column vc_column_container vc_col-md-6\"><div class=\"vc_column-inner \"><div class=\"wpb_wrapper\">\n\t<div class=\"wpb_text_column wpb_content_element\" >\n\t\t<div class=\"wpb_wrapper\">\n\t\t\t<div class=\"mt2 mb2 \">\n<h2 class=\"weight--small-300 weight--large-200 h3\">Seguran\u00e7a em dose dupla para seus equipamentos<\/h2>\n<\/div>\n<div class=\"text text--300\">\n<div class=\"block-template overflow-hidden\">\n<p>Dupla prote\u00e7\u00e3o com chave inteligente contra curto-circuito, sobrecarga e varistor contra surtos de tens\u00e3o.<\/p>\n<\/div>\n<\/div>\n\n\t\t<\/div>\n\t<\/div>\n<\/div><\/div><\/div><div class=\"wpb_column vc_column_container vc_col-md-6\"><div class=\"vc_column-inner \"><div class=\"wpb_wrapper\"><div class=\"wpb_single_image widget wpb_content_element vc_align_left\">\r\n\t\t\r\n\t\t<figure class=\"wpb_wrapper vc_figure\">\r\n\t\t\t<div class=\"vc_single_image-wrapper   vc_box_border_grey\"><img decoding=\"async\" class=\"vc_single_image-img\"  src=\"https:\/\/backend.intelbras.com\/sites\/default\/files\/styles\/large\/public\/2020-02\/FlyerDigital_EPE_1008%2B_01-19_01.jpg\" \/><\/div>\r\n\t\t<div class=\"description\">\r\n\t\t\t\r\n\t\t<\/div>\r\n\t\r\n\t\t<\/figure>\r\n\t<\/div><\/div><\/div><\/div><\/div><\/div><\/div><div class=\"vc_row wpb_row vc_row-fluid\"><div class=\"container\"><div class=\"row\"><div class=\"wpb_column vc_column_container vc_col-md-6\"><div class=\"vc_column-inner \"><div class=\"wpb_wrapper\"><div class=\"wpb_single_image widget wpb_content_element vc_align_left\">\r\n\t\t\r\n\t\t<figure class=\"wpb_wrapper vc_figure\">\r\n\t\t\t<div class=\"vc_single_image-wrapper   vc_box_border_grey\"><img decoding=\"async\" class=\"vc_single_image-img\"  src=\"https:\/\/backend.intelbras.com\/sites\/default\/files\/styles\/large\/public\/2020-02\/FlyerDigital_EPE_1008%2B_01-19_02.jpg\" \/><\/div>\r\n\t\t<div class=\"description\">\r\n\t\t\t\r\n\t\t<\/div>\r\n\t\r\n\t\t<\/figure>\r\n\t<\/div><\/div><\/div><\/div><div class=\"wpb_column vc_column_container vc_col-md-6\"><div class=\"vc_column-inner \"><div class=\"wpb_wrapper\">\n\t<div class=\"wpb_text_column wpb_content_element\" >\n\t\t<div class=\"wpb_wrapper\">\n\t\t\t<div class=\"mt2 mb2 \">\n<h2 class=\"weight--small-300 weight--large-200 h3\">Praticidade e seguran\u00e7a<\/h2>\n<\/div>\n<div class=\"text text--300\">\n<div class=\"block-template overflow-hidden\">\n<p>O EPE 1008+ t\u00eam chave inteligente que permite ligar e desligar equipamentos sem tirar o protetor da tomada e possibilita o rearme ap\u00f3s curto-circuito.<\/p>\n<\/div>\n<\/div>\n\n\t\t<\/div>\n\t<\/div>\n<\/div><\/div><\/div><\/div><\/div><\/div><div class=\"vc_row wpb_row vc_row-fluid\"><div class=\"container\"><div class=\"row\"><div class=\"wpb_column vc_column_container vc_col-md-6\"><div class=\"vc_column-inner \"><div class=\"wpb_wrapper\">\n\t<div class=\"wpb_text_column wpb_content_element\" >\n\t\t<div class=\"wpb_wrapper\">\n\t\t\t<div class=\"mt2 mb2 \">\n<h2 class=\"weight--small-300 weight--large-200 h3\">Cabo de 1,5 metro de comprimento<\/h2>\n<\/div>\n<div class=\"text text--300\">\n<div class=\"block-template overflow-hidden\">\n<p>O EPE 1008+ t\u00eam cabo de 1,5 metro e conta com<br \/>\n2 tomadas separadas para facilitar a conex\u00e3o de<br \/>\ndispositivos que ocupam mais espa\u00e7o.<\/p>\n<\/div>\n<\/div>\n\n\t\t<\/div>\n\t<\/div>\n<\/div><\/div><\/div><div class=\"wpb_column vc_column_container vc_col-md-6\"><div class=\"vc_column-inner \"><div class=\"wpb_wrapper\"><div class=\"wpb_single_image widget wpb_content_element vc_align_left\">\r\n\t\t\r\n\t\t<figure class=\"wpb_wrapper vc_figure\">\r\n\t\t\t<div class=\"vc_single_image-wrapper   vc_box_border_grey\"><img decoding=\"async\" class=\"vc_single_image-img\"  src=\"https:\/\/backend.intelbras.com\/sites\/default\/files\/styles\/large\/public\/2020-02\/FlyerDigital_EPE_1008%2B_01-19_04.jpg\" \/><\/div>\r\n\t\t<div class=\"description\">\r\n\t\t\t\r\n\t\t<\/div>\r\n\t\r\n\t\t<\/figure>\r\n\t<\/div><\/div><\/div><\/div><\/div><\/div><\/div>\n<\/div>","protected":false},"excerpt":{"rendered":"<p>O EPE 1008+ \u00e9 um protetor eletr\u00f4nico de 8 tomadas,<br \/>\nque garante dupla prote\u00e7\u00e3o para os equipamentos eletr\u00f4nicos,<br \/>\nprotegendo-os contra surtos de tens\u00e3o, curto-circuito e<br \/>\nsobrecarga.<\/p>\n","protected":false},"featured_media":9916,"comment_status":"open","ping_status":"closed","template":"","meta":[],"product_brand":[],"product_cat":[2799,2803],"product_tag":[],"class_list":{"0":"post-9913","1":"product","2":"type-product","3":"status-publish","4":"has-post-thumbnail","6":"product_cat-linha-de-energia","7":"product_cat-energia-protetores-filtros","9":"first","10":"instock","11":"shipping-taxable","12":"purchasable","13":"product-type-simple"},"yoast_head":"<!-- This site is optimized with the Yoast SEO plugin v27.3 - https:\/\/yoast.com\/product\/yoast-seo-wordpress\/ -->\n<title>Protetor Eletronico Intelbras 8 Tomadas Epe 1008+ Pt \/ Br - Loja Melhor do Sul Sistemas de Seguran\u00e7a<\/title>\n<meta name=\"robots\" content=\"index, follow, max-snippet:-1, max-image-preview:large, max-video-preview:-1\" \/>\n<link rel=\"canonical\" href=\"https:\/\/www.lojamelhordosul.com.br\/site\/produto\/protetor-eletronico-intelbras-8-tomadas-epe-1008-pt-br\/\" \/>\n<meta property=\"og:locale\" content=\"pt_BR\" \/>\n<meta property=\"og:type\" content=\"article\" \/>\n<meta property=\"og:title\" content=\"Protetor Eletronico Intelbras 8 Tomadas Epe 1008+ Pt \/ Br - Loja Melhor do Sul Sistemas de Seguran\u00e7a\" \/>\n<meta property=\"og:description\" content=\"O EPE 1008+ \u00e9 um protetor eletr\u00f4nico de 8 tomadas, que garante dupla prote\u00e7\u00e3o para os equipamentos eletr\u00f4nicos, protegendo-os contra surtos de tens\u00e3o, curto-circuito e sobrecarga.\" \/>\n<meta property=\"og:url\" content=\"https:\/\/www.lojamelhordosul.com.br\/site\/produto\/protetor-eletronico-intelbras-8-tomadas-epe-1008-pt-br\/\" \/>\n<meta property=\"og:site_name\" content=\"Loja Melhor do Sul Sistemas de Seguran\u00e7a\" \/>\n<meta property=\"article:modified_time\" content=\"2026-03-12T19:15:34+00:00\" \/>\n<meta property=\"og:image\" content=\"https:\/\/www.lojamelhordosul.com.br\/site\/wp-content\/uploads\/2020\/11\/EPE-1008-PT-Intelbras-1.jpeg\" \/>\n\t<meta property=\"og:image:width\" content=\"984\" \/>\n\t<meta property=\"og:image:height\" content=\"984\" \/>\n\t<meta property=\"og:image:type\" content=\"image\/jpeg\" \/>\n<meta name=\"twitter:card\" content=\"summary_large_image\" \/>\n<meta name=\"twitter:label1\" content=\"Est. tempo de leitura\" \/>\n\t<meta name=\"twitter:data1\" content=\"1 minuto\" \/>\n<script type=\"application\/ld+json\" class=\"yoast-schema-graph\">{\"@context\":\"https:\\\/\\\/schema.org\",\"@graph\":[{\"@type\":\"WebPage\",\"@id\":\"https:\\\/\\\/www.lojamelhordosul.com.br\\\/site\\\/produto\\\/protetor-eletronico-intelbras-8-tomadas-epe-1008-pt-br\\\/\",\"url\":\"https:\\\/\\\/www.lojamelhordosul.com.br\\\/site\\\/produto\\\/protetor-eletronico-intelbras-8-tomadas-epe-1008-pt-br\\\/\",\"name\":\"Protetor Eletronico Intelbras 8 Tomadas Epe 1008+ Pt \\\/ Br - Loja Melhor do Sul Sistemas de Seguran\u00e7a\",\"isPartOf\":{\"@id\":\"https:\\\/\\\/www.lojamelhordosul.com.br\\\/site\\\/#website\"},\"primaryImageOfPage\":{\"@id\":\"https:\\\/\\\/www.lojamelhordosul.com.br\\\/site\\\/produto\\\/protetor-eletronico-intelbras-8-tomadas-epe-1008-pt-br\\\/#primaryimage\"},\"image\":{\"@id\":\"https:\\\/\\\/www.lojamelhordosul.com.br\\\/site\\\/produto\\\/protetor-eletronico-intelbras-8-tomadas-epe-1008-pt-br\\\/#primaryimage\"},\"thumbnailUrl\":\"https:\\\/\\\/www.lojamelhordosul.com.br\\\/site\\\/wp-content\\\/uploads\\\/2020\\\/11\\\/EPE-1008-PT-Intelbras-1.jpeg\",\"datePublished\":\"2020-11-09T17:14:50+00:00\",\"dateModified\":\"2026-03-12T19:15:34+00:00\",\"breadcrumb\":{\"@id\":\"https:\\\/\\\/www.lojamelhordosul.com.br\\\/site\\\/produto\\\/protetor-eletronico-intelbras-8-tomadas-epe-1008-pt-br\\\/#breadcrumb\"},\"inLanguage\":\"pt-BR\",\"potentialAction\":[{\"@type\":\"ReadAction\",\"target\":[\"https:\\\/\\\/www.lojamelhordosul.com.br\\\/site\\\/produto\\\/protetor-eletronico-intelbras-8-tomadas-epe-1008-pt-br\\\/\"]}]},{\"@type\":\"ImageObject\",\"inLanguage\":\"pt-BR\",\"@id\":\"https:\\\/\\\/www.lojamelhordosul.com.br\\\/site\\\/produto\\\/protetor-eletronico-intelbras-8-tomadas-epe-1008-pt-br\\\/#primaryimage\",\"url\":\"https:\\\/\\\/www.lojamelhordosul.com.br\\\/site\\\/wp-content\\\/uploads\\\/2020\\\/11\\\/EPE-1008-PT-Intelbras-1.jpeg\",\"contentUrl\":\"https:\\\/\\\/www.lojamelhordosul.com.br\\\/site\\\/wp-content\\\/uploads\\\/2020\\\/11\\\/EPE-1008-PT-Intelbras-1.jpeg\",\"width\":984,\"height\":984},{\"@type\":\"BreadcrumbList\",\"@id\":\"https:\\\/\\\/www.lojamelhordosul.com.br\\\/site\\\/produto\\\/protetor-eletronico-intelbras-8-tomadas-epe-1008-pt-br\\\/#breadcrumb\",\"itemListElement\":[{\"@type\":\"ListItem\",\"position\":1,\"name\":\"In\u00edcio\",\"item\":\"https:\\\/\\\/www.lojamelhordosul.com.br\\\/site\\\/\"},{\"@type\":\"ListItem\",\"position\":2,\"name\":\"Loja\",\"item\":\"https:\\\/\\\/www.lojamelhordosul.com.br\\\/site\\\/loja\\\/\"},{\"@type\":\"ListItem\",\"position\":3,\"name\":\"Protetor Eletronico Intelbras 8 Tomadas Epe 1008+ Pt \\\/ Br\"}]},{\"@type\":\"WebSite\",\"@id\":\"https:\\\/\\\/www.lojamelhordosul.com.br\\\/site\\\/#website\",\"url\":\"https:\\\/\\\/www.lojamelhordosul.com.br\\\/site\\\/\",\"name\":\"Loja Melhor do Sul Sistemas de Seguran\u00e7a\",\"description\":\"Loja Melhor do Sul - Revenda Ouro Intelbras em Porto Alegre\",\"publisher\":{\"@id\":\"https:\\\/\\\/www.lojamelhordosul.com.br\\\/site\\\/#organization\"},\"potentialAction\":[{\"@type\":\"SearchAction\",\"target\":{\"@type\":\"EntryPoint\",\"urlTemplate\":\"https:\\\/\\\/www.lojamelhordosul.com.br\\\/site\\\/?s={search_term_string}\"},\"query-input\":{\"@type\":\"PropertyValueSpecification\",\"valueRequired\":true,\"valueName\":\"search_term_string\"}}],\"inLanguage\":\"pt-BR\"},{\"@type\":\"Organization\",\"@id\":\"https:\\\/\\\/www.lojamelhordosul.com.br\\\/site\\\/#organization\",\"name\":\"Loja Melhor do Sul\",\"url\":\"https:\\\/\\\/www.lojamelhordosul.com.br\\\/site\\\/\",\"logo\":{\"@type\":\"ImageObject\",\"inLanguage\":\"pt-BR\",\"@id\":\"https:\\\/\\\/www.lojamelhordosul.com.br\\\/site\\\/#\\\/schema\\\/logo\\\/image\\\/\",\"url\":\"https:\\\/\\\/www.lojamelhordosul.com.br\\\/site\\\/wp-content\\\/uploads\\\/2019\\\/10\\\/logo-longo-da-loja.png\",\"contentUrl\":\"https:\\\/\\\/www.lojamelhordosul.com.br\\\/site\\\/wp-content\\\/uploads\\\/2019\\\/10\\\/logo-longo-da-loja.png\",\"width\":597,\"height\":114,\"caption\":\"Loja Melhor do Sul\"},\"image\":{\"@id\":\"https:\\\/\\\/www.lojamelhordosul.com.br\\\/site\\\/#\\\/schema\\\/logo\\\/image\\\/\"}}]}<\/script>\n<!-- \/ Yoast SEO plugin. -->","yoast_head_json":{"title":"Protetor Eletronico Intelbras 8 Tomadas Epe 1008+ Pt \/ Br - Loja Melhor do Sul Sistemas de Seguran\u00e7a","robots":{"index":"index","follow":"follow","max-snippet":"max-snippet:-1","max-image-preview":"max-image-preview:large","max-video-preview":"max-video-preview:-1"},"canonical":"https:\/\/www.lojamelhordosul.com.br\/site\/produto\/protetor-eletronico-intelbras-8-tomadas-epe-1008-pt-br\/","og_locale":"pt_BR","og_type":"article","og_title":"Protetor Eletronico Intelbras 8 Tomadas Epe 1008+ Pt \/ Br - Loja Melhor do Sul Sistemas de Seguran\u00e7a","og_description":"O EPE 1008+ \u00e9 um protetor eletr\u00f4nico de 8 tomadas, que garante dupla prote\u00e7\u00e3o para os equipamentos eletr\u00f4nicos, protegendo-os contra surtos de tens\u00e3o, curto-circuito e sobrecarga.","og_url":"https:\/\/www.lojamelhordosul.com.br\/site\/produto\/protetor-eletronico-intelbras-8-tomadas-epe-1008-pt-br\/","og_site_name":"Loja Melhor do Sul Sistemas de Seguran\u00e7a","article_modified_time":"2026-03-12T19:15:34+00:00","og_image":[{"width":984,"height":984,"url":"https:\/\/www.lojamelhordosul.com.br\/site\/wp-content\/uploads\/2020\/11\/EPE-1008-PT-Intelbras-1.jpeg","type":"image\/jpeg"}],"twitter_card":"summary_large_image","twitter_misc":{"Est. tempo de leitura":"1 minuto"},"schema":{"@context":"https:\/\/schema.org","@graph":[{"@type":"WebPage","@id":"https:\/\/www.lojamelhordosul.com.br\/site\/produto\/protetor-eletronico-intelbras-8-tomadas-epe-1008-pt-br\/","url":"https:\/\/www.lojamelhordosul.com.br\/site\/produto\/protetor-eletronico-intelbras-8-tomadas-epe-1008-pt-br\/","name":"Protetor Eletronico Intelbras 8 Tomadas Epe 1008+ Pt \/ Br - Loja Melhor do Sul Sistemas de Seguran\u00e7a","isPartOf":{"@id":"https:\/\/www.lojamelhordosul.com.br\/site\/#website"},"primaryImageOfPage":{"@id":"https:\/\/www.lojamelhordosul.com.br\/site\/produto\/protetor-eletronico-intelbras-8-tomadas-epe-1008-pt-br\/#primaryimage"},"image":{"@id":"https:\/\/www.lojamelhordosul.com.br\/site\/produto\/protetor-eletronico-intelbras-8-tomadas-epe-1008-pt-br\/#primaryimage"},"thumbnailUrl":"https:\/\/www.lojamelhordosul.com.br\/site\/wp-content\/uploads\/2020\/11\/EPE-1008-PT-Intelbras-1.jpeg","datePublished":"2020-11-09T17:14:50+00:00","dateModified":"2026-03-12T19:15:34+00:00","breadcrumb":{"@id":"https:\/\/www.lojamelhordosul.com.br\/site\/produto\/protetor-eletronico-intelbras-8-tomadas-epe-1008-pt-br\/#breadcrumb"},"inLanguage":"pt-BR","potentialAction":[{"@type":"ReadAction","target":["https:\/\/www.lojamelhordosul.com.br\/site\/produto\/protetor-eletronico-intelbras-8-tomadas-epe-1008-pt-br\/"]}]},{"@type":"ImageObject","inLanguage":"pt-BR","@id":"https:\/\/www.lojamelhordosul.com.br\/site\/produto\/protetor-eletronico-intelbras-8-tomadas-epe-1008-pt-br\/#primaryimage","url":"https:\/\/www.lojamelhordosul.com.br\/site\/wp-content\/uploads\/2020\/11\/EPE-1008-PT-Intelbras-1.jpeg","contentUrl":"https:\/\/www.lojamelhordosul.com.br\/site\/wp-content\/uploads\/2020\/11\/EPE-1008-PT-Intelbras-1.jpeg","width":984,"height":984},{"@type":"BreadcrumbList","@id":"https:\/\/www.lojamelhordosul.com.br\/site\/produto\/protetor-eletronico-intelbras-8-tomadas-epe-1008-pt-br\/#breadcrumb","itemListElement":[{"@type":"ListItem","position":1,"name":"In\u00edcio","item":"https:\/\/www.lojamelhordosul.com.br\/site\/"},{"@type":"ListItem","position":2,"name":"Loja","item":"https:\/\/www.lojamelhordosul.com.br\/site\/loja\/"},{"@type":"ListItem","position":3,"name":"Protetor Eletronico Intelbras 8 Tomadas Epe 1008+ Pt \/ Br"}]},{"@type":"WebSite","@id":"https:\/\/www.lojamelhordosul.com.br\/site\/#website","url":"https:\/\/www.lojamelhordosul.com.br\/site\/","name":"Loja Melhor do Sul Sistemas de Seguran\u00e7a","description":"Loja Melhor do Sul - Revenda Ouro Intelbras em Porto Alegre","publisher":{"@id":"https:\/\/www.lojamelhordosul.com.br\/site\/#organization"},"potentialAction":[{"@type":"SearchAction","target":{"@type":"EntryPoint","urlTemplate":"https:\/\/www.lojamelhordosul.com.br\/site\/?s={search_term_string}"},"query-input":{"@type":"PropertyValueSpecification","valueRequired":true,"valueName":"search_term_string"}}],"inLanguage":"pt-BR"},{"@type":"Organization","@id":"https:\/\/www.lojamelhordosul.com.br\/site\/#organization","name":"Loja Melhor do Sul","url":"https:\/\/www.lojamelhordosul.com.br\/site\/","logo":{"@type":"ImageObject","inLanguage":"pt-BR","@id":"https:\/\/www.lojamelhordosul.com.br\/site\/#\/schema\/logo\/image\/","url":"https:\/\/www.lojamelhordosul.com.br\/site\/wp-content\/uploads\/2019\/10\/logo-longo-da-loja.png","contentUrl":"https:\/\/www.lojamelhordosul.com.br\/site\/wp-content\/uploads\/2019\/10\/logo-longo-da-loja.png","width":597,"height":114,"caption":"Loja Melhor do Sul"},"image":{"@id":"https:\/\/www.lojamelhordosul.com.br\/site\/#\/schema\/logo\/image\/"}}]}},"_links":{"self":[{"href":"https:\/\/www.lojamelhordosul.com.br\/site\/wp-json\/wp\/v2\/product\/9913","targetHints":{"allow":["GET"]}}],"collection":[{"href":"https:\/\/www.lojamelhordosul.com.br\/site\/wp-json\/wp\/v2\/product"}],"about":[{"href":"https:\/\/www.lojamelhordosul.com.br\/site\/wp-json\/wp\/v2\/types\/product"}],"replies":[{"embeddable":true,"href":"https:\/\/www.lojamelhordosul.com.br\/site\/wp-json\/wp\/v2\/comments?post=9913"}],"wp:featuredmedia":[{"embeddable":true,"href":"https:\/\/www.lojamelhordosul.com.br\/site\/wp-json\/wp\/v2\/media\/9916"}],"wp:attachment":[{"href":"https:\/\/www.lojamelhordosul.com.br\/site\/wp-json\/wp\/v2\/media?parent=9913"}],"wp:term":[{"taxonomy":"product_brand","embeddable":true,"href":"https:\/\/www.lojamelhordosul.com.br\/site\/wp-json\/wp\/v2\/product_brand?post=9913"},{"taxonomy":"product_cat","embeddable":true,"href":"https:\/\/www.lojamelhordosul.com.br\/site\/wp-json\/wp\/v2\/product_cat?post=9913"},{"taxonomy":"product_tag","embeddable":true,"href":"https:\/\/www.lojamelhordosul.com.br\/site\/wp-json\/wp\/v2\/product_tag?post=9913"}],"curies":[{"name":"wp","href":"https:\/\/api.w.org\/{rel}","templated":true}]}}